{"id":5509,"date":"2021-10-14T16:48:58","date_gmt":"2021-10-14T14:48:58","guid":{"rendered":"http:\/\/www.msab.com\/?post_type=product&#038;p=5509"},"modified":"2023-09-01T15:42:15","modified_gmt":"2023-09-01T13:42:15","slug":"xamn-viewer","status":"publish","type":"product","link":"https:\/\/www.msab.com\/it\/product\/analyze\/xamn-viewer\/","title":{"rendered":"XAMN &#8211; Viewer"},"content":{"rendered":"\n<section id=\"\" class=\"block product-hero  \">\n    <div class=\"bg-image\">\n        <div class=\"img\" style=\"background-image: url(https:\/\/www.msab.com\/wp-content\/uploads\/2021\/08\/XAMN_Hero_5.png);\"><\/div>\n    <\/div>\n    <div class=\"container\">\n\n        <div class=\"text-wrapper text-white text-center\">\n\n            <img decoding=\"async\" width=\"204\" height=\"133\" src=\"https:\/\/www.msab.com\/wp-content\/uploads\/2021\/08\/XAMN_Viewer_Logo_White.png\" class=\"product-logo\" alt=\"\" srcset=\"https:\/\/www.msab.com\/wp-content\/uploads\/2021\/08\/XAMN_Viewer_Logo_White.png 204w, https:\/\/www.msab.com\/wp-content\/uploads\/2021\/08\/XAMN_Viewer_Logo_White-33x22.png 33w, https:\/\/www.msab.com\/wp-content\/uploads\/2021\/08\/XAMN_Viewer_Logo_White-102x67.png 102w\" sizes=\"(max-width: 204px) 100vw, 204px\" \/>\n            <p class=\"intro\">Uno strumento di analisi gratuito e intuitivo<\/p>\n        <\/div><!--\/text-wrapper-->\n        <div class=\"breadcrumb-part dark\"><nav id=\"breadcrumbs\" class=\"bread-nav\"><span><span><a href=\"https:\/\/www.msab.com\/it\/\"><i class=\"fas fa-home\"><\/i><\/a><\/span><\/span><\/nav><\/div>    <\/div><!--\/container-->\n<\/section>\n\n\n\n<section id=\"\" class=\"block regular-content   pt-regular pb-regular bg-light-grey\">\n    <div class=\"container two-columns\">\n                    <div class=\"editor-content\">\n                <h2>Che cos\u2019\u00e8 XAMN Viewer?<\/h2>\n<p>XAMN Viewer \u00e8 uno strumento di analisi semplificato che pu\u00f2 essere scaricato e utilizzato gratuitamente. Pu\u00f2 essere distribuito a chiunque, all\u2019interno della vostra organizzazione, necessiti di uno strumento semplice per aprire, analizzare e\/o creare report sui dati ottenuti dai dispositivi mobili. Al pari di XAMN Spotlight, XAMN Viewer \u00e8 stato progettato per sezionare e scomporre grandi volumi di dati e consentire quindi agli utenti di trovare prove determinanti o informazioni riservate.<\/p>\n<p>XAMN Viewer \u00e8 un\u2019applicazione software che non richiede installazione e pu\u00f2 essere fornita insieme ai dati estratti a tutte le persone autorizzate, quali supervisori, investigatori, consulenti legali, agli amministratori giudiziari, personale giudiziario e ad altre figure, per consentire loro di accedere alle informazioni digitali trovate nei dispositivi mobili.<\/p>\n<p><a class=\"btn btn-primary\" href=\"#form-166456\">Contattate l\u2019ufficio vendite<\/a><\/p>\n            <\/div><!--\/.editor-content-->\n                            <div class=\"editor-content\">\n                <p><img decoding=\"async\" class=\"alignnone size-full wp-image-154715\" src=\"https:\/\/www.msab.com\/wp-content\/uploads\/2021\/09\/XAMN_Viewer_Screenshot.png\" alt=\"\" width=\"800\" srcset=\"https:\/\/www.msab.com\/wp-content\/uploads\/2021\/09\/XAMN_Viewer_Screenshot.png 800w, https:\/\/www.msab.com\/wp-content\/uploads\/2021\/09\/XAMN_Viewer_Screenshot-300x169.png 300w, https:\/\/www.msab.com\/wp-content\/uploads\/2021\/09\/XAMN_Viewer_Screenshot-768x432.png 768w, https:\/\/www.msab.com\/wp-content\/uploads\/2021\/09\/XAMN_Viewer_Screenshot-33x19.png 33w, https:\/\/www.msab.com\/wp-content\/uploads\/2021\/09\/XAMN_Viewer_Screenshot-102x57.png 102w, https:\/\/www.msab.com\/wp-content\/uploads\/2021\/09\/XAMN_Viewer_Screenshot-500x281.png 500w\" sizes=\"(max-width: 800px) 100vw, 800px\" \/><\/p>\n            <\/div><!--\/.editor-content-->\n            <\/div><!--\/.container-->\n<\/section><!--\/.regular-content-->\n\n\n<section id=\"\" class=\"block list-block bg-white \">\n    <div class=\"container\">\n\n                <div class=\"list-block__top-content editor-content left\">\n            <h2>Principali caratteristiche del prodotto<\/h2>\n        <\/div><!--\/.top-content-->\n                \n                <div class=\"list-block__row d-flex\">\n\n            \n            <div class=\"list-block__wrap\">\n                <div class=\"list-block__col editor-content\">\n\n                                        \n                                        <ul class=\"check-list orange\">\n\n                                                <li>Software gratuito che non necessita di installazione o licenza<\/li>\n                                                <li>Evidenziazione dei risultati ottenuti tramite una funzionalit\u00e0 completa di tagging<\/li>\n                        \n                    <\/ul><!--\/.check-list-->\n                                    <\/div><!--\/.list-block__col-->\n            <\/div><!--\/.list-block__wrap-->\n            \n            <div class=\"list-block__wrap\">\n                <div class=\"list-block__col editor-content\">\n\n                                        \n                                        <ul class=\"check-list orange\">\n\n                                                <li>Filtri per categoria di contenuti, testo, ora, dati cancellati e altro ancora<\/li>\n                                                <li>Esportazione dei risultati in PDF, XML, HTML, Word ed Excel<\/li>\n                        \n                    <\/ul><!--\/.check-list-->\n                                    <\/div><!--\/.list-block__col-->\n            <\/div><!--\/.list-block__wrap-->\n            \n        <\/div><!--\/.list-block__row-->\n        \n    <\/div><!--\/.container-->\n<\/section>\n\n\n    <style>\n                    #block_71fd098c636d69df79523e25df77476b {\n                background-image: url(https:\/\/www.msab.com\/wp-content\/uploads\/2021\/09\/L3A8898_EXT-copy-scaled.jpg);\n            }\n                            @media (max-width: 576px) {\n                #block_71fd098c636d69df79523e25df77476b {\n                    background-image: url(https:\/\/www.msab.com\/wp-content\/uploads\/2021\/09\/XAMN_Analyze_3_Ext_2021-scaled.jpg);\n                }\n            }\n            <\/style>\n\n<section id=\"block_71fd098c636d69df79523e25df77476b\" class=\"block cta-with-bg-img text-white left-layout \">\n    <div class=\"container\" id=\"getstarted\">\n                    <div class=\"text-wrapper\">\n                <h2><span style=\"color: #000000;\">Per iniziare<\/span><\/h2>\n<p><span style=\"color: #000000;\">Scaricate gratuitamente XAMN Viewer. Contattateci se siete interessati ad aggiornare la vostra licenza XAMN o desiderate ottenere ulteriori informazioni su altri prodotti.<\/span><\/p>\n<p><span style=\"color: #000000;\"><a class=\"btn btn-primary\" style=\"color: #000000;\" href=\"#form-166456\">Contattateci<\/a><br \/>\n<\/span><\/p>\n<p><span style=\"color: #000000;\"><a class=\"btn btn-outline\" style=\"color: #000000;\" href=\"https:\/\/www.msab.com\/download-xamn-viewer\/\">Scaricate XAMN<\/a><\/span><\/p>\n            <\/div>\n            <\/div><!--\/container-->\n<\/section>\n\n<section id=\"\" class=\"block image-text-with-bg bg-blue-gradient text-white \">\n\t<div class=\"container\">\n\t\t\t\t<div class=\"row\">\n\t\t\t<div class=\"col text-center\">\n                <img decoding=\"async\" width=\"1220\" height=\"500\" src=\"https:\/\/www.msab.com\/wp-content\/uploads\/2021\/08\/XRY_Spec_Table_IT.png\" class=\"attachment-container-size size-container-size\" alt=\"\" srcset=\"https:\/\/www.msab.com\/wp-content\/uploads\/2021\/08\/XRY_Spec_Table_IT.png 1220w, https:\/\/www.msab.com\/wp-content\/uploads\/2021\/08\/XRY_Spec_Table_IT-300x123.png 300w, https:\/\/www.msab.com\/wp-content\/uploads\/2021\/08\/XRY_Spec_Table_IT-1024x420.png 1024w, https:\/\/www.msab.com\/wp-content\/uploads\/2021\/08\/XRY_Spec_Table_IT-768x315.png 768w, https:\/\/www.msab.com\/wp-content\/uploads\/2021\/08\/XRY_Spec_Table_IT-33x14.png 33w, https:\/\/www.msab.com\/wp-content\/uploads\/2021\/08\/XRY_Spec_Table_IT-102x42.png 102w, https:\/\/www.msab.com\/wp-content\/uploads\/2021\/08\/XRY_Spec_Table_IT-500x205.png 500w\" sizes=\"(max-width: 1220px) 100vw, 1220px\" \/>\t\t\t<\/div>\n\t\t<\/div>\n\t\t\t\t<div class=\"row text-wrapper\">\n\t\t\t<div class=\"col-12 col-md-4 left-col\">\n\t\t\t\t\t\t\t<\/div>\n\t\t\t<div class=\"col-12 col-md-8 right-col\">\n\t\t\t\t<div class=\"row\">\n\t\t\t\t\t<div class=\"col\">\n\t\t\t\t\t\t\t\t\t\t\t<\/div>\n\t\t\t\t<\/div>\n\t\t\t\t\t\t\t<\/div>\n\t\t<\/div>\n\t<\/div>\n<\/section>\n\n\n\n    <style>\n                    #block_61435e923d04a {\n                background-image: url(https:\/\/www.msab.com\/wp-content\/uploads\/2021\/08\/Frontline_MSAB_Field_Phone_Extraction_BG-1.jpg);\n            }\n                    <\/style>\n\n<section id=\"block_61435e923d04a\" class=\"block cta-with-bg-img text-white left-layout bg-overlay \">\n    <div class=\"container\" id=\"\">\n                    <div class=\"text-wrapper\">\n                <h2>Richiedete un preventivo<\/h2>\n<p style=\"text-align: left;\">Contattateci per un preventivo o per farci sapere la vostra intenzione di valutare uno dei nostri prodotti.<\/p>\n<p style=\"text-align: left;\"><span style=\"color: #000000;\"><a class=\"btn btn-primary\" style=\"color: #000000;\" href=\"#form-166456\">Contattate l\u2019ufficio vendite<\/a><\/span><\/p>\n            <\/div>\n            <\/div><!--\/container-->\n<\/section>","protected":false},"excerpt":{"rendered":"","protected":false},"author":106,"featured_media":0,"parent":5519,"menu_order":0,"template":"","class_list":["post-5509","product","type-product","status-publish","hentry"],"acf":[],"yoast_head":"<!-- This site is optimized with the Yoast SEO Premium plugin v25.0 (Yoast SEO v27.4) - https:\/\/yoast.com\/product\/yoast-seo-premium-wordpress\/ -->\n<title>XAMN Viewer \u2014 Recupero ed estrazione di dati forensi | MSAB<\/title>\n<meta name=\"description\" content=\"XAMN Viewer \u00e8 uno strumento gratuito e facile. \u2713 Leader mondiale in forensica digitale per dispositivi mobili \u2713 Strumenti per estrarre, analizzare e gestire il recupero dati\" \/>\n<meta name=\"robots\" content=\"index, follow, max-snippet:-1, max-image-preview:large, max-video-preview:-1\" \/>\n<link rel=\"canonical\" href=\"https:\/\/www.msab.com\/it\/product\/analyze\/xamn-viewer\/\" \/>\n<meta property=\"og:locale\" content=\"it_IT\" \/>\n<meta property=\"og:type\" content=\"article\" \/>\n<meta property=\"og:title\" content=\"XAMN - Viewer\" \/>\n<meta property=\"og:description\" content=\"XAMN Viewer \u00e8 uno strumento gratuito e facile. \u2713 Leader mondiale in forensica digitale per dispositivi mobili \u2713 Strumenti per estrarre, analizzare e gestire il recupero dati\" \/>\n<meta property=\"og:url\" content=\"https:\/\/www.msab.com\/it\/product\/analyze\/xamn-viewer\/\" \/>\n<meta property=\"og:site_name\" content=\"MSAB\" \/>\n<meta property=\"article:publisher\" content=\"https:\/\/www.facebook.com\/microsystemation\" \/>\n<meta property=\"article:modified_time\" content=\"2023-09-01T13:42:15+00:00\" \/>\n<meta name=\"twitter:card\" content=\"summary_large_image\" \/>\n<meta name=\"twitter:site\" content=\"@MSAB_XRY\" \/>\n<script type=\"application\/ld+json\" class=\"yoast-schema-graph\">{\"@context\":\"https:\\\/\\\/schema.org\",\"@graph\":[{\"@type\":\"WebPage\",\"@id\":\"https:\\\/\\\/www.msab.com\\\/it\\\/product\\\/analyze\\\/xamn-viewer\\\/\",\"url\":\"https:\\\/\\\/www.msab.com\\\/it\\\/product\\\/analyze\\\/xamn-viewer\\\/\",\"name\":\"XAMN Viewer \u2014 Recupero ed estrazione di dati forensi | MSAB\",\"isPartOf\":{\"@id\":\"https:\\\/\\\/www.msab.com\\\/it\\\/#website\"},\"datePublished\":\"2021-10-14T14:48:58+00:00\",\"dateModified\":\"2023-09-01T13:42:15+00:00\",\"description\":\"XAMN Viewer \u00e8 uno strumento gratuito e facile. \u2713 Leader mondiale in forensica digitale per dispositivi mobili \u2713 Strumenti per estrarre, analizzare e gestire il recupero dati\",\"breadcrumb\":{\"@id\":\"https:\\\/\\\/www.msab.com\\\/it\\\/product\\\/analyze\\\/xamn-viewer\\\/#breadcrumb\"},\"inLanguage\":\"it-IT\",\"potentialAction\":[{\"@type\":\"ReadAction\",\"target\":[\"https:\\\/\\\/www.msab.com\\\/it\\\/product\\\/analyze\\\/xamn-viewer\\\/\"]}]},{\"@type\":\"BreadcrumbList\",\"@id\":\"https:\\\/\\\/www.msab.com\\\/it\\\/product\\\/analyze\\\/xamn-viewer\\\/#breadcrumb\",\"itemListElement\":[{\"@type\":\"ListItem\",\"position\":1,\"name\":\"\",\"item\":\"https:\\\/\\\/www.msab.com\\\/it\\\/\"},{\"@type\":\"ListItem\",\"position\":2,\"name\":\"MSAB Analyze &#8211; XAMN\",\"item\":\"https:\\\/\\\/www.msab.com\\\/it\\\/product\\\/analyze\\\/\"},{\"@type\":\"ListItem\",\"position\":3,\"name\":\"XAMN &#8211; Viewer\"}]},{\"@type\":\"WebSite\",\"@id\":\"https:\\\/\\\/www.msab.com\\\/it\\\/#website\",\"url\":\"https:\\\/\\\/www.msab.com\\\/it\\\/\",\"name\":\"MSAB\",\"description\":\"Trusted Partner in Digital Forensics\",\"publisher\":{\"@id\":\"https:\\\/\\\/www.msab.com\\\/it\\\/#organization\"},\"potentialAction\":[{\"@type\":\"SearchAction\",\"target\":{\"@type\":\"EntryPoint\",\"urlTemplate\":\"https:\\\/\\\/www.msab.com\\\/it\\\/?s={search_term_string}\"},\"query-input\":{\"@type\":\"PropertyValueSpecification\",\"valueRequired\":true,\"valueName\":\"search_term_string\"}}],\"inLanguage\":\"it-IT\"},{\"@type\":\"Organization\",\"@id\":\"https:\\\/\\\/www.msab.com\\\/it\\\/#organization\",\"name\":\"MSAB\",\"url\":\"https:\\\/\\\/www.msab.com\\\/it\\\/\",\"logo\":{\"@type\":\"ImageObject\",\"inLanguage\":\"it-IT\",\"@id\":\"https:\\\/\\\/www.msab.com\\\/it\\\/#\\\/schema\\\/logo\\\/image\\\/\",\"url\":\"https:\\\/\\\/www.msab.com\\\/wp-content\\\/uploads\\\/2023\\\/03\\\/MSAB-logo-Black-RGB.png\",\"contentUrl\":\"https:\\\/\\\/www.msab.com\\\/wp-content\\\/uploads\\\/2023\\\/03\\\/MSAB-logo-Black-RGB.png\",\"width\":1198,\"height\":353,\"caption\":\"MSAB\"},\"image\":{\"@id\":\"https:\\\/\\\/www.msab.com\\\/it\\\/#\\\/schema\\\/logo\\\/image\\\/\"},\"sameAs\":[\"https:\\\/\\\/www.facebook.com\\\/microsystemation\",\"https:\\\/\\\/x.com\\\/MSAB_XRY\",\"https:\\\/\\\/www.linkedin.com\\\/company\\\/micro-systemation\"]}]}<\/script>\n<!-- \/ Yoast SEO Premium plugin. -->","yoast_head_json":{"title":"XAMN Viewer \u2014 Recupero ed estrazione di dati forensi | MSAB","description":"XAMN Viewer \u00e8 uno strumento gratuito e facile. \u2713 Leader mondiale in forensica digitale per dispositivi mobili \u2713 Strumenti per estrarre, analizzare e gestire il recupero dati","robots":{"index":"index","follow":"follow","max-snippet":"max-snippet:-1","max-image-preview":"max-image-preview:large","max-video-preview":"max-video-preview:-1"},"canonical":"https:\/\/www.msab.com\/it\/product\/analyze\/xamn-viewer\/","og_locale":"it_IT","og_type":"article","og_title":"XAMN - Viewer","og_description":"XAMN Viewer \u00e8 uno strumento gratuito e facile. \u2713 Leader mondiale in forensica digitale per dispositivi mobili \u2713 Strumenti per estrarre, analizzare e gestire il recupero dati","og_url":"https:\/\/www.msab.com\/it\/product\/analyze\/xamn-viewer\/","og_site_name":"MSAB","article_publisher":"https:\/\/www.facebook.com\/microsystemation","article_modified_time":"2023-09-01T13:42:15+00:00","twitter_card":"summary_large_image","twitter_site":"@MSAB_XRY","schema":{"@context":"https:\/\/schema.org","@graph":[{"@type":"WebPage","@id":"https:\/\/www.msab.com\/it\/product\/analyze\/xamn-viewer\/","url":"https:\/\/www.msab.com\/it\/product\/analyze\/xamn-viewer\/","name":"XAMN Viewer \u2014 Recupero ed estrazione di dati forensi | MSAB","isPartOf":{"@id":"https:\/\/www.msab.com\/it\/#website"},"datePublished":"2021-10-14T14:48:58+00:00","dateModified":"2023-09-01T13:42:15+00:00","description":"XAMN Viewer \u00e8 uno strumento gratuito e facile. \u2713 Leader mondiale in forensica digitale per dispositivi mobili \u2713 Strumenti per estrarre, analizzare e gestire il recupero dati","breadcrumb":{"@id":"https:\/\/www.msab.com\/it\/product\/analyze\/xamn-viewer\/#breadcrumb"},"inLanguage":"it-IT","potentialAction":[{"@type":"ReadAction","target":["https:\/\/www.msab.com\/it\/product\/analyze\/xamn-viewer\/"]}]},{"@type":"BreadcrumbList","@id":"https:\/\/www.msab.com\/it\/product\/analyze\/xamn-viewer\/#breadcrumb","itemListElement":[{"@type":"ListItem","position":1,"name":"","item":"https:\/\/www.msab.com\/it\/"},{"@type":"ListItem","position":2,"name":"MSAB Analyze &#8211; XAMN","item":"https:\/\/www.msab.com\/it\/product\/analyze\/"},{"@type":"ListItem","position":3,"name":"XAMN &#8211; Viewer"}]},{"@type":"WebSite","@id":"https:\/\/www.msab.com\/it\/#website","url":"https:\/\/www.msab.com\/it\/","name":"MSAB","description":"Trusted Partner in Digital Forensics","publisher":{"@id":"https:\/\/www.msab.com\/it\/#organization"},"potentialAction":[{"@type":"SearchAction","target":{"@type":"EntryPoint","urlTemplate":"https:\/\/www.msab.com\/it\/?s={search_term_string}"},"query-input":{"@type":"PropertyValueSpecification","valueRequired":true,"valueName":"search_term_string"}}],"inLanguage":"it-IT"},{"@type":"Organization","@id":"https:\/\/www.msab.com\/it\/#organization","name":"MSAB","url":"https:\/\/www.msab.com\/it\/","logo":{"@type":"ImageObject","inLanguage":"it-IT","@id":"https:\/\/www.msab.com\/it\/#\/schema\/logo\/image\/","url":"https:\/\/www.msab.com\/wp-content\/uploads\/2023\/03\/MSAB-logo-Black-RGB.png","contentUrl":"https:\/\/www.msab.com\/wp-content\/uploads\/2023\/03\/MSAB-logo-Black-RGB.png","width":1198,"height":353,"caption":"MSAB"},"image":{"@id":"https:\/\/www.msab.com\/it\/#\/schema\/logo\/image\/"},"sameAs":["https:\/\/www.facebook.com\/microsystemation","https:\/\/x.com\/MSAB_XRY","https:\/\/www.linkedin.com\/company\/micro-systemation"]}]}},"_links":{"self":[{"href":"https:\/\/www.msab.com\/it\/wp-json\/wp\/v2\/product\/5509","targetHints":{"allow":["GET"]}}],"collection":[{"href":"https:\/\/www.msab.com\/it\/wp-json\/wp\/v2\/product"}],"about":[{"href":"https:\/\/www.msab.com\/it\/wp-json\/wp\/v2\/types\/product"}],"author":[{"embeddable":true,"href":"https:\/\/www.msab.com\/it\/wp-json\/wp\/v2\/users\/106"}],"up":[{"embeddable":true,"href":"https:\/\/www.msab.com\/it\/wp-json\/wp\/v2\/product\/5519"}],"wp:attachment":[{"href":"https:\/\/www.msab.com\/it\/wp-json\/wp\/v2\/media?parent=5509"}],"curies":[{"name":"wp","href":"https:\/\/api.w.org\/{rel}","templated":true}]}}