{"id":71955,"date":"2021-10-27T15:01:08","date_gmt":"2021-10-27T13:01:08","guid":{"rendered":"http:\/\/www.msab.com\/?page_id=71955"},"modified":"2021-10-27T15:01:11","modified_gmt":"2021-10-27T13:01:11","slug":"program-manager","status":"publish","type":"page","link":"https:\/\/www.msab.com\/it\/roles\/program-manager\/","title":{"rendered":"Program manager"},"content":{"rendered":"\n<section id=\"\" class=\"block regular-hero  has-bg-img ovarlay-dark\" style=\"background-image: url(https:\/\/www.msab.com\/wp-content\/uploads\/2021\/08\/contact-hero.jpg);\">\n    <div class=\"container\">\n\n        <div class=\"text-wrapper text-white\">\n            <h1 class=\"heading title\">Soluzioni di analisi forense dei dispositivi mobili per i program manager<\/h1>            \n                    <\/div><!--\/text-wrapper-->\n        <div class=\"breadcrumb-part dark\"><nav id=\"breadcrumbs\" class=\"bread-nav\"><span><span><a href=\"https:\/\/www.msab.com\/it\/\"><i class=\"fas fa-home\"><\/i><\/a><\/span><\/span><\/nav><\/div>    <\/div><!--\/container-->\n<\/section>\n\n\n\n\n<section id=\"\" class=\"block two-column-content bg-white \">\n    <div class=\"container\">\n        <div class=\"text-wrapper\">\n            <div class=\"row\">\n                                    <div class=\"col-12 col-md-6 col-lg-5\">\n                        <h2 class=\"heading h2\">Un clima collaborativo all&#8217;interno del team garantisce risultati nettamente migliori<\/h2>                    <\/div>\n                                                    <div class=\"col-12 col-md-6 col-lg-7\">\n                        <p>Affrontare le sfide poste dalle posizioni di leadership pu\u00f2 risultare difficile. Condurre indagini forensi richiede processi standardizzati e formalizzati che soddisfano i requisiti legali, professionali ed etici.<\/p>\n<p>Scegliere gli strumenti giusti aiuta a guidare un team collaborativo, mitigare i rischi associati alle procedure investigative e potenziare il personale sul campo, accelerando processi e operazioni.<\/p>\n<p>Per raggiungere questi obiettivi, \u00e8 necessaria una certa coerenza procedurale quando si utilizzano strumenti di analisi forense dei dispositivi mobili in luoghi diversi, al fine di ottimizzare le prestazioni del team, semplificare l&#8217;accesso ai report e garantire l&#8217;integrit\u00e0 delle prove digitali.<\/p>\n<p><strong>XEC \u00e8 il migliore strumento di gestione dei sistemi di analisi forense dei dispositivi digitali attualmente sul mercato.<\/strong><\/p>\n<p><a class=\"btn btn-primary\" href=\"https:\/\/www.msab.com\/request-a-quote\" target=\"_blank\" rel=\"noopener\">Provate subito<\/a><\/p>\n<p><a class=\"btn btn-outline\" href=\"https:\/\/www.msab.com\/product\/manage\/\" target=\"_blank\" rel=\"noopener\">Ulteriori informazioni su XEC<\/a><\/p>\n                    <\/div>\n                            <\/div><!--\/row-->\n        <\/div><!--\/text-wrapper-->\n    <\/div><!--\/container-->\n<\/section>\n\n\n<hr class=\"separator-line purple\">\n\n\n<section id=\"\" class=\"block list-block bg-light-grey \">\n    <div class=\"container\">\n\n                <div class=\"list-block__top-content editor-content left\">\n            <h2><span lang=\"EN-US\">Cinque motivi per scegliere XEC rispetto ad altri strumenti di analisi forense dei dispositivi digitali<br \/>\n<\/span><\/h2>\n        <\/div><!--\/.top-content-->\n                \n                <div class=\"list-block__row d-flex\">\n\n            \n            <div class=\"list-block__wrap\">\n                <div class=\"list-block__col editor-content\">\n\n                                        \n                                        <ul class=\"check-list blue2\">\n\n                                                <li>Consente la distribuzione dei dati tra utenti, sedi, dipartimenti e altre agenzie senza soluzione di continuit\u00e0<\/li>\n                                                <li>Permette di fornire assistenza remota e di aggiornare facilmente il software di analisi forense dei dispositivi mobili installato su pi\u00f9 computer da un unico punto di controllo centrale.\u00a0<\/li>\n                                                <li>Garantisce l&#8217;integrit\u00e0 e la corretta gestione delle prove digitali.<\/li>\n                                                <li>Semplifica l&#8217;accesso ai report e riduce i costi amministrativi generali.<\/li>\n                                                <li>Ottimizza le prestazioni del team, monitora gli obiettivi chiave e genera i report di cui avete bisogno.<\/li>\n                        \n                    <\/ul><!--\/.check-list-->\n                                    <\/div><!--\/.list-block__col-->\n            <\/div><!--\/.list-block__wrap-->\n            \n        <\/div><!--\/.list-block__row-->\n        \n    <\/div><!--\/.container-->\n<\/section>\n\n\n<section id=\"\" class=\"block two-cards bg-blue-gradient \">\n    <div class=\"container\">\n                <div class=\"top-text editor-content left text-white\">\n            <h2>Corsi di formazione essenziali per sviluppare le competenze del team<\/h2>\n<p>Un aspetto cruciale del vostro ruolo di leader \u00e8 saper individuare e favorire il potenziale di crescita dei membri del team. MSAB mette a disposizione opzioni di apprendimento flessibili per la formazione nella pratica forense per dispositivi mobili. I membri del team avranno la libert\u00e0 di scegliere come e quando frequentare i corsi di formazione.<\/p>\n        <\/div>\n                <div class=\"two-cards__row d-flex\">\n                        <div class=\"two-cards__card-wrap\">\n\n                <div class=\"two-cards__card\">\n                                        <div class=\"two-cards__card--image-wrap\">\n                        <img decoding=\"async\" width=\"1180\" height=\"570\" src=\"https:\/\/www.msab.com\/wp-content\/uploads\/2021\/08\/XRY_Video_Thumbnail-1.jpg\" class=\"attachment-full size-full\" alt=\"\" srcset=\"https:\/\/www.msab.com\/wp-content\/uploads\/2021\/08\/XRY_Video_Thumbnail-1.jpg 1180w, https:\/\/www.msab.com\/wp-content\/uploads\/2021\/08\/XRY_Video_Thumbnail-1-300x145.jpg 300w, https:\/\/www.msab.com\/wp-content\/uploads\/2021\/08\/XRY_Video_Thumbnail-1-1024x495.jpg 1024w, https:\/\/www.msab.com\/wp-content\/uploads\/2021\/08\/XRY_Video_Thumbnail-1-768x371.jpg 768w, https:\/\/www.msab.com\/wp-content\/uploads\/2021\/08\/XRY_Video_Thumbnail-1-33x16.jpg 33w, https:\/\/www.msab.com\/wp-content\/uploads\/2021\/08\/XRY_Video_Thumbnail-1-102x49.jpg 102w, https:\/\/www.msab.com\/wp-content\/uploads\/2021\/08\/XRY_Video_Thumbnail-1-500x242.jpg 500w\" sizes=\"(max-width: 1180px) 100vw, 1180px\" \/>                    <\/div><!--\/.two-cards__card--image-wrap-->\n                                        <div class=\"two-cards__card--content-wrap editor-content bg-white\">\n                                                <h4 class=\"two-cards__card--title\">Crediti di Formazione MSAB<\/h4>\n                                                <p class=\"two-cards__card--intro\">Se siete indecisi sui corsi da seguire, potete acquistare crediti prepagati da utilizzare per la formazione di MSAB. Valgono un anno e sono applicabili al corso di vostra scelta.\u00a0\r\n\r\nL&#8217;utilizzo dei Crediti di Formazione garantisce la massima flessibilit\u00e0 nella selezione dei corsi e non vincola a una singola opzione formativa.\r\n\r\nL&#8217;ammontare dei crediti pu\u00f2 essere applicato a tutti i corsi offerti da MSAB, in qualsiasi momento e per chiunque nella vostra organizzazione.\r\n<\/p>\n                                                <p class=\"two-cards__card--link\"><a href=\"https:\/\/www.msab.com\/training\/\" title=\"Learn more\"  >Learn more<\/a><\/p>\n                                            <\/div><!--\/.two-cards__card--content-wrap-->\n                <\/div><!--\/.two-cards__card-->\n\n            <\/div><!--\/.two-cards__card-wrap-->\n                        <div class=\"two-cards__card-wrap\">\n\n                <div class=\"two-cards__card\">\n                                        <div class=\"two-cards__card--image-wrap\">\n                        <img decoding=\"async\" width=\"1180\" height=\"570\" src=\"https:\/\/www.msab.com\/wp-content\/uploads\/2021\/08\/XRY_Video_Thumbnail-1.jpg\" class=\"attachment-full size-full\" alt=\"\" srcset=\"https:\/\/www.msab.com\/wp-content\/uploads\/2021\/08\/XRY_Video_Thumbnail-1.jpg 1180w, https:\/\/www.msab.com\/wp-content\/uploads\/2021\/08\/XRY_Video_Thumbnail-1-300x145.jpg 300w, https:\/\/www.msab.com\/wp-content\/uploads\/2021\/08\/XRY_Video_Thumbnail-1-1024x495.jpg 1024w, https:\/\/www.msab.com\/wp-content\/uploads\/2021\/08\/XRY_Video_Thumbnail-1-768x371.jpg 768w, https:\/\/www.msab.com\/wp-content\/uploads\/2021\/08\/XRY_Video_Thumbnail-1-33x16.jpg 33w, https:\/\/www.msab.com\/wp-content\/uploads\/2021\/08\/XRY_Video_Thumbnail-1-102x49.jpg 102w, https:\/\/www.msab.com\/wp-content\/uploads\/2021\/08\/XRY_Video_Thumbnail-1-500x242.jpg 500w\" sizes=\"(max-width: 1180px) 100vw, 1180px\" \/>                    <\/div><!--\/.two-cards__card--image-wrap-->\n                                        <div class=\"two-cards__card--content-wrap editor-content bg-white\">\n                                                <h4 class=\"two-cards__card--title\">Passaporto di Formazione MSAB<\/h4>\n                                                <p class=\"two-cards__card--intro\">Il Passaporto di Formazione MSAB vi permette di risparmiare e semplificare il processo di definizione del budget acquistando un intero anno di formazione per una persona a una tariffa forfettaria scontata,\r\n\u00a0\r\ncos\u00ec da garantire la scelta di qualsiasi corso MSAB ovunque e in ogni momento per 365 giorni.\r\n\u00a0\r\nGrazie a un&#8217;ampia selezione di corsi disponibili a livello globale, ricevere la formazione di cui avete bisogno non \u00e8 mai stato cos\u00ec facile. Il Passaporto di Formazione MSAB \u00e8 il modo pi\u00f9 semplice e conveniente per assicurare la formazione continua nella pratica forense per dispositivi mobili.\r\n<\/p>\n                                                <p class=\"two-cards__card--link\"><a href=\"https:\/\/www.msab.com\/training\/\" title=\"Learn more\"  >Learn more<\/a><\/p>\n                                            <\/div><!--\/.two-cards__card--content-wrap-->\n                <\/div><!--\/.two-cards__card-->\n\n            <\/div><!--\/.two-cards__card-wrap-->\n                    <\/div><!--\/.two-cards__row-->\n            <\/div><!--\/.container-->\n<\/section>\n\n\n<section id=\"\" class=\"block blockquote  regular bg-white\">\n    <div class=\"container narrow\">\n\n                <div class=\"quote-wrap\">\n            <blockquote>\n                Ho frequentato milioni di corsi negli ultimi anni, ma per la prima volta non vedevo l&#8217;ora di iniziare la lezione (per una settimana). Il corso \u00e8 ben strutturato e presentato, con informazioni ed esercitazioni pratiche di ottima qualit\u00e0,            <\/blockquote>\n                            <p class=\"after-text text-right\">Certificazione XRY e feedback del corso di livello intermedio<br \/>\r\n<\/p>\n                    <\/div><!--\/.quote-wrap-->\n        \n    <\/div><!--\/.container-->\n<\/section>\n\n<section id=\"\" class=\"block text-image-columns bg-light-grey \">\n    <div class=\"container\">\n        <div class=\"row img-right\">\n\n            <div class=\"text-col col-12 col-md-6 d-flex flex-wrap justify-content-center align-items-center\">\n\n                                <div class=\"editor-content\">\n                    <h2>Cosa aspettate a provare i nostri prodotti?<\/h2>\n<p>Risparmiate tempo e denaro e migliorate le abilit\u00e0 del team con MSAB. Insieme, possiamo sfruttare la potenza dell&#8217;analisi forense dei dispositivi mobili e assicurare il pieno controllo di tutte le operazioni. Affidatevi alle nostre soluzioni oggi stesso e incrementate immediatamente l&#8217;efficienza del team.<\/p>\n<p><a class=\"btn btn-primary\" href=\"https:\/\/www.msab.com\/contact\/\" target=\"_blank\" rel=\"noopener\">Contattateci<\/a><\/p>\n                <\/div><!--\/.editor-content-->\n                \n            <\/div><!--\/.text-col-->\n\n            <div class=\"img-col col-12 col-md-6 d-flex flex-wrap justify-content-center align-items-center\">\n                \n                                <div class=\"img-wrap grad\">\n                    <img decoding=\"async\" width=\"1658\" height=\"860\" src=\"https:\/\/www.msab.com\/wp-content\/uploads\/2021\/09\/career.jpeg\" class=\"attachment-full size-full\" alt=\"\" srcset=\"https:\/\/www.msab.com\/wp-content\/uploads\/2021\/09\/career.jpeg 1658w, https:\/\/www.msab.com\/wp-content\/uploads\/2021\/09\/career-300x156.jpeg 300w, https:\/\/www.msab.com\/wp-content\/uploads\/2021\/09\/career-1024x531.jpeg 1024w, https:\/\/www.msab.com\/wp-content\/uploads\/2021\/09\/career-768x398.jpeg 768w, https:\/\/www.msab.com\/wp-content\/uploads\/2021\/09\/career-1536x797.jpeg 1536w, https:\/\/www.msab.com\/wp-content\/uploads\/2021\/09\/career-33x17.jpeg 33w, https:\/\/www.msab.com\/wp-content\/uploads\/2021\/09\/career-102x53.jpeg 102w, https:\/\/www.msab.com\/wp-content\/uploads\/2021\/09\/career-1240x643.jpeg 1240w\" sizes=\"(max-width: 1658px) 100vw, 1658px\" \/>                <\/div><!--\/.img-wrap-->\n                \n            <\/div><!--\/.img-col-->\n\n        <\/div><!--\/.row-->\n    <\/div><!--\/.container-->\n<\/section>","protected":false},"excerpt":{"rendered":"","protected":false},"author":11,"featured_media":0,"parent":151799,"menu_order":0,"comment_status":"closed","ping_status":"closed","template":"","meta":{"_acf_changed":false,"footnotes":""},"class_list":["post-71955","page","type-page","status-publish","hentry"],"acf":[],"yoast_head":"<!-- This site is optimized with the Yoast SEO Premium plugin v25.0 (Yoast SEO v27.4) - https:\/\/yoast.com\/product\/yoast-seo-premium-wordpress\/ -->\n<title>Program manager - MSAB<\/title>\n<meta name=\"robots\" content=\"index, follow, max-snippet:-1, max-image-preview:large, max-video-preview:-1\" \/>\n<link rel=\"canonical\" href=\"https:\/\/www.msab.com\/it\/roles\/program-manager\/\" \/>\n<meta property=\"og:locale\" content=\"it_IT\" \/>\n<meta property=\"og:type\" content=\"article\" \/>\n<meta property=\"og:title\" content=\"Program manager\" \/>\n<meta property=\"og:url\" content=\"https:\/\/www.msab.com\/it\/roles\/program-manager\/\" \/>\n<meta property=\"og:site_name\" content=\"MSAB\" \/>\n<meta property=\"article:publisher\" content=\"https:\/\/www.facebook.com\/microsystemation\" \/>\n<meta property=\"article:modified_time\" content=\"2021-10-27T13:01:11+00:00\" \/>\n<meta name=\"twitter:card\" content=\"summary_large_image\" \/>\n<meta name=\"twitter:site\" content=\"@MSAB_XRY\" \/>\n<script type=\"application\/ld+json\" class=\"yoast-schema-graph\">{\"@context\":\"https:\\\/\\\/schema.org\",\"@graph\":[{\"@type\":\"WebPage\",\"@id\":\"https:\\\/\\\/www.msab.com\\\/it\\\/roles\\\/program-manager\\\/\",\"url\":\"https:\\\/\\\/www.msab.com\\\/it\\\/roles\\\/program-manager\\\/\",\"name\":\"Program manager - MSAB\",\"isPartOf\":{\"@id\":\"https:\\\/\\\/www.msab.com\\\/it\\\/#website\"},\"datePublished\":\"2021-10-27T13:01:08+00:00\",\"dateModified\":\"2021-10-27T13:01:11+00:00\",\"breadcrumb\":{\"@id\":\"https:\\\/\\\/www.msab.com\\\/it\\\/roles\\\/program-manager\\\/#breadcrumb\"},\"inLanguage\":\"it-IT\",\"potentialAction\":[{\"@type\":\"ReadAction\",\"target\":[\"https:\\\/\\\/www.msab.com\\\/it\\\/roles\\\/program-manager\\\/\"]}]},{\"@type\":\"BreadcrumbList\",\"@id\":\"https:\\\/\\\/www.msab.com\\\/it\\\/roles\\\/program-manager\\\/#breadcrumb\",\"itemListElement\":[{\"@type\":\"ListItem\",\"position\":1,\"name\":\"\",\"item\":\"https:\\\/\\\/www.msab.com\\\/it\\\/\"},{\"@type\":\"ListItem\",\"position\":2,\"name\":\"Roles\",\"item\":\"https:\\\/\\\/www.msab.com\\\/it\\\/roles\\\/\"},{\"@type\":\"ListItem\",\"position\":3,\"name\":\"Program manager\"}]},{\"@type\":\"WebSite\",\"@id\":\"https:\\\/\\\/www.msab.com\\\/it\\\/#website\",\"url\":\"https:\\\/\\\/www.msab.com\\\/it\\\/\",\"name\":\"MSAB\",\"description\":\"Trusted Partner in Digital Forensics\",\"publisher\":{\"@id\":\"https:\\\/\\\/www.msab.com\\\/it\\\/#organization\"},\"potentialAction\":[{\"@type\":\"SearchAction\",\"target\":{\"@type\":\"EntryPoint\",\"urlTemplate\":\"https:\\\/\\\/www.msab.com\\\/it\\\/?s={search_term_string}\"},\"query-input\":{\"@type\":\"PropertyValueSpecification\",\"valueRequired\":true,\"valueName\":\"search_term_string\"}}],\"inLanguage\":\"it-IT\"},{\"@type\":\"Organization\",\"@id\":\"https:\\\/\\\/www.msab.com\\\/it\\\/#organization\",\"name\":\"MSAB\",\"url\":\"https:\\\/\\\/www.msab.com\\\/it\\\/\",\"logo\":{\"@type\":\"ImageObject\",\"inLanguage\":\"it-IT\",\"@id\":\"https:\\\/\\\/www.msab.com\\\/it\\\/#\\\/schema\\\/logo\\\/image\\\/\",\"url\":\"https:\\\/\\\/www.msab.com\\\/wp-content\\\/uploads\\\/2023\\\/03\\\/MSAB-logo-Black-RGB.png\",\"contentUrl\":\"https:\\\/\\\/www.msab.com\\\/wp-content\\\/uploads\\\/2023\\\/03\\\/MSAB-logo-Black-RGB.png\",\"width\":1198,\"height\":353,\"caption\":\"MSAB\"},\"image\":{\"@id\":\"https:\\\/\\\/www.msab.com\\\/it\\\/#\\\/schema\\\/logo\\\/image\\\/\"},\"sameAs\":[\"https:\\\/\\\/www.facebook.com\\\/microsystemation\",\"https:\\\/\\\/x.com\\\/MSAB_XRY\",\"https:\\\/\\\/www.linkedin.com\\\/company\\\/micro-systemation\"]}]}<\/script>\n<!-- \/ Yoast SEO Premium plugin. -->","yoast_head_json":{"title":"Program manager - MSAB","robots":{"index":"index","follow":"follow","max-snippet":"max-snippet:-1","max-image-preview":"max-image-preview:large","max-video-preview":"max-video-preview:-1"},"canonical":"https:\/\/www.msab.com\/it\/roles\/program-manager\/","og_locale":"it_IT","og_type":"article","og_title":"Program manager","og_url":"https:\/\/www.msab.com\/it\/roles\/program-manager\/","og_site_name":"MSAB","article_publisher":"https:\/\/www.facebook.com\/microsystemation","article_modified_time":"2021-10-27T13:01:11+00:00","twitter_card":"summary_large_image","twitter_site":"@MSAB_XRY","schema":{"@context":"https:\/\/schema.org","@graph":[{"@type":"WebPage","@id":"https:\/\/www.msab.com\/it\/roles\/program-manager\/","url":"https:\/\/www.msab.com\/it\/roles\/program-manager\/","name":"Program manager - MSAB","isPartOf":{"@id":"https:\/\/www.msab.com\/it\/#website"},"datePublished":"2021-10-27T13:01:08+00:00","dateModified":"2021-10-27T13:01:11+00:00","breadcrumb":{"@id":"https:\/\/www.msab.com\/it\/roles\/program-manager\/#breadcrumb"},"inLanguage":"it-IT","potentialAction":[{"@type":"ReadAction","target":["https:\/\/www.msab.com\/it\/roles\/program-manager\/"]}]},{"@type":"BreadcrumbList","@id":"https:\/\/www.msab.com\/it\/roles\/program-manager\/#breadcrumb","itemListElement":[{"@type":"ListItem","position":1,"name":"","item":"https:\/\/www.msab.com\/it\/"},{"@type":"ListItem","position":2,"name":"Roles","item":"https:\/\/www.msab.com\/it\/roles\/"},{"@type":"ListItem","position":3,"name":"Program manager"}]},{"@type":"WebSite","@id":"https:\/\/www.msab.com\/it\/#website","url":"https:\/\/www.msab.com\/it\/","name":"MSAB","description":"Trusted Partner in Digital Forensics","publisher":{"@id":"https:\/\/www.msab.com\/it\/#organization"},"potentialAction":[{"@type":"SearchAction","target":{"@type":"EntryPoint","urlTemplate":"https:\/\/www.msab.com\/it\/?s={search_term_string}"},"query-input":{"@type":"PropertyValueSpecification","valueRequired":true,"valueName":"search_term_string"}}],"inLanguage":"it-IT"},{"@type":"Organization","@id":"https:\/\/www.msab.com\/it\/#organization","name":"MSAB","url":"https:\/\/www.msab.com\/it\/","logo":{"@type":"ImageObject","inLanguage":"it-IT","@id":"https:\/\/www.msab.com\/it\/#\/schema\/logo\/image\/","url":"https:\/\/www.msab.com\/wp-content\/uploads\/2023\/03\/MSAB-logo-Black-RGB.png","contentUrl":"https:\/\/www.msab.com\/wp-content\/uploads\/2023\/03\/MSAB-logo-Black-RGB.png","width":1198,"height":353,"caption":"MSAB"},"image":{"@id":"https:\/\/www.msab.com\/it\/#\/schema\/logo\/image\/"},"sameAs":["https:\/\/www.facebook.com\/microsystemation","https:\/\/x.com\/MSAB_XRY","https:\/\/www.linkedin.com\/company\/micro-systemation"]}]}},"_links":{"self":[{"href":"https:\/\/www.msab.com\/it\/wp-json\/wp\/v2\/pages\/71955","targetHints":{"allow":["GET"]}}],"collection":[{"href":"https:\/\/www.msab.com\/it\/wp-json\/wp\/v2\/pages"}],"about":[{"href":"https:\/\/www.msab.com\/it\/wp-json\/wp\/v2\/types\/page"}],"author":[{"embeddable":true,"href":"https:\/\/www.msab.com\/it\/wp-json\/wp\/v2\/users\/11"}],"replies":[{"embeddable":true,"href":"https:\/\/www.msab.com\/it\/wp-json\/wp\/v2\/comments?post=71955"}],"version-history":[{"count":0,"href":"https:\/\/www.msab.com\/it\/wp-json\/wp\/v2\/pages\/71955\/revisions"}],"up":[{"embeddable":true,"href":"https:\/\/www.msab.com\/it\/wp-json\/wp\/v2\/pages\/151799"}],"wp:attachment":[{"href":"https:\/\/www.msab.com\/it\/wp-json\/wp\/v2\/media?parent=71955"}],"curies":[{"name":"wp","href":"https:\/\/api.w.org\/{rel}","templated":true}]}}