{"id":71948,"date":"2021-10-27T14:52:08","date_gmt":"2021-10-27T12:52:08","guid":{"rendered":"http:\/\/www.msab.com\/?page_id=71948"},"modified":"2022-06-08T11:02:00","modified_gmt":"2022-06-08T09:02:00","slug":"manager-di-alto-livello","status":"publish","type":"page","link":"https:\/\/www.msab.com\/it\/roles\/manager-di-alto-livello\/","title":{"rendered":"Manager di alto livello"},"content":{"rendered":"\n<section id=\"\" class=\"block regular-hero  has-bg-img ovarlay-dark\" style=\"background-image: url(https:\/\/www.msab.com\/wp-content\/uploads\/2021\/10\/High_Level_Manager.jpg);\">\n    <div class=\"container\">\n\n        <div class=\"text-wrapper text-white\">\n            <h1 class=\"heading title\">Soluzioni di analisi forense dei dispositivi mobili per manager di alto livello<\/h1>            \n                    <\/div><!--\/text-wrapper-->\n        <div class=\"breadcrumb-part dark\"><nav id=\"breadcrumbs\" class=\"bread-nav\"><span><span><a href=\"https:\/\/www.msab.com\/it\/\"><i class=\"fas fa-home\"><\/i><\/a><\/span><\/span><\/nav><\/div>    <\/div><!--\/container-->\n<\/section>\n\n\n\n\n<section id=\"\" class=\"block two-column-content bg-white \">\n    <div class=\"container\">\n        <div class=\"text-wrapper\">\n            <div class=\"row\">\n                                    <div class=\"col-12 col-md-6 col-lg-5\">\n                        <h2 class=\"heading h2\">Gestite il vostro team di analisi forense dei dispositivi digitali da un punto di controllo centrale<\/h2>                    <\/div>\n                                                    <div class=\"col-12 col-md-6 col-lg-7\">\n                        <p>Se siete responsabili di un team, di un&#8217;agenzia o di un&#8217;organizzazione che si occupa di analisi forense dei dispositivi mobili, conoscete gi\u00e0 le sfide: \u00e8 necessario portare a termine il lavoro, essere efficienti, agire con rapidit\u00e0, rispettare gli standard e garantire l&#8217;integrit\u00e0 forense delle prove digitali.<\/p>\n<p>MSAB vi aiuta ad acquisire informazioni accurate su prestazioni e capacit\u00e0 del team, a velocizzare le operazioni di analisi forense dei dispositivi digitali e a migliorare la produttivit\u00e0.<\/p>\n<p>Come dimostrano i notevoli risultati conseguiti, l&#8217;ecosistema MSAB di strumenti per l&#8217;analisi forense di dispositivi mobili consente di aumentare l&#8217;efficienza, potenziare le prestazioni e ridurre i costi operativi. L&#8217;approccio scalabile e olistico dell&#8217;ecosistema offre ai manager di alto livello il pieno controllo e la capacit\u00e0 di monitorare le prestazioni. Una soluzione collegata in rete che utilizza il nostro software di gestione XEC facilita la collaborazione e la condivisione dei dati, l&#8217;aggiornamento delle applicazioni alle nuove versioni del software e l&#8217;implementazione di nuove policy e standard.<\/p>\n<p class=\"intro\">Grazie a MSAB, tutto questo \u00e8 realt\u00e0.<\/p>\n<p><a class=\"btn btn-primary\" href=\"#form-152236\">Inizia<\/a><\/p>\n<p><a class=\"btn btn-outline\" href=\"https:\/\/www.msab.com\/products\/\" target=\"_blank\" rel=\"noopener\">Ulteriori informazioni sull&#8217;ecosistema di soluzioni per l&#8217;analisi forense dei dispositivi mobili <\/a><\/p>\n                    <\/div>\n                            <\/div><!--\/row-->\n        <\/div><!--\/text-wrapper-->\n    <\/div><!--\/container-->\n<\/section>\n\n\n<section id=\"\" class=\"block list-block bg-light-grey \">\n    <div class=\"container\">\n\n                <div class=\"list-block__top-content editor-content left\">\n            <h2><span lang=\"EN-US\">Sette motivi per scegliere XEC rispetto ad altri strumenti di analisi forense dei dispositivi digitali<\/span><\/h2>\n        <\/div><!--\/.top-content-->\n                \n                <div class=\"list-block__row d-flex\">\n\n            \n            <div class=\"list-block__wrap\">\n                <div class=\"list-block__col editor-content\">\n\n                                        \n                                        <ul class=\"check-list purple\">\n\n                                                <li>Consente la distribuzione dei dati tra utenti, sedi, dipartimenti e altre agenzie senza soluzione di continuit\u00e0.<\/li>\n                                                <li>Garantisce l&#8217;integrit\u00e0 e la corretta gestione delle prove digitali.<\/li>\n                                                <li>Velocizza l&#8217;accesso ai dati e riduce i costi amministrativi generali.<\/li>\n                                                <li>Offre la certezza di una rete e di comunicazioni sicure dal punto di vista IT.<\/li>\n                        \n                    <\/ul><!--\/.check-list-->\n                                    <\/div><!--\/.list-block__col-->\n            <\/div><!--\/.list-block__wrap-->\n            \n            <div class=\"list-block__wrap\">\n                <div class=\"list-block__col editor-content\">\n\n                                        \n                                        <ul class=\"check-list purple\">\n\n                                                <li>Permette di fornire assistenza remota e di aggiornare facilmente il software di analisi forense dei dispositivi mobili installato su pi\u00f9 computer da un unico punto di controllo centrale. <\/li>\n                                                <li>Semplifica i processi e facilita l&#8217;applicazione delle policy.<\/li>\n                                                <li>Ottimizza le prestazioni del team, monitora gli obiettivi chiave e genera i report di cui avete bisogno.<\/li>\n                        \n                    <\/ul><!--\/.check-list-->\n                                    <\/div><!--\/.list-block__col-->\n            <\/div><!--\/.list-block__wrap-->\n            \n        <\/div><!--\/.list-block__row-->\n        \n    <\/div><!--\/.container-->\n<\/section>\n\n\n<section id=\"\" class=\"block product-cards bg-white \">\n    <div class=\"container\">\n\n         \n        <div class=\"title-wrap\">\n            <h2 style=\"text-align: left;\">Come ottenere il massimo dalle nostre soluzioni complete per l&#8217;analisi forense dei dispositivi mobili<\/h2>\n        <\/div><!--\/.title-wrap-->\n                \n                <div class=\"product-cards__container d-flex flex-wrap\">\n\n                        <div class=\"product-cards__wrap\">\n                <div class=\"product-cards__card d-flex flex-wrap flex-column bg-img text-white\">\n                                                <div class=\"product-cards__card-img-wrapper\">\n                                <img decoding=\"async\" width=\"1280\" height=\"720\" src=\"https:\/\/www.msab.com\/wp-content\/uploads\/2021\/10\/XEC_Sheet.png\" class=\"product-cards__card-img\" alt=\"\" srcset=\"https:\/\/www.msab.com\/wp-content\/uploads\/2021\/10\/XEC_Sheet.png 1280w, https:\/\/www.msab.com\/wp-content\/uploads\/2021\/10\/XEC_Sheet-300x169.png 300w, https:\/\/www.msab.com\/wp-content\/uploads\/2021\/10\/XEC_Sheet-1024x576.png 1024w, https:\/\/www.msab.com\/wp-content\/uploads\/2021\/10\/XEC_Sheet-768x432.png 768w, https:\/\/www.msab.com\/wp-content\/uploads\/2021\/10\/XEC_Sheet-33x19.png 33w, https:\/\/www.msab.com\/wp-content\/uploads\/2021\/10\/XEC_Sheet-102x57.png 102w, https:\/\/www.msab.com\/wp-content\/uploads\/2021\/10\/XEC_Sheet-1240x698.png 1240w, https:\/\/www.msab.com\/wp-content\/uploads\/2021\/10\/XEC_Sheet-500x281.png 500w\" sizes=\"(max-width: 1280px) 100vw, 1280px\" \/>                            <\/div>\n                                                <div class=\"product-cards__content-wrapper\">\n                        <h3 class=\"bold\">Scheda prodotto<\/h3><p>Assumete il controllo delle operazioni di analisi forense dei dispositivi mobili e connettete tutti i vostri strumenti di estrazione MSAB in un&#8217;unica rete.<\/p><a class=\"btn btn-outline-yellow\" href=\"https:\/\/www.msab.com\/xec_director_it\/\" title=\"Scheda prodotto\" >Scheda prodotto<\/a>                        <\/div>\n                <\/div><!--\/.card-->\n            <\/div><!--\/.card-wrap-->\n                        <div class=\"product-cards__wrap\">\n                <div class=\"product-cards__card d-flex flex-wrap flex-column bg-img text-white\">\n                                                <div class=\"product-cards__card-img-wrapper\">\n                                <img decoding=\"async\" width=\"800\" height=\"587\" src=\"https:\/\/www.msab.com\/wp-content\/uploads\/2022\/03\/MSAB_Ecosystem_Illustration_2022.jpg\" class=\"product-cards__card-img\" alt=\"\" srcset=\"https:\/\/www.msab.com\/wp-content\/uploads\/2022\/03\/MSAB_Ecosystem_Illustration_2022.jpg 800w, https:\/\/www.msab.com\/wp-content\/uploads\/2022\/03\/MSAB_Ecosystem_Illustration_2022-300x220.jpg 300w, https:\/\/www.msab.com\/wp-content\/uploads\/2022\/03\/MSAB_Ecosystem_Illustration_2022-768x564.jpg 768w, https:\/\/www.msab.com\/wp-content\/uploads\/2022\/03\/MSAB_Ecosystem_Illustration_2022-33x24.jpg 33w, https:\/\/www.msab.com\/wp-content\/uploads\/2022\/03\/MSAB_Ecosystem_Illustration_2022-102x75.jpg 102w, https:\/\/www.msab.com\/wp-content\/uploads\/2022\/03\/MSAB_Ecosystem_Illustration_2022-500x367.jpg 500w\" sizes=\"(max-width: 800px) 100vw, 800px\" \/>                            <\/div>\n                                                <div class=\"product-cards__content-wrapper\">\n                        <h3 class=\"bold\">Ulteriori informazioni<\/h3><p>Come ottenere il massimo dall&#8217;ecosistema MSAB per potenziare la vostra organizzazione e condurre indagini digitali pi\u00f9 efficienti.<\/p><a class=\"btn btn-outline-yellow\" href=\"https:\/\/www.msab.com\/it\/products\/\" title=\"Ulteriori informazioni\" >Ulteriori informazioni<\/a>                        <\/div>\n                <\/div><!--\/.card-->\n            <\/div><!--\/.card-wrap-->\n                        <div class=\"product-cards__wrap\">\n                <div class=\"product-cards__card d-flex flex-wrap flex-column bg-img text-white\">\n                                                <div class=\"product-cards__card-img-wrapper\">\n                                <img decoding=\"async\" width=\"825\" height=\"550\" src=\"https:\/\/www.msab.com\/wp-content\/uploads\/2021\/10\/MSAB_Training_James_2.jpg\" class=\"product-cards__card-img\" alt=\"\" srcset=\"https:\/\/www.msab.com\/wp-content\/uploads\/2021\/10\/MSAB_Training_James_2.jpg 825w, https:\/\/www.msab.com\/wp-content\/uploads\/2021\/10\/MSAB_Training_James_2-300x200.jpg 300w, https:\/\/www.msab.com\/wp-content\/uploads\/2021\/10\/MSAB_Training_James_2-768x512.jpg 768w, https:\/\/www.msab.com\/wp-content\/uploads\/2021\/10\/MSAB_Training_James_2-33x22.jpg 33w, https:\/\/www.msab.com\/wp-content\/uploads\/2021\/10\/MSAB_Training_James_2-102x68.jpg 102w, https:\/\/www.msab.com\/wp-content\/uploads\/2021\/10\/MSAB_Training_James_2-500x333.jpg 500w\" sizes=\"(max-width: 825px) 100vw, 825px\" \/>                            <\/div>\n                                                <div class=\"product-cards__content-wrapper\">\n                        <h3 class=\"bold\">Contattate l&#8217;ufficio vendite<\/h3><p>Risparmiate tempo e denaro e aumentate la percentuale di individuazione delle prove grazie ai servizi Professional Services di MSAB. Sfruttiamo insieme la potenza dell&#8217;analisi forense di dispositivi mobili.<\/p><a class=\"btn btn-outline-yellow\" href=\"#form-152236\" title=\"Contattate l&#039;ufficio vendite\" >Contattate l&#8217;ufficio vendite<\/a>                        <\/div>\n                <\/div><!--\/.card-->\n            <\/div><!--\/.card-wrap-->\n                        \n        <\/div><!--\/.card-container-->\n\n                    <\/div><!--\/.container-->\n<\/section>\n\n\n<section id=\"\" class=\"block blockquote  regular bg-light-grey\">\n    <div class=\"container narrow\">\n\n                <div class=\"quote-wrap\">\n            <blockquote>\n                L&#8217;installazione centralizzata di XEC ha portato enormi vantaggi in termini di tempo e di efficienza.            <\/blockquote>\n                            <p class=\"after-text text-right\">Simon Crawley <br \/>\r\n&#8211; Global Project Manager, MSAB \u2013 Ex funzionario della polizia metropolitana di Londra <br \/>\r\n<\/p>\n                    <\/div><!--\/.quote-wrap-->\n        \n    <\/div><!--\/.container-->\n<\/section>\n\n\n<section id=\"\" class=\"block two-cards bg-blue-gradient \">\n    <div class=\"container\">\n                <div class=\"top-text editor-content left text-white\">\n            <h2 style=\"text-align: left;\">Opzioni di apprendimento flessibili per la formazione nella pratica forense per dispositivi mobili.<\/h2>\n<p style=\"text-align: left;\"><a href=\"https:\/\/www.msab.com\/it\/formazione\/\" target=\"_blank\" rel=\"noopener\"><span lang=\"EN-US\">Scoprite altri dettagli sulla nostra efficace formazione online di alta qualit\u00e0 nella pratica forense per dispositivi mobili. <\/span><\/a><\/p>\n        <\/div>\n                <div class=\"two-cards__row d-flex\">\n                        <div class=\"two-cards__card-wrap\">\n\n                <div class=\"two-cards__card\">\n                                        <div class=\"two-cards__card--image-wrap\">\n                        <img decoding=\"async\" width=\"1200\" height=\"628\" src=\"https:\/\/www.msab.com\/wp-content\/uploads\/2021\/10\/Training_Credits.jpg\" class=\"attachment-full size-full\" alt=\"\" srcset=\"https:\/\/www.msab.com\/wp-content\/uploads\/2021\/10\/Training_Credits.jpg 1200w, https:\/\/www.msab.com\/wp-content\/uploads\/2021\/10\/Training_Credits-300x157.jpg 300w, https:\/\/www.msab.com\/wp-content\/uploads\/2021\/10\/Training_Credits-1024x536.jpg 1024w, https:\/\/www.msab.com\/wp-content\/uploads\/2021\/10\/Training_Credits-768x402.jpg 768w, https:\/\/www.msab.com\/wp-content\/uploads\/2021\/10\/Training_Credits-33x17.jpg 33w, https:\/\/www.msab.com\/wp-content\/uploads\/2021\/10\/Training_Credits-102x53.jpg 102w, https:\/\/www.msab.com\/wp-content\/uploads\/2021\/10\/Training_Credits-500x262.jpg 500w\" sizes=\"(max-width: 1200px) 100vw, 1200px\" \/>                    <\/div><!--\/.two-cards__card--image-wrap-->\n                                        <div class=\"two-cards__card--content-wrap editor-content bg-white\">\n                                                <h4 class=\"two-cards__card--title\">Crediti di Formazione MSAB<\/h4>\n                                                <p class=\"two-cards__card--intro\">Se siete indecisi sui corsi da seguire, potete acquistare crediti prepagati da utilizzare per la formazione di MSAB. Valgono un anno e sono applicabili al corso di vostra scelta.\u00a0\r\nL&#8217;utilizzo dei Crediti di Formazione garantisce la massima flessibilit\u00e0 nella selezione dei corsi e non vincola a una singola opzione formativa.\r\nL&#8217;ammontare dei crediti pu\u00f2 essere applicato a tutti i corsi offerti da MSAB, in qualsiasi momento e per chiunque nella vostra organizzazione.\r\n<\/p>\n                                                <p class=\"two-cards__card--link\"><a href=\"https:\/\/www.msab.com\/training\/\" title=\"Ulteriori informazioni\" target=\"_blank\" >Ulteriori informazioni<\/a><\/p>\n                                            <\/div><!--\/.two-cards__card--content-wrap-->\n                <\/div><!--\/.two-cards__card-->\n\n            <\/div><!--\/.two-cards__card-wrap-->\n                        <div class=\"two-cards__card-wrap\">\n\n                <div class=\"two-cards__card\">\n                                        <div class=\"two-cards__card--image-wrap\">\n                        <img decoding=\"async\" width=\"1200\" height=\"628\" src=\"https:\/\/www.msab.com\/wp-content\/uploads\/2021\/10\/MSAB_Training_Passport.png\" class=\"attachment-full size-full\" alt=\"\" srcset=\"https:\/\/www.msab.com\/wp-content\/uploads\/2021\/10\/MSAB_Training_Passport.png 1200w, https:\/\/www.msab.com\/wp-content\/uploads\/2021\/10\/MSAB_Training_Passport-300x157.png 300w, https:\/\/www.msab.com\/wp-content\/uploads\/2021\/10\/MSAB_Training_Passport-1024x536.png 1024w, https:\/\/www.msab.com\/wp-content\/uploads\/2021\/10\/MSAB_Training_Passport-768x402.png 768w, https:\/\/www.msab.com\/wp-content\/uploads\/2021\/10\/MSAB_Training_Passport-33x17.png 33w, https:\/\/www.msab.com\/wp-content\/uploads\/2021\/10\/MSAB_Training_Passport-102x53.png 102w, https:\/\/www.msab.com\/wp-content\/uploads\/2021\/10\/MSAB_Training_Passport-500x262.png 500w\" sizes=\"(max-width: 1200px) 100vw, 1200px\" \/>                    <\/div><!--\/.two-cards__card--image-wrap-->\n                                        <div class=\"two-cards__card--content-wrap editor-content bg-white\">\n                                                <h4 class=\"two-cards__card--title\">Passaporto di Formazione MSAB<\/h4>\n                                                <p class=\"two-cards__card--intro\">Il Passaporto di Formazione MSAB vi permette di risparmiare e semplificare il processo di definizione del budget acquistando un intero anno di formazione per una persona a una tariffa forfettaria scontata,\r\n\u00a0\r\ncos\u00ec da garantire la scelta di qualsiasi corso MSAB ovunque e in ogni momento per 365 giorni.\r\n\u00a0\r\nGrazie a un&#8217;ampia selezione di corsi disponibili a livello globale, ricevere la formazione di cui avete bisogno non \u00e8 mai stato cos\u00ec facile. Il Passaporto di Formazione MSAB \u00e8 il modo pi\u00f9 semplice e conveniente per assicurare la formazione continua nella pratica forense per dispositivi mobili.\r\n<\/p>\n                                                <p class=\"two-cards__card--link\"><a href=\"https:\/\/www.msab.com\/training\/\" title=\"Ulteriori informazioni\" target=\"_blank\" >Ulteriori informazioni<\/a><\/p>\n                                            <\/div><!--\/.two-cards__card--content-wrap-->\n                <\/div><!--\/.two-cards__card-->\n\n            <\/div><!--\/.two-cards__card-wrap-->\n                    <\/div><!--\/.two-cards__row-->\n            <\/div><!--\/.container-->\n<\/section>","protected":false},"excerpt":{"rendered":"","protected":false},"author":11,"featured_media":0,"parent":151799,"menu_order":0,"comment_status":"closed","ping_status":"closed","template":"","meta":{"_acf_changed":false,"footnotes":""},"class_list":["post-71948","page","type-page","status-publish","hentry"],"acf":[],"yoast_head":"<!-- This site is optimized with the Yoast SEO Premium plugin v25.0 (Yoast SEO v27.5) - https:\/\/yoast.com\/product\/yoast-seo-premium-wordpress\/ -->\n<title>Manager di alto livello - MSAB<\/title>\n<meta name=\"robots\" content=\"index, follow, max-snippet:-1, max-image-preview:large, max-video-preview:-1\" \/>\n<link rel=\"canonical\" href=\"https:\/\/www.msab.com\/it\/roles\/manager-di-alto-livello\/\" \/>\n<meta property=\"og:locale\" content=\"it_IT\" \/>\n<meta property=\"og:type\" content=\"article\" \/>\n<meta property=\"og:title\" content=\"Manager di alto livello\" \/>\n<meta property=\"og:url\" content=\"https:\/\/www.msab.com\/it\/roles\/manager-di-alto-livello\/\" \/>\n<meta property=\"og:site_name\" content=\"MSAB\" \/>\n<meta property=\"article:publisher\" content=\"https:\/\/www.facebook.com\/microsystemation\" \/>\n<meta property=\"article:modified_time\" content=\"2022-06-08T09:02:00+00:00\" \/>\n<meta name=\"twitter:card\" content=\"summary_large_image\" \/>\n<meta name=\"twitter:site\" content=\"@MSAB_XRY\" \/>\n<script type=\"application\/ld+json\" class=\"yoast-schema-graph\">{\"@context\":\"https:\\\/\\\/schema.org\",\"@graph\":[{\"@type\":\"WebPage\",\"@id\":\"https:\\\/\\\/www.msab.com\\\/it\\\/roles\\\/manager-di-alto-livello\\\/\",\"url\":\"https:\\\/\\\/www.msab.com\\\/it\\\/roles\\\/manager-di-alto-livello\\\/\",\"name\":\"Manager di alto livello - MSAB\",\"isPartOf\":{\"@id\":\"https:\\\/\\\/www.msab.com\\\/it\\\/#website\"},\"datePublished\":\"2021-10-27T12:52:08+00:00\",\"dateModified\":\"2022-06-08T09:02:00+00:00\",\"breadcrumb\":{\"@id\":\"https:\\\/\\\/www.msab.com\\\/it\\\/roles\\\/manager-di-alto-livello\\\/#breadcrumb\"},\"inLanguage\":\"it-IT\",\"potentialAction\":[{\"@type\":\"ReadAction\",\"target\":[\"https:\\\/\\\/www.msab.com\\\/it\\\/roles\\\/manager-di-alto-livello\\\/\"]}]},{\"@type\":\"BreadcrumbList\",\"@id\":\"https:\\\/\\\/www.msab.com\\\/it\\\/roles\\\/manager-di-alto-livello\\\/#breadcrumb\",\"itemListElement\":[{\"@type\":\"ListItem\",\"position\":1,\"name\":\"\",\"item\":\"https:\\\/\\\/www.msab.com\\\/it\\\/\"},{\"@type\":\"ListItem\",\"position\":2,\"name\":\"Roles\",\"item\":\"https:\\\/\\\/www.msab.com\\\/it\\\/roles\\\/\"},{\"@type\":\"ListItem\",\"position\":3,\"name\":\"Manager di alto livello\"}]},{\"@type\":\"WebSite\",\"@id\":\"https:\\\/\\\/www.msab.com\\\/it\\\/#website\",\"url\":\"https:\\\/\\\/www.msab.com\\\/it\\\/\",\"name\":\"MSAB\",\"description\":\"Trusted Partner in Digital Forensics\",\"publisher\":{\"@id\":\"https:\\\/\\\/www.msab.com\\\/it\\\/#organization\"},\"potentialAction\":[{\"@type\":\"SearchAction\",\"target\":{\"@type\":\"EntryPoint\",\"urlTemplate\":\"https:\\\/\\\/www.msab.com\\\/it\\\/?s={search_term_string}\"},\"query-input\":{\"@type\":\"PropertyValueSpecification\",\"valueRequired\":true,\"valueName\":\"search_term_string\"}}],\"inLanguage\":\"it-IT\"},{\"@type\":\"Organization\",\"@id\":\"https:\\\/\\\/www.msab.com\\\/it\\\/#organization\",\"name\":\"MSAB\",\"url\":\"https:\\\/\\\/www.msab.com\\\/it\\\/\",\"logo\":{\"@type\":\"ImageObject\",\"inLanguage\":\"it-IT\",\"@id\":\"https:\\\/\\\/www.msab.com\\\/it\\\/#\\\/schema\\\/logo\\\/image\\\/\",\"url\":\"https:\\\/\\\/www.msab.com\\\/wp-content\\\/uploads\\\/2023\\\/03\\\/MSAB-logo-Black-RGB.png\",\"contentUrl\":\"https:\\\/\\\/www.msab.com\\\/wp-content\\\/uploads\\\/2023\\\/03\\\/MSAB-logo-Black-RGB.png\",\"width\":1198,\"height\":353,\"caption\":\"MSAB\"},\"image\":{\"@id\":\"https:\\\/\\\/www.msab.com\\\/it\\\/#\\\/schema\\\/logo\\\/image\\\/\"},\"sameAs\":[\"https:\\\/\\\/www.facebook.com\\\/microsystemation\",\"https:\\\/\\\/x.com\\\/MSAB_XRY\",\"https:\\\/\\\/www.linkedin.com\\\/company\\\/micro-systemation\"]}]}<\/script>\n<!-- \/ Yoast SEO Premium plugin. -->","yoast_head_json":{"title":"Manager di alto livello - MSAB","robots":{"index":"index","follow":"follow","max-snippet":"max-snippet:-1","max-image-preview":"max-image-preview:large","max-video-preview":"max-video-preview:-1"},"canonical":"https:\/\/www.msab.com\/it\/roles\/manager-di-alto-livello\/","og_locale":"it_IT","og_type":"article","og_title":"Manager di alto livello","og_url":"https:\/\/www.msab.com\/it\/roles\/manager-di-alto-livello\/","og_site_name":"MSAB","article_publisher":"https:\/\/www.facebook.com\/microsystemation","article_modified_time":"2022-06-08T09:02:00+00:00","twitter_card":"summary_large_image","twitter_site":"@MSAB_XRY","schema":{"@context":"https:\/\/schema.org","@graph":[{"@type":"WebPage","@id":"https:\/\/www.msab.com\/it\/roles\/manager-di-alto-livello\/","url":"https:\/\/www.msab.com\/it\/roles\/manager-di-alto-livello\/","name":"Manager di alto livello - MSAB","isPartOf":{"@id":"https:\/\/www.msab.com\/it\/#website"},"datePublished":"2021-10-27T12:52:08+00:00","dateModified":"2022-06-08T09:02:00+00:00","breadcrumb":{"@id":"https:\/\/www.msab.com\/it\/roles\/manager-di-alto-livello\/#breadcrumb"},"inLanguage":"it-IT","potentialAction":[{"@type":"ReadAction","target":["https:\/\/www.msab.com\/it\/roles\/manager-di-alto-livello\/"]}]},{"@type":"BreadcrumbList","@id":"https:\/\/www.msab.com\/it\/roles\/manager-di-alto-livello\/#breadcrumb","itemListElement":[{"@type":"ListItem","position":1,"name":"","item":"https:\/\/www.msab.com\/it\/"},{"@type":"ListItem","position":2,"name":"Roles","item":"https:\/\/www.msab.com\/it\/roles\/"},{"@type":"ListItem","position":3,"name":"Manager di alto livello"}]},{"@type":"WebSite","@id":"https:\/\/www.msab.com\/it\/#website","url":"https:\/\/www.msab.com\/it\/","name":"MSAB","description":"Trusted Partner in Digital Forensics","publisher":{"@id":"https:\/\/www.msab.com\/it\/#organization"},"potentialAction":[{"@type":"SearchAction","target":{"@type":"EntryPoint","urlTemplate":"https:\/\/www.msab.com\/it\/?s={search_term_string}"},"query-input":{"@type":"PropertyValueSpecification","valueRequired":true,"valueName":"search_term_string"}}],"inLanguage":"it-IT"},{"@type":"Organization","@id":"https:\/\/www.msab.com\/it\/#organization","name":"MSAB","url":"https:\/\/www.msab.com\/it\/","logo":{"@type":"ImageObject","inLanguage":"it-IT","@id":"https:\/\/www.msab.com\/it\/#\/schema\/logo\/image\/","url":"https:\/\/www.msab.com\/wp-content\/uploads\/2023\/03\/MSAB-logo-Black-RGB.png","contentUrl":"https:\/\/www.msab.com\/wp-content\/uploads\/2023\/03\/MSAB-logo-Black-RGB.png","width":1198,"height":353,"caption":"MSAB"},"image":{"@id":"https:\/\/www.msab.com\/it\/#\/schema\/logo\/image\/"},"sameAs":["https:\/\/www.facebook.com\/microsystemation","https:\/\/x.com\/MSAB_XRY","https:\/\/www.linkedin.com\/company\/micro-systemation"]}]}},"_links":{"self":[{"href":"https:\/\/www.msab.com\/it\/wp-json\/wp\/v2\/pages\/71948","targetHints":{"allow":["GET"]}}],"collection":[{"href":"https:\/\/www.msab.com\/it\/wp-json\/wp\/v2\/pages"}],"about":[{"href":"https:\/\/www.msab.com\/it\/wp-json\/wp\/v2\/types\/page"}],"author":[{"embeddable":true,"href":"https:\/\/www.msab.com\/it\/wp-json\/wp\/v2\/users\/11"}],"replies":[{"embeddable":true,"href":"https:\/\/www.msab.com\/it\/wp-json\/wp\/v2\/comments?post=71948"}],"version-history":[{"count":0,"href":"https:\/\/www.msab.com\/it\/wp-json\/wp\/v2\/pages\/71948\/revisions"}],"up":[{"embeddable":true,"href":"https:\/\/www.msab.com\/it\/wp-json\/wp\/v2\/pages\/151799"}],"wp:attachment":[{"href":"https:\/\/www.msab.com\/it\/wp-json\/wp\/v2\/media?parent=71948"}],"curies":[{"name":"wp","href":"https:\/\/api.w.org\/{rel}","templated":true}]}}