{"id":71934,"date":"2021-10-27T14:08:34","date_gmt":"2021-10-27T12:08:34","guid":{"rendered":"http:\/\/www.msab.com\/?page_id=71934"},"modified":"2022-12-14T11:29:35","modified_gmt":"2022-12-14T10:29:35","slug":"investigatori-digitali","status":"publish","type":"page","link":"https:\/\/www.msab.com\/it\/roles\/investigatori-digitali\/","title":{"rendered":"Investigatori Digitali"},"content":{"rendered":"\n<section id=\"\" class=\"block regular-hero  has-bg-img ovarlay-dark\" style=\"background-image: url(https:\/\/www.msab.com\/wp-content\/uploads\/2021\/08\/contact-hero.jpg);\">\n    <div class=\"container\">\n\n        <div class=\"text-wrapper text-white\">\n            <h1 class=\"heading title\">Soluzioni di analisi forense dei dispositivi mobili per gli investigatori digitali<\/h1>            \n                    <\/div><!--\/text-wrapper-->\n        <div class=\"breadcrumb-part dark\"><nav id=\"breadcrumbs\" class=\"bread-nav\"><span><span><a href=\"https:\/\/www.msab.com\/it\/\"><i class=\"fas fa-home\"><\/i><\/a><\/span><\/span><\/nav><\/div>    <\/div><!--\/container-->\n<\/section>\n\n\n\n\n<section id=\"\" class=\"block two-column-content bg-white \">\n    <div class=\"container\">\n        <div class=\"text-wrapper\">\n            <div class=\"row\">\n                                    <div class=\"col-12 col-md-6 col-lg-5\">\n                        <h2 class=\"heading h2\">Trovate e analizzate velocemente prove e informazioni cruciali<\/h2>                    <\/div>\n                                                    <div class=\"col-12 col-md-6 col-lg-7\">\n                        <p>Uno degli obiettivi comuni per investigatori e analisti forensi di dispositivi digitali \u00e8 quello di trovare prove, indizi e informazioni riservate il pi\u00f9 rapidamente possibile per restringere il campo di ricerca e risparmiare tempo in presenza di grandi quantit\u00e0 di dati memorizzati su uno o pi\u00f9 telefoni cellulari.<\/p>\n<p>Un elemento chiave per analizzare con successo un ampio volume di dati digitali durante le investigazioni \u00e8 comprendere come elaborare e contestualizzare tali dati, trovare le prove al loro interno e infine produrre un report completo.<\/p>\n<p>Per raggiungere questo obiettivo, servono sistemi di intelligenza analitica per cercare, filtrare, analizzare e trovare i dati rapidamente e su larga scala, incrociare i dati provenienti da pi\u00f9 dispositivi e individui sospetti e condividerli con i colleghi che stanno conducendo le indagini.<\/p>\n<p>XAMN \u00e8 il migliore strumento di analisi forense dei dispositivi digitali attualmente sul mercato.<\/p>\n<p><a class=\"btn btn-primary\" href=\"#form-152236\">Provate subito<\/a><\/p>\n<p><a class=\"btn btn-outline\" href=\"https:\/\/www.msab.com\/it\/product\/analyze\/\" target=\"_blank\" rel=\"noopener\">Ulteriori informazioni su XAMN<\/a><\/p>\n                    <\/div>\n                            <\/div><!--\/row-->\n        <\/div><!--\/text-wrapper-->\n    <\/div><!--\/container-->\n<\/section>\n\n\n<section id=\"\" class=\"block list-block bg-light-grey \">\n    <div class=\"container\">\n\n                <div class=\"list-block__top-content editor-content left\">\n            <h2>Cinque motivi per scegliere XAMN rispetto ad altri strumenti di analisi forense dei dispositivi mobili<\/h2>\n        <\/div><!--\/.top-content-->\n                \n                <div class=\"list-block__row d-flex\">\n\n            \n            <div class=\"list-block__wrap\">\n                <div class=\"list-block__col editor-content\">\n\n                                        \n                                        <ul class=\"check-list orange\">\n\n                                                <li>Analizza centinaia di gigabyte di dati in modo pi\u00f9 rapido ed efficace.<\/li>\n                                                <li>Configura e salva le ricerche personalizzate.<\/li>\n                                                <li>Consente di concentrare le indagini sui potenziali sospettati e creare un profilo completo utilizzando tutti i possibili identificatori disponibili.<\/li>\n                                                <li>Raccoglie i dati da decine di diverse fonti digitali e analogiche, compresi social media, cronologia delle chiamate e sistemi dei veicoli a motore.<\/li>\n                                                <li>Esporta indagini complete nei formati di report standard per le prove forensi digitali e in altri formati facilmente condivisibili.<\/li>\n                        \n                    <\/ul><!--\/.check-list-->\n                                    <\/div><!--\/.list-block__col-->\n            <\/div><!--\/.list-block__wrap-->\n            \n        <\/div><!--\/.list-block__row-->\n        \n    <\/div><!--\/.container-->\n<\/section>\n\n\n<section id=\"\" class=\"block product-cards bg-white \">\n    <div class=\"container\">\n\n         \n        <div class=\"title-wrap\">\n            <h2 style=\"text-align: center;\">Come ottenere il massimo da XAMN, la migliore soluzione di analisi forense dei dispositivi digitali<\/h2>\n        <\/div><!--\/.title-wrap-->\n                \n                <div class=\"product-cards__container d-flex flex-wrap\">\n\n                        <div class=\"product-cards__wrap\">\n                <div class=\"product-cards__card d-flex flex-wrap flex-column bg-img text-white\">\n                                                <div class=\"product-cards__card-img-wrapper\">\n                                <img decoding=\"async\" width=\"1280\" height=\"720\" src=\"https:\/\/www.msab.com\/wp-content\/uploads\/2021\/10\/XAMN_Sheet.png\" class=\"product-cards__card-img\" alt=\"\" srcset=\"https:\/\/www.msab.com\/wp-content\/uploads\/2021\/10\/XAMN_Sheet.png 1280w, https:\/\/www.msab.com\/wp-content\/uploads\/2021\/10\/XAMN_Sheet-300x169.png 300w, https:\/\/www.msab.com\/wp-content\/uploads\/2021\/10\/XAMN_Sheet-1024x576.png 1024w, https:\/\/www.msab.com\/wp-content\/uploads\/2021\/10\/XAMN_Sheet-768x432.png 768w, https:\/\/www.msab.com\/wp-content\/uploads\/2021\/10\/XAMN_Sheet-33x19.png 33w, https:\/\/www.msab.com\/wp-content\/uploads\/2021\/10\/XAMN_Sheet-102x57.png 102w, https:\/\/www.msab.com\/wp-content\/uploads\/2021\/10\/XAMN_Sheet-1240x698.png 1240w, https:\/\/www.msab.com\/wp-content\/uploads\/2021\/10\/XAMN_Sheet-500x281.png 500w\" sizes=\"(max-width: 1280px) 100vw, 1280px\" \/>                            <\/div>\n                                                <div class=\"product-cards__content-wrapper\">\n                        <h3 class=\"bold\">Scheda prodotto<\/h3><p>Eseguite in tutta semplicit\u00e0 ricerche e analisi approfondite dei dati ricavati dai dispositivi mobili per confermare il verdetto di condanna in tribunale.\r\n<\/p><a class=\"btn btn-outline-yellow\" href=\"https:\/\/www.msab.com\/it\/xamn_family_it\/\" title=\"Scheda prodotto\" >Scheda prodotto<\/a>                        <\/div>\n                <\/div><!--\/.card-->\n            <\/div><!--\/.card-wrap-->\n                        <div class=\"product-cards__wrap\">\n                <div class=\"product-cards__card d-flex flex-wrap flex-column bg-img text-white\">\n                                                <div class=\"product-cards__card-img-wrapper\">\n                                <img decoding=\"async\" width=\"825\" height=\"550\" src=\"https:\/\/www.msab.com\/wp-content\/uploads\/2021\/10\/MSAB_Training_James_2.jpg\" class=\"product-cards__card-img\" alt=\"\" srcset=\"https:\/\/www.msab.com\/wp-content\/uploads\/2021\/10\/MSAB_Training_James_2.jpg 825w, https:\/\/www.msab.com\/wp-content\/uploads\/2021\/10\/MSAB_Training_James_2-300x200.jpg 300w, https:\/\/www.msab.com\/wp-content\/uploads\/2021\/10\/MSAB_Training_James_2-768x512.jpg 768w, https:\/\/www.msab.com\/wp-content\/uploads\/2021\/10\/MSAB_Training_James_2-33x22.jpg 33w, https:\/\/www.msab.com\/wp-content\/uploads\/2021\/10\/MSAB_Training_James_2-102x68.jpg 102w, https:\/\/www.msab.com\/wp-content\/uploads\/2021\/10\/MSAB_Training_James_2-500x333.jpg 500w\" sizes=\"(max-width: 825px) 100vw, 825px\" \/>                            <\/div>\n                                                <div class=\"product-cards__content-wrapper\">\n                        <h3 class=\"bold\">Iscrivetevi subito<\/h3><p>Analizzate i dati dei dispositivi mobili in modo efficace e trovate rapidamente prove schiaccianti grazie ai nostri vantaggiosi corsi di formazione.<\/p><a class=\"btn btn-outline-yellow\" href=\"https:\/\/www.msab.com\/it\/formazione\/\" title=\"Iscrivetevi subito\" >Iscrivetevi subito<\/a>                        <\/div>\n                <\/div><!--\/.card-->\n            <\/div><!--\/.card-wrap-->\n                        <div class=\"product-cards__wrap\">\n                <div class=\"product-cards__card d-flex flex-wrap flex-column bg-img text-white\">\n                                                <div class=\"product-cards__card-img-wrapper\">\n                                <img decoding=\"async\" width=\"1280\" height=\"900\" src=\"https:\/\/www.msab.com\/wp-content\/uploads\/2021\/08\/Screenshot-XAMN-Horizon-Current-View.png\" class=\"product-cards__card-img\" alt=\"\" srcset=\"https:\/\/www.msab.com\/wp-content\/uploads\/2021\/08\/Screenshot-XAMN-Horizon-Current-View.png 1280w, https:\/\/www.msab.com\/wp-content\/uploads\/2021\/08\/Screenshot-XAMN-Horizon-Current-View-300x211.png 300w, https:\/\/www.msab.com\/wp-content\/uploads\/2021\/08\/Screenshot-XAMN-Horizon-Current-View-1024x720.png 1024w, https:\/\/www.msab.com\/wp-content\/uploads\/2021\/08\/Screenshot-XAMN-Horizon-Current-View-768x540.png 768w, https:\/\/www.msab.com\/wp-content\/uploads\/2021\/08\/Screenshot-XAMN-Horizon-Current-View-33x23.png 33w, https:\/\/www.msab.com\/wp-content\/uploads\/2021\/08\/Screenshot-XAMN-Horizon-Current-View-102x72.png 102w, https:\/\/www.msab.com\/wp-content\/uploads\/2021\/08\/Screenshot-XAMN-Horizon-Current-View-1240x872.png 1240w, https:\/\/www.msab.com\/wp-content\/uploads\/2021\/08\/Screenshot-XAMN-Horizon-Current-View-500x352.png 500w\" sizes=\"(max-width: 1280px) 100vw, 1280px\" \/>                            <\/div>\n                                                <div class=\"product-cards__content-wrapper\">\n                        <h3 class=\"bold\">Prova gratuita<\/h3><p>Iscriviti per di 30 giorni di prova gratuita di XAMN Pro.<\/p><a class=\"btn btn-outline-yellow\" href=\"#form-152247\" title=\"Prova gratuita\" >Contattate l&#8217;ufficio vendite<\/a>                        <\/div>\n                <\/div><!--\/.card-->\n            <\/div><!--\/.card-wrap-->\n                        \n        <\/div><!--\/.card-container-->\n\n                    <\/div><!--\/.container-->\n<\/section>\n\n\n<section id=\"\" class=\"block blockquote  regular bg-light-grey\">\n    <div class=\"container narrow\">\n\n                <div class=\"quote-wrap\">\n            <blockquote>\n                XAMN \u00e8 uno strumento molto efficace e facile da utilizzare, dotato di numerose funzionalit\u00e0. La possibilit\u00e0 di filtrare grandi quantit\u00e0 di dati in modo cos\u00ec preciso \u00e8 davvero utile.            <\/blockquote>\n                            <p class=\"after-text text-right\">Jade James, Bachelor of Science<br \/>\r\n&#8211; Dottoranda in sicurezza informatica e scienze forensi <br \/>\r\n<\/p>\n                    <\/div><!--\/.quote-wrap-->\n        \n    <\/div><!--\/.container-->\n<\/section>\n\n\n    <style>\n                    #block_6172a8d56ecc4 {\n                background-image: url(https:\/\/www.msab.com\/wp-content\/uploads\/2022\/10\/Training_Situation_Mobile_Forensics_Training_Blue.jpg);\n            }\n                            @media (max-width: 576px) {\n                #block_6172a8d56ecc4 {\n                    background-image: url(https:\/\/www.msab.com\/wp-content\/uploads\/2022\/10\/Training_Situation_Mobile_Forensics_Training_Blue.jpg);\n                }\n            }\n            <\/style>\n\n<section id=\"block_6172a8d56ecc4\" class=\"block cta-with-bg-img text-white left-layout \">\n    <div class=\"container\" id=\"\">\n                    <div class=\"text-wrapper\">\n                <h2>I migliori corsi di formazione nella pratica forense per dispositivi mobili<\/h2>\n<p>Apprendete tecniche all&#8217;avanguardia, ottenete nuove competenze e migliorate le vostre credenziali di professionisti grazie ai nostri corsi di formazione in analisi forense dei dispositivi mobili.<\/p>\n<p><a class=\"btn btn-primary\" style=\"color: #000000;\" href=\"https:\/\/www.msab.com\/training-overview\/\" target=\"_blank\" rel=\"noopener\">Corsi di recupero dati<\/a><\/p>\n<p><a class=\"btn btn-primary\" style=\"color: #000000;\" href=\"#\" target=\"_blank\" rel=\"noopener\"><strong>Corsi di analisi dei dati<\/strong><\/a><\/p>\n            <\/div>\n            <\/div><!--\/container-->\n<\/section>","protected":false},"excerpt":{"rendered":"","protected":false},"author":11,"featured_media":0,"parent":151799,"menu_order":0,"comment_status":"closed","ping_status":"closed","template":"","meta":{"_acf_changed":false,"footnotes":""},"class_list":["post-71934","page","type-page","status-publish","hentry"],"acf":[],"yoast_head":"<!-- This site is optimized with the Yoast SEO Premium plugin v25.0 (Yoast SEO v27.4) - https:\/\/yoast.com\/product\/yoast-seo-premium-wordpress\/ -->\n<title>Investigatori Digitali - MSAB<\/title>\n<meta name=\"robots\" content=\"index, follow, max-snippet:-1, max-image-preview:large, max-video-preview:-1\" \/>\n<link rel=\"canonical\" href=\"https:\/\/www.msab.com\/it\/roles\/investigatori-digitali\/\" \/>\n<meta property=\"og:locale\" content=\"it_IT\" \/>\n<meta property=\"og:type\" content=\"article\" \/>\n<meta property=\"og:title\" content=\"Investigatori Digitali\" \/>\n<meta property=\"og:url\" content=\"https:\/\/www.msab.com\/it\/roles\/investigatori-digitali\/\" \/>\n<meta property=\"og:site_name\" content=\"MSAB\" \/>\n<meta property=\"article:publisher\" content=\"https:\/\/www.facebook.com\/microsystemation\" \/>\n<meta property=\"article:modified_time\" content=\"2022-12-14T10:29:35+00:00\" \/>\n<meta name=\"twitter:card\" content=\"summary_large_image\" \/>\n<meta name=\"twitter:site\" content=\"@MSAB_XRY\" \/>\n<script type=\"application\/ld+json\" class=\"yoast-schema-graph\">{\"@context\":\"https:\\\/\\\/schema.org\",\"@graph\":[{\"@type\":\"WebPage\",\"@id\":\"https:\\\/\\\/www.msab.com\\\/it\\\/roles\\\/investigatori-digitali\\\/\",\"url\":\"https:\\\/\\\/www.msab.com\\\/it\\\/roles\\\/investigatori-digitali\\\/\",\"name\":\"Investigatori Digitali - MSAB\",\"isPartOf\":{\"@id\":\"https:\\\/\\\/www.msab.com\\\/it\\\/#website\"},\"datePublished\":\"2021-10-27T12:08:34+00:00\",\"dateModified\":\"2022-12-14T10:29:35+00:00\",\"breadcrumb\":{\"@id\":\"https:\\\/\\\/www.msab.com\\\/it\\\/roles\\\/investigatori-digitali\\\/#breadcrumb\"},\"inLanguage\":\"it-IT\",\"potentialAction\":[{\"@type\":\"ReadAction\",\"target\":[\"https:\\\/\\\/www.msab.com\\\/it\\\/roles\\\/investigatori-digitali\\\/\"]}]},{\"@type\":\"BreadcrumbList\",\"@id\":\"https:\\\/\\\/www.msab.com\\\/it\\\/roles\\\/investigatori-digitali\\\/#breadcrumb\",\"itemListElement\":[{\"@type\":\"ListItem\",\"position\":1,\"name\":\"\",\"item\":\"https:\\\/\\\/www.msab.com\\\/it\\\/\"},{\"@type\":\"ListItem\",\"position\":2,\"name\":\"Roles\",\"item\":\"https:\\\/\\\/www.msab.com\\\/it\\\/roles\\\/\"},{\"@type\":\"ListItem\",\"position\":3,\"name\":\"Investigatori Digitali\"}]},{\"@type\":\"WebSite\",\"@id\":\"https:\\\/\\\/www.msab.com\\\/it\\\/#website\",\"url\":\"https:\\\/\\\/www.msab.com\\\/it\\\/\",\"name\":\"MSAB\",\"description\":\"Trusted Partner in Digital Forensics\",\"publisher\":{\"@id\":\"https:\\\/\\\/www.msab.com\\\/it\\\/#organization\"},\"potentialAction\":[{\"@type\":\"SearchAction\",\"target\":{\"@type\":\"EntryPoint\",\"urlTemplate\":\"https:\\\/\\\/www.msab.com\\\/it\\\/?s={search_term_string}\"},\"query-input\":{\"@type\":\"PropertyValueSpecification\",\"valueRequired\":true,\"valueName\":\"search_term_string\"}}],\"inLanguage\":\"it-IT\"},{\"@type\":\"Organization\",\"@id\":\"https:\\\/\\\/www.msab.com\\\/it\\\/#organization\",\"name\":\"MSAB\",\"url\":\"https:\\\/\\\/www.msab.com\\\/it\\\/\",\"logo\":{\"@type\":\"ImageObject\",\"inLanguage\":\"it-IT\",\"@id\":\"https:\\\/\\\/www.msab.com\\\/it\\\/#\\\/schema\\\/logo\\\/image\\\/\",\"url\":\"https:\\\/\\\/www.msab.com\\\/wp-content\\\/uploads\\\/2023\\\/03\\\/MSAB-logo-Black-RGB.png\",\"contentUrl\":\"https:\\\/\\\/www.msab.com\\\/wp-content\\\/uploads\\\/2023\\\/03\\\/MSAB-logo-Black-RGB.png\",\"width\":1198,\"height\":353,\"caption\":\"MSAB\"},\"image\":{\"@id\":\"https:\\\/\\\/www.msab.com\\\/it\\\/#\\\/schema\\\/logo\\\/image\\\/\"},\"sameAs\":[\"https:\\\/\\\/www.facebook.com\\\/microsystemation\",\"https:\\\/\\\/x.com\\\/MSAB_XRY\",\"https:\\\/\\\/www.linkedin.com\\\/company\\\/micro-systemation\"]}]}<\/script>\n<!-- \/ Yoast SEO Premium plugin. -->","yoast_head_json":{"title":"Investigatori Digitali - MSAB","robots":{"index":"index","follow":"follow","max-snippet":"max-snippet:-1","max-image-preview":"max-image-preview:large","max-video-preview":"max-video-preview:-1"},"canonical":"https:\/\/www.msab.com\/it\/roles\/investigatori-digitali\/","og_locale":"it_IT","og_type":"article","og_title":"Investigatori Digitali","og_url":"https:\/\/www.msab.com\/it\/roles\/investigatori-digitali\/","og_site_name":"MSAB","article_publisher":"https:\/\/www.facebook.com\/microsystemation","article_modified_time":"2022-12-14T10:29:35+00:00","twitter_card":"summary_large_image","twitter_site":"@MSAB_XRY","schema":{"@context":"https:\/\/schema.org","@graph":[{"@type":"WebPage","@id":"https:\/\/www.msab.com\/it\/roles\/investigatori-digitali\/","url":"https:\/\/www.msab.com\/it\/roles\/investigatori-digitali\/","name":"Investigatori Digitali - MSAB","isPartOf":{"@id":"https:\/\/www.msab.com\/it\/#website"},"datePublished":"2021-10-27T12:08:34+00:00","dateModified":"2022-12-14T10:29:35+00:00","breadcrumb":{"@id":"https:\/\/www.msab.com\/it\/roles\/investigatori-digitali\/#breadcrumb"},"inLanguage":"it-IT","potentialAction":[{"@type":"ReadAction","target":["https:\/\/www.msab.com\/it\/roles\/investigatori-digitali\/"]}]},{"@type":"BreadcrumbList","@id":"https:\/\/www.msab.com\/it\/roles\/investigatori-digitali\/#breadcrumb","itemListElement":[{"@type":"ListItem","position":1,"name":"","item":"https:\/\/www.msab.com\/it\/"},{"@type":"ListItem","position":2,"name":"Roles","item":"https:\/\/www.msab.com\/it\/roles\/"},{"@type":"ListItem","position":3,"name":"Investigatori Digitali"}]},{"@type":"WebSite","@id":"https:\/\/www.msab.com\/it\/#website","url":"https:\/\/www.msab.com\/it\/","name":"MSAB","description":"Trusted Partner in Digital Forensics","publisher":{"@id":"https:\/\/www.msab.com\/it\/#organization"},"potentialAction":[{"@type":"SearchAction","target":{"@type":"EntryPoint","urlTemplate":"https:\/\/www.msab.com\/it\/?s={search_term_string}"},"query-input":{"@type":"PropertyValueSpecification","valueRequired":true,"valueName":"search_term_string"}}],"inLanguage":"it-IT"},{"@type":"Organization","@id":"https:\/\/www.msab.com\/it\/#organization","name":"MSAB","url":"https:\/\/www.msab.com\/it\/","logo":{"@type":"ImageObject","inLanguage":"it-IT","@id":"https:\/\/www.msab.com\/it\/#\/schema\/logo\/image\/","url":"https:\/\/www.msab.com\/wp-content\/uploads\/2023\/03\/MSAB-logo-Black-RGB.png","contentUrl":"https:\/\/www.msab.com\/wp-content\/uploads\/2023\/03\/MSAB-logo-Black-RGB.png","width":1198,"height":353,"caption":"MSAB"},"image":{"@id":"https:\/\/www.msab.com\/it\/#\/schema\/logo\/image\/"},"sameAs":["https:\/\/www.facebook.com\/microsystemation","https:\/\/x.com\/MSAB_XRY","https:\/\/www.linkedin.com\/company\/micro-systemation"]}]}},"_links":{"self":[{"href":"https:\/\/www.msab.com\/it\/wp-json\/wp\/v2\/pages\/71934","targetHints":{"allow":["GET"]}}],"collection":[{"href":"https:\/\/www.msab.com\/it\/wp-json\/wp\/v2\/pages"}],"about":[{"href":"https:\/\/www.msab.com\/it\/wp-json\/wp\/v2\/types\/page"}],"author":[{"embeddable":true,"href":"https:\/\/www.msab.com\/it\/wp-json\/wp\/v2\/users\/11"}],"replies":[{"embeddable":true,"href":"https:\/\/www.msab.com\/it\/wp-json\/wp\/v2\/comments?post=71934"}],"version-history":[{"count":3,"href":"https:\/\/www.msab.com\/it\/wp-json\/wp\/v2\/pages\/71934\/revisions"}],"predecessor-version":[{"id":174143,"href":"https:\/\/www.msab.com\/it\/wp-json\/wp\/v2\/pages\/71934\/revisions\/174143"}],"up":[{"embeddable":true,"href":"https:\/\/www.msab.com\/it\/wp-json\/wp\/v2\/pages\/151799"}],"wp:attachment":[{"href":"https:\/\/www.msab.com\/it\/wp-json\/wp\/v2\/media?parent=71934"}],"curies":[{"name":"wp","href":"https:\/\/api.w.org\/{rel}","templated":true}]}}