{"id":5614,"date":"2021-10-15T11:09:10","date_gmt":"2021-10-15T09:09:10","guid":{"rendered":"http:\/\/www.msab.com\/?page_id=5614"},"modified":"2021-10-19T09:02:42","modified_gmt":"2021-10-19T07:02:42","slug":"esistono-strumenti-di-analisi-forense-di-dispositivi-mobili-approvati-dai-tribunali","status":"publish","type":"page","link":"https:\/\/www.msab.com\/it\/esistono-strumenti-di-analisi-forense-di-dispositivi-mobili-approvati-dai-tribunali\/","title":{"rendered":"Esistono strumenti di analisi forense di dispositivi mobili \u201capprovati dai tribunali\u201d?"},"content":{"rendered":"\n<section id=\"\" class=\"block regular-hero  blue-gradient-bg \" >\n    <div class=\"container\">\n\n        <div class=\"text-wrapper text-white\">\n            <h1 class=\"heading title\">Esistono strumenti di analisi forense di dispositivi mobili \u201capprovati dai tribunali\u201d?<\/h1>            \n                    <\/div><!--\/text-wrapper-->\n        <div class=\"breadcrumb-part dark\"><nav id=\"breadcrumbs\" class=\"bread-nav\"><span><span><a href=\"https:\/\/www.msab.com\/it\/\"><i class=\"fas fa-home\"><\/i><\/a><\/span><\/span><\/nav><\/div>    <\/div><!--\/container-->\n<\/section>\n\n\n\n\n<section id=\"\" class=\"block regular-content   pt-regular pb-regular \">\n    <div class=\"container regular\">\n                    <div class=\"editor-content\">\n                <p>Non esiste un dispositivo di analisi forense di dispositivi mobili \u201capprovato dal tribunale\u201d, n\u00e9 una certificazione standard degli strumenti forensi applicabile ai diversi sistemi legali in vigore nel mondo. In generale, uno strumento forense deve dimostrare di essere adatto allo scopo in ogni nazione indipendente, stato o sistema giuridico locale in cui viene utilizzato. MSAB ha fornito pi\u00f9 di 21.000 versioni di XRY a organizzazioni clienti in oltre 100 nazioni. Migliaia di organizzazioni in tutto il mondo si affidano ai nostri strumenti per produrre prove da dispositivi mobili: le stesse forze dell\u2019ordine continuano a servirsene in innumerevoli occasioni dal 2003. Nelle cause giudiziarie, il dispositivo mobile rimane la prova \u201cprimaria\u201d in quanto \u00e8 la fonte originale dei dati, ma nella stragrande maggioranza dei casi \u00e8 preferibile il report XRY, perch\u00e9 rende molto pi\u00f9 facile visualizzare e comprendere le prove rilevanti in tribunale. In molti paesi, il governo si appoggia a organi giuridici indipendenti per testare i dispositivi, verificarne l\u2019accuratezza e convalidarne l\u2019uso. Il National Institute of Standards and Technology (NIST) negli Stati Uniti ne \u00e8 un esempio. L\u2019NIST testa regolarmente e fornisce valutazioni obiettive e indipendenti sulle tecnologie di analisi forense dei dispositivi mobili XRY e su altre tecnologie analoghe per aiutare le forze dell\u2019ordine e i tribunali a valutare i diversi prodotti. Le norme in materia di prova adottate da molte nazioni stabiliscono altres\u00ec che chi produce prove forensi di natura digitale debba essere competente e avere ricevuto una formazione adeguata che gli consenta di spiegare la pertinenza e le implicazioni delle proprie azioni. La buona pratica indica inoltre l\u2019importanza di creare un audit trail (che XRY genera automaticamente per voi) per registrare tutti i processi applicati al dispositivo mobile. In questo modo una terza parte indipendente pu\u00f2 esaminare tali processi e pervenire allo stesso risultato.<\/p>\n<h3>Linee guida sulle prove digitali<\/h3>\n<p>Sebbene non esista un unico standard globale, il Regno Unito ha prodotto una guida utile su come convalidare gli strumenti forensi e sui principi chiave da rispettare, la ACPO Good Practice Guide for Digital Evidence (Guida di buona pratica ACPO per le prove digitali).<\/p>\n<p>XRY \u00e8 pienamente compatibile con i principi fondamentali indicati dalla guida:<\/p>\n<p><strong>Principio 1<\/strong><br \/>\nNessuna azione intrapresa dalle autorit\u00e0 incaricate dell\u2019applicazione della legge, dal personale assunto da tali autorit\u00e0 o dai loro agenti deve modificare dati che successivamente potrebbero essere invocati in tribunale.<\/p>\n<p><strong>Principio 2<\/strong><br \/>\nNei casi in cui una persona ritenga necessario accedere ai dati originali, tale persona dovr\u00e0 possedere la competenza necessaria per farlo ed essere in grado di fornire prove che spieghino la pertinenza e le implicazioni delle sue azioni.<\/p>\n<p><strong>Principio 3<\/strong><br \/>\nDovrebbe essere creato e conservato un audit trail o altro tipo di registrazione di tutti i processi applicati alle prove digitali. Una terza parte indipendente dovrebbe poter essere in grado di esaminare tali processi e raggiungere lo stesso risultato.<\/p>\n<p><strong>Principio 4<\/strong><br \/>\nLa persona incaricata dell\u2019indagine ha la responsabilit\u00e0 generale di garantire l\u2019osservanza della legge e di questi principi.<\/p>\n<p>Il Principio 1 \u00e8 molto difficile da rispettare quando si tratta di dispositivi mobili. Poich\u00e9 i telefoni cellulari tendono a essere dispositivi integrati, nel momento stesso in cui vengono accesi iniziano a modificare il loro stato digitale, cos\u00ec per quanto riguarda i telefoni cellulari tendiamo a considerare il Principio 2.<\/p>\n<p>Il Principio 2 \u00e8 fondamentale quando si ha a che fare con dispositivi mobili, perch\u00e9 prevede che l\u2019utente abbia ricevuto una formazione adeguata prima di addurre il report XRY come prova in tribunale. XRY viene utilizzato quotidianamente nei tribunali di tutto il mondo e, se da una parte MSAB fa il possibile per garantire un prodotto capace di offrire gli standard pi\u00f9 alti nelle prove forensi digitali, dall\u2019altra \u00e8 necessario che gli investigatori comprendano a fondo le informazioni che vogliono presentare in tribunale. A tal fine \u00e8 fondamentale la capacit\u00e0 di presentare e spiegare il report XRY come prova. Il tribunale baser\u00e0 gran parte della valutazione sulla capacit\u00e0 di spiegazione delle prove da parte dell\u2019investigatore. I corsi di certificazione XRY sono essenziali per aiutare gli investigatori e gli analisti ad acquisire fiducia nella presentazione delle prove e a fornire prove documentali di competenza nell\u2019analisi forense dei dispositivi mobili condotta con XRY. XRY soddisfa facilmente<\/p>\n<p>il Principio 3 producendo un file \u201cAudit Log\u201d dettagliato per ogni report XRY, nel quale viene indicato esattamente come sono stati raccolti i dati. Ci\u00f2 significa che una terza parte indipendente pu\u00f2 seguire gli stessi passaggi indicati nel file e ottenere gli stessi risultati, anche quando sia trascorso un lungo periodo di tempo dall\u2019esame iniziale.<\/p>\n<p>Il Principio 4 prevede generalmente che il pubblico ministero garantisca un\u2019adeguata supervisione, il che esula dalla sfera di competenza dei requisiti degli strumenti forensi.<\/p>\n<h2>Telefoni e app<\/h2>\n<p>Un qualit\u00e0 di produttore di strumenti digitali forensi, MSAB assicura che tutti i profili di dispositivi e le applicazioni supportate sono soggetti a un programma di test approfonditi. Un elemento determinante del programma \u00e8 la ripetizione dei test prima di ogni nuova release, per garantire che possiamo convalidare e verificare le informazioni prodotte da XRY. Manteniamo una libreria completa di tutti i dispositivi digitali supportati da MSAB. Qualora doveste avere bisogno di assistenza tecnica per un dispositivo mobile, possiamo configurare una replica precisa del vostro sistema e testare il modello esatto di telefono nei nostri uffici, per verificare la correttezza dei risultati che avete ottenuto.<\/p>\n<h3>ISO 17025<\/h3>\n<p>Un altro standard che si applica ai laboratori di scienza forense digitale \u00e8 l\u2019ISO\/IEC 17025:2005. Utilizzando il Regno Unito come punto di riferimento per gli standard probatori, esiste una serie di linee guida prodotte dalla Forensic Science Regulator. In base a tali linee guida, il fornitore di scienza forense digitale deve rispettare i Codes of Practice and Conduct for Forensic Science Providers and Practitioners in the Criminal Justice System (Codici di pratica e condotta per i fornitori di scienze forensi e i professionisti del sistema di giustizia penale), ed essere accreditato ISO\/IEC 17025:2005 per qualsiasi funzione di laboratorio (come il recupero o l\u2019imaging di dati elettronici). Purtroppo, non \u00e8 possibile per MSAB aiutare le singole organizzazioni a ottenere la certificazione ISO 17025 in quanto \u00e8 una componente vitale del processo di accreditamento che l\u2019organizzazione che produce prove digitali conduce i propri test indipendenti. Tuttavia, possiamo confermare che molti dei nostri clienti sono stati in grado di ottenere la certificazione ISO 17025 nei loro laboratori forensi digitali, utilizzando XRY come strumento primario per il recupero delle prove forensi digitali dai dispositivi mobili.<\/p>\n<h3>Idoneit\u00e0 per i tribunali<\/h3>\n<p>In In tribunale, gli avvocati difensori hanno il diritto di contestare le prove e ci\u00f2 vale naturalmente anche per i report XRY. XRY \u00e8 stata contestata pi\u00f9 volte nei tribunali penali di tutto il mondo, ma non siamo a conoscenza di una sola occasione in cui le prove XRY siano state scartate a causa dell\u2019inaffidabilit\u00e0 o del dubbio sull\u2019integrit\u00e0 forense del sistema. Per questo motivo, riteniamo che XRY sia accettabile come prova in tribunale. In generale, le domande sulla validit\u00e0 dei nostri strumenti sono poste pi\u00f9 spesso nei primi giorni di adozione del prodotto, quando gli utenti non hanno familiarit\u00e0 o non ne comprendono appieno la tecnologia. Man mano che i tribunali acquisiscono maggiore familiarit\u00e0 con la produzione di prove digitali da dispositivi mobili, queste domande tendono a diminuire. Nella maggior parte delle nazioni, \u00e8 perfettamente legittimo presentare i report XRY come forma di prova. Il pi\u00f9 delle volte il report viene presentato sotto forma di \u201creperto\u201d prodotto da qualcuno (generalmente la persona che ha esaminato il telefono) in una dichiarazione testimoniale giurata. La dichiarazione e il reperto sono poi presentati come prova al tribunale e accettati. La dichiarazione testimoniale deve indicare in che modo sia stato esaminato il telefono, testimoniare la competenza dell\u2019esaminatore e quindi produrre il report XRY come prova. Il report XRY pu\u00f2 essere presentato sotto forma di documento cartaceo o elettronico (ad es. PDF) o nel formato originale XRY e visualizzato sul PC. Pi\u00f9 recentemente, a causa del volume di dati e file multimediali presenti nei moderni smartphone, \u00e8 diventato preferibile mostrare XRY nel formato nativo, per poter riprodurre le registrazioni video o audio in tribunale. Solitamente i tribunali locali indicano in quale formato preferiscano ricevere le prove, tuttavia, dal momento che ormai gli smartphone contengono gigabyte di dati, \u00e8 ormai praticamente impossibile produrre prove cartacee, dal momento che non sono insoliti i report di oltre 10.000 pagine. Le migliori regole sulle prove suggeriscono che i report forensi siano sempre convalidati. Questo pu\u00f2 essere fatto confrontando manualmente il contenuto del telefono con quello del report XRY o, pi\u00f9 spesso, utilizzando un altro prodotto forense per convalidare i risultati del report XRY. In ultima analisi, per ogni caso spetta sempre ai tribunali penali decidere se accettare o meno le prove digitali. Non esistono quindi strumenti forensi per dispositivi mobili \u201capprovati dai tribunali\u201d, ma questa guida dovrebbe aiutare il tribunale a decidere con cognizione di causa se accettare o meno le prove.<\/p>\n<p><strong>Per ulteriori informazioni su XRY visitate:<\/strong><strong>\u00a0<\/strong><a href=\"#\">msab.com\/products\/XRY<\/a><\/p>\n            <\/div><!--\/.editor-content-->\n                    <\/div><!--\/.container-->\n<\/section><!--\/.regular-content-->","protected":false},"excerpt":{"rendered":"","protected":false},"author":106,"featured_media":0,"parent":0,"menu_order":0,"comment_status":"closed","ping_status":"closed","template":"","meta":{"_acf_changed":false,"footnotes":""},"class_list":["post-5614","page","type-page","status-publish","hentry"],"acf":[],"yoast_head":"<!-- This site is optimized with the Yoast SEO Premium plugin v25.0 (Yoast SEO v27.4) - https:\/\/yoast.com\/product\/yoast-seo-premium-wordpress\/ -->\n<title>Esistono strumenti di analisi forense di dispositivi mobili \u201capprovati dai tribunali\u201d? - MSAB<\/title>\n<meta name=\"robots\" content=\"index, follow, max-snippet:-1, max-image-preview:large, max-video-preview:-1\" \/>\n<link rel=\"canonical\" href=\"https:\/\/www.msab.com\/it\/esistono-strumenti-di-analisi-forense-di-dispositivi-mobili-approvati-dai-tribunali\/\" \/>\n<meta property=\"og:locale\" content=\"it_IT\" \/>\n<meta property=\"og:type\" content=\"article\" \/>\n<meta property=\"og:title\" content=\"Esistono strumenti di analisi forense di dispositivi mobili \u201capprovati dai tribunali\u201d?\" \/>\n<meta property=\"og:url\" content=\"https:\/\/www.msab.com\/it\/esistono-strumenti-di-analisi-forense-di-dispositivi-mobili-approvati-dai-tribunali\/\" \/>\n<meta property=\"og:site_name\" content=\"MSAB\" \/>\n<meta property=\"article:publisher\" content=\"https:\/\/www.facebook.com\/microsystemation\" \/>\n<meta property=\"article:modified_time\" content=\"2021-10-19T07:02:42+00:00\" \/>\n<meta name=\"twitter:card\" content=\"summary_large_image\" \/>\n<meta name=\"twitter:site\" content=\"@MSAB_XRY\" \/>\n<script type=\"application\/ld+json\" class=\"yoast-schema-graph\">{\"@context\":\"https:\\\/\\\/schema.org\",\"@graph\":[{\"@type\":\"WebPage\",\"@id\":\"https:\\\/\\\/www.msab.com\\\/it\\\/esistono-strumenti-di-analisi-forense-di-dispositivi-mobili-approvati-dai-tribunali\\\/\",\"url\":\"https:\\\/\\\/www.msab.com\\\/it\\\/esistono-strumenti-di-analisi-forense-di-dispositivi-mobili-approvati-dai-tribunali\\\/\",\"name\":\"Esistono strumenti di analisi forense di dispositivi mobili \u201capprovati dai tribunali\u201d? - MSAB\",\"isPartOf\":{\"@id\":\"https:\\\/\\\/www.msab.com\\\/it\\\/#website\"},\"datePublished\":\"2021-10-15T09:09:10+00:00\",\"dateModified\":\"2021-10-19T07:02:42+00:00\",\"breadcrumb\":{\"@id\":\"https:\\\/\\\/www.msab.com\\\/it\\\/esistono-strumenti-di-analisi-forense-di-dispositivi-mobili-approvati-dai-tribunali\\\/#breadcrumb\"},\"inLanguage\":\"it-IT\",\"potentialAction\":[{\"@type\":\"ReadAction\",\"target\":[\"https:\\\/\\\/www.msab.com\\\/it\\\/esistono-strumenti-di-analisi-forense-di-dispositivi-mobili-approvati-dai-tribunali\\\/\"]}]},{\"@type\":\"BreadcrumbList\",\"@id\":\"https:\\\/\\\/www.msab.com\\\/it\\\/esistono-strumenti-di-analisi-forense-di-dispositivi-mobili-approvati-dai-tribunali\\\/#breadcrumb\",\"itemListElement\":[{\"@type\":\"ListItem\",\"position\":1,\"name\":\"\",\"item\":\"https:\\\/\\\/www.msab.com\\\/it\\\/\"},{\"@type\":\"ListItem\",\"position\":2,\"name\":\"Esistono strumenti di analisi forense di dispositivi mobili \u201capprovati dai tribunali\u201d?\"}]},{\"@type\":\"WebSite\",\"@id\":\"https:\\\/\\\/www.msab.com\\\/it\\\/#website\",\"url\":\"https:\\\/\\\/www.msab.com\\\/it\\\/\",\"name\":\"MSAB\",\"description\":\"Trusted Partner in Digital Forensics\",\"publisher\":{\"@id\":\"https:\\\/\\\/www.msab.com\\\/it\\\/#organization\"},\"potentialAction\":[{\"@type\":\"SearchAction\",\"target\":{\"@type\":\"EntryPoint\",\"urlTemplate\":\"https:\\\/\\\/www.msab.com\\\/it\\\/?s={search_term_string}\"},\"query-input\":{\"@type\":\"PropertyValueSpecification\",\"valueRequired\":true,\"valueName\":\"search_term_string\"}}],\"inLanguage\":\"it-IT\"},{\"@type\":\"Organization\",\"@id\":\"https:\\\/\\\/www.msab.com\\\/it\\\/#organization\",\"name\":\"MSAB\",\"url\":\"https:\\\/\\\/www.msab.com\\\/it\\\/\",\"logo\":{\"@type\":\"ImageObject\",\"inLanguage\":\"it-IT\",\"@id\":\"https:\\\/\\\/www.msab.com\\\/it\\\/#\\\/schema\\\/logo\\\/image\\\/\",\"url\":\"https:\\\/\\\/www.msab.com\\\/wp-content\\\/uploads\\\/2023\\\/03\\\/MSAB-logo-Black-RGB.png\",\"contentUrl\":\"https:\\\/\\\/www.msab.com\\\/wp-content\\\/uploads\\\/2023\\\/03\\\/MSAB-logo-Black-RGB.png\",\"width\":1198,\"height\":353,\"caption\":\"MSAB\"},\"image\":{\"@id\":\"https:\\\/\\\/www.msab.com\\\/it\\\/#\\\/schema\\\/logo\\\/image\\\/\"},\"sameAs\":[\"https:\\\/\\\/www.facebook.com\\\/microsystemation\",\"https:\\\/\\\/x.com\\\/MSAB_XRY\",\"https:\\\/\\\/www.linkedin.com\\\/company\\\/micro-systemation\"]}]}<\/script>\n<!-- \/ Yoast SEO Premium plugin. -->","yoast_head_json":{"title":"Esistono strumenti di analisi forense di dispositivi mobili \u201capprovati dai tribunali\u201d? - MSAB","robots":{"index":"index","follow":"follow","max-snippet":"max-snippet:-1","max-image-preview":"max-image-preview:large","max-video-preview":"max-video-preview:-1"},"canonical":"https:\/\/www.msab.com\/it\/esistono-strumenti-di-analisi-forense-di-dispositivi-mobili-approvati-dai-tribunali\/","og_locale":"it_IT","og_type":"article","og_title":"Esistono strumenti di analisi forense di dispositivi mobili \u201capprovati dai tribunali\u201d?","og_url":"https:\/\/www.msab.com\/it\/esistono-strumenti-di-analisi-forense-di-dispositivi-mobili-approvati-dai-tribunali\/","og_site_name":"MSAB","article_publisher":"https:\/\/www.facebook.com\/microsystemation","article_modified_time":"2021-10-19T07:02:42+00:00","twitter_card":"summary_large_image","twitter_site":"@MSAB_XRY","schema":{"@context":"https:\/\/schema.org","@graph":[{"@type":"WebPage","@id":"https:\/\/www.msab.com\/it\/esistono-strumenti-di-analisi-forense-di-dispositivi-mobili-approvati-dai-tribunali\/","url":"https:\/\/www.msab.com\/it\/esistono-strumenti-di-analisi-forense-di-dispositivi-mobili-approvati-dai-tribunali\/","name":"Esistono strumenti di analisi forense di dispositivi mobili \u201capprovati dai tribunali\u201d? - MSAB","isPartOf":{"@id":"https:\/\/www.msab.com\/it\/#website"},"datePublished":"2021-10-15T09:09:10+00:00","dateModified":"2021-10-19T07:02:42+00:00","breadcrumb":{"@id":"https:\/\/www.msab.com\/it\/esistono-strumenti-di-analisi-forense-di-dispositivi-mobili-approvati-dai-tribunali\/#breadcrumb"},"inLanguage":"it-IT","potentialAction":[{"@type":"ReadAction","target":["https:\/\/www.msab.com\/it\/esistono-strumenti-di-analisi-forense-di-dispositivi-mobili-approvati-dai-tribunali\/"]}]},{"@type":"BreadcrumbList","@id":"https:\/\/www.msab.com\/it\/esistono-strumenti-di-analisi-forense-di-dispositivi-mobili-approvati-dai-tribunali\/#breadcrumb","itemListElement":[{"@type":"ListItem","position":1,"name":"","item":"https:\/\/www.msab.com\/it\/"},{"@type":"ListItem","position":2,"name":"Esistono strumenti di analisi forense di dispositivi mobili \u201capprovati dai tribunali\u201d?"}]},{"@type":"WebSite","@id":"https:\/\/www.msab.com\/it\/#website","url":"https:\/\/www.msab.com\/it\/","name":"MSAB","description":"Trusted Partner in Digital Forensics","publisher":{"@id":"https:\/\/www.msab.com\/it\/#organization"},"potentialAction":[{"@type":"SearchAction","target":{"@type":"EntryPoint","urlTemplate":"https:\/\/www.msab.com\/it\/?s={search_term_string}"},"query-input":{"@type":"PropertyValueSpecification","valueRequired":true,"valueName":"search_term_string"}}],"inLanguage":"it-IT"},{"@type":"Organization","@id":"https:\/\/www.msab.com\/it\/#organization","name":"MSAB","url":"https:\/\/www.msab.com\/it\/","logo":{"@type":"ImageObject","inLanguage":"it-IT","@id":"https:\/\/www.msab.com\/it\/#\/schema\/logo\/image\/","url":"https:\/\/www.msab.com\/wp-content\/uploads\/2023\/03\/MSAB-logo-Black-RGB.png","contentUrl":"https:\/\/www.msab.com\/wp-content\/uploads\/2023\/03\/MSAB-logo-Black-RGB.png","width":1198,"height":353,"caption":"MSAB"},"image":{"@id":"https:\/\/www.msab.com\/it\/#\/schema\/logo\/image\/"},"sameAs":["https:\/\/www.facebook.com\/microsystemation","https:\/\/x.com\/MSAB_XRY","https:\/\/www.linkedin.com\/company\/micro-systemation"]}]}},"_links":{"self":[{"href":"https:\/\/www.msab.com\/it\/wp-json\/wp\/v2\/pages\/5614","targetHints":{"allow":["GET"]}}],"collection":[{"href":"https:\/\/www.msab.com\/it\/wp-json\/wp\/v2\/pages"}],"about":[{"href":"https:\/\/www.msab.com\/it\/wp-json\/wp\/v2\/types\/page"}],"author":[{"embeddable":true,"href":"https:\/\/www.msab.com\/it\/wp-json\/wp\/v2\/users\/106"}],"replies":[{"embeddable":true,"href":"https:\/\/www.msab.com\/it\/wp-json\/wp\/v2\/comments?post=5614"}],"version-history":[{"count":0,"href":"https:\/\/www.msab.com\/it\/wp-json\/wp\/v2\/pages\/5614\/revisions"}],"wp:attachment":[{"href":"https:\/\/www.msab.com\/it\/wp-json\/wp\/v2\/media?parent=5614"}],"curies":[{"name":"wp","href":"https:\/\/api.w.org\/{rel}","templated":true}]}}