{"id":314733,"date":"2025-03-13T09:33:57","date_gmt":"2025-03-13T08:33:57","guid":{"rendered":"https:\/\/www.msab.com\/resources\/events-webinars\/msab-milano-2025\/"},"modified":"2025-04-16T08:25:15","modified_gmt":"2025-04-16T06:25:15","slug":"msab-milano-2025","status":"publish","type":"page","link":"https:\/\/www.msab.com\/it\/resources\/events-webinars\/msab-milano-2025\/","title":{"rendered":"Milano 2025 &#8211; Sfide e Soluzioni"},"content":{"rendered":"\n<section id=\"\" class=\"block regular-hero  has-bg-img ovarlay-blue\" style=\"background-image: url(https:\/\/www.msab.com\/wp-content\/uploads\/2024\/06\/Header_Event.jpg);\">\n    <div class=\"container\">\n\n        <div class=\"text-wrapper text-white\">\n            <h1 class=\"heading title\">Nuovi Orizzonti per le Indagini Digitali Forensi: Sfide e Soluzioni<\/h1>            <p class=\"intro\">Italia, Milano, 8 maggio 2025<\/p>\n                    <\/div><!--\/text-wrapper-->\n            <\/div><!--\/container-->\n<\/section>\n\n\n\n\n<section id=\"\" class=\"block regular-content   pt-regular pb-regular bg-light-grey\">\n    <div class=\"container regular\">\n                    <div class=\"editor-content\">\n                <p class=\"intro\" style=\"text-align: center;\">\u00a0\u00a0 <a href=\"#register\">Registrati<\/a>\u00a0 \u00a0 \u00a0 \u00a0 \u00a0 <a href=\"#agenda\">Ordine del giorno<\/a><\/p>\n            <\/div><!--\/.editor-content-->\n                    <\/div><!--\/.container-->\n<\/section><!--\/.regular-content-->\n\n\n<section id=\"register\" class=\"block two-cards bg-white \">\n    <div class=\"container\">\n                <div class=\"two-cards__row d-flex\">\n                        <div class=\"two-cards__card-wrap\">\n\n                <div class=\"two-cards__card\">\n                                        <div class=\"two-cards__card--content-wrap editor-content bg-white\">\n                                                <h4 class=\"two-cards__card--title\">Benvenuti<\/h4>\n                                                <p class=\"two-cards__card--intro\"><a href=\"https:\/\/www.msab.com\">MSAB<\/a>, in collaborazione con <a href=\"https:\/\/www.nuix.com\/\">NUIX<\/a>, <a href=\"https:\/\/www.sans.org\/emea\/\">SANS <\/a>ed <a href=\"hhttps:\/\/www.etrace.it\/\">E-Trace<\/a>, organizza un evento in presenza che si svolger\u00e0 giorno 08\/05\/25 a Milano presso <a href=\"https:\/\/www.doriagrandhotel.it\/\">Il Grand Hotel Doria<\/a> ore 8:30 alle ore 18:30.<p>\r\n\r\nL\u2019argomento oggetto dell\u2019incontro sar\u00e0: <br><b>\u201cNuovi Orizzonti per le Indagini Digitali Forensi: Sfide e Soluzioni\u201d<\/b>.<p>\r\n\r\nDurante il corso della giornata gli ospiti avranno l\u2019opportunit\u00e0 di assistere a presentazioni di importanti esperti del settore Digital Forensics, esponenti di pubbliche autorit\u00e0 europee ed esperti italiani delle relative realt\u00e0 aziendali coinvolte.<p>\r\n\r\nL\u2019evento \u00e8 gratuito, ma \u00e8 necessario registrarsi in quanto i posti sono limitati.<p>\r\n\r\n<p><\/p>\n                                            <\/div><!--\/.two-cards__card--content-wrap-->\n                <\/div><!--\/.two-cards__card-->\n\n            <\/div><!--\/.two-cards__card-wrap-->\n                        <div class=\"two-cards__card-wrap\">\n\n                <div class=\"two-cards__card\">\n                                        <div class=\"two-cards__card--content-wrap editor-content bg-white\">\n                                                <h4 class=\"two-cards__card--title\">Registrati<\/h4>\n                                                <p class=\"two-cards__card--intro\">Per assicurarti il \u200b\u200btuo posto al, registrati qui sotto: <div data-form-block-id=\"8e7823f1-75ff-ef11-bae3-7c1e52876833\"><\/div> <script src=\"https:\/\/mktdplp102cdn.azureedge.net\/public\/latest\/js\/form-loader.js?v=1.84.2007\"><\/script> <div id=\"dX5JWiqVgQI00fyz8VlA6B9CDhQNmFqReLXsyqeLWg-M\"><\/div><script src=\"https:\/\/mktdplp102cdn.azureedge.net\/public\/latest\/js\/ws-tracking.js?v=1.84.2007\"><\/script><div class=\"d365-mkt-config\" style=\"display:none\" data-website-id=\"X5JWiqVgQI00fyz8VlA6B9CDhQNmFqReLXsyqeLWg-M\" data-hostname=\"af093320fdfc497aa1da8f7ceaad9dd4.svc.dynamics.com\"><\/div><\/p>\n                                            <\/div><!--\/.two-cards__card--content-wrap-->\n                <\/div><!--\/.two-cards__card-->\n\n            <\/div><!--\/.two-cards__card-wrap-->\n                    <\/div><!--\/.two-cards__row-->\n            <\/div><!--\/.container-->\n<\/section>\n\n\n    <style>\n                    #block_74a8318734d8848e811267c909121a84 {\n                background-image: url(https:\/\/www.msab.com\/wp-content\/uploads\/2025\/03\/Doria_Hall_03-slide.jpg);\n            }\n                            @media (max-width: 576px) {\n                #block_74a8318734d8848e811267c909121a84 {\n                    background-image: url(https:\/\/www.msab.com\/wp-content\/uploads\/2025\/03\/Doria_Hall_03-slide.jpg);\n                }\n            }\n            <\/style>\n\n<section id=\"block_74a8318734d8848e811267c909121a84\" class=\"block cta-with-bg-img text-white left-layout \">\n    <div class=\"container\" id=\"\">\n                    <div class=\"text-wrapper\">\n                <p>&nbsp;<\/p>\n<p>&nbsp;<\/p>\n<p>&nbsp;<\/p>\n<p>&nbsp;<\/p>\n<p>&nbsp;<\/p>\n<p>&nbsp;<\/p>\n<p>&nbsp;<\/p>\n<p>&nbsp;<\/p>\n<p>&nbsp;<\/p>\n<p>&nbsp;<\/p>\n<p>&nbsp;<\/p>\n<p>&nbsp;<\/p>\n            <\/div>\n            <\/div><!--\/container-->\n<\/section>\n\n\n<section id=\"agenda\" class=\"block two-cards bg-blue-gradient \">\n    <div class=\"container\">\n                <div class=\"top-text editor-content left text-white\">\n            <h1>Ordine del giorno<\/h1>\n<p><!-- Erste Tabelle --><\/p>\n<p>&nbsp;<\/p>\n<table>\n<tbody>\n<tr class=\"bold\">\n<td>8:45<\/td>\n<td><span data-teams=\"true\"><i>Registrazione Partecipanti<\/i><\/span><\/td>\n<td><\/td>\n<\/tr>\n<tr>\n<td>9:30<\/td>\n<td><span data-teams=\"true\"><i>Introduzione<\/i><\/span><\/td>\n<td><\/td>\n<\/tr>\n<tr>\n<td>9:45<\/td>\n<td><em>Ghennadii Konev &amp; Giovanni Maria Castoldi con l\u2019intervento: <strong>\u201cNon Solo FFS, Estrazioni Fisiche BFU con XRY\u201d<\/strong><\/em><\/td>\n<td><\/td>\n<\/tr>\n<tr>\n<td>10:30<\/td>\n<td><span data-teams=\"true\"><i>Coffee Break<\/i><\/span><\/td>\n<td><\/td>\n<\/tr>\n<tr>\n<td>10:45<\/td>\n<td><span data-teams=\"true\"><i>Mattia Epifani<\/i> <i>con l\u2019intervento: <strong>&#8220;Not So Private Browsing!&#8221;<\/strong><\/i><\/span><\/td>\n<td><\/td>\n<\/tr>\n<tr class=\"bold\">\n<td>11:45<\/td>\n<td><span data-teams=\"true\"><i>Dario Beniamini con l\u2019intervento:<\/i>\u00a0<i><strong>\u201cRethinking Digital Investigations: Beyond Keyword Searches\u201d<\/strong><\/i><\/span><\/td>\n<td><\/td>\n<\/tr>\n<tr>\n<td>12:30<\/td>\n<td><span data-teams=\"true\"><i>Paolo Dal Checco &amp; Andrea Lazzarotto<\/i> <i>con l\u2019intervento: \u00a0<strong>\u201cWeb Forensics: Le Nuove frontiere delle Prove Digitali\u201d<\/strong><\/i><\/span><\/td>\n<td>\n<p class=\"cw-primaryText-204\" title=\"Anas Al-Daghestani\" data-log-name=\"DisplayName\">\n<\/td>\n<\/tr>\n<tr>\n<td>13:15<\/td>\n<td><span data-teams=\"true\"><i>Pranzo<\/i><\/span><\/td>\n<td><\/td>\n<\/tr>\n<tr>\n<td>14:30<\/td>\n<td><em>Manlio Longinotti con l\u2019intervento: <strong>\u201cSANS DFIR Trainings: La Formazione Oltre l&#8217;Aggiornamento\u201d<\/strong><\/em><\/td>\n<td><\/td>\n<\/tr>\n<tr class=\"bold\">\n<td>15:00<\/td>\n<td><span data-teams=\"true\"><i>Pier Luca Toselli &amp; Roberto Murenec<\/i> <i>con l\u2019intervento: <strong>&#8220;Perquisizione e Sequestro del Dispositivo &#8220;Mobile&#8221; Tra Rispetto delle Regole Processuali e delle Garanzie di Parte&#8221;<\/strong>\u00a0<\/i><\/span><\/td>\n<td><\/td>\n<\/tr>\n<tr>\n<td>15:45<\/td>\n<td><span data-teams=\"true\"><i>Coffee Break<\/i><\/span><\/td>\n<td><\/td>\n<\/tr>\n<tr>\n<td>16:00<\/td>\n<td><span data-teams=\"true\"><i>Intervento E-Trace<\/i><\/span><\/td>\n<td><\/td>\n<\/tr>\n<tr>\n<td>16:45<\/td>\n<td><span data-teams=\"true\"><i>Q&amp;A, Demo<\/i><\/span><\/td>\n<td><\/td>\n<\/tr>\n<tr>\n<td>18:00<\/td>\n<td><span data-teams=\"true\"><i>Termine<\/i><\/span><\/td>\n<td><\/td>\n<\/tr>\n<tr class=\"bold\">\n<td><\/td>\n<td><\/td>\n<td><\/td>\n<\/tr>\n<\/tbody>\n<\/table>\n        <\/div>\n                <div class=\"two-cards__row d-flex\">\n                        <div class=\"two-cards__card-wrap\">\n\n                <div class=\"two-cards__card\">\n                                        <div class=\"two-cards__card--content-wrap editor-content bg-white\">\n                                            <\/div><!--\/.two-cards__card--content-wrap-->\n                <\/div><!--\/.two-cards__card-->\n\n            <\/div><!--\/.two-cards__card-wrap-->\n                        <div class=\"two-cards__card-wrap\">\n\n                <div class=\"two-cards__card\">\n                                        <div class=\"two-cards__card--content-wrap editor-content bg-white\">\n                                            <\/div><!--\/.two-cards__card--content-wrap-->\n                <\/div><!--\/.two-cards__card-->\n\n            <\/div><!--\/.two-cards__card-wrap-->\n                    <\/div><!--\/.two-cards__row-->\n            <\/div><!--\/.container-->\n<\/section>","protected":false},"excerpt":{"rendered":"","protected":false},"author":11,"featured_media":0,"parent":152731,"menu_order":0,"comment_status":"closed","ping_status":"closed","template":"","meta":{"_acf_changed":false,"footnotes":""},"class_list":["post-314733","page","type-page","status-publish","hentry"],"acf":[],"yoast_head":"<!-- This site is optimized with the Yoast SEO Premium plugin v25.0 (Yoast SEO v27.4) - https:\/\/yoast.com\/product\/yoast-seo-premium-wordpress\/ -->\n<title>Milano 2025 - Sfide e Soluzioni - MSAB<\/title>\n<meta name=\"robots\" content=\"noindex, nofollow\" \/>\n<meta property=\"og:locale\" content=\"it_IT\" \/>\n<meta property=\"og:type\" content=\"article\" \/>\n<meta property=\"og:title\" content=\"Milano 2025 - Sfide e Soluzioni\" \/>\n<meta property=\"og:url\" content=\"https:\/\/www.msab.com\/it\/resources\/events-webinars\/msab-milano-2025\/\" \/>\n<meta property=\"og:site_name\" content=\"MSAB\" \/>\n<meta property=\"article:publisher\" content=\"https:\/\/www.facebook.com\/microsystemation\" \/>\n<meta property=\"article:modified_time\" content=\"2025-04-16T06:25:15+00:00\" \/>\n<meta name=\"twitter:card\" content=\"summary_large_image\" \/>\n<meta name=\"twitter:site\" content=\"@MSAB_XRY\" \/>\n<script type=\"application\/ld+json\" class=\"yoast-schema-graph\">{\"@context\":\"https:\\\/\\\/schema.org\",\"@graph\":[{\"@type\":\"WebPage\",\"@id\":\"https:\\\/\\\/www.msab.com\\\/it\\\/resources\\\/events-webinars\\\/msab-milano-2025\\\/\",\"url\":\"https:\\\/\\\/www.msab.com\\\/it\\\/resources\\\/events-webinars\\\/msab-milano-2025\\\/\",\"name\":\"Milano 2025 - Sfide e Soluzioni - MSAB\",\"isPartOf\":{\"@id\":\"https:\\\/\\\/www.msab.com\\\/it\\\/#website\"},\"datePublished\":\"2025-03-13T08:33:57+00:00\",\"dateModified\":\"2025-04-16T06:25:15+00:00\",\"breadcrumb\":{\"@id\":\"https:\\\/\\\/www.msab.com\\\/it\\\/resources\\\/events-webinars\\\/msab-milano-2025\\\/#breadcrumb\"},\"inLanguage\":\"it-IT\",\"potentialAction\":[{\"@type\":\"ReadAction\",\"target\":[\"https:\\\/\\\/www.msab.com\\\/it\\\/resources\\\/events-webinars\\\/msab-milano-2025\\\/\"]}]},{\"@type\":\"BreadcrumbList\",\"@id\":\"https:\\\/\\\/www.msab.com\\\/it\\\/resources\\\/events-webinars\\\/msab-milano-2025\\\/#breadcrumb\",\"itemListElement\":[{\"@type\":\"ListItem\",\"position\":1,\"name\":\"\",\"item\":\"https:\\\/\\\/www.msab.com\\\/it\\\/\"},{\"@type\":\"ListItem\",\"position\":2,\"name\":\"Resources\",\"item\":\"https:\\\/\\\/www.msab.com\\\/it\\\/resources\\\/\"},{\"@type\":\"ListItem\",\"position\":3,\"name\":\"Eventi &amp; Webinars\",\"item\":\"https:\\\/\\\/www.msab.com\\\/it\\\/resources\\\/events-webinars\\\/\"},{\"@type\":\"ListItem\",\"position\":4,\"name\":\"Milano 2025 &#8211; Sfide e Soluzioni\"}]},{\"@type\":\"WebSite\",\"@id\":\"https:\\\/\\\/www.msab.com\\\/it\\\/#website\",\"url\":\"https:\\\/\\\/www.msab.com\\\/it\\\/\",\"name\":\"MSAB\",\"description\":\"Trusted Partner in Digital Forensics\",\"publisher\":{\"@id\":\"https:\\\/\\\/www.msab.com\\\/it\\\/#organization\"},\"potentialAction\":[{\"@type\":\"SearchAction\",\"target\":{\"@type\":\"EntryPoint\",\"urlTemplate\":\"https:\\\/\\\/www.msab.com\\\/it\\\/?s={search_term_string}\"},\"query-input\":{\"@type\":\"PropertyValueSpecification\",\"valueRequired\":true,\"valueName\":\"search_term_string\"}}],\"inLanguage\":\"it-IT\"},{\"@type\":\"Organization\",\"@id\":\"https:\\\/\\\/www.msab.com\\\/it\\\/#organization\",\"name\":\"MSAB\",\"url\":\"https:\\\/\\\/www.msab.com\\\/it\\\/\",\"logo\":{\"@type\":\"ImageObject\",\"inLanguage\":\"it-IT\",\"@id\":\"https:\\\/\\\/www.msab.com\\\/it\\\/#\\\/schema\\\/logo\\\/image\\\/\",\"url\":\"https:\\\/\\\/www.msab.com\\\/wp-content\\\/uploads\\\/2023\\\/03\\\/MSAB-logo-Black-RGB.png\",\"contentUrl\":\"https:\\\/\\\/www.msab.com\\\/wp-content\\\/uploads\\\/2023\\\/03\\\/MSAB-logo-Black-RGB.png\",\"width\":1198,\"height\":353,\"caption\":\"MSAB\"},\"image\":{\"@id\":\"https:\\\/\\\/www.msab.com\\\/it\\\/#\\\/schema\\\/logo\\\/image\\\/\"},\"sameAs\":[\"https:\\\/\\\/www.facebook.com\\\/microsystemation\",\"https:\\\/\\\/x.com\\\/MSAB_XRY\",\"https:\\\/\\\/www.linkedin.com\\\/company\\\/micro-systemation\"]}]}<\/script>\n<!-- \/ Yoast SEO Premium plugin. -->","yoast_head_json":{"title":"Milano 2025 - Sfide e Soluzioni - MSAB","robots":{"index":"noindex","follow":"nofollow"},"og_locale":"it_IT","og_type":"article","og_title":"Milano 2025 - Sfide e Soluzioni","og_url":"https:\/\/www.msab.com\/it\/resources\/events-webinars\/msab-milano-2025\/","og_site_name":"MSAB","article_publisher":"https:\/\/www.facebook.com\/microsystemation","article_modified_time":"2025-04-16T06:25:15+00:00","twitter_card":"summary_large_image","twitter_site":"@MSAB_XRY","schema":{"@context":"https:\/\/schema.org","@graph":[{"@type":"WebPage","@id":"https:\/\/www.msab.com\/it\/resources\/events-webinars\/msab-milano-2025\/","url":"https:\/\/www.msab.com\/it\/resources\/events-webinars\/msab-milano-2025\/","name":"Milano 2025 - Sfide e Soluzioni - MSAB","isPartOf":{"@id":"https:\/\/www.msab.com\/it\/#website"},"datePublished":"2025-03-13T08:33:57+00:00","dateModified":"2025-04-16T06:25:15+00:00","breadcrumb":{"@id":"https:\/\/www.msab.com\/it\/resources\/events-webinars\/msab-milano-2025\/#breadcrumb"},"inLanguage":"it-IT","potentialAction":[{"@type":"ReadAction","target":["https:\/\/www.msab.com\/it\/resources\/events-webinars\/msab-milano-2025\/"]}]},{"@type":"BreadcrumbList","@id":"https:\/\/www.msab.com\/it\/resources\/events-webinars\/msab-milano-2025\/#breadcrumb","itemListElement":[{"@type":"ListItem","position":1,"name":"","item":"https:\/\/www.msab.com\/it\/"},{"@type":"ListItem","position":2,"name":"Resources","item":"https:\/\/www.msab.com\/it\/resources\/"},{"@type":"ListItem","position":3,"name":"Eventi &amp; Webinars","item":"https:\/\/www.msab.com\/it\/resources\/events-webinars\/"},{"@type":"ListItem","position":4,"name":"Milano 2025 &#8211; Sfide e Soluzioni"}]},{"@type":"WebSite","@id":"https:\/\/www.msab.com\/it\/#website","url":"https:\/\/www.msab.com\/it\/","name":"MSAB","description":"Trusted Partner in Digital Forensics","publisher":{"@id":"https:\/\/www.msab.com\/it\/#organization"},"potentialAction":[{"@type":"SearchAction","target":{"@type":"EntryPoint","urlTemplate":"https:\/\/www.msab.com\/it\/?s={search_term_string}"},"query-input":{"@type":"PropertyValueSpecification","valueRequired":true,"valueName":"search_term_string"}}],"inLanguage":"it-IT"},{"@type":"Organization","@id":"https:\/\/www.msab.com\/it\/#organization","name":"MSAB","url":"https:\/\/www.msab.com\/it\/","logo":{"@type":"ImageObject","inLanguage":"it-IT","@id":"https:\/\/www.msab.com\/it\/#\/schema\/logo\/image\/","url":"https:\/\/www.msab.com\/wp-content\/uploads\/2023\/03\/MSAB-logo-Black-RGB.png","contentUrl":"https:\/\/www.msab.com\/wp-content\/uploads\/2023\/03\/MSAB-logo-Black-RGB.png","width":1198,"height":353,"caption":"MSAB"},"image":{"@id":"https:\/\/www.msab.com\/it\/#\/schema\/logo\/image\/"},"sameAs":["https:\/\/www.facebook.com\/microsystemation","https:\/\/x.com\/MSAB_XRY","https:\/\/www.linkedin.com\/company\/micro-systemation"]}]}},"_links":{"self":[{"href":"https:\/\/www.msab.com\/it\/wp-json\/wp\/v2\/pages\/314733","targetHints":{"allow":["GET"]}}],"collection":[{"href":"https:\/\/www.msab.com\/it\/wp-json\/wp\/v2\/pages"}],"about":[{"href":"https:\/\/www.msab.com\/it\/wp-json\/wp\/v2\/types\/page"}],"author":[{"embeddable":true,"href":"https:\/\/www.msab.com\/it\/wp-json\/wp\/v2\/users\/11"}],"replies":[{"embeddable":true,"href":"https:\/\/www.msab.com\/it\/wp-json\/wp\/v2\/comments?post=314733"}],"version-history":[{"count":3,"href":"https:\/\/www.msab.com\/it\/wp-json\/wp\/v2\/pages\/314733\/revisions"}],"predecessor-version":[{"id":378897,"href":"https:\/\/www.msab.com\/it\/wp-json\/wp\/v2\/pages\/314733\/revisions\/378897"}],"up":[{"embeddable":true,"href":"https:\/\/www.msab.com\/it\/wp-json\/wp\/v2\/pages\/152731"}],"wp:attachment":[{"href":"https:\/\/www.msab.com\/it\/wp-json\/wp\/v2\/media?parent=314733"}],"curies":[{"name":"wp","href":"https:\/\/api.w.org\/{rel}","templated":true}]}}