{"id":192545,"date":"2024-02-02T16:51:30","date_gmt":"2024-02-02T15:51:30","guid":{"rendered":"https:\/\/www.msab.com\/?page_id=192545"},"modified":"2024-02-02T16:52:14","modified_gmt":"2024-02-02T15:52:14","slug":"msab-milano-2024","status":"publish","type":"page","link":"https:\/\/www.msab.com\/it\/resources\/events-webinars\/msab-milano-2024\/","title":{"rendered":"Milano 2024 &#8211; Sfide e Soluzioni"},"content":{"rendered":"\n<section id=\"\" class=\"block regular-hero  blue-gradient-bg \" >\n    <div class=\"container\">\n\n        <div class=\"text-wrapper text-white\">\n            <h1 class=\"heading h1\">Nuovi Orizzonti per le Indagini Digitali Forensi: Sfide e Soluzioni<\/h1>            \n                            <div class=\"btn-wrapper d-flex flex-wrap\">\n                    <a class=\"btn btn-primary normal\" href=\"#registrati\" title=\"Registrati\" >Registrati<\/a>                <\/div><!--\/btn-wrapper-->\n                    <\/div><!--\/text-wrapper-->\n            <\/div><!--\/container-->\n<\/section>\n\n\n\n\n<section id=\"\" class=\"block regular-content   pt-large pb-large bg-white\">\n    <div class=\"container regular\">\n                    <div class=\"editor-content\">\n                <p><a href=\"https:\/\/www.msab.com\/\">MSAB<\/a>, in collaborazione con <a href=\"https:\/\/www.nuix.com\/\">NUIX<\/a>, <a href=\"https:\/\/www.t3k.ai\/\">T3K<\/a> ed il comune rivenditore <a href=\"https:\/\/www.etrace.it\/\">E-Trace<\/a>, \u00a0organizza un evento in presenza che si svolger\u00e0 giorno 07\/03\/24 a Milano presso <a href=\"https:\/\/www.doriagrandhotel.it\/it\/\">l\u2019Hotel Doria<\/a> <span class=\"ui-provider a b c d e f g h i j k l m n o p q r s t u v w x y z ab ac ae af ag ah ai aj ak\" dir=\"ltr\">dalle ore 8:30 alle ore 18:30.<\/span><\/p>\n<p>L\u2019argomento oggetto dell\u2019incontro sar\u00e0: \u201c<strong>Nuovi Orizzonti per le Indagini Digitali Forensi: Sfide e Soluzioni<\/strong>\u201d.<\/p>\n<p>Durante il corso della giornata gli ospiti avranno l\u2019opportunit\u00e0 di assistere a presentazioni di importanti esperti del settore Digital Foreniscs, esponenti di pubbliche autorit\u00e0 europee ed esperti italiani delle relative realt\u00e0 aziendali coinvolte.<\/p>\n<p>L\u2019evento \u00e8 gratuito, ma \u00e8 necessario registrarsi al link in quanto i posti sono limitati.<\/p>\n<p>Il programma verr\u00e0 reso disponibile nelle prossime settimane.<\/p>\n            <\/div><!--\/.editor-content-->\n                    <\/div><!--\/.container-->\n<\/section><!--\/.regular-content-->\n\n\n<section id=\"registrati\" class=\"block form bg-light-grey \">\n    <div class=\"container narrow\">\n\n    \n        \n            <div class=\"editor-content form-title\">\n                <h2>Registrati<\/h2>\n            <\/div><!--\/.form-title-->\n\n        \n            <div class=\"form-wrap\">\n                            <\/div><!--\/.form-wrap-->\n\n        \n    \n    <\/div><!--\/.container-->\n<\/section>\n\n\n    <style>\n                    #block_518daba31842880bdef865f351cc3cb6 {\n                background-image: url(https:\/\/www.msab.com\/wp-content\/uploads\/2021\/08\/Gradient.png);\n            }\n                            @media (max-width: 576px) {\n                #block_518daba31842880bdef865f351cc3cb6 {\n                    background-image: url(https:\/\/www.msab.com\/wp-content\/uploads\/2021\/08\/Gradient.png);\n                }\n            }\n            <\/style>\n\n<section id=\"block_518daba31842880bdef865f351cc3cb6\" class=\"block cta-with-bg-img text-white left-layout \">\n    <div class=\"container\" id=\"\">\n                    <div class=\"text-wrapper\">\n                <p class=\"intro\" style=\"text-align: left;\"><span style=\"color: #ffffff;\">Per informazioni o per esprimere particolari necessit\u00e0 potete contattare direttamente <strong>Giovanni Maria Castoldi<\/strong> ai seguenti contatti:<\/span><\/p>\n<p class=\"intro\"><span style=\"color: #ffffff;\">Mail: <a style=\"color: #ffffff;\" href=\"mailto:giovanni.maria.castoldi@msab.com\">giovanni.maria.castoldi@msab.com<\/a><br \/>\n<\/span><span style=\"color: #ffffff;\">Mobile: 3395673597<\/span><\/p>\n            <\/div>\n            <\/div><!--\/container-->\n<\/section>","protected":false},"excerpt":{"rendered":"","protected":false},"author":11,"featured_media":0,"parent":152731,"menu_order":0,"comment_status":"closed","ping_status":"closed","template":"","meta":{"_acf_changed":false,"footnotes":""},"class_list":["post-192545","page","type-page","status-publish","hentry"],"acf":[],"yoast_head":"<!-- This site is optimized with the Yoast SEO Premium plugin v25.0 (Yoast SEO v27.4) - https:\/\/yoast.com\/product\/yoast-seo-premium-wordpress\/ -->\n<title>Milano 2024 - Sfide e Soluzioni - MSAB<\/title>\n<meta name=\"robots\" content=\"noindex, follow\" \/>\n<meta property=\"og:locale\" content=\"it_IT\" \/>\n<meta property=\"og:type\" content=\"article\" \/>\n<meta property=\"og:title\" content=\"Milano 2024 - Sfide e Soluzioni\" \/>\n<meta property=\"og:url\" content=\"https:\/\/www.msab.com\/it\/resources\/events-webinars\/msab-milano-2024\/\" \/>\n<meta property=\"og:site_name\" content=\"MSAB\" \/>\n<meta property=\"article:publisher\" content=\"https:\/\/www.facebook.com\/microsystemation\" \/>\n<meta property=\"article:modified_time\" content=\"2024-02-02T15:52:14+00:00\" \/>\n<meta name=\"twitter:card\" content=\"summary_large_image\" \/>\n<meta name=\"twitter:site\" content=\"@MSAB_XRY\" \/>\n<meta name=\"twitter:label1\" content=\"Tempo di lettura stimato\" \/>\n\t<meta name=\"twitter:data1\" content=\"1 minuto\" \/>\n<script type=\"application\/ld+json\" class=\"yoast-schema-graph\">{\"@context\":\"https:\\\/\\\/schema.org\",\"@graph\":[{\"@type\":\"WebPage\",\"@id\":\"https:\\\/\\\/www.msab.com\\\/it\\\/resources\\\/events-webinars\\\/msab-milano-2024\\\/\",\"url\":\"https:\\\/\\\/www.msab.com\\\/it\\\/resources\\\/events-webinars\\\/msab-milano-2024\\\/\",\"name\":\"Milano 2024 - Sfide e Soluzioni - MSAB\",\"isPartOf\":{\"@id\":\"https:\\\/\\\/www.msab.com\\\/it\\\/#website\"},\"datePublished\":\"2024-02-02T15:51:30+00:00\",\"dateModified\":\"2024-02-02T15:52:14+00:00\",\"breadcrumb\":{\"@id\":\"https:\\\/\\\/www.msab.com\\\/it\\\/resources\\\/events-webinars\\\/msab-milano-2024\\\/#breadcrumb\"},\"inLanguage\":\"it-IT\",\"potentialAction\":[{\"@type\":\"ReadAction\",\"target\":[\"https:\\\/\\\/www.msab.com\\\/it\\\/resources\\\/events-webinars\\\/msab-milano-2024\\\/\"]}]},{\"@type\":\"BreadcrumbList\",\"@id\":\"https:\\\/\\\/www.msab.com\\\/it\\\/resources\\\/events-webinars\\\/msab-milano-2024\\\/#breadcrumb\",\"itemListElement\":[{\"@type\":\"ListItem\",\"position\":1,\"name\":\"\",\"item\":\"https:\\\/\\\/www.msab.com\\\/it\\\/\"},{\"@type\":\"ListItem\",\"position\":2,\"name\":\"Resources\",\"item\":\"https:\\\/\\\/www.msab.com\\\/it\\\/resources\\\/\"},{\"@type\":\"ListItem\",\"position\":3,\"name\":\"Eventi &amp; Webinars\",\"item\":\"https:\\\/\\\/www.msab.com\\\/it\\\/resources\\\/events-webinars\\\/\"},{\"@type\":\"ListItem\",\"position\":4,\"name\":\"Milano 2024 &#8211; Sfide e Soluzioni\"}]},{\"@type\":\"WebSite\",\"@id\":\"https:\\\/\\\/www.msab.com\\\/it\\\/#website\",\"url\":\"https:\\\/\\\/www.msab.com\\\/it\\\/\",\"name\":\"MSAB\",\"description\":\"Trusted Partner in Digital Forensics\",\"publisher\":{\"@id\":\"https:\\\/\\\/www.msab.com\\\/it\\\/#organization\"},\"potentialAction\":[{\"@type\":\"SearchAction\",\"target\":{\"@type\":\"EntryPoint\",\"urlTemplate\":\"https:\\\/\\\/www.msab.com\\\/it\\\/?s={search_term_string}\"},\"query-input\":{\"@type\":\"PropertyValueSpecification\",\"valueRequired\":true,\"valueName\":\"search_term_string\"}}],\"inLanguage\":\"it-IT\"},{\"@type\":\"Organization\",\"@id\":\"https:\\\/\\\/www.msab.com\\\/it\\\/#organization\",\"name\":\"MSAB\",\"url\":\"https:\\\/\\\/www.msab.com\\\/it\\\/\",\"logo\":{\"@type\":\"ImageObject\",\"inLanguage\":\"it-IT\",\"@id\":\"https:\\\/\\\/www.msab.com\\\/it\\\/#\\\/schema\\\/logo\\\/image\\\/\",\"url\":\"https:\\\/\\\/www.msab.com\\\/wp-content\\\/uploads\\\/2023\\\/03\\\/MSAB-logo-Black-RGB.png\",\"contentUrl\":\"https:\\\/\\\/www.msab.com\\\/wp-content\\\/uploads\\\/2023\\\/03\\\/MSAB-logo-Black-RGB.png\",\"width\":1198,\"height\":353,\"caption\":\"MSAB\"},\"image\":{\"@id\":\"https:\\\/\\\/www.msab.com\\\/it\\\/#\\\/schema\\\/logo\\\/image\\\/\"},\"sameAs\":[\"https:\\\/\\\/www.facebook.com\\\/microsystemation\",\"https:\\\/\\\/x.com\\\/MSAB_XRY\",\"https:\\\/\\\/www.linkedin.com\\\/company\\\/micro-systemation\"]}]}<\/script>\n<!-- \/ Yoast SEO Premium plugin. -->","yoast_head_json":{"title":"Milano 2024 - Sfide e Soluzioni - MSAB","robots":{"index":"noindex","follow":"follow"},"og_locale":"it_IT","og_type":"article","og_title":"Milano 2024 - Sfide e Soluzioni","og_url":"https:\/\/www.msab.com\/it\/resources\/events-webinars\/msab-milano-2024\/","og_site_name":"MSAB","article_publisher":"https:\/\/www.facebook.com\/microsystemation","article_modified_time":"2024-02-02T15:52:14+00:00","twitter_card":"summary_large_image","twitter_site":"@MSAB_XRY","twitter_misc":{"Tempo di lettura stimato":"1 minuto"},"schema":{"@context":"https:\/\/schema.org","@graph":[{"@type":"WebPage","@id":"https:\/\/www.msab.com\/it\/resources\/events-webinars\/msab-milano-2024\/","url":"https:\/\/www.msab.com\/it\/resources\/events-webinars\/msab-milano-2024\/","name":"Milano 2024 - Sfide e Soluzioni - MSAB","isPartOf":{"@id":"https:\/\/www.msab.com\/it\/#website"},"datePublished":"2024-02-02T15:51:30+00:00","dateModified":"2024-02-02T15:52:14+00:00","breadcrumb":{"@id":"https:\/\/www.msab.com\/it\/resources\/events-webinars\/msab-milano-2024\/#breadcrumb"},"inLanguage":"it-IT","potentialAction":[{"@type":"ReadAction","target":["https:\/\/www.msab.com\/it\/resources\/events-webinars\/msab-milano-2024\/"]}]},{"@type":"BreadcrumbList","@id":"https:\/\/www.msab.com\/it\/resources\/events-webinars\/msab-milano-2024\/#breadcrumb","itemListElement":[{"@type":"ListItem","position":1,"name":"","item":"https:\/\/www.msab.com\/it\/"},{"@type":"ListItem","position":2,"name":"Resources","item":"https:\/\/www.msab.com\/it\/resources\/"},{"@type":"ListItem","position":3,"name":"Eventi &amp; Webinars","item":"https:\/\/www.msab.com\/it\/resources\/events-webinars\/"},{"@type":"ListItem","position":4,"name":"Milano 2024 &#8211; Sfide e Soluzioni"}]},{"@type":"WebSite","@id":"https:\/\/www.msab.com\/it\/#website","url":"https:\/\/www.msab.com\/it\/","name":"MSAB","description":"Trusted Partner in Digital Forensics","publisher":{"@id":"https:\/\/www.msab.com\/it\/#organization"},"potentialAction":[{"@type":"SearchAction","target":{"@type":"EntryPoint","urlTemplate":"https:\/\/www.msab.com\/it\/?s={search_term_string}"},"query-input":{"@type":"PropertyValueSpecification","valueRequired":true,"valueName":"search_term_string"}}],"inLanguage":"it-IT"},{"@type":"Organization","@id":"https:\/\/www.msab.com\/it\/#organization","name":"MSAB","url":"https:\/\/www.msab.com\/it\/","logo":{"@type":"ImageObject","inLanguage":"it-IT","@id":"https:\/\/www.msab.com\/it\/#\/schema\/logo\/image\/","url":"https:\/\/www.msab.com\/wp-content\/uploads\/2023\/03\/MSAB-logo-Black-RGB.png","contentUrl":"https:\/\/www.msab.com\/wp-content\/uploads\/2023\/03\/MSAB-logo-Black-RGB.png","width":1198,"height":353,"caption":"MSAB"},"image":{"@id":"https:\/\/www.msab.com\/it\/#\/schema\/logo\/image\/"},"sameAs":["https:\/\/www.facebook.com\/microsystemation","https:\/\/x.com\/MSAB_XRY","https:\/\/www.linkedin.com\/company\/micro-systemation"]}]}},"_links":{"self":[{"href":"https:\/\/www.msab.com\/it\/wp-json\/wp\/v2\/pages\/192545","targetHints":{"allow":["GET"]}}],"collection":[{"href":"https:\/\/www.msab.com\/it\/wp-json\/wp\/v2\/pages"}],"about":[{"href":"https:\/\/www.msab.com\/it\/wp-json\/wp\/v2\/types\/page"}],"author":[{"embeddable":true,"href":"https:\/\/www.msab.com\/it\/wp-json\/wp\/v2\/users\/11"}],"replies":[{"embeddable":true,"href":"https:\/\/www.msab.com\/it\/wp-json\/wp\/v2\/comments?post=192545"}],"version-history":[{"count":1,"href":"https:\/\/www.msab.com\/it\/wp-json\/wp\/v2\/pages\/192545\/revisions"}],"predecessor-version":[{"id":192554,"href":"https:\/\/www.msab.com\/it\/wp-json\/wp\/v2\/pages\/192545\/revisions\/192554"}],"up":[{"embeddable":true,"href":"https:\/\/www.msab.com\/it\/wp-json\/wp\/v2\/pages\/152731"}],"wp:attachment":[{"href":"https:\/\/www.msab.com\/it\/wp-json\/wp\/v2\/media?parent=192545"}],"curies":[{"name":"wp","href":"https:\/\/api.w.org\/{rel}","templated":true}]}}