{"id":185233,"date":"2022-01-24T14:11:11","date_gmt":"2022-01-24T13:11:11","guid":{"rendered":"https:\/\/www.msab.com\/resources\/events-webinars\/evento-msab-con-mbs-051023\/"},"modified":"2023-09-06T11:15:55","modified_gmt":"2023-09-06T09:15:55","slug":"evento-msab-con-mbs-051023","status":"publish","type":"page","link":"https:\/\/www.msab.com\/it\/resources\/events-webinars\/evento-msab-con-mbs-051023\/","title":{"rendered":"Roma Event [MBS] 2023"},"content":{"rendered":"\n<section id=\"\" class=\"block regular-hero  has-bg-img ovarlay-blue\" style=\"background-image: url(https:\/\/www.msab.com\/wp-content\/uploads\/2023\/03\/Header_Nordic_Workshop_2023.jpg);\">\n    <div class=\"container\">\n\n        <div class=\"text-wrapper text-white\">\n            <h1 class=\"heading h1\"><br>Sulle Tracce Digitali: Processi Estrattivi ed Analisi per un\u2019Indagine Efficace<\/h1>            <p class=\"intro\">Evento MSAB con <i>MBS Engineering<\/i> a Roma, October 5th, UNAWAY Empire Roma Hotel<\/p>\n                            <div class=\"btn-wrapper d-flex flex-wrap\">\n                    <a class=\"btn btn-primary normal\" href=\"#form-185236\" title=\"Registrati\" >Registrati<\/a>                <\/div><!--\/btn-wrapper-->\n                    <\/div><!--\/text-wrapper-->\n            <\/div><!--\/container-->\n<\/section>\n\n\n\n\n<section id=\"\" class=\"block regular-content   pt-regular pb-large bg-white\">\n    <div class=\"container regular\">\n                    <div class=\"editor-content\">\n                <p class=\"\"><img decoding=\"async\" class=\"alignleft size-large wp-image-185173\" src=\"https:\/\/www.msab.com\/wp-content\/uploads\/2023\/08\/Mod-Flyer-1024x538.jpg\" alt=\"\" width=\"1024\" height=\"538\" srcset=\"https:\/\/www.msab.com\/wp-content\/uploads\/2023\/08\/Mod-Flyer-1024x538.jpg 1024w, https:\/\/www.msab.com\/wp-content\/uploads\/2023\/08\/Mod-Flyer-300x158.jpg 300w, https:\/\/www.msab.com\/wp-content\/uploads\/2023\/08\/Mod-Flyer-768x403.jpg 768w, https:\/\/www.msab.com\/wp-content\/uploads\/2023\/08\/Mod-Flyer-33x17.jpg 33w, https:\/\/www.msab.com\/wp-content\/uploads\/2023\/08\/Mod-Flyer-102x54.jpg 102w, https:\/\/www.msab.com\/wp-content\/uploads\/2023\/08\/Mod-Flyer-500x263.jpg 500w, https:\/\/www.msab.com\/wp-content\/uploads\/2023\/08\/Mod-Flyer.jpg 1200w\" sizes=\"(max-width: 1024px) 100vw, 1024px\" \/><\/p>\n            <\/div><!--\/.editor-content-->\n                    <\/div><!--\/.container-->\n<\/section><!--\/.regular-content-->\n\n\n<section id=\"\" class=\"block regular-content   pt-large pb-large bg-white\">\n    <div class=\"container regular\">\n                    <\/div><!--\/.container-->\n<\/section><!--\/.regular-content-->\n\n\n<section id=\"\" class=\"block regular-content   pt-regular pb-regular bg-white\">\n    <div class=\"container regular\">\n                    <\/div><!--\/.container-->\n<\/section><!--\/.regular-content-->\n\n\n<section id=\"\" class=\"block regular-content   pt-large pb-large bg-white\">\n    <div class=\"container regular\">\n                    <div class=\"editor-content\">\n                <p>MSAB, in collaborazione con <a href=\"https:\/\/www.mbsengineering.it\/\">MBS Engineering<\/a>, organizza un evento in presenza che si svolger\u00e0 giorno 5\/10\/23 a Roma presso <a href=\"https:\/\/www.gruppouna.it\/unaway\/unaway-hotel-empire-roma?gclid=CjwKCAiA2fmdBhBpEiwA4CcHzVGb65Ye6Ap4njjwWMq6RBXMPQHFm3CSh78bPeOD-9WzcUyMBeChHhoCLD0QAvD_BwE&amp;gclsrc=aw.ds\">l\u2019Hotel Empire<\/a> dalle ore 8:30 alle ore 17:00.<\/p>\n<p>L\u2019argomento oggetto del meeting sar\u00e0: \u201c<strong>Sulle Tracce Digitali: Processi Estrattivi ed Analisi per un\u2019Indagine Efficace<\/strong>\u201d.<\/p>\n<p>Durante il corso della giornata gli ospiti avranno l\u2019opportunit\u00e0 di assistere a presentazioni di importanti esperti del settore Digital Foreniscs, esponenti di pubbliche autorit\u00e0 europee ed esperti italiani delle relative realt\u00e0 aziendali coinvolte.<\/p>\n<p>L\u2019evento \u00e8 gratuito, ma \u00e8 necessario registrarsi al link in quanto i posti sono limitati.<\/p>\n<p>&nbsp;<\/p>\n<p><a class=\"btn btn-primary\" href=\"#form-185236\">Registrati<\/a><\/p>\n            <\/div><!--\/.editor-content-->\n                    <\/div><!--\/.container-->\n<\/section><!--\/.regular-content-->\n\n\n    <style>\n                    #block_12afe9e3a2ca5690df915034d9a5eadf {\n                background-image: url(https:\/\/www.msab.com\/wp-content\/uploads\/2021\/08\/Gradient.png);\n            }\n                            @media (max-width: 576px) {\n                #block_12afe9e3a2ca5690df915034d9a5eadf {\n                    background-image: url(https:\/\/www.msab.com\/wp-content\/uploads\/2021\/08\/Gradient.png);\n                }\n            }\n            <\/style>\n\n<section id=\"block_12afe9e3a2ca5690df915034d9a5eadf\" class=\"block cta-with-bg-img text-white left-layout \">\n    <div class=\"container\" id=\"\">\n                    <div class=\"text-wrapper\">\n                <p class=\"intro\" style=\"text-align: left;\"><span style=\"color: #ffffff;\">Per informazioni o per esprimere particolari necessit\u00e0 potete contattare direttamente <strong>Giovanni Maria Castoldi<\/strong> ai seguenti contatti:<\/span><\/p>\n<p class=\"intro\"><span style=\"color: #ffffff;\">Mail: <a style=\"color: #ffffff;\" href=\"mailto:giovanni.maria.castoldi@msab.com\">giovanni.maria.castoldi@msab.com<\/a><br \/>\n<\/span><span style=\"color: #ffffff;\">Mobile: 3395673597<\/span><\/p>\n            <\/div>\n            <\/div><!--\/container-->\n<\/section>","protected":false},"excerpt":{"rendered":"","protected":false},"author":11,"featured_media":0,"parent":152731,"menu_order":0,"comment_status":"closed","ping_status":"closed","template":"","meta":{"_acf_changed":false,"footnotes":""},"class_list":["post-185233","page","type-page","status-publish","hentry"],"acf":[],"yoast_head":"<!-- This site is optimized with the Yoast SEO Premium plugin v25.0 (Yoast SEO v27.4) - https:\/\/yoast.com\/product\/yoast-seo-premium-wordpress\/ -->\n<title>Roma Event [MBS] 2023 - MSAB<\/title>\n<meta name=\"robots\" content=\"noindex, nofollow\" \/>\n<meta property=\"og:locale\" content=\"it_IT\" \/>\n<meta property=\"og:type\" content=\"article\" \/>\n<meta property=\"og:title\" content=\"Roma Event [MBS] 2023\" \/>\n<meta property=\"og:url\" content=\"https:\/\/www.msab.com\/it\/resources\/events-webinars\/evento-msab-con-mbs-051023\/\" \/>\n<meta property=\"og:site_name\" content=\"MSAB\" \/>\n<meta property=\"article:publisher\" content=\"https:\/\/www.facebook.com\/microsystemation\" \/>\n<meta property=\"article:modified_time\" content=\"2023-09-06T09:15:55+00:00\" \/>\n<meta name=\"twitter:card\" content=\"summary_large_image\" \/>\n<meta name=\"twitter:site\" content=\"@MSAB_XRY\" \/>\n<script type=\"application\/ld+json\" class=\"yoast-schema-graph\">{\"@context\":\"https:\\\/\\\/schema.org\",\"@graph\":[{\"@type\":\"WebPage\",\"@id\":\"https:\\\/\\\/www.msab.com\\\/it\\\/resources\\\/events-webinars\\\/evento-msab-con-mbs-051023\\\/\",\"url\":\"https:\\\/\\\/www.msab.com\\\/it\\\/resources\\\/events-webinars\\\/evento-msab-con-mbs-051023\\\/\",\"name\":\"Roma Event [MBS] 2023 - MSAB\",\"isPartOf\":{\"@id\":\"https:\\\/\\\/www.msab.com\\\/it\\\/#website\"},\"datePublished\":\"2022-01-24T13:11:11+00:00\",\"dateModified\":\"2023-09-06T09:15:55+00:00\",\"breadcrumb\":{\"@id\":\"https:\\\/\\\/www.msab.com\\\/it\\\/resources\\\/events-webinars\\\/evento-msab-con-mbs-051023\\\/#breadcrumb\"},\"inLanguage\":\"it-IT\",\"potentialAction\":[{\"@type\":\"ReadAction\",\"target\":[\"https:\\\/\\\/www.msab.com\\\/it\\\/resources\\\/events-webinars\\\/evento-msab-con-mbs-051023\\\/\"]}]},{\"@type\":\"BreadcrumbList\",\"@id\":\"https:\\\/\\\/www.msab.com\\\/it\\\/resources\\\/events-webinars\\\/evento-msab-con-mbs-051023\\\/#breadcrumb\",\"itemListElement\":[{\"@type\":\"ListItem\",\"position\":1,\"name\":\"\",\"item\":\"https:\\\/\\\/www.msab.com\\\/it\\\/\"},{\"@type\":\"ListItem\",\"position\":2,\"name\":\"Resources\",\"item\":\"https:\\\/\\\/www.msab.com\\\/it\\\/resources\\\/\"},{\"@type\":\"ListItem\",\"position\":3,\"name\":\"Eventi &amp; Webinars\",\"item\":\"https:\\\/\\\/www.msab.com\\\/it\\\/resources\\\/events-webinars\\\/\"},{\"@type\":\"ListItem\",\"position\":4,\"name\":\"Roma Event [MBS] 2023\"}]},{\"@type\":\"WebSite\",\"@id\":\"https:\\\/\\\/www.msab.com\\\/it\\\/#website\",\"url\":\"https:\\\/\\\/www.msab.com\\\/it\\\/\",\"name\":\"MSAB\",\"description\":\"Trusted Partner in Digital Forensics\",\"publisher\":{\"@id\":\"https:\\\/\\\/www.msab.com\\\/it\\\/#organization\"},\"potentialAction\":[{\"@type\":\"SearchAction\",\"target\":{\"@type\":\"EntryPoint\",\"urlTemplate\":\"https:\\\/\\\/www.msab.com\\\/it\\\/?s={search_term_string}\"},\"query-input\":{\"@type\":\"PropertyValueSpecification\",\"valueRequired\":true,\"valueName\":\"search_term_string\"}}],\"inLanguage\":\"it-IT\"},{\"@type\":\"Organization\",\"@id\":\"https:\\\/\\\/www.msab.com\\\/it\\\/#organization\",\"name\":\"MSAB\",\"url\":\"https:\\\/\\\/www.msab.com\\\/it\\\/\",\"logo\":{\"@type\":\"ImageObject\",\"inLanguage\":\"it-IT\",\"@id\":\"https:\\\/\\\/www.msab.com\\\/it\\\/#\\\/schema\\\/logo\\\/image\\\/\",\"url\":\"https:\\\/\\\/www.msab.com\\\/wp-content\\\/uploads\\\/2023\\\/03\\\/MSAB-logo-Black-RGB.png\",\"contentUrl\":\"https:\\\/\\\/www.msab.com\\\/wp-content\\\/uploads\\\/2023\\\/03\\\/MSAB-logo-Black-RGB.png\",\"width\":1198,\"height\":353,\"caption\":\"MSAB\"},\"image\":{\"@id\":\"https:\\\/\\\/www.msab.com\\\/it\\\/#\\\/schema\\\/logo\\\/image\\\/\"},\"sameAs\":[\"https:\\\/\\\/www.facebook.com\\\/microsystemation\",\"https:\\\/\\\/x.com\\\/MSAB_XRY\",\"https:\\\/\\\/www.linkedin.com\\\/company\\\/micro-systemation\"]}]}<\/script>\n<!-- \/ Yoast SEO Premium plugin. -->","yoast_head_json":{"title":"Roma Event [MBS] 2023 - MSAB","robots":{"index":"noindex","follow":"nofollow"},"og_locale":"it_IT","og_type":"article","og_title":"Roma Event [MBS] 2023","og_url":"https:\/\/www.msab.com\/it\/resources\/events-webinars\/evento-msab-con-mbs-051023\/","og_site_name":"MSAB","article_publisher":"https:\/\/www.facebook.com\/microsystemation","article_modified_time":"2023-09-06T09:15:55+00:00","twitter_card":"summary_large_image","twitter_site":"@MSAB_XRY","schema":{"@context":"https:\/\/schema.org","@graph":[{"@type":"WebPage","@id":"https:\/\/www.msab.com\/it\/resources\/events-webinars\/evento-msab-con-mbs-051023\/","url":"https:\/\/www.msab.com\/it\/resources\/events-webinars\/evento-msab-con-mbs-051023\/","name":"Roma Event [MBS] 2023 - MSAB","isPartOf":{"@id":"https:\/\/www.msab.com\/it\/#website"},"datePublished":"2022-01-24T13:11:11+00:00","dateModified":"2023-09-06T09:15:55+00:00","breadcrumb":{"@id":"https:\/\/www.msab.com\/it\/resources\/events-webinars\/evento-msab-con-mbs-051023\/#breadcrumb"},"inLanguage":"it-IT","potentialAction":[{"@type":"ReadAction","target":["https:\/\/www.msab.com\/it\/resources\/events-webinars\/evento-msab-con-mbs-051023\/"]}]},{"@type":"BreadcrumbList","@id":"https:\/\/www.msab.com\/it\/resources\/events-webinars\/evento-msab-con-mbs-051023\/#breadcrumb","itemListElement":[{"@type":"ListItem","position":1,"name":"","item":"https:\/\/www.msab.com\/it\/"},{"@type":"ListItem","position":2,"name":"Resources","item":"https:\/\/www.msab.com\/it\/resources\/"},{"@type":"ListItem","position":3,"name":"Eventi &amp; Webinars","item":"https:\/\/www.msab.com\/it\/resources\/events-webinars\/"},{"@type":"ListItem","position":4,"name":"Roma Event [MBS] 2023"}]},{"@type":"WebSite","@id":"https:\/\/www.msab.com\/it\/#website","url":"https:\/\/www.msab.com\/it\/","name":"MSAB","description":"Trusted Partner in Digital Forensics","publisher":{"@id":"https:\/\/www.msab.com\/it\/#organization"},"potentialAction":[{"@type":"SearchAction","target":{"@type":"EntryPoint","urlTemplate":"https:\/\/www.msab.com\/it\/?s={search_term_string}"},"query-input":{"@type":"PropertyValueSpecification","valueRequired":true,"valueName":"search_term_string"}}],"inLanguage":"it-IT"},{"@type":"Organization","@id":"https:\/\/www.msab.com\/it\/#organization","name":"MSAB","url":"https:\/\/www.msab.com\/it\/","logo":{"@type":"ImageObject","inLanguage":"it-IT","@id":"https:\/\/www.msab.com\/it\/#\/schema\/logo\/image\/","url":"https:\/\/www.msab.com\/wp-content\/uploads\/2023\/03\/MSAB-logo-Black-RGB.png","contentUrl":"https:\/\/www.msab.com\/wp-content\/uploads\/2023\/03\/MSAB-logo-Black-RGB.png","width":1198,"height":353,"caption":"MSAB"},"image":{"@id":"https:\/\/www.msab.com\/it\/#\/schema\/logo\/image\/"},"sameAs":["https:\/\/www.facebook.com\/microsystemation","https:\/\/x.com\/MSAB_XRY","https:\/\/www.linkedin.com\/company\/micro-systemation"]}]}},"_links":{"self":[{"href":"https:\/\/www.msab.com\/it\/wp-json\/wp\/v2\/pages\/185233","targetHints":{"allow":["GET"]}}],"collection":[{"href":"https:\/\/www.msab.com\/it\/wp-json\/wp\/v2\/pages"}],"about":[{"href":"https:\/\/www.msab.com\/it\/wp-json\/wp\/v2\/types\/page"}],"author":[{"embeddable":true,"href":"https:\/\/www.msab.com\/it\/wp-json\/wp\/v2\/users\/11"}],"replies":[{"embeddable":true,"href":"https:\/\/www.msab.com\/it\/wp-json\/wp\/v2\/comments?post=185233"}],"version-history":[{"count":6,"href":"https:\/\/www.msab.com\/it\/wp-json\/wp\/v2\/pages\/185233\/revisions"}],"predecessor-version":[{"id":185416,"href":"https:\/\/www.msab.com\/it\/wp-json\/wp\/v2\/pages\/185233\/revisions\/185416"}],"up":[{"embeddable":true,"href":"https:\/\/www.msab.com\/it\/wp-json\/wp\/v2\/pages\/152731"}],"wp:attachment":[{"href":"https:\/\/www.msab.com\/it\/wp-json\/wp\/v2\/media?parent=185233"}],"curies":[{"name":"wp","href":"https:\/\/api.w.org\/{rel}","templated":true}]}}