{"id":171102,"date":"2021-10-31T12:16:39","date_gmt":"2021-10-31T11:16:39","guid":{"rendered":"https:\/\/www.msab.com\/?page_id=171102"},"modified":"2024-08-26T11:44:15","modified_gmt":"2024-08-26T09:44:15","slug":"soluzioni-e-servizi","status":"publish","type":"page","link":"https:\/\/www.msab.com\/it\/soluzioni-e-servizi\/","title":{"rendered":"Soluzioni e servizi"},"content":{"rendered":"\n<section id=\"\" class=\"block regular-hero  has-bg-img ovarlay-dark\" style=\"background-image: url(https:\/\/www.msab.com\/wp-content\/uploads\/2021\/10\/Industries-hero_Alt.jpg);\">\n    <div class=\"container\">\n\n        <div class=\"text-wrapper text-white\">\n            <h1 class=\"heading title\">Accelerare le operazioni di analisi forense dei dispositivi digitali<\/h1>            \n                    <\/div><!--\/text-wrapper-->\n        <div class=\"breadcrumb-part dark\"><nav id=\"breadcrumbs\" class=\"bread-nav\"><span><span><a href=\"https:\/\/www.msab.com\/it\/\"><i class=\"fas fa-home\"><\/i><\/a><\/span><\/span><\/nav><\/div>    <\/div><!--\/container-->\n<\/section>\n\n\n\n<section id=\"\" class=\"block link-cards bg-white \">\n    <div class=\"container\">\n                    <div class=\"text-wrapper text-center\">\n                <h2>Riconsiderate i vostri processi per scoprire prove digitali su cui potete fare affidamento<\/h2>\n<p>Se operate nell\u2019ambito delle forze dell&#8217;ordine, degli istituti correttivi, del controllo delle frontiere, delle dogane, dell&#8217;esercito o di un campo correlato, vi offriamo una combinazione personalizzata di strumenti e servizi di analisi forense dei dispositivi digitali a supporto delle vostre missioni.<\/p>\n            <\/div>\n                            <div class=\"card-wrap d-flex justify-content-center card-wrap--three\">\n                \n                    <div class=\"card-col\">\n                        <a href=\"https:\/\/www.msab.com\/industries\/law-enforcement\/\" class=\"card card-style-2\" title=\"Forze dell\u2019ordine\" target=\"_blank\">\n                                                            <div class=\"img-wrapper\">\n                                    <img decoding=\"async\" width=\"1200\" height=\"800\" src=\"https:\/\/www.msab.com\/wp-content\/uploads\/2021\/09\/20190321_MSAB_1_POLICE_0086_JPG.jpg\" class=\"attachment-full size-full\" alt=\"\" srcset=\"https:\/\/www.msab.com\/wp-content\/uploads\/2021\/09\/20190321_MSAB_1_POLICE_0086_JPG.jpg 1200w, https:\/\/www.msab.com\/wp-content\/uploads\/2021\/09\/20190321_MSAB_1_POLICE_0086_JPG-300x200.jpg 300w, https:\/\/www.msab.com\/wp-content\/uploads\/2021\/09\/20190321_MSAB_1_POLICE_0086_JPG-1024x683.jpg 1024w, https:\/\/www.msab.com\/wp-content\/uploads\/2021\/09\/20190321_MSAB_1_POLICE_0086_JPG-768x512.jpg 768w, https:\/\/www.msab.com\/wp-content\/uploads\/2021\/09\/20190321_MSAB_1_POLICE_0086_JPG-33x22.jpg 33w, https:\/\/www.msab.com\/wp-content\/uploads\/2021\/09\/20190321_MSAB_1_POLICE_0086_JPG-102x68.jpg 102w\" sizes=\"(max-width: 1200px) 100vw, 1200px\" \/>                                <\/div>\n                                                        <div class=\"link-text-wrapper\">\n                                                                    <p class=\"link-title\">Forze dell\u2019ordine<\/p>\n                                                                            <p class=\"link-text\">Possiamo aiutare la vostra organizzazione a realizzare il pieno potenziale dell\u2019analisi forense applicata ai dispositivi mobili e a risolvere un maggior numero di casi. Scoprite come potete sviluppare strategie e capacit\u00e0.\r\n<\/p>\n                                                                        <i class=\"far fa-arrow-right\"><\/i><\/span>\n                                                            <\/div>\n                        <\/a><!--\/card-->\n                    <\/div><!--\/col-->\n\n                \n                    <div class=\"card-col\">\n                        <a href=\"https:\/\/www.msab.com\/industries\/border-control\/\" class=\"card card-style-2\" title=\"Controllo delle frontiere\" target=\"_blank\">\n                                                            <div class=\"img-wrapper\">\n                                    <img decoding=\"async\" width=\"1651\" height=\"1101\" src=\"https:\/\/www.msab.com\/wp-content\/uploads\/2021\/09\/20190321_MSAB_12_CUSTOMS-AIRPORT_2121.jpg\" class=\"attachment-full size-full\" alt=\"\" srcset=\"https:\/\/www.msab.com\/wp-content\/uploads\/2021\/09\/20190321_MSAB_12_CUSTOMS-AIRPORT_2121.jpg 1651w, https:\/\/www.msab.com\/wp-content\/uploads\/2021\/09\/20190321_MSAB_12_CUSTOMS-AIRPORT_2121-300x200.jpg 300w, https:\/\/www.msab.com\/wp-content\/uploads\/2021\/09\/20190321_MSAB_12_CUSTOMS-AIRPORT_2121-1024x683.jpg 1024w, https:\/\/www.msab.com\/wp-content\/uploads\/2021\/09\/20190321_MSAB_12_CUSTOMS-AIRPORT_2121-768x512.jpg 768w, https:\/\/www.msab.com\/wp-content\/uploads\/2021\/09\/20190321_MSAB_12_CUSTOMS-AIRPORT_2121-1536x1024.jpg 1536w, https:\/\/www.msab.com\/wp-content\/uploads\/2021\/09\/20190321_MSAB_12_CUSTOMS-AIRPORT_2121-33x22.jpg 33w, https:\/\/www.msab.com\/wp-content\/uploads\/2021\/09\/20190321_MSAB_12_CUSTOMS-AIRPORT_2121-102x68.jpg 102w, https:\/\/www.msab.com\/wp-content\/uploads\/2021\/09\/20190321_MSAB_12_CUSTOMS-AIRPORT_2121-1240x827.jpg 1240w\" sizes=\"(max-width: 1651px) 100vw, 1651px\" \/>                                <\/div>\n                                                        <div class=\"link-text-wrapper\">\n                                                                    <p class=\"link-title\">Controllo delle frontiere<\/p>\n                                                                            <p class=\"link-text\">I telefoni cellulari, cos\u00ec come gli altri dispositivi digitali, spesso contengono la verit\u00e0 sull&#8217;identit\u00e0 di qualcuno. Contribuiamo alla sicurezza doganale e di frontiera con efficaci strumenti di controllo.\r\n<\/p>\n                                                                        <i class=\"far fa-arrow-right\"><\/i><\/span>\n                                                            <\/div>\n                        <\/a><!--\/card-->\n                    <\/div><!--\/col-->\n\n                \n                    <div class=\"card-col\">\n                        <a href=\"https:\/\/www.msab.com\/industries\/military\/\" class=\"card card-style-2\" title=\"Forze armate\" target=\"_blank\">\n                                                            <div class=\"img-wrapper\">\n                                    <img decoding=\"async\" width=\"8256\" height=\"5828\" src=\"https:\/\/www.msab.com\/wp-content\/uploads\/2021\/09\/20190321_MSAB_17_MILITARY_1657-scaled.jpg\" class=\"attachment-full size-full\" alt=\"\" \/>                                <\/div>\n                                                        <div class=\"link-text-wrapper\">\n                                                                    <p class=\"link-title\">Forze armate<\/p>\n                                                                            <p class=\"link-text\">Sfruttate i dati dei dispositivi mobili per portare a termine con successo le vostre missioni, sia in patria che all&#8217;estero, grazie a strumenti altamente portatili ed efficaci, sviluppati appositamente per le organizzazioni militari.\r\n<\/p>\n                                                                        <i class=\"far fa-arrow-right\"><\/i><\/span>\n                                                            <\/div>\n                        <\/a><!--\/card-->\n                    <\/div><!--\/col-->\n\n                \n                    <div class=\"card-col\">\n                        <a href=\"https:\/\/www.msab.com\/industries\/corrections\/\" class=\"card card-style-2\" title=\"Istituti correttivi\" target=\"_blank\">\n                                                            <div class=\"img-wrapper\">\n                                    <img decoding=\"async\" width=\"1200\" height=\"800\" src=\"https:\/\/www.msab.com\/wp-content\/uploads\/2021\/09\/20190321_MSAB_14_CORRECTIONS_2338_JPG.jpg\" class=\"attachment-full size-full\" alt=\"\" srcset=\"https:\/\/www.msab.com\/wp-content\/uploads\/2021\/09\/20190321_MSAB_14_CORRECTIONS_2338_JPG.jpg 1200w, https:\/\/www.msab.com\/wp-content\/uploads\/2021\/09\/20190321_MSAB_14_CORRECTIONS_2338_JPG-300x200.jpg 300w, https:\/\/www.msab.com\/wp-content\/uploads\/2021\/09\/20190321_MSAB_14_CORRECTIONS_2338_JPG-1024x683.jpg 1024w, https:\/\/www.msab.com\/wp-content\/uploads\/2021\/09\/20190321_MSAB_14_CORRECTIONS_2338_JPG-768x512.jpg 768w, https:\/\/www.msab.com\/wp-content\/uploads\/2021\/09\/20190321_MSAB_14_CORRECTIONS_2338_JPG-33x22.jpg 33w, https:\/\/www.msab.com\/wp-content\/uploads\/2021\/09\/20190321_MSAB_14_CORRECTIONS_2338_JPG-102x68.jpg 102w\" sizes=\"(max-width: 1200px) 100vw, 1200px\" \/>                                <\/div>\n                                                        <div class=\"link-text-wrapper\">\n                                                                    <p class=\"link-title\">Istituti correttivi<\/p>\n                                                                            <p class=\"link-text\">Telefoni di contrabbando, droni e altri dispositivi contengono prove critiche. Noi offriamo alle vostre organizzazioni il modo di accedervi e di utilizzare i dati a supporto delle vostre missioni.<\/p>\n                                                                        <i class=\"far fa-arrow-right\"><\/i><\/span>\n                                                            <\/div>\n                        <\/a><!--\/card-->\n                    <\/div><!--\/col-->\n\n                \n                    <div class=\"card-col\">\n                        <a href=\"https:\/\/www.msab.com\/it\/industries\/ediscovery\/\" class=\"card card-style-2\" title=\"eDiscovery\" >\n                                                            <div class=\"img-wrapper\">\n                                    <img decoding=\"async\" width=\"2000\" height=\"1333\" src=\"https:\/\/www.msab.com\/wp-content\/uploads\/2024\/08\/MSAB-e-Discovery.jpg\" class=\"attachment-full size-full\" alt=\"\" srcset=\"https:\/\/www.msab.com\/wp-content\/uploads\/2024\/08\/MSAB-e-Discovery.jpg 2000w, https:\/\/www.msab.com\/wp-content\/uploads\/2024\/08\/MSAB-e-Discovery-300x200.jpg 300w, https:\/\/www.msab.com\/wp-content\/uploads\/2024\/08\/MSAB-e-Discovery-1024x682.jpg 1024w, https:\/\/www.msab.com\/wp-content\/uploads\/2024\/08\/MSAB-e-Discovery-768x512.jpg 768w, https:\/\/www.msab.com\/wp-content\/uploads\/2024\/08\/MSAB-e-Discovery-1536x1024.jpg 1536w, https:\/\/www.msab.com\/wp-content\/uploads\/2024\/08\/MSAB-e-Discovery-33x22.jpg 33w, https:\/\/www.msab.com\/wp-content\/uploads\/2024\/08\/MSAB-e-Discovery-102x68.jpg 102w, https:\/\/www.msab.com\/wp-content\/uploads\/2024\/08\/MSAB-e-Discovery-1240x826.jpg 1240w, https:\/\/www.msab.com\/wp-content\/uploads\/2024\/08\/MSAB-e-Discovery-500x333.jpg 500w\" sizes=\"(max-width: 2000px) 100vw, 2000px\" \/>                                <\/div>\n                                                        <div class=\"link-text-wrapper\">\n                                                                    <p class=\"link-title\">eDiscovery<\/p>\n                                                                            <p class=\"link-text\">I dati dei dispositivi mobili continuano ad aumentare nell\u2019ambito dell&#8217;eDiscovery; possiamo aiutare la vostra organizzazione e metterla in grado di esplorare e valutare a fondo i contenuti provenienti dai dispositivi mobili.<\/p>\n                                                                        <i class=\"far fa-arrow-right\"><\/i><\/span>\n                                                            <\/div>\n                        <\/a><!--\/card-->\n                    <\/div><!--\/col-->\n\n                            <\/div><!--\/card-wrap-->\n            <\/div><!--\/container-->\n<\/section>\n\n\n<section id=\"\" class=\"block two-cards bg-blue-gradient \">\n    <div class=\"container\">\n                <div class=\"top-text editor-content left text-white\">\n            <h2><span lang=\"EN-US\">Ci\u00f2 che conta \u00e8 il recupero di prove digitali ottimali.<\/span><\/h2>\n<p>MSAB vi offre le migliori soluzioni di analisi forense dei dispositivi mobili disponibili sul mercato, con le quali sarete in grado di accelerare le vostre operazioni, per acquisire e analizzare facilmente le prove e le informazioni riservate recuperate da un numero elevatissimo di dispositivi mobili grazie a maggiori funzionalit\u00e0 e capacit\u00e0 di controllo.<\/p>\n        <\/div>\n                <div class=\"two-cards__row d-flex\">\n                        <div class=\"two-cards__card-wrap\">\n\n                <div class=\"two-cards__card\">\n                                        <div class=\"two-cards__card--image-wrap\">\n                        <img decoding=\"async\" width=\"2560\" height=\"1707\" src=\"https:\/\/www.msab.com\/wp-content\/uploads\/2021\/08\/Frontline_Law_Enforcement_1_2021-2-scaled.jpg\" class=\"attachment-full size-full\" alt=\"\" srcset=\"https:\/\/www.msab.com\/wp-content\/uploads\/2021\/08\/Frontline_Law_Enforcement_1_2021-2-scaled.jpg 2560w, https:\/\/www.msab.com\/wp-content\/uploads\/2021\/08\/Frontline_Law_Enforcement_1_2021-2-300x200.jpg 300w, https:\/\/www.msab.com\/wp-content\/uploads\/2021\/08\/Frontline_Law_Enforcement_1_2021-2-1024x683.jpg 1024w, https:\/\/www.msab.com\/wp-content\/uploads\/2021\/08\/Frontline_Law_Enforcement_1_2021-2-768x512.jpg 768w, https:\/\/www.msab.com\/wp-content\/uploads\/2021\/08\/Frontline_Law_Enforcement_1_2021-2-1536x1024.jpg 1536w, https:\/\/www.msab.com\/wp-content\/uploads\/2021\/08\/Frontline_Law_Enforcement_1_2021-2-2048x1365.jpg 2048w, https:\/\/www.msab.com\/wp-content\/uploads\/2021\/08\/Frontline_Law_Enforcement_1_2021-2-33x22.jpg 33w, https:\/\/www.msab.com\/wp-content\/uploads\/2021\/08\/Frontline_Law_Enforcement_1_2021-2-102x68.jpg 102w, https:\/\/www.msab.com\/wp-content\/uploads\/2021\/08\/Frontline_Law_Enforcement_1_2021-2-1240x827.jpg 1240w\" sizes=\"(max-width: 2560px) 100vw, 2560px\" \/>                    <\/div><!--\/.two-cards__card--image-wrap-->\n                                        <div class=\"two-cards__card--content-wrap editor-content bg-white\">\n                                                <h4 class=\"two-cards__card--title\">Estrazioni in prima linea <\/h4>\n                                                <p class=\"two-cards__card--intro\">MSAB comprende le difficolt\u00e0 che il personale in prima linea affronta nelle ore iniziali e pi\u00f9 critiche delle operazioni. Deve trovare prove e informazioni vitali il pi\u00f9 rapidamente possibile.\u00a0\u00a0\u00a0\u00a0\u00a0\u00a0\u00a0\u00a0\r\nPossiamo aiutarvi.\r\n<\/p>\n                                                <p class=\"two-cards__card--link\"><a href=\"https:\/\/www.msab.com\/products\/platforms\/\" title=\"Ulteriori informazioni sulle soluzioni pi\u00f9 adatte al vostro team.\" target=\"_blank\" >Ulteriori informazioni sulle soluzioni pi\u00f9 adatte al vostro team.<\/a><\/p>\n                                            <\/div><!--\/.two-cards__card--content-wrap-->\n                <\/div><!--\/.two-cards__card-->\n\n            <\/div><!--\/.two-cards__card-wrap-->\n                        <div class=\"two-cards__card-wrap\">\n\n                <div class=\"two-cards__card\">\n                                        <div class=\"two-cards__card--image-wrap\">\n                        <img decoding=\"async\" width=\"2560\" height=\"1742\" src=\"https:\/\/www.msab.com\/wp-content\/uploads\/2021\/10\/Extract_XRY_Lab_1_2021_Cropped-scaled-e1731514818748.jpg\" class=\"attachment-full size-full\" alt=\"\" \/>                    <\/div><!--\/.two-cards__card--image-wrap-->\n                                        <div class=\"two-cards__card--content-wrap editor-content bg-white\">\n                                                <h4 class=\"two-cards__card--title\">Estrazioni di laboratorio <\/h4>\n                                                <p class=\"two-cards__card--intro\">I moderni laboratori forensi necessitano di soluzioni capaci di bypassare i blocchi dei dispositivi, acquisire i codici di accesso, estrarre e decodificare prove digitali e informazioni riservate o segrete con la massima rapidit\u00e0 e in modo corretto dal punto di vista forense.\r\nPossiamo aiutarvi.\r\n<\/p>\n                                                <p class=\"two-cards__card--link\"><a href=\"https:\/\/www.msab.com\/product\/analyze\/\" title=\"Ulteriori informazioni sulla nostra soluzione di analisi forense digitale. \" target=\"_blank\" >Ulteriori informazioni sulla nostra soluzione di analisi forense digitale. <\/a><\/p>\n                                            <\/div><!--\/.two-cards__card--content-wrap-->\n                <\/div><!--\/.two-cards__card-->\n\n            <\/div><!--\/.two-cards__card-wrap-->\n                    <\/div><!--\/.two-cards__row-->\n            <\/div><!--\/.container-->\n<\/section>\n\n\n<section id=\"\" class=\"block form bg-light-grey \">\n    <div class=\"container narrow\">\n\n    \n        \n            <div class=\"form-wrap\">\n                <div\r\n        data-form-id='9e9bcb2a-1890-f011-b4cc-7c1e52fb5478'\r\n        data-form-api-url='https:\/\/public-eur.mkt.dynamics.com\/api\/v1.0\/orgs\/209eda7e-bbd7-45fb-82d9-810028103c6d\/landingpageforms'\r\n        data-cached-form-url='https:\/\/assets-eur.mkt.dynamics.com\/209eda7e-bbd7-45fb-82d9-810028103c6d\/digitalassets\/forms\/9e9bcb2a-1890-f011-b4cc-7c1e52fb5478' ><\/div>\r\n        <script src = 'https:\/\/cxppusa1formui01cdnsa01-endpoint.azureedge.net\/eur\/FormLoader\/FormLoader.bundle.js' ><\/script>            <\/div><!--\/.form-wrap-->\n\n        \n    \n    <\/div><!--\/.container-->\n<\/section>","protected":false},"excerpt":{"rendered":"","protected":false},"author":96,"featured_media":0,"parent":0,"menu_order":0,"comment_status":"closed","ping_status":"closed","template":"","meta":{"_acf_changed":false,"footnotes":""},"class_list":["post-171102","page","type-page","status-publish","hentry"],"acf":[],"yoast_head":"<!-- This site is optimized with the Yoast SEO Premium plugin v25.0 (Yoast SEO v27.5) - https:\/\/yoast.com\/product\/yoast-seo-premium-wordpress\/ -->\n<title>Soluzioni e servizi - MSAB<\/title>\n<meta name=\"robots\" content=\"index, follow, max-snippet:-1, max-image-preview:large, max-video-preview:-1\" \/>\n<link rel=\"canonical\" href=\"https:\/\/www.msab.com\/it\/soluzioni-e-servizi\/\" \/>\n<meta property=\"og:locale\" content=\"it_IT\" \/>\n<meta property=\"og:type\" content=\"article\" \/>\n<meta property=\"og:title\" content=\"Soluzioni e servizi\" \/>\n<meta property=\"og:url\" content=\"https:\/\/www.msab.com\/it\/soluzioni-e-servizi\/\" \/>\n<meta property=\"og:site_name\" content=\"MSAB\" \/>\n<meta property=\"article:publisher\" content=\"https:\/\/www.facebook.com\/microsystemation\" \/>\n<meta property=\"article:modified_time\" content=\"2024-08-26T09:44:15+00:00\" \/>\n<meta name=\"twitter:card\" content=\"summary_large_image\" \/>\n<meta name=\"twitter:site\" content=\"@MSAB_XRY\" \/>\n<meta name=\"twitter:label1\" content=\"Tempo di lettura stimato\" \/>\n\t<meta name=\"twitter:data1\" content=\"4 minuti\" \/>\n<script type=\"application\/ld+json\" class=\"yoast-schema-graph\">{\"@context\":\"https:\\\/\\\/schema.org\",\"@graph\":[{\"@type\":\"WebPage\",\"@id\":\"https:\\\/\\\/www.msab.com\\\/it\\\/soluzioni-e-servizi\\\/\",\"url\":\"https:\\\/\\\/www.msab.com\\\/it\\\/soluzioni-e-servizi\\\/\",\"name\":\"Soluzioni e servizi - MSAB\",\"isPartOf\":{\"@id\":\"https:\\\/\\\/www.msab.com\\\/it\\\/#website\"},\"datePublished\":\"2021-10-31T11:16:39+00:00\",\"dateModified\":\"2024-08-26T09:44:15+00:00\",\"breadcrumb\":{\"@id\":\"https:\\\/\\\/www.msab.com\\\/it\\\/soluzioni-e-servizi\\\/#breadcrumb\"},\"inLanguage\":\"it-IT\",\"potentialAction\":[{\"@type\":\"ReadAction\",\"target\":[\"https:\\\/\\\/www.msab.com\\\/it\\\/soluzioni-e-servizi\\\/\"]}]},{\"@type\":\"BreadcrumbList\",\"@id\":\"https:\\\/\\\/www.msab.com\\\/it\\\/soluzioni-e-servizi\\\/#breadcrumb\",\"itemListElement\":[{\"@type\":\"ListItem\",\"position\":1,\"name\":\"\",\"item\":\"https:\\\/\\\/www.msab.com\\\/it\\\/\"},{\"@type\":\"ListItem\",\"position\":2,\"name\":\"Soluzioni e servizi\"}]},{\"@type\":\"WebSite\",\"@id\":\"https:\\\/\\\/www.msab.com\\\/it\\\/#website\",\"url\":\"https:\\\/\\\/www.msab.com\\\/it\\\/\",\"name\":\"MSAB\",\"description\":\"Trusted Partner in Digital Forensics\",\"publisher\":{\"@id\":\"https:\\\/\\\/www.msab.com\\\/it\\\/#organization\"},\"potentialAction\":[{\"@type\":\"SearchAction\",\"target\":{\"@type\":\"EntryPoint\",\"urlTemplate\":\"https:\\\/\\\/www.msab.com\\\/it\\\/?s={search_term_string}\"},\"query-input\":{\"@type\":\"PropertyValueSpecification\",\"valueRequired\":true,\"valueName\":\"search_term_string\"}}],\"inLanguage\":\"it-IT\"},{\"@type\":\"Organization\",\"@id\":\"https:\\\/\\\/www.msab.com\\\/it\\\/#organization\",\"name\":\"MSAB\",\"url\":\"https:\\\/\\\/www.msab.com\\\/it\\\/\",\"logo\":{\"@type\":\"ImageObject\",\"inLanguage\":\"it-IT\",\"@id\":\"https:\\\/\\\/www.msab.com\\\/it\\\/#\\\/schema\\\/logo\\\/image\\\/\",\"url\":\"https:\\\/\\\/www.msab.com\\\/wp-content\\\/uploads\\\/2023\\\/03\\\/MSAB-logo-Black-RGB.png\",\"contentUrl\":\"https:\\\/\\\/www.msab.com\\\/wp-content\\\/uploads\\\/2023\\\/03\\\/MSAB-logo-Black-RGB.png\",\"width\":1198,\"height\":353,\"caption\":\"MSAB\"},\"image\":{\"@id\":\"https:\\\/\\\/www.msab.com\\\/it\\\/#\\\/schema\\\/logo\\\/image\\\/\"},\"sameAs\":[\"https:\\\/\\\/www.facebook.com\\\/microsystemation\",\"https:\\\/\\\/x.com\\\/MSAB_XRY\",\"https:\\\/\\\/www.linkedin.com\\\/company\\\/micro-systemation\"]}]}<\/script>\n<!-- \/ Yoast SEO Premium plugin. -->","yoast_head_json":{"title":"Soluzioni e servizi - MSAB","robots":{"index":"index","follow":"follow","max-snippet":"max-snippet:-1","max-image-preview":"max-image-preview:large","max-video-preview":"max-video-preview:-1"},"canonical":"https:\/\/www.msab.com\/it\/soluzioni-e-servizi\/","og_locale":"it_IT","og_type":"article","og_title":"Soluzioni e servizi","og_url":"https:\/\/www.msab.com\/it\/soluzioni-e-servizi\/","og_site_name":"MSAB","article_publisher":"https:\/\/www.facebook.com\/microsystemation","article_modified_time":"2024-08-26T09:44:15+00:00","twitter_card":"summary_large_image","twitter_site":"@MSAB_XRY","twitter_misc":{"Tempo di lettura stimato":"4 minuti"},"schema":{"@context":"https:\/\/schema.org","@graph":[{"@type":"WebPage","@id":"https:\/\/www.msab.com\/it\/soluzioni-e-servizi\/","url":"https:\/\/www.msab.com\/it\/soluzioni-e-servizi\/","name":"Soluzioni e servizi - MSAB","isPartOf":{"@id":"https:\/\/www.msab.com\/it\/#website"},"datePublished":"2021-10-31T11:16:39+00:00","dateModified":"2024-08-26T09:44:15+00:00","breadcrumb":{"@id":"https:\/\/www.msab.com\/it\/soluzioni-e-servizi\/#breadcrumb"},"inLanguage":"it-IT","potentialAction":[{"@type":"ReadAction","target":["https:\/\/www.msab.com\/it\/soluzioni-e-servizi\/"]}]},{"@type":"BreadcrumbList","@id":"https:\/\/www.msab.com\/it\/soluzioni-e-servizi\/#breadcrumb","itemListElement":[{"@type":"ListItem","position":1,"name":"","item":"https:\/\/www.msab.com\/it\/"},{"@type":"ListItem","position":2,"name":"Soluzioni e servizi"}]},{"@type":"WebSite","@id":"https:\/\/www.msab.com\/it\/#website","url":"https:\/\/www.msab.com\/it\/","name":"MSAB","description":"Trusted Partner in Digital Forensics","publisher":{"@id":"https:\/\/www.msab.com\/it\/#organization"},"potentialAction":[{"@type":"SearchAction","target":{"@type":"EntryPoint","urlTemplate":"https:\/\/www.msab.com\/it\/?s={search_term_string}"},"query-input":{"@type":"PropertyValueSpecification","valueRequired":true,"valueName":"search_term_string"}}],"inLanguage":"it-IT"},{"@type":"Organization","@id":"https:\/\/www.msab.com\/it\/#organization","name":"MSAB","url":"https:\/\/www.msab.com\/it\/","logo":{"@type":"ImageObject","inLanguage":"it-IT","@id":"https:\/\/www.msab.com\/it\/#\/schema\/logo\/image\/","url":"https:\/\/www.msab.com\/wp-content\/uploads\/2023\/03\/MSAB-logo-Black-RGB.png","contentUrl":"https:\/\/www.msab.com\/wp-content\/uploads\/2023\/03\/MSAB-logo-Black-RGB.png","width":1198,"height":353,"caption":"MSAB"},"image":{"@id":"https:\/\/www.msab.com\/it\/#\/schema\/logo\/image\/"},"sameAs":["https:\/\/www.facebook.com\/microsystemation","https:\/\/x.com\/MSAB_XRY","https:\/\/www.linkedin.com\/company\/micro-systemation"]}]}},"_links":{"self":[{"href":"https:\/\/www.msab.com\/it\/wp-json\/wp\/v2\/pages\/171102","targetHints":{"allow":["GET"]}}],"collection":[{"href":"https:\/\/www.msab.com\/it\/wp-json\/wp\/v2\/pages"}],"about":[{"href":"https:\/\/www.msab.com\/it\/wp-json\/wp\/v2\/types\/page"}],"author":[{"embeddable":true,"href":"https:\/\/www.msab.com\/it\/wp-json\/wp\/v2\/users\/96"}],"replies":[{"embeddable":true,"href":"https:\/\/www.msab.com\/it\/wp-json\/wp\/v2\/comments?post=171102"}],"version-history":[{"count":3,"href":"https:\/\/www.msab.com\/it\/wp-json\/wp\/v2\/pages\/171102\/revisions"}],"predecessor-version":[{"id":200915,"href":"https:\/\/www.msab.com\/it\/wp-json\/wp\/v2\/pages\/171102\/revisions\/200915"}],"wp:attachment":[{"href":"https:\/\/www.msab.com\/it\/wp-json\/wp\/v2\/media?parent=171102"}],"curies":[{"name":"wp","href":"https:\/\/api.w.org\/{rel}","templated":true}]}}