{"id":151799,"date":"2021-10-31T14:39:45","date_gmt":"2021-10-31T13:39:45","guid":{"rendered":"http:\/\/www.msab.com\/?page_id=151799"},"modified":"2021-11-02T00:53:02","modified_gmt":"2021-11-01T23:53:02","slug":"roles","status":"publish","type":"page","link":"https:\/\/www.msab.com\/it\/roles\/","title":{"rendered":"Roles"},"content":{"rendered":"<section id=\"\" class=\"two-row-hero block text-white \">\n    <div class=\"container\">\n\n                    <div class=\"row align-items-center row-1\">\n                                    <div class=\"col-12 col-lg-6 \">\n                        <div class=\"text-wrapper\">\n                            <h1>Soluzioni innovative di analisi forense dei dispositivi mobili per il vostro settore specifico<\/h1>\n                        <\/div><!--\/text-wrepper-->\n                    <\/div><!--\/col-->\n                                                    <div class=\"col-12 col-lg-6 \">\n                        <img decoding=\"async\" width=\"732\" height=\"315\" src=\"https:\/\/www.msab.com\/wp-content\/uploads\/2021\/07\/products-hero-img.png\" class=\"attachment-full size-full\" alt=\"\" srcset=\"https:\/\/www.msab.com\/wp-content\/uploads\/2021\/07\/products-hero-img.png 732w, https:\/\/www.msab.com\/wp-content\/uploads\/2021\/07\/products-hero-img-300x129.png 300w\" sizes=\"(max-width: 732px) 100vw, 732px\" \/>                    <\/div><!--\/col-->\n                            <\/div><!--\/row-->\n        \n                    <div class=\"row row-2\">\n\n                                    <div class=\"col-12 col-lg-7\">\n                                                <div class=\"line-wrapper\"><div class=\"element-wrapper\"><div class=\"icon-wrapper\"><\/div><\/div><\/div>                    <\/div><!--\/col-->\n                \n                                    <div class=\"col-12 col-lg-5\">\n                                                <div class=\"col-wrapper d-flex flex-wrap\">\n                                                    <\/div><!--\/col-wrapper-->\n                    <\/div><!--\/col-->\n                \n            <\/div><!--\/row-->\n        \n        <nav id=\"breadcrumbs\" class=\"bread-nav\"><span><span><a href=\"https:\/\/www.msab.com\/it\/\"><i class=\"fas fa-home\"><\/i><\/a><\/span><\/span><\/nav>\n    <\/div><!--\/container-->\n<\/section>\n\n<section id=\"\" class=\"block link-cards  \">\n    <div class=\"container\">\n                    <div class=\"text-wrapper text-center\">\n                <h2>Ridefinire le strategie operative con la giusta soluzione di analisi forense dei dispositivi mobili<\/h2>\n<p>Indipendentemente dal vostro ruolo, vi seguiremo in ogni fase del percorso grazie a un set personalizzato di strumenti e servizi di analisi forense dei dispositivi mobili, per aiutarvi a raggiungere i vostri obiettivi e fornirvi le capacit\u00e0 che desiderate e di cui avete bisogno.<\/p>\n            <\/div>\n                            <div class=\"card-wrap d-flex justify-content-center \">\n                \n                    <div class=\"card-col\">\n                        <a href=\"https:\/\/www.msab.com\/roles\/forensic-specialists\/\" class=\"card card-style-2\" title=\"A forensic specialist\" target=\"_blank\">\n                                                            <div class=\"img-wrapper\">\n                                    <img decoding=\"async\" width=\"2560\" height=\"1707\" src=\"https:\/\/www.msab.com\/wp-content\/uploads\/2021\/08\/L3A9037-scaled.jpg\" class=\"attachment-full size-full\" alt=\"\" srcset=\"https:\/\/www.msab.com\/wp-content\/uploads\/2021\/08\/L3A9037-scaled.jpg 2560w, https:\/\/www.msab.com\/wp-content\/uploads\/2021\/08\/L3A9037-300x200.jpg 300w, https:\/\/www.msab.com\/wp-content\/uploads\/2021\/08\/L3A9037-1024x683.jpg 1024w, https:\/\/www.msab.com\/wp-content\/uploads\/2021\/08\/L3A9037-768x512.jpg 768w, https:\/\/www.msab.com\/wp-content\/uploads\/2021\/08\/L3A9037-1536x1024.jpg 1536w, https:\/\/www.msab.com\/wp-content\/uploads\/2021\/08\/L3A9037-2048x1365.jpg 2048w, https:\/\/www.msab.com\/wp-content\/uploads\/2021\/08\/L3A9037-33x22.jpg 33w, https:\/\/www.msab.com\/wp-content\/uploads\/2021\/08\/L3A9037-102x68.jpg 102w, https:\/\/www.msab.com\/wp-content\/uploads\/2021\/08\/L3A9037-1240x827.jpg 1240w\" sizes=\"(max-width: 2560px) 100vw, 2560px\" \/>                                <\/div>\n                                                        <div class=\"link-text-wrapper\">\n                                                                    <p class=\"link-title\">A forensic specialist<\/p>\n                                                                            <p class=\"link-text\">Aumentate la velocit\u00e0 e la portata delle indagini senza rinunciare alla qualit\u00e0 e all&#8217;integrit\u00e0 dei dati. XRY supporta un&#8217;ampia gamma di dispositivi e offre accesso continuo alle funzionalit\u00e0 di analisi e reporting grazie all&#8217;integrazione con altri prodotti MSAB.<\/p>\n                                                                        <i class=\"far fa-arrow-right\"><\/i><\/span>\n                                                            <\/div>\n                        <\/a><!--\/card-->\n                    <\/div><!--\/col-->\n\n                \n                    <div class=\"card-col\">\n                        <a href=\"https:\/\/www.msab.com\/program-managers\/\" class=\"card card-style-2\" title=\"Program managers\" target=\"_blank\">\n                                                            <div class=\"img-wrapper\">\n                                    <img decoding=\"async\" width=\"2560\" height=\"1707\" src=\"https:\/\/www.msab.com\/wp-content\/uploads\/2021\/09\/XEC_Manage_3-scaled.jpg\" class=\"attachment-full size-full\" alt=\"\" srcset=\"https:\/\/www.msab.com\/wp-content\/uploads\/2021\/09\/XEC_Manage_3-scaled.jpg 2560w, https:\/\/www.msab.com\/wp-content\/uploads\/2021\/09\/XEC_Manage_3-300x200.jpg 300w, https:\/\/www.msab.com\/wp-content\/uploads\/2021\/09\/XEC_Manage_3-1024x683.jpg 1024w, https:\/\/www.msab.com\/wp-content\/uploads\/2021\/09\/XEC_Manage_3-768x512.jpg 768w, https:\/\/www.msab.com\/wp-content\/uploads\/2021\/09\/XEC_Manage_3-1536x1024.jpg 1536w, https:\/\/www.msab.com\/wp-content\/uploads\/2021\/09\/XEC_Manage_3-2048x1365.jpg 2048w, https:\/\/www.msab.com\/wp-content\/uploads\/2021\/09\/XEC_Manage_3-33x22.jpg 33w, https:\/\/www.msab.com\/wp-content\/uploads\/2021\/09\/XEC_Manage_3-102x68.jpg 102w, https:\/\/www.msab.com\/wp-content\/uploads\/2021\/09\/XEC_Manage_3-1240x827.jpg 1240w\" sizes=\"(max-width: 2560px) 100vw, 2560px\" \/>                                <\/div>\n                                                        <div class=\"link-text-wrapper\">\n                                                                    <p class=\"link-title\">Program managers<\/p>\n                                                                            <p class=\"link-text\">Scegliete gli strumenti giusti per guidare un team collaborativo, mitigare i rischi associati alle procedure investigative e potenziare il personale sul campo, accelerando processi e operazioni.<\/p>\n                                                                        <i class=\"far fa-arrow-right\"><\/i><\/span>\n                                                            <\/div>\n                        <\/a><!--\/card-->\n                    <\/div><!--\/col-->\n\n                \n                    <div class=\"card-col\">\n                        <a href=\"https:\/\/www.msab.com\/roles\/frontline-personnel\/\" class=\"card card-style-2\" title=\"Frontline personnel  \" target=\"_blank\">\n                                                            <div class=\"img-wrapper\">\n                                    <img decoding=\"async\" width=\"2560\" height=\"1707\" src=\"https:\/\/www.msab.com\/wp-content\/uploads\/2021\/08\/Frontline_Law_Enforcement_1_2021-2-scaled.jpg\" class=\"attachment-full size-full\" alt=\"\" srcset=\"https:\/\/www.msab.com\/wp-content\/uploads\/2021\/08\/Frontline_Law_Enforcement_1_2021-2-scaled.jpg 2560w, https:\/\/www.msab.com\/wp-content\/uploads\/2021\/08\/Frontline_Law_Enforcement_1_2021-2-300x200.jpg 300w, https:\/\/www.msab.com\/wp-content\/uploads\/2021\/08\/Frontline_Law_Enforcement_1_2021-2-1024x683.jpg 1024w, https:\/\/www.msab.com\/wp-content\/uploads\/2021\/08\/Frontline_Law_Enforcement_1_2021-2-768x512.jpg 768w, https:\/\/www.msab.com\/wp-content\/uploads\/2021\/08\/Frontline_Law_Enforcement_1_2021-2-1536x1024.jpg 1536w, https:\/\/www.msab.com\/wp-content\/uploads\/2021\/08\/Frontline_Law_Enforcement_1_2021-2-2048x1365.jpg 2048w, https:\/\/www.msab.com\/wp-content\/uploads\/2021\/08\/Frontline_Law_Enforcement_1_2021-2-33x22.jpg 33w, https:\/\/www.msab.com\/wp-content\/uploads\/2021\/08\/Frontline_Law_Enforcement_1_2021-2-102x68.jpg 102w, https:\/\/www.msab.com\/wp-content\/uploads\/2021\/08\/Frontline_Law_Enforcement_1_2021-2-1240x827.jpg 1240w\" sizes=\"(max-width: 2560px) 100vw, 2560px\" \/>                                <\/div>\n                                                        <div class=\"link-text-wrapper\">\n                                                                    <p class=\"link-title\">Frontline personnel  <\/p>\n                                                                            <p class=\"link-text\">Semplificate la vostra attivit\u00e0 e risolvete i casi pi\u00f9 velocemente grazie alla possibilit\u00e0 di avviare le indagini e persino di interrogare i sospetti direttamente sulla scena del crimine, senza dover inviare i dispositivi al laboratorio.<\/p>\n                                                                        <i class=\"far fa-arrow-right\"><\/i><\/span>\n                                                            <\/div>\n                        <\/a><!--\/card-->\n                    <\/div><!--\/col-->\n\n                \n                    <div class=\"card-col\">\n                        <a href=\"https:\/\/www.msab.com\/roles\/investigators-analysts\/\" class=\"card card-style-2\" title=\"Investigatori digitali\" target=\"_blank\">\n                                                            <div class=\"img-wrapper\">\n                                    <img decoding=\"async\" width=\"2560\" height=\"1707\" src=\"https:\/\/www.msab.com\/wp-content\/uploads\/2021\/09\/L3A8898-scaled.jpg\" class=\"attachment-full size-full\" alt=\"\" srcset=\"https:\/\/www.msab.com\/wp-content\/uploads\/2021\/09\/L3A8898-scaled.jpg 2560w, https:\/\/www.msab.com\/wp-content\/uploads\/2021\/09\/L3A8898-300x200.jpg 300w, https:\/\/www.msab.com\/wp-content\/uploads\/2021\/09\/L3A8898-1024x683.jpg 1024w, https:\/\/www.msab.com\/wp-content\/uploads\/2021\/09\/L3A8898-768x512.jpg 768w, https:\/\/www.msab.com\/wp-content\/uploads\/2021\/09\/L3A8898-1536x1024.jpg 1536w, https:\/\/www.msab.com\/wp-content\/uploads\/2021\/09\/L3A8898-2048x1365.jpg 2048w, https:\/\/www.msab.com\/wp-content\/uploads\/2021\/09\/L3A8898-33x22.jpg 33w, https:\/\/www.msab.com\/wp-content\/uploads\/2021\/09\/L3A8898-102x68.jpg 102w, https:\/\/www.msab.com\/wp-content\/uploads\/2021\/09\/L3A8898-1240x827.jpg 1240w\" sizes=\"(max-width: 2560px) 100vw, 2560px\" \/>                                <\/div>\n                                                        <div class=\"link-text-wrapper\">\n                                                                    <p class=\"link-title\">Investigatori digitali<\/p>\n                                                                            <p class=\"link-text\">Cercate, filtrate, analizzate e trovate prove e informazioni fondamentali il pi\u00f9 rapidamente possibile, anche fra l&#8217;enorme mole di dati dei dispositivi mobili odierni. XAMN \u00e8 lo strumento di analisi forense dei dispositivi mobili migliore al mondo.<\/p>\n                                                                        <i class=\"far fa-arrow-right\"><\/i><\/span>\n                                                            <\/div>\n                        <\/a><!--\/card-->\n                    <\/div><!--\/col-->\n\n                            <\/div><!--\/card-wrap-->\n            <\/div><!--\/container-->\n<\/section>\n\n\n<section id=\"\" class=\"block product-cards bg-white \">\n    <div class=\"container\">\n\n         \n        <div class=\"title-wrap\">\n            <h3>Dare alle organizzazioni soluzioni efficaci di analisi forense dei dispositivi mobili<\/h3>\n        <\/div><!--\/.title-wrap-->\n                \n                <div class=\"product-cards__container d-flex flex-wrap\">\n\n                        <div class=\"product-cards__wrap\">\n                <div class=\"product-cards__card d-flex flex-wrap flex-column bg-img text-white\">\n                                                <div class=\"product-cards__card-img-wrapper\">\n                                <img decoding=\"async\" width=\"2560\" height=\"1707\" src=\"https:\/\/www.msab.com\/wp-content\/uploads\/2021\/08\/XRY_Extract_2-scaled.jpg\" class=\"product-cards__card-img\" alt=\"Man extracting data from a cell phone using XRY\" srcset=\"https:\/\/www.msab.com\/wp-content\/uploads\/2021\/08\/XRY_Extract_2-scaled.jpg 2560w, https:\/\/www.msab.com\/wp-content\/uploads\/2021\/08\/XRY_Extract_2-300x200.jpg 300w, https:\/\/www.msab.com\/wp-content\/uploads\/2021\/08\/XRY_Extract_2-1024x683.jpg 1024w, https:\/\/www.msab.com\/wp-content\/uploads\/2021\/08\/XRY_Extract_2-768x512.jpg 768w, https:\/\/www.msab.com\/wp-content\/uploads\/2021\/08\/XRY_Extract_2-1536x1024.jpg 1536w, https:\/\/www.msab.com\/wp-content\/uploads\/2021\/08\/XRY_Extract_2-2048x1365.jpg 2048w, https:\/\/www.msab.com\/wp-content\/uploads\/2021\/08\/XRY_Extract_2-33x22.jpg 33w, https:\/\/www.msab.com\/wp-content\/uploads\/2021\/08\/XRY_Extract_2-102x68.jpg 102w, https:\/\/www.msab.com\/wp-content\/uploads\/2021\/08\/XRY_Extract_2-1240x827.jpg 1240w\" sizes=\"(max-width: 2560px) 100vw, 2560px\" \/>                            <\/div>\n                                                <div class=\"product-cards__content-wrapper\">\n                        <h3 class=\"bold\">Estrazione<\/h3><p>Recuperare pi\u00f9 dati, pi\u00f9 velocemente e pi\u00f9 facilmente con XRY.\r\n\r\nEstrarre e decodificare pi\u00f9 dati forensi digitali dai moderni dispositivi mobili in meno tempo e con piena integrit\u00e0, perch\u00e9 possano essere utilizzati in tribunale.\r\n<\/p><a class=\"btn btn-outline-yellow\" href=\"https:\/\/www.msab.com\/it\/product\/xry-extract\/\" title=\"Estrazione\" >Scopri di pi\u00f9<\/a>                        <\/div>\n                <\/div><!--\/.card-->\n            <\/div><!--\/.card-wrap-->\n                        <div class=\"product-cards__wrap\">\n                <div class=\"product-cards__card d-flex flex-wrap flex-column bg-img text-white\">\n                                                <div class=\"product-cards__card-img-wrapper\">\n                                <img decoding=\"async\" width=\"2560\" height=\"1707\" src=\"https:\/\/www.msab.com\/wp-content\/uploads\/2021\/09\/XAMN_1_2021-1-scaled-e1635931473458.jpg\" class=\"product-cards__card-img\" alt=\"\" \/>                            <\/div>\n                                                <div class=\"product-cards__content-wrapper\">\n                        <h3 class=\"bold\">Analisi<\/h3><p>Trovare prove e informazioni critiche con XAMN.\r\n\r\nCercare, filtrare, riesaminare, visualizzare e analizzare centinaia di gigabyte di dati mobili in modo efficace per l&#8217;uso in un contesto giudiziario.\r\n<\/p><a class=\"btn btn-outline-yellow\" href=\"https:\/\/www.msab.com\/it\/product\/analyze\/\" title=\"Analisi\" >Scopri di pi\u00f9<\/a>                        <\/div>\n                <\/div><!--\/.card-->\n            <\/div><!--\/.card-wrap-->\n                        <div class=\"product-cards__wrap\">\n                <div class=\"product-cards__card d-flex flex-wrap flex-column bg-img text-white\">\n                                                <div class=\"product-cards__card-img-wrapper\">\n                                <img decoding=\"async\" width=\"2560\" height=\"1707\" src=\"https:\/\/www.msab.com\/wp-content\/uploads\/2021\/09\/XEC_Manage_3-scaled.jpg\" class=\"product-cards__card-img\" alt=\"\" srcset=\"https:\/\/www.msab.com\/wp-content\/uploads\/2021\/09\/XEC_Manage_3-scaled.jpg 2560w, https:\/\/www.msab.com\/wp-content\/uploads\/2021\/09\/XEC_Manage_3-300x200.jpg 300w, https:\/\/www.msab.com\/wp-content\/uploads\/2021\/09\/XEC_Manage_3-1024x683.jpg 1024w, https:\/\/www.msab.com\/wp-content\/uploads\/2021\/09\/XEC_Manage_3-768x512.jpg 768w, https:\/\/www.msab.com\/wp-content\/uploads\/2021\/09\/XEC_Manage_3-1536x1024.jpg 1536w, https:\/\/www.msab.com\/wp-content\/uploads\/2021\/09\/XEC_Manage_3-2048x1365.jpg 2048w, https:\/\/www.msab.com\/wp-content\/uploads\/2021\/09\/XEC_Manage_3-33x22.jpg 33w, https:\/\/www.msab.com\/wp-content\/uploads\/2021\/09\/XEC_Manage_3-102x68.jpg 102w, https:\/\/www.msab.com\/wp-content\/uploads\/2021\/09\/XEC_Manage_3-1240x827.jpg 1240w\" sizes=\"(max-width: 2560px) 100vw, 2560px\" \/>                            <\/div>\n                                                <div class=\"product-cards__content-wrapper\">\n                        <h3 class=\"bold\">Gestione<\/h3><p>Ottenere il controllo e accelerare le operazioni con XEC.\r\n\r\nGestire le operazioni di analisi forense dei dispositivi mobili, migliorare le prestazioni del proprio team, aggiornare istantaneamente il software forense, monitorare e segnalare le operazioni.\r\n<\/p><a class=\"btn btn-outline-yellow\" href=\"https:\/\/www.msab.com\/it\/product\/xec-manage\/\" title=\"Gestione\" >Scopri di pi\u00f9<\/a>                        <\/div>\n                <\/div><!--\/.card-->\n            <\/div><!--\/.card-wrap-->\n                        \n        <\/div><!--\/.card-container-->\n\n                        <div class=\"button-wrap text-center\">\n            <a class=\"btn btn-primary\" href=\"https:\/\/www.msab.com\/it\/products\/\" title=\"Guardate tutti i prodotti\" >Guardate tutti i prodotti<\/a>\n        <\/div>\n            <\/div><!--\/.container-->\n<\/section>\n\n\n<section id=\"\" class=\"block form bg-light-grey \">\n    <div class=\"container narrow\">\n\n    \n        \n            <div class=\"form-wrap\">\n                <div\r\n        data-form-id='9e9bcb2a-1890-f011-b4cc-7c1e52fb5478'\r\n        data-form-api-url='https:\/\/public-eur.mkt.dynamics.com\/api\/v1.0\/orgs\/209eda7e-bbd7-45fb-82d9-810028103c6d\/landingpageforms'\r\n        data-cached-form-url='https:\/\/assets-eur.mkt.dynamics.com\/209eda7e-bbd7-45fb-82d9-810028103c6d\/digitalassets\/forms\/9e9bcb2a-1890-f011-b4cc-7c1e52fb5478' ><\/div>\r\n        <script src = 'https:\/\/cxppusa1formui01cdnsa01-endpoint.azureedge.net\/eur\/FormLoader\/FormLoader.bundle.js' ><\/script>            <\/div><!--\/.form-wrap-->\n\n        \n    \n    <\/div><!--\/.container-->\n<\/section>","protected":false},"excerpt":{"rendered":"","protected":false},"author":2,"featured_media":0,"parent":0,"menu_order":0,"comment_status":"closed","ping_status":"closed","template":"","meta":{"_acf_changed":false,"footnotes":""},"class_list":["post-151799","page","type-page","status-publish","hentry"],"acf":[],"yoast_head":"<!-- This site is optimized with the Yoast SEO Premium plugin v25.0 (Yoast SEO v27.5) - https:\/\/yoast.com\/product\/yoast-seo-premium-wordpress\/ -->\n<title>Roles - MSAB<\/title>\n<meta name=\"robots\" content=\"index, follow, max-snippet:-1, max-image-preview:large, max-video-preview:-1\" \/>\n<link rel=\"canonical\" href=\"https:\/\/www.msab.com\/it\/roles\/\" \/>\n<meta property=\"og:locale\" content=\"it_IT\" \/>\n<meta property=\"og:type\" content=\"article\" \/>\n<meta property=\"og:title\" content=\"Roles\" \/>\n<meta property=\"og:url\" content=\"https:\/\/www.msab.com\/it\/roles\/\" \/>\n<meta property=\"og:site_name\" content=\"MSAB\" \/>\n<meta property=\"article:publisher\" content=\"https:\/\/www.facebook.com\/microsystemation\" \/>\n<meta property=\"article:modified_time\" content=\"2021-11-01T23:53:02+00:00\" \/>\n<meta name=\"twitter:card\" content=\"summary_large_image\" \/>\n<meta name=\"twitter:site\" content=\"@MSAB_XRY\" \/>\n<script type=\"application\/ld+json\" class=\"yoast-schema-graph\">{\"@context\":\"https:\\\/\\\/schema.org\",\"@graph\":[{\"@type\":\"WebPage\",\"@id\":\"https:\\\/\\\/www.msab.com\\\/it\\\/roles\\\/\",\"url\":\"https:\\\/\\\/www.msab.com\\\/it\\\/roles\\\/\",\"name\":\"Roles - MSAB\",\"isPartOf\":{\"@id\":\"https:\\\/\\\/www.msab.com\\\/it\\\/#website\"},\"datePublished\":\"2021-10-31T13:39:45+00:00\",\"dateModified\":\"2021-11-01T23:53:02+00:00\",\"breadcrumb\":{\"@id\":\"https:\\\/\\\/www.msab.com\\\/it\\\/roles\\\/#breadcrumb\"},\"inLanguage\":\"it-IT\",\"potentialAction\":[{\"@type\":\"ReadAction\",\"target\":[\"https:\\\/\\\/www.msab.com\\\/it\\\/roles\\\/\"]}]},{\"@type\":\"BreadcrumbList\",\"@id\":\"https:\\\/\\\/www.msab.com\\\/it\\\/roles\\\/#breadcrumb\",\"itemListElement\":[{\"@type\":\"ListItem\",\"position\":1,\"name\":\"\",\"item\":\"https:\\\/\\\/www.msab.com\\\/it\\\/\"},{\"@type\":\"ListItem\",\"position\":2,\"name\":\"Roles\"}]},{\"@type\":\"WebSite\",\"@id\":\"https:\\\/\\\/www.msab.com\\\/it\\\/#website\",\"url\":\"https:\\\/\\\/www.msab.com\\\/it\\\/\",\"name\":\"MSAB\",\"description\":\"Trusted Partner in Digital Forensics\",\"publisher\":{\"@id\":\"https:\\\/\\\/www.msab.com\\\/it\\\/#organization\"},\"potentialAction\":[{\"@type\":\"SearchAction\",\"target\":{\"@type\":\"EntryPoint\",\"urlTemplate\":\"https:\\\/\\\/www.msab.com\\\/it\\\/?s={search_term_string}\"},\"query-input\":{\"@type\":\"PropertyValueSpecification\",\"valueRequired\":true,\"valueName\":\"search_term_string\"}}],\"inLanguage\":\"it-IT\"},{\"@type\":\"Organization\",\"@id\":\"https:\\\/\\\/www.msab.com\\\/it\\\/#organization\",\"name\":\"MSAB\",\"url\":\"https:\\\/\\\/www.msab.com\\\/it\\\/\",\"logo\":{\"@type\":\"ImageObject\",\"inLanguage\":\"it-IT\",\"@id\":\"https:\\\/\\\/www.msab.com\\\/it\\\/#\\\/schema\\\/logo\\\/image\\\/\",\"url\":\"https:\\\/\\\/www.msab.com\\\/wp-content\\\/uploads\\\/2023\\\/03\\\/MSAB-logo-Black-RGB.png\",\"contentUrl\":\"https:\\\/\\\/www.msab.com\\\/wp-content\\\/uploads\\\/2023\\\/03\\\/MSAB-logo-Black-RGB.png\",\"width\":1198,\"height\":353,\"caption\":\"MSAB\"},\"image\":{\"@id\":\"https:\\\/\\\/www.msab.com\\\/it\\\/#\\\/schema\\\/logo\\\/image\\\/\"},\"sameAs\":[\"https:\\\/\\\/www.facebook.com\\\/microsystemation\",\"https:\\\/\\\/x.com\\\/MSAB_XRY\",\"https:\\\/\\\/www.linkedin.com\\\/company\\\/micro-systemation\"]}]}<\/script>\n<!-- \/ Yoast SEO Premium plugin. -->","yoast_head_json":{"title":"Roles - MSAB","robots":{"index":"index","follow":"follow","max-snippet":"max-snippet:-1","max-image-preview":"max-image-preview:large","max-video-preview":"max-video-preview:-1"},"canonical":"https:\/\/www.msab.com\/it\/roles\/","og_locale":"it_IT","og_type":"article","og_title":"Roles","og_url":"https:\/\/www.msab.com\/it\/roles\/","og_site_name":"MSAB","article_publisher":"https:\/\/www.facebook.com\/microsystemation","article_modified_time":"2021-11-01T23:53:02+00:00","twitter_card":"summary_large_image","twitter_site":"@MSAB_XRY","schema":{"@context":"https:\/\/schema.org","@graph":[{"@type":"WebPage","@id":"https:\/\/www.msab.com\/it\/roles\/","url":"https:\/\/www.msab.com\/it\/roles\/","name":"Roles - MSAB","isPartOf":{"@id":"https:\/\/www.msab.com\/it\/#website"},"datePublished":"2021-10-31T13:39:45+00:00","dateModified":"2021-11-01T23:53:02+00:00","breadcrumb":{"@id":"https:\/\/www.msab.com\/it\/roles\/#breadcrumb"},"inLanguage":"it-IT","potentialAction":[{"@type":"ReadAction","target":["https:\/\/www.msab.com\/it\/roles\/"]}]},{"@type":"BreadcrumbList","@id":"https:\/\/www.msab.com\/it\/roles\/#breadcrumb","itemListElement":[{"@type":"ListItem","position":1,"name":"","item":"https:\/\/www.msab.com\/it\/"},{"@type":"ListItem","position":2,"name":"Roles"}]},{"@type":"WebSite","@id":"https:\/\/www.msab.com\/it\/#website","url":"https:\/\/www.msab.com\/it\/","name":"MSAB","description":"Trusted Partner in Digital Forensics","publisher":{"@id":"https:\/\/www.msab.com\/it\/#organization"},"potentialAction":[{"@type":"SearchAction","target":{"@type":"EntryPoint","urlTemplate":"https:\/\/www.msab.com\/it\/?s={search_term_string}"},"query-input":{"@type":"PropertyValueSpecification","valueRequired":true,"valueName":"search_term_string"}}],"inLanguage":"it-IT"},{"@type":"Organization","@id":"https:\/\/www.msab.com\/it\/#organization","name":"MSAB","url":"https:\/\/www.msab.com\/it\/","logo":{"@type":"ImageObject","inLanguage":"it-IT","@id":"https:\/\/www.msab.com\/it\/#\/schema\/logo\/image\/","url":"https:\/\/www.msab.com\/wp-content\/uploads\/2023\/03\/MSAB-logo-Black-RGB.png","contentUrl":"https:\/\/www.msab.com\/wp-content\/uploads\/2023\/03\/MSAB-logo-Black-RGB.png","width":1198,"height":353,"caption":"MSAB"},"image":{"@id":"https:\/\/www.msab.com\/it\/#\/schema\/logo\/image\/"},"sameAs":["https:\/\/www.facebook.com\/microsystemation","https:\/\/x.com\/MSAB_XRY","https:\/\/www.linkedin.com\/company\/micro-systemation"]}]}},"_links":{"self":[{"href":"https:\/\/www.msab.com\/it\/wp-json\/wp\/v2\/pages\/151799","targetHints":{"allow":["GET"]}}],"collection":[{"href":"https:\/\/www.msab.com\/it\/wp-json\/wp\/v2\/pages"}],"about":[{"href":"https:\/\/www.msab.com\/it\/wp-json\/wp\/v2\/types\/page"}],"author":[{"embeddable":true,"href":"https:\/\/www.msab.com\/it\/wp-json\/wp\/v2\/users\/2"}],"replies":[{"embeddable":true,"href":"https:\/\/www.msab.com\/it\/wp-json\/wp\/v2\/comments?post=151799"}],"version-history":[{"count":0,"href":"https:\/\/www.msab.com\/it\/wp-json\/wp\/v2\/pages\/151799\/revisions"}],"wp:attachment":[{"href":"https:\/\/www.msab.com\/it\/wp-json\/wp\/v2\/media?parent=151799"}],"curies":[{"name":"wp","href":"https:\/\/api.w.org\/{rel}","templated":true}]}}