{"id":4182,"date":"2021-09-30T17:50:07","date_gmt":"2021-09-30T15:50:07","guid":{"rendered":"http:\/\/www.msab.com\/?post_type=product&#038;p=4182"},"modified":"2023-11-16T14:52:50","modified_gmt":"2023-11-16T13:52:50","slug":"xry-pinpoint","status":"publish","type":"product","link":"https:\/\/www.msab.com\/fr\/produits\/extract\/xry-pinpoint\/","title":{"rendered":"XRY Pinpoint"},"content":{"rendered":"\n<section id=\"\" class=\"block product-hero  \">\n    <div class=\"bg-image\">\n        <div class=\"img\" style=\"background-image: url(https:\/\/www.msab.com\/wp-content\/uploads\/2023\/03\/XRY_Hero_Test_2.jpg);\"><\/div>\n    <\/div>\n    <div class=\"container\">\n\n        <div class=\"text-wrapper text-white text-center\">\n\n            <img decoding=\"async\" width=\"205\" height=\"133\" src=\"https:\/\/www.msab.com\/wp-content\/uploads\/2021\/08\/XRY_PinPoint_Logo_White.png\" class=\"product-logo\" alt=\"\" srcset=\"https:\/\/www.msab.com\/wp-content\/uploads\/2021\/08\/XRY_PinPoint_Logo_White.png 205w, https:\/\/www.msab.com\/wp-content\/uploads\/2021\/08\/XRY_PinPoint_Logo_White-33x21.png 33w, https:\/\/www.msab.com\/wp-content\/uploads\/2021\/08\/XRY_PinPoint_Logo_White-102x66.png 102w\" sizes=\"(max-width: 205px) 100vw, 205px\" \/>\n            <p class=\"intro\">La solution pour les appareils mobiles non standard<\/p>\n        <\/div><!--\/text-wrapper-->\n        <div class=\"breadcrumb-part dark\"><nav id=\"breadcrumbs\" class=\"bread-nav\"><span><span><a href=\"https:\/\/www.msab.com\/fr\/\"><i class=\"fas fa-home\"><\/i><\/a><\/span><\/span><\/nav><\/div>    <\/div><!--\/container-->\n<\/section>\n\n\n<section id=\"\" class=\"block text-image-columns bg-white \">\n    <div class=\"container\">\n        <div class=\"row img-right\">\n\n            <div class=\"text-col col-12 col-md-6 d-flex flex-wrap justify-content-center align-items-center\">\n\n                                <div class=\"editor-content\">\n                    <h2>Qu\u2019est-ce que XRY Pinpoint ?<\/h2>\n<p>XRY PinPoint vous permet d\u2019extraire et de d\u00e9coder des donn\u00e9es d\u2019appareils mobiles non standard, comme des r\u00e9pliques de t\u00e9l\u00e9phone bon march\u00e9 fabriqu\u00e9es en Asie. Le connecteur \u00e9tant la principale difficult\u00e9 scientifique ici, cette solution comprend un logiciel puissant qui d\u00e9tecte automatiquement la configuration de branchement et le mat\u00e9riel compact.<\/p>\n<p>XRY PinPoint, enti\u00e8rement int\u00e9gr\u00e9, utilise l\u2019interface XRY Logical\/Physical famili\u00e8re et conviviale, mais il n\u00e9cessite une licence \u00e0 part. Il est continuellement mis \u00e0 jour afin de rester actuel et de l\u2019am\u00e9liorer au fil du temps.<br \/>\nPinPoint prend en charge des appareils avec des puces de MediaTek, SpreadTrum, Coolsand et Infineon.<\/p>\n<p><a class=\"btn btn-primary\" href=\"#form-166593\">Contacter le service ventes<\/a>\u00a0 \u00a0 \u00a0 <a class=\"btn btn-outline\" href=\"https:\/\/www.msab.com\/xry_product_family_fr\/\">Fiche produit<\/a><\/p>\n                <\/div><!--\/.editor-content-->\n                \n            <\/div><!--\/.text-col-->\n\n            <div class=\"img-col col-12 col-md-6 d-flex flex-wrap justify-content-center align-items-center\">\n                \n                                <div class=\"img-wrap grad\">\n                    <img decoding=\"async\" width=\"800\" height=\"450\" src=\"https:\/\/www.msab.com\/wp-content\/uploads\/2021\/08\/MicrosoftTeams-image-16.jpg\" class=\"attachment-full size-full\" alt=\"\" srcset=\"https:\/\/www.msab.com\/wp-content\/uploads\/2021\/08\/MicrosoftTeams-image-16.jpg 800w, https:\/\/www.msab.com\/wp-content\/uploads\/2021\/08\/MicrosoftTeams-image-16-300x169.jpg 300w, https:\/\/www.msab.com\/wp-content\/uploads\/2021\/08\/MicrosoftTeams-image-16-768x432.jpg 768w, https:\/\/www.msab.com\/wp-content\/uploads\/2021\/08\/MicrosoftTeams-image-16-33x19.jpg 33w, https:\/\/www.msab.com\/wp-content\/uploads\/2021\/08\/MicrosoftTeams-image-16-102x57.jpg 102w, https:\/\/www.msab.com\/wp-content\/uploads\/2021\/08\/MicrosoftTeams-image-16-500x281.jpg 500w\" sizes=\"(max-width: 800px) 100vw, 800px\" \/>                <\/div><!--\/.img-wrap-->\n                \n            <\/div><!--\/.img-col-->\n\n        <\/div><!--\/.row-->\n    <\/div><!--\/.container-->\n<\/section>\n\n\n<section id=\"\" class=\"block list-block bg-light-grey \">\n    <div class=\"container\">\n\n                \n                <div class=\"list-block__row d-flex\">\n\n            \n            <div class=\"list-block__wrap\">\n                <div class=\"list-block__col editor-content\">\n\n                    <h4 class=\"bold\">Inclut dans le colis<\/h4>                    \n                                        <ul class=\"check-list blue\">\n\n                                                <li>Interface Cable<\/li>\n                                                <li>Binder<\/li>\n                                                <li>Adapter Kit (26 Tips)<\/li>\n                                                <li>Power Cable Alligator, Clips, PCB<\/li>\n                                                <li>Voltage Reduction Adaptor<\/li>\n                                                <li>Pouch<\/li>\n                        \n                    <\/ul><!--\/.check-list-->\n                                    <\/div><!--\/.list-block__col-->\n            <\/div><!--\/.list-block__wrap-->\n            \n            <div class=\"list-block__wrap\">\n                <div class=\"list-block__col editor-content\">\n\n                    <h4 class=\"bold\">Points forts du produit<\/h4>                    \n                                        <ul class=\"check-list blue\">\n\n                                                <li>Automatic Pin Detection<\/li>\n                                                <li>Logical and Physical Extraction<\/li>\n                                                <li>Report Generation<\/li>\n                                                <li>Binary File Export<\/li>\n                                                <li>Generic Profiles for Maximum Support<\/li>\n                        \n                    <\/ul><!--\/.check-list-->\n                                    <\/div><!--\/.list-block__col-->\n            <\/div><!--\/.list-block__wrap-->\n            \n            <div class=\"list-block__wrap\">\n                <div class=\"list-block__col editor-content\">\n\n                    <h4 class=\"bold\">D\u00e9codage des donn\u00e9es<\/h4>                    \n                                        <ul class=\"check-list blue\">\n\n                                                <li>Journaux d\u2019appel<\/li>\n                                                <li>Contacts<\/li>\n                                                <li>SMS\/MMS<\/li>\n                                                <li>Fichiers multim\u00e9dias<\/li>\n                                                <li>Calendrier<\/li>\n                                                <li>T\u00e2ches<\/li>\n                                                <li>Notes<\/li>\n                                                <li>Deleted Data<\/li>\n                                                <li>ID de la puce<\/li>\n                                                <li>Syst\u00e8me de fichiers<\/li>\n                        \n                    <\/ul><!--\/.check-list-->\n                                    <\/div><!--\/.list-block__col-->\n            <\/div><!--\/.list-block__wrap-->\n            \n        <\/div><!--\/.list-block__row-->\n        \n    <\/div><!--\/.container-->\n<\/section>\n\n\n<section id=\"\" class=\"block two-cards bg-blue-gradient \">\n    <div class=\"container\">\n                <div class=\"two-cards__row d-flex\">\n                        <div class=\"two-cards__card-wrap\">\n\n                <div class=\"two-cards__card\">\n                                        <div class=\"two-cards__card--image-wrap\">\n                        <img decoding=\"async\" width=\"2560\" height=\"1707\" src=\"https:\/\/www.msab.com\/wp-content\/uploads\/2021\/10\/MSAB_Training_3_Icon-scaled.jpg\" class=\"attachment-full size-full\" alt=\"\" srcset=\"https:\/\/www.msab.com\/wp-content\/uploads\/2021\/10\/MSAB_Training_3_Icon-scaled.jpg 2560w, https:\/\/www.msab.com\/wp-content\/uploads\/2021\/10\/MSAB_Training_3_Icon-300x200.jpg 300w, https:\/\/www.msab.com\/wp-content\/uploads\/2021\/10\/MSAB_Training_3_Icon-1024x683.jpg 1024w, https:\/\/www.msab.com\/wp-content\/uploads\/2021\/10\/MSAB_Training_3_Icon-768x512.jpg 768w, https:\/\/www.msab.com\/wp-content\/uploads\/2021\/10\/MSAB_Training_3_Icon-1536x1024.jpg 1536w, https:\/\/www.msab.com\/wp-content\/uploads\/2021\/10\/MSAB_Training_3_Icon-2048x1365.jpg 2048w, https:\/\/www.msab.com\/wp-content\/uploads\/2021\/10\/MSAB_Training_3_Icon-33x22.jpg 33w, https:\/\/www.msab.com\/wp-content\/uploads\/2021\/10\/MSAB_Training_3_Icon-102x68.jpg 102w, https:\/\/www.msab.com\/wp-content\/uploads\/2021\/10\/MSAB_Training_3_Icon-1240x827.jpg 1240w, https:\/\/www.msab.com\/wp-content\/uploads\/2021\/10\/MSAB_Training_3_Icon-500x333.jpg 500w\" sizes=\"(max-width: 2560px) 100vw, 2560px\" \/>                    <\/div><!--\/.two-cards__card--image-wrap-->\n                                        <div class=\"two-cards__card--content-wrap editor-content bg-white\">\n                                                <h4 class=\"two-cards__card--title\">Meilleure formation pour nos utilisateurs<\/h4>\n                                                <p class=\"two-cards__card--intro\">Nous fournissons la formation la plus avanc\u00e9e dans l\u2019industrie avec des formateurs d\u00e9di\u00e9s \u00e0 temps plein disponibles dans le monde entier pour dispenser une formation soit dans vos cours ouverts dont la publicit\u00e9 est faite sur notre site web soit une formation sur site d\u00e9di\u00e9e uniquement pour vous.<\/p>\n                                                <p class=\"two-cards__card--link\"><a href=\"https:\/\/www.msab.com\/fr\/training-overview\/\" title=\"R\u00e9servez une formation\"  >R\u00e9servez une formation<\/a><\/p>\n                                            <\/div><!--\/.two-cards__card--content-wrap-->\n                <\/div><!--\/.two-cards__card-->\n\n            <\/div><!--\/.two-cards__card-wrap-->\n                        <div class=\"two-cards__card-wrap\">\n\n                <div class=\"two-cards__card\">\n                                        <div class=\"two-cards__card--image-wrap\">\n                        <img decoding=\"async\" width=\"600\" height=\"400\" src=\"https:\/\/www.msab.com\/wp-content\/uploads\/2021\/10\/MSAB_Kiosk_Selection_Block_Frontline.jpg\" class=\"attachment-full size-full\" alt=\"\" srcset=\"https:\/\/www.msab.com\/wp-content\/uploads\/2021\/10\/MSAB_Kiosk_Selection_Block_Frontline.jpg 600w, https:\/\/www.msab.com\/wp-content\/uploads\/2021\/10\/MSAB_Kiosk_Selection_Block_Frontline-300x200.jpg 300w, https:\/\/www.msab.com\/wp-content\/uploads\/2021\/10\/MSAB_Kiosk_Selection_Block_Frontline-33x22.jpg 33w, https:\/\/www.msab.com\/wp-content\/uploads\/2021\/10\/MSAB_Kiosk_Selection_Block_Frontline-102x68.jpg 102w, https:\/\/www.msab.com\/wp-content\/uploads\/2021\/10\/MSAB_Kiosk_Selection_Block_Frontline-500x333.jpg 500w\" sizes=\"(max-width: 600px) 100vw, 600px\" \/>                    <\/div><!--\/.two-cards__card--image-wrap-->\n                                        <div class=\"two-cards__card--content-wrap editor-content bg-white\">\n                                                <h4 class=\"two-cards__card--title\">Combinez XRY avec nos plateformes<\/h4>\n                                                <p class=\"two-cards__card--intro\">MSAB fournit un logiciel sur diff\u00e9rentes plateformes mat\u00e9rielles. Les plateformes ouvertes sont con\u00e7ues pour les ordinateurs Windows traditionnels avec des interfaces pointer-cliquer. Nos plateformes Cl\u00e9 en main son des syst\u00e8mes plus faciles \u00e0 utiliser gr\u00e2ce \u00e0 des interfaces d\u2019\u00e9cran tactile.<\/p>\n                                                <p class=\"two-cards__card--link\"><a href=\"https:\/\/www.msab.com\/fr\/products\/platforms\/\" title=\"Plateformes mat\u00e9rielles\"  >Plateformes mat\u00e9rielles<\/a><\/p>\n                                            <\/div><!--\/.two-cards__card--content-wrap-->\n                <\/div><!--\/.two-cards__card-->\n\n            <\/div><!--\/.two-cards__card-wrap-->\n                    <\/div><!--\/.two-cards__row-->\n            <\/div><!--\/.container-->\n<\/section>\n\n<section id=\"\" class=\"block image-text-with-bg bg-blue-gradient text-white \">\n\t<div class=\"container\">\n\t\t\t\t<div class=\"row\">\n\t\t\t<div class=\"col text-center\">\n                <img decoding=\"async\" width=\"1220\" height=\"500\" src=\"https:\/\/www.msab.com\/wp-content\/uploads\/2021\/08\/XRY_Spec_Table_FR.png\" class=\"attachment-container-size size-container-size\" alt=\"\" srcset=\"https:\/\/www.msab.com\/wp-content\/uploads\/2021\/08\/XRY_Spec_Table_FR.png 1220w, https:\/\/www.msab.com\/wp-content\/uploads\/2021\/08\/XRY_Spec_Table_FR-300x123.png 300w, https:\/\/www.msab.com\/wp-content\/uploads\/2021\/08\/XRY_Spec_Table_FR-1024x420.png 1024w, https:\/\/www.msab.com\/wp-content\/uploads\/2021\/08\/XRY_Spec_Table_FR-768x315.png 768w, https:\/\/www.msab.com\/wp-content\/uploads\/2021\/08\/XRY_Spec_Table_FR-33x14.png 33w, https:\/\/www.msab.com\/wp-content\/uploads\/2021\/08\/XRY_Spec_Table_FR-102x42.png 102w, https:\/\/www.msab.com\/wp-content\/uploads\/2021\/08\/XRY_Spec_Table_FR-500x205.png 500w\" sizes=\"(max-width: 1220px) 100vw, 1220px\" \/>\t\t\t<\/div>\n\t\t<\/div>\n\t\t\t\t<div class=\"row text-wrapper\">\n\t\t\t<div class=\"col-12 col-md-4 left-col\">\n\t\t\t\t\t\t\t<\/div>\n\t\t\t<div class=\"col-12 col-md-8 right-col\">\n\t\t\t\t<div class=\"row\">\n\t\t\t\t\t<div class=\"col\">\n\t\t\t\t\t\t\t\t\t\t\t<\/div>\n\t\t\t\t<\/div>\n\t\t\t\t\t\t\t<\/div>\n\t\t<\/div>\n\t<\/div>\n<\/section>\n\n\n\n    <style>\n                    #block_61435e923d04a {\n                background-image: url(https:\/\/www.msab.com\/wp-content\/uploads\/2021\/08\/Frontline_MSAB_Field_Phone_Extraction_BG-1.jpg);\n            }\n                    <\/style>\n\n<section id=\"block_61435e923d04a\" class=\"block cta-with-bg-img text-white left-layout bg-overlay \">\n    <div class=\"container\" id=\"\">\n                    <div class=\"text-wrapper\">\n                <h2>Demander un devis<\/h2>\n<p style=\"text-align: left;\">Contactez-nous pour demander un devis, ou faites-nous savoir si vous \u00eates int\u00e9ress\u00e9 par l\u2019\u00e9valuation de l\u2019un de nos produits.<\/p>\n<p style=\"text-align: left;\"><span style=\"color: #000000;\"><a class=\"btn btn-primary\" style=\"color: #000000;\" href=\"#form-166593\">Contacter le service ventes<\/a><\/span><\/p>\n            <\/div>\n            <\/div><!--\/container-->\n<\/section>","protected":false},"excerpt":{"rendered":"","protected":false},"author":106,"featured_media":0,"parent":5242,"menu_order":0,"template":"","class_list":["post-4182","product","type-product","status-publish","hentry"],"acf":[],"yoast_head":"<!-- This site is optimized with the Yoast SEO Premium plugin v25.0 (Yoast SEO v27.4) - https:\/\/yoast.com\/product\/yoast-seo-premium-wordpress\/ -->\n<title>XRY Pinpoint - MSAB<\/title>\n<meta name=\"robots\" content=\"index, follow, max-snippet:-1, max-image-preview:large, max-video-preview:-1\" \/>\n<link rel=\"canonical\" href=\"https:\/\/www.msab.com\/fr\/produits\/extract\/xry-pinpoint\/\" \/>\n<meta property=\"og:locale\" content=\"fr_FR\" \/>\n<meta property=\"og:type\" content=\"article\" \/>\n<meta property=\"og:title\" content=\"XRY Pinpoint\" \/>\n<meta property=\"og:url\" content=\"https:\/\/www.msab.com\/fr\/produits\/extract\/xry-pinpoint\/\" \/>\n<meta property=\"og:site_name\" content=\"MSAB\" \/>\n<meta property=\"article:publisher\" content=\"https:\/\/www.facebook.com\/microsystemation\" \/>\n<meta property=\"article:modified_time\" content=\"2023-11-16T13:52:50+00:00\" \/>\n<meta name=\"twitter:card\" content=\"summary_large_image\" \/>\n<meta name=\"twitter:site\" content=\"@MSAB_XRY\" \/>\n<script type=\"application\/ld+json\" class=\"yoast-schema-graph\">{\"@context\":\"https:\\\/\\\/schema.org\",\"@graph\":[{\"@type\":\"WebPage\",\"@id\":\"https:\\\/\\\/www.msab.com\\\/fr\\\/produits\\\/extract\\\/xry-pinpoint\\\/\",\"url\":\"https:\\\/\\\/www.msab.com\\\/fr\\\/produits\\\/extract\\\/xry-pinpoint\\\/\",\"name\":\"XRY Pinpoint - MSAB\",\"isPartOf\":{\"@id\":\"https:\\\/\\\/www.msab.com\\\/fr\\\/#website\"},\"datePublished\":\"2021-09-30T15:50:07+00:00\",\"dateModified\":\"2023-11-16T13:52:50+00:00\",\"breadcrumb\":{\"@id\":\"https:\\\/\\\/www.msab.com\\\/fr\\\/produits\\\/extract\\\/xry-pinpoint\\\/#breadcrumb\"},\"inLanguage\":\"fr-FR\",\"potentialAction\":[{\"@type\":\"ReadAction\",\"target\":[\"https:\\\/\\\/www.msab.com\\\/fr\\\/produits\\\/extract\\\/xry-pinpoint\\\/\"]}]},{\"@type\":\"BreadcrumbList\",\"@id\":\"https:\\\/\\\/www.msab.com\\\/fr\\\/produits\\\/extract\\\/xry-pinpoint\\\/#breadcrumb\",\"itemListElement\":[{\"@type\":\"ListItem\",\"position\":1,\"name\":\"\",\"item\":\"https:\\\/\\\/www.msab.com\\\/fr\\\/\"},{\"@type\":\"ListItem\",\"position\":2,\"name\":\"MSAB Extract &#8211; XRY\",\"item\":\"https:\\\/\\\/www.msab.com\\\/fr\\\/produits\\\/extract\\\/\"},{\"@type\":\"ListItem\",\"position\":3,\"name\":\"XRY Pinpoint\"}]},{\"@type\":\"WebSite\",\"@id\":\"https:\\\/\\\/www.msab.com\\\/fr\\\/#website\",\"url\":\"https:\\\/\\\/www.msab.com\\\/fr\\\/\",\"name\":\"MSAB\",\"description\":\"Trusted Partner in Digital Forensics\",\"publisher\":{\"@id\":\"https:\\\/\\\/www.msab.com\\\/fr\\\/#organization\"},\"potentialAction\":[{\"@type\":\"SearchAction\",\"target\":{\"@type\":\"EntryPoint\",\"urlTemplate\":\"https:\\\/\\\/www.msab.com\\\/fr\\\/?s={search_term_string}\"},\"query-input\":{\"@type\":\"PropertyValueSpecification\",\"valueRequired\":true,\"valueName\":\"search_term_string\"}}],\"inLanguage\":\"fr-FR\"},{\"@type\":\"Organization\",\"@id\":\"https:\\\/\\\/www.msab.com\\\/fr\\\/#organization\",\"name\":\"MSAB\",\"url\":\"https:\\\/\\\/www.msab.com\\\/fr\\\/\",\"logo\":{\"@type\":\"ImageObject\",\"inLanguage\":\"fr-FR\",\"@id\":\"https:\\\/\\\/www.msab.com\\\/fr\\\/#\\\/schema\\\/logo\\\/image\\\/\",\"url\":\"https:\\\/\\\/www.msab.com\\\/wp-content\\\/uploads\\\/2023\\\/03\\\/MSAB-logo-Black-RGB.png\",\"contentUrl\":\"https:\\\/\\\/www.msab.com\\\/wp-content\\\/uploads\\\/2023\\\/03\\\/MSAB-logo-Black-RGB.png\",\"width\":1198,\"height\":353,\"caption\":\"MSAB\"},\"image\":{\"@id\":\"https:\\\/\\\/www.msab.com\\\/fr\\\/#\\\/schema\\\/logo\\\/image\\\/\"},\"sameAs\":[\"https:\\\/\\\/www.facebook.com\\\/microsystemation\",\"https:\\\/\\\/x.com\\\/MSAB_XRY\",\"https:\\\/\\\/www.linkedin.com\\\/company\\\/micro-systemation\"]}]}<\/script>\n<!-- \/ Yoast SEO Premium plugin. -->","yoast_head_json":{"title":"XRY Pinpoint - MSAB","robots":{"index":"index","follow":"follow","max-snippet":"max-snippet:-1","max-image-preview":"max-image-preview:large","max-video-preview":"max-video-preview:-1"},"canonical":"https:\/\/www.msab.com\/fr\/produits\/extract\/xry-pinpoint\/","og_locale":"fr_FR","og_type":"article","og_title":"XRY Pinpoint","og_url":"https:\/\/www.msab.com\/fr\/produits\/extract\/xry-pinpoint\/","og_site_name":"MSAB","article_publisher":"https:\/\/www.facebook.com\/microsystemation","article_modified_time":"2023-11-16T13:52:50+00:00","twitter_card":"summary_large_image","twitter_site":"@MSAB_XRY","schema":{"@context":"https:\/\/schema.org","@graph":[{"@type":"WebPage","@id":"https:\/\/www.msab.com\/fr\/produits\/extract\/xry-pinpoint\/","url":"https:\/\/www.msab.com\/fr\/produits\/extract\/xry-pinpoint\/","name":"XRY Pinpoint - MSAB","isPartOf":{"@id":"https:\/\/www.msab.com\/fr\/#website"},"datePublished":"2021-09-30T15:50:07+00:00","dateModified":"2023-11-16T13:52:50+00:00","breadcrumb":{"@id":"https:\/\/www.msab.com\/fr\/produits\/extract\/xry-pinpoint\/#breadcrumb"},"inLanguage":"fr-FR","potentialAction":[{"@type":"ReadAction","target":["https:\/\/www.msab.com\/fr\/produits\/extract\/xry-pinpoint\/"]}]},{"@type":"BreadcrumbList","@id":"https:\/\/www.msab.com\/fr\/produits\/extract\/xry-pinpoint\/#breadcrumb","itemListElement":[{"@type":"ListItem","position":1,"name":"","item":"https:\/\/www.msab.com\/fr\/"},{"@type":"ListItem","position":2,"name":"MSAB Extract &#8211; XRY","item":"https:\/\/www.msab.com\/fr\/produits\/extract\/"},{"@type":"ListItem","position":3,"name":"XRY Pinpoint"}]},{"@type":"WebSite","@id":"https:\/\/www.msab.com\/fr\/#website","url":"https:\/\/www.msab.com\/fr\/","name":"MSAB","description":"Trusted Partner in Digital Forensics","publisher":{"@id":"https:\/\/www.msab.com\/fr\/#organization"},"potentialAction":[{"@type":"SearchAction","target":{"@type":"EntryPoint","urlTemplate":"https:\/\/www.msab.com\/fr\/?s={search_term_string}"},"query-input":{"@type":"PropertyValueSpecification","valueRequired":true,"valueName":"search_term_string"}}],"inLanguage":"fr-FR"},{"@type":"Organization","@id":"https:\/\/www.msab.com\/fr\/#organization","name":"MSAB","url":"https:\/\/www.msab.com\/fr\/","logo":{"@type":"ImageObject","inLanguage":"fr-FR","@id":"https:\/\/www.msab.com\/fr\/#\/schema\/logo\/image\/","url":"https:\/\/www.msab.com\/wp-content\/uploads\/2023\/03\/MSAB-logo-Black-RGB.png","contentUrl":"https:\/\/www.msab.com\/wp-content\/uploads\/2023\/03\/MSAB-logo-Black-RGB.png","width":1198,"height":353,"caption":"MSAB"},"image":{"@id":"https:\/\/www.msab.com\/fr\/#\/schema\/logo\/image\/"},"sameAs":["https:\/\/www.facebook.com\/microsystemation","https:\/\/x.com\/MSAB_XRY","https:\/\/www.linkedin.com\/company\/micro-systemation"]}]}},"_links":{"self":[{"href":"https:\/\/www.msab.com\/fr\/wp-json\/wp\/v2\/product\/4182","targetHints":{"allow":["GET"]}}],"collection":[{"href":"https:\/\/www.msab.com\/fr\/wp-json\/wp\/v2\/product"}],"about":[{"href":"https:\/\/www.msab.com\/fr\/wp-json\/wp\/v2\/types\/product"}],"author":[{"embeddable":true,"href":"https:\/\/www.msab.com\/fr\/wp-json\/wp\/v2\/users\/106"}],"up":[{"embeddable":true,"href":"https:\/\/www.msab.com\/fr\/wp-json\/wp\/v2\/product\/5242"}],"wp:attachment":[{"href":"https:\/\/www.msab.com\/fr\/wp-json\/wp\/v2\/media?parent=4182"}],"curies":[{"name":"wp","href":"https:\/\/api.w.org\/{rel}","templated":true}]}}