{"id":4180,"date":"2021-09-30T17:40:32","date_gmt":"2021-09-30T15:40:32","guid":{"rendered":"http:\/\/www.msab.com\/?post_type=product&#038;p=4180"},"modified":"2023-11-22T15:11:47","modified_gmt":"2023-11-22T14:11:47","slug":"xry-camera","status":"publish","type":"product","link":"https:\/\/www.msab.com\/fr\/produits\/extract\/xry-camera\/","title":{"rendered":"XRY Camera"},"content":{"rendered":"\n<section id=\"\" class=\"block product-hero  \">\n    <div class=\"bg-image\">\n        <div class=\"img\" style=\"background-image: url(https:\/\/www.msab.com\/wp-content\/uploads\/2023\/03\/XRY_Hero_Test_2.jpg);\"><\/div>\n    <\/div>\n    <div class=\"container\">\n\n        <div class=\"text-wrapper text-white text-center\">\n\n            <img decoding=\"async\" width=\"204\" height=\"133\" src=\"https:\/\/www.msab.com\/wp-content\/uploads\/2021\/08\/XRY_Camera_Logo_White.png\" class=\"product-logo\" alt=\"\" srcset=\"https:\/\/www.msab.com\/wp-content\/uploads\/2021\/08\/XRY_Camera_Logo_White.png 204w, https:\/\/www.msab.com\/wp-content\/uploads\/2021\/08\/XRY_Camera_Logo_White-33x22.png 33w, https:\/\/www.msab.com\/wp-content\/uploads\/2021\/08\/XRY_Camera_Logo_White-102x67.png 102w\" sizes=\"(max-width: 204px) 100vw, 204px\" \/>\n            <p class=\"intro\">Rassemblez des preuves photographiques et vid\u00e9o \u00e0 l&rsquo;appui<\/p>\n        <\/div><!--\/text-wrapper-->\n        <div class=\"breadcrumb-part dark\"><nav id=\"breadcrumbs\" class=\"bread-nav\"><span><span><a href=\"https:\/\/www.msab.com\/fr\/\"><i class=\"fas fa-home\"><\/i><\/a><\/span><\/span><\/nav><\/div>    <\/div><!--\/container-->\n<\/section>\n\n\n<section id=\"\" class=\"block text-image-columns bg-light-grey \">\n    <div class=\"container\">\n        <div class=\"row img-right\">\n\n            <div class=\"text-col col-12 col-md-6 d-flex flex-wrap justify-content-center align-items-center\">\n\n                                <div class=\"editor-content\">\n                    <h2>Qu\u2019est-ce que la XRY Camera?<\/h2>\n<p>XRY Camera donne aux examinateurs scientifiques l\u2019opportunit\u00e9 de compl\u00e9ter leurs rapports XRY avec des photos de l\u2019appareil analys\u00e9 \u00e0 partir d\u2019une cam\u00e9ra HD. Une capture d\u2019\u00e9cran constitue parfois la seule mani\u00e8re de r\u00e9unir les preuves n\u00e9cessaires et de permettre la validation des r\u00e9sultats d\u2019extraction de l\u2019appareil.<\/p>\n<p>Dans certaines affaires, il peut s\u2019av\u00e9rer indispensable de capturer des traces sur un \u00e9cran de smartphone, des signes d\u2019identification inhabituels ou l\u2019IMEI de l\u2019autocollant de l\u2019appareil, situ\u00e9 sous la batterie. XRY Camera vous permet d\u2019inclure des preuves \u00e0 l\u2019appui en image cruciales dans les fichiers XRY correspondants et d\u2019ajouter des notes d\u2019examinateur en temps r\u00e9el pour \u00e9tayer votre dossier. Et tout cela est effectu\u00e9 de mani\u00e8re \u00e0 laisser les preuves intactes.<\/p>\n<p>XRY Camera est une solution mat\u00e9rielle s\u00e9par\u00e9e.<br \/>\n<a class=\"btn btn-primary\" href=\"#form-166593\">Contacter le service ventes<\/a>\u00a0 <a class=\"btn btn-outline\" href=\"https:\/\/www.msab.com\/xry_product_family_fr\/\" target=\"_blank\" rel=\"noopener\">Fiche produit<\/a><\/p>\n                <\/div><!--\/.editor-content-->\n                \n            <\/div><!--\/.text-col-->\n\n            <div class=\"img-col col-12 col-md-6 d-flex flex-wrap justify-content-center align-items-center\">\n                \n                                <div class=\"img-wrap grad\">\n                    <img decoding=\"async\" width=\"3854\" height=\"2964\" src=\"https:\/\/www.msab.com\/wp-content\/uploads\/2021\/08\/XRY_Camera-1.png\" class=\"attachment-full size-full\" alt=\"XRY Camera\" srcset=\"https:\/\/www.msab.com\/wp-content\/uploads\/2021\/08\/XRY_Camera-1.png 3854w, https:\/\/www.msab.com\/wp-content\/uploads\/2021\/08\/XRY_Camera-1-300x231.png 300w, https:\/\/www.msab.com\/wp-content\/uploads\/2021\/08\/XRY_Camera-1-1024x788.png 1024w, https:\/\/www.msab.com\/wp-content\/uploads\/2021\/08\/XRY_Camera-1-768x591.png 768w, https:\/\/www.msab.com\/wp-content\/uploads\/2021\/08\/XRY_Camera-1-1536x1181.png 1536w, https:\/\/www.msab.com\/wp-content\/uploads\/2021\/08\/XRY_Camera-1-2048x1575.png 2048w, https:\/\/www.msab.com\/wp-content\/uploads\/2021\/08\/XRY_Camera-1-33x25.png 33w, https:\/\/www.msab.com\/wp-content\/uploads\/2021\/08\/XRY_Camera-1-102x78.png 102w, https:\/\/www.msab.com\/wp-content\/uploads\/2021\/08\/XRY_Camera-1-1240x954.png 1240w, https:\/\/www.msab.com\/wp-content\/uploads\/2021\/08\/XRY_Camera-1-500x385.png 500w\" sizes=\"(max-width: 3854px) 100vw, 3854px\" \/>                <\/div><!--\/.img-wrap-->\n                \n            <\/div><!--\/.img-col-->\n\n        <\/div><!--\/.row-->\n    <\/div><!--\/.container-->\n<\/section>\n\n\n<section id=\"\" class=\"block list-block bg-white \">\n    <div class=\"container\">\n\n                \n                <div class=\"list-block__row d-flex\">\n\n            \n            <div class=\"list-block__wrap\">\n                <div class=\"list-block__col editor-content\">\n\n                    <h4 class=\"bold\">Points forts du produit<\/h4>                    \n                                        <ul class=\"check-list blue\">\n\n                                                <li>Prenez des photos via XRY<\/li>\n                                                <li>V\u00e9rifiez-les avant la capture<\/li>\n                        \n                    <\/ul><!--\/.check-list-->\n                                    <\/div><!--\/.list-block__col-->\n            <\/div><!--\/.list-block__wrap-->\n            \n            <div class=\"list-block__wrap\">\n                <div class=\"list-block__col editor-content\">\n\n                    <h4 class=\"bold\">&nbsp;<\/h4>                    \n                                        <ul class=\"check-list blue\">\n\n                                                <li>Classez-les en cat\u00e9gories<\/li>\n                                                <li>Donn\u00e9es valid\u00e9es par des captures d\u2019\u00e9cran<\/li>\n                        \n                    <\/ul><!--\/.check-list-->\n                                    <\/div><!--\/.list-block__col-->\n            <\/div><!--\/.list-block__wrap-->\n            \n            <div class=\"list-block__wrap\">\n                <div class=\"list-block__col editor-content\">\n\n                    <h4 class=\"bold\">&nbsp;<\/h4>                    \n                                        <ul class=\"check-list blue\">\n\n                                                <li>Images int\u00e9gr\u00e9es aux rapports s\u00e9curis\u00e9s XRY<\/li>\n                        \n                    <\/ul><!--\/.check-list-->\n                                    <\/div><!--\/.list-block__col-->\n            <\/div><!--\/.list-block__wrap-->\n            \n        <\/div><!--\/.list-block__row-->\n        \n    <\/div><!--\/.container-->\n<\/section>\n\n<section id=\"\" class=\"block text-image-columns bg-light-grey \">\n    <div class=\"container\">\n        <div class=\"row img-left\">\n\n            <div class=\"text-col col-12 col-md-6 d-flex flex-wrap justify-content-center align-items-center\">\n\n                                <div class=\"editor-content\">\n                    <h2>Gather supporting evidence<\/h2>\n<p>Photographs and video of mobile devices and their content add a valuable<br \/>\nlevel of credibility to digital evidence presented in investigations and<br \/>\ntrials.<\/p>\n<p>XRY Camera makes it easy for forensic examiners and investigators<br \/>\nto capture those images and video and use them in their reports.<\/p>\n<p><a class=\"btn btn-primary\" href=\"https:\/\/www.msab.com\/fr\/contact\/\">Request a quote<\/a><\/p>\n                <\/div><!--\/.editor-content-->\n                \n            <\/div><!--\/.text-col-->\n\n            <div class=\"img-col col-12 col-md-6 d-flex flex-wrap justify-content-center align-items-center\">\n                \n                                <div class=\"img-wrap grad\">\n                    <img decoding=\"async\" width=\"737\" height=\"733\" src=\"https:\/\/www.msab.com\/wp-content\/uploads\/2021\/08\/XRY_alt_AS_Lab_Visual_Crop-2.jpg\" class=\"attachment-full size-full\" alt=\"XRY Camera in use\" srcset=\"https:\/\/www.msab.com\/wp-content\/uploads\/2021\/08\/XRY_alt_AS_Lab_Visual_Crop-2.jpg 737w, https:\/\/www.msab.com\/wp-content\/uploads\/2021\/08\/XRY_alt_AS_Lab_Visual_Crop-2-300x298.jpg 300w, https:\/\/www.msab.com\/wp-content\/uploads\/2021\/08\/XRY_alt_AS_Lab_Visual_Crop-2-150x150.jpg 150w, https:\/\/www.msab.com\/wp-content\/uploads\/2021\/08\/XRY_alt_AS_Lab_Visual_Crop-2-33x33.jpg 33w, https:\/\/www.msab.com\/wp-content\/uploads\/2021\/08\/XRY_alt_AS_Lab_Visual_Crop-2-102x101.jpg 102w, https:\/\/www.msab.com\/wp-content\/uploads\/2021\/08\/XRY_alt_AS_Lab_Visual_Crop-2-106x106.jpg 106w, https:\/\/www.msab.com\/wp-content\/uploads\/2021\/08\/XRY_alt_AS_Lab_Visual_Crop-2-500x497.jpg 500w\" sizes=\"(max-width: 737px) 100vw, 737px\" \/>                <\/div><!--\/.img-wrap-->\n                \n            <\/div><!--\/.img-col-->\n\n        <\/div><!--\/.row-->\n    <\/div><!--\/.container-->\n<\/section>\n\n\n<section id=\"\" class=\"block two-cards bg-blue-gradient \">\n    <div class=\"container\">\n                <div class=\"two-cards__row d-flex\">\n                        <div class=\"two-cards__card-wrap\">\n\n                <div class=\"two-cards__card\">\n                                        <div class=\"two-cards__card--image-wrap\">\n                        <img decoding=\"async\" width=\"2560\" height=\"1707\" src=\"https:\/\/www.msab.com\/wp-content\/uploads\/2021\/10\/MSAB_Training_3_Icon-scaled.jpg\" class=\"attachment-full size-full\" alt=\"\" srcset=\"https:\/\/www.msab.com\/wp-content\/uploads\/2021\/10\/MSAB_Training_3_Icon-scaled.jpg 2560w, https:\/\/www.msab.com\/wp-content\/uploads\/2021\/10\/MSAB_Training_3_Icon-300x200.jpg 300w, https:\/\/www.msab.com\/wp-content\/uploads\/2021\/10\/MSAB_Training_3_Icon-1024x683.jpg 1024w, https:\/\/www.msab.com\/wp-content\/uploads\/2021\/10\/MSAB_Training_3_Icon-768x512.jpg 768w, https:\/\/www.msab.com\/wp-content\/uploads\/2021\/10\/MSAB_Training_3_Icon-1536x1024.jpg 1536w, https:\/\/www.msab.com\/wp-content\/uploads\/2021\/10\/MSAB_Training_3_Icon-2048x1365.jpg 2048w, https:\/\/www.msab.com\/wp-content\/uploads\/2021\/10\/MSAB_Training_3_Icon-33x22.jpg 33w, https:\/\/www.msab.com\/wp-content\/uploads\/2021\/10\/MSAB_Training_3_Icon-102x68.jpg 102w, https:\/\/www.msab.com\/wp-content\/uploads\/2021\/10\/MSAB_Training_3_Icon-1240x827.jpg 1240w, https:\/\/www.msab.com\/wp-content\/uploads\/2021\/10\/MSAB_Training_3_Icon-500x333.jpg 500w\" sizes=\"(max-width: 2560px) 100vw, 2560px\" \/>                    <\/div><!--\/.two-cards__card--image-wrap-->\n                                        <div class=\"two-cards__card--content-wrap editor-content bg-white\">\n                                                <h4 class=\"two-cards__card--title\">Meilleure formation pour nos utilisateurs<\/h4>\n                                                <p class=\"two-cards__card--intro\">Nous fournissons la formation la plus avanc\u00e9e dans l\u2019industrie avec des formateurs d\u00e9di\u00e9s \u00e0 temps plein disponibles dans le monde entier pour dispenser une formation soit dans vos cours ouverts dont la publicit\u00e9 est faite sur notre site web soit une formation sur site d\u00e9di\u00e9e uniquement pour vous.<\/p>\n                                                <p class=\"two-cards__card--link\"><a href=\"https:\/\/www.msab.com\/fr\/training-overview\/\" title=\"R\u00e9servez une formation\"  >R\u00e9servez une formation<\/a><\/p>\n                                            <\/div><!--\/.two-cards__card--content-wrap-->\n                <\/div><!--\/.two-cards__card-->\n\n            <\/div><!--\/.two-cards__card-wrap-->\n                        <div class=\"two-cards__card-wrap\">\n\n                <div class=\"two-cards__card\">\n                                        <div class=\"two-cards__card--image-wrap\">\n                        <img decoding=\"async\" width=\"600\" height=\"400\" src=\"https:\/\/www.msab.com\/wp-content\/uploads\/2021\/10\/MSAB_Kiosk_Selection_Block_Frontline.jpg\" class=\"attachment-full size-full\" alt=\"\" srcset=\"https:\/\/www.msab.com\/wp-content\/uploads\/2021\/10\/MSAB_Kiosk_Selection_Block_Frontline.jpg 600w, https:\/\/www.msab.com\/wp-content\/uploads\/2021\/10\/MSAB_Kiosk_Selection_Block_Frontline-300x200.jpg 300w, https:\/\/www.msab.com\/wp-content\/uploads\/2021\/10\/MSAB_Kiosk_Selection_Block_Frontline-33x22.jpg 33w, https:\/\/www.msab.com\/wp-content\/uploads\/2021\/10\/MSAB_Kiosk_Selection_Block_Frontline-102x68.jpg 102w, https:\/\/www.msab.com\/wp-content\/uploads\/2021\/10\/MSAB_Kiosk_Selection_Block_Frontline-500x333.jpg 500w\" sizes=\"(max-width: 600px) 100vw, 600px\" \/>                    <\/div><!--\/.two-cards__card--image-wrap-->\n                                        <div class=\"two-cards__card--content-wrap editor-content bg-white\">\n                                                <h4 class=\"two-cards__card--title\">Combinez XRY avec nos plateformes<\/h4>\n                                                <p class=\"two-cards__card--intro\">MSAB fournit un logiciel sur diff\u00e9rentes plateformes mat\u00e9rielles. Les plateformes ouvertes sont con\u00e7ues pour les ordinateurs Windows traditionnels avec des interfaces pointer-cliquer. Nos plateformes Cl\u00e9 en main son des syst\u00e8mes plus faciles \u00e0 utiliser gr\u00e2ce \u00e0 des interfaces d\u2019\u00e9cran tactile.<\/p>\n                                                <p class=\"two-cards__card--link\"><a href=\"https:\/\/www.msab.com\/fr\/products\/platforms\/\" title=\"Plateformes mat\u00e9rielles\"  >Plateformes mat\u00e9rielles<\/a><\/p>\n                                            <\/div><!--\/.two-cards__card--content-wrap-->\n                <\/div><!--\/.two-cards__card-->\n\n            <\/div><!--\/.two-cards__card-wrap-->\n                    <\/div><!--\/.two-cards__row-->\n            <\/div><!--\/.container-->\n<\/section>\n\n\n    <style>\n                    #block_61435e923d04a {\n                background-image: url(https:\/\/www.msab.com\/wp-content\/uploads\/2021\/08\/Frontline_MSAB_Field_Phone_Extraction_BG-1.jpg);\n            }\n                    <\/style>\n\n<section id=\"block_61435e923d04a\" class=\"block cta-with-bg-img text-white left-layout bg-overlay \">\n    <div class=\"container\" id=\"\">\n                    <div class=\"text-wrapper\">\n                <h2>Demander un devis<\/h2>\n<p style=\"text-align: left;\">Contactez-nous pour demander un devis, ou faites-nous savoir si vous \u00eates int\u00e9ress\u00e9 par l\u2019\u00e9valuation de l\u2019un de nos produits.<\/p>\n<p style=\"text-align: left;\"><span style=\"color: #000000;\"><a class=\"btn btn-primary\" style=\"color: #000000;\" href=\"#form-166593\">Contacter le service ventes<\/a><\/span><\/p>\n            <\/div>\n            <\/div><!--\/container-->\n<\/section>","protected":false},"excerpt":{"rendered":"","protected":false},"author":106,"featured_media":0,"parent":5242,"menu_order":0,"template":"","class_list":["post-4180","product","type-product","status-publish","hentry"],"acf":[],"yoast_head":"<!-- This site is optimized with the Yoast SEO Premium plugin v25.0 (Yoast SEO v27.4) - https:\/\/yoast.com\/product\/yoast-seo-premium-wordpress\/ -->\n<title>XRY Camera - MSAB<\/title>\n<meta name=\"robots\" content=\"index, follow, max-snippet:-1, max-image-preview:large, max-video-preview:-1\" \/>\n<link rel=\"canonical\" href=\"https:\/\/www.msab.com\/fr\/produits\/extract\/xry-camera\/\" \/>\n<meta property=\"og:locale\" content=\"fr_FR\" \/>\n<meta property=\"og:type\" content=\"article\" \/>\n<meta property=\"og:title\" content=\"XRY Camera\" \/>\n<meta property=\"og:url\" content=\"https:\/\/www.msab.com\/fr\/produits\/extract\/xry-camera\/\" \/>\n<meta property=\"og:site_name\" content=\"MSAB\" \/>\n<meta property=\"article:publisher\" content=\"https:\/\/www.facebook.com\/microsystemation\" \/>\n<meta property=\"article:modified_time\" content=\"2023-11-22T14:11:47+00:00\" \/>\n<meta name=\"twitter:card\" content=\"summary_large_image\" \/>\n<meta name=\"twitter:site\" content=\"@MSAB_XRY\" \/>\n<script type=\"application\/ld+json\" class=\"yoast-schema-graph\">{\"@context\":\"https:\\\/\\\/schema.org\",\"@graph\":[{\"@type\":\"WebPage\",\"@id\":\"https:\\\/\\\/www.msab.com\\\/fr\\\/produits\\\/extract\\\/xry-camera\\\/\",\"url\":\"https:\\\/\\\/www.msab.com\\\/fr\\\/produits\\\/extract\\\/xry-camera\\\/\",\"name\":\"XRY Camera - MSAB\",\"isPartOf\":{\"@id\":\"https:\\\/\\\/www.msab.com\\\/fr\\\/#website\"},\"datePublished\":\"2021-09-30T15:40:32+00:00\",\"dateModified\":\"2023-11-22T14:11:47+00:00\",\"breadcrumb\":{\"@id\":\"https:\\\/\\\/www.msab.com\\\/fr\\\/produits\\\/extract\\\/xry-camera\\\/#breadcrumb\"},\"inLanguage\":\"fr-FR\",\"potentialAction\":[{\"@type\":\"ReadAction\",\"target\":[\"https:\\\/\\\/www.msab.com\\\/fr\\\/produits\\\/extract\\\/xry-camera\\\/\"]}]},{\"@type\":\"BreadcrumbList\",\"@id\":\"https:\\\/\\\/www.msab.com\\\/fr\\\/produits\\\/extract\\\/xry-camera\\\/#breadcrumb\",\"itemListElement\":[{\"@type\":\"ListItem\",\"position\":1,\"name\":\"\",\"item\":\"https:\\\/\\\/www.msab.com\\\/fr\\\/\"},{\"@type\":\"ListItem\",\"position\":2,\"name\":\"MSAB Extract &#8211; XRY\",\"item\":\"https:\\\/\\\/www.msab.com\\\/fr\\\/produits\\\/extract\\\/\"},{\"@type\":\"ListItem\",\"position\":3,\"name\":\"XRY Camera\"}]},{\"@type\":\"WebSite\",\"@id\":\"https:\\\/\\\/www.msab.com\\\/fr\\\/#website\",\"url\":\"https:\\\/\\\/www.msab.com\\\/fr\\\/\",\"name\":\"MSAB\",\"description\":\"Trusted Partner in Digital Forensics\",\"publisher\":{\"@id\":\"https:\\\/\\\/www.msab.com\\\/fr\\\/#organization\"},\"potentialAction\":[{\"@type\":\"SearchAction\",\"target\":{\"@type\":\"EntryPoint\",\"urlTemplate\":\"https:\\\/\\\/www.msab.com\\\/fr\\\/?s={search_term_string}\"},\"query-input\":{\"@type\":\"PropertyValueSpecification\",\"valueRequired\":true,\"valueName\":\"search_term_string\"}}],\"inLanguage\":\"fr-FR\"},{\"@type\":\"Organization\",\"@id\":\"https:\\\/\\\/www.msab.com\\\/fr\\\/#organization\",\"name\":\"MSAB\",\"url\":\"https:\\\/\\\/www.msab.com\\\/fr\\\/\",\"logo\":{\"@type\":\"ImageObject\",\"inLanguage\":\"fr-FR\",\"@id\":\"https:\\\/\\\/www.msab.com\\\/fr\\\/#\\\/schema\\\/logo\\\/image\\\/\",\"url\":\"https:\\\/\\\/www.msab.com\\\/wp-content\\\/uploads\\\/2023\\\/03\\\/MSAB-logo-Black-RGB.png\",\"contentUrl\":\"https:\\\/\\\/www.msab.com\\\/wp-content\\\/uploads\\\/2023\\\/03\\\/MSAB-logo-Black-RGB.png\",\"width\":1198,\"height\":353,\"caption\":\"MSAB\"},\"image\":{\"@id\":\"https:\\\/\\\/www.msab.com\\\/fr\\\/#\\\/schema\\\/logo\\\/image\\\/\"},\"sameAs\":[\"https:\\\/\\\/www.facebook.com\\\/microsystemation\",\"https:\\\/\\\/x.com\\\/MSAB_XRY\",\"https:\\\/\\\/www.linkedin.com\\\/company\\\/micro-systemation\"]}]}<\/script>\n<!-- \/ Yoast SEO Premium plugin. -->","yoast_head_json":{"title":"XRY Camera - MSAB","robots":{"index":"index","follow":"follow","max-snippet":"max-snippet:-1","max-image-preview":"max-image-preview:large","max-video-preview":"max-video-preview:-1"},"canonical":"https:\/\/www.msab.com\/fr\/produits\/extract\/xry-camera\/","og_locale":"fr_FR","og_type":"article","og_title":"XRY Camera","og_url":"https:\/\/www.msab.com\/fr\/produits\/extract\/xry-camera\/","og_site_name":"MSAB","article_publisher":"https:\/\/www.facebook.com\/microsystemation","article_modified_time":"2023-11-22T14:11:47+00:00","twitter_card":"summary_large_image","twitter_site":"@MSAB_XRY","schema":{"@context":"https:\/\/schema.org","@graph":[{"@type":"WebPage","@id":"https:\/\/www.msab.com\/fr\/produits\/extract\/xry-camera\/","url":"https:\/\/www.msab.com\/fr\/produits\/extract\/xry-camera\/","name":"XRY Camera - MSAB","isPartOf":{"@id":"https:\/\/www.msab.com\/fr\/#website"},"datePublished":"2021-09-30T15:40:32+00:00","dateModified":"2023-11-22T14:11:47+00:00","breadcrumb":{"@id":"https:\/\/www.msab.com\/fr\/produits\/extract\/xry-camera\/#breadcrumb"},"inLanguage":"fr-FR","potentialAction":[{"@type":"ReadAction","target":["https:\/\/www.msab.com\/fr\/produits\/extract\/xry-camera\/"]}]},{"@type":"BreadcrumbList","@id":"https:\/\/www.msab.com\/fr\/produits\/extract\/xry-camera\/#breadcrumb","itemListElement":[{"@type":"ListItem","position":1,"name":"","item":"https:\/\/www.msab.com\/fr\/"},{"@type":"ListItem","position":2,"name":"MSAB Extract &#8211; XRY","item":"https:\/\/www.msab.com\/fr\/produits\/extract\/"},{"@type":"ListItem","position":3,"name":"XRY Camera"}]},{"@type":"WebSite","@id":"https:\/\/www.msab.com\/fr\/#website","url":"https:\/\/www.msab.com\/fr\/","name":"MSAB","description":"Trusted Partner in Digital Forensics","publisher":{"@id":"https:\/\/www.msab.com\/fr\/#organization"},"potentialAction":[{"@type":"SearchAction","target":{"@type":"EntryPoint","urlTemplate":"https:\/\/www.msab.com\/fr\/?s={search_term_string}"},"query-input":{"@type":"PropertyValueSpecification","valueRequired":true,"valueName":"search_term_string"}}],"inLanguage":"fr-FR"},{"@type":"Organization","@id":"https:\/\/www.msab.com\/fr\/#organization","name":"MSAB","url":"https:\/\/www.msab.com\/fr\/","logo":{"@type":"ImageObject","inLanguage":"fr-FR","@id":"https:\/\/www.msab.com\/fr\/#\/schema\/logo\/image\/","url":"https:\/\/www.msab.com\/wp-content\/uploads\/2023\/03\/MSAB-logo-Black-RGB.png","contentUrl":"https:\/\/www.msab.com\/wp-content\/uploads\/2023\/03\/MSAB-logo-Black-RGB.png","width":1198,"height":353,"caption":"MSAB"},"image":{"@id":"https:\/\/www.msab.com\/fr\/#\/schema\/logo\/image\/"},"sameAs":["https:\/\/www.facebook.com\/microsystemation","https:\/\/x.com\/MSAB_XRY","https:\/\/www.linkedin.com\/company\/micro-systemation"]}]}},"_links":{"self":[{"href":"https:\/\/www.msab.com\/fr\/wp-json\/wp\/v2\/product\/4180","targetHints":{"allow":["GET"]}}],"collection":[{"href":"https:\/\/www.msab.com\/fr\/wp-json\/wp\/v2\/product"}],"about":[{"href":"https:\/\/www.msab.com\/fr\/wp-json\/wp\/v2\/types\/product"}],"author":[{"embeddable":true,"href":"https:\/\/www.msab.com\/fr\/wp-json\/wp\/v2\/users\/106"}],"up":[{"embeddable":true,"href":"https:\/\/www.msab.com\/fr\/wp-json\/wp\/v2\/product\/5242"}],"wp:attachment":[{"href":"https:\/\/www.msab.com\/fr\/wp-json\/wp\/v2\/media?parent=4180"}],"curies":[{"name":"wp","href":"https:\/\/api.w.org\/{rel}","templated":true}]}}