{"id":4177,"date":"2021-09-30T17:36:44","date_gmt":"2021-09-30T15:36:44","guid":{"rendered":"http:\/\/www.msab.com\/?post_type=product&#038;p=4177"},"modified":"2024-03-11T12:51:27","modified_gmt":"2024-03-11T11:51:27","slug":"xry-physical","status":"publish","type":"product","link":"https:\/\/www.msab.com\/fr\/produits\/extract\/xry-physical\/","title":{"rendered":"XRY &#8211; Physical"},"content":{"rendered":"\n<section id=\"\" class=\"block product-hero  \">\n    <div class=\"bg-image\">\n        <div class=\"img\" style=\"background-image: url(https:\/\/www.msab.com\/wp-content\/uploads\/2023\/03\/XRY_Hero_Test_2.jpg);\"><\/div>\n    <\/div>\n    <div class=\"container\">\n\n        <div class=\"text-wrapper text-white text-center\">\n\n            <img decoding=\"async\" width=\"204\" height=\"133\" src=\"https:\/\/www.msab.com\/wp-content\/uploads\/2021\/08\/XRY_Physical_Logo_White.png\" class=\"product-logo\" alt=\"\" srcset=\"https:\/\/www.msab.com\/wp-content\/uploads\/2021\/08\/XRY_Physical_Logo_White.png 204w, https:\/\/www.msab.com\/wp-content\/uploads\/2021\/08\/XRY_Physical_Logo_White-33x22.png 33w, https:\/\/www.msab.com\/wp-content\/uploads\/2021\/08\/XRY_Physical_Logo_White-102x67.png 102w\" sizes=\"(max-width: 204px) 100vw, 204px\" \/>\n            <p class=\"intro\">R\u00e9cup\u00e9ration physique de donn\u00e9es depuis des appareils mobiles<\/p>\n        <\/div><!--\/text-wrapper-->\n        <div class=\"breadcrumb-part dark\"><nav id=\"breadcrumbs\" class=\"bread-nav\"><span><span><a href=\"https:\/\/www.msab.com\/fr\/\"><i class=\"fas fa-home\"><\/i><\/a><\/span><\/span><\/nav><\/div>    <\/div><!--\/container-->\n<\/section>\n\n\n\n<section id=\"\" class=\"block regular-content   pt-regular pb-regular bg-light-grey\">\n    <div class=\"container two-columns\">\n                    <div class=\"editor-content\">\n                <h2>Qu\u2019est-ce que XRY Physical ?<\/h2>\n<p><span class=\"TextRun SCXW57631086 BCX0\" lang=\"EN-US\" xml:lang=\"EN-US\" data-contrast=\"auto\"><span class=\"NormalTextRun SCXW57631086 BCX0\">XRY Physical <\/span><span class=\"NormalTextRun SpellingErrorV2Themed SCXW57631086 BCX0\">comprend<\/span> <span class=\"NormalTextRun SpellingErrorV2Themed SCXW57631086 BCX0\">une<\/span> <span class=\"NormalTextRun SpellingErrorV2Themed SCXW57631086 BCX0\">licence<\/span> <\/span><span class=\"TextRun SCXW57631086 BCX0\" lang=\"EN-US\" xml:lang=\"EN-US\" data-contrast=\"auto\"><span class=\"NormalTextRun SCXW57631086 BCX0\">XRY Logical <\/span><span class=\"NormalTextRun SpellingErrorV2Themed SCXW57631086 BCX0\">compl\u00e8te<\/span><span class=\"NormalTextRun SCXW57631086 BCX0\"> et<\/span><\/span><span class=\"TextRun SCXW57631086 BCX0\" lang=\"EN-US\" xml:lang=\"EN-US\" data-contrast=\"auto\"> <span class=\"NormalTextRun SpellingErrorV2Themed SCXW57631086 BCX0\">constitue<\/span><span class=\"NormalTextRun SCXW57631086 BCX0\"> la <\/span><span class=\"NormalTextRun SpellingErrorV2Themed SCXW57631086 BCX0\">licence<\/span><span class=\"NormalTextRun SCXW57631086 BCX0\"> de <\/span><span class=\"NormalTextRun SpellingErrorV2Themed SCXW57631086 BCX0\">niveau<\/span> <span class=\"NormalTextRun SpellingErrorV2Themed SCXW57631086 BCX0\">sup\u00e9rieur<\/span><span class=\"NormalTextRun SCXW57631086 BCX0\"> pour la <\/span><span class=\"NormalTextRun SpellingErrorV2Themed SCXW57631086 BCX0\">r\u00e9cup\u00e9ration<\/span><span class=\"NormalTextRun SCXW57631086 BCX0\"> physique de donn\u00e9es \u00e0 <\/span><span class=\"NormalTextRun SpellingErrorV2Themed SCXW57631086 BCX0\">partir<\/span> <span class=\"NormalTextRun SpellingErrorV2Themed SCXW57631086 BCX0\">d&rsquo;appareils<\/span><span class=\"NormalTextRun SCXW57631086 BCX0\"> mobiles.<\/span><\/span><span class=\"EOP SCXW57631086 BCX0\" data-ccp-props=\"{&quot;335559685&quot;:-20,&quot;335559737&quot;:-20}\">\u00a0<\/span><\/p>\n<p>XRY Physical permet aux investigateurs de contourner le syst\u00e8me d\u2019exploitation pour vider toutes les donn\u00e9es brutes de l\u2019appareil. Ce vidage m\u00e9moire vous donne acc\u00e8s aux donn\u00e9es prot\u00e9g\u00e9es et supprim\u00e9es du syst\u00e8me, et qui permet \u00e9galement de r\u00e9soudre des difficult\u00e9s de cryptage et de s\u00e9curit\u00e9 sur les appareils verrouill\u00e9s. Gr\u00e2ce \u00e0 XAMN, vous pouvez rapidement voir le code hexad\u00e9cimal et, en activant le mode source, vous pouvez v\u00e9rifier les donn\u00e9es brutes d\u2019origine.<\/p>\n<p><a class=\"btn btn-primary\" href=\"#form-166593\">Contacter le service ventes<\/a>\u00a0 \u00a0 \u00a0 <a class=\"btn btn-outline\" href=\"https:\/\/www.msab.com\/xry_physical_fr\/\">Fiche produit<\/a><\/p>\n            <\/div><!--\/.editor-content-->\n                            <div class=\"editor-content\">\n                <p><img decoding=\"async\" class=\"alignnone size-full wp-image-154577\" src=\"https:\/\/www.msab.com\/wp-content\/uploads\/2021\/10\/XRY_Physical_Screenshot.png\" alt=\"\" width=\"800\" srcset=\"https:\/\/www.msab.com\/wp-content\/uploads\/2021\/10\/XRY_Physical_Screenshot.png 800w, https:\/\/www.msab.com\/wp-content\/uploads\/2021\/10\/XRY_Physical_Screenshot-300x169.png 300w, https:\/\/www.msab.com\/wp-content\/uploads\/2021\/10\/XRY_Physical_Screenshot-768x432.png 768w, https:\/\/www.msab.com\/wp-content\/uploads\/2021\/10\/XRY_Physical_Screenshot-33x19.png 33w, https:\/\/www.msab.com\/wp-content\/uploads\/2021\/10\/XRY_Physical_Screenshot-102x57.png 102w, https:\/\/www.msab.com\/wp-content\/uploads\/2021\/10\/XRY_Physical_Screenshot-500x281.png 500w\" sizes=\"(max-width: 800px) 100vw, 800px\" \/><\/p>\n            <\/div><!--\/.editor-content-->\n            <\/div><!--\/.container-->\n<\/section><!--\/.regular-content-->\n\n\n<section id=\"\" class=\"block list-block bg-white \">\n    <div class=\"container\">\n\n                <div class=\"list-block__top-content editor-content center\">\n            <h2 style=\"text-align: center;\">La licence XRY inclut<\/h2>\n<p style=\"text-align: center;\">C\u00e2bles gratuits, mises \u00e0 jour logicielles gratuites et assistance technique gratuite. Extension de garantie disponible pour tous les \u00e9quipements fabriqu\u00e9s par MSAB sous r\u00e9serve que la licence XRY soit prolong\u00e9e.<\/p>\n<h4 style=\"text-align: center;\"><strong>Donnez \u00e0 vos enqu\u00eates la plus grande chance de r\u00e9ussite<\/strong><\/h4>\n        <\/div><!--\/.top-content-->\n                \n                <div class=\"list-block__row d-flex\">\n\n            \n            <div class=\"list-block__wrap\">\n                <div class=\"list-block__col editor-content\">\n\n                                        \n                                        <ul class=\"check-list blue\">\n\n                                                <li>Analyses physiques des appareils mobiles<\/li>\n                                                <li> Contournement ou r\u00e9cup\u00e9ration des codes d\u2019acc\u00e8s<\/li>\n                                                <li>Donn\u00e9es reconstruites et supprim\u00e9es<\/li>\n                                                <li>Importation de fichiers de vidage et binaires sur l\u2019appareil<\/li>\n                                                <li>Prise en charge des applications de smartphone<\/li>\n                        \n                    <\/ul><!--\/.check-list-->\n                                    <\/div><!--\/.list-block__col-->\n            <\/div><!--\/.list-block__wrap-->\n            \n            <div class=\"list-block__wrap\">\n                <div class=\"list-block__col editor-content\">\n\n                                        \n                                        <ul class=\"check-list blue\">\n\n                                                <li>Solution logicielle sous Windows<\/li>\n                                                <li>Fichier d\u2019aide unique pour tous les appareils<\/li>\n                                                <li>Extraction facile de donn\u00e9es<\/li>\n                                                <li>Analyse de donn\u00e9es HEX<\/li>\n                                                <li>Algorithmes de hachage<\/li>\n                        \n                    <\/ul><!--\/.check-list-->\n                                    <\/div><!--\/.list-block__col-->\n            <\/div><!--\/.list-block__wrap-->\n            \n            <div class=\"list-block__wrap\">\n                <div class=\"list-block__col editor-content\">\n\n                                        \n                                        <ul class=\"check-list blue\">\n\n                                                <li>Assistant de gravure CD\/DVD\/Blu-ray<\/li>\n                                                <li>Duplication de cartes SIM<\/li>\n                                                <li>Nettoyage du registre<\/li>\n                                                <li>Conversion des anciens fichiers XRY<\/li>\n                                                <li>Mise \u00e0 jour des licences<\/li>\n                                                <li>T\u00e9l\u00e9chargement de mises \u00e0 jour<\/li>\n                        \n                    <\/ul><!--\/.check-list-->\n                                    <\/div><!--\/.list-block__col-->\n            <\/div><!--\/.list-block__wrap-->\n            \n        <\/div><!--\/.list-block__row-->\n        \n    <\/div><!--\/.container-->\n<\/section>\n\n\n<hr class=\"separator-line blue\">\n\n<section id=\"\" class=\"block text-image-columns bg-white \">\n    <div class=\"container\">\n        <div class=\"row img-right\">\n\n            <div class=\"text-col col-12 col-md-6 d-flex flex-wrap justify-content-center align-items-center\">\n\n                                <div class=\"editor-content\">\n                    <h2>Une raison convaincante de choisir\u00a0: Parce que le format de fichier XRY est scientifiquement s\u00fbr<\/h2>\n<p>Contrairement \u00e0 certains outils d\u2019investigation mobile qui ont \u00e9t\u00e9 con\u00e7us \u00e0 l\u2019origine \u00e0 d\u2019autres fins, XRY a \u00e9t\u00e9 con\u00e7u d\u00e8s le d\u00e9part pour \u00eatre s\u00fbr d\u2019un point de vue scientifique. Le format de fichier XRY assure la s\u00e9curit\u00e9 et la comptabilit\u00e9 des \u00e9l\u00e9ments de preuve \u00e0 tout moment, gr\u00e2ce \u00e0 une piste d\u2019audit et d\u2019investigation compl\u00e8te et \u00e0 la protection des \u00e9l\u00e9ments de preuve, depuis leur extraction initiale jusqu\u2019\u00e0 leur pr\u00e9sentation au tribunal ou dans le cadre d\u2019autres processus administratifs, en passant par l\u2019analyse et la cr\u00e9ation de rapports.<\/p>\n<p>Pour en savoir plus sur la question: <a style=\"text-align: var(--msab-body-text-align);\" href=\"https:\/\/www.msab.com\/reports\/are-there-any-court-approved-mobile-forensic-tools\/\"><em>Existe-t-il un outil d\u2019investigation approuv\u00e9 par les tribunaux\u00a0?<\/em>\u00a0<\/a><\/p>\n                <\/div><!--\/.editor-content-->\n                \n            <\/div><!--\/.text-col-->\n\n            <div class=\"img-col col-12 col-md-6 d-flex flex-wrap justify-content-center align-items-center\">\n                \n                                <div class=\"img-wrap grad\">\n                    <img decoding=\"async\" width=\"1060\" height=\"719\" src=\"https:\/\/www.msab.com\/wp-content\/uploads\/2021\/08\/XRY-file-format-Current-View-4.png\" class=\"attachment-full size-full\" alt=\"\" srcset=\"https:\/\/www.msab.com\/wp-content\/uploads\/2021\/08\/XRY-file-format-Current-View-4.png 1060w, https:\/\/www.msab.com\/wp-content\/uploads\/2021\/08\/XRY-file-format-Current-View-4-300x203.png 300w, https:\/\/www.msab.com\/wp-content\/uploads\/2021\/08\/XRY-file-format-Current-View-4-1024x695.png 1024w, https:\/\/www.msab.com\/wp-content\/uploads\/2021\/08\/XRY-file-format-Current-View-4-768x521.png 768w, https:\/\/www.msab.com\/wp-content\/uploads\/2021\/08\/XRY-file-format-Current-View-4-33x22.png 33w, https:\/\/www.msab.com\/wp-content\/uploads\/2021\/08\/XRY-file-format-Current-View-4-102x69.png 102w\" sizes=\"(max-width: 1060px) 100vw, 1060px\" \/>                <\/div><!--\/.img-wrap-->\n                \n            <\/div><!--\/.img-col-->\n\n        <\/div><!--\/.row-->\n    <\/div><!--\/.container-->\n<\/section>\n\n<section id=\"\" class=\"block image-text-with-bg bg-blue-gradient text-white \">\n\t<div class=\"container\">\n\t\t\t\t<div class=\"row\">\n\t\t\t<div class=\"col text-center\">\n                <img decoding=\"async\" width=\"1220\" height=\"500\" src=\"https:\/\/www.msab.com\/wp-content\/uploads\/2021\/08\/XRY_Spec_Table_FR.png\" class=\"attachment-container-size size-container-size\" alt=\"\" srcset=\"https:\/\/www.msab.com\/wp-content\/uploads\/2021\/08\/XRY_Spec_Table_FR.png 1220w, https:\/\/www.msab.com\/wp-content\/uploads\/2021\/08\/XRY_Spec_Table_FR-300x123.png 300w, https:\/\/www.msab.com\/wp-content\/uploads\/2021\/08\/XRY_Spec_Table_FR-1024x420.png 1024w, https:\/\/www.msab.com\/wp-content\/uploads\/2021\/08\/XRY_Spec_Table_FR-768x315.png 768w, https:\/\/www.msab.com\/wp-content\/uploads\/2021\/08\/XRY_Spec_Table_FR-33x14.png 33w, https:\/\/www.msab.com\/wp-content\/uploads\/2021\/08\/XRY_Spec_Table_FR-102x42.png 102w, https:\/\/www.msab.com\/wp-content\/uploads\/2021\/08\/XRY_Spec_Table_FR-500x205.png 500w\" sizes=\"(max-width: 1220px) 100vw, 1220px\" \/>\t\t\t<\/div>\n\t\t<\/div>\n\t\t\t\t<div class=\"row text-wrapper\">\n\t\t\t<div class=\"col-12 col-md-4 left-col\">\n\t\t\t\t\t\t\t<\/div>\n\t\t\t<div class=\"col-12 col-md-8 right-col\">\n\t\t\t\t<div class=\"row\">\n\t\t\t\t\t<div class=\"col\">\n\t\t\t\t\t\t\t\t\t\t\t<\/div>\n\t\t\t\t<\/div>\n\t\t\t\t\t\t\t<\/div>\n\t\t<\/div>\n\t<\/div>\n<\/section>\n\n\n<section id=\"\" class=\"block text-image-columns bg-white \">\n    <div class=\"container\">\n        <div class=\"row img-left\">\n\n            <div class=\"text-col col-12 col-md-6 d-flex flex-wrap justify-content-center align-items-center\">\n\n                                <div class=\"editor-content\">\n                    <h2>Poss\u00e9dez-vous des t\u00e9l\u00e9phones portables auxquels vous ne pouvez pas acc\u00e9der ?<\/h2>\n<p>&nbsp;<\/p>\n<p><strong>Il existe d\u00e9sormais une nouvelle option pour les enqu\u00eateurs et investigateurs qui ont besoin d\u2019avoir acc\u00e8s aux t\u00e9l\u00e9phones portables dans des situations critiques : MSAB Access Services<\/strong><\/p>\n<p>Avec Access Services, les experts en investigation de MSAB utilisent des techniques avanc\u00e9es et scientifiquement solides pour extraire et d\u00e9crypter les donn\u00e9es d\u2019appareils s\u00e9lectionn\u00e9s \u2013 des preuves impossibles \u00e0 obtenir autrement et qui pourraient faire la diff\u00e9rence entre r\u00e9soudre une affaire ou non.<\/p>\n<p><a class=\"btn btn-primary\" href=\"https:\/\/www.msab.com\/fr\/products\/professional-services\/#access-services\">Plus d\u2019informations<\/a><\/p>\n                <\/div><!--\/.editor-content-->\n                \n            <\/div><!--\/.text-col-->\n\n            <div class=\"img-col col-12 col-md-6 d-flex flex-wrap justify-content-center align-items-center\">\n                \n                                <div class=\"img-wrap grad\">\n                    <img decoding=\"async\" width=\"600\" height=\"400\" src=\"https:\/\/www.msab.com\/wp-content\/uploads\/2021\/10\/MSAB_PS_Access_Services_Extract.jpg\" class=\"attachment-full size-full\" alt=\"\" srcset=\"https:\/\/www.msab.com\/wp-content\/uploads\/2021\/10\/MSAB_PS_Access_Services_Extract.jpg 600w, https:\/\/www.msab.com\/wp-content\/uploads\/2021\/10\/MSAB_PS_Access_Services_Extract-300x200.jpg 300w, https:\/\/www.msab.com\/wp-content\/uploads\/2021\/10\/MSAB_PS_Access_Services_Extract-33x22.jpg 33w, https:\/\/www.msab.com\/wp-content\/uploads\/2021\/10\/MSAB_PS_Access_Services_Extract-102x68.jpg 102w, https:\/\/www.msab.com\/wp-content\/uploads\/2021\/10\/MSAB_PS_Access_Services_Extract-500x333.jpg 500w\" sizes=\"(max-width: 600px) 100vw, 600px\" \/>                <\/div><!--\/.img-wrap-->\n                \n            <\/div><!--\/.img-col-->\n\n        <\/div><!--\/.row-->\n    <\/div><!--\/.container-->\n<\/section>\n\n\n    <style>\n                    #block_61435e923d04a {\n                background-image: url(https:\/\/www.msab.com\/wp-content\/uploads\/2021\/08\/Frontline_MSAB_Field_Phone_Extraction_BG-1.jpg);\n            }\n                    <\/style>\n\n<section id=\"block_61435e923d04a\" class=\"block cta-with-bg-img text-white left-layout bg-overlay \">\n    <div class=\"container\" id=\"\">\n                    <div class=\"text-wrapper\">\n                <h2>Demander un devis<\/h2>\n<p style=\"text-align: left;\">Contactez-nous pour demander un devis, ou faites-nous savoir si vous \u00eates int\u00e9ress\u00e9 par l\u2019\u00e9valuation de l\u2019un de nos produits.<\/p>\n<p style=\"text-align: left;\"><span style=\"color: #000000;\"><a class=\"btn btn-primary\" style=\"color: #000000;\" href=\"#form-166593\">Contacter le service ventes<\/a><\/span><\/p>\n            <\/div>\n            <\/div><!--\/container-->\n<\/section>","protected":false},"excerpt":{"rendered":"","protected":false},"author":106,"featured_media":0,"parent":5242,"menu_order":0,"template":"","class_list":["post-4177","product","type-product","status-publish","hentry"],"acf":[],"yoast_head":"<!-- This site is optimized with the Yoast SEO Premium plugin v25.0 (Yoast SEO v27.4) - https:\/\/yoast.com\/product\/yoast-seo-premium-wordpress\/ -->\n<title>XRY Physical \u2014 Extraction physique Logiciel XRY | MSAB<\/title>\n<meta name=\"description\" content=\"R\u00e9cup\u00e9ration des donn\u00e9es mobiles avec XRY Physical. MSAB, leader en criminalistique num\u00e9rique. \u2713 Licence sup\u00e9rieure pour r\u00e9cup\u00e9ration.\" \/>\n<meta name=\"robots\" content=\"index, follow, max-snippet:-1, max-image-preview:large, max-video-preview:-1\" \/>\n<link rel=\"canonical\" href=\"https:\/\/www.msab.com\/fr\/produits\/extract\/xry-physical\/\" \/>\n<meta property=\"og:locale\" content=\"fr_FR\" \/>\n<meta property=\"og:type\" content=\"article\" \/>\n<meta property=\"og:title\" content=\"XRY - Physical\" \/>\n<meta property=\"og:description\" content=\"R\u00e9cup\u00e9ration des donn\u00e9es mobiles avec XRY Physical. MSAB, leader en criminalistique num\u00e9rique. \u2713 Licence sup\u00e9rieure pour r\u00e9cup\u00e9ration.\" \/>\n<meta property=\"og:url\" content=\"https:\/\/www.msab.com\/fr\/produits\/extract\/xry-physical\/\" \/>\n<meta property=\"og:site_name\" content=\"MSAB\" \/>\n<meta property=\"article:publisher\" content=\"https:\/\/www.facebook.com\/microsystemation\" \/>\n<meta property=\"article:modified_time\" content=\"2024-03-11T11:51:27+00:00\" \/>\n<meta name=\"twitter:card\" content=\"summary_large_image\" \/>\n<meta name=\"twitter:site\" content=\"@MSAB_XRY\" \/>\n<meta name=\"twitter:label1\" content=\"Dur\u00e9e de lecture estim\u00e9e\" \/>\n\t<meta name=\"twitter:data1\" content=\"3 minutes\" \/>\n<script type=\"application\/ld+json\" class=\"yoast-schema-graph\">{\"@context\":\"https:\\\/\\\/schema.org\",\"@graph\":[{\"@type\":\"WebPage\",\"@id\":\"https:\\\/\\\/www.msab.com\\\/fr\\\/produits\\\/extract\\\/xry-physical\\\/\",\"url\":\"https:\\\/\\\/www.msab.com\\\/fr\\\/produits\\\/extract\\\/xry-physical\\\/\",\"name\":\"XRY Physical \u2014 Extraction physique Logiciel XRY | MSAB\",\"isPartOf\":{\"@id\":\"https:\\\/\\\/www.msab.com\\\/fr\\\/#website\"},\"datePublished\":\"2021-09-30T15:36:44+00:00\",\"dateModified\":\"2024-03-11T11:51:27+00:00\",\"description\":\"R\u00e9cup\u00e9ration des donn\u00e9es mobiles avec XRY Physical. MSAB, leader en criminalistique num\u00e9rique. \u2713 Licence sup\u00e9rieure pour r\u00e9cup\u00e9ration.\",\"breadcrumb\":{\"@id\":\"https:\\\/\\\/www.msab.com\\\/fr\\\/produits\\\/extract\\\/xry-physical\\\/#breadcrumb\"},\"inLanguage\":\"fr-FR\",\"potentialAction\":[{\"@type\":\"ReadAction\",\"target\":[\"https:\\\/\\\/www.msab.com\\\/fr\\\/produits\\\/extract\\\/xry-physical\\\/\"]}]},{\"@type\":\"BreadcrumbList\",\"@id\":\"https:\\\/\\\/www.msab.com\\\/fr\\\/produits\\\/extract\\\/xry-physical\\\/#breadcrumb\",\"itemListElement\":[{\"@type\":\"ListItem\",\"position\":1,\"name\":\"\",\"item\":\"https:\\\/\\\/www.msab.com\\\/fr\\\/\"},{\"@type\":\"ListItem\",\"position\":2,\"name\":\"MSAB Extract &#8211; XRY\",\"item\":\"https:\\\/\\\/www.msab.com\\\/fr\\\/produits\\\/extract\\\/\"},{\"@type\":\"ListItem\",\"position\":3,\"name\":\"XRY &#8211; Physical\"}]},{\"@type\":\"WebSite\",\"@id\":\"https:\\\/\\\/www.msab.com\\\/fr\\\/#website\",\"url\":\"https:\\\/\\\/www.msab.com\\\/fr\\\/\",\"name\":\"MSAB\",\"description\":\"Trusted Partner in Digital Forensics\",\"publisher\":{\"@id\":\"https:\\\/\\\/www.msab.com\\\/fr\\\/#organization\"},\"potentialAction\":[{\"@type\":\"SearchAction\",\"target\":{\"@type\":\"EntryPoint\",\"urlTemplate\":\"https:\\\/\\\/www.msab.com\\\/fr\\\/?s={search_term_string}\"},\"query-input\":{\"@type\":\"PropertyValueSpecification\",\"valueRequired\":true,\"valueName\":\"search_term_string\"}}],\"inLanguage\":\"fr-FR\"},{\"@type\":\"Organization\",\"@id\":\"https:\\\/\\\/www.msab.com\\\/fr\\\/#organization\",\"name\":\"MSAB\",\"url\":\"https:\\\/\\\/www.msab.com\\\/fr\\\/\",\"logo\":{\"@type\":\"ImageObject\",\"inLanguage\":\"fr-FR\",\"@id\":\"https:\\\/\\\/www.msab.com\\\/fr\\\/#\\\/schema\\\/logo\\\/image\\\/\",\"url\":\"https:\\\/\\\/www.msab.com\\\/wp-content\\\/uploads\\\/2023\\\/03\\\/MSAB-logo-Black-RGB.png\",\"contentUrl\":\"https:\\\/\\\/www.msab.com\\\/wp-content\\\/uploads\\\/2023\\\/03\\\/MSAB-logo-Black-RGB.png\",\"width\":1198,\"height\":353,\"caption\":\"MSAB\"},\"image\":{\"@id\":\"https:\\\/\\\/www.msab.com\\\/fr\\\/#\\\/schema\\\/logo\\\/image\\\/\"},\"sameAs\":[\"https:\\\/\\\/www.facebook.com\\\/microsystemation\",\"https:\\\/\\\/x.com\\\/MSAB_XRY\",\"https:\\\/\\\/www.linkedin.com\\\/company\\\/micro-systemation\"]}]}<\/script>\n<!-- \/ Yoast SEO Premium plugin. -->","yoast_head_json":{"title":"XRY Physical \u2014 Extraction physique Logiciel XRY | MSAB","description":"R\u00e9cup\u00e9ration des donn\u00e9es mobiles avec XRY Physical. MSAB, leader en criminalistique num\u00e9rique. \u2713 Licence sup\u00e9rieure pour r\u00e9cup\u00e9ration.","robots":{"index":"index","follow":"follow","max-snippet":"max-snippet:-1","max-image-preview":"max-image-preview:large","max-video-preview":"max-video-preview:-1"},"canonical":"https:\/\/www.msab.com\/fr\/produits\/extract\/xry-physical\/","og_locale":"fr_FR","og_type":"article","og_title":"XRY - Physical","og_description":"R\u00e9cup\u00e9ration des donn\u00e9es mobiles avec XRY Physical. MSAB, leader en criminalistique num\u00e9rique. \u2713 Licence sup\u00e9rieure pour r\u00e9cup\u00e9ration.","og_url":"https:\/\/www.msab.com\/fr\/produits\/extract\/xry-physical\/","og_site_name":"MSAB","article_publisher":"https:\/\/www.facebook.com\/microsystemation","article_modified_time":"2024-03-11T11:51:27+00:00","twitter_card":"summary_large_image","twitter_site":"@MSAB_XRY","twitter_misc":{"Dur\u00e9e de lecture estim\u00e9e":"3 minutes"},"schema":{"@context":"https:\/\/schema.org","@graph":[{"@type":"WebPage","@id":"https:\/\/www.msab.com\/fr\/produits\/extract\/xry-physical\/","url":"https:\/\/www.msab.com\/fr\/produits\/extract\/xry-physical\/","name":"XRY Physical \u2014 Extraction physique Logiciel XRY | MSAB","isPartOf":{"@id":"https:\/\/www.msab.com\/fr\/#website"},"datePublished":"2021-09-30T15:36:44+00:00","dateModified":"2024-03-11T11:51:27+00:00","description":"R\u00e9cup\u00e9ration des donn\u00e9es mobiles avec XRY Physical. MSAB, leader en criminalistique num\u00e9rique. \u2713 Licence sup\u00e9rieure pour r\u00e9cup\u00e9ration.","breadcrumb":{"@id":"https:\/\/www.msab.com\/fr\/produits\/extract\/xry-physical\/#breadcrumb"},"inLanguage":"fr-FR","potentialAction":[{"@type":"ReadAction","target":["https:\/\/www.msab.com\/fr\/produits\/extract\/xry-physical\/"]}]},{"@type":"BreadcrumbList","@id":"https:\/\/www.msab.com\/fr\/produits\/extract\/xry-physical\/#breadcrumb","itemListElement":[{"@type":"ListItem","position":1,"name":"","item":"https:\/\/www.msab.com\/fr\/"},{"@type":"ListItem","position":2,"name":"MSAB Extract &#8211; XRY","item":"https:\/\/www.msab.com\/fr\/produits\/extract\/"},{"@type":"ListItem","position":3,"name":"XRY &#8211; Physical"}]},{"@type":"WebSite","@id":"https:\/\/www.msab.com\/fr\/#website","url":"https:\/\/www.msab.com\/fr\/","name":"MSAB","description":"Trusted Partner in Digital Forensics","publisher":{"@id":"https:\/\/www.msab.com\/fr\/#organization"},"potentialAction":[{"@type":"SearchAction","target":{"@type":"EntryPoint","urlTemplate":"https:\/\/www.msab.com\/fr\/?s={search_term_string}"},"query-input":{"@type":"PropertyValueSpecification","valueRequired":true,"valueName":"search_term_string"}}],"inLanguage":"fr-FR"},{"@type":"Organization","@id":"https:\/\/www.msab.com\/fr\/#organization","name":"MSAB","url":"https:\/\/www.msab.com\/fr\/","logo":{"@type":"ImageObject","inLanguage":"fr-FR","@id":"https:\/\/www.msab.com\/fr\/#\/schema\/logo\/image\/","url":"https:\/\/www.msab.com\/wp-content\/uploads\/2023\/03\/MSAB-logo-Black-RGB.png","contentUrl":"https:\/\/www.msab.com\/wp-content\/uploads\/2023\/03\/MSAB-logo-Black-RGB.png","width":1198,"height":353,"caption":"MSAB"},"image":{"@id":"https:\/\/www.msab.com\/fr\/#\/schema\/logo\/image\/"},"sameAs":["https:\/\/www.facebook.com\/microsystemation","https:\/\/x.com\/MSAB_XRY","https:\/\/www.linkedin.com\/company\/micro-systemation"]}]}},"_links":{"self":[{"href":"https:\/\/www.msab.com\/fr\/wp-json\/wp\/v2\/product\/4177","targetHints":{"allow":["GET"]}}],"collection":[{"href":"https:\/\/www.msab.com\/fr\/wp-json\/wp\/v2\/product"}],"about":[{"href":"https:\/\/www.msab.com\/fr\/wp-json\/wp\/v2\/types\/product"}],"author":[{"embeddable":true,"href":"https:\/\/www.msab.com\/fr\/wp-json\/wp\/v2\/users\/106"}],"up":[{"embeddable":true,"href":"https:\/\/www.msab.com\/fr\/wp-json\/wp\/v2\/product\/5242"}],"wp:attachment":[{"href":"https:\/\/www.msab.com\/fr\/wp-json\/wp\/v2\/media?parent=4177"}],"curies":[{"name":"wp","href":"https:\/\/api.w.org\/{rel}","templated":true}]}}