{"id":4176,"date":"2021-09-30T17:35:56","date_gmt":"2021-09-30T15:35:56","guid":{"rendered":"http:\/\/www.msab.com\/?post_type=product&#038;p=4176"},"modified":"2023-11-16T14:52:24","modified_gmt":"2023-11-16T13:52:24","slug":"xry-photon","status":"publish","type":"product","link":"https:\/\/www.msab.com\/fr\/produits\/extract\/xry-photon\/","title":{"rendered":"XRY &#8211; Photon"},"content":{"rendered":"\n<section id=\"\" class=\"block product-hero  \">\n    <div class=\"bg-image\">\n        <div class=\"img\" style=\"background-image: url(https:\/\/www.msab.com\/wp-content\/uploads\/2023\/03\/XRY_Hero_Test_2.jpg);\"><\/div>\n    <\/div>\n    <div class=\"container\">\n\n        <div class=\"text-wrapper text-white text-center\">\n\n            <img decoding=\"async\" width=\"204\" height=\"133\" src=\"https:\/\/www.msab.com\/wp-content\/uploads\/2021\/08\/XRY_Photon_Logo_White.png\" class=\"product-logo\" alt=\"\" srcset=\"https:\/\/www.msab.com\/wp-content\/uploads\/2021\/08\/XRY_Photon_Logo_White.png 204w, https:\/\/www.msab.com\/wp-content\/uploads\/2021\/08\/XRY_Photon_Logo_White-33x22.png 33w, https:\/\/www.msab.com\/wp-content\/uploads\/2021\/08\/XRY_Photon_Logo_White-102x67.png 102w\" sizes=\"(max-width: 204px) 100vw, 204px\" \/>\n            <p class=\"intro\">Faites l\u2019acquisition de donn\u00e9es d\u2019application Android l\u00e0 o\u00f9 les autres outils \u00e9chouent<\/p>\n        <\/div><!--\/text-wrapper-->\n        <div class=\"breadcrumb-part dark\"><nav id=\"breadcrumbs\" class=\"bread-nav\"><span><span><a href=\"https:\/\/www.msab.com\/fr\/\"><i class=\"fas fa-home\"><\/i><\/a><\/span><\/span><\/nav><\/div>    <\/div><!--\/container-->\n<\/section>\n\n\n\n<section id=\"\" class=\"block regular-content   pt-regular pb-regular bg-light-grey\">\n    <div class=\"container two-columns\">\n                    <div class=\"editor-content\">\n                <p><img decoding=\"async\" class=\"alignnone size-full wp-image-154178\" src=\"https:\/\/www.msab.com\/wp-content\/uploads\/2021\/08\/XRY_Photon_Screenshot.png\" alt=\"\" width=\"800\" srcset=\"https:\/\/www.msab.com\/wp-content\/uploads\/2021\/08\/XRY_Photon_Screenshot.png 800w, https:\/\/www.msab.com\/wp-content\/uploads\/2021\/08\/XRY_Photon_Screenshot-300x169.png 300w, https:\/\/www.msab.com\/wp-content\/uploads\/2021\/08\/XRY_Photon_Screenshot-768x432.png 768w, https:\/\/www.msab.com\/wp-content\/uploads\/2021\/08\/XRY_Photon_Screenshot-33x19.png 33w, https:\/\/www.msab.com\/wp-content\/uploads\/2021\/08\/XRY_Photon_Screenshot-102x57.png 102w, https:\/\/www.msab.com\/wp-content\/uploads\/2021\/08\/XRY_Photon_Screenshot-500x281.png 500w\" sizes=\"(max-width: 800px) 100vw, 800px\" \/><\/p>\n            <\/div><!--\/.editor-content-->\n                            <div class=\"editor-content\">\n                <h2>Qu\u2019est-ce que XRY Photon?<\/h2>\n<p>Comme les versions des applications et les protocoles de s\u00e9curit\u00e9 sont constamment am\u00e9lior\u00e9s, les outils d\u2019extraction mobiles peuvent \u00e9chouer \u00e0 extraire les donn\u00e9es des applications d\u00e9chiffr\u00e9es. Jusqu\u2019\u00e0 pr\u00e9sent, cela obligeait les enqu\u00eateurs \u00e0 utiliser des processus manuels fastidieux tels que l\u2019utilisation d\u2019une cam\u00e9ra pour capturer, examiner et pr\u00e9senter les donn\u00e9es de l\u2019application.<br \/>\nXRY Photon est comme une version automatis\u00e9e de l\u2019examen manuel des applications pour les appareils Android, avec l\u2019avantage suppl\u00e9mentaire de stocker les donn\u00e9es document\u00e9es de mani\u00e8re consultable, ce qui permet la recherche de texte, le filtrage et d\u2019autres types d\u2019analyse.<\/p>\n<p><a class=\"btn btn-primary\" href=\"#form-166593\">Contacter le service ventes<\/a><\/p>\n            <\/div><!--\/.editor-content-->\n            <\/div><!--\/.container-->\n<\/section><!--\/.regular-content-->\n\n\n    <style>\n                    #block_1a5507edf932f96133a9cb11d3322c5b {\n                background-image: url(https:\/\/www.msab.com\/wp-content\/uploads\/2021\/08\/Gradient.png);\n            }\n                            @media (max-width: 576px) {\n                #block_1a5507edf932f96133a9cb11d3322c5b {\n                    background-image: url(https:\/\/www.msab.com\/wp-content\/uploads\/2021\/08\/Gradient.png);\n                }\n            }\n            <\/style>\n\n<section id=\"block_1a5507edf932f96133a9cb11d3322c5b\" class=\"block cta-with-bg-img text-white centered-layout \">\n    <div class=\"container\" id=\"\">\n                    <div class=\"text-wrapper\">\n                <h3><span style=\"color: #ffffff;\">XRY Photon, inclus avec notre produit\u00a0<a style=\"color: #ffffff;\" href=\"https:\/\/www.msab.com\/fr\/produits\/xry-extract\/xry-logical\/\">XRY Logical<\/a>, ne n\u00e9cessite pas de licence distincte.<\/span><\/h3>\n            <\/div>\n            <\/div><!--\/container-->\n<\/section>\n\n\n<section id=\"\" class=\"block two-cards bg-white \">\n    <div class=\"container\">\n                <div class=\"top-text editor-content left\">\n            <h4>XRY Photon propose deux modes : automatique et g\u00e9n\u00e9rique<\/h4>\n        <\/div>\n                <div class=\"two-cards__row d-flex\">\n                        <div class=\"two-cards__card-wrap\">\n\n                <div class=\"two-cards__card\">\n                                        <div class=\"two-cards__card--image-wrap\">\n                        <img decoding=\"async\" width=\"800\" height=\"450\" src=\"https:\/\/www.msab.com\/wp-content\/uploads\/2021\/08\/XRY_Photon_Automatic.png\" class=\"attachment-full size-full\" alt=\"XRY Photon Automatic Mode\" srcset=\"https:\/\/www.msab.com\/wp-content\/uploads\/2021\/08\/XRY_Photon_Automatic.png 800w, https:\/\/www.msab.com\/wp-content\/uploads\/2021\/08\/XRY_Photon_Automatic-300x169.png 300w, https:\/\/www.msab.com\/wp-content\/uploads\/2021\/08\/XRY_Photon_Automatic-768x432.png 768w, https:\/\/www.msab.com\/wp-content\/uploads\/2021\/08\/XRY_Photon_Automatic-33x19.png 33w, https:\/\/www.msab.com\/wp-content\/uploads\/2021\/08\/XRY_Photon_Automatic-102x57.png 102w, https:\/\/www.msab.com\/wp-content\/uploads\/2021\/08\/XRY_Photon_Automatic-500x281.png 500w\" sizes=\"(max-width: 800px) 100vw, 800px\" \/>                    <\/div><!--\/.two-cards__card--image-wrap-->\n                                        <div class=\"two-cards__card--content-wrap editor-content bg-white\">\n                                                <h4 class=\"two-cards__card--title\">Mode automatique<\/h4>\n                                                <p class=\"two-cards__card--intro\">Le mode automatique est adapt\u00e9 \u00e0 la structure des applications prises en charge, aussi ne n\u00e9cessite-t-il qu\u2019une interaction minimale de l\u2019utilisateur.\r\nApplications actuellement prises en charge automatiquement : WhatsApp, WhatsApp Business, Signal et Telegram.<\/p>\n                                                <p class=\"two-cards__card--link\"><a href=\"https:\/\/youtu.be\/py1NcTAeXP8\" title=\"Regarder la vid\u00e9o\"  >Regarder la vid\u00e9o<\/a><\/p>\n                                            <\/div><!--\/.two-cards__card--content-wrap-->\n                <\/div><!--\/.two-cards__card-->\n\n            <\/div><!--\/.two-cards__card-wrap-->\n                        <div class=\"two-cards__card-wrap\">\n\n                <div class=\"two-cards__card\">\n                                        <div class=\"two-cards__card--image-wrap\">\n                        <img decoding=\"async\" width=\"800\" height=\"450\" src=\"https:\/\/www.msab.com\/wp-content\/uploads\/2021\/08\/XRY_Photon_Generic.png\" class=\"attachment-full size-full\" alt=\"\" srcset=\"https:\/\/www.msab.com\/wp-content\/uploads\/2021\/08\/XRY_Photon_Generic.png 800w, https:\/\/www.msab.com\/wp-content\/uploads\/2021\/08\/XRY_Photon_Generic-300x169.png 300w, https:\/\/www.msab.com\/wp-content\/uploads\/2021\/08\/XRY_Photon_Generic-768x432.png 768w, https:\/\/www.msab.com\/wp-content\/uploads\/2021\/08\/XRY_Photon_Generic-33x19.png 33w, https:\/\/www.msab.com\/wp-content\/uploads\/2021\/08\/XRY_Photon_Generic-102x57.png 102w, https:\/\/www.msab.com\/wp-content\/uploads\/2021\/08\/XRY_Photon_Generic-500x281.png 500w\" sizes=\"(max-width: 800px) 100vw, 800px\" \/>                    <\/div><!--\/.two-cards__card--image-wrap-->\n                                        <div class=\"two-cards__card--content-wrap editor-content bg-white\">\n                                                <h4 class=\"two-cards__card--title\">Mode g\u00e9n\u00e9rique<\/h4>\n                                                <p class=\"two-cards__card--intro\">Le mode g\u00e9n\u00e9rique n\u00e9cessite plus d\u2019interaction de la part de l\u2019utilisateur, mais prend en charge l\u2019extraction de quasiment toutes les applications qui permettent d\u2019effectuer des captures d\u2019\u00e9cran. Le mode g\u00e9n\u00e9rique XRY Photon donne la possibilit\u00e9 \u00e0 un investigateur de r\u00e9cup\u00e9rer quasiment n\u2019importe quelle application Android de mani\u00e8re acceptable d\u2019un point de vue m\u00e9dicol\u00e9gal.<\/p>\n                                                <p class=\"two-cards__card--link\"><a href=\"https:\/\/youtu.be\/O3UPgSYWl-w\" title=\"Regarder la vid\u00e9o\"  >Regarder la vid\u00e9o<\/a><\/p>\n                                            <\/div><!--\/.two-cards__card--content-wrap-->\n                <\/div><!--\/.two-cards__card-->\n\n            <\/div><!--\/.two-cards__card-wrap-->\n                    <\/div><!--\/.two-cards__row-->\n            <\/div><!--\/.container-->\n<\/section>\n\n\n    <style>\n                    #block_61435e923d04a {\n                background-image: url(https:\/\/www.msab.com\/wp-content\/uploads\/2021\/08\/Frontline_MSAB_Field_Phone_Extraction_BG-1.jpg);\n            }\n                    <\/style>\n\n<section id=\"block_61435e923d04a\" class=\"block cta-with-bg-img text-white left-layout bg-overlay \">\n    <div class=\"container\" id=\"\">\n                    <div class=\"text-wrapper\">\n                <h2>Demander un devis<\/h2>\n<p style=\"text-align: left;\">Contactez-nous pour demander un devis, ou faites-nous savoir si vous \u00eates int\u00e9ress\u00e9 par l\u2019\u00e9valuation de l\u2019un de nos produits.<\/p>\n<p style=\"text-align: left;\"><span style=\"color: #000000;\"><a class=\"btn btn-primary\" style=\"color: #000000;\" href=\"#form-166593\">Contacter le service ventes<\/a><\/span><\/p>\n            <\/div>\n            <\/div><!--\/container-->\n<\/section>","protected":false},"excerpt":{"rendered":"","protected":false},"author":106,"featured_media":0,"parent":5242,"menu_order":0,"template":"","class_list":["post-4176","product","type-product","status-publish","hentry"],"acf":[],"yoast_head":"<!-- This site is optimized with the Yoast SEO Premium plugin v25.0 (Yoast SEO v27.4) - https:\/\/yoast.com\/product\/yoast-seo-premium-wordpress\/ -->\n<title>XRY Photon \u2014 Appli Android pour extraction de donn\u00e9es XRY | MSAB<\/title>\n<meta name=\"description\" content=\"Acqu\u00e9rez des donn\u00e9es d&#039;appli Android avec XRY Photon. \u2713 Mode automatique ou g\u00e9n\u00e9rique \u2713 Inclus dans XRY Logical.\" \/>\n<meta name=\"robots\" content=\"index, follow, max-snippet:-1, max-image-preview:large, max-video-preview:-1\" \/>\n<link rel=\"canonical\" href=\"https:\/\/www.msab.com\/fr\/produits\/extract\/xry-photon\/\" \/>\n<meta property=\"og:locale\" content=\"fr_FR\" \/>\n<meta property=\"og:type\" content=\"article\" \/>\n<meta property=\"og:title\" content=\"XRY - Photon\" \/>\n<meta property=\"og:description\" content=\"Acqu\u00e9rez des donn\u00e9es d&#039;appli Android avec XRY Photon. \u2713 Mode automatique ou g\u00e9n\u00e9rique \u2713 Inclus dans XRY Logical.\" \/>\n<meta property=\"og:url\" content=\"https:\/\/www.msab.com\/fr\/produits\/extract\/xry-photon\/\" \/>\n<meta property=\"og:site_name\" content=\"MSAB\" \/>\n<meta property=\"article:publisher\" content=\"https:\/\/www.facebook.com\/microsystemation\" \/>\n<meta property=\"article:modified_time\" content=\"2023-11-16T13:52:24+00:00\" \/>\n<meta name=\"twitter:card\" content=\"summary_large_image\" \/>\n<meta name=\"twitter:site\" content=\"@MSAB_XRY\" \/>\n<script type=\"application\/ld+json\" class=\"yoast-schema-graph\">{\"@context\":\"https:\\\/\\\/schema.org\",\"@graph\":[{\"@type\":\"WebPage\",\"@id\":\"https:\\\/\\\/www.msab.com\\\/fr\\\/produits\\\/extract\\\/xry-photon\\\/\",\"url\":\"https:\\\/\\\/www.msab.com\\\/fr\\\/produits\\\/extract\\\/xry-photon\\\/\",\"name\":\"XRY Photon \u2014 Appli Android pour extraction de donn\u00e9es XRY | MSAB\",\"isPartOf\":{\"@id\":\"https:\\\/\\\/www.msab.com\\\/fr\\\/#website\"},\"datePublished\":\"2021-09-30T15:35:56+00:00\",\"dateModified\":\"2023-11-16T13:52:24+00:00\",\"description\":\"Acqu\u00e9rez des donn\u00e9es d'appli Android avec XRY Photon. \u2713 Mode automatique ou g\u00e9n\u00e9rique \u2713 Inclus dans XRY Logical.\",\"breadcrumb\":{\"@id\":\"https:\\\/\\\/www.msab.com\\\/fr\\\/produits\\\/extract\\\/xry-photon\\\/#breadcrumb\"},\"inLanguage\":\"fr-FR\",\"potentialAction\":[{\"@type\":\"ReadAction\",\"target\":[\"https:\\\/\\\/www.msab.com\\\/fr\\\/produits\\\/extract\\\/xry-photon\\\/\"]}]},{\"@type\":\"BreadcrumbList\",\"@id\":\"https:\\\/\\\/www.msab.com\\\/fr\\\/produits\\\/extract\\\/xry-photon\\\/#breadcrumb\",\"itemListElement\":[{\"@type\":\"ListItem\",\"position\":1,\"name\":\"\",\"item\":\"https:\\\/\\\/www.msab.com\\\/fr\\\/\"},{\"@type\":\"ListItem\",\"position\":2,\"name\":\"MSAB Extract &#8211; XRY\",\"item\":\"https:\\\/\\\/www.msab.com\\\/fr\\\/produits\\\/extract\\\/\"},{\"@type\":\"ListItem\",\"position\":3,\"name\":\"XRY &#8211; Photon\"}]},{\"@type\":\"WebSite\",\"@id\":\"https:\\\/\\\/www.msab.com\\\/fr\\\/#website\",\"url\":\"https:\\\/\\\/www.msab.com\\\/fr\\\/\",\"name\":\"MSAB\",\"description\":\"Trusted Partner in Digital Forensics\",\"publisher\":{\"@id\":\"https:\\\/\\\/www.msab.com\\\/fr\\\/#organization\"},\"potentialAction\":[{\"@type\":\"SearchAction\",\"target\":{\"@type\":\"EntryPoint\",\"urlTemplate\":\"https:\\\/\\\/www.msab.com\\\/fr\\\/?s={search_term_string}\"},\"query-input\":{\"@type\":\"PropertyValueSpecification\",\"valueRequired\":true,\"valueName\":\"search_term_string\"}}],\"inLanguage\":\"fr-FR\"},{\"@type\":\"Organization\",\"@id\":\"https:\\\/\\\/www.msab.com\\\/fr\\\/#organization\",\"name\":\"MSAB\",\"url\":\"https:\\\/\\\/www.msab.com\\\/fr\\\/\",\"logo\":{\"@type\":\"ImageObject\",\"inLanguage\":\"fr-FR\",\"@id\":\"https:\\\/\\\/www.msab.com\\\/fr\\\/#\\\/schema\\\/logo\\\/image\\\/\",\"url\":\"https:\\\/\\\/www.msab.com\\\/wp-content\\\/uploads\\\/2023\\\/03\\\/MSAB-logo-Black-RGB.png\",\"contentUrl\":\"https:\\\/\\\/www.msab.com\\\/wp-content\\\/uploads\\\/2023\\\/03\\\/MSAB-logo-Black-RGB.png\",\"width\":1198,\"height\":353,\"caption\":\"MSAB\"},\"image\":{\"@id\":\"https:\\\/\\\/www.msab.com\\\/fr\\\/#\\\/schema\\\/logo\\\/image\\\/\"},\"sameAs\":[\"https:\\\/\\\/www.facebook.com\\\/microsystemation\",\"https:\\\/\\\/x.com\\\/MSAB_XRY\",\"https:\\\/\\\/www.linkedin.com\\\/company\\\/micro-systemation\"]}]}<\/script>\n<!-- \/ Yoast SEO Premium plugin. -->","yoast_head_json":{"title":"XRY Photon \u2014 Appli Android pour extraction de donn\u00e9es XRY | MSAB","description":"Acqu\u00e9rez des donn\u00e9es d'appli Android avec XRY Photon. \u2713 Mode automatique ou g\u00e9n\u00e9rique \u2713 Inclus dans XRY Logical.","robots":{"index":"index","follow":"follow","max-snippet":"max-snippet:-1","max-image-preview":"max-image-preview:large","max-video-preview":"max-video-preview:-1"},"canonical":"https:\/\/www.msab.com\/fr\/produits\/extract\/xry-photon\/","og_locale":"fr_FR","og_type":"article","og_title":"XRY - Photon","og_description":"Acqu\u00e9rez des donn\u00e9es d'appli Android avec XRY Photon. \u2713 Mode automatique ou g\u00e9n\u00e9rique \u2713 Inclus dans XRY Logical.","og_url":"https:\/\/www.msab.com\/fr\/produits\/extract\/xry-photon\/","og_site_name":"MSAB","article_publisher":"https:\/\/www.facebook.com\/microsystemation","article_modified_time":"2023-11-16T13:52:24+00:00","twitter_card":"summary_large_image","twitter_site":"@MSAB_XRY","schema":{"@context":"https:\/\/schema.org","@graph":[{"@type":"WebPage","@id":"https:\/\/www.msab.com\/fr\/produits\/extract\/xry-photon\/","url":"https:\/\/www.msab.com\/fr\/produits\/extract\/xry-photon\/","name":"XRY Photon \u2014 Appli Android pour extraction de donn\u00e9es XRY | MSAB","isPartOf":{"@id":"https:\/\/www.msab.com\/fr\/#website"},"datePublished":"2021-09-30T15:35:56+00:00","dateModified":"2023-11-16T13:52:24+00:00","description":"Acqu\u00e9rez des donn\u00e9es d'appli Android avec XRY Photon. \u2713 Mode automatique ou g\u00e9n\u00e9rique \u2713 Inclus dans XRY Logical.","breadcrumb":{"@id":"https:\/\/www.msab.com\/fr\/produits\/extract\/xry-photon\/#breadcrumb"},"inLanguage":"fr-FR","potentialAction":[{"@type":"ReadAction","target":["https:\/\/www.msab.com\/fr\/produits\/extract\/xry-photon\/"]}]},{"@type":"BreadcrumbList","@id":"https:\/\/www.msab.com\/fr\/produits\/extract\/xry-photon\/#breadcrumb","itemListElement":[{"@type":"ListItem","position":1,"name":"","item":"https:\/\/www.msab.com\/fr\/"},{"@type":"ListItem","position":2,"name":"MSAB Extract &#8211; XRY","item":"https:\/\/www.msab.com\/fr\/produits\/extract\/"},{"@type":"ListItem","position":3,"name":"XRY &#8211; Photon"}]},{"@type":"WebSite","@id":"https:\/\/www.msab.com\/fr\/#website","url":"https:\/\/www.msab.com\/fr\/","name":"MSAB","description":"Trusted Partner in Digital Forensics","publisher":{"@id":"https:\/\/www.msab.com\/fr\/#organization"},"potentialAction":[{"@type":"SearchAction","target":{"@type":"EntryPoint","urlTemplate":"https:\/\/www.msab.com\/fr\/?s={search_term_string}"},"query-input":{"@type":"PropertyValueSpecification","valueRequired":true,"valueName":"search_term_string"}}],"inLanguage":"fr-FR"},{"@type":"Organization","@id":"https:\/\/www.msab.com\/fr\/#organization","name":"MSAB","url":"https:\/\/www.msab.com\/fr\/","logo":{"@type":"ImageObject","inLanguage":"fr-FR","@id":"https:\/\/www.msab.com\/fr\/#\/schema\/logo\/image\/","url":"https:\/\/www.msab.com\/wp-content\/uploads\/2023\/03\/MSAB-logo-Black-RGB.png","contentUrl":"https:\/\/www.msab.com\/wp-content\/uploads\/2023\/03\/MSAB-logo-Black-RGB.png","width":1198,"height":353,"caption":"MSAB"},"image":{"@id":"https:\/\/www.msab.com\/fr\/#\/schema\/logo\/image\/"},"sameAs":["https:\/\/www.facebook.com\/microsystemation","https:\/\/x.com\/MSAB_XRY","https:\/\/www.linkedin.com\/company\/micro-systemation"]}]}},"_links":{"self":[{"href":"https:\/\/www.msab.com\/fr\/wp-json\/wp\/v2\/product\/4176","targetHints":{"allow":["GET"]}}],"collection":[{"href":"https:\/\/www.msab.com\/fr\/wp-json\/wp\/v2\/product"}],"about":[{"href":"https:\/\/www.msab.com\/fr\/wp-json\/wp\/v2\/types\/product"}],"author":[{"embeddable":true,"href":"https:\/\/www.msab.com\/fr\/wp-json\/wp\/v2\/users\/106"}],"up":[{"embeddable":true,"href":"https:\/\/www.msab.com\/fr\/wp-json\/wp\/v2\/product\/5242"}],"wp:attachment":[{"href":"https:\/\/www.msab.com\/fr\/wp-json\/wp\/v2\/media?parent=4176"}],"curies":[{"name":"wp","href":"https:\/\/api.w.org\/{rel}","templated":true}]}}