{"id":4074,"date":"2021-09-13T15:27:09","date_gmt":"2021-09-13T13:27:09","guid":{"rendered":"http:\/\/www.msab.com\/product\/manage\/"},"modified":"2022-11-23T22:09:34","modified_gmt":"2022-11-23T21:09:34","slug":"manage","status":"publish","type":"product","link":"https:\/\/www.msab.com\/fr\/produits\/manage\/","title":{"rendered":"MSAB Manage &#8211; XEC"},"content":{"rendered":"\n<section id=\"\" class=\"block regular-hero  has-bg-img ovarlay-dark\" style=\"background-image: url(https:\/\/www.msab.com\/wp-content\/uploads\/2021\/09\/XEC-hero.jpg);\">\n    <div class=\"container\">\n\n        <div class=\"text-wrapper text-white\">\n            <h1 class=\"heading title\">XEC &#8211; Votre solution de gestion de criminalistique num\u00e9rique<\/h1>            <p class=\"intro\">Effectuez vos op\u00e9rations plus rapidement et g\u00e9rez votre \u00e9quipe \u00e0 partir d\u2019un point de contr\u00f4le central. \r\nXEC est le logiciel de gestion leader sur le march\u00e9 pour la visibilit\u00e9 et le contr\u00f4le.\r\n<\/p>\n                            <div class=\"btn-wrapper d-flex flex-wrap\">\n                    <a class=\"btn btn-primary normal\" href=\"#form-166593\" title=\"Contacter le service ventes\" target=\"_blank\">Contacter le service ventes<\/a>                <\/div><!--\/btn-wrapper-->\n                    <\/div><!--\/text-wrapper-->\n        <div class=\"breadcrumb-part dark\"><nav id=\"breadcrumbs\" class=\"bread-nav\"><span><span><a href=\"https:\/\/www.msab.com\/fr\/\"><i class=\"fas fa-home\"><\/i><\/a><\/span><\/span><\/nav><\/div>    <\/div><!--\/container-->\n<\/section>\n\n\n\n\n<section id=\"\" class=\"block vertical-title-and-text title-left \">\n    <div class=\"container regular\">\n        <div class=\"row\">\n\n            <div class=\"col-md-3 v-title-col d-md-flex align-items-center\">\n                                    <h6 class=\"v-title\">XEC<\/h6>\n                            <\/div><!--\/.col-->\n\n            <div class=\"col-12 col-md-9 content-col editor-content\">\n                <h2>Am\u00e9liorez l\u2019efficacit\u00e9 de votre \u00e9quipe. Effectuez vos op\u00e9rations plus rapidement. Gagnez en visibilit\u00e9 et en contr\u00f4le.<\/h2>\n<p>Au fur et \u00e0 mesure que les solutions de criminalistique mobile se multiplient et se complexifient, la gestion de la collaboration en \u00e9quipe et la garantie de traitements uniformes lorsque vous utilisez des outils de criminalistique mobile dans plusieurs endroits peuvent s\u2019av\u00e9rer difficiles. Mais gr\u00e2ce \u00e0 XEC de MSAB, vous pouvez y parvenir.<\/p>\n<p><a class=\"btn-primary btn\" href=\"#form-152245\">Essayer maintenant<\/a><\/p>\n            <\/div><!--\/.col-->\n\n        <\/div><!--\/.row-->\n    <\/div><!--\/.container-->\n<\/section>\n\n\n<section id=\"\" class=\"block video-block bg-light-grey \">\n    <div class=\"container\">\n                    <div class=\"editor-content left\">\n                <h2><span class=\"HwtZe\" lang=\"fr\"><span class=\"jCAhz ChMk0b\"><span class=\"ryNqvb\">XEC Director &#8211; En criminalistique mobile, le contr\u00f4le est le pouvoir<\/span><\/span><\/span><\/h2>\n<p><span class=\"HwtZe\" lang=\"fr\"><span class=\"jCAhz ChMk0b\"><span class=\"ryNqvb\">Pr\u00e9sentation d&rsquo;un moyen plus rapide et plus efficace de g\u00e9rer vos syst\u00e8mes d&rsquo;investigation mobile.<\/span><\/span> <span class=\"jCAhz ChMk0b\"><span class=\"ryNqvb\">XEC Director vous permet de connecter les outils m\u00e9dico-l\u00e9gaux mobiles de votre agence en un seul r\u00e9seau.<\/span><\/span><\/span><\/p>\n            <\/div><!--\/.editor-content-->\n                            <div class=\"video\">\n                <a class=\"video--link d-block\" data-fancybox data-src=\"https:\/\/www.youtube.com\/watch?v=j1ELwwKcHCQ&#038;t=14s\" title=\"Click to view video\">\n                    <img decoding=\"async\" width=\"1500\" height=\"725\" src=\"https:\/\/www.msab.com\/wp-content\/uploads\/2021\/09\/XEC_Video_Thumbnail.jpg\" class=\"video--cover\" alt=\"Watch a short video about XEC Director\" srcset=\"https:\/\/www.msab.com\/wp-content\/uploads\/2021\/09\/XEC_Video_Thumbnail.jpg 1500w, https:\/\/www.msab.com\/wp-content\/uploads\/2021\/09\/XEC_Video_Thumbnail-300x145.jpg 300w, https:\/\/www.msab.com\/wp-content\/uploads\/2021\/09\/XEC_Video_Thumbnail-1024x495.jpg 1024w, https:\/\/www.msab.com\/wp-content\/uploads\/2021\/09\/XEC_Video_Thumbnail-768x371.jpg 768w, https:\/\/www.msab.com\/wp-content\/uploads\/2021\/09\/XEC_Video_Thumbnail-33x16.jpg 33w, https:\/\/www.msab.com\/wp-content\/uploads\/2021\/09\/XEC_Video_Thumbnail-102x49.jpg 102w, https:\/\/www.msab.com\/wp-content\/uploads\/2021\/09\/XEC_Video_Thumbnail-1240x599.jpg 1240w, https:\/\/www.msab.com\/wp-content\/uploads\/2021\/09\/XEC_Video_Thumbnail-500x242.jpg 500w\" sizes=\"(max-width: 1500px) 100vw, 1500px\" \/>                <\/a>\n            <\/div><!--\/.video-->\n            <\/div><!--\/.container-->\n<\/section>\n\n\n<section id=\"\" class=\"block list-block bg-white \">\n    <div class=\"container\">\n\n                <div class=\"list-block__top-content editor-content left\">\n            <h2>Sept raisons de pr\u00e9f\u00e9rer XEC \u00e0 d\u2019autres outils de criminalistique num\u00e9rique<\/h2>\n        <\/div><!--\/.top-content-->\n                \n                <div class=\"list-block__row d-flex\">\n\n            \n            <div class=\"list-block__wrap\">\n                <div class=\"list-block__col editor-content\">\n\n                    <h4 class=\"bold\">Pourquoi choisiriez-vous XEC plut\u00f4t que d&rsquo;autres outils m\u00e9dico-l\u00e9gaux mobiles\u00a0?<\/h4>                    \n                                        <ul class=\"check-list blue2\">\n\n                                                <li>Facilite la distribution transparente des donn\u00e9es entre les utilisateurs, les sites, les services et les autres agences.<\/li>\n                                                <li>Assure l\u2019int\u00e9grit\u00e9 et la bonne gestion de vos preuves num\u00e9riques.<\/li>\n                                                <li>Acc\u00e9l\u00e8re votre acc\u00e8s aux donn\u00e9es et r\u00e9duit les frais administratifs g\u00e9n\u00e9raux.<\/li>\n                                                <li>Garantit que votre r\u00e9seau et vos communications sont s\u00e9curis\u00e9s d\u2019un point de vue informatique.<\/li>\n                        \n                    <\/ul><!--\/.check-list-->\n                                    <\/div><!--\/.list-block__col-->\n            <\/div><!--\/.list-block__wrap-->\n            \n            <div class=\"list-block__wrap\">\n                <div class=\"list-block__col editor-content\">\n\n                    <h4 class=\"bold\">&nbsp;<br>&nbsp;<\/h4>                    \n                                        <ul class=\"check-list blue2\">\n\n                                                <li>Fournit facilement une assistance \u00e0 distance et met \u00e0 jour le logiciel de criminalistique mobile sur tous vos ordinateurs \u00e0 partir d\u2019un point de contr\u00f4le central.\u00a0<\/li>\n                                                <li>Permet d&rsquo;optimiser les processus et d\u2019appliquer les strat\u00e9gies.<\/li>\n                                                <li>Optimise les performances de votre \u00e9quipe, suit les objectifs cl\u00e9s et g\u00e9n\u00e8re les rapports dont vous avez besoin.<\/li>\n                        \n                    <\/ul><!--\/.check-list-->\n                                    <\/div><!--\/.list-block__col-->\n            <\/div><!--\/.list-block__wrap-->\n            \n        <\/div><!--\/.list-block__row-->\n        \n    <\/div><!--\/.container-->\n<\/section>\n\n\n<section id=\"\" class=\"block product-tabs  image\" style=\"background-image: url('https:\/\/www.msab.com\/wp-content\/uploads\/2021\/09\/XEC_Manage_3-scaled.jpg');\">\n    <div class=\"container narrow\">\n\n        \n                <div class=\"tabs\">\n            <div class=\"row\">\n\n                <div class=\"col-12 col-md-6\">\n                    <div class=\"tabs--list-wrap\">\n                        <ul class=\"tabs--list d-flex flex-wrap\">\n                                                        <li class=\"tabs--item\">\n                                <a class=\"tabs--button active\" href=\"#block_613f565b455da-tab-1\" title=\"XEC Director\">XEC Director<\/a>\n                            <\/li>\n                                                        <li class=\"tabs--item\">\n                                <a class=\"tabs--button \" href=\"#block_613f565b455da-tab-2\" title=\"XEC Export\">XEC Export<\/a>\n                            <\/li>\n                                                    <\/ul>\n                    <\/div><!--\/.tabs--list-wrap-->\n                <\/div><!--\/.col-->\n\n                <div class=\"col-12 col-md-6\">\n                                        <div id=\"block_613f565b455da-tab-1\" class=\"tabs--info-wrap bg-blue active\">\n                        <div class=\"tabs--content editor-content text-white\">\n                            <h3>XEC Director<\/h3>\n<h5><strong>Prenez le contr\u00f4le de vos op\u00e9rations de criminalistique mobile <\/strong><\/h5>\n<p>XEC Director est une solution de gestion centralis\u00e9e qui vous permet de g\u00e9rer votre \u00e9quipe et de connecter tous vos outils d\u2019extraction criminalistique mobiles MSAB \u00e0 un seul r\u00e9seau.<\/p>\n<p><a class=\"btn btn-primary\" href=\"https:\/\/www.msab.com\/fr\/produits\/manage\/xec-director\/\">En savoir plus sur XEC Director<\/a><\/p>\n                        <\/div><!--\/.tabs--content-->\n                    <\/div><!--\/.tabs--info-wrap-->\n                                        <div id=\"block_613f565b455da-tab-2\" class=\"tabs--info-wrap bg-blue \">\n                        <div class=\"tabs--content editor-content text-white\">\n                            <h3>XEC Export<\/h3>\n<h5><strong>Exportation facile de fichiers XRY par lots<br \/>\n<\/strong><\/h5>\n<p>XEC Export est un outil autonome innovant de MSAB, sp\u00e9cialement con\u00e7u pour les utilisateurs qui ont besoin d\u2019une capacit\u00e9 d\u2019exportation par lots pour plusieurs fichiers XRY.<\/p>\n<p><a class=\"btn btn-primary\" href=\"https:\/\/www.msab.com\/fr\/produits\/manage\/xec-export\/\">En savoir plus sur XEC Export<\/a><\/p>\n                        <\/div><!--\/.tabs--content-->\n                    <\/div><!--\/.tabs--info-wrap-->\n                                    <\/div><!--\/.col-->\n\n            <\/div><!--\/.row-->\n        <\/div><!--\/.tabs-->\n        \n    <\/div><!--\/.container-->\n<\/section>\n\n<section id=\"\" class=\"block link-cards bg-white \">\n    <div class=\"container\">\n                    <div class=\"text-wrapper text-center\">\n                <h2 style=\"text-align: center;\" align=\"center\"><span lang=\"EN-US\" style=\"font-size: 25.0pt; line-height: 107%;\">\u00cates-vous&#8230;<\/span><\/h2>\n            <\/div>\n                            <div class=\"card-wrap d-flex justify-content-center \">\n                \n                    <div class=\"card-col\">\n                        <a href=\"https:\/\/www.msab.com\/fr\/roles\/high-level-managers\/\" class=\"card card-style-2\" title=\"Un responsable \" >\n                                                            <div class=\"img-wrapper\">\n                                    <img decoding=\"async\" width=\"2560\" height=\"1707\" src=\"https:\/\/www.msab.com\/wp-content\/uploads\/2021\/09\/XEC_1_2021-1-scaled-e1761060114967.jpg\" class=\"attachment-full size-full\" alt=\"\" \/>                                <\/div>\n                                                        <div class=\"link-text-wrapper\">\n                                                                    <p class=\"link-title\">Un responsable <\/p>\n                                                                            <p class=\"link-text\">Profitez pleinement de votre investissement en criminalistique num\u00e9rique en obtenant une pr\u00e9sentation globale de votre solution de criminalistique mobile et en l\u2019utilisant pour rendre votre \u00e9quipe plus efficace, plus rentable, et conforme aux politiques et processus. <\/p>\n                                                                        <i class=\"far fa-arrow-right\"><\/i><\/span>\n                                                            <\/div>\n                        <\/a><!--\/card-->\n                    <\/div><!--\/col-->\n\n                \n                    <div class=\"card-col\">\n                        <a href=\"https:\/\/www.msab.com\/fr\/roles\/gestionnaires-de-programmes\/\" class=\"card card-style-2\" title=\"Un administrateur\" target=\"_blank\">\n                                                            <div class=\"img-wrapper\">\n                                    <img decoding=\"async\" width=\"2560\" height=\"1707\" src=\"https:\/\/www.msab.com\/wp-content\/uploads\/2021\/09\/XAMN_Analyze_2_2021-scaled-e1742383322856.jpg\" class=\"attachment-full size-full\" alt=\"\" \/>                                <\/div>\n                                                        <div class=\"link-text-wrapper\">\n                                                                    <p class=\"link-title\">Un administrateur<\/p>\n                                                                            <p class=\"link-text\">Travaillez plus rapidement en faisant moins d\u2019efforts. XEC vous offre les outils pour g\u00e9rer des syst\u00e8mes \u00e0 distance et de mani\u00e8re efficace et pour exporter d\u2019\u00e9normes lots de fichiers dans d\u2019autres formats dans les d\u00e9lais les plus courts possible. <\/p>\n                                                                        <i class=\"far fa-arrow-right\"><\/i><\/span>\n                                                            <\/div>\n                        <\/a><!--\/card-->\n                    <\/div><!--\/col-->\n\n                \n                    <div class=\"card-col\">\n                        <a href=\"https:\/\/www.msab.com\/fr\/roles\/frontline-personnel\/\" class=\"card card-style-2\" title=\"Un utilisateur de premi\u00e8re ligne\" >\n                                                            <div class=\"img-wrapper\">\n                                    <img decoding=\"async\" width=\"2560\" height=\"1707\" src=\"https:\/\/www.msab.com\/wp-content\/uploads\/2021\/08\/Frontline_Law_Enforcement_1_2021-2-scaled.jpg\" class=\"attachment-full size-full\" alt=\"\" srcset=\"https:\/\/www.msab.com\/wp-content\/uploads\/2021\/08\/Frontline_Law_Enforcement_1_2021-2-scaled.jpg 2560w, https:\/\/www.msab.com\/wp-content\/uploads\/2021\/08\/Frontline_Law_Enforcement_1_2021-2-300x200.jpg 300w, https:\/\/www.msab.com\/wp-content\/uploads\/2021\/08\/Frontline_Law_Enforcement_1_2021-2-1024x683.jpg 1024w, https:\/\/www.msab.com\/wp-content\/uploads\/2021\/08\/Frontline_Law_Enforcement_1_2021-2-768x512.jpg 768w, https:\/\/www.msab.com\/wp-content\/uploads\/2021\/08\/Frontline_Law_Enforcement_1_2021-2-1536x1024.jpg 1536w, https:\/\/www.msab.com\/wp-content\/uploads\/2021\/08\/Frontline_Law_Enforcement_1_2021-2-2048x1365.jpg 2048w, https:\/\/www.msab.com\/wp-content\/uploads\/2021\/08\/Frontline_Law_Enforcement_1_2021-2-33x22.jpg 33w, https:\/\/www.msab.com\/wp-content\/uploads\/2021\/08\/Frontline_Law_Enforcement_1_2021-2-102x68.jpg 102w, https:\/\/www.msab.com\/wp-content\/uploads\/2021\/08\/Frontline_Law_Enforcement_1_2021-2-1240x827.jpg 1240w\" sizes=\"(max-width: 2560px) 100vw, 2560px\" \/>                                <\/div>\n                                                        <div class=\"link-text-wrapper\">\n                                                                    <p class=\"link-title\">Un utilisateur de premi\u00e8re ligne<\/p>\n                                                                            <p class=\"link-text\">Facilitez et acc\u00e9l\u00e9rez votre travail avec un flux de travail verrouill\u00e9 simplifi\u00e9 pour les extractions d\u2019appareil mobile qui vous permet de trouver des preuves exploitables sur le terrain sans avoir \u00e0 aller au laboratoire. \r\n<\/p>\n                                                                        <i class=\"far fa-arrow-right\"><\/i><\/span>\n                                                            <\/div>\n                        <\/a><!--\/card-->\n                    <\/div><!--\/col-->\n\n                            <\/div><!--\/card-wrap-->\n            <\/div><!--\/container-->\n<\/section>\n\n\n<section id=\"\" class=\"block regular-content   pt-regular pb-regular bg-light-grey\">\n    <div class=\"container two-columns\">\n                    <div class=\"editor-content\">\n                <h3>Une solution d&rsquo;investigation num\u00e9rique centralis\u00e9e pour les managers<\/h3>\n<p>Le nombre de personnes travaillant avec des preuves num\u00e9riques augmente et ces preuves sont distribu\u00e9es \u00e0 un groupe plus large d&rsquo;utilisateurs. Simon Crawley, ancien sergent de police de la police m\u00e9tropolitaine, a rencontr\u00e9 un certain nombre de difficult\u00e9s pendant son service; pour contr\u00f4ler et acc\u00e9der aux donn\u00e9es entre les utilisateurs, les sites, les d\u00e9partements et les autres agences.<\/p>\n<p><a class=\"btn btn-primary\" href=\"#form-152245\">S\u2019inscrire pour un essai gratuit<\/a><\/p>\n            <\/div><!--\/.editor-content-->\n                            <div class=\"editor-content\">\n                <blockquote>\n<h4>Les agences doivent s\u2019assurer que le travail qu\u2019elles font est conforme aux normes et peut \u00eatre d\u00e9fendu devant les tribunaux. D\u2019apr\u00e8s mon exp\u00e9rience, l\u2019utilisation de XEC est tr\u00e8s avantageuse pour aider les responsables de haut niveau \u00e0 suivre qui fait quoi et o\u00f9, \u00e0 diriger leurs \u00e9quipes \u00e0 partir d\u2019un point central, \u00e0 r\u00e9duire les co\u00fbts administratifs, \u00e0 collecter des informations sur l\u2019utilisation et \u00e0 g\u00e9n\u00e9rer des rapports personnalis\u00e9s plus d\u00e9taill\u00e9s et plus pertinents.<\/h4>\n<\/blockquote>\n<p style=\"padding-left: 40px;\">Simon Crawley<br \/>\n&#8211; Chef de projet global, MSAB &#8211; Ancien agent de la police de Londres<\/p>\n            <\/div><!--\/.editor-content-->\n            <\/div><!--\/.container-->\n<\/section><!--\/.regular-content-->\n\n\n    <style>\n                    #block_61938e763a1d2 {\n                background-image: url(https:\/\/www.msab.com\/wp-content\/uploads\/2021\/10\/Simon_Crawley_Interview_BG-e1637059891309.jpg);\n            }\n                    <\/style>\n\n<section id=\"block_61938e763a1d2\" class=\"block cta-with-bg-img text-white centered-layout \">\n    <div class=\"container\" id=\"\">\n                    <div class=\"text-wrapper\">\n                <blockquote>\n<h3 style=\"text-align: center;\">Le fait d\u2019avoir pu tout centraliser avec XEC nous a permis de r\u00e9aliser d\u2019importantes \u00e9conomies en termes de temps et d\u2019efficacit\u00e9.<\/h3>\n<\/blockquote>\n<p style=\"padding-left: 40px; text-align: center;\"><em>Simon Crawley<\/em><br \/>\n<em>&#8211; Chef de projet global, MSAB &#8211; Ancien agent de la police de Londres<\/em><\/p>\n            <\/div>\n            <\/div><!--\/container-->\n<\/section>\n\n\n<section id=\"\" class=\"block form bg-light-grey \">\n    <div class=\"container narrow\">\n\n    \n        \n            <div class=\"form-wrap\">\n                <div\r\n        data-form-id='f2b53225-6f90-f011-b4cc-7c1e52fb5478'\r\n        data-form-api-url='https:\/\/public-eur.mkt.dynamics.com\/api\/v1.0\/orgs\/209eda7e-bbd7-45fb-82d9-810028103c6d\/landingpageforms'\r\n        data-cached-form-url='https:\/\/assets-eur.mkt.dynamics.com\/209eda7e-bbd7-45fb-82d9-810028103c6d\/digitalassets\/forms\/f2b53225-6f90-f011-b4cc-7c1e52fb5478' ><\/div>\r\n        <script src = 'https:\/\/cxppusa1formui01cdnsa01-endpoint.azureedge.net\/eur\/FormLoader\/FormLoader.bundle.js' ><\/script>            <\/div><!--\/.form-wrap-->\n\n        \n    \n    <\/div><!--\/.container-->\n<\/section>","protected":false},"excerpt":{"rendered":"","protected":false},"author":106,"featured_media":0,"parent":0,"menu_order":0,"template":"","class_list":["post-4074","product","type-product","status-publish","hentry"],"acf":[],"yoast_head":"<!-- This site is optimized with the Yoast SEO Premium plugin v25.0 (Yoast SEO v27.4) - https:\/\/yoast.com\/product\/yoast-seo-premium-wordpress\/ -->\n<title>MSAB Manage - XEC - MSAB<\/title>\n<meta name=\"robots\" content=\"index, follow, max-snippet:-1, max-image-preview:large, max-video-preview:-1\" \/>\n<link rel=\"canonical\" href=\"https:\/\/www.msab.com\/fr\/produits\/manage\/\" \/>\n<meta property=\"og:locale\" content=\"fr_FR\" \/>\n<meta property=\"og:type\" content=\"article\" \/>\n<meta property=\"og:title\" content=\"MSAB Manage - XEC\" \/>\n<meta property=\"og:url\" content=\"https:\/\/www.msab.com\/fr\/produits\/manage\/\" \/>\n<meta property=\"og:site_name\" content=\"MSAB\" \/>\n<meta property=\"article:publisher\" content=\"https:\/\/www.facebook.com\/microsystemation\" \/>\n<meta property=\"article:modified_time\" content=\"2022-11-23T21:09:34+00:00\" \/>\n<meta name=\"twitter:card\" content=\"summary_large_image\" \/>\n<meta name=\"twitter:site\" content=\"@MSAB_XRY\" \/>\n<script type=\"application\/ld+json\" class=\"yoast-schema-graph\">{\"@context\":\"https:\\\/\\\/schema.org\",\"@graph\":[{\"@type\":\"WebPage\",\"@id\":\"https:\\\/\\\/www.msab.com\\\/fr\\\/produits\\\/manage\\\/\",\"url\":\"https:\\\/\\\/www.msab.com\\\/fr\\\/produits\\\/manage\\\/\",\"name\":\"MSAB Manage - XEC - MSAB\",\"isPartOf\":{\"@id\":\"https:\\\/\\\/www.msab.com\\\/fr\\\/#website\"},\"datePublished\":\"2021-09-13T13:27:09+00:00\",\"dateModified\":\"2022-11-23T21:09:34+00:00\",\"breadcrumb\":{\"@id\":\"https:\\\/\\\/www.msab.com\\\/fr\\\/produits\\\/manage\\\/#breadcrumb\"},\"inLanguage\":\"fr-FR\",\"potentialAction\":[{\"@type\":\"ReadAction\",\"target\":[\"https:\\\/\\\/www.msab.com\\\/fr\\\/produits\\\/manage\\\/\"]}]},{\"@type\":\"BreadcrumbList\",\"@id\":\"https:\\\/\\\/www.msab.com\\\/fr\\\/produits\\\/manage\\\/#breadcrumb\",\"itemListElement\":[{\"@type\":\"ListItem\",\"position\":1,\"name\":\"\",\"item\":\"https:\\\/\\\/www.msab.com\\\/fr\\\/\"},{\"@type\":\"ListItem\",\"position\":2,\"name\":\"MSAB Manage &#8211; XEC\"}]},{\"@type\":\"WebSite\",\"@id\":\"https:\\\/\\\/www.msab.com\\\/fr\\\/#website\",\"url\":\"https:\\\/\\\/www.msab.com\\\/fr\\\/\",\"name\":\"MSAB\",\"description\":\"Trusted Partner in Digital Forensics\",\"publisher\":{\"@id\":\"https:\\\/\\\/www.msab.com\\\/fr\\\/#organization\"},\"potentialAction\":[{\"@type\":\"SearchAction\",\"target\":{\"@type\":\"EntryPoint\",\"urlTemplate\":\"https:\\\/\\\/www.msab.com\\\/fr\\\/?s={search_term_string}\"},\"query-input\":{\"@type\":\"PropertyValueSpecification\",\"valueRequired\":true,\"valueName\":\"search_term_string\"}}],\"inLanguage\":\"fr-FR\"},{\"@type\":\"Organization\",\"@id\":\"https:\\\/\\\/www.msab.com\\\/fr\\\/#organization\",\"name\":\"MSAB\",\"url\":\"https:\\\/\\\/www.msab.com\\\/fr\\\/\",\"logo\":{\"@type\":\"ImageObject\",\"inLanguage\":\"fr-FR\",\"@id\":\"https:\\\/\\\/www.msab.com\\\/fr\\\/#\\\/schema\\\/logo\\\/image\\\/\",\"url\":\"https:\\\/\\\/www.msab.com\\\/wp-content\\\/uploads\\\/2023\\\/03\\\/MSAB-logo-Black-RGB.png\",\"contentUrl\":\"https:\\\/\\\/www.msab.com\\\/wp-content\\\/uploads\\\/2023\\\/03\\\/MSAB-logo-Black-RGB.png\",\"width\":1198,\"height\":353,\"caption\":\"MSAB\"},\"image\":{\"@id\":\"https:\\\/\\\/www.msab.com\\\/fr\\\/#\\\/schema\\\/logo\\\/image\\\/\"},\"sameAs\":[\"https:\\\/\\\/www.facebook.com\\\/microsystemation\",\"https:\\\/\\\/x.com\\\/MSAB_XRY\",\"https:\\\/\\\/www.linkedin.com\\\/company\\\/micro-systemation\"]}]}<\/script>\n<!-- \/ Yoast SEO Premium plugin. -->","yoast_head_json":{"title":"MSAB Manage - XEC - MSAB","robots":{"index":"index","follow":"follow","max-snippet":"max-snippet:-1","max-image-preview":"max-image-preview:large","max-video-preview":"max-video-preview:-1"},"canonical":"https:\/\/www.msab.com\/fr\/produits\/manage\/","og_locale":"fr_FR","og_type":"article","og_title":"MSAB Manage - XEC","og_url":"https:\/\/www.msab.com\/fr\/produits\/manage\/","og_site_name":"MSAB","article_publisher":"https:\/\/www.facebook.com\/microsystemation","article_modified_time":"2022-11-23T21:09:34+00:00","twitter_card":"summary_large_image","twitter_site":"@MSAB_XRY","schema":{"@context":"https:\/\/schema.org","@graph":[{"@type":"WebPage","@id":"https:\/\/www.msab.com\/fr\/produits\/manage\/","url":"https:\/\/www.msab.com\/fr\/produits\/manage\/","name":"MSAB Manage - XEC - MSAB","isPartOf":{"@id":"https:\/\/www.msab.com\/fr\/#website"},"datePublished":"2021-09-13T13:27:09+00:00","dateModified":"2022-11-23T21:09:34+00:00","breadcrumb":{"@id":"https:\/\/www.msab.com\/fr\/produits\/manage\/#breadcrumb"},"inLanguage":"fr-FR","potentialAction":[{"@type":"ReadAction","target":["https:\/\/www.msab.com\/fr\/produits\/manage\/"]}]},{"@type":"BreadcrumbList","@id":"https:\/\/www.msab.com\/fr\/produits\/manage\/#breadcrumb","itemListElement":[{"@type":"ListItem","position":1,"name":"","item":"https:\/\/www.msab.com\/fr\/"},{"@type":"ListItem","position":2,"name":"MSAB Manage &#8211; XEC"}]},{"@type":"WebSite","@id":"https:\/\/www.msab.com\/fr\/#website","url":"https:\/\/www.msab.com\/fr\/","name":"MSAB","description":"Trusted Partner in Digital Forensics","publisher":{"@id":"https:\/\/www.msab.com\/fr\/#organization"},"potentialAction":[{"@type":"SearchAction","target":{"@type":"EntryPoint","urlTemplate":"https:\/\/www.msab.com\/fr\/?s={search_term_string}"},"query-input":{"@type":"PropertyValueSpecification","valueRequired":true,"valueName":"search_term_string"}}],"inLanguage":"fr-FR"},{"@type":"Organization","@id":"https:\/\/www.msab.com\/fr\/#organization","name":"MSAB","url":"https:\/\/www.msab.com\/fr\/","logo":{"@type":"ImageObject","inLanguage":"fr-FR","@id":"https:\/\/www.msab.com\/fr\/#\/schema\/logo\/image\/","url":"https:\/\/www.msab.com\/wp-content\/uploads\/2023\/03\/MSAB-logo-Black-RGB.png","contentUrl":"https:\/\/www.msab.com\/wp-content\/uploads\/2023\/03\/MSAB-logo-Black-RGB.png","width":1198,"height":353,"caption":"MSAB"},"image":{"@id":"https:\/\/www.msab.com\/fr\/#\/schema\/logo\/image\/"},"sameAs":["https:\/\/www.facebook.com\/microsystemation","https:\/\/x.com\/MSAB_XRY","https:\/\/www.linkedin.com\/company\/micro-systemation"]}]}},"_links":{"self":[{"href":"https:\/\/www.msab.com\/fr\/wp-json\/wp\/v2\/product\/4074","targetHints":{"allow":["GET"]}}],"collection":[{"href":"https:\/\/www.msab.com\/fr\/wp-json\/wp\/v2\/product"}],"about":[{"href":"https:\/\/www.msab.com\/fr\/wp-json\/wp\/v2\/types\/product"}],"author":[{"embeddable":true,"href":"https:\/\/www.msab.com\/fr\/wp-json\/wp\/v2\/users\/106"}],"wp:attachment":[{"href":"https:\/\/www.msab.com\/fr\/wp-json\/wp\/v2\/media?parent=4074"}],"curies":[{"name":"wp","href":"https:\/\/api.w.org\/{rel}","templated":true}]}}