{"id":3945,"date":"2021-08-09T13:48:41","date_gmt":"2021-08-09T11:48:41","guid":{"rendered":"http:\/\/www.msab.com\/product\/xry-logical\/"},"modified":"2025-05-28T17:23:22","modified_gmt":"2025-05-28T15:23:22","slug":"xry-logical","status":"publish","type":"product","link":"https:\/\/www.msab.com\/fr\/produits\/extract\/xry-logical\/","title":{"rendered":"XRY &#8211; Logical"},"content":{"rendered":"\n<section id=\"\" class=\"block product-hero  \">\n    <div class=\"bg-image\">\n        <div class=\"img\" style=\"background-image: url(https:\/\/www.msab.com\/wp-content\/uploads\/2023\/03\/XRY_Hero_Test_2.jpg);\"><\/div>\n    <\/div>\n    <div class=\"container\">\n\n        <div class=\"text-wrapper text-white text-center\">\n\n            <img decoding=\"async\" width=\"204\" height=\"133\" src=\"https:\/\/www.msab.com\/wp-content\/uploads\/2021\/08\/XRY_Logical_Logo_White.png\" class=\"product-logo\" alt=\"The XRY Logical Logo\" srcset=\"https:\/\/www.msab.com\/wp-content\/uploads\/2021\/08\/XRY_Logical_Logo_White.png 204w, https:\/\/www.msab.com\/wp-content\/uploads\/2021\/08\/XRY_Logical_Logo_White-33x22.png 33w, https:\/\/www.msab.com\/wp-content\/uploads\/2021\/08\/XRY_Logical_Logo_White-102x67.png 102w\" sizes=\"(max-width: 204px) 100vw, 204px\" \/>\n            <p class=\"intro\">Le point de d\u00e9part pour l\u2019investigation mobile<\/p>\n        <\/div><!--\/text-wrapper-->\n        <div class=\"breadcrumb-part dark\"><nav id=\"breadcrumbs\" class=\"bread-nav\"><span><span><a href=\"https:\/\/www.msab.com\/fr\/\"><i class=\"fas fa-home\"><\/i><\/a><\/span><\/span><\/nav><\/div>    <\/div><!--\/container-->\n<\/section>\n\n\n\n<section id=\"\" class=\"block regular-content   pt-regular pb-regular bg-light-grey\">\n    <div class=\"container two-columns\">\n                    <div class=\"editor-content\">\n                <h2>Qu\u2019est-ce que XRY Logical ?<\/h2>\n<p>XRY Logical est la m\u00e9thode d\u2019extraction la plus rapide, car elle vous permet d\u2019acc\u00e9der sur l\u2019appareil \u00e0 des donn\u00e9es de syst\u00e8mes de fichiers et de syst\u00e8mes op\u00e9rationnels et de les r\u00e9cup\u00e9rer, et ce sur la sc\u00e8ne de crime. Le logiciel extrait les donn\u00e9es des appareils num\u00e9riques en communiquant avec le syst\u00e8me d\u2019exploitation de l\u2019appareil. Le service est automatis\u00e9 mais est l\u2019\u00e9quivalent de l\u2019analyse manuelle de chaque \u00e9cran sur l\u2019appareil et de l\u2019enregistrement de ce qui est affich\u00e9. Avec le format de fichier propri\u00e9taire XRY, la s\u00e9curit\u00e9 des donn\u00e9es et de l\u2019int\u00e9grit\u00e9 de vos preuves est assur\u00e9e, depuis l\u2019extraction jusqu\u2019au tribunal et \u00e0 la condamnation.<br \/>\nXRY Logical est notre solution d\u2019entr\u00e9e de gamme pour les enqu\u00eateurs scientifiques et le point de d\u00e9part pour nos options de licence.<\/p>\n<p><a class=\"btn btn-primary\" href=\"#form-166593\">Contacter le service ventes<\/a> \u00a0 <a class=\"btn btn-outline\" href=\"https:\/\/www.msab.com\/xry_logical_fr\/\">Fiche produit<\/a><\/p>\n            <\/div><!--\/.editor-content-->\n                            <div class=\"editor-content\">\n                <p><img decoding=\"async\" class=\"alignnone size-full wp-image-153254\" src=\"https:\/\/www.msab.com\/wp-content\/uploads\/2021\/08\/XRY_Logical_Screenshot_Alt.png\" alt=\"\" width=\"800\" srcset=\"https:\/\/www.msab.com\/wp-content\/uploads\/2021\/08\/XRY_Logical_Screenshot_Alt.png 800w, https:\/\/www.msab.com\/wp-content\/uploads\/2021\/08\/XRY_Logical_Screenshot_Alt-300x169.png 300w, https:\/\/www.msab.com\/wp-content\/uploads\/2021\/08\/XRY_Logical_Screenshot_Alt-768x432.png 768w, https:\/\/www.msab.com\/wp-content\/uploads\/2021\/08\/XRY_Logical_Screenshot_Alt-33x19.png 33w, https:\/\/www.msab.com\/wp-content\/uploads\/2021\/08\/XRY_Logical_Screenshot_Alt-102x57.png 102w, https:\/\/www.msab.com\/wp-content\/uploads\/2021\/08\/XRY_Logical_Screenshot_Alt-500x281.png 500w\" sizes=\"(max-width: 800px) 100vw, 800px\" \/><\/p>\n            <\/div><!--\/.editor-content-->\n            <\/div><!--\/.container-->\n<\/section><!--\/.regular-content-->\n\n\n<section id=\"\" class=\"block list-block bg-white \">\n    <div class=\"container\">\n\n                <div class=\"list-block__top-content editor-content center\">\n            <h2 style=\"text-align: center;\">La licence XRY inclut<\/h2>\n<p style=\"text-align: center;\">C\u00e2bles gratuits, mises \u00e0 jour logicielles gratuites et assistance technique gratuite.<\/p>\n<p style=\"text-align: center;\">Extension de garantie disponible pour tous les \u00e9quipements fabriqu\u00e9s par MSAB sous r\u00e9serve que la licence XRY soit prolong\u00e9e.<\/p>\n<h4 style=\"text-align: center;\"><strong>Donnez \u00e0 vos enqu\u00eates la plus grande chance de r\u00e9ussite<\/strong><\/h4>\n        <\/div><!--\/.top-content-->\n                \n                <div class=\"list-block__row d-flex\">\n\n            \n            <div class=\"list-block__wrap\">\n                <div class=\"list-block__col editor-content\">\n\n                    <h4 class=\"bold\">Points forts du produit<\/h4>                    \n                                        <ul class=\"check-list blue\">\n\n                                                <li>XY Photon pour l\u2019acquisition de donn\u00e9es d\u2019application<\/li>\n                                                <li> Lecture de carte SIM<\/li>\n                                                <li>Modes de tri<\/li>\n                                                <li>R\u00e9cup\u00e9ration rapide des donn\u00e9es mobiles en direct<\/li>\n                                                <li>Analyses logiques des appareils mobiles<\/li>\n                        \n                    <\/ul><!--\/.check-list-->\n                                    <\/div><!--\/.list-block__col-->\n            <\/div><!--\/.list-block__wrap-->\n            \n            <div class=\"list-block__wrap\">\n                <div class=\"list-block__col editor-content\">\n\n                    <h4 class=\"bold\">Caract\u00e9ristiques<\/h4>                    \n                                        <ul class=\"check-list blue\">\n\n                                                <li>Solution logicielle sous Windows<\/li>\n                                                <li>Fichier d\u2019aide unique pour tous les appareils<\/li>\n                                                <li>Format de fichier s\u00e9curis\u00e9<\/li>\n                                                <li>Algorithmes de hachage<\/li>\n                                                <li>Extraction de donn\u00e9es et cr\u00e9ation de rapports simplifi\u00e9es<\/li>\n                                                <li><a href=\"https:\/\/www.msab.com\/fr\/produits\/xry-extract\/xry-pinpoint\/\">XRY Pinpoint &#8211; pour les appareils mobiles non standard<\/a><\/li>\n                        \n                    <\/ul><!--\/.check-list-->\n                                    <\/div><!--\/.list-block__col-->\n            <\/div><!--\/.list-block__wrap-->\n            \n            <div class=\"list-block__wrap\">\n                <div class=\"list-block__col editor-content\">\n\n                    <h4 class=\"bold\">Outils<\/h4>                    \n                                        <ul class=\"check-list blue\">\n\n                                                <li>Assistant de gravure CD\/DVD\/Blu-ray<\/li>\n                                                <li>Duplication de cartes SIM<\/li>\n                                                <li>Nettoyage du registre<\/li>\n                                                <li>Conversion des anciens fichiers XRY<\/li>\n                                                <li>Mise \u00e0 jour des licences<\/li>\n                                                <li>T\u00e9l\u00e9chargement de mises \u00e0 jour<\/li>\n                        \n                    <\/ul><!--\/.check-list-->\n                                    <\/div><!--\/.list-block__col-->\n            <\/div><!--\/.list-block__wrap-->\n            \n        <\/div><!--\/.list-block__row-->\n        \n    <\/div><!--\/.container-->\n<\/section>\n\n\n<section id=\"\" class=\"block two-column-content bg-white \">\n    <div class=\"container\">\n        <div class=\"text-wrapper\">\n            <div class=\"row\">\n                                    <div class=\"col-12 col-md-6 col-lg-5\">\n                        <h2 class=\"heading h2\">Inclut d\u00e9sormais XRY Photon pour l\u2019acquisition de donn\u00e9es d\u2019application<\/h2>                    <\/div>\n                                                    <div class=\"col-12 col-md-6 col-lg-7\">\n                        <p>Au fur et \u00e0 mesure que les protocoles de s\u00e9curit\u00e9 se sont am\u00e9lior\u00e9s, les investigateurs ont \u00e9t\u00e9 forc\u00e9s d\u2019utiliser des processus manuels fastidieux pour capturer et examiner des donn\u00e9es d\u2019applications crypt\u00e9es. Une nouvelle option est maintenant disponible pour leur faire gagner du temps : XRY Photon.<br \/>\nXRY Photon fonctionne comme une version automatis\u00e9e de l\u2019examen manuel des applications pour les appareils Android, avec comme autre avantage de stocker les donn\u00e9es document\u00e9es sous une forme qui se pr\u00eate \u00e0 la recherche, ce qui permet la recherche de textes, le filtrage et d\u2019autres types d\u2019analyses.<\/p>\n<p><a class=\"btn btn-primary\" href=\"https:\/\/www.msab.com\/fr\/produits\/extract\/xry-photon\/\">Plus d\u2019informations<\/a><\/p>\n                    <\/div>\n                            <\/div><!--\/row-->\n        <\/div><!--\/text-wrapper-->\n    <\/div><!--\/container-->\n<\/section>\n\n<section id=\"\" class=\"block image-text-with-bg bg-blue-gradient text-white \">\n\t<div class=\"container\">\n\t\t\t\t<div class=\"row\">\n\t\t\t<div class=\"col text-center\">\n                <img decoding=\"async\" width=\"1220\" height=\"500\" src=\"https:\/\/www.msab.com\/wp-content\/uploads\/2021\/08\/XRY_Spec_Table_FR.png\" class=\"attachment-container-size size-container-size\" alt=\"\" srcset=\"https:\/\/www.msab.com\/wp-content\/uploads\/2021\/08\/XRY_Spec_Table_FR.png 1220w, https:\/\/www.msab.com\/wp-content\/uploads\/2021\/08\/XRY_Spec_Table_FR-300x123.png 300w, https:\/\/www.msab.com\/wp-content\/uploads\/2021\/08\/XRY_Spec_Table_FR-1024x420.png 1024w, https:\/\/www.msab.com\/wp-content\/uploads\/2021\/08\/XRY_Spec_Table_FR-768x315.png 768w, https:\/\/www.msab.com\/wp-content\/uploads\/2021\/08\/XRY_Spec_Table_FR-33x14.png 33w, https:\/\/www.msab.com\/wp-content\/uploads\/2021\/08\/XRY_Spec_Table_FR-102x42.png 102w, https:\/\/www.msab.com\/wp-content\/uploads\/2021\/08\/XRY_Spec_Table_FR-500x205.png 500w\" sizes=\"(max-width: 1220px) 100vw, 1220px\" \/>\t\t\t<\/div>\n\t\t<\/div>\n\t\t\t\t<div class=\"row text-wrapper\">\n\t\t\t<div class=\"col-12 col-md-4 left-col\">\n\t\t\t\t\t\t\t<\/div>\n\t\t\t<div class=\"col-12 col-md-8 right-col\">\n\t\t\t\t<div class=\"row\">\n\t\t\t\t\t<div class=\"col\">\n\t\t\t\t\t\t\t\t\t\t\t<\/div>\n\t\t\t\t<\/div>\n\t\t\t\t\t\t\t<\/div>\n\t\t<\/div>\n\t<\/div>\n<\/section>\n\n\n\n<section id=\"\" class=\"block vertical-title-and-text title-left \">\n    <div class=\"container regular\">\n        <div class=\"row\">\n\n            <div class=\"col-md-3 v-title-col d-md-flex align-items-center\">\n                                    <h6 class=\"v-title\">.xry<\/h6>\n                            <\/div><!--\/.col-->\n\n            <div class=\"col-12 col-md-9 content-col editor-content\">\n                <h3>Une raison convaincante de choisir\u00a0: Parce que le format de fichier XRY est scientifiquement s\u00fbr<\/h3>\n<p>Contrairement \u00e0 certains outils d\u2019investigation mobile qui ont \u00e9t\u00e9 con\u00e7us \u00e0 l\u2019origine \u00e0 d\u2019autres fins, XRY a \u00e9t\u00e9 con\u00e7u d\u00e8s le d\u00e9part pour \u00eatre s\u00fbr d\u2019un point de vue scientifique. Le format de fichier XRY assure la s\u00e9curit\u00e9 et la comptabilit\u00e9 des \u00e9l\u00e9ments de preuve \u00e0 tout moment, gr\u00e2ce \u00e0 une piste d\u2019audit et d\u2019investigation compl\u00e8te et \u00e0 la protection des \u00e9l\u00e9ments de preuve, depuis leur extraction initiale jusqu\u2019\u00e0 leur pr\u00e9sentation au tribunal ou dans le cadre d\u2019autres processus administratifs, en passant par l\u2019analyse et la cr\u00e9ation de rapports.<\/p>\n<p>Pour en savoir plus sur la question: <a href=\"https:\/\/www.msab.com\/reports\/are-there-any-court-approved-mobile-forensic-tools\/\"><em>Existe-t-il un outil d\u2019investigation approuv\u00e9 par les tribunaux\u00a0?<\/em>\u00a0<\/a><\/p>\n            <\/div><!--\/.col-->\n\n        <\/div><!--\/.row-->\n    <\/div><!--\/.container-->\n<\/section>\n\n<section id=\"\" class=\"block text-image-columns bg-light-grey \">\n    <div class=\"container\">\n        <div class=\"row img-left\">\n\n            <div class=\"text-col col-12 col-md-6 d-flex flex-wrap justify-content-center align-items-center\">\n\n                                <div class=\"editor-content\">\n                    <h2>Poss\u00e9dez-vous des t\u00e9l\u00e9phones portables auxquels vous ne pouvez pas acc\u00e9der ?<\/h2>\n<p><strong>Il existe d\u00e9sormais une nouvelle option pour les enqu\u00eateurs et investigateurs qui ont besoin d\u2019avoir acc\u00e8s aux t\u00e9l\u00e9phones portables dans des situations critiques : MSAB Access Services<\/strong><\/p>\n<p>Avec Access Services, les experts en investigation de MSAB utilisent des techniques avanc\u00e9es et scientifiquement solides pour extraire et d\u00e9crypter les donn\u00e9es d\u2019appareils s\u00e9lectionn\u00e9s \u2013 des preuves impossibles \u00e0 obtenir autrement et qui pourraient faire la diff\u00e9rence entre r\u00e9soudre une affaire ou non.<\/p>\n<p><a class=\"btn btn-primary\" href=\"https:\/\/www.msab.com\/fr\/products\/professional-services\/#access-services\">Plus d\u2019informations<\/a><\/p>\n                <\/div><!--\/.editor-content-->\n                \n            <\/div><!--\/.text-col-->\n\n            <div class=\"img-col col-12 col-md-6 d-flex flex-wrap justify-content-center align-items-center\">\n                \n                                <div class=\"img-wrap grad\">\n                    <img decoding=\"async\" width=\"2534\" height=\"2560\" src=\"https:\/\/www.msab.com\/wp-content\/uploads\/2021\/08\/XRY_alt_AS_Lab_Visual_Cropped-scaled.jpg\" class=\"attachment-full size-full\" alt=\"\" srcset=\"https:\/\/www.msab.com\/wp-content\/uploads\/2021\/08\/XRY_alt_AS_Lab_Visual_Cropped-scaled.jpg 2534w, https:\/\/www.msab.com\/wp-content\/uploads\/2021\/08\/XRY_alt_AS_Lab_Visual_Cropped-297x300.jpg 297w, https:\/\/www.msab.com\/wp-content\/uploads\/2021\/08\/XRY_alt_AS_Lab_Visual_Cropped-1014x1024.jpg 1014w, https:\/\/www.msab.com\/wp-content\/uploads\/2021\/08\/XRY_alt_AS_Lab_Visual_Cropped-768x776.jpg 768w, https:\/\/www.msab.com\/wp-content\/uploads\/2021\/08\/XRY_alt_AS_Lab_Visual_Cropped-1521x1536.jpg 1521w, https:\/\/www.msab.com\/wp-content\/uploads\/2021\/08\/XRY_alt_AS_Lab_Visual_Cropped-2028x2048.jpg 2028w, https:\/\/www.msab.com\/wp-content\/uploads\/2021\/08\/XRY_alt_AS_Lab_Visual_Cropped-33x33.jpg 33w, https:\/\/www.msab.com\/wp-content\/uploads\/2021\/08\/XRY_alt_AS_Lab_Visual_Cropped-102x103.jpg 102w, https:\/\/www.msab.com\/wp-content\/uploads\/2021\/08\/XRY_alt_AS_Lab_Visual_Cropped-1240x1252.jpg 1240w, https:\/\/www.msab.com\/wp-content\/uploads\/2021\/08\/XRY_alt_AS_Lab_Visual_Cropped-106x106.jpg 106w, https:\/\/www.msab.com\/wp-content\/uploads\/2021\/08\/XRY_alt_AS_Lab_Visual_Cropped-495x500.jpg 495w\" sizes=\"(max-width: 2534px) 100vw, 2534px\" \/>                <\/div><!--\/.img-wrap-->\n                \n            <\/div><!--\/.img-col-->\n\n        <\/div><!--\/.row-->\n    <\/div><!--\/.container-->\n<\/section>\n\n\n    <style>\n                    #block_61435e923d04a {\n                background-image: url(https:\/\/www.msab.com\/wp-content\/uploads\/2021\/08\/Frontline_MSAB_Field_Phone_Extraction_BG-1.jpg);\n            }\n                    <\/style>\n\n<section id=\"block_61435e923d04a\" class=\"block cta-with-bg-img text-white left-layout bg-overlay \">\n    <div class=\"container\" id=\"\">\n                    <div class=\"text-wrapper\">\n                <h2>Demander un devis<\/h2>\n<p style=\"text-align: left;\">Contactez-nous pour demander un devis, ou faites-nous savoir si vous \u00eates int\u00e9ress\u00e9 par l\u2019\u00e9valuation de l\u2019un de nos produits.<\/p>\n<p style=\"text-align: left;\"><span style=\"color: #000000;\"><a class=\"btn btn-primary\" style=\"color: #000000;\" href=\"#form-166593\">Contacter le service ventes<\/a><\/span><\/p>\n            <\/div>\n            <\/div><!--\/container-->\n<\/section>","protected":false},"excerpt":{"rendered":"","protected":false},"author":2,"featured_media":0,"parent":5242,"menu_order":0,"template":"","class_list":["post-3945","product","type-product","status-publish","hentry"],"acf":[],"yoast_head":"<!-- This site is optimized with the Yoast SEO Premium plugin v25.0 (Yoast SEO v27.4) - https:\/\/yoast.com\/product\/yoast-seo-premium-wordpress\/ -->\n<title>XRY Logical \u2014 Extractions Rapides d&#039;Appareils Num\u00e9riques | MSAB<\/title>\n<meta name=\"description\" content=\"XRY Logical est la m\u00e9thode d&#039;extraction la plus rapide et le point de d\u00e9part pour la criminalistique mobile. \u2713 Extraction de donn\u00e9es rapide, facile et s\u00fbre\" \/>\n<meta name=\"robots\" content=\"index, follow, max-snippet:-1, max-image-preview:large, max-video-preview:-1\" \/>\n<link rel=\"canonical\" href=\"https:\/\/www.msab.com\/fr\/produits\/extract\/xry-logical\/\" \/>\n<meta property=\"og:locale\" content=\"fr_FR\" \/>\n<meta property=\"og:type\" content=\"article\" \/>\n<meta property=\"og:title\" content=\"XRY - Logical\" \/>\n<meta property=\"og:description\" content=\"XRY Logical est la m\u00e9thode d&#039;extraction la plus rapide et le point de d\u00e9part pour la criminalistique mobile. \u2713 Extraction de donn\u00e9es rapide, facile et s\u00fbre\" \/>\n<meta property=\"og:url\" content=\"https:\/\/www.msab.com\/fr\/produits\/extract\/xry-logical\/\" \/>\n<meta property=\"og:site_name\" content=\"MSAB\" \/>\n<meta property=\"article:publisher\" content=\"https:\/\/www.facebook.com\/microsystemation\" \/>\n<meta property=\"article:modified_time\" content=\"2025-05-28T15:23:22+00:00\" \/>\n<meta name=\"twitter:card\" content=\"summary_large_image\" \/>\n<meta name=\"twitter:site\" content=\"@MSAB_XRY\" \/>\n<meta name=\"twitter:label1\" content=\"Dur\u00e9e de lecture estim\u00e9e\" \/>\n\t<meta name=\"twitter:data1\" content=\"4 minutes\" \/>\n<script type=\"application\/ld+json\" class=\"yoast-schema-graph\">{\"@context\":\"https:\\\/\\\/schema.org\",\"@graph\":[{\"@type\":\"WebPage\",\"@id\":\"https:\\\/\\\/www.msab.com\\\/fr\\\/produits\\\/extract\\\/xry-logical\\\/\",\"url\":\"https:\\\/\\\/www.msab.com\\\/fr\\\/produits\\\/extract\\\/xry-logical\\\/\",\"name\":\"XRY Logical \u2014 Extractions Rapides d'Appareils Num\u00e9riques | MSAB\",\"isPartOf\":{\"@id\":\"https:\\\/\\\/www.msab.com\\\/fr\\\/#website\"},\"datePublished\":\"2021-08-09T11:48:41+00:00\",\"dateModified\":\"2025-05-28T15:23:22+00:00\",\"description\":\"XRY Logical est la m\u00e9thode d'extraction la plus rapide et le point de d\u00e9part pour la criminalistique mobile. \u2713 Extraction de donn\u00e9es rapide, facile et s\u00fbre\",\"breadcrumb\":{\"@id\":\"https:\\\/\\\/www.msab.com\\\/fr\\\/produits\\\/extract\\\/xry-logical\\\/#breadcrumb\"},\"inLanguage\":\"fr-FR\",\"potentialAction\":[{\"@type\":\"ReadAction\",\"target\":[\"https:\\\/\\\/www.msab.com\\\/fr\\\/produits\\\/extract\\\/xry-logical\\\/\"]}]},{\"@type\":\"BreadcrumbList\",\"@id\":\"https:\\\/\\\/www.msab.com\\\/fr\\\/produits\\\/extract\\\/xry-logical\\\/#breadcrumb\",\"itemListElement\":[{\"@type\":\"ListItem\",\"position\":1,\"name\":\"\",\"item\":\"https:\\\/\\\/www.msab.com\\\/fr\\\/\"},{\"@type\":\"ListItem\",\"position\":2,\"name\":\"MSAB Extract &#8211; XRY\",\"item\":\"https:\\\/\\\/www.msab.com\\\/fr\\\/produits\\\/extract\\\/\"},{\"@type\":\"ListItem\",\"position\":3,\"name\":\"XRY &#8211; Logical\"}]},{\"@type\":\"WebSite\",\"@id\":\"https:\\\/\\\/www.msab.com\\\/fr\\\/#website\",\"url\":\"https:\\\/\\\/www.msab.com\\\/fr\\\/\",\"name\":\"MSAB\",\"description\":\"Trusted Partner in Digital Forensics\",\"publisher\":{\"@id\":\"https:\\\/\\\/www.msab.com\\\/fr\\\/#organization\"},\"potentialAction\":[{\"@type\":\"SearchAction\",\"target\":{\"@type\":\"EntryPoint\",\"urlTemplate\":\"https:\\\/\\\/www.msab.com\\\/fr\\\/?s={search_term_string}\"},\"query-input\":{\"@type\":\"PropertyValueSpecification\",\"valueRequired\":true,\"valueName\":\"search_term_string\"}}],\"inLanguage\":\"fr-FR\"},{\"@type\":\"Organization\",\"@id\":\"https:\\\/\\\/www.msab.com\\\/fr\\\/#organization\",\"name\":\"MSAB\",\"url\":\"https:\\\/\\\/www.msab.com\\\/fr\\\/\",\"logo\":{\"@type\":\"ImageObject\",\"inLanguage\":\"fr-FR\",\"@id\":\"https:\\\/\\\/www.msab.com\\\/fr\\\/#\\\/schema\\\/logo\\\/image\\\/\",\"url\":\"https:\\\/\\\/www.msab.com\\\/wp-content\\\/uploads\\\/2023\\\/03\\\/MSAB-logo-Black-RGB.png\",\"contentUrl\":\"https:\\\/\\\/www.msab.com\\\/wp-content\\\/uploads\\\/2023\\\/03\\\/MSAB-logo-Black-RGB.png\",\"width\":1198,\"height\":353,\"caption\":\"MSAB\"},\"image\":{\"@id\":\"https:\\\/\\\/www.msab.com\\\/fr\\\/#\\\/schema\\\/logo\\\/image\\\/\"},\"sameAs\":[\"https:\\\/\\\/www.facebook.com\\\/microsystemation\",\"https:\\\/\\\/x.com\\\/MSAB_XRY\",\"https:\\\/\\\/www.linkedin.com\\\/company\\\/micro-systemation\"]}]}<\/script>\n<!-- \/ Yoast SEO Premium plugin. -->","yoast_head_json":{"title":"XRY Logical \u2014 Extractions Rapides d'Appareils Num\u00e9riques | MSAB","description":"XRY Logical est la m\u00e9thode d'extraction la plus rapide et le point de d\u00e9part pour la criminalistique mobile. \u2713 Extraction de donn\u00e9es rapide, facile et s\u00fbre","robots":{"index":"index","follow":"follow","max-snippet":"max-snippet:-1","max-image-preview":"max-image-preview:large","max-video-preview":"max-video-preview:-1"},"canonical":"https:\/\/www.msab.com\/fr\/produits\/extract\/xry-logical\/","og_locale":"fr_FR","og_type":"article","og_title":"XRY - Logical","og_description":"XRY Logical est la m\u00e9thode d'extraction la plus rapide et le point de d\u00e9part pour la criminalistique mobile. \u2713 Extraction de donn\u00e9es rapide, facile et s\u00fbre","og_url":"https:\/\/www.msab.com\/fr\/produits\/extract\/xry-logical\/","og_site_name":"MSAB","article_publisher":"https:\/\/www.facebook.com\/microsystemation","article_modified_time":"2025-05-28T15:23:22+00:00","twitter_card":"summary_large_image","twitter_site":"@MSAB_XRY","twitter_misc":{"Dur\u00e9e de lecture estim\u00e9e":"4 minutes"},"schema":{"@context":"https:\/\/schema.org","@graph":[{"@type":"WebPage","@id":"https:\/\/www.msab.com\/fr\/produits\/extract\/xry-logical\/","url":"https:\/\/www.msab.com\/fr\/produits\/extract\/xry-logical\/","name":"XRY Logical \u2014 Extractions Rapides d'Appareils Num\u00e9riques | MSAB","isPartOf":{"@id":"https:\/\/www.msab.com\/fr\/#website"},"datePublished":"2021-08-09T11:48:41+00:00","dateModified":"2025-05-28T15:23:22+00:00","description":"XRY Logical est la m\u00e9thode d'extraction la plus rapide et le point de d\u00e9part pour la criminalistique mobile. \u2713 Extraction de donn\u00e9es rapide, facile et s\u00fbre","breadcrumb":{"@id":"https:\/\/www.msab.com\/fr\/produits\/extract\/xry-logical\/#breadcrumb"},"inLanguage":"fr-FR","potentialAction":[{"@type":"ReadAction","target":["https:\/\/www.msab.com\/fr\/produits\/extract\/xry-logical\/"]}]},{"@type":"BreadcrumbList","@id":"https:\/\/www.msab.com\/fr\/produits\/extract\/xry-logical\/#breadcrumb","itemListElement":[{"@type":"ListItem","position":1,"name":"","item":"https:\/\/www.msab.com\/fr\/"},{"@type":"ListItem","position":2,"name":"MSAB Extract &#8211; XRY","item":"https:\/\/www.msab.com\/fr\/produits\/extract\/"},{"@type":"ListItem","position":3,"name":"XRY &#8211; Logical"}]},{"@type":"WebSite","@id":"https:\/\/www.msab.com\/fr\/#website","url":"https:\/\/www.msab.com\/fr\/","name":"MSAB","description":"Trusted Partner in Digital Forensics","publisher":{"@id":"https:\/\/www.msab.com\/fr\/#organization"},"potentialAction":[{"@type":"SearchAction","target":{"@type":"EntryPoint","urlTemplate":"https:\/\/www.msab.com\/fr\/?s={search_term_string}"},"query-input":{"@type":"PropertyValueSpecification","valueRequired":true,"valueName":"search_term_string"}}],"inLanguage":"fr-FR"},{"@type":"Organization","@id":"https:\/\/www.msab.com\/fr\/#organization","name":"MSAB","url":"https:\/\/www.msab.com\/fr\/","logo":{"@type":"ImageObject","inLanguage":"fr-FR","@id":"https:\/\/www.msab.com\/fr\/#\/schema\/logo\/image\/","url":"https:\/\/www.msab.com\/wp-content\/uploads\/2023\/03\/MSAB-logo-Black-RGB.png","contentUrl":"https:\/\/www.msab.com\/wp-content\/uploads\/2023\/03\/MSAB-logo-Black-RGB.png","width":1198,"height":353,"caption":"MSAB"},"image":{"@id":"https:\/\/www.msab.com\/fr\/#\/schema\/logo\/image\/"},"sameAs":["https:\/\/www.facebook.com\/microsystemation","https:\/\/x.com\/MSAB_XRY","https:\/\/www.linkedin.com\/company\/micro-systemation"]}]}},"_links":{"self":[{"href":"https:\/\/www.msab.com\/fr\/wp-json\/wp\/v2\/product\/3945","targetHints":{"allow":["GET"]}}],"collection":[{"href":"https:\/\/www.msab.com\/fr\/wp-json\/wp\/v2\/product"}],"about":[{"href":"https:\/\/www.msab.com\/fr\/wp-json\/wp\/v2\/types\/product"}],"author":[{"embeddable":true,"href":"https:\/\/www.msab.com\/fr\/wp-json\/wp\/v2\/users\/2"}],"up":[{"embeddable":true,"href":"https:\/\/www.msab.com\/fr\/wp-json\/wp\/v2\/product\/5242"}],"wp:attachment":[{"href":"https:\/\/www.msab.com\/fr\/wp-json\/wp\/v2\/media?parent=3945"}],"curies":[{"name":"wp","href":"https:\/\/api.w.org\/{rel}","templated":true}]}}