{"id":218763,"date":"2025-01-08T11:26:07","date_gmt":"2025-01-08T10:26:07","guid":{"rendered":"https:\/\/www.msab.com\/?post_type=product&#038;p=218763"},"modified":"2025-03-03T15:22:48","modified_gmt":"2025-03-03T14:22:48","slug":"unify-collaborate","status":"publish","type":"product","link":"https:\/\/www.msab.com\/fr\/produits\/unify-collaborate\/","title":{"rendered":"Unify Collaborate"},"content":{"rendered":"\n<section id=\"\" class=\"block product-hero  \">\n    <div class=\"bg-image\">\n        <div class=\"img\" style=\"background-image: url(https:\/\/www.msab.com\/wp-content\/uploads\/2025\/01\/UNIFY-Collaborate-00.png);\"><\/div>\n    <\/div>\n    <div class=\"container\">\n\n        <div class=\"text-wrapper text-white text-center\">\n\n            <img decoding=\"async\" width=\"204\" height=\"126\" src=\"https:\/\/www.msab.com\/wp-content\/uploads\/2025\/01\/UNIFY_Collaborate_Logo_RGB__White-e1741012199978.png\" class=\"product-logo\" alt=\"\" \/>\n            <p class=\"intro\">Renforcer la collaboration entre les chercheurs<\/p>\n        <\/div><!--\/text-wrapper-->\n        <div class=\"breadcrumb-part dark\"><nav id=\"breadcrumbs\" class=\"bread-nav\"><span><span><a href=\"https:\/\/www.msab.com\/fr\/\"><i class=\"fas fa-home\"><\/i><\/a><\/span><\/span><\/nav><\/div>    <\/div><!--\/container-->\n<\/section>\n\n\n\n<section id=\"\" class=\"block regular-content   pt-regular pb-regular bg-white\">\n    <div class=\"container two-columns\">\n                    <div class=\"editor-content\">\n                <h2>Qu&rsquo;est-ce que UNIFY Collaborate ?<\/h2>\n<p>UNIFY Collaborate r\u00e9pond aux exigences des enqu\u00eates num\u00e9riques de plus en plus nombreuses en renfor\u00e7ant l\u2019efficacit\u00e9 et la s\u00e9curit\u00e9. Il permet une collaboration en temps r\u00e9el, offrant la possibilit\u00e9 \u00e0 plusieurs enqu\u00eateurs de travailler simultan\u00e9ment sur le m\u00eame dossier. En centralisant les preuves et en sauvegardant la cha\u00eene de tra\u00e7abilit\u00e9, il \u00e9limine les probl\u00e8mes de s\u00e9curit\u00e9 potentiels li\u00e9s au stockage des preuves sur des supports amovibles. Le contr\u00f4le d\u2019acc\u00e8s robuste et la journalisation d\u00e9taill\u00e9e offrent l\u2019assurance que seuls les utilisateurs autoris\u00e9s peuvent g\u00e9rer les donn\u00e9es, ce qui permet de pr\u00e9server une conformit\u00e9 totale.<\/p>\n<p>&nbsp;<\/p>\n<p><a class=\"btn btn-primary\" href=\"#form-166593\">Contacter le service ventes<\/a> \u00a0 \u00a0 \u00a0 <a class=\"btn btn-outline\" href=\"https:\/\/www.msab.com\/unify_fr\" target=\"_blank\" rel=\"noopener\">Fiche produit<\/a><\/p>\n            <\/div><!--\/.editor-content-->\n                            <div class=\"editor-content\">\n                <p><img decoding=\"async\" class=\"alignnone size-large wp-image-221704\" src=\"https:\/\/www.msab.com\/wp-content\/uploads\/2025\/01\/FR1-1024x640.png\" alt=\"\" width=\"1024\" height=\"640\" srcset=\"https:\/\/www.msab.com\/wp-content\/uploads\/2025\/01\/FR1-1024x640.png 1024w, https:\/\/www.msab.com\/wp-content\/uploads\/2025\/01\/FR1-300x187.png 300w, https:\/\/www.msab.com\/wp-content\/uploads\/2025\/01\/FR1-768x480.png 768w, https:\/\/www.msab.com\/wp-content\/uploads\/2025\/01\/FR1-1536x960.png 1536w, https:\/\/www.msab.com\/wp-content\/uploads\/2025\/01\/FR1-33x21.png 33w, https:\/\/www.msab.com\/wp-content\/uploads\/2025\/01\/FR1-102x64.png 102w, https:\/\/www.msab.com\/wp-content\/uploads\/2025\/01\/FR1-1240x775.png 1240w, https:\/\/www.msab.com\/wp-content\/uploads\/2025\/01\/FR1-1180x737.png 1180w, https:\/\/www.msab.com\/wp-content\/uploads\/2025\/01\/FR1-500x312.png 500w, https:\/\/www.msab.com\/wp-content\/uploads\/2025\/01\/FR1.png 1921w\" sizes=\"(max-width: 1024px) 100vw, 1024px\" \/><\/p>\n            <\/div><!--\/.editor-content-->\n            <\/div><!--\/.container-->\n<\/section><!--\/.regular-content-->\n\n\n<section id=\"\" class=\"block video-block bg-light-grey \">\n    <div class=\"container\">\n                            <div class=\"video\">\n                <a class=\"video--link d-block\" data-fancybox data-src=\"https:\/\/www.msab.com\/wp-content\/uploads\/2025\/01\/MSAB-UNIFY-Collaborate.mp4\" title=\"Click to view video\">\n                    <img decoding=\"async\" width=\"1903\" height=\"1070\" src=\"https:\/\/www.msab.com\/wp-content\/uploads\/2021\/08\/Skarmbild-2024-12-02-165451.png\" class=\"video--cover\" alt=\"\" srcset=\"https:\/\/www.msab.com\/wp-content\/uploads\/2021\/08\/Skarmbild-2024-12-02-165451.png 1903w, https:\/\/www.msab.com\/wp-content\/uploads\/2021\/08\/Skarmbild-2024-12-02-165451-300x169.png 300w, https:\/\/www.msab.com\/wp-content\/uploads\/2021\/08\/Skarmbild-2024-12-02-165451-1024x576.png 1024w, https:\/\/www.msab.com\/wp-content\/uploads\/2021\/08\/Skarmbild-2024-12-02-165451-768x432.png 768w, https:\/\/www.msab.com\/wp-content\/uploads\/2021\/08\/Skarmbild-2024-12-02-165451-1536x864.png 1536w, https:\/\/www.msab.com\/wp-content\/uploads\/2021\/08\/Skarmbild-2024-12-02-165451-33x19.png 33w, https:\/\/www.msab.com\/wp-content\/uploads\/2021\/08\/Skarmbild-2024-12-02-165451-102x57.png 102w, https:\/\/www.msab.com\/wp-content\/uploads\/2021\/08\/Skarmbild-2024-12-02-165451-1240x697.png 1240w, https:\/\/www.msab.com\/wp-content\/uploads\/2021\/08\/Skarmbild-2024-12-02-165451-500x281.png 500w\" sizes=\"(max-width: 1903px) 100vw, 1903px\" \/>                <\/a>\n            <\/div><!--\/.video-->\n            <\/div><!--\/.container-->\n<\/section>\n\n\n    <style>\n                    #block_9b47fee8cb8ce6564da93baa90218c3b {\n                background-image: url(https:\/\/www.msab.com\/wp-content\/uploads\/2025\/01\/UNIFY-Collaborate-05.png);\n            }\n                    <\/style>\n\n<section id=\"block_9b47fee8cb8ce6564da93baa90218c3b\" class=\"block cta-with-bg-img text-white centered-layout bg-overlay \">\n    <div class=\"container\" id=\"\">\n                    <div class=\"text-wrapper\">\n                <h3>Voir le webinaire.<\/h3>\n<h4>Notre nouvelle solution puissante vous permettra de manipuler facilement les preuves num\u00e9riques et d&rsquo;\u00e9lever vos capacit\u00e9s d&rsquo;investigation \u00e0 de nouveaux sommets. D\u00e9couvrez comment cet outil peut vous aider \u00e0 rationaliser votre flux de travail, \u00e0 am\u00e9liorer la pr\u00e9cision et \u00e0 d\u00e9bloquer de nouvelles sources de productivit\u00e9 dans vos enqu\u00eates.<\/h4>\n<p>&nbsp;<\/p>\n<p><a class=\"btn btn-primary\" style=\"color: #000000;\" href=\"https:\/\/www.bigmarker.com\/msab-webinars\/A-New-Era-in-Digital-Investigations-Be-the-First-to-Discover\">Lien vers le webinar<\/a><\/p>\n            <\/div>\n            <\/div><!--\/container-->\n<\/section>\n\n\n<section id=\"\" class=\"block list-block bg-light-grey \">\n    <div class=\"container\">\n\n                <div class=\"list-block__top-content editor-content left\">\n            <h3>Principaux avantages<\/h3>\n        <\/div><!--\/.top-content-->\n                \n                <div class=\"list-block__row d-flex\">\n\n            \n            <div class=\"list-block__wrap\">\n                <div class=\"list-block__col editor-content\">\n\n                                        \n                                        <ul class=\"check-list blue\">\n\n                                                <li><b>Collaboration en temps r\u00e9el <\/b><br>Plusieurs utilisateurs peuvent travailler simultan\u00e9ment sur le m\u00eame dossier.<\/li>\n                                                <li><b>Centralisation des donn\u00e9es probantes  <\/b><br>Toutes les donn\u00e9es sont stock\u00e9es dans un ou plusieurs emplacements centraux et mises \u00e0 la disposition des utilisateurs via un point d\u2019entr\u00e9e unique.<\/li>\n                                                <li><b>Contr\u00f4le d\u2019acc\u00e8s et audit<\/b><br> Les r\u00f4les et les autorisations d\u00e9terminent ce que peuvent faire les diff\u00e9rents utilisateurs en fonction des dossiers.<\/li>\n                        \n                    <\/ul><!--\/.check-list-->\n                                    <\/div><!--\/.list-block__col-->\n            <\/div><!--\/.list-block__wrap-->\n            \n            <div class=\"list-block__wrap\">\n                <div class=\"list-block__col editor-content\">\n\n                                        \n                                        <ul class=\"check-list blue\">\n\n                                                <li><b>Sauvegarde de la cha\u00eene de tra\u00e7abilit\u00e9 <\/b><br>Chargements fluides \u00e0 partir de XRY et des appareils MSAB Kiosk et Tablet. Les cl\u00e9s USB sont de l\u2019histoire ancienne.<\/li>\n                                                <li><b>Temps et ressources optimis\u00e9s <\/b><br>Les autorisations sont d\u00e9finies automatiquement sur la base des donn\u00e9es fournies par l\u2019utilisateur ou de r\u00e8gles pr\u00e9d\u00e9finies.<\/li>\n                                                <li><b>Stockage de donn\u00e9es \u00e9conomique  <\/b><br>Plusieurs fournisseurs et niveaux de stockage en back-end peuvent \u00eatre employ\u00e9s. Donn\u00e9es des pi\u00e8ces immuables avec prise en charge du rollback.<\/li>\n                        \n                    <\/ul><!--\/.check-list-->\n                                    <\/div><!--\/.list-block__col-->\n            <\/div><!--\/.list-block__wrap-->\n            \n            <div class=\"list-block__wrap\">\n                <div class=\"list-block__col editor-content\">\n\n                                        \n                                        <ul class=\"check-list blue\">\n\n                                                <li><b>Outil d\u2019examen complet <\/b><br>Examinez et analysez les donn\u00e9es avec XAMN Pro et b\u00e9n\u00e9ficiez de vues personnalis\u00e9es pour diff\u00e9rents types de donn\u00e9es, d\u2019une prise en charge de la classification du contenu p\u00e9dopornographique et d\u2019une prise en charge de codecs audio \/ vid\u00e9o de premier ordre.<\/li>\n                                                <li><b>Rapports puissants <\/b><br> Utilisez Report Builder pour cr\u00e9er facilement des rapports bas\u00e9s sur des mod\u00e8les personnalis\u00e9s. \u00c9liminez les informations sensibles.<\/li>\n                                                <li><b>Options de d\u00e9ploiement flexibles<\/b><br> Peut \u00eatre install\u00e9 et ex\u00e9cut\u00e9 sur du mat\u00e9riel sur site ou d\u00e9ploy\u00e9 sur Azure et AWS.<\/li>\n                        \n                    <\/ul><!--\/.check-list-->\n                                    <\/div><!--\/.list-block__col-->\n            <\/div><!--\/.list-block__wrap-->\n            \n        <\/div><!--\/.list-block__row-->\n        \n    <\/div><!--\/.container-->\n<\/section>\n\n\n    <style>\n                    #block_a6358066b4bb4ef0540e18b0724037ef {\n                background-image: url(https:\/\/www.msab.com\/wp-content\/uploads\/2025\/01\/UNIFY-Collaborate-.png);\n            }\n                    <\/style>\n\n<section id=\"block_a6358066b4bb4ef0540e18b0724037ef\" class=\"block cta-with-bg-img text-white centered-layout \">\n    <div class=\"container\" id=\"\">\n                    <div class=\"text-wrapper\">\n                <h3>Pour en savoir plus sur UNIFY, ses fonctionnalit\u00e9s et pour obtenir d\u2019autres informations pertinentes pour votre organisation, veuillez nous contacter.<\/h3>\n<p><a class=\"btn btn-primary\" style=\"color: #000000;\" href=\"#form-166593\">R\u00e9server une d\u00e9monstration !<\/a><\/p>\n            <\/div>\n            <\/div><!--\/container-->\n<\/section>","protected":false},"excerpt":{"rendered":"","protected":false},"author":106,"featured_media":0,"parent":0,"menu_order":0,"template":"","class_list":["post-218763","product","type-product","status-publish","hentry"],"acf":[],"yoast_head":"<!-- This site is optimized with the Yoast SEO Premium plugin v25.0 (Yoast SEO v27.4) - https:\/\/yoast.com\/product\/yoast-seo-premium-wordpress\/ -->\n<title>Unify Collaborate - MSAB<\/title>\n<meta name=\"robots\" content=\"index, follow, max-snippet:-1, max-image-preview:large, max-video-preview:-1\" \/>\n<link rel=\"canonical\" href=\"https:\/\/www.msab.com\/fr\/produits\/unify-collaborate\/\" \/>\n<meta property=\"og:locale\" content=\"fr_FR\" \/>\n<meta property=\"og:type\" content=\"article\" \/>\n<meta property=\"og:title\" content=\"Unify Collaborate\" \/>\n<meta property=\"og:url\" content=\"https:\/\/www.msab.com\/fr\/produits\/unify-collaborate\/\" \/>\n<meta property=\"og:site_name\" content=\"MSAB\" \/>\n<meta property=\"article:publisher\" content=\"https:\/\/www.facebook.com\/microsystemation\" \/>\n<meta property=\"article:modified_time\" content=\"2025-03-03T14:22:48+00:00\" \/>\n<meta name=\"twitter:card\" content=\"summary_large_image\" \/>\n<meta name=\"twitter:site\" content=\"@MSAB_XRY\" \/>\n<meta name=\"twitter:label1\" content=\"Dur\u00e9e de lecture estim\u00e9e\" \/>\n\t<meta name=\"twitter:data1\" content=\"3 minutes\" \/>\n<script type=\"application\/ld+json\" class=\"yoast-schema-graph\">{\"@context\":\"https:\\\/\\\/schema.org\",\"@graph\":[{\"@type\":\"WebPage\",\"@id\":\"https:\\\/\\\/www.msab.com\\\/fr\\\/produits\\\/unify-collaborate\\\/\",\"url\":\"https:\\\/\\\/www.msab.com\\\/fr\\\/produits\\\/unify-collaborate\\\/\",\"name\":\"Unify Collaborate - MSAB\",\"isPartOf\":{\"@id\":\"https:\\\/\\\/www.msab.com\\\/fr\\\/#website\"},\"datePublished\":\"2025-01-08T10:26:07+00:00\",\"dateModified\":\"2025-03-03T14:22:48+00:00\",\"breadcrumb\":{\"@id\":\"https:\\\/\\\/www.msab.com\\\/fr\\\/produits\\\/unify-collaborate\\\/#breadcrumb\"},\"inLanguage\":\"fr-FR\",\"potentialAction\":[{\"@type\":\"ReadAction\",\"target\":[\"https:\\\/\\\/www.msab.com\\\/fr\\\/produits\\\/unify-collaborate\\\/\"]}]},{\"@type\":\"BreadcrumbList\",\"@id\":\"https:\\\/\\\/www.msab.com\\\/fr\\\/produits\\\/unify-collaborate\\\/#breadcrumb\",\"itemListElement\":[{\"@type\":\"ListItem\",\"position\":1,\"name\":\"\",\"item\":\"https:\\\/\\\/www.msab.com\\\/fr\\\/\"},{\"@type\":\"ListItem\",\"position\":2,\"name\":\"Unify Collaborate\"}]},{\"@type\":\"WebSite\",\"@id\":\"https:\\\/\\\/www.msab.com\\\/fr\\\/#website\",\"url\":\"https:\\\/\\\/www.msab.com\\\/fr\\\/\",\"name\":\"MSAB\",\"description\":\"Trusted Partner in Digital Forensics\",\"publisher\":{\"@id\":\"https:\\\/\\\/www.msab.com\\\/fr\\\/#organization\"},\"potentialAction\":[{\"@type\":\"SearchAction\",\"target\":{\"@type\":\"EntryPoint\",\"urlTemplate\":\"https:\\\/\\\/www.msab.com\\\/fr\\\/?s={search_term_string}\"},\"query-input\":{\"@type\":\"PropertyValueSpecification\",\"valueRequired\":true,\"valueName\":\"search_term_string\"}}],\"inLanguage\":\"fr-FR\"},{\"@type\":\"Organization\",\"@id\":\"https:\\\/\\\/www.msab.com\\\/fr\\\/#organization\",\"name\":\"MSAB\",\"url\":\"https:\\\/\\\/www.msab.com\\\/fr\\\/\",\"logo\":{\"@type\":\"ImageObject\",\"inLanguage\":\"fr-FR\",\"@id\":\"https:\\\/\\\/www.msab.com\\\/fr\\\/#\\\/schema\\\/logo\\\/image\\\/\",\"url\":\"https:\\\/\\\/www.msab.com\\\/wp-content\\\/uploads\\\/2023\\\/03\\\/MSAB-logo-Black-RGB.png\",\"contentUrl\":\"https:\\\/\\\/www.msab.com\\\/wp-content\\\/uploads\\\/2023\\\/03\\\/MSAB-logo-Black-RGB.png\",\"width\":1198,\"height\":353,\"caption\":\"MSAB\"},\"image\":{\"@id\":\"https:\\\/\\\/www.msab.com\\\/fr\\\/#\\\/schema\\\/logo\\\/image\\\/\"},\"sameAs\":[\"https:\\\/\\\/www.facebook.com\\\/microsystemation\",\"https:\\\/\\\/x.com\\\/MSAB_XRY\",\"https:\\\/\\\/www.linkedin.com\\\/company\\\/micro-systemation\"]}]}<\/script>\n<!-- \/ Yoast SEO Premium plugin. -->","yoast_head_json":{"title":"Unify Collaborate - MSAB","robots":{"index":"index","follow":"follow","max-snippet":"max-snippet:-1","max-image-preview":"max-image-preview:large","max-video-preview":"max-video-preview:-1"},"canonical":"https:\/\/www.msab.com\/fr\/produits\/unify-collaborate\/","og_locale":"fr_FR","og_type":"article","og_title":"Unify Collaborate","og_url":"https:\/\/www.msab.com\/fr\/produits\/unify-collaborate\/","og_site_name":"MSAB","article_publisher":"https:\/\/www.facebook.com\/microsystemation","article_modified_time":"2025-03-03T14:22:48+00:00","twitter_card":"summary_large_image","twitter_site":"@MSAB_XRY","twitter_misc":{"Dur\u00e9e de lecture estim\u00e9e":"3 minutes"},"schema":{"@context":"https:\/\/schema.org","@graph":[{"@type":"WebPage","@id":"https:\/\/www.msab.com\/fr\/produits\/unify-collaborate\/","url":"https:\/\/www.msab.com\/fr\/produits\/unify-collaborate\/","name":"Unify Collaborate - MSAB","isPartOf":{"@id":"https:\/\/www.msab.com\/fr\/#website"},"datePublished":"2025-01-08T10:26:07+00:00","dateModified":"2025-03-03T14:22:48+00:00","breadcrumb":{"@id":"https:\/\/www.msab.com\/fr\/produits\/unify-collaborate\/#breadcrumb"},"inLanguage":"fr-FR","potentialAction":[{"@type":"ReadAction","target":["https:\/\/www.msab.com\/fr\/produits\/unify-collaborate\/"]}]},{"@type":"BreadcrumbList","@id":"https:\/\/www.msab.com\/fr\/produits\/unify-collaborate\/#breadcrumb","itemListElement":[{"@type":"ListItem","position":1,"name":"","item":"https:\/\/www.msab.com\/fr\/"},{"@type":"ListItem","position":2,"name":"Unify Collaborate"}]},{"@type":"WebSite","@id":"https:\/\/www.msab.com\/fr\/#website","url":"https:\/\/www.msab.com\/fr\/","name":"MSAB","description":"Trusted Partner in Digital Forensics","publisher":{"@id":"https:\/\/www.msab.com\/fr\/#organization"},"potentialAction":[{"@type":"SearchAction","target":{"@type":"EntryPoint","urlTemplate":"https:\/\/www.msab.com\/fr\/?s={search_term_string}"},"query-input":{"@type":"PropertyValueSpecification","valueRequired":true,"valueName":"search_term_string"}}],"inLanguage":"fr-FR"},{"@type":"Organization","@id":"https:\/\/www.msab.com\/fr\/#organization","name":"MSAB","url":"https:\/\/www.msab.com\/fr\/","logo":{"@type":"ImageObject","inLanguage":"fr-FR","@id":"https:\/\/www.msab.com\/fr\/#\/schema\/logo\/image\/","url":"https:\/\/www.msab.com\/wp-content\/uploads\/2023\/03\/MSAB-logo-Black-RGB.png","contentUrl":"https:\/\/www.msab.com\/wp-content\/uploads\/2023\/03\/MSAB-logo-Black-RGB.png","width":1198,"height":353,"caption":"MSAB"},"image":{"@id":"https:\/\/www.msab.com\/fr\/#\/schema\/logo\/image\/"},"sameAs":["https:\/\/www.facebook.com\/microsystemation","https:\/\/x.com\/MSAB_XRY","https:\/\/www.linkedin.com\/company\/micro-systemation"]}]}},"_links":{"self":[{"href":"https:\/\/www.msab.com\/fr\/wp-json\/wp\/v2\/product\/218763","targetHints":{"allow":["GET"]}}],"collection":[{"href":"https:\/\/www.msab.com\/fr\/wp-json\/wp\/v2\/product"}],"about":[{"href":"https:\/\/www.msab.com\/fr\/wp-json\/wp\/v2\/types\/product"}],"author":[{"embeddable":true,"href":"https:\/\/www.msab.com\/fr\/wp-json\/wp\/v2\/users\/106"}],"wp:attachment":[{"href":"https:\/\/www.msab.com\/fr\/wp-json\/wp\/v2\/media?parent=218763"}],"curies":[{"name":"wp","href":"https:\/\/api.w.org\/{rel}","templated":true}]}}