{"id":178532,"date":"2024-10-17T11:33:42","date_gmt":"2024-10-17T09:33:42","guid":{"rendered":"https:\/\/www.msab.com\/product\/extract\/xry-pro\/"},"modified":"2025-09-23T16:29:59","modified_gmt":"2025-09-23T14:29:59","slug":"xry-pro","status":"publish","type":"product","link":"https:\/\/www.msab.com\/fr\/produits\/extract\/xry-pro\/","title":{"rendered":"XRY Pro"},"content":{"rendered":"\n<section id=\"\" class=\"block product-hero  \">\n    <div class=\"bg-image\">\n        <div class=\"img\" style=\"background-image: url(https:\/\/www.msab.com\/wp-content\/uploads\/2023\/03\/XRY_Hero_Test_2.jpg);\"><\/div>\n    <\/div>\n    <div class=\"container\">\n\n        <div class=\"text-wrapper text-white text-center\">\n\n            <img decoding=\"async\" width=\"204\" height=\"125\" src=\"https:\/\/www.msab.com\/wp-content\/uploads\/2023\/03\/XRY_Pro_Logo_White-e1678806401921.png\" class=\"product-logo\" alt=\"\" srcset=\"https:\/\/www.msab.com\/wp-content\/uploads\/2023\/03\/XRY_Pro_Logo_White-e1678806401921.png 204w, https:\/\/www.msab.com\/wp-content\/uploads\/2023\/03\/XRY_Pro_Logo_White-e1678806401921-33x20.png 33w, https:\/\/www.msab.com\/wp-content\/uploads\/2023\/03\/XRY_Pro_Logo_White-e1678806401921-102x63.png 102w\" sizes=\"(max-width: 204px) 100vw, 204px\" \/>\n            <p class=\"intro\">Le kit complet pour extraire et d\u00e9chiffrer efficacement les donn\u00e9es<\/p>\n        <\/div><!--\/text-wrapper-->\n            <\/div><!--\/container-->\n<\/section>\n\n\n\n<section id=\"\" class=\"block regular-content   pt-regular pb-regular bg-light-grey\">\n    <div class=\"container narrow\">\n                    <div class=\"editor-content\">\n                <h2>Qu\u2019est-ce que XRY PRO ?<\/h2>\n<p><strong>XRY\u00a0Pro est notre outil le plus perfectionn\u00e9. Avec lui, vous pouvez acc\u00e9der aux m\u00e9canismes de s\u00e9curit\u00e9 des appareils les mieux prot\u00e9g\u00e9s \u00e0 l\u2019aide des modules uniques et des techniques de force brute mis au point par\u00a0MSAB. <\/strong><\/p>\n<p>La plupart des appareils mobiles r\u00e9cents appliquent des niveaux de s\u00e9curit\u00e9 et de chiffrement toujours plus \u00e9lev\u00e9s, qui obligent les experts scientifiques \u00e0 trouver de nouvelles techniques pour r\u00e9cup\u00e9rer les donn\u00e9es stock\u00e9es sur un smartphone. Il arrive r\u00e9guli\u00e8rement que les proc\u00e9dures et m\u00e9thodes classiques ne suffisent plus pour extraire les donn\u00e9es. C\u2019est pr\u00e9cis\u00e9ment l\u00e0 que XRY Pro entre en jeu. Cette suite logicielle de modules de qualit\u00e9 sup\u00e9rieure dispose de fonctionnalit\u00e9s pointues qui vous permettent d\u2019acc\u00e9der au contenu des t\u00e9l\u00e9phones les plus difficiles \u00e0 contourner.<\/p>\n<p>XRY\u00a0Pro est la solution id\u00e9ale pour les utilisateurs exp\u00e9riment\u00e9s qui souhaitent acc\u00e9der aux dispositifs les mieux prot\u00e9g\u00e9s et s\u00e9curis\u00e9s depuis leur propre \u00e9quipement. Il est vivement recommand\u00e9 de suivre une formation sp\u00e9cialis\u00e9e sur demande pour bien comprendre les modules et exploiter pleinement leur potentiel.<\/p>\n<p>&nbsp;<\/p>\n<p><a class=\"btn btn-primary\" href=\"https:\/\/www.msab.com\/fr\/contact\/#form-166593\">Contacter le service ventes <\/a>\u00a0 \u00a0 \u00a0 <a class=\"btn btn-outline\" href=\"https:\/\/www.msab.com\/xry_pro_fr\" target=\"_blank\" rel=\"noopener\">Fiche produit<\/a><\/p>\n            <\/div><!--\/.editor-content-->\n                    <\/div><!--\/.container-->\n<\/section><!--\/.regular-content-->\n\n<section id=\"\" class=\"block cta-banner bg-BlueWhale2  \">\n\n    <div class=\"container-cta-banner\">\n                    <div class=\"text-wrapper\">\n                <p>&nbsp;<\/p>\n<h1 class=\"title h1\" style=\"text-align: center;\"><a href=\"http:\/\/www.msab.com\/xryprofirst\"><span style=\"color: #ffffff;\">XRY Pro <span style=\"color: #fec52d;\">First.<\/span><\/span><\/a><\/h1>\n<p>&nbsp;<\/p>\n            <\/div>\n\n                        <\/div><!--\/container-fluid-->\n<\/section>\n\n\n\n\n\n<section id=\"\" class=\"block video-block bg-white \">\n    <div class=\"container\">\n                            <div class=\"video\">\n                <a class=\"video--link d-block\" data-fancybox data-src=\"https:\/\/youtu.be\/MNwqdbnbNrU\" title=\"Click to view video\">\n                    <img decoding=\"async\" width=\"1920\" height=\"1080\" src=\"https:\/\/www.msab.com\/wp-content\/uploads\/2023\/03\/XRY_Pro_Thumbnail_2023.jpg\" class=\"video--cover\" alt=\"\" srcset=\"https:\/\/www.msab.com\/wp-content\/uploads\/2023\/03\/XRY_Pro_Thumbnail_2023.jpg 1920w, https:\/\/www.msab.com\/wp-content\/uploads\/2023\/03\/XRY_Pro_Thumbnail_2023-300x169.jpg 300w, https:\/\/www.msab.com\/wp-content\/uploads\/2023\/03\/XRY_Pro_Thumbnail_2023-1024x576.jpg 1024w, https:\/\/www.msab.com\/wp-content\/uploads\/2023\/03\/XRY_Pro_Thumbnail_2023-768x432.jpg 768w, https:\/\/www.msab.com\/wp-content\/uploads\/2023\/03\/XRY_Pro_Thumbnail_2023-1536x864.jpg 1536w, https:\/\/www.msab.com\/wp-content\/uploads\/2023\/03\/XRY_Pro_Thumbnail_2023-33x19.jpg 33w, https:\/\/www.msab.com\/wp-content\/uploads\/2023\/03\/XRY_Pro_Thumbnail_2023-102x57.jpg 102w, https:\/\/www.msab.com\/wp-content\/uploads\/2023\/03\/XRY_Pro_Thumbnail_2023-1240x698.jpg 1240w, https:\/\/www.msab.com\/wp-content\/uploads\/2023\/03\/XRY_Pro_Thumbnail_2023-500x281.jpg 500w\" sizes=\"(max-width: 1920px) 100vw, 1920px\" \/>                <\/a>\n            <\/div><!--\/.video-->\n            <\/div><!--\/.container-->\n<\/section>\n\n\n<section id=\"\" class=\"block vertical-title-and-text title-left \">\n    <div class=\"container regular\">\n        <div class=\"row\">\n\n            <div class=\"col-md-3 v-title-col d-md-flex align-items-center\">\n                                    <h6 class=\"v-title\">XRY Pro<\/h6>\n                            <\/div><!--\/.col-->\n\n            <div class=\"col-12 col-md-9 content-col editor-content\">\n                <p>XRY\u00a0Pro est une suite logicielle de modules de haut niveau pour Android. Avec ce kit, vous b\u00e9n\u00e9ficiez de fonctionnalit\u00e9s pointues pour acc\u00e9der au contenu des t\u00e9l\u00e9phones.<\/p>\n<h4><strong>Principaux avantages de XRY Pro\u00a0<\/strong><\/h4>\n<ul class=\"chevron-list\">\n<li>Un logiciel de pointe avec les tout derniers modules de force brute et d\u2019extraction, prenant en charge un large \u00e9ventail de chipsets tels que Qualcomm, Exynos, Tensor, UNISOC, MediaTek, Kirin et plus encore<\/li>\n<li>Support technique FDE, FBE et Secure Startup<\/li>\n<li>Le contournement de mot de passe pour les dispositifs AFU, plus Force brute pour les dispositifs\u00a0BFU<\/li>\n<li>Une fonctionnalit\u00e9 d\u2019utilisation de la force brute sur des mots de passe complexes avec notre outil Force brute<\/li>\n<li>Des fonctionnalit\u00e9s uniques pour extraire la RAM des appareils mobiles et effectuer des analyses avec l\u2019outil d\u2019analyse de RAM MSAB.<\/li>\n<\/ul>\n<p>XRY\u00a0Pro est disponible via le <a href=\"http:\/\/customer.msab.com\">portail client de MSAB<\/a> et peut \u00eatre install\u00e9 sur vos appareils existants.<\/p>\n            <\/div><!--\/.col-->\n\n        <\/div><!--\/.row-->\n    <\/div><!--\/.container-->\n<\/section>\n\n\n<section id=\"\" class=\"block list-block bg-light-grey \">\n    <div class=\"container\">\n\n                \n                <div class=\"list-block__row d-flex\">\n\n            \n            <div class=\"list-block__wrap\">\n                <div class=\"list-block__col editor-content\">\n\n                    <h4 class=\"bold\">Points forts du produit<\/h4>                    \n                                        <ul class=\"check-list msab-blue\">\n\n                                                <li>Modules uniques mis au point par MSAB<\/li>\n                                                <li>Excellente couverture pour appareils Android, Samsung Qualcomm\/Exynos, MediaTek, Tensor, UNISOC, Kirin et bien d\u2019autres<\/li>\n                                                <li>Licence annuelle illimit\u00e9e ou \u00e0 jetons<\/li>\n                                                <li>Formations sp\u00e9cialis\u00e9es disponibles<\/li>\n                                                <li>Excellente ligne d&rsquo;assistance technique de MSAB (une fois la formation termin\u00e9e)<\/li>\n                                                <li>Fonctionnalit\u00e9 d\u2019utilisation de la force brute sur des mots de passe complexes avec notre outil Force brute<\/li>\n                        \n                    <\/ul><!--\/.check-list-->\n                                    <\/div><!--\/.list-block__col-->\n            <\/div><!--\/.list-block__wrap-->\n            \n            <div class=\"list-block__wrap\">\n                <div class=\"list-block__col editor-content\">\n\n                    <h4 class=\"bold\">Caract\u00e9ristiques<\/h4>                    \n                                        <ul class=\"check-list msab-blue\">\n\n                                                <li>Licence XRY logique et physique <\/li>\n                                                <li>Licence XRY Cloud<\/li>\n                                                <li>Licence XRY Pro Software<\/li>\n                        \n                    <\/ul><!--\/.check-list-->\n                                    <\/div><!--\/.list-block__col-->\n            <\/div><!--\/.list-block__wrap-->\n            \n            <div class=\"list-block__wrap\">\n                <div class=\"list-block__col editor-content\">\n\n                    <h4 class=\"bold\">Outils<\/h4>                    \n                                        <ul class=\"check-list msab-blue\">\n\n                                                <li>MSAB Office Hardware<\/li>\n                                                <li>C\u00e2bles AAL Huawei et Harmony<\/li>\n                                                <li>Kit d\u2019outils Pro-Tech<\/li>\n                        \n                    <\/ul><!--\/.check-list-->\n                                    <\/div><!--\/.list-block__col-->\n            <\/div><!--\/.list-block__wrap-->\n            \n        <\/div><!--\/.list-block__row-->\n        \n    <\/div><!--\/.container-->\n<\/section>\n\n\n<section id=\"\" class=\"block two-column-content bg-white \">\n    <div class=\"container\">\n        <div class=\"text-wrapper\">\n            <div class=\"row\">\n                                    <div class=\"col-12 col-md-6 col-lg-5\">\n                        <h2 class=\"heading h2\">XRY Pro : la solution tout-en-un pour l\u2019extraction de donn\u00e9es<\/h2>                    <\/div>\n                                                    <div class=\"col-12 col-md-6 col-lg-7\">\n                        <p>Une m\u00e9thode rapide, efficace et s\u00e9curis\u00e9e pour aspirer les donn\u00e9es des smartphones, m\u00eame les mieux prot\u00e9g\u00e9s.<\/p>\n<p><a class=\"btn btn-primary\" href=\"https:\/\/www.msab.com\/fr\/contact\/#form-166593\"><b><span data-contrast=\"none\">Contactez-nous pour plus de renseignements <\/span><\/b><\/a><span data-contrast=\"none\">\u00a0\u00a0\u00a0\u00a0\u00a0<\/span><span data-ccp-props=\"{&quot;201341983&quot;:0,&quot;335559739&quot;:160,&quot;335559740&quot;:259}\">\u00a0<\/span><\/p>\n                    <\/div>\n                            <\/div><!--\/row-->\n        <\/div><!--\/text-wrapper-->\n    <\/div><!--\/container-->\n<\/section>\n\n\n    <style>\n                    #block_16f950f64f966d0665d1959fe2cd992b {\n                background-image: url(https:\/\/www.msab.com\/wp-content\/uploads\/2023\/03\/XAMN_Pro_Banner_Full_Width-1.jpg);\n            }\n                    <\/style>\n\n<section id=\"block_16f950f64f966d0665d1959fe2cd992b\" class=\"block cta-with-bg-img text-white left-layout \">\n    <div class=\"container\" id=\"\">\n                    <div class=\"text-wrapper\">\n                <h3 style=\"text-align: left;\">XRY Pro + XAMN Pro<\/h3>\n<p><strong>Solution compl\u00e8te de bout en bout<\/strong><\/p>\n<p>Mettez toutes les chances de votre c\u00f4t\u00e9 pour faire aboutir vos enqu\u00eates criminalistiques<\/p>\n<p style=\"text-align: left;\"><span style=\"color: #000000;\"><a class=\"btn btn-primary\" style=\"color: #000000;\" href=\"https:\/\/www.msab.com\/fr\/produits\/analyze\/xamn-pro\/\">En savoir plus<\/a><\/span><\/p>\n            <\/div>\n            <\/div><!--\/container-->\n<\/section>","protected":false},"excerpt":{"rendered":"","protected":false},"author":106,"featured_media":0,"parent":5242,"menu_order":0,"template":"","class_list":["post-178532","product","type-product","status-publish","hentry"],"acf":[],"yoast_head":"<!-- This site is optimized with the Yoast SEO Premium plugin v25.0 (Yoast SEO v27.4) - https:\/\/yoast.com\/product\/yoast-seo-premium-wordpress\/ -->\n<title>XRY Pro - MSAB<\/title>\n<meta name=\"robots\" content=\"index, follow, max-snippet:-1, max-image-preview:large, max-video-preview:-1\" \/>\n<link rel=\"canonical\" href=\"https:\/\/www.msab.com\/fr\/produits\/extract\/xry-pro\/\" \/>\n<meta property=\"og:locale\" content=\"fr_FR\" \/>\n<meta property=\"og:type\" content=\"article\" \/>\n<meta property=\"og:title\" content=\"XRY Pro\" \/>\n<meta property=\"og:url\" content=\"https:\/\/www.msab.com\/fr\/produits\/extract\/xry-pro\/\" \/>\n<meta property=\"og:site_name\" content=\"MSAB\" \/>\n<meta property=\"article:publisher\" content=\"https:\/\/www.facebook.com\/microsystemation\" \/>\n<meta property=\"article:modified_time\" content=\"2025-09-23T14:29:59+00:00\" \/>\n<meta name=\"twitter:card\" content=\"summary_large_image\" \/>\n<meta name=\"twitter:site\" content=\"@MSAB_XRY\" \/>\n<meta name=\"twitter:label1\" content=\"Dur\u00e9e de lecture estim\u00e9e\" \/>\n\t<meta name=\"twitter:data1\" content=\"3 minutes\" \/>\n<script type=\"application\/ld+json\" class=\"yoast-schema-graph\">{\"@context\":\"https:\\\/\\\/schema.org\",\"@graph\":[{\"@type\":\"WebPage\",\"@id\":\"https:\\\/\\\/www.msab.com\\\/fr\\\/produits\\\/extract\\\/xry-pro\\\/\",\"url\":\"https:\\\/\\\/www.msab.com\\\/fr\\\/produits\\\/extract\\\/xry-pro\\\/\",\"name\":\"XRY Pro - MSAB\",\"isPartOf\":{\"@id\":\"https:\\\/\\\/www.msab.com\\\/fr\\\/#website\"},\"datePublished\":\"2024-10-17T09:33:42+00:00\",\"dateModified\":\"2025-09-23T14:29:59+00:00\",\"breadcrumb\":{\"@id\":\"https:\\\/\\\/www.msab.com\\\/fr\\\/produits\\\/extract\\\/xry-pro\\\/#breadcrumb\"},\"inLanguage\":\"fr-FR\",\"potentialAction\":[{\"@type\":\"ReadAction\",\"target\":[\"https:\\\/\\\/www.msab.com\\\/fr\\\/produits\\\/extract\\\/xry-pro\\\/\"]}]},{\"@type\":\"BreadcrumbList\",\"@id\":\"https:\\\/\\\/www.msab.com\\\/fr\\\/produits\\\/extract\\\/xry-pro\\\/#breadcrumb\",\"itemListElement\":[{\"@type\":\"ListItem\",\"position\":1,\"name\":\"\",\"item\":\"https:\\\/\\\/www.msab.com\\\/fr\\\/\"},{\"@type\":\"ListItem\",\"position\":2,\"name\":\"MSAB Extract &#8211; XRY\",\"item\":\"https:\\\/\\\/www.msab.com\\\/fr\\\/produits\\\/extract\\\/\"},{\"@type\":\"ListItem\",\"position\":3,\"name\":\"XRY Pro\"}]},{\"@type\":\"WebSite\",\"@id\":\"https:\\\/\\\/www.msab.com\\\/fr\\\/#website\",\"url\":\"https:\\\/\\\/www.msab.com\\\/fr\\\/\",\"name\":\"MSAB\",\"description\":\"Trusted Partner in Digital Forensics\",\"publisher\":{\"@id\":\"https:\\\/\\\/www.msab.com\\\/fr\\\/#organization\"},\"potentialAction\":[{\"@type\":\"SearchAction\",\"target\":{\"@type\":\"EntryPoint\",\"urlTemplate\":\"https:\\\/\\\/www.msab.com\\\/fr\\\/?s={search_term_string}\"},\"query-input\":{\"@type\":\"PropertyValueSpecification\",\"valueRequired\":true,\"valueName\":\"search_term_string\"}}],\"inLanguage\":\"fr-FR\"},{\"@type\":\"Organization\",\"@id\":\"https:\\\/\\\/www.msab.com\\\/fr\\\/#organization\",\"name\":\"MSAB\",\"url\":\"https:\\\/\\\/www.msab.com\\\/fr\\\/\",\"logo\":{\"@type\":\"ImageObject\",\"inLanguage\":\"fr-FR\",\"@id\":\"https:\\\/\\\/www.msab.com\\\/fr\\\/#\\\/schema\\\/logo\\\/image\\\/\",\"url\":\"https:\\\/\\\/www.msab.com\\\/wp-content\\\/uploads\\\/2023\\\/03\\\/MSAB-logo-Black-RGB.png\",\"contentUrl\":\"https:\\\/\\\/www.msab.com\\\/wp-content\\\/uploads\\\/2023\\\/03\\\/MSAB-logo-Black-RGB.png\",\"width\":1198,\"height\":353,\"caption\":\"MSAB\"},\"image\":{\"@id\":\"https:\\\/\\\/www.msab.com\\\/fr\\\/#\\\/schema\\\/logo\\\/image\\\/\"},\"sameAs\":[\"https:\\\/\\\/www.facebook.com\\\/microsystemation\",\"https:\\\/\\\/x.com\\\/MSAB_XRY\",\"https:\\\/\\\/www.linkedin.com\\\/company\\\/micro-systemation\"]}]}<\/script>\n<!-- \/ Yoast SEO Premium plugin. -->","yoast_head_json":{"title":"XRY Pro - MSAB","robots":{"index":"index","follow":"follow","max-snippet":"max-snippet:-1","max-image-preview":"max-image-preview:large","max-video-preview":"max-video-preview:-1"},"canonical":"https:\/\/www.msab.com\/fr\/produits\/extract\/xry-pro\/","og_locale":"fr_FR","og_type":"article","og_title":"XRY Pro","og_url":"https:\/\/www.msab.com\/fr\/produits\/extract\/xry-pro\/","og_site_name":"MSAB","article_publisher":"https:\/\/www.facebook.com\/microsystemation","article_modified_time":"2025-09-23T14:29:59+00:00","twitter_card":"summary_large_image","twitter_site":"@MSAB_XRY","twitter_misc":{"Dur\u00e9e de lecture estim\u00e9e":"3 minutes"},"schema":{"@context":"https:\/\/schema.org","@graph":[{"@type":"WebPage","@id":"https:\/\/www.msab.com\/fr\/produits\/extract\/xry-pro\/","url":"https:\/\/www.msab.com\/fr\/produits\/extract\/xry-pro\/","name":"XRY Pro - MSAB","isPartOf":{"@id":"https:\/\/www.msab.com\/fr\/#website"},"datePublished":"2024-10-17T09:33:42+00:00","dateModified":"2025-09-23T14:29:59+00:00","breadcrumb":{"@id":"https:\/\/www.msab.com\/fr\/produits\/extract\/xry-pro\/#breadcrumb"},"inLanguage":"fr-FR","potentialAction":[{"@type":"ReadAction","target":["https:\/\/www.msab.com\/fr\/produits\/extract\/xry-pro\/"]}]},{"@type":"BreadcrumbList","@id":"https:\/\/www.msab.com\/fr\/produits\/extract\/xry-pro\/#breadcrumb","itemListElement":[{"@type":"ListItem","position":1,"name":"","item":"https:\/\/www.msab.com\/fr\/"},{"@type":"ListItem","position":2,"name":"MSAB Extract &#8211; XRY","item":"https:\/\/www.msab.com\/fr\/produits\/extract\/"},{"@type":"ListItem","position":3,"name":"XRY Pro"}]},{"@type":"WebSite","@id":"https:\/\/www.msab.com\/fr\/#website","url":"https:\/\/www.msab.com\/fr\/","name":"MSAB","description":"Trusted Partner in Digital Forensics","publisher":{"@id":"https:\/\/www.msab.com\/fr\/#organization"},"potentialAction":[{"@type":"SearchAction","target":{"@type":"EntryPoint","urlTemplate":"https:\/\/www.msab.com\/fr\/?s={search_term_string}"},"query-input":{"@type":"PropertyValueSpecification","valueRequired":true,"valueName":"search_term_string"}}],"inLanguage":"fr-FR"},{"@type":"Organization","@id":"https:\/\/www.msab.com\/fr\/#organization","name":"MSAB","url":"https:\/\/www.msab.com\/fr\/","logo":{"@type":"ImageObject","inLanguage":"fr-FR","@id":"https:\/\/www.msab.com\/fr\/#\/schema\/logo\/image\/","url":"https:\/\/www.msab.com\/wp-content\/uploads\/2023\/03\/MSAB-logo-Black-RGB.png","contentUrl":"https:\/\/www.msab.com\/wp-content\/uploads\/2023\/03\/MSAB-logo-Black-RGB.png","width":1198,"height":353,"caption":"MSAB"},"image":{"@id":"https:\/\/www.msab.com\/fr\/#\/schema\/logo\/image\/"},"sameAs":["https:\/\/www.facebook.com\/microsystemation","https:\/\/x.com\/MSAB_XRY","https:\/\/www.linkedin.com\/company\/micro-systemation"]}]}},"_links":{"self":[{"href":"https:\/\/www.msab.com\/fr\/wp-json\/wp\/v2\/product\/178532","targetHints":{"allow":["GET"]}}],"collection":[{"href":"https:\/\/www.msab.com\/fr\/wp-json\/wp\/v2\/product"}],"about":[{"href":"https:\/\/www.msab.com\/fr\/wp-json\/wp\/v2\/types\/product"}],"author":[{"embeddable":true,"href":"https:\/\/www.msab.com\/fr\/wp-json\/wp\/v2\/users\/106"}],"up":[{"embeddable":true,"href":"https:\/\/www.msab.com\/fr\/wp-json\/wp\/v2\/product\/5242"}],"wp:attachment":[{"href":"https:\/\/www.msab.com\/fr\/wp-json\/wp\/v2\/media?parent=178532"}],"curies":[{"name":"wp","href":"https:\/\/api.w.org\/{rel}","templated":true}]}}