{"id":71962,"date":"2021-09-16T01:26:22","date_gmt":"2021-09-15T23:26:22","guid":{"rendered":"http:\/\/www.msab.com\/?page_id=71962"},"modified":"2022-12-13T08:59:11","modified_gmt":"2022-12-13T07:59:11","slug":"digital-investigators","status":"publish","type":"page","link":"https:\/\/www.msab.com\/fr\/roles\/digital-investigators\/","title":{"rendered":"Enqu\u00eateurs num\u00e9riques"},"content":{"rendered":"\n<section id=\"\" class=\"block regular-hero  has-bg-img ovarlay-dark\" style=\"background-image: url(https:\/\/www.msab.com\/wp-content\/uploads\/2021\/10\/Digital_Investigator.jpg);\">\n    <div class=\"container\">\n\n        <div class=\"text-wrapper text-white\">\n            <h1 class=\"heading title\">Solutions de criminalistique mobile pour les enqu\u00eateurs num\u00e9riques<\/h1>            \n                    <\/div><!--\/text-wrapper-->\n        <div class=\"breadcrumb-part dark\"><nav id=\"breadcrumbs\" class=\"bread-nav\"><span><span><a href=\"https:\/\/www.msab.com\/fr\/\"><i class=\"fas fa-home\"><\/i><\/a><\/span><\/span><\/nav><\/div>    <\/div><!--\/container-->\n<\/section>\n\n\n\n\n<section id=\"\" class=\"block two-column-content bg-white \">\n    <div class=\"container\">\n        <div class=\"text-wrapper\">\n            <div class=\"row\">\n                                    <div class=\"col-12 col-md-6 col-lg-5\">\n                        <h2 class=\"heading h2\">Trouver et analyser rapidement des preuves et des renseignements cruciaux<\/h2>                    <\/div>\n                                                    <div class=\"col-12 col-md-6 col-lg-7\">\n                        <p>L\u2019objectif commun des enqu\u00eateurs et des analystes en criminalistique num\u00e9rique est de trouver des preuves, des informations et des renseignements d\u00e9terminants aussi rapidement que possible afin de limiter les recherches et de gagner du temps lorsque de grandes quantit\u00e9s de donn\u00e9es sont stock\u00e9es sur un ou plusieurs t\u00e9l\u00e9phones mobiles.<\/p>\n<p>Pour parvenir \u00e0 analyser de grands volumes de donn\u00e9es dans le cadre d\u2019enqu\u00eates judiciaires num\u00e9riques, il est essentiel de comprendre comment traiter et contextualiser ces donn\u00e9es, de trouver les preuves qu\u2019elles contiennent, puis de produire un rapport complet.<\/p>\n<p>Pour ce faire, une analyse intelligente est requise, afin de rechercher, filtrer, analyser et trouver les donn\u00e9es rapidement et \u00e0 grande \u00e9chelle, de croiser les donn\u00e9es provenant de plusieurs appareils et individus, puis de partager les informations avec ceux qui en ont besoin.<\/p>\n<p>Aujourd\u2019hui, aucun outil de criminalistique num\u00e9rique ne le fait mieux que XAMN.<\/p>\n<p><a class=\"btn btn-primary\" href=\"#form-152234\">Commencer<\/a><\/p>\n<p><a class=\"btn btn-outline\" href=\"https:\/\/www.msab.com\/fr\/produits\/analyze\/\" rel=\"noopener\">En savoir plus sur XAMN<\/a><\/p>\n                    <\/div>\n                            <\/div><!--\/row-->\n        <\/div><!--\/text-wrapper-->\n    <\/div><!--\/container-->\n<\/section>\n\n\n<section id=\"\" class=\"block list-block bg-light-grey \">\n    <div class=\"container\">\n\n                <div class=\"list-block__top-content editor-content left\">\n            <h2>Cinq raisons de pr\u00e9f\u00e9rer XAMN \u00e0 d\u2019autres outils de criminalistique mobile<\/h2>\n        <\/div><!--\/.top-content-->\n                \n                <div class=\"list-block__row d-flex\">\n\n            \n            <div class=\"list-block__wrap\">\n                <div class=\"list-block__col editor-content\">\n\n                                        \n                                        <ul class=\"check-list orange\">\n\n                                                <li>Permet d\u2019analyser et de d\u00e9crypter des centaines de gigaoctets de donn\u00e9es plus rapidement et plus efficacement.<\/li>\n                                                <li>Configuration et enregistrement de vos propres recherches personnalis\u00e9es.<\/li>\n                        \n                    <\/ul><!--\/.check-list-->\n                                    <\/div><!--\/.list-block__col-->\n            <\/div><!--\/.list-block__wrap-->\n            \n            <div class=\"list-block__wrap\">\n                <div class=\"list-block__col editor-content\">\n\n                                        \n                                        <ul class=\"check-list orange\">\n\n                                                <li>Permet de concentrer votre enqu\u00eate sur les individus recherch\u00e9s et d\u2019\u00e9tablir un profil complet en utilisant tous les identifiants disponibles.<\/li>\n                                                <li>Recueil de donn\u00e9es provenant de dizaines de sources num\u00e9riques et analogiques diff\u00e9rentes, notamment des canaux de m\u00e9dias sociaux, des registres de donn\u00e9es d\u2019appels et des donn\u00e9es de v\u00e9hicules.<\/li>\n                        \n                    <\/ul><!--\/.check-list-->\n                                    <\/div><!--\/.list-block__col-->\n            <\/div><!--\/.list-block__wrap-->\n            \n            <div class=\"list-block__wrap\">\n                <div class=\"list-block__col editor-content\">\n\n                                        \n                                        <ul class=\"check-list orange\">\n\n                                                <li>Possibilit\u00e9 d&rsquo;exporter une enqu\u00eate compl\u00e8te dans des formats de rapport de criminalistique num\u00e9rique standard pour respecter les normes, et dans d\u2019autres formats de fichier pour faciliter le partage.<\/li>\n                        \n                    <\/ul><!--\/.check-list-->\n                                    <\/div><!--\/.list-block__col-->\n            <\/div><!--\/.list-block__wrap-->\n            \n        <\/div><!--\/.list-block__row-->\n        \n    <\/div><!--\/.container-->\n<\/section>\n\n\n<section id=\"\" class=\"block product-cards bg-white \">\n    <div class=\"container\">\n\n         \n        <div class=\"title-wrap\">\n            <h2 style=\"text-align: center;\">Tirez le meilleur parti de XAMN, la meilleure solution de criminalistique num\u00e9rique<\/h2>\n        <\/div><!--\/.title-wrap-->\n                \n                <div class=\"product-cards__container d-flex flex-wrap\">\n\n                        <div class=\"product-cards__wrap\">\n                <div class=\"product-cards__card d-flex flex-wrap flex-column bg-img text-white\">\n                                                <div class=\"product-cards__card-img-wrapper\">\n                                <img decoding=\"async\" width=\"1280\" height=\"720\" src=\"https:\/\/www.msab.com\/wp-content\/uploads\/2021\/10\/XAMN_Sheet.png\" class=\"product-cards__card-img\" alt=\"\" srcset=\"https:\/\/www.msab.com\/wp-content\/uploads\/2021\/10\/XAMN_Sheet.png 1280w, https:\/\/www.msab.com\/wp-content\/uploads\/2021\/10\/XAMN_Sheet-300x169.png 300w, https:\/\/www.msab.com\/wp-content\/uploads\/2021\/10\/XAMN_Sheet-1024x576.png 1024w, https:\/\/www.msab.com\/wp-content\/uploads\/2021\/10\/XAMN_Sheet-768x432.png 768w, https:\/\/www.msab.com\/wp-content\/uploads\/2021\/10\/XAMN_Sheet-33x19.png 33w, https:\/\/www.msab.com\/wp-content\/uploads\/2021\/10\/XAMN_Sheet-102x57.png 102w, https:\/\/www.msab.com\/wp-content\/uploads\/2021\/10\/XAMN_Sheet-1240x698.png 1240w, https:\/\/www.msab.com\/wp-content\/uploads\/2021\/10\/XAMN_Sheet-500x281.png 500w\" sizes=\"(max-width: 1280px) 100vw, 1280px\" \/>                            <\/div>\n                                                <div class=\"product-cards__content-wrapper\">\n                        <h3 class=\"bold\">Fiche produit<\/h3><p>Effectuez rapidement des recherches et une analyse approfondie des donn\u00e9es mobiles pour obtenir une condamnation dans un cadre judiciaire.<\/p><a class=\"btn btn-outline-yellow\" href=\"https:\/\/www.msab.com\/fr\/xamn_family_fr\/\" title=\"Fiche produit\" >Fiche produit<\/a>                        <\/div>\n                <\/div><!--\/.card-->\n            <\/div><!--\/.card-wrap-->\n                        <div class=\"product-cards__wrap\">\n                <div class=\"product-cards__card d-flex flex-wrap flex-column bg-img text-white\">\n                                                <div class=\"product-cards__card-img-wrapper\">\n                                <img decoding=\"async\" width=\"825\" height=\"550\" src=\"https:\/\/www.msab.com\/wp-content\/uploads\/2021\/10\/MSAB_Training_James_2.jpg\" class=\"product-cards__card-img\" alt=\"\" srcset=\"https:\/\/www.msab.com\/wp-content\/uploads\/2021\/10\/MSAB_Training_James_2.jpg 825w, https:\/\/www.msab.com\/wp-content\/uploads\/2021\/10\/MSAB_Training_James_2-300x200.jpg 300w, https:\/\/www.msab.com\/wp-content\/uploads\/2021\/10\/MSAB_Training_James_2-768x512.jpg 768w, https:\/\/www.msab.com\/wp-content\/uploads\/2021\/10\/MSAB_Training_James_2-33x22.jpg 33w, https:\/\/www.msab.com\/wp-content\/uploads\/2021\/10\/MSAB_Training_James_2-102x68.jpg 102w, https:\/\/www.msab.com\/wp-content\/uploads\/2021\/10\/MSAB_Training_James_2-500x333.jpg 500w\" sizes=\"(max-width: 825px) 100vw, 825px\" \/>                            <\/div>\n                                                <div class=\"product-cards__content-wrapper\">\n                        <h3 class=\"bold\">S\u2019inscrire maintenant<\/h3><p>Analysez efficacement les donn\u00e9es mobiles et trouvez rapidement des preuves d\u00e9terminantes gr\u00e2ce \u00e0 une formation rentable.<\/p><a class=\"btn btn-outline-yellow\" href=\"https:\/\/www.msab.com\/fr\/formation\/offres-de-cours\/\" title=\"S\u2019inscrire maintenant\" >S\u2019inscrire maintenant<\/a>                        <\/div>\n                <\/div><!--\/.card-->\n            <\/div><!--\/.card-wrap-->\n                        <div class=\"product-cards__wrap\">\n                <div class=\"product-cards__card d-flex flex-wrap flex-column bg-img text-white\">\n                                                <div class=\"product-cards__card-img-wrapper\">\n                                <img decoding=\"async\" width=\"1280\" height=\"800\" src=\"https:\/\/www.msab.com\/wp-content\/uploads\/2021\/08\/Screenshot-XAMN-Viewer.png\" class=\"product-cards__card-img\" alt=\"\" srcset=\"https:\/\/www.msab.com\/wp-content\/uploads\/2021\/08\/Screenshot-XAMN-Viewer.png 1280w, https:\/\/www.msab.com\/wp-content\/uploads\/2021\/08\/Screenshot-XAMN-Viewer-300x188.png 300w, https:\/\/www.msab.com\/wp-content\/uploads\/2021\/08\/Screenshot-XAMN-Viewer-1024x640.png 1024w, https:\/\/www.msab.com\/wp-content\/uploads\/2021\/08\/Screenshot-XAMN-Viewer-768x480.png 768w, https:\/\/www.msab.com\/wp-content\/uploads\/2021\/08\/Screenshot-XAMN-Viewer-33x21.png 33w, https:\/\/www.msab.com\/wp-content\/uploads\/2021\/08\/Screenshot-XAMN-Viewer-102x64.png 102w, https:\/\/www.msab.com\/wp-content\/uploads\/2021\/08\/Screenshot-XAMN-Viewer-1240x775.png 1240w, https:\/\/www.msab.com\/wp-content\/uploads\/2021\/08\/Screenshot-XAMN-Viewer-500x313.png 500w\" sizes=\"(max-width: 1280px) 100vw, 1280px\" \/>                            <\/div>\n                                                <div class=\"product-cards__content-wrapper\">\n                        <h3 class=\"bold\">Nous contacter<\/h3><p>S&rsquo;inscrire pour un essai gratuit de XAMN Pro pendant 30\u00a0jours.<\/p><a class=\"btn btn-outline-yellow\" href=\"#form-152245\" title=\"Nous contacter\" >Nous contacter<\/a>                        <\/div>\n                <\/div><!--\/.card-->\n            <\/div><!--\/.card-wrap-->\n                        \n        <\/div><!--\/.card-container-->\n\n                    <\/div><!--\/.container-->\n<\/section>\n\n\n    <style>\n                    #block_6172a8d56ecc4 {\n                background-image: url(https:\/\/www.msab.com\/wp-content\/uploads\/2022\/10\/Training_Situation_Mobile_Forensics_Training_Blue.jpg);\n            }\n                            @media (max-width: 576px) {\n                #block_6172a8d56ecc4 {\n                    background-image: url(https:\/\/www.msab.com\/wp-content\/uploads\/2022\/10\/Training_Situation_Mobile_Forensics_Training_Blue.jpg);\n                }\n            }\n            <\/style>\n\n<section id=\"block_6172a8d56ecc4\" class=\"block cta-with-bg-img text-white left-layout \">\n    <div class=\"container\" id=\"\">\n                    <div class=\"text-wrapper\">\n                <h2>Une formation sans pareil dans le domaine de la criminalistique mobile<\/h2>\n<p>Apprenez des techniques de pointe, acqu\u00e9rez de nouvelles comp\u00e9tences et faites progresser vos r\u00e9f\u00e9rences professionnelles gr\u00e2ce \u00e0 notre formation en criminalistique mobile.<\/p>\n<p><a class=\"btn btn-primary\" style=\"color: #000000;\" href=\"https:\/\/www.msab.com\/fr\/formation\/\" target=\"_blank\" rel=\"noopener\">Cours de r\u00e9cup\u00e9ration de donn\u00e9es<\/a><\/p>\n<p><a class=\"btn btn-primary\" style=\"color: #000000;\" href=\"https:\/\/www.msab.com\/fr\/formation\/\" target=\"_blank\" rel=\"noopener\"><strong>Cours d\u2019analyse de donn\u00e9es<\/strong><\/a><\/p>\n            <\/div>\n            <\/div><!--\/container-->\n<\/section>","protected":false},"excerpt":{"rendered":"","protected":false},"author":106,"featured_media":0,"parent":3924,"menu_order":0,"comment_status":"closed","ping_status":"closed","template":"","meta":{"_acf_changed":false,"footnotes":""},"class_list":["post-71962","page","type-page","status-publish","hentry"],"acf":[],"yoast_head":"<!-- This site is optimized with the Yoast SEO Premium plugin v25.0 (Yoast SEO v27.5) - https:\/\/yoast.com\/product\/yoast-seo-premium-wordpress\/ -->\n<title>Enqu\u00eateurs num\u00e9riques - MSAB<\/title>\n<meta name=\"robots\" content=\"index, follow, max-snippet:-1, max-image-preview:large, max-video-preview:-1\" \/>\n<link rel=\"canonical\" href=\"https:\/\/www.msab.com\/fr\/roles\/digital-investigators\/\" \/>\n<meta property=\"og:locale\" content=\"fr_FR\" \/>\n<meta property=\"og:type\" content=\"article\" \/>\n<meta property=\"og:title\" content=\"Enqu\u00eateurs num\u00e9riques\" \/>\n<meta property=\"og:url\" content=\"https:\/\/www.msab.com\/fr\/roles\/digital-investigators\/\" \/>\n<meta property=\"og:site_name\" content=\"MSAB\" \/>\n<meta property=\"article:publisher\" content=\"https:\/\/www.facebook.com\/microsystemation\" \/>\n<meta property=\"article:modified_time\" content=\"2022-12-13T07:59:11+00:00\" \/>\n<meta name=\"twitter:card\" content=\"summary_large_image\" \/>\n<meta name=\"twitter:site\" content=\"@MSAB_XRY\" \/>\n<script type=\"application\/ld+json\" class=\"yoast-schema-graph\">{\"@context\":\"https:\\\/\\\/schema.org\",\"@graph\":[{\"@type\":\"WebPage\",\"@id\":\"https:\\\/\\\/www.msab.com\\\/fr\\\/roles\\\/digital-investigators\\\/\",\"url\":\"https:\\\/\\\/www.msab.com\\\/fr\\\/roles\\\/digital-investigators\\\/\",\"name\":\"Enqu\u00eateurs num\u00e9riques - MSAB\",\"isPartOf\":{\"@id\":\"https:\\\/\\\/www.msab.com\\\/fr\\\/#website\"},\"datePublished\":\"2021-09-15T23:26:22+00:00\",\"dateModified\":\"2022-12-13T07:59:11+00:00\",\"breadcrumb\":{\"@id\":\"https:\\\/\\\/www.msab.com\\\/fr\\\/roles\\\/digital-investigators\\\/#breadcrumb\"},\"inLanguage\":\"fr-FR\",\"potentialAction\":[{\"@type\":\"ReadAction\",\"target\":[\"https:\\\/\\\/www.msab.com\\\/fr\\\/roles\\\/digital-investigators\\\/\"]}]},{\"@type\":\"BreadcrumbList\",\"@id\":\"https:\\\/\\\/www.msab.com\\\/fr\\\/roles\\\/digital-investigators\\\/#breadcrumb\",\"itemListElement\":[{\"@type\":\"ListItem\",\"position\":1,\"name\":\"\",\"item\":\"https:\\\/\\\/www.msab.com\\\/fr\\\/\"},{\"@type\":\"ListItem\",\"position\":2,\"name\":\"Roles\",\"item\":\"https:\\\/\\\/www.msab.com\\\/fr\\\/roles\\\/\"},{\"@type\":\"ListItem\",\"position\":3,\"name\":\"Enqu\u00eateurs num\u00e9riques\"}]},{\"@type\":\"WebSite\",\"@id\":\"https:\\\/\\\/www.msab.com\\\/fr\\\/#website\",\"url\":\"https:\\\/\\\/www.msab.com\\\/fr\\\/\",\"name\":\"MSAB\",\"description\":\"Trusted Partner in Digital Forensics\",\"publisher\":{\"@id\":\"https:\\\/\\\/www.msab.com\\\/fr\\\/#organization\"},\"potentialAction\":[{\"@type\":\"SearchAction\",\"target\":{\"@type\":\"EntryPoint\",\"urlTemplate\":\"https:\\\/\\\/www.msab.com\\\/fr\\\/?s={search_term_string}\"},\"query-input\":{\"@type\":\"PropertyValueSpecification\",\"valueRequired\":true,\"valueName\":\"search_term_string\"}}],\"inLanguage\":\"fr-FR\"},{\"@type\":\"Organization\",\"@id\":\"https:\\\/\\\/www.msab.com\\\/fr\\\/#organization\",\"name\":\"MSAB\",\"url\":\"https:\\\/\\\/www.msab.com\\\/fr\\\/\",\"logo\":{\"@type\":\"ImageObject\",\"inLanguage\":\"fr-FR\",\"@id\":\"https:\\\/\\\/www.msab.com\\\/fr\\\/#\\\/schema\\\/logo\\\/image\\\/\",\"url\":\"https:\\\/\\\/www.msab.com\\\/wp-content\\\/uploads\\\/2023\\\/03\\\/MSAB-logo-Black-RGB.png\",\"contentUrl\":\"https:\\\/\\\/www.msab.com\\\/wp-content\\\/uploads\\\/2023\\\/03\\\/MSAB-logo-Black-RGB.png\",\"width\":1198,\"height\":353,\"caption\":\"MSAB\"},\"image\":{\"@id\":\"https:\\\/\\\/www.msab.com\\\/fr\\\/#\\\/schema\\\/logo\\\/image\\\/\"},\"sameAs\":[\"https:\\\/\\\/www.facebook.com\\\/microsystemation\",\"https:\\\/\\\/x.com\\\/MSAB_XRY\",\"https:\\\/\\\/www.linkedin.com\\\/company\\\/micro-systemation\"]}]}<\/script>\n<!-- \/ Yoast SEO Premium plugin. -->","yoast_head_json":{"title":"Enqu\u00eateurs num\u00e9riques - MSAB","robots":{"index":"index","follow":"follow","max-snippet":"max-snippet:-1","max-image-preview":"max-image-preview:large","max-video-preview":"max-video-preview:-1"},"canonical":"https:\/\/www.msab.com\/fr\/roles\/digital-investigators\/","og_locale":"fr_FR","og_type":"article","og_title":"Enqu\u00eateurs num\u00e9riques","og_url":"https:\/\/www.msab.com\/fr\/roles\/digital-investigators\/","og_site_name":"MSAB","article_publisher":"https:\/\/www.facebook.com\/microsystemation","article_modified_time":"2022-12-13T07:59:11+00:00","twitter_card":"summary_large_image","twitter_site":"@MSAB_XRY","schema":{"@context":"https:\/\/schema.org","@graph":[{"@type":"WebPage","@id":"https:\/\/www.msab.com\/fr\/roles\/digital-investigators\/","url":"https:\/\/www.msab.com\/fr\/roles\/digital-investigators\/","name":"Enqu\u00eateurs num\u00e9riques - MSAB","isPartOf":{"@id":"https:\/\/www.msab.com\/fr\/#website"},"datePublished":"2021-09-15T23:26:22+00:00","dateModified":"2022-12-13T07:59:11+00:00","breadcrumb":{"@id":"https:\/\/www.msab.com\/fr\/roles\/digital-investigators\/#breadcrumb"},"inLanguage":"fr-FR","potentialAction":[{"@type":"ReadAction","target":["https:\/\/www.msab.com\/fr\/roles\/digital-investigators\/"]}]},{"@type":"BreadcrumbList","@id":"https:\/\/www.msab.com\/fr\/roles\/digital-investigators\/#breadcrumb","itemListElement":[{"@type":"ListItem","position":1,"name":"","item":"https:\/\/www.msab.com\/fr\/"},{"@type":"ListItem","position":2,"name":"Roles","item":"https:\/\/www.msab.com\/fr\/roles\/"},{"@type":"ListItem","position":3,"name":"Enqu\u00eateurs num\u00e9riques"}]},{"@type":"WebSite","@id":"https:\/\/www.msab.com\/fr\/#website","url":"https:\/\/www.msab.com\/fr\/","name":"MSAB","description":"Trusted Partner in Digital Forensics","publisher":{"@id":"https:\/\/www.msab.com\/fr\/#organization"},"potentialAction":[{"@type":"SearchAction","target":{"@type":"EntryPoint","urlTemplate":"https:\/\/www.msab.com\/fr\/?s={search_term_string}"},"query-input":{"@type":"PropertyValueSpecification","valueRequired":true,"valueName":"search_term_string"}}],"inLanguage":"fr-FR"},{"@type":"Organization","@id":"https:\/\/www.msab.com\/fr\/#organization","name":"MSAB","url":"https:\/\/www.msab.com\/fr\/","logo":{"@type":"ImageObject","inLanguage":"fr-FR","@id":"https:\/\/www.msab.com\/fr\/#\/schema\/logo\/image\/","url":"https:\/\/www.msab.com\/wp-content\/uploads\/2023\/03\/MSAB-logo-Black-RGB.png","contentUrl":"https:\/\/www.msab.com\/wp-content\/uploads\/2023\/03\/MSAB-logo-Black-RGB.png","width":1198,"height":353,"caption":"MSAB"},"image":{"@id":"https:\/\/www.msab.com\/fr\/#\/schema\/logo\/image\/"},"sameAs":["https:\/\/www.facebook.com\/microsystemation","https:\/\/x.com\/MSAB_XRY","https:\/\/www.linkedin.com\/company\/micro-systemation"]}]}},"_links":{"self":[{"href":"https:\/\/www.msab.com\/fr\/wp-json\/wp\/v2\/pages\/71962","targetHints":{"allow":["GET"]}}],"collection":[{"href":"https:\/\/www.msab.com\/fr\/wp-json\/wp\/v2\/pages"}],"about":[{"href":"https:\/\/www.msab.com\/fr\/wp-json\/wp\/v2\/types\/page"}],"author":[{"embeddable":true,"href":"https:\/\/www.msab.com\/fr\/wp-json\/wp\/v2\/users\/106"}],"replies":[{"embeddable":true,"href":"https:\/\/www.msab.com\/fr\/wp-json\/wp\/v2\/comments?post=71962"}],"version-history":[{"count":3,"href":"https:\/\/www.msab.com\/fr\/wp-json\/wp\/v2\/pages\/71962\/revisions"}],"predecessor-version":[{"id":174132,"href":"https:\/\/www.msab.com\/fr\/wp-json\/wp\/v2\/pages\/71962\/revisions\/174132"}],"up":[{"embeddable":true,"href":"https:\/\/www.msab.com\/fr\/wp-json\/wp\/v2\/pages\/3924"}],"wp:attachment":[{"href":"https:\/\/www.msab.com\/fr\/wp-json\/wp\/v2\/media?parent=71962"}],"curies":[{"name":"wp","href":"https:\/\/api.w.org\/{rel}","templated":true}]}}