{"id":5001,"date":"2021-10-11T18:18:32","date_gmt":"2021-10-11T16:18:32","guid":{"rendered":"http:\/\/www.msab.com\/?page_id=5001"},"modified":"2021-10-11T18:18:33","modified_gmt":"2021-10-11T16:18:33","slug":"existe-t-il-des-outils-dinvestigation-mobile-approuves-par-les-tribunaux","status":"publish","type":"page","link":"https:\/\/www.msab.com\/fr\/existe-t-il-des-outils-dinvestigation-mobile-approuves-par-les-tribunaux\/","title":{"rendered":"Existe-t-il des outils d\u2019investigation mobile approuv\u00e9s par les tribunaux?"},"content":{"rendered":"\n<section id=\"\" class=\"block regular-hero  blue-gradient-bg \" >\n    <div class=\"container\">\n\n        <div class=\"text-wrapper text-white\">\n            <h1 class=\"heading title\">Existe-t-il des outils d\u2019investigation mobile \u00ab\u00a0approuv\u00e9s par les tribunaux\u00a0\u00bb ?<\/h1>            \n                    <\/div><!--\/text-wrapper-->\n        <div class=\"breadcrumb-part dark\"><nav id=\"breadcrumbs\" class=\"bread-nav\"><span><span><a href=\"https:\/\/www.msab.com\/fr\/\"><i class=\"fas fa-home\"><\/i><\/a><\/span><\/span><\/nav><\/div>    <\/div><!--\/container-->\n<\/section>\n\n\n\n\n<section id=\"\" class=\"block regular-content   pt-regular pb-regular \">\n    <div class=\"container regular\">\n                    <div class=\"editor-content\">\n                <p>Al n\u2019existe pas d\u2019appareil d\u2019investigation mobile \u00ab approuv\u00e9 par les tribunaux \u00bb ou de certification d\u2019investigation standard applicable \u00e0 tous les diff\u00e9rents syst\u00e8mes juridiques \u00e0 travers le monde. En g\u00e9n\u00e9ral, un outil d\u2019investigation doit d\u00e9montrer qu\u2019il est adapt\u00e9 \u00e0 l\u2019usage auquel il est destin\u00e9 dans chaque pays, \u00c9tat ou syst\u00e8me juridique local ind\u00e9pendant o\u00f9 il est utilis\u00e9. MSAB a fourni plus de 21 000 versions de XRY \u00e0 des organisations clientes dans plus de 100 pays. Nos outils sont utilis\u00e9s par des milliers d\u2019organisations dans le monde entier pour fournir des preuves provenant d\u2019appareils mobiles, et les agences du maintien de l\u2019ordre s\u2019en servent \u00e0 d\u2019innombrables reprises comme preuves pour les proc\u00e9dures p\u00e9nales depuis 2003. Bien que l\u2019appareil mobile lui-m\u00eame demeure la preuve \u00ab principale \u00bb, \u00e9tant la source d\u2019origine des donn\u00e9es dans les affaires judiciaires, un rapport XRY est pr\u00e9f\u00e9rable dans la grande majorit\u00e9 des cas parce qu\u2019il facilite grandement l\u2019affichage et la compr\u00e9hension des preuves pertinentes au tribunal. Dans de nombreux pays, le gouvernement dispose d\u2019organes juridiques ind\u00e9pendants qui peuvent \u00eatre utilis\u00e9s pour tester les appareils, v\u00e9rifier leur exactitude et valider leur utilisation. Le National Institute of Standards and Technology (NIST) aux \u00c9tats-Unis en est un bon exemple. Le NIST teste et fournit r\u00e9guli\u00e8rement des \u00e9valuations objectives et ind\u00e9pendantes de la technologie XRY et d\u2019autres technologies d\u2019investigation mobile pour aider les agences du maintien de l\u2019ordre et les tribunaux \u00e0 \u00e9valuer ces produits. Dans de nombreux pays, les r\u00e8gles de la preuve stipulent \u00e9galement qu\u2019une personne qui soumet des preuves num\u00e9riques d\u2019investigation doit \u00eatre comp\u00e9tente pour le faire, ce qui signifie g\u00e9n\u00e9ralement qu\u2019elle doit avoir re\u00e7u une formation ad\u00e9quate afin de pouvoir expliquer la pertinence et les cons\u00e9quences de ses actes. La bonne pratique indique \u00e9galement qu\u2019une piste d\u2019audit doit \u00eatre cr\u00e9\u00e9e pour enregistrer tous les processus appliqu\u00e9s \u00e0 l\u2019appareil mobile (que XRY cr\u00e9e automatiquement pour vous). Cela permet \u00e0 une tierce partie ind\u00e9pendante d\u2019examiner ces processus et d\u2019obtenir le m\u00eame r\u00e9sultat.<\/p>\n<h3>Lignes directrices sur les preuves num\u00e9riques<\/h3>\n<p>Comme il n\u2019existe pas de norme mondiale unique, le Royaume-Uni a cr\u00e9\u00e9 un guide utile sur la fa\u00e7on de valider les outils d\u2019investigation et les principes cl\u00e9s \u00e0 respecter (Good Practice Guide for Digital Evidence, ACPO).<\/p>\n<p>XRY est enti\u00e8rement conforme avec les principes cl\u00e9s de ce document:<\/p>\n<p><strong>Principe 1<\/strong><br \/>\nAucune mesure prise par les agences du maintien de l\u2019ordre, les personnes employ\u00e9es par ces agences ou leurs agents ne doit modifier des donn\u00e9es pouvant \u00eatre invoqu\u00e9es ult\u00e9rieurement devant les tribunaux.<\/p>\n<p><strong>Principe 2<\/strong><br \/>\nLorsqu\u2019une personne juge n\u00e9cessaire d\u2019acc\u00e9der \u00e0 des donn\u00e9es d\u2019origine, elle doit \u00eatre comp\u00e9tente pour le faire et \u00eatre en mesure de fournir des preuves expliquant la pertinence et les cons\u00e9quences de ses actes.<\/p>\n<p><strong>Principe 3<\/strong><br \/>\nUne piste d\u2019audit ou tout autre enregistrement de l\u2019ensemble des processus appliqu\u00e9s \u00e0 la preuve num\u00e9rique doit \u00eatre cr\u00e9\u00e9e et conserv\u00e9e. Une tierce partie ind\u00e9pendante doit pouvoir examiner ces processus et obtenir le m\u00eame r\u00e9sultat.<\/p>\n<p><strong>Principe 4<\/strong><br \/>\nLa personne charg\u00e9e de l\u2019enqu\u00eate a la responsabilit\u00e9 g\u00e9n\u00e9rale de veiller au respect de la loi et de ces principes.<\/p>\n<p>Le principe 1 est tr\u00e8s difficile \u00e0 respecter lorsqu\u2019il s\u2019agit d\u2019appareils mobiles. Comme les t\u00e9l\u00e9phones mobiles sont souvent utilis\u00e9s comme appareils embarqu\u00e9s propri\u00e9taires \u2013 au moment m\u00eame o\u00f9 nous allumons le t\u00e9l\u00e9phone mobile, son interface num\u00e9rique commence \u00e0 changer, donc pour les t\u00e9l\u00e9phones mobiles nous prenons plut\u00f4t en consid\u00e9ration le Principe 2. Le principe 2 est essentiel lorsqu\u2019il s\u2019agit d\u2019appareils mobiles et signifie que l\u2019utilisateur doit recevoir une formation s\u2019il pr\u00e9voit d\u2019utiliser le rapport XRY comme preuve devant le tribunal. XRY est utilis\u00e9 quotidiennement dans les tribunaux du monde entier et bien que MSAB fasse tout son possible pour s\u2019assurer que vous avez un produit qui r\u00e9pond aux normes les plus \u00e9lev\u00e9es en mati\u00e8re de preuves num\u00e9riques d\u2019investigation, il est imp\u00e9ratif que les enqu\u00eateurs comprennent parfaitement les informations qu\u2019ils pr\u00e9sentent devant un tribunal. La possibilit\u00e9 de pr\u00e9senter et d\u2019expliquer le rapport XRY comme preuve est essentielle \u00e0 cette fin. Le tribunal fonde une grande partie de son \u00e9valuation sur le bien-fond\u00e9 de l\u2019explication de la preuve donn\u00e9e par l\u2019enqu\u00eateur. Les cours de certification de la formation XRY sont essentiels pour aider les enqu\u00eateurs et les analystes \u00e0 pr\u00e9senter les preuves de mani\u00e8re convaincante et \u00e0 fournir une preuve documentaire sur la comp\u00e9tence d\u2019analyse judiciaire des appareils mobiles avec XRY. XRY satisfait facilement au Principe 3 en cr\u00e9ant un fichier d\u00e9taill\u00e9 \u00ab journal d\u2019audit \u00bb dans chaque rapport XRY qui montre exactement comment les donn\u00e9es ont \u00e9t\u00e9 collect\u00e9es. Cela signifie qu\u2019une partie ind\u00e9pendante peut suivre les m\u00eames \u00e9tapes dans le fichier journal pour reproduire les m\u00eames r\u00e9sultats, m\u00eame apr\u00e8s un d\u00e9lai consid\u00e9rable depuis l\u2019examen initial. Le principe 4 consiste g\u00e9n\u00e9ralement pour le procureur \u00e0 assurer une surveillance ad\u00e9quate, ce qui n\u2019entre pas dans le champ d\u2019application des exigences relatives aux outils d\u2019investigation.<\/p>\n<h3>T\u00e9l\u00e9phones et applications<\/h3>\n<p>U En tant que fabricant d\u2019outils d\u2019investigation num\u00e9rique, MSAB s\u2019assure d\u2019effectuer ses propres essais complets pour chaque profil d\u2019appareil et application prise en charge. Un \u00e9l\u00e9ment cl\u00e9 \u00e0 cet \u00e9gard est de r\u00e9p\u00e9ter les essais avant d\u2019installer toute nouvelle version pour s\u2019assurer de pouvoir valider et v\u00e9rifier les informations produites par XRY. Nous tenons \u00e0 jour une biblioth\u00e8que compl\u00e8te de tous les appareils num\u00e9riques support\u00e9s par MSAB. Si vous avez besoin du support technique pour un appareil mobile, nous pouvons installer une r\u00e9plique exacte de votre syst\u00e8me et tester le t\u00e9l\u00e9phone exact dans nos bureaux pour v\u00e9rifier vos r\u00e9sultats.<\/p>\n<h3>ISO 17025<\/h3>\n<p>ne autre norme qui s\u2019applique aux laboratoires d\u2019investigation num\u00e9rique est la norme ISO\/CEI 17025:2005. En prenant le Royaume-Uni comme r\u00e9f\u00e9rence pour les normes relatives aux preuves, le Forensic Science Regulator a cr\u00e9\u00e9 un ensemble de lignes directrices. Elles stipulent que le fournisseur de services d\u2019investigation num\u00e9rique doit se conformer aux Codes of Practice and Conduct for Forensic Science Providers and Practitioners in the Criminal Justice System et \u00eatre accr\u00e9dit\u00e9 ISO\/CEI 17025:2005 pour toutes les fonctions de laboratoire (telle que la r\u00e9cup\u00e9ration ou l\u2019imagerie de donn\u00e9es \u00e9lectroniques). Malheureusement, il n\u2019est pas possible pour MSAB d\u2019aider les organisations individuelles \u00e0 obtenir leur propre statut ISO 17025, car il est essentiel pour le processus d\u2019accr\u00e9ditation que l\u2019organisation qui fournit les preuves num\u00e9riques effectue ses propres essais ind\u00e9pendants. N\u00e9anmoins, nous pouvons confirmer que bon nombre de nos clients ont r\u00e9ussi \u00e0 obtenir le statut ISO 17025 dans leurs laboratoires d\u2019investigation num\u00e9rique, en utilisant XRY comme principal outil pour la r\u00e9cup\u00e9ration de preuves d\u2019investigation num\u00e9rique sur des appareils mobiles.<\/p>\n<h3>Ad\u00e9quation devant les tribunaux<\/h3>\n<p>I u tribunal, les avocats de la d\u00e9fense ont le droit de contester les preuves et cela s\u2019applique bien s\u00fbr \u00e9galement aux rapports XRY. XRY a \u00e9t\u00e9 contest\u00e9 \u00e0 de nombreuses reprises devant les tribunaux p\u00e9naux du monde entier, mais nous n\u2019avons pas connaissance d\u2019un seul cas o\u00f9 des preuves XRY ont \u00e9t\u00e9 rejet\u00e9es pour cause de manque de fiabilit\u00e9 ou de doute quant \u00e0 l\u2019int\u00e9grit\u00e9 judiciaire du syst\u00e8me. Pour cette raison, nous consid\u00e9rons XRY comme preuve acceptable devant un tribunal. En g\u00e9n\u00e9ral, les questions sur la validit\u00e9 de nos outils sont le plus souvent pos\u00e9es dans les premiers jours de l\u2019adoption du produit, lorsque les utilisateurs ne sont pas familiers avec la technologie ou ne la comprennent pas tr\u00e8s bien. \u00c0 mesure que les tribunaux se familiarisent avec la production de preuves num\u00e9riques provenant d\u2019appareils mobiles, ces questions ont tendance \u00e0 moins se poser. Dans la plupart des pays, il est parfaitement l\u00e9gitime de soumettre le rapport XRY comme preuve. Il s\u2019agit le plus souvent d\u2019une \u00ab pi\u00e8ce \u00e0 conviction \u00bb produite par une personne (g\u00e9n\u00e9ralement l\u2019examinateur par t\u00e9l\u00e9phone) dans une d\u00e9claration sous serment. La d\u00e9claration et la pi\u00e8ce \u00e0 conviction sont ensuite pr\u00e9sent\u00e9es comme preuves au tribunal et accept\u00e9es. La d\u00e9claration du t\u00e9moin doit consigner la fa\u00e7on dont il a examin\u00e9 le t\u00e9l\u00e9phone, t\u00e9moigner de la comp\u00e9tence de l\u2019examinateur, puis fournir le rapport XRY d\u00e9cisif comme preuve. Le format courant du rapport XRY peut \u00eatre un document papier imprim\u00e9, un document \u00e9lectronique (par ex., PDF) ou le rapport XRY original affich\u00e9 sur l\u2019ordinateur. Plus r\u00e9cemment, en raison du volume de donn\u00e9es et de fichiers multim\u00e9dias sur les smartphones modernes, il est pr\u00e9f\u00e9rable d\u2019afficher XRY dans son format d\u2019origine afin de pouvoir lire des enregistrements vid\u00e9o ou audio en tribunal. Les tribunaux locaux d\u00e9terminent g\u00e9n\u00e9ralement le format de support qu\u2019ils pr\u00e9f\u00e8rent recevoir comme preuve, mais comme les smartphones contiennent des gigaoctets de donn\u00e9es, il devient pratiquement impossible de produire des preuves sur papier car ces rapports ont souvent plus de 10 000 pages. Les r\u00e8gles de la meilleure preuve recommandent de toujours valider les rapports d\u2019investigation. Cela est possible soit en v\u00e9rifiant manuellement par comparaison les contenus du t\u00e9l\u00e9phone et du rapport XRY, soit en utilisant un autre outil d\u2019investigation pour valider les r\u00e9sultats du rapport XRY. En fin de compte, seuls les tribunaux p\u00e9naux peuvent d\u00e9cider d\u2019accepter ou non la preuve num\u00e9rique pour chaque cas, sur une base individuelle. Il n\u2019existe donc pas d\u2019outils d\u2019investigation mobile \u00ab approuv\u00e9s par les tribunaux \u00bb, mais ces directives devraient aider votre tribunal \u00e0 prendre une d\u00e9cision \u00e9clair\u00e9e quant \u00e0 l\u2019acceptation ou non de la preuve.<\/p>\n<p><strong><br \/>\nPour plus d\u2019informations sur XRY, visitez: <\/strong><a href=\"#\">msab.com\/products\/XRY<\/a><\/p>\n            <\/div><!--\/.editor-content-->\n                    <\/div><!--\/.container-->\n<\/section><!--\/.regular-content-->","protected":false},"excerpt":{"rendered":"","protected":false},"author":106,"featured_media":0,"parent":0,"menu_order":0,"comment_status":"closed","ping_status":"closed","template":"","meta":{"_acf_changed":false,"footnotes":""},"class_list":["post-5001","page","type-page","status-publish","hentry"],"acf":[],"yoast_head":"<!-- This site is optimized with the Yoast SEO Premium plugin v25.0 (Yoast SEO v27.4) - https:\/\/yoast.com\/product\/yoast-seo-premium-wordpress\/ -->\n<title>Existe-t-il des outils d\u2019investigation mobile approuv\u00e9s par les tribunaux? - MSAB<\/title>\n<meta name=\"robots\" content=\"index, follow, max-snippet:-1, max-image-preview:large, max-video-preview:-1\" \/>\n<link rel=\"canonical\" href=\"https:\/\/www.msab.com\/fr\/existe-t-il-des-outils-dinvestigation-mobile-approuves-par-les-tribunaux\/\" \/>\n<meta property=\"og:locale\" content=\"fr_FR\" \/>\n<meta property=\"og:type\" content=\"article\" \/>\n<meta property=\"og:title\" content=\"Existe-t-il des outils d\u2019investigation mobile approuv\u00e9s par les tribunaux?\" \/>\n<meta property=\"og:url\" content=\"https:\/\/www.msab.com\/fr\/existe-t-il-des-outils-dinvestigation-mobile-approuves-par-les-tribunaux\/\" \/>\n<meta property=\"og:site_name\" content=\"MSAB\" \/>\n<meta property=\"article:publisher\" content=\"https:\/\/www.facebook.com\/microsystemation\" \/>\n<meta property=\"article:modified_time\" content=\"2021-10-11T16:18:33+00:00\" \/>\n<meta name=\"twitter:card\" content=\"summary_large_image\" \/>\n<meta name=\"twitter:site\" content=\"@MSAB_XRY\" \/>\n<script type=\"application\/ld+json\" class=\"yoast-schema-graph\">{\"@context\":\"https:\\\/\\\/schema.org\",\"@graph\":[{\"@type\":\"WebPage\",\"@id\":\"https:\\\/\\\/www.msab.com\\\/fr\\\/existe-t-il-des-outils-dinvestigation-mobile-approuves-par-les-tribunaux\\\/\",\"url\":\"https:\\\/\\\/www.msab.com\\\/fr\\\/existe-t-il-des-outils-dinvestigation-mobile-approuves-par-les-tribunaux\\\/\",\"name\":\"Existe-t-il des outils d\u2019investigation mobile approuv\u00e9s par les tribunaux? - MSAB\",\"isPartOf\":{\"@id\":\"https:\\\/\\\/www.msab.com\\\/fr\\\/#website\"},\"datePublished\":\"2021-10-11T16:18:32+00:00\",\"dateModified\":\"2021-10-11T16:18:33+00:00\",\"breadcrumb\":{\"@id\":\"https:\\\/\\\/www.msab.com\\\/fr\\\/existe-t-il-des-outils-dinvestigation-mobile-approuves-par-les-tribunaux\\\/#breadcrumb\"},\"inLanguage\":\"fr-FR\",\"potentialAction\":[{\"@type\":\"ReadAction\",\"target\":[\"https:\\\/\\\/www.msab.com\\\/fr\\\/existe-t-il-des-outils-dinvestigation-mobile-approuves-par-les-tribunaux\\\/\"]}]},{\"@type\":\"BreadcrumbList\",\"@id\":\"https:\\\/\\\/www.msab.com\\\/fr\\\/existe-t-il-des-outils-dinvestigation-mobile-approuves-par-les-tribunaux\\\/#breadcrumb\",\"itemListElement\":[{\"@type\":\"ListItem\",\"position\":1,\"name\":\"\",\"item\":\"https:\\\/\\\/www.msab.com\\\/fr\\\/\"},{\"@type\":\"ListItem\",\"position\":2,\"name\":\"Existe-t-il des outils d\u2019investigation mobile approuv\u00e9s par les tribunaux?\"}]},{\"@type\":\"WebSite\",\"@id\":\"https:\\\/\\\/www.msab.com\\\/fr\\\/#website\",\"url\":\"https:\\\/\\\/www.msab.com\\\/fr\\\/\",\"name\":\"MSAB\",\"description\":\"Trusted Partner in Digital Forensics\",\"publisher\":{\"@id\":\"https:\\\/\\\/www.msab.com\\\/fr\\\/#organization\"},\"potentialAction\":[{\"@type\":\"SearchAction\",\"target\":{\"@type\":\"EntryPoint\",\"urlTemplate\":\"https:\\\/\\\/www.msab.com\\\/fr\\\/?s={search_term_string}\"},\"query-input\":{\"@type\":\"PropertyValueSpecification\",\"valueRequired\":true,\"valueName\":\"search_term_string\"}}],\"inLanguage\":\"fr-FR\"},{\"@type\":\"Organization\",\"@id\":\"https:\\\/\\\/www.msab.com\\\/fr\\\/#organization\",\"name\":\"MSAB\",\"url\":\"https:\\\/\\\/www.msab.com\\\/fr\\\/\",\"logo\":{\"@type\":\"ImageObject\",\"inLanguage\":\"fr-FR\",\"@id\":\"https:\\\/\\\/www.msab.com\\\/fr\\\/#\\\/schema\\\/logo\\\/image\\\/\",\"url\":\"https:\\\/\\\/www.msab.com\\\/wp-content\\\/uploads\\\/2023\\\/03\\\/MSAB-logo-Black-RGB.png\",\"contentUrl\":\"https:\\\/\\\/www.msab.com\\\/wp-content\\\/uploads\\\/2023\\\/03\\\/MSAB-logo-Black-RGB.png\",\"width\":1198,\"height\":353,\"caption\":\"MSAB\"},\"image\":{\"@id\":\"https:\\\/\\\/www.msab.com\\\/fr\\\/#\\\/schema\\\/logo\\\/image\\\/\"},\"sameAs\":[\"https:\\\/\\\/www.facebook.com\\\/microsystemation\",\"https:\\\/\\\/x.com\\\/MSAB_XRY\",\"https:\\\/\\\/www.linkedin.com\\\/company\\\/micro-systemation\"]}]}<\/script>\n<!-- \/ Yoast SEO Premium plugin. -->","yoast_head_json":{"title":"Existe-t-il des outils d\u2019investigation mobile approuv\u00e9s par les tribunaux? - MSAB","robots":{"index":"index","follow":"follow","max-snippet":"max-snippet:-1","max-image-preview":"max-image-preview:large","max-video-preview":"max-video-preview:-1"},"canonical":"https:\/\/www.msab.com\/fr\/existe-t-il-des-outils-dinvestigation-mobile-approuves-par-les-tribunaux\/","og_locale":"fr_FR","og_type":"article","og_title":"Existe-t-il des outils d\u2019investigation mobile approuv\u00e9s par les tribunaux?","og_url":"https:\/\/www.msab.com\/fr\/existe-t-il-des-outils-dinvestigation-mobile-approuves-par-les-tribunaux\/","og_site_name":"MSAB","article_publisher":"https:\/\/www.facebook.com\/microsystemation","article_modified_time":"2021-10-11T16:18:33+00:00","twitter_card":"summary_large_image","twitter_site":"@MSAB_XRY","schema":{"@context":"https:\/\/schema.org","@graph":[{"@type":"WebPage","@id":"https:\/\/www.msab.com\/fr\/existe-t-il-des-outils-dinvestigation-mobile-approuves-par-les-tribunaux\/","url":"https:\/\/www.msab.com\/fr\/existe-t-il-des-outils-dinvestigation-mobile-approuves-par-les-tribunaux\/","name":"Existe-t-il des outils d\u2019investigation mobile approuv\u00e9s par les tribunaux? - MSAB","isPartOf":{"@id":"https:\/\/www.msab.com\/fr\/#website"},"datePublished":"2021-10-11T16:18:32+00:00","dateModified":"2021-10-11T16:18:33+00:00","breadcrumb":{"@id":"https:\/\/www.msab.com\/fr\/existe-t-il-des-outils-dinvestigation-mobile-approuves-par-les-tribunaux\/#breadcrumb"},"inLanguage":"fr-FR","potentialAction":[{"@type":"ReadAction","target":["https:\/\/www.msab.com\/fr\/existe-t-il-des-outils-dinvestigation-mobile-approuves-par-les-tribunaux\/"]}]},{"@type":"BreadcrumbList","@id":"https:\/\/www.msab.com\/fr\/existe-t-il-des-outils-dinvestigation-mobile-approuves-par-les-tribunaux\/#breadcrumb","itemListElement":[{"@type":"ListItem","position":1,"name":"","item":"https:\/\/www.msab.com\/fr\/"},{"@type":"ListItem","position":2,"name":"Existe-t-il des outils d\u2019investigation mobile approuv\u00e9s par les tribunaux?"}]},{"@type":"WebSite","@id":"https:\/\/www.msab.com\/fr\/#website","url":"https:\/\/www.msab.com\/fr\/","name":"MSAB","description":"Trusted Partner in Digital Forensics","publisher":{"@id":"https:\/\/www.msab.com\/fr\/#organization"},"potentialAction":[{"@type":"SearchAction","target":{"@type":"EntryPoint","urlTemplate":"https:\/\/www.msab.com\/fr\/?s={search_term_string}"},"query-input":{"@type":"PropertyValueSpecification","valueRequired":true,"valueName":"search_term_string"}}],"inLanguage":"fr-FR"},{"@type":"Organization","@id":"https:\/\/www.msab.com\/fr\/#organization","name":"MSAB","url":"https:\/\/www.msab.com\/fr\/","logo":{"@type":"ImageObject","inLanguage":"fr-FR","@id":"https:\/\/www.msab.com\/fr\/#\/schema\/logo\/image\/","url":"https:\/\/www.msab.com\/wp-content\/uploads\/2023\/03\/MSAB-logo-Black-RGB.png","contentUrl":"https:\/\/www.msab.com\/wp-content\/uploads\/2023\/03\/MSAB-logo-Black-RGB.png","width":1198,"height":353,"caption":"MSAB"},"image":{"@id":"https:\/\/www.msab.com\/fr\/#\/schema\/logo\/image\/"},"sameAs":["https:\/\/www.facebook.com\/microsystemation","https:\/\/x.com\/MSAB_XRY","https:\/\/www.linkedin.com\/company\/micro-systemation"]}]}},"_links":{"self":[{"href":"https:\/\/www.msab.com\/fr\/wp-json\/wp\/v2\/pages\/5001","targetHints":{"allow":["GET"]}}],"collection":[{"href":"https:\/\/www.msab.com\/fr\/wp-json\/wp\/v2\/pages"}],"about":[{"href":"https:\/\/www.msab.com\/fr\/wp-json\/wp\/v2\/types\/page"}],"author":[{"embeddable":true,"href":"https:\/\/www.msab.com\/fr\/wp-json\/wp\/v2\/users\/106"}],"replies":[{"embeddable":true,"href":"https:\/\/www.msab.com\/fr\/wp-json\/wp\/v2\/comments?post=5001"}],"version-history":[{"count":0,"href":"https:\/\/www.msab.com\/fr\/wp-json\/wp\/v2\/pages\/5001\/revisions"}],"wp:attachment":[{"href":"https:\/\/www.msab.com\/fr\/wp-json\/wp\/v2\/media?parent=5001"}],"curies":[{"name":"wp","href":"https:\/\/api.w.org\/{rel}","templated":true}]}}