{"id":3924,"date":"2021-09-16T01:25:56","date_gmt":"2021-09-15T23:25:56","guid":{"rendered":"http:\/\/www.msab.com\/roles\/"},"modified":"2022-10-24T12:09:00","modified_gmt":"2022-10-24T10:09:00","slug":"roles","status":"publish","type":"page","link":"https:\/\/www.msab.com\/fr\/roles\/","title":{"rendered":"Roles"},"content":{"rendered":"<section id=\"\" class=\"two-row-hero block text-white \">\n    <div class=\"container\">\n\n                    <div class=\"row align-items-center row-1\">\n                                    <div class=\"col-12 col-lg-6 \">\n                        <div class=\"text-wrapper\">\n                            <h1>Accelerate your mobile forensics operations<\/h1>\n                        <\/div><!--\/text-wrepper-->\n                    <\/div><!--\/col-->\n                                                    <div class=\"col-12 col-lg-6 \">\n                        <img decoding=\"async\" width=\"732\" height=\"315\" src=\"https:\/\/www.msab.com\/wp-content\/uploads\/2021\/07\/products-hero-img.png\" class=\"attachment-full size-full\" alt=\"\" srcset=\"https:\/\/www.msab.com\/wp-content\/uploads\/2021\/07\/products-hero-img.png 732w, https:\/\/www.msab.com\/wp-content\/uploads\/2021\/07\/products-hero-img-300x129.png 300w, https:\/\/www.msab.com\/wp-content\/uploads\/2021\/07\/products-hero-img-33x14.png 33w, https:\/\/www.msab.com\/wp-content\/uploads\/2021\/07\/products-hero-img-102x44.png 102w, https:\/\/www.msab.com\/wp-content\/uploads\/2021\/07\/products-hero-img-500x215.png 500w\" sizes=\"(max-width: 732px) 100vw, 732px\" \/>                    <\/div><!--\/col-->\n                            <\/div><!--\/row-->\n        \n                    <div class=\"row row-2\">\n\n                                    <div class=\"col-12 col-lg-7\">\n                                                <div class=\"line-wrapper\"><div class=\"element-wrapper\"><div class=\"icon-wrapper\"><\/div><\/div><\/div>                    <\/div><!--\/col-->\n                \n                                    <div class=\"col-12 col-lg-5\">\n                                                <div class=\"col-wrapper d-flex flex-wrap\">\n                                                    <\/div><!--\/col-wrapper-->\n                    <\/div><!--\/col-->\n                \n            <\/div><!--\/row-->\n        \n        <nav id=\"breadcrumbs\" class=\"bread-nav\"><span><span><a href=\"https:\/\/www.msab.com\/fr\/\"><i class=\"fas fa-home\"><\/i><\/a><\/span><\/span><\/nav>\n    <\/div><!--\/container-->\n<\/section>\n\n<section id=\"\" class=\"block link-cards bg-white \">\n    <div class=\"container\">\n                    <div class=\"text-wrapper text-center\">\n                <h2>Rethink your operations &#8211; Get the right digital forensics solution<\/h2>\n<p>Regardless of your digital forensics role, we will accompany you step by step, offering a customized combination of mobile forensic tools and services to support your mission and to ensure you get the capabilities you want and need.<\/p>\n            <\/div>\n                            <div class=\"card-wrap d-flex justify-content-center \">\n                \n                    <div class=\"card-col\">\n                        <a href=\"https:\/\/www.msab.com\/roles\/forensic-specialists\/\" class=\"card card-style-2\" title=\"A forensic specialist\" >\n                                                            <div class=\"img-wrapper\">\n                                    <img decoding=\"async\" width=\"2560\" height=\"1707\" src=\"https:\/\/www.msab.com\/wp-content\/uploads\/2021\/08\/L3A9037-scaled.jpg\" class=\"attachment-full size-full\" alt=\"\" srcset=\"https:\/\/www.msab.com\/wp-content\/uploads\/2021\/08\/L3A9037-scaled.jpg 2560w, https:\/\/www.msab.com\/wp-content\/uploads\/2021\/08\/L3A9037-300x200.jpg 300w, https:\/\/www.msab.com\/wp-content\/uploads\/2021\/08\/L3A9037-1024x683.jpg 1024w, https:\/\/www.msab.com\/wp-content\/uploads\/2021\/08\/L3A9037-768x512.jpg 768w, https:\/\/www.msab.com\/wp-content\/uploads\/2021\/08\/L3A9037-1536x1024.jpg 1536w, https:\/\/www.msab.com\/wp-content\/uploads\/2021\/08\/L3A9037-2048x1365.jpg 2048w, https:\/\/www.msab.com\/wp-content\/uploads\/2021\/08\/L3A9037-33x22.jpg 33w, https:\/\/www.msab.com\/wp-content\/uploads\/2021\/08\/L3A9037-102x68.jpg 102w, https:\/\/www.msab.com\/wp-content\/uploads\/2021\/08\/L3A9037-1240x827.jpg 1240w, https:\/\/www.msab.com\/wp-content\/uploads\/2021\/08\/L3A9037-500x333.jpg 500w\" sizes=\"(max-width: 2560px) 100vw, 2560px\" \/>                                <\/div>\n                                                        <div class=\"link-text-wrapper\">\n                                                                    <p class=\"link-title\">A forensic specialist<\/p>\n                                                                            <p class=\"link-text\">Increase your speed and reach without giving up quality or integrity. XRY offers wide support for devices and seamless access to analysis and reporting through its integration with other MSAB products.<\/p>\n                                                                        <i class=\"far fa-arrow-right\"><\/i><\/span>\n                                                            <\/div>\n                        <\/a><!--\/card-->\n                    <\/div><!--\/col-->\n\n                \n                    <div class=\"card-col\">\n                        <a href=\"https:\/\/www.msab.com\/roles\/program-managers\/\" class=\"card card-style-2\" title=\"Program managers\" >\n                                                            <div class=\"img-wrapper\">\n                                    <img decoding=\"async\" width=\"2560\" height=\"1707\" src=\"https:\/\/www.msab.com\/wp-content\/uploads\/2021\/09\/XEC_Manage_3-scaled.jpg\" class=\"attachment-full size-full\" alt=\"\" srcset=\"https:\/\/www.msab.com\/wp-content\/uploads\/2021\/09\/XEC_Manage_3-scaled.jpg 2560w, https:\/\/www.msab.com\/wp-content\/uploads\/2021\/09\/XEC_Manage_3-300x200.jpg 300w, https:\/\/www.msab.com\/wp-content\/uploads\/2021\/09\/XEC_Manage_3-1024x683.jpg 1024w, https:\/\/www.msab.com\/wp-content\/uploads\/2021\/09\/XEC_Manage_3-768x512.jpg 768w, https:\/\/www.msab.com\/wp-content\/uploads\/2021\/09\/XEC_Manage_3-1536x1024.jpg 1536w, https:\/\/www.msab.com\/wp-content\/uploads\/2021\/09\/XEC_Manage_3-2048x1365.jpg 2048w, https:\/\/www.msab.com\/wp-content\/uploads\/2021\/09\/XEC_Manage_3-33x22.jpg 33w, https:\/\/www.msab.com\/wp-content\/uploads\/2021\/09\/XEC_Manage_3-102x68.jpg 102w, https:\/\/www.msab.com\/wp-content\/uploads\/2021\/09\/XEC_Manage_3-1240x827.jpg 1240w, https:\/\/www.msab.com\/wp-content\/uploads\/2021\/09\/XEC_Manage_3-500x333.jpg 500w\" sizes=\"(max-width: 2560px) 100vw, 2560px\" \/>                                <\/div>\n                                                        <div class=\"link-text-wrapper\">\n                                                                    <p class=\"link-title\">Program managers<\/p>\n                                                                            <p class=\"link-text\">Choose the right tools to lead a collaborative team, mitigate risks associated with the investigative process and empower frontline personnel to speed up both process and operations.<\/p>\n                                                                        <i class=\"far fa-arrow-right\"><\/i><\/span>\n                                                            <\/div>\n                        <\/a><!--\/card-->\n                    <\/div><!--\/col-->\n\n                \n                    <div class=\"card-col\">\n                        <a href=\"https:\/\/www.msab.com\/roles\/frontline-personnel\/\" class=\"card card-style-2\" title=\"Frontline personnel  \" >\n                                                            <div class=\"img-wrapper\">\n                                    <img decoding=\"async\" width=\"2560\" height=\"1707\" src=\"https:\/\/www.msab.com\/wp-content\/uploads\/2021\/08\/Frontline_Law_Enforcement_1_2021-2-scaled.jpg\" class=\"attachment-full size-full\" alt=\"\" srcset=\"https:\/\/www.msab.com\/wp-content\/uploads\/2021\/08\/Frontline_Law_Enforcement_1_2021-2-scaled.jpg 2560w, https:\/\/www.msab.com\/wp-content\/uploads\/2021\/08\/Frontline_Law_Enforcement_1_2021-2-300x200.jpg 300w, https:\/\/www.msab.com\/wp-content\/uploads\/2021\/08\/Frontline_Law_Enforcement_1_2021-2-1024x683.jpg 1024w, https:\/\/www.msab.com\/wp-content\/uploads\/2021\/08\/Frontline_Law_Enforcement_1_2021-2-768x512.jpg 768w, https:\/\/www.msab.com\/wp-content\/uploads\/2021\/08\/Frontline_Law_Enforcement_1_2021-2-1536x1024.jpg 1536w, https:\/\/www.msab.com\/wp-content\/uploads\/2021\/08\/Frontline_Law_Enforcement_1_2021-2-2048x1365.jpg 2048w, https:\/\/www.msab.com\/wp-content\/uploads\/2021\/08\/Frontline_Law_Enforcement_1_2021-2-33x22.jpg 33w, https:\/\/www.msab.com\/wp-content\/uploads\/2021\/08\/Frontline_Law_Enforcement_1_2021-2-102x68.jpg 102w, https:\/\/www.msab.com\/wp-content\/uploads\/2021\/08\/Frontline_Law_Enforcement_1_2021-2-1240x827.jpg 1240w, https:\/\/www.msab.com\/wp-content\/uploads\/2021\/08\/Frontline_Law_Enforcement_1_2021-2-500x333.jpg 500w\" sizes=\"(max-width: 2560px) 100vw, 2560px\" \/>                                <\/div>\n                                                        <div class=\"link-text-wrapper\">\n                                                                    <p class=\"link-title\">Frontline personnel  <\/p>\n                                                                            <p class=\"link-text\">Make your job easier and solve cases faster by having the ability to start investigations and even confront suspects right away at the crime scene without having to send devices to the lab.<\/p>\n                                                                        <i class=\"far fa-arrow-right\"><\/i><\/span>\n                                                            <\/div>\n                        <\/a><!--\/card-->\n                    <\/div><!--\/col-->\n\n                \n                    <div class=\"card-col\">\n                        <a href=\"https:\/\/www.msab.com\/roles\/digital-investigators\/\" class=\"card card-style-2\" title=\"Digital investigators \" >\n                                                            <div class=\"img-wrapper\">\n                                    <img decoding=\"async\" width=\"2560\" height=\"1707\" src=\"https:\/\/www.msab.com\/wp-content\/uploads\/2021\/09\/L3A8898-scaled.jpg\" class=\"attachment-full size-full\" alt=\"\" srcset=\"https:\/\/www.msab.com\/wp-content\/uploads\/2021\/09\/L3A8898-scaled.jpg 2560w, https:\/\/www.msab.com\/wp-content\/uploads\/2021\/09\/L3A8898-300x200.jpg 300w, https:\/\/www.msab.com\/wp-content\/uploads\/2021\/09\/L3A8898-1024x683.jpg 1024w, https:\/\/www.msab.com\/wp-content\/uploads\/2021\/09\/L3A8898-768x512.jpg 768w, https:\/\/www.msab.com\/wp-content\/uploads\/2021\/09\/L3A8898-1536x1024.jpg 1536w, https:\/\/www.msab.com\/wp-content\/uploads\/2021\/09\/L3A8898-2048x1365.jpg 2048w, https:\/\/www.msab.com\/wp-content\/uploads\/2021\/09\/L3A8898-33x22.jpg 33w, https:\/\/www.msab.com\/wp-content\/uploads\/2021\/09\/L3A8898-102x68.jpg 102w, https:\/\/www.msab.com\/wp-content\/uploads\/2021\/09\/L3A8898-1240x827.jpg 1240w, https:\/\/www.msab.com\/wp-content\/uploads\/2021\/09\/L3A8898-500x333.jpg 500w\" sizes=\"(max-width: 2560px) 100vw, 2560px\" \/>                                <\/div>\n                                                        <div class=\"link-text-wrapper\">\n                                                                    <p class=\"link-title\">Digital investigators <\/p>\n                                                                            <p class=\"link-text\">Search, filter, analyze and find critical evidence and insights as quickly as possible \u2013 even in the mountains of data on today\u2019s mobile devices. No mobile forensic analysis tool does this better than XAMN.<\/p>\n                                                                        <i class=\"far fa-arrow-right\"><\/i><\/span>\n                                                            <\/div>\n                        <\/a><!--\/card-->\n                    <\/div><!--\/col-->\n\n                            <\/div><!--\/card-wrap-->\n            <\/div><!--\/container-->\n<\/section>\n\n\n<section id=\"\" class=\"block product-cards bg-white \">\n    <div class=\"container\">\n\n         \n        <div class=\"title-wrap\">\n            <h3>Doter les organismes de solutions d&rsquo;investigation mobile<\/h3>\n        <\/div><!--\/.title-wrap-->\n                \n                <div class=\"product-cards__container d-flex flex-wrap\">\n\n                        <div class=\"product-cards__wrap\">\n                <div class=\"product-cards__card d-flex flex-wrap flex-column bg-img text-white\">\n                                                <div class=\"product-cards__card-img-wrapper\">\n                                <img decoding=\"async\" width=\"2560\" height=\"1707\" src=\"https:\/\/www.msab.com\/wp-content\/uploads\/2021\/08\/XRY_Extract_2-scaled.jpg\" class=\"product-cards__card-img\" alt=\"Man extracting data from a cell phone using XRY\" srcset=\"https:\/\/www.msab.com\/wp-content\/uploads\/2021\/08\/XRY_Extract_2-scaled.jpg 2560w, https:\/\/www.msab.com\/wp-content\/uploads\/2021\/08\/XRY_Extract_2-300x200.jpg 300w, https:\/\/www.msab.com\/wp-content\/uploads\/2021\/08\/XRY_Extract_2-1024x683.jpg 1024w, https:\/\/www.msab.com\/wp-content\/uploads\/2021\/08\/XRY_Extract_2-768x512.jpg 768w, https:\/\/www.msab.com\/wp-content\/uploads\/2021\/08\/XRY_Extract_2-1536x1024.jpg 1536w, https:\/\/www.msab.com\/wp-content\/uploads\/2021\/08\/XRY_Extract_2-2048x1365.jpg 2048w, https:\/\/www.msab.com\/wp-content\/uploads\/2021\/08\/XRY_Extract_2-33x22.jpg 33w, https:\/\/www.msab.com\/wp-content\/uploads\/2021\/08\/XRY_Extract_2-102x68.jpg 102w, https:\/\/www.msab.com\/wp-content\/uploads\/2021\/08\/XRY_Extract_2-1240x827.jpg 1240w\" sizes=\"(max-width: 2560px) 100vw, 2560px\" \/>                            <\/div>\n                                                <div class=\"product-cards__content-wrapper\">\n                        <h3 class=\"bold\">Extraire<\/h3><p>R\u00e9cup\u00e9rez plus rapidement et plus facilement davantage de donn\u00e9es gr\u00e2ce \u00e0 XRY.\r\n\r\nExtrayez et d\u00e9codez plus de donn\u00e9es d&rsquo;investigation num\u00e9rique provenant des appareils mobiles actuels, en moins de temps, et ce dans leur int\u00e9gralit\u00e9, afin qu&rsquo;elles puissent \u00eatre exploitables devant un tribunal.\r\n<\/p><a class=\"btn btn-outline-yellow\" href=\"https:\/\/www.msab.com\/fr\/produits\/xry-extract\/\" title=\"Extraire\" >Read more<\/a>                        <\/div>\n                <\/div><!--\/.card-->\n            <\/div><!--\/.card-wrap-->\n                        <div class=\"product-cards__wrap\">\n                <div class=\"product-cards__card d-flex flex-wrap flex-column bg-img text-white\">\n                                                <div class=\"product-cards__card-img-wrapper\">\n                                <img decoding=\"async\" width=\"2560\" height=\"1707\" src=\"https:\/\/www.msab.com\/wp-content\/uploads\/2021\/09\/XAMN_1_2021-1-scaled-e1635931473458.jpg\" class=\"product-cards__card-img\" alt=\"\" \/>                            <\/div>\n                                                <div class=\"product-cards__content-wrapper\">\n                        <h3 class=\"bold\">Analyser<\/h3><p>Trouvez des preuves et des renseignements d\u00e9cisifs \u00e0 l&rsquo;aide de XAMN.\r\n\r\nRecherchez, filtrez, passez en revue, visualisez et analysez efficacement des centaines de gigaoctets de donn\u00e9es mobiles pour les utiliser dans un cadre judiciaire.\r\n<\/p><a class=\"btn btn-outline-yellow\" href=\"https:\/\/www.msab.com\/fr\/produits\/analyze\/\" title=\"Analyser\" >Read more<\/a>                        <\/div>\n                <\/div><!--\/.card-->\n            <\/div><!--\/.card-wrap-->\n                        <div class=\"product-cards__wrap\">\n                <div class=\"product-cards__card d-flex flex-wrap flex-column bg-img text-white\">\n                                                <div class=\"product-cards__card-img-wrapper\">\n                                <img decoding=\"async\" width=\"2560\" height=\"1707\" src=\"https:\/\/www.msab.com\/wp-content\/uploads\/2021\/09\/XEC_Manage_3-scaled.jpg\" class=\"product-cards__card-img\" alt=\"\" srcset=\"https:\/\/www.msab.com\/wp-content\/uploads\/2021\/09\/XEC_Manage_3-scaled.jpg 2560w, https:\/\/www.msab.com\/wp-content\/uploads\/2021\/09\/XEC_Manage_3-300x200.jpg 300w, https:\/\/www.msab.com\/wp-content\/uploads\/2021\/09\/XEC_Manage_3-1024x683.jpg 1024w, https:\/\/www.msab.com\/wp-content\/uploads\/2021\/09\/XEC_Manage_3-768x512.jpg 768w, https:\/\/www.msab.com\/wp-content\/uploads\/2021\/09\/XEC_Manage_3-1536x1024.jpg 1536w, https:\/\/www.msab.com\/wp-content\/uploads\/2021\/09\/XEC_Manage_3-2048x1365.jpg 2048w, https:\/\/www.msab.com\/wp-content\/uploads\/2021\/09\/XEC_Manage_3-33x22.jpg 33w, https:\/\/www.msab.com\/wp-content\/uploads\/2021\/09\/XEC_Manage_3-102x68.jpg 102w, https:\/\/www.msab.com\/wp-content\/uploads\/2021\/09\/XEC_Manage_3-1240x827.jpg 1240w\" sizes=\"(max-width: 2560px) 100vw, 2560px\" \/>                            <\/div>\n                                                <div class=\"product-cards__content-wrapper\">\n                        <h3 class=\"bold\">G\u00e9rer<\/h3><p>Gagnez en contr\u00f4le et acc\u00e9l\u00e9rez vos op\u00e9rations gr\u00e2ce \u00e0 XEC.\r\n\r\nG\u00e9rez les investigations mobiles, am\u00e9liorez les performances de votre \u00e9quipe, mettez instantan\u00e9ment \u00e0 jour le logiciel d&rsquo;investigation, surveillez et cr\u00e9ez des rapports sur les op\u00e9rations\r\n<\/p><a class=\"btn btn-outline-yellow\" href=\"https:\/\/www.msab.com\/fr\/produits\/manage\/\" title=\"G\u00e9rer\" >Read more<\/a>                        <\/div>\n                <\/div><!--\/.card-->\n            <\/div><!--\/.card-wrap-->\n                        \n        <\/div><!--\/.card-container-->\n\n                        <div class=\"button-wrap text-center\">\n            <a class=\"btn btn-primary\" href=\"https:\/\/www.msab.com\/fr\/products\/\" title=\"Voir tous les produits\" >Voir tous les produits<\/a>\n        <\/div>\n            <\/div><!--\/.container-->\n<\/section>\n\n\n<section id=\"\" class=\"block form bg-light-grey \">\n    <div class=\"container narrow\">\n\n    \n        \n            <div class=\"form-wrap\">\n                <div\r\n        data-form-id='f2b53225-6f90-f011-b4cc-7c1e52fb5478'\r\n        data-form-api-url='https:\/\/public-eur.mkt.dynamics.com\/api\/v1.0\/orgs\/209eda7e-bbd7-45fb-82d9-810028103c6d\/landingpageforms'\r\n        data-cached-form-url='https:\/\/assets-eur.mkt.dynamics.com\/209eda7e-bbd7-45fb-82d9-810028103c6d\/digitalassets\/forms\/f2b53225-6f90-f011-b4cc-7c1e52fb5478' ><\/div>\r\n        <script src = 'https:\/\/cxppusa1formui01cdnsa01-endpoint.azureedge.net\/eur\/FormLoader\/FormLoader.bundle.js' ><\/script>            <\/div><!--\/.form-wrap-->\n\n        \n    \n    <\/div><!--\/.container-->\n<\/section>","protected":false},"excerpt":{"rendered":"","protected":false},"author":106,"featured_media":0,"parent":0,"menu_order":0,"comment_status":"closed","ping_status":"closed","template":"","meta":{"_acf_changed":false,"footnotes":""},"class_list":["post-3924","page","type-page","status-publish","hentry"],"acf":[],"yoast_head":"<!-- This site is optimized with the Yoast SEO Premium plugin v25.0 (Yoast SEO v27.4) - https:\/\/yoast.com\/product\/yoast-seo-premium-wordpress\/ -->\n<title>Roles - MSAB<\/title>\n<meta name=\"robots\" content=\"index, follow, max-snippet:-1, max-image-preview:large, max-video-preview:-1\" \/>\n<link rel=\"canonical\" href=\"https:\/\/www.msab.com\/fr\/roles\/\" \/>\n<meta property=\"og:locale\" content=\"fr_FR\" \/>\n<meta property=\"og:type\" content=\"article\" \/>\n<meta property=\"og:title\" content=\"Roles\" \/>\n<meta property=\"og:url\" content=\"https:\/\/www.msab.com\/fr\/roles\/\" \/>\n<meta property=\"og:site_name\" content=\"MSAB\" \/>\n<meta property=\"article:publisher\" content=\"https:\/\/www.facebook.com\/microsystemation\" \/>\n<meta property=\"article:modified_time\" content=\"2022-10-24T10:09:00+00:00\" \/>\n<meta name=\"twitter:card\" content=\"summary_large_image\" \/>\n<meta name=\"twitter:site\" content=\"@MSAB_XRY\" \/>\n<script type=\"application\/ld+json\" class=\"yoast-schema-graph\">{\"@context\":\"https:\\\/\\\/schema.org\",\"@graph\":[{\"@type\":\"WebPage\",\"@id\":\"https:\\\/\\\/www.msab.com\\\/fr\\\/roles\\\/\",\"url\":\"https:\\\/\\\/www.msab.com\\\/fr\\\/roles\\\/\",\"name\":\"Roles - MSAB\",\"isPartOf\":{\"@id\":\"https:\\\/\\\/www.msab.com\\\/fr\\\/#website\"},\"datePublished\":\"2021-09-15T23:25:56+00:00\",\"dateModified\":\"2022-10-24T10:09:00+00:00\",\"breadcrumb\":{\"@id\":\"https:\\\/\\\/www.msab.com\\\/fr\\\/roles\\\/#breadcrumb\"},\"inLanguage\":\"fr-FR\",\"potentialAction\":[{\"@type\":\"ReadAction\",\"target\":[\"https:\\\/\\\/www.msab.com\\\/fr\\\/roles\\\/\"]}]},{\"@type\":\"BreadcrumbList\",\"@id\":\"https:\\\/\\\/www.msab.com\\\/fr\\\/roles\\\/#breadcrumb\",\"itemListElement\":[{\"@type\":\"ListItem\",\"position\":1,\"name\":\"\",\"item\":\"https:\\\/\\\/www.msab.com\\\/fr\\\/\"},{\"@type\":\"ListItem\",\"position\":2,\"name\":\"Roles\"}]},{\"@type\":\"WebSite\",\"@id\":\"https:\\\/\\\/www.msab.com\\\/fr\\\/#website\",\"url\":\"https:\\\/\\\/www.msab.com\\\/fr\\\/\",\"name\":\"MSAB\",\"description\":\"Trusted Partner in Digital Forensics\",\"publisher\":{\"@id\":\"https:\\\/\\\/www.msab.com\\\/fr\\\/#organization\"},\"potentialAction\":[{\"@type\":\"SearchAction\",\"target\":{\"@type\":\"EntryPoint\",\"urlTemplate\":\"https:\\\/\\\/www.msab.com\\\/fr\\\/?s={search_term_string}\"},\"query-input\":{\"@type\":\"PropertyValueSpecification\",\"valueRequired\":true,\"valueName\":\"search_term_string\"}}],\"inLanguage\":\"fr-FR\"},{\"@type\":\"Organization\",\"@id\":\"https:\\\/\\\/www.msab.com\\\/fr\\\/#organization\",\"name\":\"MSAB\",\"url\":\"https:\\\/\\\/www.msab.com\\\/fr\\\/\",\"logo\":{\"@type\":\"ImageObject\",\"inLanguage\":\"fr-FR\",\"@id\":\"https:\\\/\\\/www.msab.com\\\/fr\\\/#\\\/schema\\\/logo\\\/image\\\/\",\"url\":\"https:\\\/\\\/www.msab.com\\\/wp-content\\\/uploads\\\/2023\\\/03\\\/MSAB-logo-Black-RGB.png\",\"contentUrl\":\"https:\\\/\\\/www.msab.com\\\/wp-content\\\/uploads\\\/2023\\\/03\\\/MSAB-logo-Black-RGB.png\",\"width\":1198,\"height\":353,\"caption\":\"MSAB\"},\"image\":{\"@id\":\"https:\\\/\\\/www.msab.com\\\/fr\\\/#\\\/schema\\\/logo\\\/image\\\/\"},\"sameAs\":[\"https:\\\/\\\/www.facebook.com\\\/microsystemation\",\"https:\\\/\\\/x.com\\\/MSAB_XRY\",\"https:\\\/\\\/www.linkedin.com\\\/company\\\/micro-systemation\"]}]}<\/script>\n<!-- \/ Yoast SEO Premium plugin. -->","yoast_head_json":{"title":"Roles - MSAB","robots":{"index":"index","follow":"follow","max-snippet":"max-snippet:-1","max-image-preview":"max-image-preview:large","max-video-preview":"max-video-preview:-1"},"canonical":"https:\/\/www.msab.com\/fr\/roles\/","og_locale":"fr_FR","og_type":"article","og_title":"Roles","og_url":"https:\/\/www.msab.com\/fr\/roles\/","og_site_name":"MSAB","article_publisher":"https:\/\/www.facebook.com\/microsystemation","article_modified_time":"2022-10-24T10:09:00+00:00","twitter_card":"summary_large_image","twitter_site":"@MSAB_XRY","schema":{"@context":"https:\/\/schema.org","@graph":[{"@type":"WebPage","@id":"https:\/\/www.msab.com\/fr\/roles\/","url":"https:\/\/www.msab.com\/fr\/roles\/","name":"Roles - MSAB","isPartOf":{"@id":"https:\/\/www.msab.com\/fr\/#website"},"datePublished":"2021-09-15T23:25:56+00:00","dateModified":"2022-10-24T10:09:00+00:00","breadcrumb":{"@id":"https:\/\/www.msab.com\/fr\/roles\/#breadcrumb"},"inLanguage":"fr-FR","potentialAction":[{"@type":"ReadAction","target":["https:\/\/www.msab.com\/fr\/roles\/"]}]},{"@type":"BreadcrumbList","@id":"https:\/\/www.msab.com\/fr\/roles\/#breadcrumb","itemListElement":[{"@type":"ListItem","position":1,"name":"","item":"https:\/\/www.msab.com\/fr\/"},{"@type":"ListItem","position":2,"name":"Roles"}]},{"@type":"WebSite","@id":"https:\/\/www.msab.com\/fr\/#website","url":"https:\/\/www.msab.com\/fr\/","name":"MSAB","description":"Trusted Partner in Digital Forensics","publisher":{"@id":"https:\/\/www.msab.com\/fr\/#organization"},"potentialAction":[{"@type":"SearchAction","target":{"@type":"EntryPoint","urlTemplate":"https:\/\/www.msab.com\/fr\/?s={search_term_string}"},"query-input":{"@type":"PropertyValueSpecification","valueRequired":true,"valueName":"search_term_string"}}],"inLanguage":"fr-FR"},{"@type":"Organization","@id":"https:\/\/www.msab.com\/fr\/#organization","name":"MSAB","url":"https:\/\/www.msab.com\/fr\/","logo":{"@type":"ImageObject","inLanguage":"fr-FR","@id":"https:\/\/www.msab.com\/fr\/#\/schema\/logo\/image\/","url":"https:\/\/www.msab.com\/wp-content\/uploads\/2023\/03\/MSAB-logo-Black-RGB.png","contentUrl":"https:\/\/www.msab.com\/wp-content\/uploads\/2023\/03\/MSAB-logo-Black-RGB.png","width":1198,"height":353,"caption":"MSAB"},"image":{"@id":"https:\/\/www.msab.com\/fr\/#\/schema\/logo\/image\/"},"sameAs":["https:\/\/www.facebook.com\/microsystemation","https:\/\/x.com\/MSAB_XRY","https:\/\/www.linkedin.com\/company\/micro-systemation"]}]}},"_links":{"self":[{"href":"https:\/\/www.msab.com\/fr\/wp-json\/wp\/v2\/pages\/3924","targetHints":{"allow":["GET"]}}],"collection":[{"href":"https:\/\/www.msab.com\/fr\/wp-json\/wp\/v2\/pages"}],"about":[{"href":"https:\/\/www.msab.com\/fr\/wp-json\/wp\/v2\/types\/page"}],"author":[{"embeddable":true,"href":"https:\/\/www.msab.com\/fr\/wp-json\/wp\/v2\/users\/106"}],"replies":[{"embeddable":true,"href":"https:\/\/www.msab.com\/fr\/wp-json\/wp\/v2\/comments?post=3924"}],"version-history":[{"count":1,"href":"https:\/\/www.msab.com\/fr\/wp-json\/wp\/v2\/pages\/3924\/revisions"}],"predecessor-version":[{"id":171125,"href":"https:\/\/www.msab.com\/fr\/wp-json\/wp\/v2\/pages\/3924\/revisions\/171125"}],"wp:attachment":[{"href":"https:\/\/www.msab.com\/fr\/wp-json\/wp\/v2\/media?parent=3924"}],"curies":[{"name":"wp","href":"https:\/\/api.w.org\/{rel}","templated":true}]}}