{"id":171107,"date":"2024-08-14T12:16:41","date_gmt":"2024-08-14T10:16:41","guid":{"rendered":"https:\/\/www.msab.com\/?page_id=171107"},"modified":"2024-08-14T12:17:43","modified_gmt":"2024-08-14T10:17:43","slug":"industries","status":"publish","type":"page","link":"https:\/\/www.msab.com\/fr\/industries\/","title":{"rendered":"Industries"},"content":{"rendered":"\n<section id=\"\" class=\"block regular-hero  has-bg-img ovarlay-dark\" style=\"background-image: url(https:\/\/www.msab.com\/wp-content\/uploads\/2021\/10\/Industries-hero_Alt.jpg);\">\n    <div class=\"container\">\n\n        <div class=\"text-wrapper text-white\">\n            <h1 class=\"heading title\">Acc\u00e9l\u00e9rez vos op\u00e9rations d&rsquo;investigation mobile<\/h1>            \n                    <\/div><!--\/text-wrapper-->\n        <div class=\"breadcrumb-part dark\"><nav id=\"breadcrumbs\" class=\"bread-nav\"><span><span><a href=\"https:\/\/www.msab.com\/fr\/\"><i class=\"fas fa-home\"><\/i><\/a><\/span><\/span><\/nav><\/div>    <\/div><!--\/container-->\n<\/section>\n\n\n\n<section id=\"\" class=\"block link-cards bg-white \">\n    <div class=\"container\">\n                    <div class=\"text-wrapper text-center\">\n                <h2>Repensez vos proc\u00e9dures &#8211; Mettez au jour des preuves num\u00e9riques auxquelles vous pouvez vous fier<\/h2>\n<p>Si vous appartenez aux autorit\u00e9s de police, aux services p\u00e9nitentiaires, aux organismes de contr\u00f4le frontalier, de l&rsquo;arm\u00e9e, ou \u00e0 un autre domaine affili\u00e9, nous proposons une s\u00e9lection personnalis\u00e9e d&rsquo;outils et de services d&rsquo;investigation mobile pour vous aider dans votre mission.<\/p>\n            <\/div>\n                            <div class=\"card-wrap d-flex justify-content-center card-wrap--three\">\n                \n                    <div class=\"card-col\">\n                        <a href=\"https:\/\/www.msab.com\/fr\/industries\/law-enforcement\/\" class=\"card card-style-2\" title=\"Autorit\u00e9s de police\" >\n                                                            <div class=\"img-wrapper\">\n                                    <img decoding=\"async\" width=\"1200\" height=\"800\" src=\"https:\/\/www.msab.com\/wp-content\/uploads\/2021\/09\/20190321_MSAB_1_POLICE_0086_JPG.jpg\" class=\"attachment-full size-full\" alt=\"\" srcset=\"https:\/\/www.msab.com\/wp-content\/uploads\/2021\/09\/20190321_MSAB_1_POLICE_0086_JPG.jpg 1200w, https:\/\/www.msab.com\/wp-content\/uploads\/2021\/09\/20190321_MSAB_1_POLICE_0086_JPG-300x200.jpg 300w, https:\/\/www.msab.com\/wp-content\/uploads\/2021\/09\/20190321_MSAB_1_POLICE_0086_JPG-1024x683.jpg 1024w, https:\/\/www.msab.com\/wp-content\/uploads\/2021\/09\/20190321_MSAB_1_POLICE_0086_JPG-768x512.jpg 768w, https:\/\/www.msab.com\/wp-content\/uploads\/2021\/09\/20190321_MSAB_1_POLICE_0086_JPG-33x22.jpg 33w, https:\/\/www.msab.com\/wp-content\/uploads\/2021\/09\/20190321_MSAB_1_POLICE_0086_JPG-102x68.jpg 102w\" sizes=\"(max-width: 1200px) 100vw, 1200px\" \/>                                <\/div>\n                                                        <div class=\"link-text-wrapper\">\n                                                                    <p class=\"link-title\">Autorit\u00e9s de police<\/p>\n                                                                            <p class=\"link-text\">Nous pouvons aider votre organisme \u00e0 tirer le meilleur parti de l&rsquo;investigation mobile et lui permettre de r\u00e9soudre plus d&rsquo;affaires. D\u00e9couvrez comment d\u00e9velopper votre strat\u00e9gie et vos capacit\u00e9s.<\/p>\n                                                                        <i class=\"far fa-arrow-right\"><\/i><\/span>\n                                                            <\/div>\n                        <\/a><!--\/card-->\n                    <\/div><!--\/col-->\n\n                \n                    <div class=\"card-col\">\n                        <a href=\"https:\/\/www.msab.com\/fr\/industries\/border-control\/\" class=\"card card-style-2\" title=\"Contr\u00f4le frontalier\" >\n                                                            <div class=\"img-wrapper\">\n                                    <img decoding=\"async\" width=\"1651\" height=\"1101\" src=\"https:\/\/www.msab.com\/wp-content\/uploads\/2021\/09\/20190321_MSAB_12_CUSTOMS-AIRPORT_2121.jpg\" class=\"attachment-full size-full\" alt=\"\" srcset=\"https:\/\/www.msab.com\/wp-content\/uploads\/2021\/09\/20190321_MSAB_12_CUSTOMS-AIRPORT_2121.jpg 1651w, https:\/\/www.msab.com\/wp-content\/uploads\/2021\/09\/20190321_MSAB_12_CUSTOMS-AIRPORT_2121-300x200.jpg 300w, https:\/\/www.msab.com\/wp-content\/uploads\/2021\/09\/20190321_MSAB_12_CUSTOMS-AIRPORT_2121-1024x683.jpg 1024w, https:\/\/www.msab.com\/wp-content\/uploads\/2021\/09\/20190321_MSAB_12_CUSTOMS-AIRPORT_2121-768x512.jpg 768w, https:\/\/www.msab.com\/wp-content\/uploads\/2021\/09\/20190321_MSAB_12_CUSTOMS-AIRPORT_2121-1536x1024.jpg 1536w, https:\/\/www.msab.com\/wp-content\/uploads\/2021\/09\/20190321_MSAB_12_CUSTOMS-AIRPORT_2121-33x22.jpg 33w, https:\/\/www.msab.com\/wp-content\/uploads\/2021\/09\/20190321_MSAB_12_CUSTOMS-AIRPORT_2121-102x68.jpg 102w, https:\/\/www.msab.com\/wp-content\/uploads\/2021\/09\/20190321_MSAB_12_CUSTOMS-AIRPORT_2121-1240x827.jpg 1240w\" sizes=\"(max-width: 1651px) 100vw, 1651px\" \/>                                <\/div>\n                                                        <div class=\"link-text-wrapper\">\n                                                                    <p class=\"link-title\">Contr\u00f4le frontalier<\/p>\n                                                                            <p class=\"link-text\">Les t\u00e9l\u00e9phones portables et autres appareils num\u00e9riques d\u00e9tiennent souvent la v\u00e9rit\u00e9 concernant l&rsquo;identit\u00e9 et les intentions d&rsquo;une personne. Nous apportons aux services des douanes et de la s\u00e9curit\u00e9 aux fronti\u00e8res des capacit\u00e9s de contr\u00f4le efficaces.<\/p>\n                                                                        <i class=\"far fa-arrow-right\"><\/i><\/span>\n                                                            <\/div>\n                        <\/a><!--\/card-->\n                    <\/div><!--\/col-->\n\n                \n                    <div class=\"card-col\">\n                        <a href=\"https:\/\/www.msab.com\/fr\/industries\/military\/\" class=\"card card-style-2\" title=\"Arm\u00e9e\" >\n                                                            <div class=\"img-wrapper\">\n                                    <img decoding=\"async\" width=\"8256\" height=\"5828\" src=\"https:\/\/www.msab.com\/wp-content\/uploads\/2021\/09\/20190321_MSAB_17_MILITARY_1657-scaled.jpg\" class=\"attachment-full size-full\" alt=\"\" \/>                                <\/div>\n                                                        <div class=\"link-text-wrapper\">\n                                                                    <p class=\"link-title\">Arm\u00e9e<\/p>\n                                                                            <p class=\"link-text\">Exploitez les donn\u00e9es des appareils mobiles pour r\u00e9ussir vos missions &#8211; sur place ou \u00e0 l&rsquo;\u00e9tranger &#8211; gr\u00e2ce \u00e0 nos outils ultra portables et efficaces, cr\u00e9\u00e9s pour les forces arm\u00e9es.\r\n<\/p>\n                                                                        <i class=\"far fa-arrow-right\"><\/i><\/span>\n                                                            <\/div>\n                        <\/a><!--\/card-->\n                    <\/div><!--\/col-->\n\n                \n                    <div class=\"card-col\">\n                        <a href=\"https:\/\/www.msab.com\/fr\/industries\/corrections\/\" class=\"card card-style-2\" title=\"\u00c9tablissements p\u00e9nitentiaires\" >\n                                                            <div class=\"img-wrapper\">\n                                    <img decoding=\"async\" width=\"1200\" height=\"800\" src=\"https:\/\/www.msab.com\/wp-content\/uploads\/2021\/09\/20190321_MSAB_14_CORRECTIONS_2338_JPG.jpg\" class=\"attachment-full size-full\" alt=\"\" srcset=\"https:\/\/www.msab.com\/wp-content\/uploads\/2021\/09\/20190321_MSAB_14_CORRECTIONS_2338_JPG.jpg 1200w, https:\/\/www.msab.com\/wp-content\/uploads\/2021\/09\/20190321_MSAB_14_CORRECTIONS_2338_JPG-300x200.jpg 300w, https:\/\/www.msab.com\/wp-content\/uploads\/2021\/09\/20190321_MSAB_14_CORRECTIONS_2338_JPG-1024x683.jpg 1024w, https:\/\/www.msab.com\/wp-content\/uploads\/2021\/09\/20190321_MSAB_14_CORRECTIONS_2338_JPG-768x512.jpg 768w, https:\/\/www.msab.com\/wp-content\/uploads\/2021\/09\/20190321_MSAB_14_CORRECTIONS_2338_JPG-33x22.jpg 33w, https:\/\/www.msab.com\/wp-content\/uploads\/2021\/09\/20190321_MSAB_14_CORRECTIONS_2338_JPG-102x68.jpg 102w\" sizes=\"(max-width: 1200px) 100vw, 1200px\" \/>                                <\/div>\n                                                        <div class=\"link-text-wrapper\">\n                                                                    <p class=\"link-title\">\u00c9tablissements p\u00e9nitentiaires<\/p>\n                                                                            <p class=\"link-text\">Les t\u00e9l\u00e9phones, drones et autres appareils de contrebande contiennent des preuves de grande importance. Nous permettons \u00e0 votre organisme d&rsquo;acc\u00e9der \u00e0 ces donn\u00e9es et de les utiliser pour faciliter ses missions.\r\n<\/p>\n                                                                        <i class=\"far fa-arrow-right\"><\/i><\/span>\n                                                            <\/div>\n                        <\/a><!--\/card-->\n                    <\/div><!--\/col-->\n\n                \n                    <div class=\"card-col\">\n                        <a href=\"https:\/\/www.msab.com\/fr\/industries\/ediscovery\/\" class=\"card card-style-2\" title=\"eDiscovery\" >\n                                                            <div class=\"img-wrapper\">\n                                    <img decoding=\"async\" width=\"2000\" height=\"1333\" src=\"https:\/\/www.msab.com\/wp-content\/uploads\/2024\/08\/MSAB-e-Discovery.jpg\" class=\"attachment-full size-full\" alt=\"\" srcset=\"https:\/\/www.msab.com\/wp-content\/uploads\/2024\/08\/MSAB-e-Discovery.jpg 2000w, https:\/\/www.msab.com\/wp-content\/uploads\/2024\/08\/MSAB-e-Discovery-300x200.jpg 300w, https:\/\/www.msab.com\/wp-content\/uploads\/2024\/08\/MSAB-e-Discovery-1024x682.jpg 1024w, https:\/\/www.msab.com\/wp-content\/uploads\/2024\/08\/MSAB-e-Discovery-768x512.jpg 768w, https:\/\/www.msab.com\/wp-content\/uploads\/2024\/08\/MSAB-e-Discovery-1536x1024.jpg 1536w, https:\/\/www.msab.com\/wp-content\/uploads\/2024\/08\/MSAB-e-Discovery-33x22.jpg 33w, https:\/\/www.msab.com\/wp-content\/uploads\/2024\/08\/MSAB-e-Discovery-102x68.jpg 102w, https:\/\/www.msab.com\/wp-content\/uploads\/2024\/08\/MSAB-e-Discovery-1240x826.jpg 1240w, https:\/\/www.msab.com\/wp-content\/uploads\/2024\/08\/MSAB-e-Discovery-500x333.jpg 500w\" sizes=\"(max-width: 2000px) 100vw, 2000px\" \/>                                <\/div>\n                                                        <div class=\"link-text-wrapper\">\n                                                                    <p class=\"link-title\">eDiscovery<\/p>\n                                                                            <p class=\"link-text\">Les donn\u00e9es relatives aux appareils mobiles continuent de cro\u00eetre dans le domaine de l&rsquo;eDiscovery. Nous pouvons aider votre organisation et vous donner les moyens d&rsquo;explorer et d&rsquo;\u00e9valuer en profondeur le contenu provenant d&rsquo;appareils mobiles.<\/p>\n                                                                        <i class=\"far fa-arrow-right\"><\/i><\/span>\n                                                            <\/div>\n                        <\/a><!--\/card-->\n                    <\/div><!--\/col-->\n\n                            <\/div><!--\/card-wrap-->\n            <\/div><!--\/container-->\n<\/section>\n\n\n<section id=\"\" class=\"block two-cards bg-blue-gradient \">\n    <div class=\"container\">\n                <div class=\"top-text editor-content left text-white\">\n            <h2><span lang=\"EN-US\">Ce qui compte, c\u2019est de r\u00e9cup\u00e9rer les meilleures preuves num\u00e9riques.<\/span><\/h2>\n<p>MSAB met \u00e0 votre disposition les meilleures solutions d&rsquo;investigation mobile pour acc\u00e9l\u00e9rer vos op\u00e9rations et vous permettre d&rsquo;acqu\u00e9rir et d&rsquo;analyser facilement des preuves et des renseignements provenant d&rsquo;un plus grand nombre d&rsquo;appareils mobiles, avec des fonctionnalit\u00e9s et un niveau de contr\u00f4le sup\u00e9rieurs.<\/p>\n        <\/div>\n                <div class=\"two-cards__row d-flex\">\n                        <div class=\"two-cards__card-wrap\">\n\n                <div class=\"two-cards__card\">\n                                        <div class=\"two-cards__card--image-wrap\">\n                        <img decoding=\"async\" width=\"2560\" height=\"1707\" src=\"https:\/\/www.msab.com\/wp-content\/uploads\/2021\/08\/Frontline_Law_Enforcement_1_2021-2-scaled.jpg\" class=\"attachment-full size-full\" alt=\"\" srcset=\"https:\/\/www.msab.com\/wp-content\/uploads\/2021\/08\/Frontline_Law_Enforcement_1_2021-2-scaled.jpg 2560w, https:\/\/www.msab.com\/wp-content\/uploads\/2021\/08\/Frontline_Law_Enforcement_1_2021-2-300x200.jpg 300w, https:\/\/www.msab.com\/wp-content\/uploads\/2021\/08\/Frontline_Law_Enforcement_1_2021-2-1024x683.jpg 1024w, https:\/\/www.msab.com\/wp-content\/uploads\/2021\/08\/Frontline_Law_Enforcement_1_2021-2-768x512.jpg 768w, https:\/\/www.msab.com\/wp-content\/uploads\/2021\/08\/Frontline_Law_Enforcement_1_2021-2-1536x1024.jpg 1536w, https:\/\/www.msab.com\/wp-content\/uploads\/2021\/08\/Frontline_Law_Enforcement_1_2021-2-2048x1365.jpg 2048w, https:\/\/www.msab.com\/wp-content\/uploads\/2021\/08\/Frontline_Law_Enforcement_1_2021-2-33x22.jpg 33w, https:\/\/www.msab.com\/wp-content\/uploads\/2021\/08\/Frontline_Law_Enforcement_1_2021-2-102x68.jpg 102w, https:\/\/www.msab.com\/wp-content\/uploads\/2021\/08\/Frontline_Law_Enforcement_1_2021-2-1240x827.jpg 1240w\" sizes=\"(max-width: 2560px) 100vw, 2560px\" \/>                    <\/div><!--\/.two-cards__card--image-wrap-->\n                                        <div class=\"two-cards__card--content-wrap editor-content bg-white\">\n                                                <h4 class=\"two-cards__card--title\">Extractions de premi\u00e8re ligne <\/h4>\n                                                <p class=\"two-cards__card--intro\">MSAB est conscient des difficult\u00e9s actuelles auxquelles est confront\u00e9 le personnel de premi\u00e8re ligne au cours des premi\u00e8res heures d\u00e9cisives. Il faut trouver des preuves, des informations et des renseignements cruciaux aussi rapidement que possible.\u00a0\u00a0\u00a0\u00a0\u00a0\u00a0\u00a0\u00a0\r\nNous pouvons vous aider.\r\n<\/p>\n                                                <p class=\"two-cards__card--link\"><a href=\"https:\/\/www.msab.com\/fr\/products\/platforms\/\" title=\"En savoir plus sur les solutions adapt\u00e9es \u00e0 votre \u00e9quipe.\" target=\"_blank\" >En savoir plus sur les solutions adapt\u00e9es \u00e0 votre \u00e9quipe.<\/a><\/p>\n                                            <\/div><!--\/.two-cards__card--content-wrap-->\n                <\/div><!--\/.two-cards__card-->\n\n            <\/div><!--\/.two-cards__card-wrap-->\n                        <div class=\"two-cards__card-wrap\">\n\n                <div class=\"two-cards__card\">\n                                        <div class=\"two-cards__card--image-wrap\">\n                        <img decoding=\"async\" width=\"2560\" height=\"1742\" src=\"https:\/\/www.msab.com\/wp-content\/uploads\/2021\/10\/Extract_XRY_Lab_1_2021_Cropped-scaled-e1731514818748.jpg\" class=\"attachment-full size-full\" alt=\"\" \/>                    <\/div><!--\/.two-cards__card--image-wrap-->\n                                        <div class=\"two-cards__card--content-wrap editor-content bg-white\">\n                                                <h4 class=\"two-cards__card--title\">Extractions en laboratoire <\/h4>\n                                                <p class=\"two-cards__card--intro\">Dans les laboratoires m\u00e9dico-l\u00e9gaux modernes, il vous faut des solutions pour contourner le verrouillage des appareils, obtenir les codes d&rsquo;acc\u00e8s et d\u00e9coder les preuves et les renseignements num\u00e9riques, et ce rapidement et dans le respect de l&rsquo;investigation.\r\nNous pouvons vous aider.\r\n<\/p>\n                                                <p class=\"two-cards__card--link\"><a href=\"https:\/\/www.msab.com\/fr\/produits\/analyze\/\" title=\"En savoir plus sur notre solution d'analyse en mati\u00e8re d'investigation num\u00e9rique. \" target=\"_blank\" >En savoir plus sur notre solution d&rsquo;analyse en mati\u00e8re d&rsquo;investigation num\u00e9rique. <\/a><\/p>\n                                            <\/div><!--\/.two-cards__card--content-wrap-->\n                <\/div><!--\/.two-cards__card-->\n\n            <\/div><!--\/.two-cards__card-wrap-->\n                    <\/div><!--\/.two-cards__row-->\n            <\/div><!--\/.container-->\n<\/section>\n\n\n<section id=\"\" class=\"block form bg-light-grey \">\n    <div class=\"container narrow\">\n\n    \n        \n            <div class=\"form-wrap\">\n                <div\r\n        data-form-id='f2b53225-6f90-f011-b4cc-7c1e52fb5478'\r\n        data-form-api-url='https:\/\/public-eur.mkt.dynamics.com\/api\/v1.0\/orgs\/209eda7e-bbd7-45fb-82d9-810028103c6d\/landingpageforms'\r\n        data-cached-form-url='https:\/\/assets-eur.mkt.dynamics.com\/209eda7e-bbd7-45fb-82d9-810028103c6d\/digitalassets\/forms\/f2b53225-6f90-f011-b4cc-7c1e52fb5478' ><\/div>\r\n        <script src = 'https:\/\/cxppusa1formui01cdnsa01-endpoint.azureedge.net\/eur\/FormLoader\/FormLoader.bundle.js' ><\/script>            <\/div><!--\/.form-wrap-->\n\n        \n    \n    <\/div><!--\/.container-->\n<\/section>","protected":false},"excerpt":{"rendered":"","protected":false},"author":106,"featured_media":0,"parent":0,"menu_order":0,"comment_status":"closed","ping_status":"closed","template":"","meta":{"_acf_changed":false,"footnotes":""},"class_list":["post-171107","page","type-page","status-publish","hentry"],"acf":[],"yoast_head":"<!-- This site is optimized with the Yoast SEO Premium plugin v25.0 (Yoast SEO v27.4) - https:\/\/yoast.com\/product\/yoast-seo-premium-wordpress\/ -->\n<title>Industries - MSAB<\/title>\n<meta name=\"robots\" content=\"index, follow, max-snippet:-1, max-image-preview:large, max-video-preview:-1\" \/>\n<link rel=\"canonical\" href=\"https:\/\/www.msab.com\/fr\/industries\/\" \/>\n<meta property=\"og:locale\" content=\"fr_FR\" \/>\n<meta property=\"og:type\" content=\"article\" \/>\n<meta property=\"og:title\" content=\"Industries\" \/>\n<meta property=\"og:url\" content=\"https:\/\/www.msab.com\/fr\/industries\/\" \/>\n<meta property=\"og:site_name\" content=\"MSAB\" \/>\n<meta property=\"article:publisher\" content=\"https:\/\/www.facebook.com\/microsystemation\" \/>\n<meta property=\"article:modified_time\" content=\"2024-08-14T10:17:43+00:00\" \/>\n<meta name=\"twitter:card\" content=\"summary_large_image\" \/>\n<meta name=\"twitter:site\" content=\"@MSAB_XRY\" \/>\n<meta name=\"twitter:label1\" content=\"Dur\u00e9e de lecture estim\u00e9e\" \/>\n\t<meta name=\"twitter:data1\" content=\"4 minutes\" \/>\n<script type=\"application\/ld+json\" class=\"yoast-schema-graph\">{\"@context\":\"https:\\\/\\\/schema.org\",\"@graph\":[{\"@type\":\"WebPage\",\"@id\":\"https:\\\/\\\/www.msab.com\\\/fr\\\/industries\\\/\",\"url\":\"https:\\\/\\\/www.msab.com\\\/fr\\\/industries\\\/\",\"name\":\"Industries - MSAB\",\"isPartOf\":{\"@id\":\"https:\\\/\\\/www.msab.com\\\/fr\\\/#website\"},\"datePublished\":\"2024-08-14T10:16:41+00:00\",\"dateModified\":\"2024-08-14T10:17:43+00:00\",\"breadcrumb\":{\"@id\":\"https:\\\/\\\/www.msab.com\\\/fr\\\/industries\\\/#breadcrumb\"},\"inLanguage\":\"fr-FR\",\"potentialAction\":[{\"@type\":\"ReadAction\",\"target\":[\"https:\\\/\\\/www.msab.com\\\/fr\\\/industries\\\/\"]}]},{\"@type\":\"BreadcrumbList\",\"@id\":\"https:\\\/\\\/www.msab.com\\\/fr\\\/industries\\\/#breadcrumb\",\"itemListElement\":[{\"@type\":\"ListItem\",\"position\":1,\"name\":\"\",\"item\":\"https:\\\/\\\/www.msab.com\\\/fr\\\/\"},{\"@type\":\"ListItem\",\"position\":2,\"name\":\"Industries\"}]},{\"@type\":\"WebSite\",\"@id\":\"https:\\\/\\\/www.msab.com\\\/fr\\\/#website\",\"url\":\"https:\\\/\\\/www.msab.com\\\/fr\\\/\",\"name\":\"MSAB\",\"description\":\"Trusted Partner in Digital Forensics\",\"publisher\":{\"@id\":\"https:\\\/\\\/www.msab.com\\\/fr\\\/#organization\"},\"potentialAction\":[{\"@type\":\"SearchAction\",\"target\":{\"@type\":\"EntryPoint\",\"urlTemplate\":\"https:\\\/\\\/www.msab.com\\\/fr\\\/?s={search_term_string}\"},\"query-input\":{\"@type\":\"PropertyValueSpecification\",\"valueRequired\":true,\"valueName\":\"search_term_string\"}}],\"inLanguage\":\"fr-FR\"},{\"@type\":\"Organization\",\"@id\":\"https:\\\/\\\/www.msab.com\\\/fr\\\/#organization\",\"name\":\"MSAB\",\"url\":\"https:\\\/\\\/www.msab.com\\\/fr\\\/\",\"logo\":{\"@type\":\"ImageObject\",\"inLanguage\":\"fr-FR\",\"@id\":\"https:\\\/\\\/www.msab.com\\\/fr\\\/#\\\/schema\\\/logo\\\/image\\\/\",\"url\":\"https:\\\/\\\/www.msab.com\\\/wp-content\\\/uploads\\\/2023\\\/03\\\/MSAB-logo-Black-RGB.png\",\"contentUrl\":\"https:\\\/\\\/www.msab.com\\\/wp-content\\\/uploads\\\/2023\\\/03\\\/MSAB-logo-Black-RGB.png\",\"width\":1198,\"height\":353,\"caption\":\"MSAB\"},\"image\":{\"@id\":\"https:\\\/\\\/www.msab.com\\\/fr\\\/#\\\/schema\\\/logo\\\/image\\\/\"},\"sameAs\":[\"https:\\\/\\\/www.facebook.com\\\/microsystemation\",\"https:\\\/\\\/x.com\\\/MSAB_XRY\",\"https:\\\/\\\/www.linkedin.com\\\/company\\\/micro-systemation\"]}]}<\/script>\n<!-- \/ Yoast SEO Premium plugin. -->","yoast_head_json":{"title":"Industries - MSAB","robots":{"index":"index","follow":"follow","max-snippet":"max-snippet:-1","max-image-preview":"max-image-preview:large","max-video-preview":"max-video-preview:-1"},"canonical":"https:\/\/www.msab.com\/fr\/industries\/","og_locale":"fr_FR","og_type":"article","og_title":"Industries","og_url":"https:\/\/www.msab.com\/fr\/industries\/","og_site_name":"MSAB","article_publisher":"https:\/\/www.facebook.com\/microsystemation","article_modified_time":"2024-08-14T10:17:43+00:00","twitter_card":"summary_large_image","twitter_site":"@MSAB_XRY","twitter_misc":{"Dur\u00e9e de lecture estim\u00e9e":"4 minutes"},"schema":{"@context":"https:\/\/schema.org","@graph":[{"@type":"WebPage","@id":"https:\/\/www.msab.com\/fr\/industries\/","url":"https:\/\/www.msab.com\/fr\/industries\/","name":"Industries - MSAB","isPartOf":{"@id":"https:\/\/www.msab.com\/fr\/#website"},"datePublished":"2024-08-14T10:16:41+00:00","dateModified":"2024-08-14T10:17:43+00:00","breadcrumb":{"@id":"https:\/\/www.msab.com\/fr\/industries\/#breadcrumb"},"inLanguage":"fr-FR","potentialAction":[{"@type":"ReadAction","target":["https:\/\/www.msab.com\/fr\/industries\/"]}]},{"@type":"BreadcrumbList","@id":"https:\/\/www.msab.com\/fr\/industries\/#breadcrumb","itemListElement":[{"@type":"ListItem","position":1,"name":"","item":"https:\/\/www.msab.com\/fr\/"},{"@type":"ListItem","position":2,"name":"Industries"}]},{"@type":"WebSite","@id":"https:\/\/www.msab.com\/fr\/#website","url":"https:\/\/www.msab.com\/fr\/","name":"MSAB","description":"Trusted Partner in Digital Forensics","publisher":{"@id":"https:\/\/www.msab.com\/fr\/#organization"},"potentialAction":[{"@type":"SearchAction","target":{"@type":"EntryPoint","urlTemplate":"https:\/\/www.msab.com\/fr\/?s={search_term_string}"},"query-input":{"@type":"PropertyValueSpecification","valueRequired":true,"valueName":"search_term_string"}}],"inLanguage":"fr-FR"},{"@type":"Organization","@id":"https:\/\/www.msab.com\/fr\/#organization","name":"MSAB","url":"https:\/\/www.msab.com\/fr\/","logo":{"@type":"ImageObject","inLanguage":"fr-FR","@id":"https:\/\/www.msab.com\/fr\/#\/schema\/logo\/image\/","url":"https:\/\/www.msab.com\/wp-content\/uploads\/2023\/03\/MSAB-logo-Black-RGB.png","contentUrl":"https:\/\/www.msab.com\/wp-content\/uploads\/2023\/03\/MSAB-logo-Black-RGB.png","width":1198,"height":353,"caption":"MSAB"},"image":{"@id":"https:\/\/www.msab.com\/fr\/#\/schema\/logo\/image\/"},"sameAs":["https:\/\/www.facebook.com\/microsystemation","https:\/\/x.com\/MSAB_XRY","https:\/\/www.linkedin.com\/company\/micro-systemation"]}]}},"_links":{"self":[{"href":"https:\/\/www.msab.com\/fr\/wp-json\/wp\/v2\/pages\/171107","targetHints":{"allow":["GET"]}}],"collection":[{"href":"https:\/\/www.msab.com\/fr\/wp-json\/wp\/v2\/pages"}],"about":[{"href":"https:\/\/www.msab.com\/fr\/wp-json\/wp\/v2\/types\/page"}],"author":[{"embeddable":true,"href":"https:\/\/www.msab.com\/fr\/wp-json\/wp\/v2\/users\/106"}],"replies":[{"embeddable":true,"href":"https:\/\/www.msab.com\/fr\/wp-json\/wp\/v2\/comments?post=171107"}],"version-history":[{"count":4,"href":"https:\/\/www.msab.com\/fr\/wp-json\/wp\/v2\/pages\/171107\/revisions"}],"predecessor-version":[{"id":199983,"href":"https:\/\/www.msab.com\/fr\/wp-json\/wp\/v2\/pages\/171107\/revisions\/199983"}],"wp:attachment":[{"href":"https:\/\/www.msab.com\/fr\/wp-json\/wp\/v2\/media?parent=171107"}],"curies":[{"name":"wp","href":"https:\/\/api.w.org\/{rel}","templated":true}]}}