{"id":152770,"date":"2021-11-02T12:05:48","date_gmt":"2021-11-02T11:05:48","guid":{"rendered":"http:\/\/www.msab.com\/?page_id=152770"},"modified":"2022-11-24T16:53:03","modified_gmt":"2022-11-24T15:53:03","slug":"guides-whitepapers","status":"publish","type":"page","link":"https:\/\/www.msab.com\/fr\/resources\/guides-whitepapers\/","title":{"rendered":"Guides &#038; Whitepapers"},"content":{"rendered":"\n<section id=\"\" class=\"block regular-hero  blue-gradient-bg \" >\n    <div class=\"container\">\n\n        <div class=\"text-wrapper text-white\">\n            <h1 class=\"heading h1\">Guides &#038; Whitepapers<\/h1>            <p class=\"intro\">Guides and whitepapers dedicated to all aspects of Digital Forensics.<\/p>\n                    <\/div><!--\/text-wrapper-->\n        <div class=\"breadcrumb-part dark\"><nav id=\"breadcrumbs\" class=\"bread-nav\"><span><span><a href=\"https:\/\/www.msab.com\/fr\/\"><i class=\"fas fa-home\"><\/i><\/a><\/span><\/span><\/nav><\/div>    <\/div><!--\/container-->\n<\/section>\n\n\n\n\n<section id=\"\" class=\"block regular-content   pt-large pb-regular \">\n    <div class=\"container narrow\">\n                    <div class=\"editor-content\">\n                <h2>Our Guides &amp; Whitepapers<\/h2>\n            <\/div><!--\/.editor-content-->\n                    <\/div><!--\/.container-->\n<\/section><!--\/.regular-content-->\n\n<section class=\"block resources   \">\n    <div class=\"container\" id=\"block-resources\">\n        <ul class=\"resources__filter\" >\n                                    <li class=\"search\">\n                <form action=\"https:\/\/www.msab.com\/fr\/resources\/guides-whitepapers\/\" >\n                    <input type=\"search\" name=\"search\" value=\"\" \/>\n                <\/form>\n                <a href=\"#\">\n                    <i class=\"fas fa-search\"><\/i>\n                <\/a> \n            <\/li>\n        <\/ul>\n\n                    <section class=\"resources__listing\">\n            <input class=\"resources_category\" type=\"hidden\" value=\"guides-whitepapers\">\n                \n<article class=\"resources__item resources__item--featured\">\n    <figure>\n        <span class=\"ribbon\">\n            Whitepaper        <\/span>\n        <img decoding=\"async\" width=\"1180\" height=\"664\" src=\"https:\/\/www.msab.com\/wp-content\/uploads\/2025\/10\/RAM-blog-1180x664.jpg\" class=\"attachment-post-listing-big size-post-listing-big wp-post-image\" alt=\"\" srcset=\"https:\/\/www.msab.com\/wp-content\/uploads\/2025\/10\/RAM-blog-1180x664.jpg 1180w, https:\/\/www.msab.com\/wp-content\/uploads\/2025\/10\/RAM-blog-300x169.jpg 300w, https:\/\/www.msab.com\/wp-content\/uploads\/2025\/10\/RAM-blog-1024x576.jpg 1024w, https:\/\/www.msab.com\/wp-content\/uploads\/2025\/10\/RAM-blog-768x432.jpg 768w, https:\/\/www.msab.com\/wp-content\/uploads\/2025\/10\/RAM-blog-1536x864.jpg 1536w, https:\/\/www.msab.com\/wp-content\/uploads\/2025\/10\/RAM-blog-33x19.jpg 33w, https:\/\/www.msab.com\/wp-content\/uploads\/2025\/10\/RAM-blog-102x57.jpg 102w, https:\/\/www.msab.com\/wp-content\/uploads\/2025\/10\/RAM-blog-1240x698.jpg 1240w, https:\/\/www.msab.com\/wp-content\/uploads\/2025\/10\/RAM-blog-500x281.jpg 500w, https:\/\/www.msab.com\/wp-content\/uploads\/2025\/10\/RAM-blog.jpg 1920w\" sizes=\"(max-width: 1180px) 100vw, 1180px\" \/>    <\/figure>\n    <div class=\"content\">\n        <p class=\"meta\">\n\t\t\t20 octobre 2025\t\t<\/p>\n        <h4>Investigating RAM in a mobile device<\/h4>\n        <p class=\"excerpt\">\n            Investigating RAM in a Mobile Device This whitepaper by Dave Lauder examines&#8230;        <\/p>\n        <p class=\"link\">\n            <a href=\"https:\/\/www.msab.com\/fr\/guides-whitepapers\/investigating-ram-in-a-mobile-device\/\" class=\"btn btn-primary\">\n                Download            <\/a>\n        <\/p>\n    <\/div>\n<\/article>\n<article class=\"resources__item \">\n    <figure>\n        <span class=\"ribbon\">\n            Guide        <\/span>\n        <img decoding=\"async\" width=\"380\" height=\"240\" src=\"https:\/\/www.msab.com\/wp-content\/uploads\/2023\/05\/Ebook_XRY_2023_Cover_Image-380x240.jpg\" class=\"attachment-post-listing size-post-listing wp-post-image\" alt=\"\" \/>    <\/figure>\n    <div class=\"content\">\n        <p class=\"meta\">\n\t\t\t2 mai 2023\t\t<\/p>\n        <h4>The DFIR Efficiency Playbook: Streamlining Investigations with More Productive Labs<\/h4>\n        <p class=\"excerpt\">\n            With the ever-increasing number of devices, data, and encryption that accompany most&#8230;        <\/p>\n        <p class=\"link\">\n            <a href=\"https:\/\/www.msab.com\/fr\/guides-whitepapers\/dfir-efficiency-playbook-productive-labs\/\" class=\"btn btn-outline\">\n                Download            <\/a>\n        <\/p>\n    <\/div>\n<\/article>\n<article class=\"resources__item \">\n    <figure>\n        <span class=\"ribbon\">\n            Guide        <\/span>\n        <img decoding=\"async\" width=\"380\" height=\"240\" src=\"https:\/\/www.msab.com\/wp-content\/uploads\/2023\/04\/Guide_How_to_Extract_More_Phones_Fullspan_BG-1-380x240.jpg\" class=\"attachment-post-listing size-post-listing wp-post-image\" alt=\"how to extract more phones\" \/>    <\/figure>\n    <div class=\"content\">\n        <p class=\"meta\">\n\t\t\t20 avril 2023\t\t<\/p>\n        <h4>How to Extract More Phones Faster: 5 steps to make the most out of your time in the DFU<\/h4>\n        <p class=\"excerpt\">\n            As technology permeates almost every facet of human activity, the relevance of&#8230;        <\/p>\n        <p class=\"link\">\n            <a href=\"https:\/\/www.msab.com\/fr\/guides-whitepapers\/how-to-extract-more-phones-faster\/\" class=\"btn btn-outline\">\n                Download            <\/a>\n        <\/p>\n    <\/div>\n<\/article>\n<article class=\"resources__item \">\n    <figure>\n        <span class=\"ribbon\">\n            Whitepaper        <\/span>\n        <img decoding=\"async\" width=\"380\" height=\"240\" src=\"https:\/\/www.msab.com\/wp-content\/uploads\/2023\/03\/Whitepaper_How_Image_iPhone-380x240.jpg\" class=\"attachment-post-listing size-post-listing wp-post-image\" alt=\"\" \/>    <\/figure>\n    <div class=\"content\">\n        <p class=\"meta\">\n\t\t\t3 mars 2023\t\t<\/p>\n        <h4>How Did That Photo  Get on That iPhone? &#8211; Deep Dive into the iOS  \u201cPhotos.sqlite\u201d database<\/h4>\n        <p class=\"excerpt\">\n            &nbsp; Usually, the content of a photo, its EXIF information (if available),&#8230;        <\/p>\n        <p class=\"link\">\n            <a href=\"https:\/\/www.msab.com\/fr\/guides-whitepapers\/forensic-dive-into-ios-photos-sqlite-database\/\" class=\"btn btn-outline\">\n                Download            <\/a>\n        <\/p>\n    <\/div>\n<\/article>\n<article class=\"resources__item \">\n    <figure>\n        <span class=\"ribbon\">\n                    <\/span>\n        <img decoding=\"async\" width=\"380\" height=\"240\" src=\"https:\/\/www.msab.com\/wp-content\/uploads\/2022\/03\/Guide_Header_Overlay-380x240.jpg\" class=\"attachment-post-listing size-post-listing wp-post-image\" alt=\"\" \/>    <\/figure>\n    <div class=\"content\">\n        <p class=\"meta\">\n\t\t\t15 mars 2022\t\t<\/p>\n        <h4>Six m\u00e9thodes \u00e9prouv\u00e9es pour optimiser les op\u00e9rations de terrain tout en maximisant les r\u00e9sultats.<\/h4>\n        <p class=\"excerpt\">\n            Les appareils mobiles sont de v\u00e9ritables mines de donn\u00e9es et le nombre&#8230;        <\/p>\n        <p class=\"link\">\n            <a href=\"https:\/\/www.msab.com\/fr\/guides-whitepapers\/six-methodes-eprouvees-pour-optimiser-les-operations-de-terrain-tout-en-maximisant-les-resultats\/\" class=\"btn btn-outline\">\n                Download            <\/a>\n        <\/p>\n    <\/div>\n<\/article>            <\/section>\n            <\/div>\n\n    <div style=\"display: none;\">\n    <div class=\"resources__listing\">\n        <div class=\"container\">\n                        <div class=\"resources__listing--wrap d-flex flex-wrap\">\n\n                \n            <\/div>\n            <nav class=\"col-12 pagination text-center\">\n                            <\/nav>\n                    <\/div>\n    <\/div>\n    <\/div>\n<\/section>\n\n\n<section id=\"\" class=\"block sign-up-cta bg-blue-gradient \">\n    <div class=\"container narrow\">\n        <div class=\"info-wrap two-col\">\n\n                            <div class=\"cta-wrap editor-content\">\n                    <h2>Obtenir plus d&rsquo;informations<\/h2>\n<p>Recevez les derni\u00e8res informations de MSAB directement dans votre bo\u00eete de r\u00e9ception.<\/p>\n                <\/div><!--\/.editor-content-->\n            \n                            <div class=\"btn-wrap\">\n                    <a class=\"btn btn-primary\" href=\"#form-152273\" >Inscrivez-vous \u00e0 notre liste de mailing<\/a>\n                <\/div><!--\/.btn-wrap-->\n            \n        <\/div><!--\/.info-wrap-->\n    <\/div><!--\/.container-->\n<\/section><!--\/.sign-up-cta-->\n\n\n<section id=\"\" class=\"block form bg-light-grey \">\n    <div class=\"container narrow\">\n\n    \n        \n            <div class=\"form-wrap\">\n                <div\r\n        data-form-id='f2b53225-6f90-f011-b4cc-7c1e52fb5478'\r\n        data-form-api-url='https:\/\/public-eur.mkt.dynamics.com\/api\/v1.0\/orgs\/209eda7e-bbd7-45fb-82d9-810028103c6d\/landingpageforms'\r\n        data-cached-form-url='https:\/\/assets-eur.mkt.dynamics.com\/209eda7e-bbd7-45fb-82d9-810028103c6d\/digitalassets\/forms\/f2b53225-6f90-f011-b4cc-7c1e52fb5478' ><\/div>\r\n        <script src = 'https:\/\/cxppusa1formui01cdnsa01-endpoint.azureedge.net\/eur\/FormLoader\/FormLoader.bundle.js' ><\/script>            <\/div><!--\/.form-wrap-->\n\n        \n    \n    <\/div><!--\/.container-->\n<\/section>","protected":false},"excerpt":{"rendered":"","protected":false},"author":106,"featured_media":0,"parent":3918,"menu_order":0,"comment_status":"closed","ping_status":"closed","template":"","meta":{"_acf_changed":false,"footnotes":""},"class_list":["post-152770","page","type-page","status-publish","hentry"],"acf":[],"yoast_head":"<!-- This site is optimized with the Yoast SEO Premium plugin v25.0 (Yoast SEO v27.4) - https:\/\/yoast.com\/product\/yoast-seo-premium-wordpress\/ -->\n<title>Guides &amp; Whitepapers - MSAB<\/title>\n<meta name=\"robots\" content=\"index, follow, max-snippet:-1, max-image-preview:large, max-video-preview:-1\" \/>\n<link rel=\"canonical\" href=\"https:\/\/www.msab.com\/fr\/resources\/guides-whitepapers\/\" \/>\n<meta property=\"og:locale\" content=\"fr_FR\" \/>\n<meta property=\"og:type\" content=\"article\" \/>\n<meta property=\"og:title\" content=\"Guides &amp; Whitepapers\" \/>\n<meta property=\"og:url\" content=\"https:\/\/www.msab.com\/fr\/resources\/guides-whitepapers\/\" \/>\n<meta property=\"og:site_name\" content=\"MSAB\" \/>\n<meta property=\"article:publisher\" content=\"https:\/\/www.facebook.com\/microsystemation\" \/>\n<meta property=\"article:modified_time\" content=\"2022-11-24T15:53:03+00:00\" \/>\n<meta name=\"twitter:card\" content=\"summary_large_image\" \/>\n<meta name=\"twitter:site\" content=\"@MSAB_XRY\" \/>\n<script type=\"application\/ld+json\" class=\"yoast-schema-graph\">{\"@context\":\"https:\\\/\\\/schema.org\",\"@graph\":[{\"@type\":\"WebPage\",\"@id\":\"https:\\\/\\\/www.msab.com\\\/fr\\\/resources\\\/guides-whitepapers\\\/\",\"url\":\"https:\\\/\\\/www.msab.com\\\/fr\\\/resources\\\/guides-whitepapers\\\/\",\"name\":\"Guides & Whitepapers - MSAB\",\"isPartOf\":{\"@id\":\"https:\\\/\\\/www.msab.com\\\/fr\\\/#website\"},\"datePublished\":\"2021-11-02T11:05:48+00:00\",\"dateModified\":\"2022-11-24T15:53:03+00:00\",\"breadcrumb\":{\"@id\":\"https:\\\/\\\/www.msab.com\\\/fr\\\/resources\\\/guides-whitepapers\\\/#breadcrumb\"},\"inLanguage\":\"fr-FR\",\"potentialAction\":[{\"@type\":\"ReadAction\",\"target\":[\"https:\\\/\\\/www.msab.com\\\/fr\\\/resources\\\/guides-whitepapers\\\/\"]}]},{\"@type\":\"BreadcrumbList\",\"@id\":\"https:\\\/\\\/www.msab.com\\\/fr\\\/resources\\\/guides-whitepapers\\\/#breadcrumb\",\"itemListElement\":[{\"@type\":\"ListItem\",\"position\":1,\"name\":\"\",\"item\":\"https:\\\/\\\/www.msab.com\\\/fr\\\/\"},{\"@type\":\"ListItem\",\"position\":2,\"name\":\"Resources\",\"item\":\"https:\\\/\\\/www.msab.com\\\/fr\\\/resources\\\/\"},{\"@type\":\"ListItem\",\"position\":3,\"name\":\"Guides &#038; Whitepapers\"}]},{\"@type\":\"WebSite\",\"@id\":\"https:\\\/\\\/www.msab.com\\\/fr\\\/#website\",\"url\":\"https:\\\/\\\/www.msab.com\\\/fr\\\/\",\"name\":\"MSAB\",\"description\":\"Trusted Partner in Digital Forensics\",\"publisher\":{\"@id\":\"https:\\\/\\\/www.msab.com\\\/fr\\\/#organization\"},\"potentialAction\":[{\"@type\":\"SearchAction\",\"target\":{\"@type\":\"EntryPoint\",\"urlTemplate\":\"https:\\\/\\\/www.msab.com\\\/fr\\\/?s={search_term_string}\"},\"query-input\":{\"@type\":\"PropertyValueSpecification\",\"valueRequired\":true,\"valueName\":\"search_term_string\"}}],\"inLanguage\":\"fr-FR\"},{\"@type\":\"Organization\",\"@id\":\"https:\\\/\\\/www.msab.com\\\/fr\\\/#organization\",\"name\":\"MSAB\",\"url\":\"https:\\\/\\\/www.msab.com\\\/fr\\\/\",\"logo\":{\"@type\":\"ImageObject\",\"inLanguage\":\"fr-FR\",\"@id\":\"https:\\\/\\\/www.msab.com\\\/fr\\\/#\\\/schema\\\/logo\\\/image\\\/\",\"url\":\"https:\\\/\\\/www.msab.com\\\/wp-content\\\/uploads\\\/2023\\\/03\\\/MSAB-logo-Black-RGB.png\",\"contentUrl\":\"https:\\\/\\\/www.msab.com\\\/wp-content\\\/uploads\\\/2023\\\/03\\\/MSAB-logo-Black-RGB.png\",\"width\":1198,\"height\":353,\"caption\":\"MSAB\"},\"image\":{\"@id\":\"https:\\\/\\\/www.msab.com\\\/fr\\\/#\\\/schema\\\/logo\\\/image\\\/\"},\"sameAs\":[\"https:\\\/\\\/www.facebook.com\\\/microsystemation\",\"https:\\\/\\\/x.com\\\/MSAB_XRY\",\"https:\\\/\\\/www.linkedin.com\\\/company\\\/micro-systemation\"]}]}<\/script>\n<!-- \/ Yoast SEO Premium plugin. -->","yoast_head_json":{"title":"Guides & Whitepapers - MSAB","robots":{"index":"index","follow":"follow","max-snippet":"max-snippet:-1","max-image-preview":"max-image-preview:large","max-video-preview":"max-video-preview:-1"},"canonical":"https:\/\/www.msab.com\/fr\/resources\/guides-whitepapers\/","og_locale":"fr_FR","og_type":"article","og_title":"Guides & Whitepapers","og_url":"https:\/\/www.msab.com\/fr\/resources\/guides-whitepapers\/","og_site_name":"MSAB","article_publisher":"https:\/\/www.facebook.com\/microsystemation","article_modified_time":"2022-11-24T15:53:03+00:00","twitter_card":"summary_large_image","twitter_site":"@MSAB_XRY","schema":{"@context":"https:\/\/schema.org","@graph":[{"@type":"WebPage","@id":"https:\/\/www.msab.com\/fr\/resources\/guides-whitepapers\/","url":"https:\/\/www.msab.com\/fr\/resources\/guides-whitepapers\/","name":"Guides & Whitepapers - MSAB","isPartOf":{"@id":"https:\/\/www.msab.com\/fr\/#website"},"datePublished":"2021-11-02T11:05:48+00:00","dateModified":"2022-11-24T15:53:03+00:00","breadcrumb":{"@id":"https:\/\/www.msab.com\/fr\/resources\/guides-whitepapers\/#breadcrumb"},"inLanguage":"fr-FR","potentialAction":[{"@type":"ReadAction","target":["https:\/\/www.msab.com\/fr\/resources\/guides-whitepapers\/"]}]},{"@type":"BreadcrumbList","@id":"https:\/\/www.msab.com\/fr\/resources\/guides-whitepapers\/#breadcrumb","itemListElement":[{"@type":"ListItem","position":1,"name":"","item":"https:\/\/www.msab.com\/fr\/"},{"@type":"ListItem","position":2,"name":"Resources","item":"https:\/\/www.msab.com\/fr\/resources\/"},{"@type":"ListItem","position":3,"name":"Guides &#038; Whitepapers"}]},{"@type":"WebSite","@id":"https:\/\/www.msab.com\/fr\/#website","url":"https:\/\/www.msab.com\/fr\/","name":"MSAB","description":"Trusted Partner in Digital Forensics","publisher":{"@id":"https:\/\/www.msab.com\/fr\/#organization"},"potentialAction":[{"@type":"SearchAction","target":{"@type":"EntryPoint","urlTemplate":"https:\/\/www.msab.com\/fr\/?s={search_term_string}"},"query-input":{"@type":"PropertyValueSpecification","valueRequired":true,"valueName":"search_term_string"}}],"inLanguage":"fr-FR"},{"@type":"Organization","@id":"https:\/\/www.msab.com\/fr\/#organization","name":"MSAB","url":"https:\/\/www.msab.com\/fr\/","logo":{"@type":"ImageObject","inLanguage":"fr-FR","@id":"https:\/\/www.msab.com\/fr\/#\/schema\/logo\/image\/","url":"https:\/\/www.msab.com\/wp-content\/uploads\/2023\/03\/MSAB-logo-Black-RGB.png","contentUrl":"https:\/\/www.msab.com\/wp-content\/uploads\/2023\/03\/MSAB-logo-Black-RGB.png","width":1198,"height":353,"caption":"MSAB"},"image":{"@id":"https:\/\/www.msab.com\/fr\/#\/schema\/logo\/image\/"},"sameAs":["https:\/\/www.facebook.com\/microsystemation","https:\/\/x.com\/MSAB_XRY","https:\/\/www.linkedin.com\/company\/micro-systemation"]}]}},"_links":{"self":[{"href":"https:\/\/www.msab.com\/fr\/wp-json\/wp\/v2\/pages\/152770","targetHints":{"allow":["GET"]}}],"collection":[{"href":"https:\/\/www.msab.com\/fr\/wp-json\/wp\/v2\/pages"}],"about":[{"href":"https:\/\/www.msab.com\/fr\/wp-json\/wp\/v2\/types\/page"}],"author":[{"embeddable":true,"href":"https:\/\/www.msab.com\/fr\/wp-json\/wp\/v2\/users\/106"}],"replies":[{"embeddable":true,"href":"https:\/\/www.msab.com\/fr\/wp-json\/wp\/v2\/comments?post=152770"}],"version-history":[{"count":2,"href":"https:\/\/www.msab.com\/fr\/wp-json\/wp\/v2\/pages\/152770\/revisions"}],"predecessor-version":[{"id":173218,"href":"https:\/\/www.msab.com\/fr\/wp-json\/wp\/v2\/pages\/152770\/revisions\/173218"}],"up":[{"embeddable":true,"href":"https:\/\/www.msab.com\/fr\/wp-json\/wp\/v2\/pages\/3918"}],"wp:attachment":[{"href":"https:\/\/www.msab.com\/fr\/wp-json\/wp\/v2\/media?parent=152770"}],"curies":[{"name":"wp","href":"https:\/\/api.w.org\/{rel}","templated":true}]}}