{"id":152717,"date":"2021-11-02T10:40:40","date_gmt":"2021-11-02T09:40:40","guid":{"rendered":"http:\/\/www.msab.com\/?page_id=152717"},"modified":"2022-11-24T17:33:34","modified_gmt":"2022-11-24T16:33:34","slug":"case-studies","status":"publish","type":"page","link":"https:\/\/www.msab.com\/fr\/resources\/case-studies\/","title":{"rendered":"Case studies"},"content":{"rendered":"\n<section id=\"\" class=\"block regular-hero  blue-gradient-bg \" >\n    <div class=\"container\">\n\n        <div class=\"text-wrapper text-white\">\n            <h1 class=\"heading h1\">Case studies<\/h1>            \n                    <\/div><!--\/text-wrapper-->\n        <div class=\"breadcrumb-part dark\"><nav id=\"breadcrumbs\" class=\"bread-nav\"><span><span><a href=\"https:\/\/www.msab.com\/fr\/\"><i class=\"fas fa-home\"><\/i><\/a><\/span><\/span><\/nav><\/div>    <\/div><!--\/container-->\n<\/section>\n\n\n\n\n<section id=\"\" class=\"block regular-content   pt-large pb-regular \">\n    <div class=\"container narrow\">\n                    <div class=\"editor-content\">\n                <h2>Our Case studies<\/h2>\n            <\/div><!--\/.editor-content-->\n                    <\/div><!--\/.container-->\n<\/section><!--\/.regular-content-->\n\n<section class=\"block resources   \">\n    <div class=\"container\" id=\"block-resources\">\n        <ul class=\"resources__filter\" >\n                                    <li class=\"search\">\n                <form action=\"https:\/\/www.msab.com\/fr\/resources\/case-studies\/\" >\n                    <input type=\"search\" name=\"search\" value=\"\" \/>\n                <\/form>\n                <a href=\"#\">\n                    <i class=\"fas fa-search\"><\/i>\n                <\/a> \n            <\/li>\n        <\/ul>\n\n                    <section class=\"resources__listing\">\n            <input class=\"resources_category\" type=\"hidden\" value=\"case-studies\">\n                \n<article class=\"resources__item resources__item--featured\">\n    <figure>\n        <span class=\"ribbon\">\n            Case        <\/span>\n        <img decoding=\"async\" width=\"1180\" height=\"480\" src=\"https:\/\/www.msab.com\/wp-content\/uploads\/2024\/02\/MSAB_Case_Study_Kingston_Police_XRY_Pro_Cover_Overlay-1180x480.jpg\" class=\"attachment-post-listing-big size-post-listing-big wp-post-image\" alt=\"\" \/>    <\/figure>\n    <div class=\"content\">\n        <p class=\"meta\">\n\t\t\t27 f\u00e9vrier 2024\t\t<\/p>\n        <h4>XRY Pro \u2013 Enhancing Digital Forensics Capabilities in a Critical Murder Investigation<\/h4>\n        <p class=\"excerpt\">\n            Read Case Study\u00a0 While working in the Kingston Police digital forensics unit,&#8230;        <\/p>\n        <p class=\"link\">\n            <a href=\"https:\/\/www.msab.com\/fr\/case-studies\/xry-pro-canadian-case-study\/\" class=\"btn btn-primary\">\n                Read more            <\/a>\n        <\/p>\n    <\/div>\n<\/article>\n<article class=\"resources__item \">\n    <figure>\n        <span class=\"ribbon\">\n            Case        <\/span>\n        <img decoding=\"async\" width=\"380\" height=\"240\" src=\"https:\/\/www.msab.com\/wp-content\/uploads\/2023\/05\/MSAB_Case_Study_Canadian_Police_CSAM_Case_Cover_Overlay-380x240.jpg\" class=\"attachment-post-listing size-post-listing wp-post-image\" alt=\"\" \/>    <\/figure>\n    <div class=\"content\">\n        <p class=\"meta\">\n\t\t\t12 mai 2023\t\t<\/p>\n        <h4>Unlocking Evidence: How the Canadian Police Used the Power of XRY to Bring a Perpetrator to Justice in a CSAM Investigation<\/h4>\n        <p class=\"excerpt\">\n            Digital evidence is becoming increasingly ubiquitous in investigations and legal proceedings around&#8230;        <\/p>\n        <p class=\"link\">\n            <a href=\"https:\/\/www.msab.com\/fr\/case-studies\/csam-investigation-canadian-case-study\/\" class=\"btn btn-outline\">\n                Read more            <\/a>\n        <\/p>\n    <\/div>\n<\/article>\n<article class=\"resources__item \">\n    <figure>\n        <span class=\"ribbon\">\n            Case        <\/span>\n        <img decoding=\"async\" width=\"380\" height=\"240\" src=\"https:\/\/www.msab.com\/wp-content\/uploads\/2022\/03\/Selective_Extraction_Featured_Image-380x240.jpg\" class=\"attachment-post-listing size-post-listing wp-post-image\" alt=\"\" \/>    <\/figure>\n    <div class=\"content\">\n        <p class=\"meta\">\n\t\t\t16 octobre 2022\t\t<\/p>\n        <h4>CASE STUDY: Selective Extraction<\/h4>\n        <p class=\"excerpt\">\n            Catching the perpetrator in time while preserving the victims right to privacy&#8230;        <\/p>\n        <p class=\"link\">\n            <a href=\"https:\/\/www.msab.com\/fr\/case-studies\/case-study-selective-extraction\/\" class=\"btn btn-outline\">\n                Read more            <\/a>\n        <\/p>\n    <\/div>\n<\/article>\n<article class=\"resources__item \">\n    <figure>\n        <span class=\"ribbon\">\n            Case        <\/span>\n        <img decoding=\"async\" width=\"380\" height=\"240\" src=\"https:\/\/www.msab.com\/wp-content\/uploads\/2022\/03\/UK_Law_Enforcement_BG_Overlay-380x240.jpg\" class=\"attachment-post-listing size-post-listing wp-post-image\" alt=\"\" \/>    <\/figure>\n    <div class=\"content\">\n        <p class=\"meta\">\n\t\t\t15 mars 2022\t\t<\/p>\n        <h4>\u00c9TUDE DE CAS : Un service de police britannique<\/h4>\n        <p class=\"excerpt\">\n            Comment un service de police du Royaume-Uni a r\u00e9solu plus de crimes,&#8230;        <\/p>\n        <p class=\"link\">\n            <a href=\"https:\/\/www.msab.com\/fr\/case-studies\/case-study-uk-law-enforcement-agency\/\" class=\"btn btn-outline\">\n                Read more            <\/a>\n        <\/p>\n    <\/div>\n<\/article>\n<article class=\"resources__item \">\n    <figure>\n        <span class=\"ribbon\">\n            Case        <\/span>\n        <img decoding=\"async\" width=\"380\" height=\"240\" src=\"https:\/\/www.msab.com\/wp-content\/uploads\/2022\/03\/Sharon_UK_Police_Overlay-1-380x240.jpg\" class=\"attachment-post-listing size-post-listing wp-post-image\" alt=\"\" \/>    <\/figure>\n    <div class=\"content\">\n        <p class=\"meta\">\n\t\t\t15 mars 2022\t\t<\/p>\n        <h4>\u00c9TUDE DE CAS : Deux services de police britanniques<\/h4>\n        <p class=\"excerpt\">\n            Comment deux services de police britanniques ont consid\u00e9rablement am\u00e9lior\u00e9 leur efficacit\u00e9 et&#8230;        <\/p>\n        <p class=\"link\">\n            <a href=\"https:\/\/www.msab.com\/fr\/case-studies\/case-study-two-uk-police-forces\/\" class=\"btn btn-outline\">\n                Read more            <\/a>\n        <\/p>\n    <\/div>\n<\/article>            <\/section>\n            <\/div>\n\n    <div style=\"display: none;\">\n    <div class=\"resources__listing\">\n        <div class=\"container\">\n                        <div class=\"resources__listing--wrap d-flex flex-wrap\">\n\n                \n            <\/div>\n            <nav class=\"col-12 pagination text-center\">\n                            <\/nav>\n                    <\/div>\n    <\/div>\n    <\/div>\n<\/section>\n\n\n<section id=\"\" class=\"block sign-up-cta bg-blue-gradient \">\n    <div class=\"container narrow\">\n        <div class=\"info-wrap two-col\">\n\n                            <div class=\"cta-wrap editor-content\">\n                    <h2>Obtenir plus d\u2019informations<\/h2>\n<p>Recevez les derni\u00e8res informations de MSAB directement dans votre bo\u00eete de r\u00e9ception.<\/p>\n                <\/div><!--\/.editor-content-->\n            \n                            <div class=\"btn-wrap\">\n                    <a class=\"btn btn-primary\" href=\"#form-152273\" >Inscrivez-vous \u00e0 notre liste de mailing<\/a>\n                <\/div><!--\/.btn-wrap-->\n            \n        <\/div><!--\/.info-wrap-->\n    <\/div><!--\/.container-->\n<\/section><!--\/.sign-up-cta-->\n\n\n<section id=\"\" class=\"block form bg-light-grey \">\n    <div class=\"container narrow\">\n\n    \n        \n            <div class=\"form-wrap\">\n                <div\r\n        data-form-id='f2b53225-6f90-f011-b4cc-7c1e52fb5478'\r\n        data-form-api-url='https:\/\/public-eur.mkt.dynamics.com\/api\/v1.0\/orgs\/209eda7e-bbd7-45fb-82d9-810028103c6d\/landingpageforms'\r\n        data-cached-form-url='https:\/\/assets-eur.mkt.dynamics.com\/209eda7e-bbd7-45fb-82d9-810028103c6d\/digitalassets\/forms\/f2b53225-6f90-f011-b4cc-7c1e52fb5478' ><\/div>\r\n        <script src = 'https:\/\/cxppusa1formui01cdnsa01-endpoint.azureedge.net\/eur\/FormLoader\/FormLoader.bundle.js' ><\/script>            <\/div><!--\/.form-wrap-->\n\n        \n    \n    <\/div><!--\/.container-->\n<\/section>","protected":false},"excerpt":{"rendered":"","protected":false},"author":106,"featured_media":0,"parent":3918,"menu_order":0,"comment_status":"closed","ping_status":"closed","template":"","meta":{"_acf_changed":false,"footnotes":""},"class_list":["post-152717","page","type-page","status-publish","hentry"],"acf":[],"yoast_head":"<!-- This site is optimized with the Yoast SEO Premium plugin v25.0 (Yoast SEO v27.4) - https:\/\/yoast.com\/product\/yoast-seo-premium-wordpress\/ -->\n<title>Case studies - MSAB<\/title>\n<meta name=\"robots\" content=\"index, follow, max-snippet:-1, max-image-preview:large, max-video-preview:-1\" \/>\n<link rel=\"canonical\" href=\"https:\/\/www.msab.com\/fr\/resources\/case-studies\/\" \/>\n<meta property=\"og:locale\" content=\"fr_FR\" \/>\n<meta property=\"og:type\" content=\"article\" \/>\n<meta property=\"og:title\" content=\"Case studies\" \/>\n<meta property=\"og:url\" content=\"https:\/\/www.msab.com\/fr\/resources\/case-studies\/\" \/>\n<meta property=\"og:site_name\" content=\"MSAB\" \/>\n<meta property=\"article:publisher\" content=\"https:\/\/www.facebook.com\/microsystemation\" \/>\n<meta property=\"article:modified_time\" content=\"2022-11-24T16:33:34+00:00\" \/>\n<meta name=\"twitter:card\" content=\"summary_large_image\" \/>\n<meta name=\"twitter:site\" content=\"@MSAB_XRY\" \/>\n<script type=\"application\/ld+json\" class=\"yoast-schema-graph\">{\"@context\":\"https:\\\/\\\/schema.org\",\"@graph\":[{\"@type\":\"WebPage\",\"@id\":\"https:\\\/\\\/www.msab.com\\\/fr\\\/resources\\\/case-studies\\\/\",\"url\":\"https:\\\/\\\/www.msab.com\\\/fr\\\/resources\\\/case-studies\\\/\",\"name\":\"Case studies - MSAB\",\"isPartOf\":{\"@id\":\"https:\\\/\\\/www.msab.com\\\/fr\\\/#website\"},\"datePublished\":\"2021-11-02T09:40:40+00:00\",\"dateModified\":\"2022-11-24T16:33:34+00:00\",\"breadcrumb\":{\"@id\":\"https:\\\/\\\/www.msab.com\\\/fr\\\/resources\\\/case-studies\\\/#breadcrumb\"},\"inLanguage\":\"fr-FR\",\"potentialAction\":[{\"@type\":\"ReadAction\",\"target\":[\"https:\\\/\\\/www.msab.com\\\/fr\\\/resources\\\/case-studies\\\/\"]}]},{\"@type\":\"BreadcrumbList\",\"@id\":\"https:\\\/\\\/www.msab.com\\\/fr\\\/resources\\\/case-studies\\\/#breadcrumb\",\"itemListElement\":[{\"@type\":\"ListItem\",\"position\":1,\"name\":\"\",\"item\":\"https:\\\/\\\/www.msab.com\\\/fr\\\/\"},{\"@type\":\"ListItem\",\"position\":2,\"name\":\"Resources\",\"item\":\"https:\\\/\\\/www.msab.com\\\/fr\\\/resources\\\/\"},{\"@type\":\"ListItem\",\"position\":3,\"name\":\"Case studies\"}]},{\"@type\":\"WebSite\",\"@id\":\"https:\\\/\\\/www.msab.com\\\/fr\\\/#website\",\"url\":\"https:\\\/\\\/www.msab.com\\\/fr\\\/\",\"name\":\"MSAB\",\"description\":\"Trusted Partner in Digital Forensics\",\"publisher\":{\"@id\":\"https:\\\/\\\/www.msab.com\\\/fr\\\/#organization\"},\"potentialAction\":[{\"@type\":\"SearchAction\",\"target\":{\"@type\":\"EntryPoint\",\"urlTemplate\":\"https:\\\/\\\/www.msab.com\\\/fr\\\/?s={search_term_string}\"},\"query-input\":{\"@type\":\"PropertyValueSpecification\",\"valueRequired\":true,\"valueName\":\"search_term_string\"}}],\"inLanguage\":\"fr-FR\"},{\"@type\":\"Organization\",\"@id\":\"https:\\\/\\\/www.msab.com\\\/fr\\\/#organization\",\"name\":\"MSAB\",\"url\":\"https:\\\/\\\/www.msab.com\\\/fr\\\/\",\"logo\":{\"@type\":\"ImageObject\",\"inLanguage\":\"fr-FR\",\"@id\":\"https:\\\/\\\/www.msab.com\\\/fr\\\/#\\\/schema\\\/logo\\\/image\\\/\",\"url\":\"https:\\\/\\\/www.msab.com\\\/wp-content\\\/uploads\\\/2023\\\/03\\\/MSAB-logo-Black-RGB.png\",\"contentUrl\":\"https:\\\/\\\/www.msab.com\\\/wp-content\\\/uploads\\\/2023\\\/03\\\/MSAB-logo-Black-RGB.png\",\"width\":1198,\"height\":353,\"caption\":\"MSAB\"},\"image\":{\"@id\":\"https:\\\/\\\/www.msab.com\\\/fr\\\/#\\\/schema\\\/logo\\\/image\\\/\"},\"sameAs\":[\"https:\\\/\\\/www.facebook.com\\\/microsystemation\",\"https:\\\/\\\/x.com\\\/MSAB_XRY\",\"https:\\\/\\\/www.linkedin.com\\\/company\\\/micro-systemation\"]}]}<\/script>\n<!-- \/ Yoast SEO Premium plugin. -->","yoast_head_json":{"title":"Case studies - MSAB","robots":{"index":"index","follow":"follow","max-snippet":"max-snippet:-1","max-image-preview":"max-image-preview:large","max-video-preview":"max-video-preview:-1"},"canonical":"https:\/\/www.msab.com\/fr\/resources\/case-studies\/","og_locale":"fr_FR","og_type":"article","og_title":"Case studies","og_url":"https:\/\/www.msab.com\/fr\/resources\/case-studies\/","og_site_name":"MSAB","article_publisher":"https:\/\/www.facebook.com\/microsystemation","article_modified_time":"2022-11-24T16:33:34+00:00","twitter_card":"summary_large_image","twitter_site":"@MSAB_XRY","schema":{"@context":"https:\/\/schema.org","@graph":[{"@type":"WebPage","@id":"https:\/\/www.msab.com\/fr\/resources\/case-studies\/","url":"https:\/\/www.msab.com\/fr\/resources\/case-studies\/","name":"Case studies - MSAB","isPartOf":{"@id":"https:\/\/www.msab.com\/fr\/#website"},"datePublished":"2021-11-02T09:40:40+00:00","dateModified":"2022-11-24T16:33:34+00:00","breadcrumb":{"@id":"https:\/\/www.msab.com\/fr\/resources\/case-studies\/#breadcrumb"},"inLanguage":"fr-FR","potentialAction":[{"@type":"ReadAction","target":["https:\/\/www.msab.com\/fr\/resources\/case-studies\/"]}]},{"@type":"BreadcrumbList","@id":"https:\/\/www.msab.com\/fr\/resources\/case-studies\/#breadcrumb","itemListElement":[{"@type":"ListItem","position":1,"name":"","item":"https:\/\/www.msab.com\/fr\/"},{"@type":"ListItem","position":2,"name":"Resources","item":"https:\/\/www.msab.com\/fr\/resources\/"},{"@type":"ListItem","position":3,"name":"Case studies"}]},{"@type":"WebSite","@id":"https:\/\/www.msab.com\/fr\/#website","url":"https:\/\/www.msab.com\/fr\/","name":"MSAB","description":"Trusted Partner in Digital Forensics","publisher":{"@id":"https:\/\/www.msab.com\/fr\/#organization"},"potentialAction":[{"@type":"SearchAction","target":{"@type":"EntryPoint","urlTemplate":"https:\/\/www.msab.com\/fr\/?s={search_term_string}"},"query-input":{"@type":"PropertyValueSpecification","valueRequired":true,"valueName":"search_term_string"}}],"inLanguage":"fr-FR"},{"@type":"Organization","@id":"https:\/\/www.msab.com\/fr\/#organization","name":"MSAB","url":"https:\/\/www.msab.com\/fr\/","logo":{"@type":"ImageObject","inLanguage":"fr-FR","@id":"https:\/\/www.msab.com\/fr\/#\/schema\/logo\/image\/","url":"https:\/\/www.msab.com\/wp-content\/uploads\/2023\/03\/MSAB-logo-Black-RGB.png","contentUrl":"https:\/\/www.msab.com\/wp-content\/uploads\/2023\/03\/MSAB-logo-Black-RGB.png","width":1198,"height":353,"caption":"MSAB"},"image":{"@id":"https:\/\/www.msab.com\/fr\/#\/schema\/logo\/image\/"},"sameAs":["https:\/\/www.facebook.com\/microsystemation","https:\/\/x.com\/MSAB_XRY","https:\/\/www.linkedin.com\/company\/micro-systemation"]}]}},"_links":{"self":[{"href":"https:\/\/www.msab.com\/fr\/wp-json\/wp\/v2\/pages\/152717","targetHints":{"allow":["GET"]}}],"collection":[{"href":"https:\/\/www.msab.com\/fr\/wp-json\/wp\/v2\/pages"}],"about":[{"href":"https:\/\/www.msab.com\/fr\/wp-json\/wp\/v2\/types\/page"}],"author":[{"embeddable":true,"href":"https:\/\/www.msab.com\/fr\/wp-json\/wp\/v2\/users\/106"}],"replies":[{"embeddable":true,"href":"https:\/\/www.msab.com\/fr\/wp-json\/wp\/v2\/comments?post=152717"}],"version-history":[{"count":2,"href":"https:\/\/www.msab.com\/fr\/wp-json\/wp\/v2\/pages\/152717\/revisions"}],"predecessor-version":[{"id":173245,"href":"https:\/\/www.msab.com\/fr\/wp-json\/wp\/v2\/pages\/152717\/revisions\/173245"}],"up":[{"embeddable":true,"href":"https:\/\/www.msab.com\/fr\/wp-json\/wp\/v2\/pages\/3918"}],"wp:attachment":[{"href":"https:\/\/www.msab.com\/fr\/wp-json\/wp\/v2\/media?parent=152717"}],"curies":[{"name":"wp","href":"https:\/\/api.w.org\/{rel}","templated":true}]}}