{"id":152704,"date":"2021-11-02T10:38:09","date_gmt":"2021-11-02T09:38:09","guid":{"rendered":"http:\/\/www.msab.com\/?page_id=152704"},"modified":"2022-11-24T17:37:56","modified_gmt":"2022-11-24T16:37:56","slug":"blog","status":"publish","type":"page","link":"https:\/\/www.msab.com\/fr\/resources\/blog\/","title":{"rendered":"Blog"},"content":{"rendered":"\n<section id=\"\" class=\"block regular-hero  has-bg-img ovarlay-dark\" style=\"background-image: url(https:\/\/www.msab.com\/wp-content\/uploads\/2021\/11\/General_S.jpg);\">\n    <div class=\"container\">\n\n        <div class=\"text-wrapper text-white\">\n            <h1 class=\"heading h1\">Blog<\/h1>            \n                    <\/div><!--\/text-wrapper-->\n        <div class=\"breadcrumb-part dark\"><nav id=\"breadcrumbs\" class=\"bread-nav\"><span><span><a href=\"https:\/\/www.msab.com\/fr\/\"><i class=\"fas fa-home\"><\/i><\/a><\/span><\/span><\/nav><\/div>    <\/div><!--\/container-->\n<\/section>\n\n\n\n\n<section id=\"\" class=\"block regular-content   pt-large pb-regular bg-white\">\n    <div class=\"container narrow\">\n                    <div class=\"editor-content\">\n                <h2><span class=\"HwtZe\" lang=\"fr\"><span class=\"jCAhz ChMk0b\"><span class=\"ryNqvb\">Bienvenue sur le blog MSAB<\/span><\/span><\/span><\/h2>\n<p><span class=\"HwtZe\" lang=\"fr\"><span class=\"jCAhz ChMk0b\"><span class=\"ryNqvb\">Vous trouverez ici des nouvelles, des histoires du monde r\u00e9el, de l&rsquo;inspiration et des conseils sur la fa\u00e7on d&rsquo;utiliser avec succ\u00e8s l&rsquo;investigation mobile.<\/span><\/span><\/span><\/p>\n            <\/div><!--\/.editor-content-->\n                    <\/div><!--\/.container-->\n<\/section><!--\/.regular-content-->\n\n<section class=\"block resources   \">\n    <div class=\"container\" id=\"block-resources\">\n        <ul class=\"resources__filter\" >\n                                    <li class=\"search\">\n                <form action=\"https:\/\/www.msab.com\/fr\/resources\/blog\/\" >\n                    <input type=\"search\" name=\"search\" value=\"\" \/>\n                <\/form>\n                <a href=\"#\">\n                    <i class=\"fas fa-search\"><\/i>\n                <\/a> \n            <\/li>\n        <\/ul>\n\n                    <section class=\"resources__listing\">\n            <input class=\"resources_category\" type=\"hidden\" value=\"blog\">\n                \n<article class=\"resources__item resources__item--featured\">\n    <figure>\n        <span class=\"ribbon\">\n            Blog        <\/span>\n        <img decoding=\"async\" width=\"1180\" height=\"617\" src=\"https:\/\/www.msab.com\/wp-content\/uploads\/2025\/12\/Copy-of-Podcast-Template-1-1180x617.png\" class=\"attachment-post-listing-big size-post-listing-big wp-post-image\" alt=\"\" srcset=\"https:\/\/www.msab.com\/wp-content\/uploads\/2025\/12\/Copy-of-Podcast-Template-1-1180x617.png 1180w, https:\/\/www.msab.com\/wp-content\/uploads\/2025\/12\/Copy-of-Podcast-Template-1-300x157.png 300w, https:\/\/www.msab.com\/wp-content\/uploads\/2025\/12\/Copy-of-Podcast-Template-1-1024x536.png 1024w, https:\/\/www.msab.com\/wp-content\/uploads\/2025\/12\/Copy-of-Podcast-Template-1-768x402.png 768w, https:\/\/www.msab.com\/wp-content\/uploads\/2025\/12\/Copy-of-Podcast-Template-1-1536x804.png 1536w, https:\/\/www.msab.com\/wp-content\/uploads\/2025\/12\/Copy-of-Podcast-Template-1-2048x1072.png 2048w, https:\/\/www.msab.com\/wp-content\/uploads\/2025\/12\/Copy-of-Podcast-Template-1-33x17.png 33w, https:\/\/www.msab.com\/wp-content\/uploads\/2025\/12\/Copy-of-Podcast-Template-1-102x53.png 102w, https:\/\/www.msab.com\/wp-content\/uploads\/2025\/12\/Copy-of-Podcast-Template-1-1240x649.png 1240w, https:\/\/www.msab.com\/wp-content\/uploads\/2025\/12\/Copy-of-Podcast-Template-1-500x262.png 500w\" sizes=\"(max-width: 1180px) 100vw, 1180px\" \/>    <\/figure>\n    <div class=\"content\">\n        <p class=\"meta\">\n\t\t\t5 d\u00e9cembre 2025\t\t<\/p>\n        <h4>Unlocking the Power of RegEx in XAMN Pro ^\\w+([.-]?\\w+)*@\\w+([.-]?\\w+)*(\\.\\w{2,3})+$<\/h4>\n        <p class=\"excerpt\">\n            Author: Mikael Ibanez, Mar 2025 RegEx in XAMN Pro for investigators! If&#8230;        <\/p>\n        <p class=\"link\">\n            <a href=\"https:\/\/www.msab.com\/fr\/blog\/unlocking-the-power-of-regex-in-xamn-pro-w-ww-w-w23\/\" class=\"btn btn-primary\">\n                Read more            <\/a>\n        <\/p>\n    <\/div>\n<\/article>\n<article class=\"resources__item \">\n    <figure>\n        <span class=\"ribbon\">\n            Blog        <\/span>\n        <img decoding=\"async\" width=\"380\" height=\"240\" src=\"https:\/\/www.msab.com\/wp-content\/uploads\/2025\/11\/Copy-of-Podcast-Template-10-380x240.jpg\" class=\"attachment-post-listing size-post-listing wp-post-image\" alt=\"\" \/>    <\/figure>\n    <div class=\"content\">\n        <p class=\"meta\">\n\t\t\t7 novembre 2025\t\t<\/p>\n        <h4>The journey of brute forcing: From GPU dominance to CPU workhorses and back<\/h4>\n        <p class=\"excerpt\">\n            Author: Magnus Johansson &#8211; Professional Services at MSAB When a mobile device&#8230;        <\/p>\n        <p class=\"link\">\n            <a href=\"https:\/\/www.msab.com\/fr\/blog\/the-journey-of-brute-forcing-from-gpu-dominance-to-cpu-workhorses-and-back\/\" class=\"btn btn-outline\">\n                Read more            <\/a>\n        <\/p>\n    <\/div>\n<\/article>\n<article class=\"resources__item \">\n    <figure>\n        <span class=\"ribbon\">\n            Blog        <\/span>\n        <img decoding=\"async\" width=\"380\" height=\"240\" src=\"https:\/\/www.msab.com\/wp-content\/uploads\/2025\/10\/Copy-of-Untitled-Brand-Template-2-380x240.jpg\" class=\"attachment-post-listing size-post-listing wp-post-image\" alt=\"\" srcset=\"https:\/\/www.msab.com\/wp-content\/uploads\/2025\/10\/Copy-of-Untitled-Brand-Template-2-380x240.jpg 380w, https:\/\/www.msab.com\/wp-content\/uploads\/2025\/10\/Copy-of-Untitled-Brand-Template-2-300x190.jpg 300w, https:\/\/www.msab.com\/wp-content\/uploads\/2025\/10\/Copy-of-Untitled-Brand-Template-2-1024x647.jpg 1024w, https:\/\/www.msab.com\/wp-content\/uploads\/2025\/10\/Copy-of-Untitled-Brand-Template-2-768x486.jpg 768w, https:\/\/www.msab.com\/wp-content\/uploads\/2025\/10\/Copy-of-Untitled-Brand-Template-2-33x21.jpg 33w, https:\/\/www.msab.com\/wp-content\/uploads\/2025\/10\/Copy-of-Untitled-Brand-Template-2-102x64.jpg 102w, https:\/\/www.msab.com\/wp-content\/uploads\/2025\/10\/Copy-of-Untitled-Brand-Template-2-500x316.jpg 500w, https:\/\/www.msab.com\/wp-content\/uploads\/2025\/10\/Copy-of-Untitled-Brand-Template-2.jpg 1180w\" sizes=\"(max-width: 380px) 100vw, 380px\" \/>    <\/figure>\n    <div class=\"content\">\n        <p class=\"meta\">\n\t\t\t24 octobre 2025\t\t<\/p>\n        <h4>SQLite Secrets: iOS Location Data<\/h4>\n        <p class=\"excerpt\">\n            A Blog by Eric Arnoux &#8211;\u00a0 Mobile Forensic Specialist at MSAB In&#8230;        <\/p>\n        <p class=\"link\">\n            <a href=\"https:\/\/www.msab.com\/fr\/blog\/sqlite-secrets-ios-location-data\/\" class=\"btn btn-outline\">\n                Read more            <\/a>\n        <\/p>\n    <\/div>\n<\/article>\n<article class=\"resources__item \">\n    <figure>\n        <span class=\"ribbon\">\n            Blog        <\/span>\n        <img decoding=\"async\" width=\"380\" height=\"240\" src=\"https:\/\/www.msab.com\/wp-content\/uploads\/2025\/10\/Copy-of-Untitled-Brand-Template-3-380x240.jpg\" class=\"attachment-post-listing size-post-listing wp-post-image\" alt=\"\" srcset=\"https:\/\/www.msab.com\/wp-content\/uploads\/2025\/10\/Copy-of-Untitled-Brand-Template-3-380x240.jpg 380w, https:\/\/www.msab.com\/wp-content\/uploads\/2025\/10\/Copy-of-Untitled-Brand-Template-3-300x190.jpg 300w, https:\/\/www.msab.com\/wp-content\/uploads\/2025\/10\/Copy-of-Untitled-Brand-Template-3-1024x647.jpg 1024w, https:\/\/www.msab.com\/wp-content\/uploads\/2025\/10\/Copy-of-Untitled-Brand-Template-3-768x486.jpg 768w, https:\/\/www.msab.com\/wp-content\/uploads\/2025\/10\/Copy-of-Untitled-Brand-Template-3-33x21.jpg 33w, https:\/\/www.msab.com\/wp-content\/uploads\/2025\/10\/Copy-of-Untitled-Brand-Template-3-102x64.jpg 102w, https:\/\/www.msab.com\/wp-content\/uploads\/2025\/10\/Copy-of-Untitled-Brand-Template-3-500x316.jpg 500w, https:\/\/www.msab.com\/wp-content\/uploads\/2025\/10\/Copy-of-Untitled-Brand-Template-3.jpg 1180w\" sizes=\"(max-width: 380px) 100vw, 380px\" \/>    <\/figure>\n    <div class=\"content\">\n        <p class=\"meta\">\n\t\t\t6 octobre 2025\t\t<\/p>\n        <h4>Behind the Data: The Important Role of Chipsets in XRY &#038; XRY Pro<\/h4>\n        <p class=\"excerpt\">\n            Why chipsets matter in digital investigations When it comes to digital investigations,&#8230;        <\/p>\n        <p class=\"link\">\n            <a href=\"https:\/\/www.msab.com\/fr\/blog\/behind-the-data-the-important-role-of-chipsets-in-xry-xry-pro\/\" class=\"btn btn-outline\">\n                Read more            <\/a>\n        <\/p>\n    <\/div>\n<\/article>\n<article class=\"resources__item \">\n    <figure>\n        <span class=\"ribbon\">\n            Blog        <\/span>\n        <img decoding=\"async\" width=\"380\" height=\"240\" src=\"https:\/\/www.msab.com\/wp-content\/uploads\/2025\/09\/jessewilson-380x240.jpg\" class=\"attachment-post-listing size-post-listing wp-post-image\" alt=\"\" \/>    <\/figure>\n    <div class=\"content\">\n        <p class=\"meta\">\n\t\t\t1 octobre 2025\t\t<\/p>\n        <h4>Digital forensics &#8211; from a helpful tool to a vital necessity\u00a0<\/h4>\n        <p class=\"excerpt\">\n            &nbsp; &nbsp; Digital evidence is no longer a luxury in modern prosecution&#8230;        <\/p>\n        <p class=\"link\">\n            <a href=\"https:\/\/www.msab.com\/fr\/blog\/digital-forensics-from-a-helpful-tool-to-a-vital-necessity\/\" class=\"btn btn-outline\">\n                Read more            <\/a>\n        <\/p>\n    <\/div>\n<\/article>\n<article class=\"resources__item \">\n    <figure>\n        <span class=\"ribbon\">\n            Blog        <\/span>\n        <img decoding=\"async\" width=\"380\" height=\"240\" src=\"https:\/\/www.msab.com\/wp-content\/uploads\/2025\/08\/cables-380x240.jpg\" class=\"attachment-post-listing size-post-listing wp-post-image\" alt=\"\" srcset=\"https:\/\/www.msab.com\/wp-content\/uploads\/2025\/08\/cables-380x240.jpg 380w, https:\/\/www.msab.com\/wp-content\/uploads\/2025\/08\/cables-33x22.jpg 33w\" sizes=\"(max-width: 380px) 100vw, 380px\" \/>    <\/figure>\n    <div class=\"content\">\n        <p class=\"meta\">\n\t\t\t12 ao\u00fbt 2025\t\t<\/p>\n        <h4>More Than 100 Cable Types: A Look Back at Forensics Then and Now<\/h4>\n        <p class=\"excerpt\">\n            When I began working in digital forensics, almost twenty years ago, there&#8230;        <\/p>\n        <p class=\"link\">\n            <a href=\"https:\/\/www.msab.com\/fr\/blog\/remember-when-you-needed-100-cables-i-do\/\" class=\"btn btn-outline\">\n                Read more            <\/a>\n        <\/p>\n    <\/div>\n<\/article>\n<article class=\"resources__item \">\n    <figure>\n        <span class=\"ribbon\">\n            Blog        <\/span>\n        <img decoding=\"async\" width=\"380\" height=\"240\" src=\"https:\/\/www.msab.com\/wp-content\/uploads\/2025\/07\/3-380x240.png\" class=\"attachment-post-listing size-post-listing wp-post-image\" alt=\"\" \/>    <\/figure>\n    <div class=\"content\">\n        <p class=\"meta\">\n\t\t\t22 juillet 2025\t\t<\/p>\n        <h4>Putting Victims First: A Conversation with Child Rescue Coalition<\/h4>\n        <p class=\"excerpt\">\n            In the fight against online child exploitation, few organizations have had the&#8230;        <\/p>\n        <p class=\"link\">\n            <a href=\"https:\/\/www.msab.com\/fr\/blog\/putting-victims-first-a-conversation-with-child-rescue-coalition\/\" class=\"btn btn-outline\">\n                Read more            <\/a>\n        <\/p>\n    <\/div>\n<\/article>\n<article class=\"resources__item \">\n    <figure>\n        <span class=\"ribbon\">\n            Blog        <\/span>\n        <img decoding=\"async\" width=\"380\" height=\"240\" src=\"https:\/\/www.msab.com\/wp-content\/uploads\/2025\/07\/Zero-Day-vs-N-Day-Exploits-380x240.png\" class=\"attachment-post-listing size-post-listing wp-post-image\" alt=\"\" \/>    <\/figure>\n    <div class=\"content\">\n        <p class=\"meta\">\n\t\t\t16 juillet 2025\t\t<\/p>\n        <h4>Zero-Day vs N-Day Exploits: The Real Story Behind GPU Password Cracking<\/h4>\n        <p class=\"excerpt\">\n            What\u2019s the difference between a zero-day and an N-day exploit, and why&#8230;        <\/p>\n        <p class=\"link\">\n            <a href=\"https:\/\/www.msab.com\/fr\/blog\/zero-day-vs-n-day-exploits-the-real-story-behind-gpu-password-cracking\/\" class=\"btn btn-outline\">\n                Read more            <\/a>\n        <\/p>\n    <\/div>\n<\/article>\n<article class=\"resources__item \">\n    <figure>\n        <span class=\"ribbon\">\n            Blog        <\/span>\n        <img decoding=\"async\" width=\"380\" height=\"240\" src=\"https:\/\/www.msab.com\/wp-content\/uploads\/2025\/06\/christoffer2-380x240.jpg\" class=\"attachment-post-listing size-post-listing wp-post-image\" alt=\"\" \/>    <\/figure>\n    <div class=\"content\">\n        <p class=\"meta\">\n\t\t\t30 juin 2025\t\t<\/p>\n        <h4>Rethinking BFU support \u2013 A Lesson from the Show Floor<\/h4>\n        <p class=\"excerpt\">\n            Techno East 2025, Wilmington \u2013 Where I Realized Everyone Misunderstands BFU support&#8230;        <\/p>\n        <p class=\"link\">\n            <a href=\"https:\/\/www.msab.com\/fr\/blog\/rethinking-bfu-support-a-lesson-from-the-show-floor\/\" class=\"btn btn-outline\">\n                Read more            <\/a>\n        <\/p>\n    <\/div>\n<\/article>\n<article class=\"resources__item \">\n    <figure>\n        <span class=\"ribbon\">\n            Blog        <\/span>\n        <img decoding=\"async\" width=\"380\" height=\"240\" src=\"https:\/\/www.msab.com\/wp-content\/uploads\/2025\/04\/forensic-puzzle_-1-380x240.png\" class=\"attachment-post-listing size-post-listing wp-post-image\" alt=\"\" \/>    <\/figure>\n    <div class=\"content\">\n        <p class=\"meta\">\n\t\t\t28 avril 2025\t\t<\/p>\n        <h4>The Curious Case of the Encoded SMS: A Forensic Puzzle in 7-Bit PDU<\/h4>\n        <p class=\"excerpt\">\n            Did you solve our Friday Challenge we posted on LinkedIn? Digital forensics&#8230;        <\/p>\n        <p class=\"link\">\n            <a href=\"https:\/\/www.msab.com\/fr\/blog\/the-curious-case-of-the-encoded-sms-a-forensic-puzzle-in-7-bit-pdu\/\" class=\"btn btn-outline\">\n                Read more            <\/a>\n        <\/p>\n    <\/div>\n<\/article>                    <nav class=\"col-12 pagination text-center\">\n                        <span aria-current=\"page\" class=\"page-numbers current\">1<\/span>\n<a class=\"page-numbers\" href=\"https:\/\/www.msab.com\/fr\/wp-json\/wp\/v2\/pages\/152704\/page\/2\/\">2<\/a>\n<span class=\"page-numbers dots\">\u2026<\/span>\n<a class=\"page-numbers\" href=\"https:\/\/www.msab.com\/fr\/wp-json\/wp\/v2\/pages\/152704\/page\/8\/\">8<\/a>\n<a class=\"page-numbers\" href=\"https:\/\/www.msab.com\/fr\/wp-json\/wp\/v2\/pages\/152704\/page\/9\/\">9<\/a>\n<a class=\"next page-numbers\" href=\"https:\/\/www.msab.com\/fr\/wp-json\/wp\/v2\/pages\/152704\/page\/2\/\"><i class=\"fas fa-arrow-right\"><\/i><\/a>                    <\/nav>\n                                <\/section>\n            <\/div>\n\n    <div style=\"display: none;\">\n    <div class=\"resources__listing\">\n        <div class=\"container\">\n                        <div class=\"resources__listing--wrap d-flex flex-wrap\">\n\n                \n            <\/div>\n            <nav class=\"col-12 pagination text-center\">\n                <span aria-current=\"page\" class=\"page-numbers current\">1<\/span>\n<a class=\"page-numbers\" href=\"https:\/\/www.msab.com\/fr\/wp-json\/wp\/v2\/pages\/152704\/page\/2\/\">2<\/a>\n<span class=\"page-numbers dots\">\u2026<\/span>\n<a class=\"page-numbers\" href=\"https:\/\/www.msab.com\/fr\/wp-json\/wp\/v2\/pages\/152704\/page\/8\/\">8<\/a>\n<a class=\"page-numbers\" href=\"https:\/\/www.msab.com\/fr\/wp-json\/wp\/v2\/pages\/152704\/page\/9\/\">9<\/a>\n<a class=\"next page-numbers\" href=\"https:\/\/www.msab.com\/fr\/wp-json\/wp\/v2\/pages\/152704\/page\/2\/\"><i class=\"fas fa-arrow-right\"><\/i><\/a>            <\/nav>\n                    <\/div>\n    <\/div>\n    <\/div>\n<\/section>\n\n\n<section id=\"\" class=\"block sign-up-cta bg-blue-gradient \">\n    <div class=\"container narrow\">\n        <div class=\"info-wrap two-col\">\n\n                            <div class=\"cta-wrap editor-content\">\n                    <div class=\"cta-wrap editor-content\">\n<h2>Obtenir plus d\u2019informations<\/h2>\n<p>Recevez les derni\u00e8res informations de MSAB directement dans votre bo\u00eete de r\u00e9ception.<\/p>\n<\/div>\n                <\/div><!--\/.editor-content-->\n            \n                            <div class=\"btn-wrap\">\n                    <a class=\"btn btn-primary\" href=\"#form-152273\" >Inscrivez-vous \u00e0 notre liste de mailing<\/a>\n                <\/div><!--\/.btn-wrap-->\n            \n        <\/div><!--\/.info-wrap-->\n    <\/div><!--\/.container-->\n<\/section><!--\/.sign-up-cta-->\n\n\n<section id=\"\" class=\"block form bg-light-grey \">\n    <div class=\"container narrow\">\n\n    \n        \n            <div class=\"form-wrap\">\n                <div\r\n        data-form-id='f2b53225-6f90-f011-b4cc-7c1e52fb5478'\r\n        data-form-api-url='https:\/\/public-eur.mkt.dynamics.com\/api\/v1.0\/orgs\/209eda7e-bbd7-45fb-82d9-810028103c6d\/landingpageforms'\r\n        data-cached-form-url='https:\/\/assets-eur.mkt.dynamics.com\/209eda7e-bbd7-45fb-82d9-810028103c6d\/digitalassets\/forms\/f2b53225-6f90-f011-b4cc-7c1e52fb5478' ><\/div>\r\n        <script src = 'https:\/\/cxppusa1formui01cdnsa01-endpoint.azureedge.net\/eur\/FormLoader\/FormLoader.bundle.js' ><\/script>            <\/div><!--\/.form-wrap-->\n\n        \n    \n    <\/div><!--\/.container-->\n<\/section>","protected":false},"excerpt":{"rendered":"","protected":false},"author":106,"featured_media":0,"parent":3918,"menu_order":0,"comment_status":"closed","ping_status":"closed","template":"","meta":{"_acf_changed":false,"footnotes":""},"class_list":["post-152704","page","type-page","status-publish","hentry"],"acf":[],"yoast_head":"<!-- This site is optimized with the Yoast SEO Premium plugin v25.0 (Yoast SEO v27.4) - https:\/\/yoast.com\/product\/yoast-seo-premium-wordpress\/ -->\n<title>Blog - MSAB<\/title>\n<meta name=\"robots\" content=\"index, follow, max-snippet:-1, max-image-preview:large, max-video-preview:-1\" \/>\n<link rel=\"canonical\" href=\"https:\/\/www.msab.com\/fr\/resources\/blog\/\" \/>\n<meta property=\"og:locale\" content=\"fr_FR\" \/>\n<meta property=\"og:type\" content=\"article\" \/>\n<meta property=\"og:title\" content=\"Blog\" \/>\n<meta property=\"og:url\" content=\"https:\/\/www.msab.com\/fr\/resources\/blog\/\" \/>\n<meta property=\"og:site_name\" content=\"MSAB\" \/>\n<meta property=\"article:publisher\" content=\"https:\/\/www.facebook.com\/microsystemation\" \/>\n<meta property=\"article:modified_time\" content=\"2022-11-24T16:37:56+00:00\" \/>\n<meta name=\"twitter:card\" content=\"summary_large_image\" \/>\n<meta name=\"twitter:site\" content=\"@MSAB_XRY\" \/>\n<script type=\"application\/ld+json\" class=\"yoast-schema-graph\">{\"@context\":\"https:\\\/\\\/schema.org\",\"@graph\":[{\"@type\":\"WebPage\",\"@id\":\"https:\\\/\\\/www.msab.com\\\/fr\\\/resources\\\/blog\\\/\",\"url\":\"https:\\\/\\\/www.msab.com\\\/fr\\\/resources\\\/blog\\\/\",\"name\":\"Blog - MSAB\",\"isPartOf\":{\"@id\":\"https:\\\/\\\/www.msab.com\\\/fr\\\/#website\"},\"datePublished\":\"2021-11-02T09:38:09+00:00\",\"dateModified\":\"2022-11-24T16:37:56+00:00\",\"breadcrumb\":{\"@id\":\"https:\\\/\\\/www.msab.com\\\/fr\\\/resources\\\/blog\\\/#breadcrumb\"},\"inLanguage\":\"fr-FR\",\"potentialAction\":[{\"@type\":\"ReadAction\",\"target\":[\"https:\\\/\\\/www.msab.com\\\/fr\\\/resources\\\/blog\\\/\"]}]},{\"@type\":\"BreadcrumbList\",\"@id\":\"https:\\\/\\\/www.msab.com\\\/fr\\\/resources\\\/blog\\\/#breadcrumb\",\"itemListElement\":[{\"@type\":\"ListItem\",\"position\":1,\"name\":\"\",\"item\":\"https:\\\/\\\/www.msab.com\\\/fr\\\/\"},{\"@type\":\"ListItem\",\"position\":2,\"name\":\"Resources\",\"item\":\"https:\\\/\\\/www.msab.com\\\/fr\\\/resources\\\/\"},{\"@type\":\"ListItem\",\"position\":3,\"name\":\"Blog\"}]},{\"@type\":\"WebSite\",\"@id\":\"https:\\\/\\\/www.msab.com\\\/fr\\\/#website\",\"url\":\"https:\\\/\\\/www.msab.com\\\/fr\\\/\",\"name\":\"MSAB\",\"description\":\"Trusted Partner in Digital Forensics\",\"publisher\":{\"@id\":\"https:\\\/\\\/www.msab.com\\\/fr\\\/#organization\"},\"potentialAction\":[{\"@type\":\"SearchAction\",\"target\":{\"@type\":\"EntryPoint\",\"urlTemplate\":\"https:\\\/\\\/www.msab.com\\\/fr\\\/?s={search_term_string}\"},\"query-input\":{\"@type\":\"PropertyValueSpecification\",\"valueRequired\":true,\"valueName\":\"search_term_string\"}}],\"inLanguage\":\"fr-FR\"},{\"@type\":\"Organization\",\"@id\":\"https:\\\/\\\/www.msab.com\\\/fr\\\/#organization\",\"name\":\"MSAB\",\"url\":\"https:\\\/\\\/www.msab.com\\\/fr\\\/\",\"logo\":{\"@type\":\"ImageObject\",\"inLanguage\":\"fr-FR\",\"@id\":\"https:\\\/\\\/www.msab.com\\\/fr\\\/#\\\/schema\\\/logo\\\/image\\\/\",\"url\":\"https:\\\/\\\/www.msab.com\\\/wp-content\\\/uploads\\\/2023\\\/03\\\/MSAB-logo-Black-RGB.png\",\"contentUrl\":\"https:\\\/\\\/www.msab.com\\\/wp-content\\\/uploads\\\/2023\\\/03\\\/MSAB-logo-Black-RGB.png\",\"width\":1198,\"height\":353,\"caption\":\"MSAB\"},\"image\":{\"@id\":\"https:\\\/\\\/www.msab.com\\\/fr\\\/#\\\/schema\\\/logo\\\/image\\\/\"},\"sameAs\":[\"https:\\\/\\\/www.facebook.com\\\/microsystemation\",\"https:\\\/\\\/x.com\\\/MSAB_XRY\",\"https:\\\/\\\/www.linkedin.com\\\/company\\\/micro-systemation\"]}]}<\/script>\n<!-- \/ Yoast SEO Premium plugin. -->","yoast_head_json":{"title":"Blog - MSAB","robots":{"index":"index","follow":"follow","max-snippet":"max-snippet:-1","max-image-preview":"max-image-preview:large","max-video-preview":"max-video-preview:-1"},"canonical":"https:\/\/www.msab.com\/fr\/resources\/blog\/","og_locale":"fr_FR","og_type":"article","og_title":"Blog","og_url":"https:\/\/www.msab.com\/fr\/resources\/blog\/","og_site_name":"MSAB","article_publisher":"https:\/\/www.facebook.com\/microsystemation","article_modified_time":"2022-11-24T16:37:56+00:00","twitter_card":"summary_large_image","twitter_site":"@MSAB_XRY","schema":{"@context":"https:\/\/schema.org","@graph":[{"@type":"WebPage","@id":"https:\/\/www.msab.com\/fr\/resources\/blog\/","url":"https:\/\/www.msab.com\/fr\/resources\/blog\/","name":"Blog - MSAB","isPartOf":{"@id":"https:\/\/www.msab.com\/fr\/#website"},"datePublished":"2021-11-02T09:38:09+00:00","dateModified":"2022-11-24T16:37:56+00:00","breadcrumb":{"@id":"https:\/\/www.msab.com\/fr\/resources\/blog\/#breadcrumb"},"inLanguage":"fr-FR","potentialAction":[{"@type":"ReadAction","target":["https:\/\/www.msab.com\/fr\/resources\/blog\/"]}]},{"@type":"BreadcrumbList","@id":"https:\/\/www.msab.com\/fr\/resources\/blog\/#breadcrumb","itemListElement":[{"@type":"ListItem","position":1,"name":"","item":"https:\/\/www.msab.com\/fr\/"},{"@type":"ListItem","position":2,"name":"Resources","item":"https:\/\/www.msab.com\/fr\/resources\/"},{"@type":"ListItem","position":3,"name":"Blog"}]},{"@type":"WebSite","@id":"https:\/\/www.msab.com\/fr\/#website","url":"https:\/\/www.msab.com\/fr\/","name":"MSAB","description":"Trusted Partner in Digital Forensics","publisher":{"@id":"https:\/\/www.msab.com\/fr\/#organization"},"potentialAction":[{"@type":"SearchAction","target":{"@type":"EntryPoint","urlTemplate":"https:\/\/www.msab.com\/fr\/?s={search_term_string}"},"query-input":{"@type":"PropertyValueSpecification","valueRequired":true,"valueName":"search_term_string"}}],"inLanguage":"fr-FR"},{"@type":"Organization","@id":"https:\/\/www.msab.com\/fr\/#organization","name":"MSAB","url":"https:\/\/www.msab.com\/fr\/","logo":{"@type":"ImageObject","inLanguage":"fr-FR","@id":"https:\/\/www.msab.com\/fr\/#\/schema\/logo\/image\/","url":"https:\/\/www.msab.com\/wp-content\/uploads\/2023\/03\/MSAB-logo-Black-RGB.png","contentUrl":"https:\/\/www.msab.com\/wp-content\/uploads\/2023\/03\/MSAB-logo-Black-RGB.png","width":1198,"height":353,"caption":"MSAB"},"image":{"@id":"https:\/\/www.msab.com\/fr\/#\/schema\/logo\/image\/"},"sameAs":["https:\/\/www.facebook.com\/microsystemation","https:\/\/x.com\/MSAB_XRY","https:\/\/www.linkedin.com\/company\/micro-systemation"]}]}},"_links":{"self":[{"href":"https:\/\/www.msab.com\/fr\/wp-json\/wp\/v2\/pages\/152704","targetHints":{"allow":["GET"]}}],"collection":[{"href":"https:\/\/www.msab.com\/fr\/wp-json\/wp\/v2\/pages"}],"about":[{"href":"https:\/\/www.msab.com\/fr\/wp-json\/wp\/v2\/types\/page"}],"author":[{"embeddable":true,"href":"https:\/\/www.msab.com\/fr\/wp-json\/wp\/v2\/users\/106"}],"replies":[{"embeddable":true,"href":"https:\/\/www.msab.com\/fr\/wp-json\/wp\/v2\/comments?post=152704"}],"version-history":[{"count":2,"href":"https:\/\/www.msab.com\/fr\/wp-json\/wp\/v2\/pages\/152704\/revisions"}],"predecessor-version":[{"id":173250,"href":"https:\/\/www.msab.com\/fr\/wp-json\/wp\/v2\/pages\/152704\/revisions\/173250"}],"up":[{"embeddable":true,"href":"https:\/\/www.msab.com\/fr\/wp-json\/wp\/v2\/pages\/3918"}],"wp:attachment":[{"href":"https:\/\/www.msab.com\/fr\/wp-json\/wp\/v2\/media?parent=152704"}],"curies":[{"name":"wp","href":"https:\/\/api.w.org\/{rel}","templated":true}]}}