{"id":5564,"date":"2021-10-15T08:28:40","date_gmt":"2021-10-15T06:28:40","guid":{"rendered":"http:\/\/www.msab.com\/?post_type=product&#038;p=5564"},"modified":"2021-11-10T11:29:09","modified_gmt":"2021-11-10T10:29:09","slug":"xry-express","status":"publish","type":"product","link":"https:\/\/www.msab.com\/es\/productos\/xry-extract\/xry-express\/","title":{"rendered":"XRY Express"},"content":{"rendered":"\n<section id=\"\" class=\"block product-hero  \">\n    <div class=\"bg-image\">\n        <div class=\"img\" style=\"background-image: url(https:\/\/www.msab.com\/wp-content\/uploads\/2021\/08\/XRY_Hero_5.png);\"><\/div>\n    <\/div>\n    <div class=\"container\">\n\n        <div class=\"text-wrapper text-white text-center\">\n\n            <img decoding=\"async\" width=\"204\" height=\"133\" src=\"https:\/\/www.msab.com\/wp-content\/uploads\/2021\/08\/XRY_Express_Logo_White.png\" class=\"product-logo\" alt=\"\" srcset=\"https:\/\/www.msab.com\/wp-content\/uploads\/2021\/08\/XRY_Express_Logo_White.png 204w, https:\/\/www.msab.com\/wp-content\/uploads\/2021\/08\/XRY_Express_Logo_White-33x22.png 33w, https:\/\/www.msab.com\/wp-content\/uploads\/2021\/08\/XRY_Express_Logo_White-102x67.png 102w\" sizes=\"(max-width: 204px) 100vw, 204px\" \/>\n            <p class=\"intro\">Flujo de trabajo simplificado y bloqueado que cumple con la norma ISO 17025<\/p>\n        <\/div><!--\/text-wrapper-->\n        <div class=\"breadcrumb-part dark\"><nav id=\"breadcrumbs\" class=\"bread-nav\"><span><span><a href=\"https:\/\/www.msab.com\/es\/\"><i class=\"fas fa-home\"><\/i><\/a><\/span><\/span><\/nav><\/div>    <\/div><!--\/container-->\n<\/section>\n\n\n\n<section id=\"\" class=\"block regular-content   pt-regular pb-regular bg-light-grey\">\n    <div class=\"container two-columns\">\n                    <div class=\"editor-content\">\n                <h2>\u00bfQu\u00e9 es XRY Express?<\/h2>\n<p>XRY Express proporciona un flujo de trabajo simplificado y bloqueado para extracciones de dispositivos m\u00f3viles que permite un procesamiento r\u00e1pido y f\u00e1cil por parte de investigadores de campo y otros, no solo por expertos en su laboratorio forense. XRY Express es el software que ejecuta Kiosk de MSAB y ahora puede instalarse en un ordenador con Windows que proporciona los beneficios de un flujo de trabajo f\u00e1cil de seguir y de una pantalla t\u00e1ctil o capacidad para teclado.<br \/>\nLos usuarios de primera l\u00ednea pueden descubrir pruebas pr\u00e1cticas que reducen r\u00e1pidamente los retrasos que pueden ocurrir cuando los dispositivos deben procesarse en un laboratorio. Los gerentes y equipos de TI valorar\u00e1n la forma en que XRY Express garantiza el cumplimiento de las pol\u00edticas y procesos de la organizaci\u00f3n, as\u00ed como las pol\u00edticas de seguridad de TI. Y los flujos de trabajo de extracci\u00f3n se pueden configurar para satisfacer sus necesidades espec\u00edficas.<\/p>\n<p><a class=\"btn btn-primary\" href=\"https:\/\/www.msab.com\/es\/contact\/\">Contactar con ventas<\/a>\u00a0 \u00a0 \u00a0\u00a0<a class=\"btn btn-outline\" href=\"#\">Scheda prodotto<\/a><\/p>\n            <\/div><!--\/.editor-content-->\n                            <div class=\"editor-content\">\n                <p><img decoding=\"async\" class=\"alignnone size-full wp-image-153898\" src=\"https:\/\/www.msab.com\/wp-content\/uploads\/2021\/08\/XRY_Express_Screenshot.png\" alt=\"\" width=\"800\" srcset=\"https:\/\/www.msab.com\/wp-content\/uploads\/2021\/08\/XRY_Express_Screenshot.png 800w, https:\/\/www.msab.com\/wp-content\/uploads\/2021\/08\/XRY_Express_Screenshot-300x169.png 300w, https:\/\/www.msab.com\/wp-content\/uploads\/2021\/08\/XRY_Express_Screenshot-768x432.png 768w, https:\/\/www.msab.com\/wp-content\/uploads\/2021\/08\/XRY_Express_Screenshot-33x19.png 33w, https:\/\/www.msab.com\/wp-content\/uploads\/2021\/08\/XRY_Express_Screenshot-102x57.png 102w, https:\/\/www.msab.com\/wp-content\/uploads\/2021\/08\/XRY_Express_Screenshot-500x281.png 500w\" sizes=\"(max-width: 800px) 100vw, 800px\" \/><\/p>\n            <\/div><!--\/.editor-content-->\n            <\/div><!--\/.container-->\n<\/section><!--\/.regular-content-->\n\n\n<section id=\"\" class=\"block list-block bg-white \">\n    <div class=\"container\">\n\n                <div class=\"list-block__top-content editor-content center\">\n            <h3 style=\"text-align: center;\">La licencia XRY incluye<\/h3>\n<p style=\"text-align: center;\">Cables gratis. Actualizaciones gratuitas de software. Soporte t\u00e9cnico gratuito.<\/p>\n<h4 style=\"text-align: center;\">Garant\u00eda extendida disponible en todos los equipos fabricados por MSAB siempre que se mantenga la licencia de XRY.<\/h4>\n        <\/div><!--\/.top-content-->\n                \n                <div class=\"list-block__row d-flex\">\n\n            \n            <div class=\"list-block__wrap\">\n                <div class=\"list-block__col editor-content\">\n\n                    <h4 class=\"bold\">Caracter\u00edsticas destacadas del producto<\/h4>                    \n                                        <ul class=\"check-list blue\">\n\n                                                <li>Asistentes de extracci\u00f3n f\u00e1ciles de usar<\/li>\n                                                <li> Secuencias personalizadas para diferentes grupos de usuarios<\/li>\n                                                <li>Ayuda a cumplir las normas y regulaciones<\/li>\n                                                <li>Gesti\u00f3n remota y actualizaciones con XEC Director<\/li>\n                                                <li> Instalaci\u00f3n en ordenadores con Windows junto con otro software<\/li>\n                        \n                    <\/ul><!--\/.check-list-->\n                                    <\/div><!--\/.list-block__col-->\n            <\/div><!--\/.list-block__wrap-->\n            \n            <div class=\"list-block__wrap\">\n                <div class=\"list-block__col editor-content\">\n\n                    <h4 class=\"bold\">Caracter\u00edsticas<\/h4>                    \n                                        <ul class=\"check-list blue\">\n\n                                                <li>Configuraci\u00f3n bloqueada<\/li>\n                                                <li>Registro de auditor\u00eda autom\u00e1tico<\/li>\n                                                <li>Instalable en un ordenador con Windows<\/li>\n                                                <li>Flujos de trabajo de extracci\u00f3n configurables a medida<\/li>\n                        \n                    <\/ul><!--\/.check-list-->\n                                    <\/div><!--\/.list-block__col-->\n            <\/div><!--\/.list-block__wrap-->\n            \n            <div class=\"list-block__wrap\">\n                <div class=\"list-block__col editor-content\">\n\n                    <h4 class=\"bold\">Herramientas<\/h4>                    \n                                        <ul class=\"check-list blue\">\n\n                                                <li>Flujo de trabajo personalizable<\/li>\n                                                <li>Capacidad para pantalla t\u00e1ctil e interactividad<\/li>\n                        \n                    <\/ul><!--\/.check-list-->\n                                    <\/div><!--\/.list-block__col-->\n            <\/div><!--\/.list-block__wrap-->\n            \n        <\/div><!--\/.list-block__row-->\n        \n    <\/div><!--\/.container-->\n<\/section>\n\n\n<section id=\"\" class=\"block two-cards bg-blue-gradient \">\n    <div class=\"container\">\n                <div class=\"two-cards__row d-flex\">\n                        <div class=\"two-cards__card-wrap\">\n\n                <div class=\"two-cards__card\">\n                                        <div class=\"two-cards__card--image-wrap\">\n                        <img decoding=\"async\" width=\"2560\" height=\"1707\" src=\"https:\/\/www.msab.com\/wp-content\/uploads\/2021\/10\/MSAB_Training_3_Icon-scaled.jpg\" class=\"attachment-full size-full\" alt=\"\" srcset=\"https:\/\/www.msab.com\/wp-content\/uploads\/2021\/10\/MSAB_Training_3_Icon-scaled.jpg 2560w, https:\/\/www.msab.com\/wp-content\/uploads\/2021\/10\/MSAB_Training_3_Icon-300x200.jpg 300w, https:\/\/www.msab.com\/wp-content\/uploads\/2021\/10\/MSAB_Training_3_Icon-1024x683.jpg 1024w, https:\/\/www.msab.com\/wp-content\/uploads\/2021\/10\/MSAB_Training_3_Icon-768x512.jpg 768w, https:\/\/www.msab.com\/wp-content\/uploads\/2021\/10\/MSAB_Training_3_Icon-1536x1024.jpg 1536w, https:\/\/www.msab.com\/wp-content\/uploads\/2021\/10\/MSAB_Training_3_Icon-2048x1365.jpg 2048w, https:\/\/www.msab.com\/wp-content\/uploads\/2021\/10\/MSAB_Training_3_Icon-33x22.jpg 33w, https:\/\/www.msab.com\/wp-content\/uploads\/2021\/10\/MSAB_Training_3_Icon-102x68.jpg 102w, https:\/\/www.msab.com\/wp-content\/uploads\/2021\/10\/MSAB_Training_3_Icon-1240x827.jpg 1240w, https:\/\/www.msab.com\/wp-content\/uploads\/2021\/10\/MSAB_Training_3_Icon-500x333.jpg 500w\" sizes=\"(max-width: 2560px) 100vw, 2560px\" \/>                    <\/div><!--\/.two-cards__card--image-wrap-->\n                                        <div class=\"two-cards__card--content-wrap editor-content bg-white\">\n                                                <h4 class=\"two-cards__card--title\">La mejor formaci\u00f3n en clase para nuestros usuarios<\/h4>\n                                                <p class=\"two-cards__card--intro\">Proporcionamos la formaci\u00f3n m\u00e1s avanzada en la industria con formadores espec\u00edficos a tiempo completo disponibles en todo el mundo para impartir formaci\u00f3n, ya sea en nuestros cursos abiertos anunciados en nuestro sitio web o en la formaci\u00f3n en su establecimiento solo para usted.<\/p>\n                                                <p class=\"two-cards__card--link\"><a href=\"https:\/\/www.msab.com\/es\/training-overview\/\" title=\"Reserva de formaci\u00f3n\"  >Reserva de formaci\u00f3n<\/a><\/p>\n                                            <\/div><!--\/.two-cards__card--content-wrap-->\n                <\/div><!--\/.two-cards__card-->\n\n            <\/div><!--\/.two-cards__card-wrap-->\n                        <div class=\"two-cards__card-wrap\">\n\n                <div class=\"two-cards__card\">\n                                        <div class=\"two-cards__card--image-wrap\">\n                        <img decoding=\"async\" width=\"600\" height=\"400\" src=\"https:\/\/www.msab.com\/wp-content\/uploads\/2025\/01\/MSAB_Kiosk_Selection_Block_Frontline_2-1.jpg\" class=\"attachment-full size-full\" alt=\"\" srcset=\"https:\/\/www.msab.com\/wp-content\/uploads\/2025\/01\/MSAB_Kiosk_Selection_Block_Frontline_2-1.jpg 600w, https:\/\/www.msab.com\/wp-content\/uploads\/2025\/01\/MSAB_Kiosk_Selection_Block_Frontline_2-1-300x200.jpg 300w, https:\/\/www.msab.com\/wp-content\/uploads\/2025\/01\/MSAB_Kiosk_Selection_Block_Frontline_2-1-33x22.jpg 33w, https:\/\/www.msab.com\/wp-content\/uploads\/2025\/01\/MSAB_Kiosk_Selection_Block_Frontline_2-1-102x68.jpg 102w, https:\/\/www.msab.com\/wp-content\/uploads\/2025\/01\/MSAB_Kiosk_Selection_Block_Frontline_2-1-500x333.jpg 500w\" sizes=\"(max-width: 600px) 100vw, 600px\" \/>                    <\/div><!--\/.two-cards__card--image-wrap-->\n                                        <div class=\"two-cards__card--content-wrap editor-content bg-white\">\n                                                <h4 class=\"two-cards__card--title\">Combine XRY con nuestras plataformas<\/h4>\n                                                <p class=\"two-cards__card--intro\">MSAB suministra software en diferentes plataformas de hardware. Las plataformas abiertas est\u00e1n dise\u00f1adas para ordenadores tradicionales de Windows con interfaces de apuntar y hacer clic. Nuestras plataformas llave en mano son sistemas m\u00e1s f\u00e1ciles de usar a trav\u00e9s de interfaces de pantalla t\u00e1ctil.<\/p>\n                                                <p class=\"two-cards__card--link\"><a href=\"https:\/\/www.msab.com\/es\/products\/platforms\/\" title=\"Plataformas de hardware\"  >Plataformas de hardware<\/a><\/p>\n                                            <\/div><!--\/.two-cards__card--content-wrap-->\n                <\/div><!--\/.two-cards__card-->\n\n            <\/div><!--\/.two-cards__card-wrap-->\n                    <\/div><!--\/.two-cards__row-->\n            <\/div><!--\/.container-->\n<\/section>\n\n<section id=\"\" class=\"block image-text-with-bg bg-blue-gradient text-white \">\n\t<div class=\"container\">\n\t\t\t\t<div class=\"row\">\n\t\t\t<div class=\"col text-center\">\n                <img decoding=\"async\" width=\"1220\" height=\"500\" src=\"https:\/\/www.msab.com\/wp-content\/uploads\/2021\/08\/XRY_Spec_Table_ES.png\" class=\"attachment-container-size size-container-size\" alt=\"\" srcset=\"https:\/\/www.msab.com\/wp-content\/uploads\/2021\/08\/XRY_Spec_Table_ES.png 1220w, https:\/\/www.msab.com\/wp-content\/uploads\/2021\/08\/XRY_Spec_Table_ES-300x123.png 300w, https:\/\/www.msab.com\/wp-content\/uploads\/2021\/08\/XRY_Spec_Table_ES-1024x420.png 1024w, https:\/\/www.msab.com\/wp-content\/uploads\/2021\/08\/XRY_Spec_Table_ES-768x315.png 768w, https:\/\/www.msab.com\/wp-content\/uploads\/2021\/08\/XRY_Spec_Table_ES-33x14.png 33w, https:\/\/www.msab.com\/wp-content\/uploads\/2021\/08\/XRY_Spec_Table_ES-102x42.png 102w, https:\/\/www.msab.com\/wp-content\/uploads\/2021\/08\/XRY_Spec_Table_ES-500x205.png 500w\" sizes=\"(max-width: 1220px) 100vw, 1220px\" \/>\t\t\t<\/div>\n\t\t<\/div>\n\t\t\t\t<div class=\"row text-wrapper\">\n\t\t\t<div class=\"col-12 col-md-4 left-col\">\n\t\t\t\t\t\t\t<\/div>\n\t\t\t<div class=\"col-12 col-md-8 right-col\">\n\t\t\t\t<div class=\"row\">\n\t\t\t\t\t<div class=\"col\">\n\t\t\t\t\t\t\t\t\t\t\t<\/div>\n\t\t\t\t<\/div>\n\t\t\t\t\t\t\t<\/div>\n\t\t<\/div>\n\t<\/div>\n<\/section>\n\n\n\n    <style>\n                    #block_61435e923d04a {\n                background-image: url(https:\/\/www.msab.com\/wp-content\/uploads\/2021\/08\/Frontline_MSAB_Field_Phone_Extraction_BG-1.jpg);\n            }\n                    <\/style>\n\n<section id=\"block_61435e923d04a\" class=\"block cta-with-bg-img text-white left-layout bg-overlay \">\n    <div class=\"container\" id=\"\">\n                    <div class=\"text-wrapper\">\n                <h2>Solicitar presupuesto<\/h2>\n<p style=\"text-align: left;\">Cont\u00e1ctenos y solicite un presupuesto o h\u00e1ganos saber si est\u00e1 interesado en evaluar uno de nuestros productos.<\/p>\n<p style=\"text-align: left;\"><span style=\"color: #000000;\"><a class=\"btn btn-primary\" style=\"color: #000000;\" href=\"#form-152233\">Contactar con ventas<\/a><\/span><\/p>\n            <\/div>\n            <\/div><!--\/container-->\n<\/section>","protected":false},"excerpt":{"rendered":"","protected":false},"author":106,"featured_media":0,"parent":5243,"menu_order":0,"template":"","class_list":["post-5564","product","type-product","status-publish","hentry"],"acf":[],"yoast_head":"<!-- This site is optimized with the Yoast SEO Premium plugin v25.0 (Yoast SEO v27.4) - https:\/\/yoast.com\/product\/yoast-seo-premium-wordpress\/ -->\n<title>XRY Express - MSAB<\/title>\n<meta name=\"robots\" content=\"index, follow, max-snippet:-1, max-image-preview:large, max-video-preview:-1\" \/>\n<link rel=\"canonical\" href=\"https:\/\/www.msab.com\/es\/productos\/xry-extract\/xry-express\/\" \/>\n<meta property=\"og:locale\" content=\"es_ES\" \/>\n<meta property=\"og:type\" content=\"article\" \/>\n<meta property=\"og:title\" content=\"XRY Express\" \/>\n<meta property=\"og:url\" content=\"https:\/\/www.msab.com\/es\/productos\/xry-extract\/xry-express\/\" \/>\n<meta property=\"og:site_name\" content=\"MSAB\" \/>\n<meta property=\"article:publisher\" content=\"https:\/\/www.facebook.com\/microsystemation\" \/>\n<meta property=\"article:modified_time\" content=\"2021-11-10T10:29:09+00:00\" \/>\n<meta name=\"twitter:card\" content=\"summary_large_image\" \/>\n<meta name=\"twitter:site\" content=\"@MSAB_XRY\" \/>\n<script type=\"application\/ld+json\" class=\"yoast-schema-graph\">{\"@context\":\"https:\\\/\\\/schema.org\",\"@graph\":[{\"@type\":\"WebPage\",\"@id\":\"https:\\\/\\\/www.msab.com\\\/es\\\/productos\\\/xry-extract\\\/xry-express\\\/\",\"url\":\"https:\\\/\\\/www.msab.com\\\/es\\\/productos\\\/xry-extract\\\/xry-express\\\/\",\"name\":\"XRY Express - MSAB\",\"isPartOf\":{\"@id\":\"https:\\\/\\\/www.msab.com\\\/es\\\/#website\"},\"datePublished\":\"2021-10-15T06:28:40+00:00\",\"dateModified\":\"2021-11-10T10:29:09+00:00\",\"breadcrumb\":{\"@id\":\"https:\\\/\\\/www.msab.com\\\/es\\\/productos\\\/xry-extract\\\/xry-express\\\/#breadcrumb\"},\"inLanguage\":\"es\",\"potentialAction\":[{\"@type\":\"ReadAction\",\"target\":[\"https:\\\/\\\/www.msab.com\\\/es\\\/productos\\\/xry-extract\\\/xry-express\\\/\"]}]},{\"@type\":\"BreadcrumbList\",\"@id\":\"https:\\\/\\\/www.msab.com\\\/es\\\/productos\\\/xry-extract\\\/xry-express\\\/#breadcrumb\",\"itemListElement\":[{\"@type\":\"ListItem\",\"position\":1,\"name\":\"\",\"item\":\"https:\\\/\\\/www.msab.com\\\/es\\\/\"},{\"@type\":\"ListItem\",\"position\":2,\"name\":\"MSAB Extract &#8211; XRY\",\"item\":\"https:\\\/\\\/www.msab.com\\\/es\\\/productos\\\/xry-extract\\\/\"},{\"@type\":\"ListItem\",\"position\":3,\"name\":\"XRY Express\"}]},{\"@type\":\"WebSite\",\"@id\":\"https:\\\/\\\/www.msab.com\\\/es\\\/#website\",\"url\":\"https:\\\/\\\/www.msab.com\\\/es\\\/\",\"name\":\"MSAB\",\"description\":\"Trusted Partner in Digital Forensics\",\"publisher\":{\"@id\":\"https:\\\/\\\/www.msab.com\\\/es\\\/#organization\"},\"potentialAction\":[{\"@type\":\"SearchAction\",\"target\":{\"@type\":\"EntryPoint\",\"urlTemplate\":\"https:\\\/\\\/www.msab.com\\\/es\\\/?s={search_term_string}\"},\"query-input\":{\"@type\":\"PropertyValueSpecification\",\"valueRequired\":true,\"valueName\":\"search_term_string\"}}],\"inLanguage\":\"es\"},{\"@type\":\"Organization\",\"@id\":\"https:\\\/\\\/www.msab.com\\\/es\\\/#organization\",\"name\":\"MSAB\",\"url\":\"https:\\\/\\\/www.msab.com\\\/es\\\/\",\"logo\":{\"@type\":\"ImageObject\",\"inLanguage\":\"es\",\"@id\":\"https:\\\/\\\/www.msab.com\\\/es\\\/#\\\/schema\\\/logo\\\/image\\\/\",\"url\":\"https:\\\/\\\/www.msab.com\\\/wp-content\\\/uploads\\\/2023\\\/03\\\/MSAB-logo-Black-RGB.png\",\"contentUrl\":\"https:\\\/\\\/www.msab.com\\\/wp-content\\\/uploads\\\/2023\\\/03\\\/MSAB-logo-Black-RGB.png\",\"width\":1198,\"height\":353,\"caption\":\"MSAB\"},\"image\":{\"@id\":\"https:\\\/\\\/www.msab.com\\\/es\\\/#\\\/schema\\\/logo\\\/image\\\/\"},\"sameAs\":[\"https:\\\/\\\/www.facebook.com\\\/microsystemation\",\"https:\\\/\\\/x.com\\\/MSAB_XRY\",\"https:\\\/\\\/www.linkedin.com\\\/company\\\/micro-systemation\"]}]}<\/script>\n<!-- \/ Yoast SEO Premium plugin. -->","yoast_head_json":{"title":"XRY Express - MSAB","robots":{"index":"index","follow":"follow","max-snippet":"max-snippet:-1","max-image-preview":"max-image-preview:large","max-video-preview":"max-video-preview:-1"},"canonical":"https:\/\/www.msab.com\/es\/productos\/xry-extract\/xry-express\/","og_locale":"es_ES","og_type":"article","og_title":"XRY Express","og_url":"https:\/\/www.msab.com\/es\/productos\/xry-extract\/xry-express\/","og_site_name":"MSAB","article_publisher":"https:\/\/www.facebook.com\/microsystemation","article_modified_time":"2021-11-10T10:29:09+00:00","twitter_card":"summary_large_image","twitter_site":"@MSAB_XRY","schema":{"@context":"https:\/\/schema.org","@graph":[{"@type":"WebPage","@id":"https:\/\/www.msab.com\/es\/productos\/xry-extract\/xry-express\/","url":"https:\/\/www.msab.com\/es\/productos\/xry-extract\/xry-express\/","name":"XRY Express - MSAB","isPartOf":{"@id":"https:\/\/www.msab.com\/es\/#website"},"datePublished":"2021-10-15T06:28:40+00:00","dateModified":"2021-11-10T10:29:09+00:00","breadcrumb":{"@id":"https:\/\/www.msab.com\/es\/productos\/xry-extract\/xry-express\/#breadcrumb"},"inLanguage":"es","potentialAction":[{"@type":"ReadAction","target":["https:\/\/www.msab.com\/es\/productos\/xry-extract\/xry-express\/"]}]},{"@type":"BreadcrumbList","@id":"https:\/\/www.msab.com\/es\/productos\/xry-extract\/xry-express\/#breadcrumb","itemListElement":[{"@type":"ListItem","position":1,"name":"","item":"https:\/\/www.msab.com\/es\/"},{"@type":"ListItem","position":2,"name":"MSAB Extract &#8211; XRY","item":"https:\/\/www.msab.com\/es\/productos\/xry-extract\/"},{"@type":"ListItem","position":3,"name":"XRY Express"}]},{"@type":"WebSite","@id":"https:\/\/www.msab.com\/es\/#website","url":"https:\/\/www.msab.com\/es\/","name":"MSAB","description":"Trusted Partner in Digital Forensics","publisher":{"@id":"https:\/\/www.msab.com\/es\/#organization"},"potentialAction":[{"@type":"SearchAction","target":{"@type":"EntryPoint","urlTemplate":"https:\/\/www.msab.com\/es\/?s={search_term_string}"},"query-input":{"@type":"PropertyValueSpecification","valueRequired":true,"valueName":"search_term_string"}}],"inLanguage":"es"},{"@type":"Organization","@id":"https:\/\/www.msab.com\/es\/#organization","name":"MSAB","url":"https:\/\/www.msab.com\/es\/","logo":{"@type":"ImageObject","inLanguage":"es","@id":"https:\/\/www.msab.com\/es\/#\/schema\/logo\/image\/","url":"https:\/\/www.msab.com\/wp-content\/uploads\/2023\/03\/MSAB-logo-Black-RGB.png","contentUrl":"https:\/\/www.msab.com\/wp-content\/uploads\/2023\/03\/MSAB-logo-Black-RGB.png","width":1198,"height":353,"caption":"MSAB"},"image":{"@id":"https:\/\/www.msab.com\/es\/#\/schema\/logo\/image\/"},"sameAs":["https:\/\/www.facebook.com\/microsystemation","https:\/\/x.com\/MSAB_XRY","https:\/\/www.linkedin.com\/company\/micro-systemation"]}]}},"_links":{"self":[{"href":"https:\/\/www.msab.com\/es\/wp-json\/wp\/v2\/product\/5564","targetHints":{"allow":["GET"]}}],"collection":[{"href":"https:\/\/www.msab.com\/es\/wp-json\/wp\/v2\/product"}],"about":[{"href":"https:\/\/www.msab.com\/es\/wp-json\/wp\/v2\/types\/product"}],"author":[{"embeddable":true,"href":"https:\/\/www.msab.com\/es\/wp-json\/wp\/v2\/users\/106"}],"up":[{"embeddable":true,"href":"https:\/\/www.msab.com\/es\/wp-json\/wp\/v2\/product\/5243"}],"wp:attachment":[{"href":"https:\/\/www.msab.com\/es\/wp-json\/wp\/v2\/media?parent=5564"}],"curies":[{"name":"wp","href":"https:\/\/api.w.org\/{rel}","templated":true}]}}