{"id":5335,"date":"2021-10-14T08:39:11","date_gmt":"2021-10-14T06:39:11","guid":{"rendered":"http:\/\/www.msab.com\/?post_type=product&#038;p=5335"},"modified":"2023-09-12T21:28:24","modified_gmt":"2023-09-12T19:28:24","slug":"xamn-viewer","status":"publish","type":"product","link":"https:\/\/www.msab.com\/es\/productos\/analyze\/xamn-viewer\/","title":{"rendered":"XAMN Viewer"},"content":{"rendered":"\n<section id=\"\" class=\"block product-hero  \">\n    <div class=\"bg-image\">\n        <div class=\"img\" style=\"background-image: url(https:\/\/www.msab.com\/wp-content\/uploads\/2021\/08\/MSAB_Analyze_XAMN_Hero.jpg);\"><\/div>\n    <\/div>\n    <div class=\"container\">\n\n        <div class=\"text-wrapper text-white text-center\">\n\n            <img decoding=\"async\" width=\"204\" height=\"133\" src=\"https:\/\/www.msab.com\/wp-content\/uploads\/2021\/08\/XAMN_Viewer_Logo_White.png\" class=\"product-logo\" alt=\"\" srcset=\"https:\/\/www.msab.com\/wp-content\/uploads\/2021\/08\/XAMN_Viewer_Logo_White.png 204w, https:\/\/www.msab.com\/wp-content\/uploads\/2021\/08\/XAMN_Viewer_Logo_White-33x22.png 33w, https:\/\/www.msab.com\/wp-content\/uploads\/2021\/08\/XAMN_Viewer_Logo_White-102x67.png 102w\" sizes=\"(max-width: 204px) 100vw, 204px\" \/>\n            <p class=\"intro\">Una herramienta de an\u00e1lisis gratuita y f\u00e1cil de usar<\/p>\n        <\/div><!--\/text-wrapper-->\n        <div class=\"breadcrumb-part dark\"><nav id=\"breadcrumbs\" class=\"bread-nav\"><span><span><a href=\"https:\/\/www.msab.com\/es\/\"><i class=\"fas fa-home\"><\/i><\/a><\/span><\/span><\/nav><\/div>    <\/div><!--\/container-->\n<\/section>\n\n\n\n<section id=\"\" class=\"block regular-content   pt-regular pb-regular bg-light-grey\">\n    <div class=\"container two-columns\">\n                    <div class=\"editor-content\">\n                <h2>\u00bfQu\u00e9 es XAMN Viewer?<\/h2>\n<p>XAMN Viewer es una herramienta de an\u00e1lisis simplificada que cualquiera puede descargar y usar de forma gratuita. Se puede distribuir a cualquier integrante de su organizaci\u00f3n que necesite abrir, consultar, analizar e\/o informar de datos de dispositivos m\u00f3viles. Al igual que XAMN Pro, XAMN Viewer est\u00e1 dise\u00f1ado para ayudar a los usuarios a cortar, fragmentar y buscar en grandes vol\u00famenes de datos para encontrar pruebas e\/o informaci\u00f3n clave.<\/p>\n<p>XAMN Viewer es una aplicaci\u00f3n de software sin instalaci\u00f3n que se puede facilitar, junto con los datos extra\u00eddos, a cualquier persona autorizada: supervisores, investigadores, asesores jur\u00eddicos, administradores judiciales, personal de la fiscal\u00eda y otros, a fin de proporcionales acceso a la informaci\u00f3n digital contenida en dispositivos m\u00f3viles.<\/p>\n<p><a class=\"btn btn-primary\" href=\"https:\/\/www.msab.com\/es\/contact\/\">Cont\u00e1ctenos<\/a><\/p>\n            <\/div><!--\/.editor-content-->\n                            <div class=\"editor-content\">\n                <p><img decoding=\"async\" class=\"alignnone size-full wp-image-154718\" src=\"https:\/\/www.msab.com\/wp-content\/uploads\/2021\/09\/XAMN_Viewer_Screenshot.png\" alt=\"\" width=\"800\" srcset=\"https:\/\/www.msab.com\/wp-content\/uploads\/2021\/09\/XAMN_Viewer_Screenshot.png 800w, https:\/\/www.msab.com\/wp-content\/uploads\/2021\/09\/XAMN_Viewer_Screenshot-300x169.png 300w, https:\/\/www.msab.com\/wp-content\/uploads\/2021\/09\/XAMN_Viewer_Screenshot-768x432.png 768w, https:\/\/www.msab.com\/wp-content\/uploads\/2021\/09\/XAMN_Viewer_Screenshot-33x19.png 33w, https:\/\/www.msab.com\/wp-content\/uploads\/2021\/09\/XAMN_Viewer_Screenshot-102x57.png 102w, https:\/\/www.msab.com\/wp-content\/uploads\/2021\/09\/XAMN_Viewer_Screenshot-500x281.png 500w\" sizes=\"(max-width: 800px) 100vw, 800px\" \/><\/p>\n            <\/div><!--\/.editor-content-->\n            <\/div><!--\/.container-->\n<\/section><!--\/.regular-content-->\n\n\n<section id=\"\" class=\"block list-block bg-white \">\n    <div class=\"container\">\n\n                <div class=\"list-block__top-content editor-content left\">\n            <h2>Caracter\u00edsticas destacadas del producto<\/h2>\n        <\/div><!--\/.top-content-->\n                \n                <div class=\"list-block__row d-flex\">\n\n            \n            <div class=\"list-block__wrap\">\n                <div class=\"list-block__col editor-content\">\n\n                                        \n                                        <ul class=\"check-list orange\">\n\n                                                <li>Uso gratuito: no requiere instalaci\u00f3n ni licencia<\/li>\n                                                <li>Resalte sus hallazgos con una completa funcionalidad de etiquetado<\/li>\n                        \n                    <\/ul><!--\/.check-list-->\n                                    <\/div><!--\/.list-block__col-->\n            <\/div><!--\/.list-block__wrap-->\n            \n            <div class=\"list-block__wrap\">\n                <div class=\"list-block__col editor-content\">\n\n                                        \n                                        <ul class=\"check-list orange\">\n\n                                                <li>Filtrar por categor\u00eda de contenido, texto, tiempo, datos eliminados y m\u00e1s<\/li>\n                                                <li>Exportar resultados en formato PDF, XML, HTML, Word y Excel<\/li>\n                        \n                    <\/ul><!--\/.check-list-->\n                                    <\/div><!--\/.list-block__col-->\n            <\/div><!--\/.list-block__wrap-->\n            \n        <\/div><!--\/.list-block__row-->\n        \n    <\/div><!--\/.container-->\n<\/section>\n\n\n    <style>\n                    #block_02f87fdc095cb2318f5385d40abd6c12 {\n                background-image: url(https:\/\/www.msab.com\/wp-content\/uploads\/2021\/09\/L3A8898_EXT-copy-scaled.jpg);\n            }\n                            @media (max-width: 576px) {\n                #block_02f87fdc095cb2318f5385d40abd6c12 {\n                    background-image: url(https:\/\/www.msab.com\/wp-content\/uploads\/2021\/09\/XAMN_Analyze_3_Ext_2021-scaled.jpg);\n                }\n            }\n            <\/style>\n\n<section id=\"block_02f87fdc095cb2318f5385d40abd6c12\" class=\"block cta-with-bg-img text-white left-layout \">\n    <div class=\"container\" id=\"\">\n                    <div class=\"text-wrapper\">\n                <h2><span style=\"color: #000000;\">Primeros pasos<\/span><\/h2>\n<p><span style=\"color: #000000;\">Descargar XAMN para utilizar XAMN Viewer de forma gratuita. Contacte con nosotros si est\u00e1 interesado en actualizar su licencia XAMN o si desea m\u00e1s informaci\u00f3n sobre otros productos.<\/span><\/p>\n<p><span style=\"color: #000000;\"><a class=\"btn-outline btn\" style=\"color: #000000;\" href=\"#form-152228\">Descargar XAMN<\/a><br \/>\n<\/span><\/p>\n<p><span style=\"color: #000000;\"><a class=\"btn btn-primary\" style=\"color: #000000;\" href=\"#\">Cont\u00e1ctenos<\/a><\/span><\/p>\n            <\/div>\n            <\/div><!--\/container-->\n<\/section>\n\n<section id=\"\" class=\"block image-text-with-bg bg-blue-gradient text-black \">\n\t<div class=\"container\">\n\t\t\t\t<div class=\"row\">\n\t\t\t<div class=\"col text-center\">\n                <img decoding=\"async\" width=\"1220\" height=\"500\" src=\"https:\/\/www.msab.com\/wp-content\/uploads\/2022\/10\/XAMN_Specs_Table.png\" class=\"attachment-container-size size-container-size\" alt=\"\" srcset=\"https:\/\/www.msab.com\/wp-content\/uploads\/2022\/10\/XAMN_Specs_Table.png 1220w, https:\/\/www.msab.com\/wp-content\/uploads\/2022\/10\/XAMN_Specs_Table-300x123.png 300w, https:\/\/www.msab.com\/wp-content\/uploads\/2022\/10\/XAMN_Specs_Table-1024x420.png 1024w, https:\/\/www.msab.com\/wp-content\/uploads\/2022\/10\/XAMN_Specs_Table-768x315.png 768w, https:\/\/www.msab.com\/wp-content\/uploads\/2022\/10\/XAMN_Specs_Table-33x14.png 33w, https:\/\/www.msab.com\/wp-content\/uploads\/2022\/10\/XAMN_Specs_Table-102x42.png 102w, https:\/\/www.msab.com\/wp-content\/uploads\/2022\/10\/XAMN_Specs_Table-500x205.png 500w\" sizes=\"(max-width: 1220px) 100vw, 1220px\" \/>\t\t\t<\/div>\n\t\t<\/div>\n\t\t\t\t<div class=\"row text-wrapper\">\n\t\t\t<div class=\"col-12 col-md-4 left-col\">\n\t\t\t\t\t\t\t<\/div>\n\t\t\t<div class=\"col-12 col-md-8 right-col\">\n\t\t\t\t<div class=\"row\">\n\t\t\t\t\t<div class=\"col\">\n\t\t\t\t\t\t\t\t\t\t\t<\/div>\n\t\t\t\t<\/div>\n\t\t\t\t\t\t\t<\/div>\n\t\t<\/div>\n\t<\/div>\n<\/section>\n\n\n\n    <style>\n                    #block_61435e923d04a {\n                background-image: url(https:\/\/www.msab.com\/wp-content\/uploads\/2021\/08\/Frontline_MSAB_Field_Phone_Extraction_BG-1.jpg);\n            }\n                    <\/style>\n\n<section id=\"block_61435e923d04a\" class=\"block cta-with-bg-img text-white left-layout bg-overlay \">\n    <div class=\"container\" id=\"\">\n                    <div class=\"text-wrapper\">\n                <h2>Solicitar presupuesto<\/h2>\n<p style=\"text-align: left;\">Cont\u00e1ctenos y solicite un presupuesto o h\u00e1ganos saber si est\u00e1 interesado en evaluar uno de nuestros productos.<\/p>\n<p style=\"text-align: left;\"><span style=\"color: #000000;\"><a class=\"btn btn-primary\" style=\"color: #000000;\" href=\"#form-152233\">Contactar con ventas<\/a><\/span><\/p>\n            <\/div>\n            <\/div><!--\/container-->\n<\/section>","protected":false},"excerpt":{"rendered":"","protected":false},"author":106,"featured_media":0,"parent":5160,"menu_order":0,"template":"","class_list":["post-5335","product","type-product","status-publish","hentry"],"acf":[],"yoast_head":"<!-- This site is optimized with the Yoast SEO Premium plugin v25.0 (Yoast SEO v27.4) - https:\/\/yoast.com\/product\/yoast-seo-premium-wordpress\/ -->\n<title>XAMN Viewer \u2014 Recuperaci\u00f3n y extracci\u00f3n de datos forenses | MSAB<\/title>\n<meta name=\"description\" content=\"XAMN Viewer es herramienta gratuita y f\u00e1cil. \u2713 L\u00edder mundial en forense digital para m\u00f3viles \u2713 Herramientas para extraer, analizar y gestionar recuperaci\u00f3n datos\" \/>\n<meta name=\"robots\" content=\"index, follow, max-snippet:-1, max-image-preview:large, max-video-preview:-1\" \/>\n<link rel=\"canonical\" href=\"https:\/\/www.msab.com\/es\/productos\/analyze\/xamn-viewer\/\" \/>\n<meta property=\"og:locale\" content=\"es_ES\" \/>\n<meta property=\"og:type\" content=\"article\" \/>\n<meta property=\"og:title\" content=\"XAMN Viewer\" \/>\n<meta property=\"og:description\" content=\"XAMN Viewer es herramienta gratuita y f\u00e1cil. \u2713 L\u00edder mundial en forense digital para m\u00f3viles \u2713 Herramientas para extraer, analizar y gestionar recuperaci\u00f3n datos\" \/>\n<meta property=\"og:url\" content=\"https:\/\/www.msab.com\/es\/productos\/analyze\/xamn-viewer\/\" \/>\n<meta property=\"og:site_name\" content=\"MSAB\" \/>\n<meta property=\"article:publisher\" content=\"https:\/\/www.facebook.com\/microsystemation\" \/>\n<meta property=\"article:modified_time\" content=\"2023-09-12T19:28:24+00:00\" \/>\n<meta name=\"twitter:card\" content=\"summary_large_image\" \/>\n<meta name=\"twitter:site\" content=\"@MSAB_XRY\" \/>\n<script type=\"application\/ld+json\" class=\"yoast-schema-graph\">{\"@context\":\"https:\\\/\\\/schema.org\",\"@graph\":[{\"@type\":\"WebPage\",\"@id\":\"https:\\\/\\\/www.msab.com\\\/es\\\/productos\\\/analyze\\\/xamn-viewer\\\/\",\"url\":\"https:\\\/\\\/www.msab.com\\\/es\\\/productos\\\/analyze\\\/xamn-viewer\\\/\",\"name\":\"XAMN Viewer \u2014 Recuperaci\u00f3n y extracci\u00f3n de datos forenses | MSAB\",\"isPartOf\":{\"@id\":\"https:\\\/\\\/www.msab.com\\\/es\\\/#website\"},\"datePublished\":\"2021-10-14T06:39:11+00:00\",\"dateModified\":\"2023-09-12T19:28:24+00:00\",\"description\":\"XAMN Viewer es herramienta gratuita y f\u00e1cil. \u2713 L\u00edder mundial en forense digital para m\u00f3viles \u2713 Herramientas para extraer, analizar y gestionar recuperaci\u00f3n datos\",\"breadcrumb\":{\"@id\":\"https:\\\/\\\/www.msab.com\\\/es\\\/productos\\\/analyze\\\/xamn-viewer\\\/#breadcrumb\"},\"inLanguage\":\"es\",\"potentialAction\":[{\"@type\":\"ReadAction\",\"target\":[\"https:\\\/\\\/www.msab.com\\\/es\\\/productos\\\/analyze\\\/xamn-viewer\\\/\"]}]},{\"@type\":\"BreadcrumbList\",\"@id\":\"https:\\\/\\\/www.msab.com\\\/es\\\/productos\\\/analyze\\\/xamn-viewer\\\/#breadcrumb\",\"itemListElement\":[{\"@type\":\"ListItem\",\"position\":1,\"name\":\"\",\"item\":\"https:\\\/\\\/www.msab.com\\\/es\\\/\"},{\"@type\":\"ListItem\",\"position\":2,\"name\":\"XAMN &#8211; Analyze\",\"item\":\"https:\\\/\\\/www.msab.com\\\/es\\\/productos\\\/analyze\\\/\"},{\"@type\":\"ListItem\",\"position\":3,\"name\":\"XAMN Viewer\"}]},{\"@type\":\"WebSite\",\"@id\":\"https:\\\/\\\/www.msab.com\\\/es\\\/#website\",\"url\":\"https:\\\/\\\/www.msab.com\\\/es\\\/\",\"name\":\"MSAB\",\"description\":\"Trusted Partner in Digital Forensics\",\"publisher\":{\"@id\":\"https:\\\/\\\/www.msab.com\\\/es\\\/#organization\"},\"potentialAction\":[{\"@type\":\"SearchAction\",\"target\":{\"@type\":\"EntryPoint\",\"urlTemplate\":\"https:\\\/\\\/www.msab.com\\\/es\\\/?s={search_term_string}\"},\"query-input\":{\"@type\":\"PropertyValueSpecification\",\"valueRequired\":true,\"valueName\":\"search_term_string\"}}],\"inLanguage\":\"es\"},{\"@type\":\"Organization\",\"@id\":\"https:\\\/\\\/www.msab.com\\\/es\\\/#organization\",\"name\":\"MSAB\",\"url\":\"https:\\\/\\\/www.msab.com\\\/es\\\/\",\"logo\":{\"@type\":\"ImageObject\",\"inLanguage\":\"es\",\"@id\":\"https:\\\/\\\/www.msab.com\\\/es\\\/#\\\/schema\\\/logo\\\/image\\\/\",\"url\":\"https:\\\/\\\/www.msab.com\\\/wp-content\\\/uploads\\\/2023\\\/03\\\/MSAB-logo-Black-RGB.png\",\"contentUrl\":\"https:\\\/\\\/www.msab.com\\\/wp-content\\\/uploads\\\/2023\\\/03\\\/MSAB-logo-Black-RGB.png\",\"width\":1198,\"height\":353,\"caption\":\"MSAB\"},\"image\":{\"@id\":\"https:\\\/\\\/www.msab.com\\\/es\\\/#\\\/schema\\\/logo\\\/image\\\/\"},\"sameAs\":[\"https:\\\/\\\/www.facebook.com\\\/microsystemation\",\"https:\\\/\\\/x.com\\\/MSAB_XRY\",\"https:\\\/\\\/www.linkedin.com\\\/company\\\/micro-systemation\"]}]}<\/script>\n<!-- \/ Yoast SEO Premium plugin. -->","yoast_head_json":{"title":"XAMN Viewer \u2014 Recuperaci\u00f3n y extracci\u00f3n de datos forenses | MSAB","description":"XAMN Viewer es herramienta gratuita y f\u00e1cil. \u2713 L\u00edder mundial en forense digital para m\u00f3viles \u2713 Herramientas para extraer, analizar y gestionar recuperaci\u00f3n datos","robots":{"index":"index","follow":"follow","max-snippet":"max-snippet:-1","max-image-preview":"max-image-preview:large","max-video-preview":"max-video-preview:-1"},"canonical":"https:\/\/www.msab.com\/es\/productos\/analyze\/xamn-viewer\/","og_locale":"es_ES","og_type":"article","og_title":"XAMN Viewer","og_description":"XAMN Viewer es herramienta gratuita y f\u00e1cil. \u2713 L\u00edder mundial en forense digital para m\u00f3viles \u2713 Herramientas para extraer, analizar y gestionar recuperaci\u00f3n datos","og_url":"https:\/\/www.msab.com\/es\/productos\/analyze\/xamn-viewer\/","og_site_name":"MSAB","article_publisher":"https:\/\/www.facebook.com\/microsystemation","article_modified_time":"2023-09-12T19:28:24+00:00","twitter_card":"summary_large_image","twitter_site":"@MSAB_XRY","schema":{"@context":"https:\/\/schema.org","@graph":[{"@type":"WebPage","@id":"https:\/\/www.msab.com\/es\/productos\/analyze\/xamn-viewer\/","url":"https:\/\/www.msab.com\/es\/productos\/analyze\/xamn-viewer\/","name":"XAMN Viewer \u2014 Recuperaci\u00f3n y extracci\u00f3n de datos forenses | MSAB","isPartOf":{"@id":"https:\/\/www.msab.com\/es\/#website"},"datePublished":"2021-10-14T06:39:11+00:00","dateModified":"2023-09-12T19:28:24+00:00","description":"XAMN Viewer es herramienta gratuita y f\u00e1cil. \u2713 L\u00edder mundial en forense digital para m\u00f3viles \u2713 Herramientas para extraer, analizar y gestionar recuperaci\u00f3n datos","breadcrumb":{"@id":"https:\/\/www.msab.com\/es\/productos\/analyze\/xamn-viewer\/#breadcrumb"},"inLanguage":"es","potentialAction":[{"@type":"ReadAction","target":["https:\/\/www.msab.com\/es\/productos\/analyze\/xamn-viewer\/"]}]},{"@type":"BreadcrumbList","@id":"https:\/\/www.msab.com\/es\/productos\/analyze\/xamn-viewer\/#breadcrumb","itemListElement":[{"@type":"ListItem","position":1,"name":"","item":"https:\/\/www.msab.com\/es\/"},{"@type":"ListItem","position":2,"name":"XAMN &#8211; Analyze","item":"https:\/\/www.msab.com\/es\/productos\/analyze\/"},{"@type":"ListItem","position":3,"name":"XAMN Viewer"}]},{"@type":"WebSite","@id":"https:\/\/www.msab.com\/es\/#website","url":"https:\/\/www.msab.com\/es\/","name":"MSAB","description":"Trusted Partner in Digital Forensics","publisher":{"@id":"https:\/\/www.msab.com\/es\/#organization"},"potentialAction":[{"@type":"SearchAction","target":{"@type":"EntryPoint","urlTemplate":"https:\/\/www.msab.com\/es\/?s={search_term_string}"},"query-input":{"@type":"PropertyValueSpecification","valueRequired":true,"valueName":"search_term_string"}}],"inLanguage":"es"},{"@type":"Organization","@id":"https:\/\/www.msab.com\/es\/#organization","name":"MSAB","url":"https:\/\/www.msab.com\/es\/","logo":{"@type":"ImageObject","inLanguage":"es","@id":"https:\/\/www.msab.com\/es\/#\/schema\/logo\/image\/","url":"https:\/\/www.msab.com\/wp-content\/uploads\/2023\/03\/MSAB-logo-Black-RGB.png","contentUrl":"https:\/\/www.msab.com\/wp-content\/uploads\/2023\/03\/MSAB-logo-Black-RGB.png","width":1198,"height":353,"caption":"MSAB"},"image":{"@id":"https:\/\/www.msab.com\/es\/#\/schema\/logo\/image\/"},"sameAs":["https:\/\/www.facebook.com\/microsystemation","https:\/\/x.com\/MSAB_XRY","https:\/\/www.linkedin.com\/company\/micro-systemation"]}]}},"_links":{"self":[{"href":"https:\/\/www.msab.com\/es\/wp-json\/wp\/v2\/product\/5335","targetHints":{"allow":["GET"]}}],"collection":[{"href":"https:\/\/www.msab.com\/es\/wp-json\/wp\/v2\/product"}],"about":[{"href":"https:\/\/www.msab.com\/es\/wp-json\/wp\/v2\/types\/product"}],"author":[{"embeddable":true,"href":"https:\/\/www.msab.com\/es\/wp-json\/wp\/v2\/users\/106"}],"up":[{"embeddable":true,"href":"https:\/\/www.msab.com\/es\/wp-json\/wp\/v2\/product\/5160"}],"wp:attachment":[{"href":"https:\/\/www.msab.com\/es\/wp-json\/wp\/v2\/media?parent=5335"}],"curies":[{"name":"wp","href":"https:\/\/api.w.org\/{rel}","templated":true}]}}