{"id":5087,"date":"2021-10-12T15:03:34","date_gmt":"2021-10-12T13:03:34","guid":{"rendered":"http:\/\/www.msab.com\/?post_type=product&#038;p=5087"},"modified":"2023-09-12T21:24:54","modified_gmt":"2023-09-12T19:24:54","slug":"xry-photon","status":"publish","type":"product","link":"https:\/\/www.msab.com\/es\/productos\/xry-extract\/xry-photon\/","title":{"rendered":"XRY &#8211; Photon"},"content":{"rendered":"\n<section id=\"\" class=\"block product-hero  \">\n    <div class=\"bg-image\">\n        <div class=\"img\" style=\"background-image: url(https:\/\/www.msab.com\/wp-content\/uploads\/2023\/03\/XRY_Hero_Test_2.jpg);\"><\/div>\n    <\/div>\n    <div class=\"container\">\n\n        <div class=\"text-wrapper text-white text-center\">\n\n            <img decoding=\"async\" width=\"204\" height=\"133\" src=\"https:\/\/www.msab.com\/wp-content\/uploads\/2021\/08\/XRY_Photon_Logo_White.png\" class=\"product-logo\" alt=\"\" srcset=\"https:\/\/www.msab.com\/wp-content\/uploads\/2021\/08\/XRY_Photon_Logo_White.png 204w, https:\/\/www.msab.com\/wp-content\/uploads\/2021\/08\/XRY_Photon_Logo_White-33x22.png 33w, https:\/\/www.msab.com\/wp-content\/uploads\/2021\/08\/XRY_Photon_Logo_White-102x67.png 102w\" sizes=\"(max-width: 204px) 100vw, 204px\" \/>\n            <p class=\"intro\">Adquiera datos de aplicaciones Android cuando otras herramientas no pueden<\/p>\n        <\/div><!--\/text-wrapper-->\n        <div class=\"breadcrumb-part dark\"><nav id=\"breadcrumbs\" class=\"bread-nav\"><span><span><a href=\"https:\/\/www.msab.com\/es\/\"><i class=\"fas fa-home\"><\/i><\/a><\/span><\/span><\/nav><\/div>    <\/div><!--\/container-->\n<\/section>\n\n\n\n<section id=\"\" class=\"block regular-content   pt-regular pb-regular bg-light-grey\">\n    <div class=\"container two-columns\">\n                    <div class=\"editor-content\">\n                <h2>\u00bfQu\u00e9 es XRY Photon?<\/h2>\n<p>Debido a que las versiones de las aplicativos y los protocolos de seguridad evolucionan constantemente, las herramientas de extracci\u00f3n m\u00f3vil pueden fallar al extraer los datos descifrados de la aplicaci\u00f3n. Hasta ahora, esto ha obligado a los investigadores a utilizar m\u00e9todos manuales que demandan mucho tiempo. El uso de una c\u00e1mara para capturar, revisar y presentar los datos del aplicativo a sido una opci\u00f3n.<\/p>\n<p>XRY Photon es como una versi\u00f3n automatizada de la documentaci\u00f3n manual de aplicativos para dispositivos Android. Este m\u00e9todo tiene el beneficio adicional de almacenar los datos documentados en formato que permite la b\u00fasqueda de texto, el filtrado y otros tipos de an\u00e1lisis.<\/p>\n<p><a class=\"btn btn-primary\" href=\"https:\/\/www.msab.com\/es\/contact\/\">Contactar con ventas<\/a><\/p>\n            <\/div><!--\/.editor-content-->\n                            <div class=\"editor-content\">\n                <p><img decoding=\"async\" class=\"alignnone size-full wp-image-154183\" src=\"https:\/\/www.msab.com\/wp-content\/uploads\/2021\/08\/XRY_Photon_Screenshot.png\" alt=\"\" width=\"800\" srcset=\"https:\/\/www.msab.com\/wp-content\/uploads\/2021\/08\/XRY_Photon_Screenshot.png 800w, https:\/\/www.msab.com\/wp-content\/uploads\/2021\/08\/XRY_Photon_Screenshot-300x169.png 300w, https:\/\/www.msab.com\/wp-content\/uploads\/2021\/08\/XRY_Photon_Screenshot-768x432.png 768w, https:\/\/www.msab.com\/wp-content\/uploads\/2021\/08\/XRY_Photon_Screenshot-33x19.png 33w, https:\/\/www.msab.com\/wp-content\/uploads\/2021\/08\/XRY_Photon_Screenshot-102x57.png 102w, https:\/\/www.msab.com\/wp-content\/uploads\/2021\/08\/XRY_Photon_Screenshot-500x281.png 500w\" sizes=\"(max-width: 800px) 100vw, 800px\" \/><\/p>\n            <\/div><!--\/.editor-content-->\n            <\/div><!--\/.container-->\n<\/section><!--\/.regular-content-->\n\n\n    <style>\n                    #block_d69386768ae32dbb0d17d638d00025ab {\n                background-image: url(https:\/\/www.msab.com\/wp-content\/uploads\/2021\/08\/Gradient.png);\n            }\n                            @media (max-width: 576px) {\n                #block_d69386768ae32dbb0d17d638d00025ab {\n                    background-image: url(https:\/\/www.msab.com\/wp-content\/uploads\/2021\/08\/Gradient.png);\n                }\n            }\n            <\/style>\n\n<section id=\"block_d69386768ae32dbb0d17d638d00025ab\" class=\"block cta-with-bg-img text-white centered-layout \">\n    <div class=\"container\" id=\"\">\n                    <div class=\"text-wrapper\">\n                <h3>Ahora XRY Photon forma parte de nuestro producto <span style=\"color: #ffffff;\"><a style=\"color: #ffffff;\" href=\"https:\/\/www.msab.com\/es\/productos\/xry-extraer\/xry-logical\/\">XRY Logical<\/a><\/span>, no exigiendo licencia independiente.<\/h3>\n            <\/div>\n            <\/div><!--\/container-->\n<\/section>\n\n\n<section id=\"\" class=\"block two-cards bg-grey \">\n    <div class=\"container\">\n                <div class=\"two-cards__row d-flex\">\n                        <div class=\"two-cards__card-wrap\">\n\n                <div class=\"two-cards__card\">\n                                        <div class=\"two-cards__card--image-wrap\">\n                        <img decoding=\"async\" width=\"800\" height=\"450\" src=\"https:\/\/www.msab.com\/wp-content\/uploads\/2021\/08\/XRY_Photon_Automatic.png\" class=\"attachment-full size-full\" alt=\"XRY Photon Automatic Mode\" srcset=\"https:\/\/www.msab.com\/wp-content\/uploads\/2021\/08\/XRY_Photon_Automatic.png 800w, https:\/\/www.msab.com\/wp-content\/uploads\/2021\/08\/XRY_Photon_Automatic-300x169.png 300w, https:\/\/www.msab.com\/wp-content\/uploads\/2021\/08\/XRY_Photon_Automatic-768x432.png 768w, https:\/\/www.msab.com\/wp-content\/uploads\/2021\/08\/XRY_Photon_Automatic-33x19.png 33w, https:\/\/www.msab.com\/wp-content\/uploads\/2021\/08\/XRY_Photon_Automatic-102x57.png 102w, https:\/\/www.msab.com\/wp-content\/uploads\/2021\/08\/XRY_Photon_Automatic-500x281.png 500w\" sizes=\"(max-width: 800px) 100vw, 800px\" \/>                    <\/div><!--\/.two-cards__card--image-wrap-->\n                                        <div class=\"two-cards__card--content-wrap editor-content bg-white\">\n                                                <h4 class=\"two-cards__card--title\">Modo autom\u00e1tico<\/h4>\n                                                <p class=\"two-cards__card--intro\">El modo autom\u00e1tico est\u00e1 adaptado a la estructura de las aplicaciones compatibles, por lo que requiere muy poca interacci\u00f3n por parte del usuario.\r\nActualmente, las apps que admiten el modo autom\u00e1tico son: WhatsApp, WhatsApp Business, Signal, Telegram\r\n\r\nAl utilizar el modo autom\u00e1tico, los usuarios pueden seleccionar la ejecuci\u00f3n en \u201cmodo r\u00e1pido\u201d que acelera el proceso hasta 25 veces. En modo r\u00e1pido, XRY Photon solo extrae texto y no guarda capturas de pantalla. A modo de ejemplo, utilizamos XRY Photon en modo r\u00e1pido para adquirir 250 000 mensajes de WhatsApp en 2 horas y 39 minutos.<\/p>\n                                            <\/div><!--\/.two-cards__card--content-wrap-->\n                <\/div><!--\/.two-cards__card-->\n\n            <\/div><!--\/.two-cards__card-wrap-->\n                        <div class=\"two-cards__card-wrap\">\n\n                <div class=\"two-cards__card\">\n                                        <div class=\"two-cards__card--image-wrap\">\n                        <img decoding=\"async\" width=\"800\" height=\"450\" src=\"https:\/\/www.msab.com\/wp-content\/uploads\/2021\/08\/XRY_Photon_Generic.png\" class=\"attachment-full size-full\" alt=\"\" srcset=\"https:\/\/www.msab.com\/wp-content\/uploads\/2021\/08\/XRY_Photon_Generic.png 800w, https:\/\/www.msab.com\/wp-content\/uploads\/2021\/08\/XRY_Photon_Generic-300x169.png 300w, https:\/\/www.msab.com\/wp-content\/uploads\/2021\/08\/XRY_Photon_Generic-768x432.png 768w, https:\/\/www.msab.com\/wp-content\/uploads\/2021\/08\/XRY_Photon_Generic-33x19.png 33w, https:\/\/www.msab.com\/wp-content\/uploads\/2021\/08\/XRY_Photon_Generic-102x57.png 102w, https:\/\/www.msab.com\/wp-content\/uploads\/2021\/08\/XRY_Photon_Generic-500x281.png 500w\" sizes=\"(max-width: 800px) 100vw, 800px\" \/>                    <\/div><!--\/.two-cards__card--image-wrap-->\n                                        <div class=\"two-cards__card--content-wrap editor-content bg-white\">\n                                                <h4 class=\"two-cards__card--title\">Modo generico<\/h4>\n                                                <p class=\"two-cards__card--intro\">El modo generico exige m\u00e1s interacci\u00f3n por parte del usuario, pero es compatible con la extracci\u00f3n de pr\u00e1cticamente cualquier app que permita capturas de pantalla. Se trata de una soluci\u00f3n id\u00f3nea al examinar app que no admitan ninguna herramienta de an\u00e1lisis forense y b\u00e1sica para poder capturar los datos desde el punto de vista forense y buscar en ellos pruebas cr\u00edticas. XRY Photon Generico capacita al examinador para recuperar pr\u00e1cticamente cualquier app de la plataforma Android desde un punto de vista forense.<\/p>\n                                            <\/div><!--\/.two-cards__card--content-wrap-->\n                <\/div><!--\/.two-cards__card-->\n\n            <\/div><!--\/.two-cards__card-wrap-->\n                    <\/div><!--\/.two-cards__row-->\n            <\/div><!--\/.container-->\n<\/section>\n\n\n    <style>\n                    #block_61435e923d04a {\n                background-image: url(https:\/\/www.msab.com\/wp-content\/uploads\/2021\/08\/Frontline_MSAB_Field_Phone_Extraction_BG-1.jpg);\n            }\n                    <\/style>\n\n<section id=\"block_61435e923d04a\" class=\"block cta-with-bg-img text-white left-layout bg-overlay \">\n    <div class=\"container\" id=\"\">\n                    <div class=\"text-wrapper\">\n                <h2>Solicitar presupuesto<\/h2>\n<p style=\"text-align: left;\">Cont\u00e1ctenos y solicite un presupuesto o h\u00e1ganos saber si est\u00e1 interesado en evaluar uno de nuestros productos.<\/p>\n<p style=\"text-align: left;\"><span style=\"color: #000000;\"><a class=\"btn btn-primary\" style=\"color: #000000;\" href=\"#form-152233\">Contactar con ventas<\/a><\/span><\/p>\n            <\/div>\n            <\/div><!--\/container-->\n<\/section>","protected":false},"excerpt":{"rendered":"","protected":false},"author":106,"featured_media":0,"parent":5243,"menu_order":0,"template":"","class_list":["post-5087","product","type-product","status-publish","hentry"],"acf":[],"yoast_head":"<!-- This site is optimized with the Yoast SEO Premium plugin v25.0 (Yoast SEO v27.4) - https:\/\/yoast.com\/product\/yoast-seo-premium-wordpress\/ -->\n<title>XRY Photon \u2014 App Android para extracci\u00f3n datos forenses XRY | MSAB<\/title>\n<meta name=\"description\" content=\"Adquiera datos de aplicaciones Android cuando otras herramientas no puedan con XRY Photon. \u2713 Elija modo autom\u00e1tico o gen\u00e9rico \u2713 Incluido en producto XRY Logical\" \/>\n<meta name=\"robots\" content=\"index, follow, max-snippet:-1, max-image-preview:large, max-video-preview:-1\" \/>\n<link rel=\"canonical\" href=\"https:\/\/www.msab.com\/es\/productos\/xry-extract\/xry-photon\/\" \/>\n<meta property=\"og:locale\" content=\"es_ES\" \/>\n<meta property=\"og:type\" content=\"article\" \/>\n<meta property=\"og:title\" content=\"XRY - Photon\" \/>\n<meta property=\"og:description\" content=\"Adquiera datos de aplicaciones Android cuando otras herramientas no puedan con XRY Photon. \u2713 Elija modo autom\u00e1tico o gen\u00e9rico \u2713 Incluido en producto XRY Logical\" \/>\n<meta property=\"og:url\" content=\"https:\/\/www.msab.com\/es\/productos\/xry-extract\/xry-photon\/\" \/>\n<meta property=\"og:site_name\" content=\"MSAB\" \/>\n<meta property=\"article:publisher\" content=\"https:\/\/www.facebook.com\/microsystemation\" \/>\n<meta property=\"article:modified_time\" content=\"2023-09-12T19:24:54+00:00\" \/>\n<meta name=\"twitter:card\" content=\"summary_large_image\" \/>\n<meta name=\"twitter:site\" content=\"@MSAB_XRY\" \/>\n<script type=\"application\/ld+json\" class=\"yoast-schema-graph\">{\"@context\":\"https:\\\/\\\/schema.org\",\"@graph\":[{\"@type\":\"WebPage\",\"@id\":\"https:\\\/\\\/www.msab.com\\\/es\\\/productos\\\/xry-extract\\\/xry-photon\\\/\",\"url\":\"https:\\\/\\\/www.msab.com\\\/es\\\/productos\\\/xry-extract\\\/xry-photon\\\/\",\"name\":\"XRY Photon \u2014 App Android para extracci\u00f3n datos forenses XRY | MSAB\",\"isPartOf\":{\"@id\":\"https:\\\/\\\/www.msab.com\\\/es\\\/#website\"},\"datePublished\":\"2021-10-12T13:03:34+00:00\",\"dateModified\":\"2023-09-12T19:24:54+00:00\",\"description\":\"Adquiera datos de aplicaciones Android cuando otras herramientas no puedan con XRY Photon. \u2713 Elija modo autom\u00e1tico o gen\u00e9rico \u2713 Incluido en producto XRY Logical\",\"breadcrumb\":{\"@id\":\"https:\\\/\\\/www.msab.com\\\/es\\\/productos\\\/xry-extract\\\/xry-photon\\\/#breadcrumb\"},\"inLanguage\":\"es\",\"potentialAction\":[{\"@type\":\"ReadAction\",\"target\":[\"https:\\\/\\\/www.msab.com\\\/es\\\/productos\\\/xry-extract\\\/xry-photon\\\/\"]}]},{\"@type\":\"BreadcrumbList\",\"@id\":\"https:\\\/\\\/www.msab.com\\\/es\\\/productos\\\/xry-extract\\\/xry-photon\\\/#breadcrumb\",\"itemListElement\":[{\"@type\":\"ListItem\",\"position\":1,\"name\":\"\",\"item\":\"https:\\\/\\\/www.msab.com\\\/es\\\/\"},{\"@type\":\"ListItem\",\"position\":2,\"name\":\"MSAB Extract &#8211; XRY\",\"item\":\"https:\\\/\\\/www.msab.com\\\/es\\\/productos\\\/xry-extract\\\/\"},{\"@type\":\"ListItem\",\"position\":3,\"name\":\"XRY &#8211; Photon\"}]},{\"@type\":\"WebSite\",\"@id\":\"https:\\\/\\\/www.msab.com\\\/es\\\/#website\",\"url\":\"https:\\\/\\\/www.msab.com\\\/es\\\/\",\"name\":\"MSAB\",\"description\":\"Trusted Partner in Digital Forensics\",\"publisher\":{\"@id\":\"https:\\\/\\\/www.msab.com\\\/es\\\/#organization\"},\"potentialAction\":[{\"@type\":\"SearchAction\",\"target\":{\"@type\":\"EntryPoint\",\"urlTemplate\":\"https:\\\/\\\/www.msab.com\\\/es\\\/?s={search_term_string}\"},\"query-input\":{\"@type\":\"PropertyValueSpecification\",\"valueRequired\":true,\"valueName\":\"search_term_string\"}}],\"inLanguage\":\"es\"},{\"@type\":\"Organization\",\"@id\":\"https:\\\/\\\/www.msab.com\\\/es\\\/#organization\",\"name\":\"MSAB\",\"url\":\"https:\\\/\\\/www.msab.com\\\/es\\\/\",\"logo\":{\"@type\":\"ImageObject\",\"inLanguage\":\"es\",\"@id\":\"https:\\\/\\\/www.msab.com\\\/es\\\/#\\\/schema\\\/logo\\\/image\\\/\",\"url\":\"https:\\\/\\\/www.msab.com\\\/wp-content\\\/uploads\\\/2023\\\/03\\\/MSAB-logo-Black-RGB.png\",\"contentUrl\":\"https:\\\/\\\/www.msab.com\\\/wp-content\\\/uploads\\\/2023\\\/03\\\/MSAB-logo-Black-RGB.png\",\"width\":1198,\"height\":353,\"caption\":\"MSAB\"},\"image\":{\"@id\":\"https:\\\/\\\/www.msab.com\\\/es\\\/#\\\/schema\\\/logo\\\/image\\\/\"},\"sameAs\":[\"https:\\\/\\\/www.facebook.com\\\/microsystemation\",\"https:\\\/\\\/x.com\\\/MSAB_XRY\",\"https:\\\/\\\/www.linkedin.com\\\/company\\\/micro-systemation\"]}]}<\/script>\n<!-- \/ Yoast SEO Premium plugin. -->","yoast_head_json":{"title":"XRY Photon \u2014 App Android para extracci\u00f3n datos forenses XRY | MSAB","description":"Adquiera datos de aplicaciones Android cuando otras herramientas no puedan con XRY Photon. \u2713 Elija modo autom\u00e1tico o gen\u00e9rico \u2713 Incluido en producto XRY Logical","robots":{"index":"index","follow":"follow","max-snippet":"max-snippet:-1","max-image-preview":"max-image-preview:large","max-video-preview":"max-video-preview:-1"},"canonical":"https:\/\/www.msab.com\/es\/productos\/xry-extract\/xry-photon\/","og_locale":"es_ES","og_type":"article","og_title":"XRY - Photon","og_description":"Adquiera datos de aplicaciones Android cuando otras herramientas no puedan con XRY Photon. \u2713 Elija modo autom\u00e1tico o gen\u00e9rico \u2713 Incluido en producto XRY Logical","og_url":"https:\/\/www.msab.com\/es\/productos\/xry-extract\/xry-photon\/","og_site_name":"MSAB","article_publisher":"https:\/\/www.facebook.com\/microsystemation","article_modified_time":"2023-09-12T19:24:54+00:00","twitter_card":"summary_large_image","twitter_site":"@MSAB_XRY","schema":{"@context":"https:\/\/schema.org","@graph":[{"@type":"WebPage","@id":"https:\/\/www.msab.com\/es\/productos\/xry-extract\/xry-photon\/","url":"https:\/\/www.msab.com\/es\/productos\/xry-extract\/xry-photon\/","name":"XRY Photon \u2014 App Android para extracci\u00f3n datos forenses XRY | MSAB","isPartOf":{"@id":"https:\/\/www.msab.com\/es\/#website"},"datePublished":"2021-10-12T13:03:34+00:00","dateModified":"2023-09-12T19:24:54+00:00","description":"Adquiera datos de aplicaciones Android cuando otras herramientas no puedan con XRY Photon. \u2713 Elija modo autom\u00e1tico o gen\u00e9rico \u2713 Incluido en producto XRY Logical","breadcrumb":{"@id":"https:\/\/www.msab.com\/es\/productos\/xry-extract\/xry-photon\/#breadcrumb"},"inLanguage":"es","potentialAction":[{"@type":"ReadAction","target":["https:\/\/www.msab.com\/es\/productos\/xry-extract\/xry-photon\/"]}]},{"@type":"BreadcrumbList","@id":"https:\/\/www.msab.com\/es\/productos\/xry-extract\/xry-photon\/#breadcrumb","itemListElement":[{"@type":"ListItem","position":1,"name":"","item":"https:\/\/www.msab.com\/es\/"},{"@type":"ListItem","position":2,"name":"MSAB Extract &#8211; XRY","item":"https:\/\/www.msab.com\/es\/productos\/xry-extract\/"},{"@type":"ListItem","position":3,"name":"XRY &#8211; Photon"}]},{"@type":"WebSite","@id":"https:\/\/www.msab.com\/es\/#website","url":"https:\/\/www.msab.com\/es\/","name":"MSAB","description":"Trusted Partner in Digital Forensics","publisher":{"@id":"https:\/\/www.msab.com\/es\/#organization"},"potentialAction":[{"@type":"SearchAction","target":{"@type":"EntryPoint","urlTemplate":"https:\/\/www.msab.com\/es\/?s={search_term_string}"},"query-input":{"@type":"PropertyValueSpecification","valueRequired":true,"valueName":"search_term_string"}}],"inLanguage":"es"},{"@type":"Organization","@id":"https:\/\/www.msab.com\/es\/#organization","name":"MSAB","url":"https:\/\/www.msab.com\/es\/","logo":{"@type":"ImageObject","inLanguage":"es","@id":"https:\/\/www.msab.com\/es\/#\/schema\/logo\/image\/","url":"https:\/\/www.msab.com\/wp-content\/uploads\/2023\/03\/MSAB-logo-Black-RGB.png","contentUrl":"https:\/\/www.msab.com\/wp-content\/uploads\/2023\/03\/MSAB-logo-Black-RGB.png","width":1198,"height":353,"caption":"MSAB"},"image":{"@id":"https:\/\/www.msab.com\/es\/#\/schema\/logo\/image\/"},"sameAs":["https:\/\/www.facebook.com\/microsystemation","https:\/\/x.com\/MSAB_XRY","https:\/\/www.linkedin.com\/company\/micro-systemation"]}]}},"_links":{"self":[{"href":"https:\/\/www.msab.com\/es\/wp-json\/wp\/v2\/product\/5087","targetHints":{"allow":["GET"]}}],"collection":[{"href":"https:\/\/www.msab.com\/es\/wp-json\/wp\/v2\/product"}],"about":[{"href":"https:\/\/www.msab.com\/es\/wp-json\/wp\/v2\/types\/product"}],"author":[{"embeddable":true,"href":"https:\/\/www.msab.com\/es\/wp-json\/wp\/v2\/users\/106"}],"up":[{"embeddable":true,"href":"https:\/\/www.msab.com\/es\/wp-json\/wp\/v2\/product\/5243"}],"wp:attachment":[{"href":"https:\/\/www.msab.com\/es\/wp-json\/wp\/v2\/media?parent=5087"}],"curies":[{"name":"wp","href":"https:\/\/api.w.org\/{rel}","templated":true}]}}