{"id":5062,"date":"2021-10-12T11:51:02","date_gmt":"2021-10-12T09:51:02","guid":{"rendered":"http:\/\/www.msab.com\/?post_type=product&#038;p=5062"},"modified":"2024-03-11T13:18:58","modified_gmt":"2024-03-11T12:18:58","slug":"xry-physical","status":"publish","type":"product","link":"https:\/\/www.msab.com\/es\/productos\/xry-extract\/xry-physical\/","title":{"rendered":"XRY Physical"},"content":{"rendered":"\n<section id=\"\" class=\"block product-hero  \">\n    <div class=\"bg-image\">\n        <div class=\"img\" style=\"background-image: url(https:\/\/www.msab.com\/wp-content\/uploads\/2023\/03\/XRY_Hero_Test_2.jpg);\"><\/div>\n    <\/div>\n    <div class=\"container\">\n\n        <div class=\"text-wrapper text-white text-center\">\n\n            <img decoding=\"async\" width=\"204\" height=\"133\" src=\"https:\/\/www.msab.com\/wp-content\/uploads\/2021\/08\/XRY_Physical_Logo_White.png\" class=\"product-logo\" alt=\"\" srcset=\"https:\/\/www.msab.com\/wp-content\/uploads\/2021\/08\/XRY_Physical_Logo_White.png 204w, https:\/\/www.msab.com\/wp-content\/uploads\/2021\/08\/XRY_Physical_Logo_White-33x22.png 33w, https:\/\/www.msab.com\/wp-content\/uploads\/2021\/08\/XRY_Physical_Logo_White-102x67.png 102w\" sizes=\"(max-width: 204px) 100vw, 204px\" \/>\n            <p class=\"intro\">Recuperaci\u00f3n f\u00edsica de datos de dispositivos m\u00f3viles<\/p>\n        <\/div><!--\/text-wrapper-->\n        <div class=\"breadcrumb-part dark\"><nav id=\"breadcrumbs\" class=\"bread-nav\"><span><span><a href=\"https:\/\/www.msab.com\/es\/\"><i class=\"fas fa-home\"><\/i><\/a><\/span><\/span><\/nav><\/div>    <\/div><!--\/container-->\n<\/section>\n\n\n\n<section id=\"\" class=\"block regular-content   pt-regular pb-regular bg-light-grey\">\n    <div class=\"container two-columns\">\n                    <div class=\"editor-content\">\n                <h2>\u00bfQu\u00e9 es XRY Physical?<\/h2>\n<p>&nbsp;<\/p>\n<p><span class=\"TextRun SCXW249068304 BCX0\" lang=\"EN-US\" xml:lang=\"EN-US\" data-contrast=\"auto\"><span class=\"NormalTextRun SCXW249068304 BCX0\">XRY Physical <\/span><span class=\"NormalTextRun SpellingErrorV2Themed SCXW249068304 BCX0\">incluye<\/span> <span class=\"NormalTextRun SpellingErrorV2Themed SCXW249068304 BCX0\">una<\/span> <span class=\"NormalTextRun SpellingErrorV2Themed SCXW249068304 BCX0\">licencia<\/span> <span class=\"NormalTextRun SpellingErrorV2Themed SCXW249068304 BCX0\">completa<\/span><span class=\"NormalTextRun SCXW249068304 BCX0\"> de <\/span><\/span><span class=\"TextRun SCXW249068304 BCX0\" lang=\"EN-US\" xml:lang=\"EN-US\" data-contrast=\"auto\"><span class=\"NormalTextRun SCXW249068304 BCX0\">XRY<\/span><\/span><span class=\"TextRun SCXW249068304 BCX0\" lang=\"EN-US\" xml:lang=\"EN-US\" data-contrast=\"auto\"><span class=\"NormalTextRun SCXW249068304 BCX0\"> Logical y es <\/span><span class=\"NormalTextRun SpellingErrorV2Themed SCXW249068304 BCX0\">el<\/span> <span class=\"NormalTextRun SpellingErrorV2Themed SCXW249068304 BCX0\">siguiente<\/span> <span class=\"NormalTextRun SpellingErrorV2Themed SCXW249068304 BCX0\">nivel<\/span><span class=\"NormalTextRun SCXW249068304 BCX0\"> de <\/span><span class=\"NormalTextRun SpellingErrorV2Themed SCXW249068304 BCX0\">licencia<\/span><span class=\"NormalTextRun SCXW249068304 BCX0\"> para la <\/span><span class=\"NormalTextRun SpellingErrorV2Themed SCXW249068304 BCX0\">recuperaci\u00f3n<\/span> <span class=\"NormalTextRun SpellingErrorV2Themed SCXW249068304 BCX0\">f\u00edsica<\/span><span class=\"NormalTextRun SCXW249068304 BCX0\"> de <\/span><span class=\"NormalTextRun SpellingErrorV2Themed SCXW249068304 BCX0\">datos<\/span><span class=\"NormalTextRun SCXW249068304 BCX0\"> de <\/span><span class=\"NormalTextRun SpellingErrorV2Themed SCXW249068304 BCX0\">dispositivos<\/span> <span class=\"NormalTextRun SpellingErrorV2Themed SCXW249068304 BCX0\">m\u00f3viles<\/span><span class=\"NormalTextRun SCXW249068304 BCX0\">.<\/span><\/span><span class=\"EOP SCXW249068304 BCX0\" data-ccp-props=\"{&quot;335559685&quot;:-20,&quot;335559737&quot;:-20}\">\u00a0<\/span><\/p>\n<p>XRY Physical permite a los analistas eludir el sistema operativo para extraer todos los datos brutos del dispositivo. Este vaciado de memoria le da acceso al sistema, a datos protegidos y borrados, y tambi\u00e9n le permite superar ciertos retos de seguridad y encriptaci\u00f3n en dispositivos bloqueados. Utilizando XAMN, usted podr\u00e1 ver el c\u00f3digo hexadecimal r\u00e1pidamente y, activando el modo fuente, usted podr\u00e1 verificar los datos brutos originales.<\/p>\n<p><a class=\"btn btn-primary\" href=\"#form-152233\">Contactar con ventas<\/a> \u00a0 \u00a0 \u00a0<a class=\"btn btn-outline\" href=\"https:\/\/www.msab.com\/xry_physical_es\/\">Hoja de producto<\/a><\/p>\n            <\/div><!--\/.editor-content-->\n                            <div class=\"editor-content\">\n                <p><img decoding=\"async\" class=\"alignnone size-full wp-image-154581\" src=\"https:\/\/www.msab.com\/wp-content\/uploads\/2021\/10\/XRY_Physical_Screenshot.png\" alt=\"\" width=\"800\" srcset=\"https:\/\/www.msab.com\/wp-content\/uploads\/2021\/10\/XRY_Physical_Screenshot.png 800w, https:\/\/www.msab.com\/wp-content\/uploads\/2021\/10\/XRY_Physical_Screenshot-300x169.png 300w, https:\/\/www.msab.com\/wp-content\/uploads\/2021\/10\/XRY_Physical_Screenshot-768x432.png 768w, https:\/\/www.msab.com\/wp-content\/uploads\/2021\/10\/XRY_Physical_Screenshot-33x19.png 33w, https:\/\/www.msab.com\/wp-content\/uploads\/2021\/10\/XRY_Physical_Screenshot-102x57.png 102w, https:\/\/www.msab.com\/wp-content\/uploads\/2021\/10\/XRY_Physical_Screenshot-500x281.png 500w\" sizes=\"(max-width: 800px) 100vw, 800px\" \/><\/p>\n            <\/div><!--\/.editor-content-->\n            <\/div><!--\/.container-->\n<\/section><!--\/.regular-content-->\n\n\n<section id=\"\" class=\"block list-block bg-white \">\n    <div class=\"container\">\n\n                <div class=\"list-block__top-content editor-content center\">\n            <h2 style=\"text-align: center;\">La licencia XRY incluye<\/h2>\n<p style=\"text-align: center;\">Cables gratis. Actualizaciones gratuitas de software. Soporte t\u00e9cnico gratuito Garant\u00eda extendida disponible en todos los equipos fabricados por MSAB siempre que se mantenga la licencia de XRY.<\/p>\n<h4 style=\"text-align: center;\"><strong>D\u00e9 a sus investigaciones la mejor posibilidad de \u00e9xitoe<\/strong><\/h4>\n        <\/div><!--\/.top-content-->\n                \n                <div class=\"list-block__row d-flex\">\n\n            \n            <div class=\"list-block__wrap\">\n                <div class=\"list-block__col editor-content\">\n\n                                        \n                                        <ul class=\"check-list blue\">\n\n                                                <li>Ex\u00e1menes f\u00edsicos de dispositivos m\u00f3viles<\/li>\n                                                <li>Elusi\u00f3n (bypass) o recuperaci\u00f3n de contrase\u00f1as<\/li>\n                                                <li>Datos reconstruidos y borrados<\/li>\n                                                <li>Vaciado de dispositivo e importaci\u00f3n binaria<\/li>\n                                                <li>Apoyo de apps de tel\u00e9fonos inteligentes<\/li>\n                        \n                    <\/ul><!--\/.check-list-->\n                                    <\/div><!--\/.list-block__col-->\n            <\/div><!--\/.list-block__wrap-->\n            \n            <div class=\"list-block__wrap\">\n                <div class=\"list-block__col editor-content\">\n\n                                        \n                                        <ul class=\"check-list blue\">\n\n                                                <li>Soluci\u00f3n de software basada en Windows<\/li>\n                                                <li>Archivo de ayuda \u00fanico para cada dispositivo<\/li>\n                                                <li>Extracci\u00f3n de datos f\u00e1cil<\/li>\n                                                <li>An\u00e1lisis HEX de datos<\/li>\n                                                <li>Algoritmos Hash<\/li>\n                        \n                    <\/ul><!--\/.check-list-->\n                                    <\/div><!--\/.list-block__col-->\n            <\/div><!--\/.list-block__wrap-->\n            \n            <div class=\"list-block__wrap\">\n                <div class=\"list-block__col editor-content\">\n\n                                        \n                                        <ul class=\"check-list blue\">\n\n                                                <li>Asistente de grabaci\u00f3n de CD\/DVD\/Blu-ray<\/li>\n                                                <li>Clonaci\u00f3n de tarjetas SIM<\/li>\n                                                <li>Limpieza de registro<\/li>\n                                                <li>Convierte archivos antiguos de XRY<\/li>\n                                                <li>Actualizaciones de licencia<\/li>\n                                                <li>Descarga de actualizaciones<\/li>\n                        \n                    <\/ul><!--\/.check-list-->\n                                    <\/div><!--\/.list-block__col-->\n            <\/div><!--\/.list-block__wrap-->\n            \n        <\/div><!--\/.list-block__row-->\n        \n    <\/div><!--\/.container-->\n<\/section>\n\n<section id=\"\" class=\"block text-image-columns bg-white \">\n    <div class=\"container\">\n        <div class=\"row img-right\">\n\n            <div class=\"text-col col-12 col-md-6 d-flex flex-wrap justify-content-center align-items-center\">\n\n                                <div class=\"editor-content\">\n                    <h2 style=\"text-align: left;\">Una raz\u00f3n convincente para elegir esta opci\u00f3n: El formato de archivo XRY es seguro de manera forense<\/h2>\n<p style=\"text-align: left;\">A diferencia de algunas herramientas forenses m\u00f3viles que fueron dise\u00f1adas originalmente para otros prop\u00f3sitos, XRY se dise\u00f1\u00f3 con el objetivo de ofrecer un an\u00e1lisis forense seguro. El formato de archivo XRY conserva las pruebas de forma segura y documentada en todo momento, con una pista de auditor\u00eda forense completa y protecci\u00f3n de las pruebas desde la extracci\u00f3n inicial, pasando por el an\u00e1lisis hasta la elaboraci\u00f3n de informes y la presentaci\u00f3n ante un tribunal o en otros procesos administrativos.<br \/>\n<a href=\"#\">M\u00e1s informaci\u00f3n sobre esta pregunta \u2014 \u201c\u00bfExiste una herramienta forense aprobada por los tribunales?\u201d<\/a><\/p>\n                <\/div><!--\/.editor-content-->\n                \n            <\/div><!--\/.text-col-->\n\n            <div class=\"img-col col-12 col-md-6 d-flex flex-wrap justify-content-center align-items-center\">\n                \n                                <div class=\"img-wrap grad\">\n                    <img decoding=\"async\" width=\"1060\" height=\"719\" src=\"https:\/\/www.msab.com\/wp-content\/uploads\/2021\/08\/XRY-file-format-Current-View-4.png\" class=\"attachment-full size-full\" alt=\"\" srcset=\"https:\/\/www.msab.com\/wp-content\/uploads\/2021\/08\/XRY-file-format-Current-View-4.png 1060w, https:\/\/www.msab.com\/wp-content\/uploads\/2021\/08\/XRY-file-format-Current-View-4-300x203.png 300w, https:\/\/www.msab.com\/wp-content\/uploads\/2021\/08\/XRY-file-format-Current-View-4-1024x695.png 1024w, https:\/\/www.msab.com\/wp-content\/uploads\/2021\/08\/XRY-file-format-Current-View-4-768x521.png 768w, https:\/\/www.msab.com\/wp-content\/uploads\/2021\/08\/XRY-file-format-Current-View-4-33x22.png 33w, https:\/\/www.msab.com\/wp-content\/uploads\/2021\/08\/XRY-file-format-Current-View-4-102x69.png 102w\" sizes=\"(max-width: 1060px) 100vw, 1060px\" \/>                <\/div><!--\/.img-wrap-->\n                \n            <\/div><!--\/.img-col-->\n\n        <\/div><!--\/.row-->\n    <\/div><!--\/.container-->\n<\/section>\n\n<section id=\"\" class=\"block image-text-with-bg bg-blue-gradient text-white \">\n\t<div class=\"container\">\n\t\t\t\t<div class=\"row\">\n\t\t\t<div class=\"col text-center\">\n                <img decoding=\"async\" width=\"1220\" height=\"500\" src=\"https:\/\/www.msab.com\/wp-content\/uploads\/2021\/08\/XRY_Spec_Table_ES.png\" class=\"attachment-container-size size-container-size\" alt=\"\" srcset=\"https:\/\/www.msab.com\/wp-content\/uploads\/2021\/08\/XRY_Spec_Table_ES.png 1220w, https:\/\/www.msab.com\/wp-content\/uploads\/2021\/08\/XRY_Spec_Table_ES-300x123.png 300w, https:\/\/www.msab.com\/wp-content\/uploads\/2021\/08\/XRY_Spec_Table_ES-1024x420.png 1024w, https:\/\/www.msab.com\/wp-content\/uploads\/2021\/08\/XRY_Spec_Table_ES-768x315.png 768w, https:\/\/www.msab.com\/wp-content\/uploads\/2021\/08\/XRY_Spec_Table_ES-33x14.png 33w, https:\/\/www.msab.com\/wp-content\/uploads\/2021\/08\/XRY_Spec_Table_ES-102x42.png 102w, https:\/\/www.msab.com\/wp-content\/uploads\/2021\/08\/XRY_Spec_Table_ES-500x205.png 500w\" sizes=\"(max-width: 1220px) 100vw, 1220px\" \/>\t\t\t<\/div>\n\t\t<\/div>\n\t\t\t\t<div class=\"row text-wrapper\">\n\t\t\t<div class=\"col-12 col-md-4 left-col\">\n\t\t\t\t\t\t\t<\/div>\n\t\t\t<div class=\"col-12 col-md-8 right-col\">\n\t\t\t\t<div class=\"row\">\n\t\t\t\t\t<div class=\"col\">\n\t\t\t\t\t\t\t\t\t\t\t<\/div>\n\t\t\t\t<\/div>\n\t\t\t\t\t\t\t<\/div>\n\t\t<\/div>\n\t<\/div>\n<\/section>\n\n\n<section id=\"\" class=\"block text-image-columns bg-white \">\n    <div class=\"container\">\n        <div class=\"row img-left\">\n\n            <div class=\"text-col col-12 col-md-6 d-flex flex-wrap justify-content-center align-items-center\">\n\n                                <div class=\"editor-content\">\n                    <h2>\u00bfTiene tel\u00e9fonos m\u00f3viles a los que no puede acceder?<\/h2>\n<p><strong>Ahora existe una nueva opci\u00f3n para los investigadores y examinadores que precisan acceso a los tel\u00e9fonos m\u00f3viles m\u00e1s complejos en casos cr\u00edticos: los Servicios de acceso MSAB.<br \/>\n<\/strong><br \/>\nCon Access Services, los expertos forenses de MSAB emplean t\u00e9cnicas avanzadas y s\u00f3lidas desde el punto de vista forense para extraer y descifrar los datos de los dispositivos seleccionados: evidencias que de otro modo ser\u00edan inalcanzables y que podr\u00edan significar la diferencia entre resolver un caso o no hacerlo.<\/p>\n<p><a class=\"btn btn-primary\" href=\"https:\/\/www.msab.com\/es\/products\/professional-services\/#access-services\">M\u00e1s informaci\u00f3n<\/a><\/p>\n                <\/div><!--\/.editor-content-->\n                \n            <\/div><!--\/.text-col-->\n\n            <div class=\"img-col col-12 col-md-6 d-flex flex-wrap justify-content-center align-items-center\">\n                \n                                <div class=\"img-wrap grad--blue\">\n                    <img decoding=\"async\" width=\"750\" height=\"500\" src=\"https:\/\/www.msab.com\/wp-content\/uploads\/2021\/10\/MSAB_Access_Services_Icon.jpg\" class=\"attachment-full size-full\" alt=\"\" srcset=\"https:\/\/www.msab.com\/wp-content\/uploads\/2021\/10\/MSAB_Access_Services_Icon.jpg 750w, https:\/\/www.msab.com\/wp-content\/uploads\/2021\/10\/MSAB_Access_Services_Icon-300x200.jpg 300w, https:\/\/www.msab.com\/wp-content\/uploads\/2021\/10\/MSAB_Access_Services_Icon-33x22.jpg 33w, https:\/\/www.msab.com\/wp-content\/uploads\/2021\/10\/MSAB_Access_Services_Icon-102x68.jpg 102w, https:\/\/www.msab.com\/wp-content\/uploads\/2021\/10\/MSAB_Access_Services_Icon-500x333.jpg 500w\" sizes=\"(max-width: 750px) 100vw, 750px\" \/>                <\/div><!--\/.img-wrap-->\n                \n            <\/div><!--\/.img-col-->\n\n        <\/div><!--\/.row-->\n    <\/div><!--\/.container-->\n<\/section>\n\n\n    <style>\n                    #block_61435e923d04a {\n                background-image: url(https:\/\/www.msab.com\/wp-content\/uploads\/2021\/08\/Frontline_MSAB_Field_Phone_Extraction_BG-1.jpg);\n            }\n                    <\/style>\n\n<section id=\"block_61435e923d04a\" class=\"block cta-with-bg-img text-white left-layout bg-overlay \">\n    <div class=\"container\" id=\"\">\n                    <div class=\"text-wrapper\">\n                <h2>Solicitar presupuesto<\/h2>\n<p style=\"text-align: left;\">Cont\u00e1ctenos y solicite un presupuesto o h\u00e1ganos saber si est\u00e1 interesado en evaluar uno de nuestros productos.<\/p>\n<p style=\"text-align: left;\"><span style=\"color: #000000;\"><a class=\"btn btn-primary\" style=\"color: #000000;\" href=\"#form-152233\">Contactar con ventas<\/a><\/span><\/p>\n            <\/div>\n            <\/div><!--\/container-->\n<\/section>","protected":false},"excerpt":{"rendered":"","protected":false},"author":106,"featured_media":0,"parent":5243,"menu_order":0,"template":"","class_list":["post-5062","product","type-product","status-publish","hentry"],"acf":[],"yoast_head":"<!-- This site is optimized with the Yoast SEO Premium plugin v25.0 (Yoast SEO v27.4) - https:\/\/yoast.com\/product\/yoast-seo-premium-wordpress\/ -->\n<title>XRY Physical \u2014 Extracci\u00f3n f\u00edsica Software XRY | MSAB<\/title>\n<meta name=\"description\" content=\"Recuperaci\u00f3n de datos con XRY Physical. MSAB es l\u00edder global en forense digital. \u2713 Licencia de nivel superior para recuperaci\u00f3n datos\" \/>\n<meta name=\"robots\" content=\"index, follow, max-snippet:-1, max-image-preview:large, max-video-preview:-1\" \/>\n<link rel=\"canonical\" href=\"https:\/\/www.msab.com\/es\/productos\/xry-extract\/xry-physical\/\" \/>\n<meta property=\"og:locale\" content=\"es_ES\" \/>\n<meta property=\"og:type\" content=\"article\" \/>\n<meta property=\"og:title\" content=\"XRY Physical\" \/>\n<meta property=\"og:description\" content=\"Recuperaci\u00f3n de datos con XRY Physical. MSAB es l\u00edder global en forense digital. \u2713 Licencia de nivel superior para recuperaci\u00f3n datos\" \/>\n<meta property=\"og:url\" content=\"https:\/\/www.msab.com\/es\/productos\/xry-extract\/xry-physical\/\" \/>\n<meta property=\"og:site_name\" content=\"MSAB\" \/>\n<meta property=\"article:publisher\" content=\"https:\/\/www.facebook.com\/microsystemation\" \/>\n<meta property=\"article:modified_time\" content=\"2024-03-11T12:18:58+00:00\" \/>\n<meta name=\"twitter:card\" content=\"summary_large_image\" \/>\n<meta name=\"twitter:site\" content=\"@MSAB_XRY\" \/>\n<meta name=\"twitter:label1\" content=\"Tiempo de lectura\" \/>\n\t<meta name=\"twitter:data1\" content=\"3 minutos\" \/>\n<script type=\"application\/ld+json\" class=\"yoast-schema-graph\">{\"@context\":\"https:\\\/\\\/schema.org\",\"@graph\":[{\"@type\":\"WebPage\",\"@id\":\"https:\\\/\\\/www.msab.com\\\/es\\\/productos\\\/xry-extract\\\/xry-physical\\\/\",\"url\":\"https:\\\/\\\/www.msab.com\\\/es\\\/productos\\\/xry-extract\\\/xry-physical\\\/\",\"name\":\"XRY Physical \u2014 Extracci\u00f3n f\u00edsica Software XRY | MSAB\",\"isPartOf\":{\"@id\":\"https:\\\/\\\/www.msab.com\\\/es\\\/#website\"},\"datePublished\":\"2021-10-12T09:51:02+00:00\",\"dateModified\":\"2024-03-11T12:18:58+00:00\",\"description\":\"Recuperaci\u00f3n de datos con XRY Physical. MSAB es l\u00edder global en forense digital. \u2713 Licencia de nivel superior para recuperaci\u00f3n datos\",\"breadcrumb\":{\"@id\":\"https:\\\/\\\/www.msab.com\\\/es\\\/productos\\\/xry-extract\\\/xry-physical\\\/#breadcrumb\"},\"inLanguage\":\"es\",\"potentialAction\":[{\"@type\":\"ReadAction\",\"target\":[\"https:\\\/\\\/www.msab.com\\\/es\\\/productos\\\/xry-extract\\\/xry-physical\\\/\"]}]},{\"@type\":\"BreadcrumbList\",\"@id\":\"https:\\\/\\\/www.msab.com\\\/es\\\/productos\\\/xry-extract\\\/xry-physical\\\/#breadcrumb\",\"itemListElement\":[{\"@type\":\"ListItem\",\"position\":1,\"name\":\"\",\"item\":\"https:\\\/\\\/www.msab.com\\\/es\\\/\"},{\"@type\":\"ListItem\",\"position\":2,\"name\":\"MSAB Extract &#8211; XRY\",\"item\":\"https:\\\/\\\/www.msab.com\\\/es\\\/productos\\\/xry-extract\\\/\"},{\"@type\":\"ListItem\",\"position\":3,\"name\":\"XRY Physical\"}]},{\"@type\":\"WebSite\",\"@id\":\"https:\\\/\\\/www.msab.com\\\/es\\\/#website\",\"url\":\"https:\\\/\\\/www.msab.com\\\/es\\\/\",\"name\":\"MSAB\",\"description\":\"Trusted Partner in Digital Forensics\",\"publisher\":{\"@id\":\"https:\\\/\\\/www.msab.com\\\/es\\\/#organization\"},\"potentialAction\":[{\"@type\":\"SearchAction\",\"target\":{\"@type\":\"EntryPoint\",\"urlTemplate\":\"https:\\\/\\\/www.msab.com\\\/es\\\/?s={search_term_string}\"},\"query-input\":{\"@type\":\"PropertyValueSpecification\",\"valueRequired\":true,\"valueName\":\"search_term_string\"}}],\"inLanguage\":\"es\"},{\"@type\":\"Organization\",\"@id\":\"https:\\\/\\\/www.msab.com\\\/es\\\/#organization\",\"name\":\"MSAB\",\"url\":\"https:\\\/\\\/www.msab.com\\\/es\\\/\",\"logo\":{\"@type\":\"ImageObject\",\"inLanguage\":\"es\",\"@id\":\"https:\\\/\\\/www.msab.com\\\/es\\\/#\\\/schema\\\/logo\\\/image\\\/\",\"url\":\"https:\\\/\\\/www.msab.com\\\/wp-content\\\/uploads\\\/2023\\\/03\\\/MSAB-logo-Black-RGB.png\",\"contentUrl\":\"https:\\\/\\\/www.msab.com\\\/wp-content\\\/uploads\\\/2023\\\/03\\\/MSAB-logo-Black-RGB.png\",\"width\":1198,\"height\":353,\"caption\":\"MSAB\"},\"image\":{\"@id\":\"https:\\\/\\\/www.msab.com\\\/es\\\/#\\\/schema\\\/logo\\\/image\\\/\"},\"sameAs\":[\"https:\\\/\\\/www.facebook.com\\\/microsystemation\",\"https:\\\/\\\/x.com\\\/MSAB_XRY\",\"https:\\\/\\\/www.linkedin.com\\\/company\\\/micro-systemation\"]}]}<\/script>\n<!-- \/ Yoast SEO Premium plugin. -->","yoast_head_json":{"title":"XRY Physical \u2014 Extracci\u00f3n f\u00edsica Software XRY | MSAB","description":"Recuperaci\u00f3n de datos con XRY Physical. MSAB es l\u00edder global en forense digital. \u2713 Licencia de nivel superior para recuperaci\u00f3n datos","robots":{"index":"index","follow":"follow","max-snippet":"max-snippet:-1","max-image-preview":"max-image-preview:large","max-video-preview":"max-video-preview:-1"},"canonical":"https:\/\/www.msab.com\/es\/productos\/xry-extract\/xry-physical\/","og_locale":"es_ES","og_type":"article","og_title":"XRY Physical","og_description":"Recuperaci\u00f3n de datos con XRY Physical. MSAB es l\u00edder global en forense digital. \u2713 Licencia de nivel superior para recuperaci\u00f3n datos","og_url":"https:\/\/www.msab.com\/es\/productos\/xry-extract\/xry-physical\/","og_site_name":"MSAB","article_publisher":"https:\/\/www.facebook.com\/microsystemation","article_modified_time":"2024-03-11T12:18:58+00:00","twitter_card":"summary_large_image","twitter_site":"@MSAB_XRY","twitter_misc":{"Tiempo de lectura":"3 minutos"},"schema":{"@context":"https:\/\/schema.org","@graph":[{"@type":"WebPage","@id":"https:\/\/www.msab.com\/es\/productos\/xry-extract\/xry-physical\/","url":"https:\/\/www.msab.com\/es\/productos\/xry-extract\/xry-physical\/","name":"XRY Physical \u2014 Extracci\u00f3n f\u00edsica Software XRY | MSAB","isPartOf":{"@id":"https:\/\/www.msab.com\/es\/#website"},"datePublished":"2021-10-12T09:51:02+00:00","dateModified":"2024-03-11T12:18:58+00:00","description":"Recuperaci\u00f3n de datos con XRY Physical. MSAB es l\u00edder global en forense digital. \u2713 Licencia de nivel superior para recuperaci\u00f3n datos","breadcrumb":{"@id":"https:\/\/www.msab.com\/es\/productos\/xry-extract\/xry-physical\/#breadcrumb"},"inLanguage":"es","potentialAction":[{"@type":"ReadAction","target":["https:\/\/www.msab.com\/es\/productos\/xry-extract\/xry-physical\/"]}]},{"@type":"BreadcrumbList","@id":"https:\/\/www.msab.com\/es\/productos\/xry-extract\/xry-physical\/#breadcrumb","itemListElement":[{"@type":"ListItem","position":1,"name":"","item":"https:\/\/www.msab.com\/es\/"},{"@type":"ListItem","position":2,"name":"MSAB Extract &#8211; XRY","item":"https:\/\/www.msab.com\/es\/productos\/xry-extract\/"},{"@type":"ListItem","position":3,"name":"XRY Physical"}]},{"@type":"WebSite","@id":"https:\/\/www.msab.com\/es\/#website","url":"https:\/\/www.msab.com\/es\/","name":"MSAB","description":"Trusted Partner in Digital Forensics","publisher":{"@id":"https:\/\/www.msab.com\/es\/#organization"},"potentialAction":[{"@type":"SearchAction","target":{"@type":"EntryPoint","urlTemplate":"https:\/\/www.msab.com\/es\/?s={search_term_string}"},"query-input":{"@type":"PropertyValueSpecification","valueRequired":true,"valueName":"search_term_string"}}],"inLanguage":"es"},{"@type":"Organization","@id":"https:\/\/www.msab.com\/es\/#organization","name":"MSAB","url":"https:\/\/www.msab.com\/es\/","logo":{"@type":"ImageObject","inLanguage":"es","@id":"https:\/\/www.msab.com\/es\/#\/schema\/logo\/image\/","url":"https:\/\/www.msab.com\/wp-content\/uploads\/2023\/03\/MSAB-logo-Black-RGB.png","contentUrl":"https:\/\/www.msab.com\/wp-content\/uploads\/2023\/03\/MSAB-logo-Black-RGB.png","width":1198,"height":353,"caption":"MSAB"},"image":{"@id":"https:\/\/www.msab.com\/es\/#\/schema\/logo\/image\/"},"sameAs":["https:\/\/www.facebook.com\/microsystemation","https:\/\/x.com\/MSAB_XRY","https:\/\/www.linkedin.com\/company\/micro-systemation"]}]}},"_links":{"self":[{"href":"https:\/\/www.msab.com\/es\/wp-json\/wp\/v2\/product\/5062","targetHints":{"allow":["GET"]}}],"collection":[{"href":"https:\/\/www.msab.com\/es\/wp-json\/wp\/v2\/product"}],"about":[{"href":"https:\/\/www.msab.com\/es\/wp-json\/wp\/v2\/types\/product"}],"author":[{"embeddable":true,"href":"https:\/\/www.msab.com\/es\/wp-json\/wp\/v2\/users\/106"}],"up":[{"embeddable":true,"href":"https:\/\/www.msab.com\/es\/wp-json\/wp\/v2\/product\/5243"}],"wp:attachment":[{"href":"https:\/\/www.msab.com\/es\/wp-json\/wp\/v2\/media?parent=5062"}],"curies":[{"name":"wp","href":"https:\/\/api.w.org\/{rel}","templated":true}]}}