{"id":5055,"date":"2021-10-12T08:45:41","date_gmt":"2021-10-12T06:45:41","guid":{"rendered":"http:\/\/www.msab.com\/?post_type=product&#038;p=5055"},"modified":"2025-05-28T17:33:13","modified_gmt":"2025-05-28T15:33:13","slug":"xry-logical","status":"publish","type":"product","link":"https:\/\/www.msab.com\/es\/productos\/xry-extract\/xry-logical\/","title":{"rendered":"XRY Logical"},"content":{"rendered":"\n<section id=\"\" class=\"block product-hero  \">\n    <div class=\"bg-image\">\n        <div class=\"img\" style=\"background-image: url(https:\/\/www.msab.com\/wp-content\/uploads\/2023\/03\/XRY_Hero_Test_2.jpg);\"><\/div>\n    <\/div>\n    <div class=\"container\">\n\n        <div class=\"text-wrapper text-white text-center\">\n\n            <img decoding=\"async\" width=\"204\" height=\"133\" src=\"https:\/\/www.msab.com\/wp-content\/uploads\/2021\/08\/XRY_Logical_Logo_White.png\" class=\"product-logo\" alt=\"The XRY Logical Logo\" srcset=\"https:\/\/www.msab.com\/wp-content\/uploads\/2021\/08\/XRY_Logical_Logo_White.png 204w, https:\/\/www.msab.com\/wp-content\/uploads\/2021\/08\/XRY_Logical_Logo_White-33x22.png 33w, https:\/\/www.msab.com\/wp-content\/uploads\/2021\/08\/XRY_Logical_Logo_White-102x67.png 102w\" sizes=\"(max-width: 204px) 100vw, 204px\" \/>\n            <p class=\"intro\">El punto de partida del an\u00e1lisis forense m\u00f3vil<\/p>\n        <\/div><!--\/text-wrapper-->\n        <div class=\"breadcrumb-part dark\"><nav id=\"breadcrumbs\" class=\"bread-nav\"><span><span><a href=\"https:\/\/www.msab.com\/es\/\"><i class=\"fas fa-home\"><\/i><\/a><\/span><\/span><\/nav><\/div>    <\/div><!--\/container-->\n<\/section>\n\n\n\n<section id=\"\" class=\"block regular-content   pt-regular pb-regular bg-light-grey\">\n    <div class=\"container two-columns\">\n                    <div class=\"editor-content\">\n                <h2>\u00bfQu\u00e9 es XRY Logical?<\/h2>\n<p>XRY Logical es el m\u00e9todo de extracci\u00f3n m\u00e1s r\u00e1pido, porque le permite acceder y recuperar datos en vivo, as\u00ed como datos del sistema de archivos del dispositivo encontrado en la escena del crimen. Extrae datos de dispositivos digitales mediante comunicaci\u00f3n con el sistema operativo del dispositivo. El servicio es autom\u00e1tico, pero equivale a examinar manualmente cada pantalla en el dispositivo y registrar lo que se muestra. Con el formato de archivo XRY patentado, los datos y la integridad de su evidencia se mantienen a salvo desde la extracci\u00f3n hasta el juicio y la condena.<\/p>\n<p>XRY Logical es nuestra soluci\u00f3n de nivel b\u00e1sico para investigadores forenses y el punto de partida para nuestras opciones de licencia.<\/p>\n<p><a class=\"btn btn-primary\" href=\"#form-152233\">Contactar con ventas<\/a>\u00a0 \u00a0 \u00a0\u00a0<a class=\"btn btn-outline\" href=\"https:\/\/www.msab.com\/xry_logical_es\/\">Hoja de producto<\/a><\/p>\n            <\/div><!--\/.editor-content-->\n                            <div class=\"editor-content\">\n                <p><img decoding=\"async\" class=\"alignnone size-full wp-image-153259\" src=\"https:\/\/www.msab.com\/wp-content\/uploads\/2021\/08\/XRY_Logical_Screenshot_Alt.png\" alt=\"\" width=\"800\" srcset=\"https:\/\/www.msab.com\/wp-content\/uploads\/2021\/08\/XRY_Logical_Screenshot_Alt.png 800w, https:\/\/www.msab.com\/wp-content\/uploads\/2021\/08\/XRY_Logical_Screenshot_Alt-300x169.png 300w, https:\/\/www.msab.com\/wp-content\/uploads\/2021\/08\/XRY_Logical_Screenshot_Alt-768x432.png 768w, https:\/\/www.msab.com\/wp-content\/uploads\/2021\/08\/XRY_Logical_Screenshot_Alt-33x19.png 33w, https:\/\/www.msab.com\/wp-content\/uploads\/2021\/08\/XRY_Logical_Screenshot_Alt-102x57.png 102w, https:\/\/www.msab.com\/wp-content\/uploads\/2021\/08\/XRY_Logical_Screenshot_Alt-500x281.png 500w\" sizes=\"(max-width: 800px) 100vw, 800px\" \/><\/p>\n            <\/div><!--\/.editor-content-->\n            <\/div><!--\/.container-->\n<\/section><!--\/.regular-content-->\n\n\n<section id=\"\" class=\"block list-block bg-white \">\n    <div class=\"container\">\n\n                <div class=\"list-block__top-content editor-content center\">\n            <h2 style=\"text-align: center;\">LA LICENCIA XRY INCLUYE<\/h2>\n<p style=\"text-align: center;\">Cables gratis, actualizaciones de software gratuitas y soporte t\u00e9cnico gratuito. Garant\u00eda extendida disponible en todos los equipos fabricados por MSAB siempre que se mantenga la licencia de XRY.<\/p>\n<h4 style=\"text-align: center;\"><strong>D\u00e9 a sus investigaciones la mejor posibilidad de \u00e9xito<\/strong><\/h4>\n        <\/div><!--\/.top-content-->\n                \n                <div class=\"list-block__row d-flex\">\n\n            \n            <div class=\"list-block__wrap\">\n                <div class=\"list-block__col editor-content\">\n\n                    <h4 class=\"bold\">Caracter\u00edsticas destacadas del producto<\/h4>                    \n                                        <ul class=\"check-list blue\">\n\n                                                <li>XRY Photon para la adquisici\u00f3n de datos<\/li>\n                                                <li>Lectura de tarjetas SIM<\/li>\n                                                <li>Perfiles de triaje<\/li>\n                                                <li>R\u00e1pida recuperaci\u00f3n de datos m\u00f3viles en vivo<\/li>\n                                                <li>Ex\u00e1menes l\u00f3gicos de dispositivos m\u00f3viles<\/li>\n                        \n                    <\/ul><!--\/.check-list-->\n                                    <\/div><!--\/.list-block__col-->\n            <\/div><!--\/.list-block__wrap-->\n            \n            <div class=\"list-block__wrap\">\n                <div class=\"list-block__col editor-content\">\n\n                    <h4 class=\"bold\">Caracter\u00edsticas<\/h4>                    \n                                        <ul class=\"check-list blue\">\n\n                                                <li>Soluci\u00f3n de software basada en Windows<\/li>\n                                                <li>Archivo de ayuda \u00fanico para cada dispositivo<\/li>\n                                                <li>Formato de archivo seguro<\/li>\n                                                <li>Algoritmos Hash<\/li>\n                                                <li>F\u00e1cil extracci\u00f3n de datos y generaci\u00f3n de informes<\/li>\n                                                <li><a href=\"https:\/\/www.msab.com\/es\/productos\/xry-extract\/xry-pinpoint\/\">XRY Pinpoint &#8211; para dispositivos m\u00f3viles no est\u00e1ndar<\/a><\/li>\n                        \n                    <\/ul><!--\/.check-list-->\n                                    <\/div><!--\/.list-block__col-->\n            <\/div><!--\/.list-block__wrap-->\n            \n            <div class=\"list-block__wrap\">\n                <div class=\"list-block__col editor-content\">\n\n                    <h4 class=\"bold\">Herramientas<\/h4>                    \n                                        <ul class=\"check-list blue\">\n\n                                                <li>Asistente de grabaci\u00f3n de CD\/DVD\/Blu-ray<\/li>\n                                                <li>Clonaci\u00f3n de tarjetas SIM<\/li>\n                                                <li>Limpieza de registro<\/li>\n                                                <li>Convierte archivos antiguos de XRY<\/li>\n                                                <li>Actualizaciones de licencia<\/li>\n                                                <li>Descarga de actualizaciones<\/li>\n                        \n                    <\/ul><!--\/.check-list-->\n                                    <\/div><!--\/.list-block__col-->\n            <\/div><!--\/.list-block__wrap-->\n            \n        <\/div><!--\/.list-block__row-->\n        \n    <\/div><!--\/.container-->\n<\/section>\n\n\n<section id=\"\" class=\"block two-column-content bg-white \">\n    <div class=\"container\">\n        <div class=\"text-wrapper\">\n            <div class=\"row\">\n                                    <div class=\"col-12 col-md-6 col-lg-5\">\n                        <h2 class=\"heading h2\">Ahora incluye XRY Photon para la recogida de datos de aplicaciones<\/h2>                    <\/div>\n                                                    <div class=\"col-12 col-md-6 col-lg-7\">\n                        <p>A medida que mejoran los protocolos de seguridad, los examinadores se ven obligados a emplear tediosos procesos manuales para capturar y revisar datos encriptados de las aplicaciones. Ahora existe una nueva opci\u00f3n para ahorrar tiempo: XRY Photon.<\/p>\n<p>XRY Photon se asemeja a una versi\u00f3n automatizada de examen manual para dispositivos Android, con la ventaja de almacenar datos documentados de forma consultable, lo que permite la b\u00fasqueda de texto, su filtrado y otros tipos de an\u00e1lisis.<\/p>\n<p><a class=\"btn btn-primary\" href=\"https:\/\/www.msab.com\/es\/productos\/xry-extraer\/xry-photon\/\">M\u00e1s informaci\u00f3n<\/a><\/p>\n                    <\/div>\n                            <\/div><!--\/row-->\n        <\/div><!--\/text-wrapper-->\n    <\/div><!--\/container-->\n<\/section>\n\n<section id=\"\" class=\"block image-text-with-bg bg-blue-gradient text-white \">\n\t<div class=\"container\">\n\t\t\t\t<div class=\"row\">\n\t\t\t<div class=\"col text-center\">\n                <img decoding=\"async\" width=\"1220\" height=\"500\" src=\"https:\/\/www.msab.com\/wp-content\/uploads\/2021\/08\/XRY_Spec_Table_ES.png\" class=\"attachment-container-size size-container-size\" alt=\"\" srcset=\"https:\/\/www.msab.com\/wp-content\/uploads\/2021\/08\/XRY_Spec_Table_ES.png 1220w, https:\/\/www.msab.com\/wp-content\/uploads\/2021\/08\/XRY_Spec_Table_ES-300x123.png 300w, https:\/\/www.msab.com\/wp-content\/uploads\/2021\/08\/XRY_Spec_Table_ES-1024x420.png 1024w, https:\/\/www.msab.com\/wp-content\/uploads\/2021\/08\/XRY_Spec_Table_ES-768x315.png 768w, https:\/\/www.msab.com\/wp-content\/uploads\/2021\/08\/XRY_Spec_Table_ES-33x14.png 33w, https:\/\/www.msab.com\/wp-content\/uploads\/2021\/08\/XRY_Spec_Table_ES-102x42.png 102w, https:\/\/www.msab.com\/wp-content\/uploads\/2021\/08\/XRY_Spec_Table_ES-500x205.png 500w\" sizes=\"(max-width: 1220px) 100vw, 1220px\" \/>\t\t\t<\/div>\n\t\t<\/div>\n\t\t\t\t<div class=\"row text-wrapper\">\n\t\t\t<div class=\"col-12 col-md-4 left-col\">\n\t\t\t\t\t\t\t<\/div>\n\t\t\t<div class=\"col-12 col-md-8 right-col\">\n\t\t\t\t<div class=\"row\">\n\t\t\t\t\t<div class=\"col\">\n\t\t\t\t\t\t\t\t\t\t\t<\/div>\n\t\t\t\t<\/div>\n\t\t\t\t\t\t\t<\/div>\n\t\t<\/div>\n\t<\/div>\n<\/section>\n\n\n<section id=\"\" class=\"block text-image-columns bg-white \">\n    <div class=\"container\">\n        <div class=\"row img-left\">\n\n            <div class=\"text-col col-12 col-md-6 d-flex flex-wrap justify-content-center align-items-center\">\n\n                                <div class=\"editor-content\">\n                    <h2>\u00bfTiene tel\u00e9fonos m\u00f3viles a los que no puede acceder?<\/h2>\n<p><strong>Ahora existe una nueva opci\u00f3n para los investigadores y examinadores que precisan acceso a los tel\u00e9fonos m\u00f3viles m\u00e1s complejos en casos cr\u00edticos: los Servicios de acceso MSAB.<\/strong><\/p>\n<p>Con Access Services, los expertos forenses de MSAB emplean t\u00e9cnicas avanzadas y s\u00f3lidas desde el punto de vista forense para extraer y descifrar los datos de los dispositivos seleccionados: evidencias que de otro modo ser\u00edan inalcanzables y que podr\u00edan significar la diferencia entre resolver un caso o no hacerlo.<\/p>\n<p><a class=\"btn btn-primary\" href=\"https:\/\/www.msab.com\/es\/professional-services\/#access-services\">M\u00e1s informaci\u00f3n<\/a><\/p>\n                <\/div><!--\/.editor-content-->\n                \n            <\/div><!--\/.text-col-->\n\n            <div class=\"img-col col-12 col-md-6 d-flex flex-wrap justify-content-center align-items-center\">\n                \n                                <div class=\"img-wrap grad\">\n                    <img decoding=\"async\" width=\"750\" height=\"500\" src=\"https:\/\/www.msab.com\/wp-content\/uploads\/2021\/10\/MSAB_Access_Services_Icon.jpg\" class=\"attachment-full size-full\" alt=\"\" srcset=\"https:\/\/www.msab.com\/wp-content\/uploads\/2021\/10\/MSAB_Access_Services_Icon.jpg 750w, https:\/\/www.msab.com\/wp-content\/uploads\/2021\/10\/MSAB_Access_Services_Icon-300x200.jpg 300w, https:\/\/www.msab.com\/wp-content\/uploads\/2021\/10\/MSAB_Access_Services_Icon-33x22.jpg 33w, https:\/\/www.msab.com\/wp-content\/uploads\/2021\/10\/MSAB_Access_Services_Icon-102x68.jpg 102w, https:\/\/www.msab.com\/wp-content\/uploads\/2021\/10\/MSAB_Access_Services_Icon-500x333.jpg 500w\" sizes=\"(max-width: 750px) 100vw, 750px\" \/>                <\/div><!--\/.img-wrap-->\n                \n            <\/div><!--\/.img-col-->\n\n        <\/div><!--\/.row-->\n    <\/div><!--\/.container-->\n<\/section>\n\n\n\n\n    <style>\n                    #block_61435e923d04a {\n                background-image: url(https:\/\/www.msab.com\/wp-content\/uploads\/2021\/08\/Frontline_MSAB_Field_Phone_Extraction_BG-1.jpg);\n            }\n                    <\/style>\n\n<section id=\"block_61435e923d04a\" class=\"block cta-with-bg-img text-white left-layout bg-overlay \">\n    <div class=\"container\" id=\"\">\n                    <div class=\"text-wrapper\">\n                <h2>Solicitar presupuesto<\/h2>\n<p style=\"text-align: left;\">Cont\u00e1ctenos y solicite un presupuesto o h\u00e1ganos saber si est\u00e1 interesado en evaluar uno de nuestros productos.<\/p>\n<p style=\"text-align: left;\"><span style=\"color: #000000;\"><a class=\"btn btn-primary\" style=\"color: #000000;\" href=\"#form-152233\">Contactar con ventas<\/a><\/span><\/p>\n            <\/div>\n            <\/div><!--\/container-->\n<\/section>","protected":false},"excerpt":{"rendered":"","protected":false},"author":2,"featured_media":0,"parent":5243,"menu_order":0,"template":"","class_list":["post-5055","product","type-product","status-publish","hentry"],"acf":[],"yoast_head":"<!-- This site is optimized with the Yoast SEO Premium plugin v25.0 (Yoast SEO v27.4) - https:\/\/yoast.com\/product\/yoast-seo-premium-wordpress\/ -->\n<title>XRY Logical \u2014 Extracciones R\u00e1pidas de Dispositivos Digitales | MSAB<\/title>\n<meta name=\"description\" content=\"XRY Logical es el m\u00e9todo de extracci\u00f3n m\u00e1s r\u00e1pido y el punto de partida para la forense m\u00f3vil. \u2713 Extracci\u00f3n de datos r\u00e1pida, f\u00e1cil y segura \u2713 Contacta a MSAB hoy\" \/>\n<meta name=\"robots\" content=\"index, follow, max-snippet:-1, max-image-preview:large, max-video-preview:-1\" \/>\n<link rel=\"canonical\" href=\"https:\/\/www.msab.com\/es\/productos\/xry-extract\/xry-logical\/\" \/>\n<meta property=\"og:locale\" content=\"es_ES\" \/>\n<meta property=\"og:type\" content=\"article\" \/>\n<meta property=\"og:title\" content=\"XRY Logical\" \/>\n<meta property=\"og:description\" content=\"XRY Logical es el m\u00e9todo de extracci\u00f3n m\u00e1s r\u00e1pido y el punto de partida para la forense m\u00f3vil. \u2713 Extracci\u00f3n de datos r\u00e1pida, f\u00e1cil y segura \u2713 Contacta a MSAB hoy\" \/>\n<meta property=\"og:url\" content=\"https:\/\/www.msab.com\/es\/productos\/xry-extract\/xry-logical\/\" \/>\n<meta property=\"og:site_name\" content=\"MSAB\" \/>\n<meta property=\"article:publisher\" content=\"https:\/\/www.facebook.com\/microsystemation\" \/>\n<meta property=\"article:modified_time\" content=\"2025-05-28T15:33:13+00:00\" \/>\n<meta name=\"twitter:card\" content=\"summary_large_image\" \/>\n<meta name=\"twitter:site\" content=\"@MSAB_XRY\" \/>\n<meta name=\"twitter:label1\" content=\"Tiempo de lectura\" \/>\n\t<meta name=\"twitter:data1\" content=\"3 minutos\" \/>\n<script type=\"application\/ld+json\" class=\"yoast-schema-graph\">{\"@context\":\"https:\\\/\\\/schema.org\",\"@graph\":[{\"@type\":\"WebPage\",\"@id\":\"https:\\\/\\\/www.msab.com\\\/es\\\/productos\\\/xry-extract\\\/xry-logical\\\/\",\"url\":\"https:\\\/\\\/www.msab.com\\\/es\\\/productos\\\/xry-extract\\\/xry-logical\\\/\",\"name\":\"XRY Logical \u2014 Extracciones R\u00e1pidas de Dispositivos Digitales | MSAB\",\"isPartOf\":{\"@id\":\"https:\\\/\\\/www.msab.com\\\/es\\\/#website\"},\"datePublished\":\"2021-10-12T06:45:41+00:00\",\"dateModified\":\"2025-05-28T15:33:13+00:00\",\"description\":\"XRY Logical es el m\u00e9todo de extracci\u00f3n m\u00e1s r\u00e1pido y el punto de partida para la forense m\u00f3vil. \u2713 Extracci\u00f3n de datos r\u00e1pida, f\u00e1cil y segura \u2713 Contacta a MSAB hoy\",\"breadcrumb\":{\"@id\":\"https:\\\/\\\/www.msab.com\\\/es\\\/productos\\\/xry-extract\\\/xry-logical\\\/#breadcrumb\"},\"inLanguage\":\"es\",\"potentialAction\":[{\"@type\":\"ReadAction\",\"target\":[\"https:\\\/\\\/www.msab.com\\\/es\\\/productos\\\/xry-extract\\\/xry-logical\\\/\"]}]},{\"@type\":\"BreadcrumbList\",\"@id\":\"https:\\\/\\\/www.msab.com\\\/es\\\/productos\\\/xry-extract\\\/xry-logical\\\/#breadcrumb\",\"itemListElement\":[{\"@type\":\"ListItem\",\"position\":1,\"name\":\"\",\"item\":\"https:\\\/\\\/www.msab.com\\\/es\\\/\"},{\"@type\":\"ListItem\",\"position\":2,\"name\":\"MSAB Extract &#8211; XRY\",\"item\":\"https:\\\/\\\/www.msab.com\\\/es\\\/productos\\\/xry-extract\\\/\"},{\"@type\":\"ListItem\",\"position\":3,\"name\":\"XRY Logical\"}]},{\"@type\":\"WebSite\",\"@id\":\"https:\\\/\\\/www.msab.com\\\/es\\\/#website\",\"url\":\"https:\\\/\\\/www.msab.com\\\/es\\\/\",\"name\":\"MSAB\",\"description\":\"Trusted Partner in Digital Forensics\",\"publisher\":{\"@id\":\"https:\\\/\\\/www.msab.com\\\/es\\\/#organization\"},\"potentialAction\":[{\"@type\":\"SearchAction\",\"target\":{\"@type\":\"EntryPoint\",\"urlTemplate\":\"https:\\\/\\\/www.msab.com\\\/es\\\/?s={search_term_string}\"},\"query-input\":{\"@type\":\"PropertyValueSpecification\",\"valueRequired\":true,\"valueName\":\"search_term_string\"}}],\"inLanguage\":\"es\"},{\"@type\":\"Organization\",\"@id\":\"https:\\\/\\\/www.msab.com\\\/es\\\/#organization\",\"name\":\"MSAB\",\"url\":\"https:\\\/\\\/www.msab.com\\\/es\\\/\",\"logo\":{\"@type\":\"ImageObject\",\"inLanguage\":\"es\",\"@id\":\"https:\\\/\\\/www.msab.com\\\/es\\\/#\\\/schema\\\/logo\\\/image\\\/\",\"url\":\"https:\\\/\\\/www.msab.com\\\/wp-content\\\/uploads\\\/2023\\\/03\\\/MSAB-logo-Black-RGB.png\",\"contentUrl\":\"https:\\\/\\\/www.msab.com\\\/wp-content\\\/uploads\\\/2023\\\/03\\\/MSAB-logo-Black-RGB.png\",\"width\":1198,\"height\":353,\"caption\":\"MSAB\"},\"image\":{\"@id\":\"https:\\\/\\\/www.msab.com\\\/es\\\/#\\\/schema\\\/logo\\\/image\\\/\"},\"sameAs\":[\"https:\\\/\\\/www.facebook.com\\\/microsystemation\",\"https:\\\/\\\/x.com\\\/MSAB_XRY\",\"https:\\\/\\\/www.linkedin.com\\\/company\\\/micro-systemation\"]}]}<\/script>\n<!-- \/ Yoast SEO Premium plugin. -->","yoast_head_json":{"title":"XRY Logical \u2014 Extracciones R\u00e1pidas de Dispositivos Digitales | MSAB","description":"XRY Logical es el m\u00e9todo de extracci\u00f3n m\u00e1s r\u00e1pido y el punto de partida para la forense m\u00f3vil. \u2713 Extracci\u00f3n de datos r\u00e1pida, f\u00e1cil y segura \u2713 Contacta a MSAB hoy","robots":{"index":"index","follow":"follow","max-snippet":"max-snippet:-1","max-image-preview":"max-image-preview:large","max-video-preview":"max-video-preview:-1"},"canonical":"https:\/\/www.msab.com\/es\/productos\/xry-extract\/xry-logical\/","og_locale":"es_ES","og_type":"article","og_title":"XRY Logical","og_description":"XRY Logical es el m\u00e9todo de extracci\u00f3n m\u00e1s r\u00e1pido y el punto de partida para la forense m\u00f3vil. \u2713 Extracci\u00f3n de datos r\u00e1pida, f\u00e1cil y segura \u2713 Contacta a MSAB hoy","og_url":"https:\/\/www.msab.com\/es\/productos\/xry-extract\/xry-logical\/","og_site_name":"MSAB","article_publisher":"https:\/\/www.facebook.com\/microsystemation","article_modified_time":"2025-05-28T15:33:13+00:00","twitter_card":"summary_large_image","twitter_site":"@MSAB_XRY","twitter_misc":{"Tiempo de lectura":"3 minutos"},"schema":{"@context":"https:\/\/schema.org","@graph":[{"@type":"WebPage","@id":"https:\/\/www.msab.com\/es\/productos\/xry-extract\/xry-logical\/","url":"https:\/\/www.msab.com\/es\/productos\/xry-extract\/xry-logical\/","name":"XRY Logical \u2014 Extracciones R\u00e1pidas de Dispositivos Digitales | MSAB","isPartOf":{"@id":"https:\/\/www.msab.com\/es\/#website"},"datePublished":"2021-10-12T06:45:41+00:00","dateModified":"2025-05-28T15:33:13+00:00","description":"XRY Logical es el m\u00e9todo de extracci\u00f3n m\u00e1s r\u00e1pido y el punto de partida para la forense m\u00f3vil. \u2713 Extracci\u00f3n de datos r\u00e1pida, f\u00e1cil y segura \u2713 Contacta a MSAB hoy","breadcrumb":{"@id":"https:\/\/www.msab.com\/es\/productos\/xry-extract\/xry-logical\/#breadcrumb"},"inLanguage":"es","potentialAction":[{"@type":"ReadAction","target":["https:\/\/www.msab.com\/es\/productos\/xry-extract\/xry-logical\/"]}]},{"@type":"BreadcrumbList","@id":"https:\/\/www.msab.com\/es\/productos\/xry-extract\/xry-logical\/#breadcrumb","itemListElement":[{"@type":"ListItem","position":1,"name":"","item":"https:\/\/www.msab.com\/es\/"},{"@type":"ListItem","position":2,"name":"MSAB Extract &#8211; XRY","item":"https:\/\/www.msab.com\/es\/productos\/xry-extract\/"},{"@type":"ListItem","position":3,"name":"XRY Logical"}]},{"@type":"WebSite","@id":"https:\/\/www.msab.com\/es\/#website","url":"https:\/\/www.msab.com\/es\/","name":"MSAB","description":"Trusted Partner in Digital Forensics","publisher":{"@id":"https:\/\/www.msab.com\/es\/#organization"},"potentialAction":[{"@type":"SearchAction","target":{"@type":"EntryPoint","urlTemplate":"https:\/\/www.msab.com\/es\/?s={search_term_string}"},"query-input":{"@type":"PropertyValueSpecification","valueRequired":true,"valueName":"search_term_string"}}],"inLanguage":"es"},{"@type":"Organization","@id":"https:\/\/www.msab.com\/es\/#organization","name":"MSAB","url":"https:\/\/www.msab.com\/es\/","logo":{"@type":"ImageObject","inLanguage":"es","@id":"https:\/\/www.msab.com\/es\/#\/schema\/logo\/image\/","url":"https:\/\/www.msab.com\/wp-content\/uploads\/2023\/03\/MSAB-logo-Black-RGB.png","contentUrl":"https:\/\/www.msab.com\/wp-content\/uploads\/2023\/03\/MSAB-logo-Black-RGB.png","width":1198,"height":353,"caption":"MSAB"},"image":{"@id":"https:\/\/www.msab.com\/es\/#\/schema\/logo\/image\/"},"sameAs":["https:\/\/www.facebook.com\/microsystemation","https:\/\/x.com\/MSAB_XRY","https:\/\/www.linkedin.com\/company\/micro-systemation"]}]}},"_links":{"self":[{"href":"https:\/\/www.msab.com\/es\/wp-json\/wp\/v2\/product\/5055","targetHints":{"allow":["GET"]}}],"collection":[{"href":"https:\/\/www.msab.com\/es\/wp-json\/wp\/v2\/product"}],"about":[{"href":"https:\/\/www.msab.com\/es\/wp-json\/wp\/v2\/types\/product"}],"author":[{"embeddable":true,"href":"https:\/\/www.msab.com\/es\/wp-json\/wp\/v2\/users\/2"}],"up":[{"embeddable":true,"href":"https:\/\/www.msab.com\/es\/wp-json\/wp\/v2\/product\/5243"}],"wp:attachment":[{"href":"https:\/\/www.msab.com\/es\/wp-json\/wp\/v2\/media?parent=5055"}],"curies":[{"name":"wp","href":"https:\/\/api.w.org\/{rel}","templated":true}]}}