{"id":221666,"date":"2025-01-08T11:27:25","date_gmt":"2025-01-08T10:27:25","guid":{"rendered":"https:\/\/www.msab.com\/?post_type=product&#038;p=221666"},"modified":"2025-03-03T15:26:17","modified_gmt":"2025-03-03T14:26:17","slug":"unify-collaborate","status":"publish","type":"product","link":"https:\/\/www.msab.com\/es\/productos\/unify-collaborate\/","title":{"rendered":"Unify Collaborate"},"content":{"rendered":"\n<section id=\"\" class=\"block product-hero  \">\n    <div class=\"bg-image\">\n        <div class=\"img\" style=\"background-image: url(https:\/\/www.msab.com\/wp-content\/uploads\/2025\/01\/UNIFY-Collaborate-00.png);\"><\/div>\n    <\/div>\n    <div class=\"container\">\n\n        <div class=\"text-wrapper text-white text-center\">\n\n            <img decoding=\"async\" width=\"204\" height=\"126\" src=\"https:\/\/www.msab.com\/wp-content\/uploads\/2025\/01\/UNIFY_Collaborate_Logo_RGB__White-e1741011961617.png\" class=\"product-logo\" alt=\"\" \/>\n            <p class=\"intro\">Fomentando la colaboraci\u00f3n entre investigadores<\/p>\n        <\/div><!--\/text-wrapper-->\n        <div class=\"breadcrumb-part dark\"><nav id=\"breadcrumbs\" class=\"bread-nav\"><span><span><a href=\"https:\/\/www.msab.com\/es\/\"><i class=\"fas fa-home\"><\/i><\/a><\/span><\/span><\/nav><\/div>    <\/div><!--\/container-->\n<\/section>\n\n\n\n<section id=\"\" class=\"block regular-content   pt-regular pb-regular bg-white\">\n    <div class=\"container two-columns\">\n                    <div class=\"editor-content\">\n                <h2>\u00bfQu\u00e9 es UNIFY Collaborate?<\/h2>\n<p>UNIFY Collaborate satisface la creciente demanda de investigaciones digitales, mejorando la eficiencia y seguridad de las mismas. Permite la colaboraci\u00f3n en tiempo real para que varios investigadores trabajen simult\u00e1neamente en el mismo caso. Al centralizar las pruebas y salvaguardar la cadena de custodia, elimina los posibles problemas de seguridad causados por el almacenamiento de pruebas en medios extra\u00edbles. Un s\u00f3lido control de acceso y un registro detallado garantizan que solo los usuarios autorizados puedan gestionar los datos, para garantizar el cumplimiento de las normativas establecidas.<\/p>\n<p>&nbsp;<\/p>\n<p><a class=\"btn btn-primary\" href=\"#form-172404\">Contactar con ventas<\/a> \u00a0 \u00a0 \u00a0 <a class=\"btn btn-outline\" href=\"https:\/\/www.msab.com\/unify_es\" target=\"_blank\" rel=\"noopener\">Hoja de producto<\/a><\/p>\n            <\/div><!--\/.editor-content-->\n                            <div class=\"editor-content\">\n                <p><img decoding=\"async\" class=\"alignnone size-large wp-image-221712\" src=\"https:\/\/www.msab.com\/wp-content\/uploads\/2025\/01\/ES1-1024x640.png\" alt=\"\" width=\"1024\" height=\"640\" srcset=\"https:\/\/www.msab.com\/wp-content\/uploads\/2025\/01\/ES1-1024x640.png 1024w, https:\/\/www.msab.com\/wp-content\/uploads\/2025\/01\/ES1-300x187.png 300w, https:\/\/www.msab.com\/wp-content\/uploads\/2025\/01\/ES1-768x480.png 768w, https:\/\/www.msab.com\/wp-content\/uploads\/2025\/01\/ES1-1536x960.png 1536w, https:\/\/www.msab.com\/wp-content\/uploads\/2025\/01\/ES1-33x21.png 33w, https:\/\/www.msab.com\/wp-content\/uploads\/2025\/01\/ES1-102x64.png 102w, https:\/\/www.msab.com\/wp-content\/uploads\/2025\/01\/ES1-1240x775.png 1240w, https:\/\/www.msab.com\/wp-content\/uploads\/2025\/01\/ES1-1180x737.png 1180w, https:\/\/www.msab.com\/wp-content\/uploads\/2025\/01\/ES1-500x312.png 500w, https:\/\/www.msab.com\/wp-content\/uploads\/2025\/01\/ES1.png 1921w\" sizes=\"(max-width: 1024px) 100vw, 1024px\" \/><\/p>\n            <\/div><!--\/.editor-content-->\n            <\/div><!--\/.container-->\n<\/section><!--\/.regular-content-->\n\n\n<section id=\"\" class=\"block video-block bg-light-grey \">\n    <div class=\"container\">\n                            <div class=\"video\">\n                <a class=\"video--link d-block\" data-fancybox data-src=\"https:\/\/www.msab.com\/wp-content\/uploads\/2025\/01\/MSAB-UNIFY-Collaborate.mp4\" title=\"Click to view video\">\n                    <img decoding=\"async\" width=\"1903\" height=\"1070\" src=\"https:\/\/www.msab.com\/wp-content\/uploads\/2021\/08\/Skarmbild-2024-12-02-165451.png\" class=\"video--cover\" alt=\"\" srcset=\"https:\/\/www.msab.com\/wp-content\/uploads\/2021\/08\/Skarmbild-2024-12-02-165451.png 1903w, https:\/\/www.msab.com\/wp-content\/uploads\/2021\/08\/Skarmbild-2024-12-02-165451-300x169.png 300w, https:\/\/www.msab.com\/wp-content\/uploads\/2021\/08\/Skarmbild-2024-12-02-165451-1024x576.png 1024w, https:\/\/www.msab.com\/wp-content\/uploads\/2021\/08\/Skarmbild-2024-12-02-165451-768x432.png 768w, https:\/\/www.msab.com\/wp-content\/uploads\/2021\/08\/Skarmbild-2024-12-02-165451-1536x864.png 1536w, https:\/\/www.msab.com\/wp-content\/uploads\/2021\/08\/Skarmbild-2024-12-02-165451-33x19.png 33w, https:\/\/www.msab.com\/wp-content\/uploads\/2021\/08\/Skarmbild-2024-12-02-165451-102x57.png 102w, https:\/\/www.msab.com\/wp-content\/uploads\/2021\/08\/Skarmbild-2024-12-02-165451-1240x697.png 1240w, https:\/\/www.msab.com\/wp-content\/uploads\/2021\/08\/Skarmbild-2024-12-02-165451-500x281.png 500w\" sizes=\"(max-width: 1903px) 100vw, 1903px\" \/>                <\/a>\n            <\/div><!--\/.video-->\n            <\/div><!--\/.container-->\n<\/section>\n\n\n    <style>\n                    #block_ce0dfc9978d79f7bfdc64129a96a713b {\n                background-image: url(https:\/\/www.msab.com\/wp-content\/uploads\/2025\/01\/UNIFY-Collaborate-05.png);\n            }\n                    <\/style>\n\n<section id=\"block_ce0dfc9978d79f7bfdc64129a96a713b\" class=\"block cta-with-bg-img text-white centered-layout bg-overlay \">\n    <div class=\"container\" id=\"\">\n                    <div class=\"text-wrapper\">\n                <h3>Ver el seminario web<\/h3>\n<h4>Maneje las pruebas digitales con facilidad, nuestra nueva y potente soluci\u00f3n le ayudar\u00e1 a elevar sus capacidades de investigaci\u00f3n a nuevas cotas. Descubra c\u00f3mo puede utilizar esta herramienta para agilizar su flujo de trabajo, mejorar la precisi\u00f3n y desbloquear nuevas eficiencias en sus investigaciones.<\/h4>\n<p>&nbsp;<\/p>\n<p><a class=\"btn btn-primary\" style=\"color: #000000;\" href=\"https:\/\/www.bigmarker.com\/msab-webinars\/A-New-Era-in-Digital-Investigations-Be-the-First-to-Discover\">Enlace al seminario web!<\/a><\/p>\n            <\/div>\n            <\/div><!--\/container-->\n<\/section>\n\n\n<section id=\"\" class=\"block list-block bg-light-grey \">\n    <div class=\"container\">\n\n                <div class=\"list-block__top-content editor-content left\">\n            <h3>Ventajas clave<\/h3>\n        <\/div><!--\/.top-content-->\n                \n                <div class=\"list-block__row d-flex\">\n\n            \n            <div class=\"list-block__wrap\">\n                <div class=\"list-block__col editor-content\">\n\n                                        \n                                        <ul class=\"check-list blue\">\n\n                                                <li><b>Colaboraci\u00f3n en tiempo real <\/b><br>Varios usuarios pueden trabajar en el mismo caso al mismo tiempo.<\/li>\n                                                <li><b>Centralizaci\u00f3n de datos sobre pruebas<\/b><br>Todos los datos se almacenan en uno o varios lugares centralizados y se ponen a disposici\u00f3n de los usuarios a trav\u00e9s de un \u00fanico punto de acceso.<\/li>\n                                                <li><b>Control de acceso y auditor\u00eda<\/b><br> Los roles y autorizaciones dictan cuales usuarios tienen acceso a determinadas funciones o no y en qu\u00e9 casos es posible o no.<\/li>\n                        \n                    <\/ul><!--\/.check-list-->\n                                    <\/div><!--\/.list-block__col-->\n            <\/div><!--\/.list-block__wrap-->\n            \n            <div class=\"list-block__wrap\">\n                <div class=\"list-block__col editor-content\">\n\n                                        \n                                        <ul class=\"check-list blue\">\n\n                                                <li><b>Salvaguarda de la cadena de custodia<\/b><br> Cargas fluida de datos desde XRY, MSAB Kiosk y tabletas digitales. No uso de memorias USB.<\/li>\n                                                <li><b>Eficacia en tiempo y recursos <\/b><br>Las autorizaciones se establecen autom\u00e1ticamente en funci\u00f3n de la informaci\u00f3n introducida por el usuario o de reglas preestablecidas.<\/li>\n                                                <li><b>Ahorro de costes de almacenamiento de datos <\/b><br>Se pueden utilizar varios proveedores y niveles de almacenamiento. Los datos de las pruebas son inmutables y se permiten reversiones si es necesario.<\/li>\n                        \n                    <\/ul><!--\/.check-list-->\n                                    <\/div><!--\/.list-block__col-->\n            <\/div><!--\/.list-block__wrap-->\n            \n            <div class=\"list-block__wrap\">\n                <div class=\"list-block__col editor-content\">\n\n                                        \n                                        <ul class=\"check-list blue\">\n\n                                                <li><b>Herramienta de revisi\u00f3n con muchas funciones disponibles<\/b><br>Revise y analice datos con XAMN Pro y benef\u00edciese de vistas personalizadas para distintos tipos de datos, compatibilidad con la gradaci\u00f3n CSAM y compatibilidad con c\u00f3decs de audio y v\u00eddeo de primer nivel.<\/li>\n                                                <li><b>Generaci\u00f3n de informes con alta calidad <\/b><br> Utilice el generador de informes para crear informes sin esfuerzo a partir de plantillas personalizadas. Redacte informaci\u00f3n confidencial de acuerdo a sus necesidades.<\/li>\n                                                <li><b>Opciones de implementaci\u00f3n\/instalaci\u00f3n flexibles <\/b><br> Puede instalarse y ejecutarse en hardware local o desplegarse en Azure y AWS.<\/li>\n                        \n                    <\/ul><!--\/.check-list-->\n                                    <\/div><!--\/.list-block__col-->\n            <\/div><!--\/.list-block__wrap-->\n            \n        <\/div><!--\/.list-block__row-->\n        \n    <\/div><!--\/.container-->\n<\/section>\n\n\n    <style>\n                    #block_6fcee35a442c03458f690a902592b3fc {\n                background-image: url(https:\/\/www.msab.com\/wp-content\/uploads\/2025\/01\/UNIFY-Collaborate-.png);\n            }\n                    <\/style>\n\n<section id=\"block_6fcee35a442c03458f690a902592b3fc\" class=\"block cta-with-bg-img text-white centered-layout \">\n    <div class=\"container\" id=\"\">\n                    <div class=\"text-wrapper\">\n                <h3>Obtenga m\u00e1s informaci\u00f3n sobre UNIFY, sus capacidades y otra informaci\u00f3n relevante para su organizaci\u00f3n.<\/h3>\n<p><a class=\"btn btn-primary\" style=\"color: #000000;\" href=\"#form-172404\">Reservar una demostraci\u00f3n!<\/a><\/p>\n            <\/div>\n            <\/div><!--\/container-->\n<\/section>","protected":false},"excerpt":{"rendered":"","protected":false},"author":106,"featured_media":0,"parent":0,"menu_order":0,"template":"","class_list":["post-221666","product","type-product","status-publish","hentry"],"acf":[],"yoast_head":"<!-- This site is optimized with the Yoast SEO Premium plugin v25.0 (Yoast SEO v27.5) - https:\/\/yoast.com\/product\/yoast-seo-premium-wordpress\/ -->\n<title>Unify Collaborate - MSAB<\/title>\n<meta name=\"robots\" content=\"index, follow, max-snippet:-1, max-image-preview:large, max-video-preview:-1\" \/>\n<link rel=\"canonical\" href=\"https:\/\/www.msab.com\/es\/productos\/unify-collaborate\/\" \/>\n<meta property=\"og:locale\" content=\"es_ES\" \/>\n<meta property=\"og:type\" content=\"article\" \/>\n<meta property=\"og:title\" content=\"Unify Collaborate\" \/>\n<meta property=\"og:url\" content=\"https:\/\/www.msab.com\/es\/productos\/unify-collaborate\/\" \/>\n<meta property=\"og:site_name\" content=\"MSAB\" \/>\n<meta property=\"article:publisher\" content=\"https:\/\/www.facebook.com\/microsystemation\" \/>\n<meta property=\"article:modified_time\" content=\"2025-03-03T14:26:17+00:00\" \/>\n<meta name=\"twitter:card\" content=\"summary_large_image\" \/>\n<meta name=\"twitter:site\" content=\"@MSAB_XRY\" \/>\n<meta name=\"twitter:label1\" content=\"Tiempo de lectura\" \/>\n\t<meta name=\"twitter:data1\" content=\"3 minutos\" \/>\n<script type=\"application\/ld+json\" class=\"yoast-schema-graph\">{\"@context\":\"https:\\\/\\\/schema.org\",\"@graph\":[{\"@type\":\"WebPage\",\"@id\":\"https:\\\/\\\/www.msab.com\\\/es\\\/productos\\\/unify-collaborate\\\/\",\"url\":\"https:\\\/\\\/www.msab.com\\\/es\\\/productos\\\/unify-collaborate\\\/\",\"name\":\"Unify Collaborate - MSAB\",\"isPartOf\":{\"@id\":\"https:\\\/\\\/www.msab.com\\\/es\\\/#website\"},\"datePublished\":\"2025-01-08T10:27:25+00:00\",\"dateModified\":\"2025-03-03T14:26:17+00:00\",\"breadcrumb\":{\"@id\":\"https:\\\/\\\/www.msab.com\\\/es\\\/productos\\\/unify-collaborate\\\/#breadcrumb\"},\"inLanguage\":\"es\",\"potentialAction\":[{\"@type\":\"ReadAction\",\"target\":[\"https:\\\/\\\/www.msab.com\\\/es\\\/productos\\\/unify-collaborate\\\/\"]}]},{\"@type\":\"BreadcrumbList\",\"@id\":\"https:\\\/\\\/www.msab.com\\\/es\\\/productos\\\/unify-collaborate\\\/#breadcrumb\",\"itemListElement\":[{\"@type\":\"ListItem\",\"position\":1,\"name\":\"\",\"item\":\"https:\\\/\\\/www.msab.com\\\/es\\\/\"},{\"@type\":\"ListItem\",\"position\":2,\"name\":\"Unify Collaborate\"}]},{\"@type\":\"WebSite\",\"@id\":\"https:\\\/\\\/www.msab.com\\\/es\\\/#website\",\"url\":\"https:\\\/\\\/www.msab.com\\\/es\\\/\",\"name\":\"MSAB\",\"description\":\"Trusted Partner in Digital Forensics\",\"publisher\":{\"@id\":\"https:\\\/\\\/www.msab.com\\\/es\\\/#organization\"},\"potentialAction\":[{\"@type\":\"SearchAction\",\"target\":{\"@type\":\"EntryPoint\",\"urlTemplate\":\"https:\\\/\\\/www.msab.com\\\/es\\\/?s={search_term_string}\"},\"query-input\":{\"@type\":\"PropertyValueSpecification\",\"valueRequired\":true,\"valueName\":\"search_term_string\"}}],\"inLanguage\":\"es\"},{\"@type\":\"Organization\",\"@id\":\"https:\\\/\\\/www.msab.com\\\/es\\\/#organization\",\"name\":\"MSAB\",\"url\":\"https:\\\/\\\/www.msab.com\\\/es\\\/\",\"logo\":{\"@type\":\"ImageObject\",\"inLanguage\":\"es\",\"@id\":\"https:\\\/\\\/www.msab.com\\\/es\\\/#\\\/schema\\\/logo\\\/image\\\/\",\"url\":\"https:\\\/\\\/www.msab.com\\\/wp-content\\\/uploads\\\/2023\\\/03\\\/MSAB-logo-Black-RGB.png\",\"contentUrl\":\"https:\\\/\\\/www.msab.com\\\/wp-content\\\/uploads\\\/2023\\\/03\\\/MSAB-logo-Black-RGB.png\",\"width\":1198,\"height\":353,\"caption\":\"MSAB\"},\"image\":{\"@id\":\"https:\\\/\\\/www.msab.com\\\/es\\\/#\\\/schema\\\/logo\\\/image\\\/\"},\"sameAs\":[\"https:\\\/\\\/www.facebook.com\\\/microsystemation\",\"https:\\\/\\\/x.com\\\/MSAB_XRY\",\"https:\\\/\\\/www.linkedin.com\\\/company\\\/micro-systemation\"]}]}<\/script>\n<!-- \/ Yoast SEO Premium plugin. -->","yoast_head_json":{"title":"Unify Collaborate - MSAB","robots":{"index":"index","follow":"follow","max-snippet":"max-snippet:-1","max-image-preview":"max-image-preview:large","max-video-preview":"max-video-preview:-1"},"canonical":"https:\/\/www.msab.com\/es\/productos\/unify-collaborate\/","og_locale":"es_ES","og_type":"article","og_title":"Unify Collaborate","og_url":"https:\/\/www.msab.com\/es\/productos\/unify-collaborate\/","og_site_name":"MSAB","article_publisher":"https:\/\/www.facebook.com\/microsystemation","article_modified_time":"2025-03-03T14:26:17+00:00","twitter_card":"summary_large_image","twitter_site":"@MSAB_XRY","twitter_misc":{"Tiempo de lectura":"3 minutos"},"schema":{"@context":"https:\/\/schema.org","@graph":[{"@type":"WebPage","@id":"https:\/\/www.msab.com\/es\/productos\/unify-collaborate\/","url":"https:\/\/www.msab.com\/es\/productos\/unify-collaborate\/","name":"Unify Collaborate - MSAB","isPartOf":{"@id":"https:\/\/www.msab.com\/es\/#website"},"datePublished":"2025-01-08T10:27:25+00:00","dateModified":"2025-03-03T14:26:17+00:00","breadcrumb":{"@id":"https:\/\/www.msab.com\/es\/productos\/unify-collaborate\/#breadcrumb"},"inLanguage":"es","potentialAction":[{"@type":"ReadAction","target":["https:\/\/www.msab.com\/es\/productos\/unify-collaborate\/"]}]},{"@type":"BreadcrumbList","@id":"https:\/\/www.msab.com\/es\/productos\/unify-collaborate\/#breadcrumb","itemListElement":[{"@type":"ListItem","position":1,"name":"","item":"https:\/\/www.msab.com\/es\/"},{"@type":"ListItem","position":2,"name":"Unify Collaborate"}]},{"@type":"WebSite","@id":"https:\/\/www.msab.com\/es\/#website","url":"https:\/\/www.msab.com\/es\/","name":"MSAB","description":"Trusted Partner in Digital Forensics","publisher":{"@id":"https:\/\/www.msab.com\/es\/#organization"},"potentialAction":[{"@type":"SearchAction","target":{"@type":"EntryPoint","urlTemplate":"https:\/\/www.msab.com\/es\/?s={search_term_string}"},"query-input":{"@type":"PropertyValueSpecification","valueRequired":true,"valueName":"search_term_string"}}],"inLanguage":"es"},{"@type":"Organization","@id":"https:\/\/www.msab.com\/es\/#organization","name":"MSAB","url":"https:\/\/www.msab.com\/es\/","logo":{"@type":"ImageObject","inLanguage":"es","@id":"https:\/\/www.msab.com\/es\/#\/schema\/logo\/image\/","url":"https:\/\/www.msab.com\/wp-content\/uploads\/2023\/03\/MSAB-logo-Black-RGB.png","contentUrl":"https:\/\/www.msab.com\/wp-content\/uploads\/2023\/03\/MSAB-logo-Black-RGB.png","width":1198,"height":353,"caption":"MSAB"},"image":{"@id":"https:\/\/www.msab.com\/es\/#\/schema\/logo\/image\/"},"sameAs":["https:\/\/www.facebook.com\/microsystemation","https:\/\/x.com\/MSAB_XRY","https:\/\/www.linkedin.com\/company\/micro-systemation"]}]}},"_links":{"self":[{"href":"https:\/\/www.msab.com\/es\/wp-json\/wp\/v2\/product\/221666","targetHints":{"allow":["GET"]}}],"collection":[{"href":"https:\/\/www.msab.com\/es\/wp-json\/wp\/v2\/product"}],"about":[{"href":"https:\/\/www.msab.com\/es\/wp-json\/wp\/v2\/types\/product"}],"author":[{"embeddable":true,"href":"https:\/\/www.msab.com\/es\/wp-json\/wp\/v2\/users\/106"}],"wp:attachment":[{"href":"https:\/\/www.msab.com\/es\/wp-json\/wp\/v2\/media?parent=221666"}],"curies":[{"name":"wp","href":"https:\/\/api.w.org\/{rel}","templated":true}]}}