{"id":178536,"date":"2024-10-21T14:55:10","date_gmt":"2024-10-21T12:55:10","guid":{"rendered":"https:\/\/www.msab.com\/product\/xry-extract\/xry-pro\/"},"modified":"2025-09-23T16:33:31","modified_gmt":"2025-09-23T14:33:31","slug":"xry-pro","status":"publish","type":"product","link":"https:\/\/www.msab.com\/es\/productos\/xry-extract\/xry-pro\/","title":{"rendered":"XRY Pro"},"content":{"rendered":"\n<section id=\"\" class=\"block product-hero  \">\n    <div class=\"bg-image\">\n        <div class=\"img\" style=\"background-image: url(https:\/\/www.msab.com\/wp-content\/uploads\/2023\/03\/XRY_Hero_Test_2.jpg);\"><\/div>\n    <\/div>\n    <div class=\"container\">\n\n        <div class=\"text-wrapper text-white text-center\">\n\n            <img decoding=\"async\" width=\"204\" height=\"125\" src=\"https:\/\/www.msab.com\/wp-content\/uploads\/2023\/03\/XRY_Pro_Logo_White-e1678806401921.png\" class=\"product-logo\" alt=\"\" srcset=\"https:\/\/www.msab.com\/wp-content\/uploads\/2023\/03\/XRY_Pro_Logo_White-e1678806401921.png 204w, https:\/\/www.msab.com\/wp-content\/uploads\/2023\/03\/XRY_Pro_Logo_White-e1678806401921-33x20.png 33w, https:\/\/www.msab.com\/wp-content\/uploads\/2023\/03\/XRY_Pro_Logo_White-e1678806401921-102x63.png 102w\" sizes=\"(max-width: 204px) 100vw, 204px\" \/>\n            <p class=\"intro\">El kit de herramientas completo para extracciones y desencriptaciones avanzadas<\/p>\n        <\/div><!--\/text-wrapper-->\n            <\/div><!--\/container-->\n<\/section>\n\n\n\n<section id=\"\" class=\"block regular-content   pt-regular pb-regular bg-light-grey\">\n    <div class=\"container narrow\">\n                    <div class=\"editor-content\">\n                <h2>\u00bfQu\u00e9 es XRY Pro?<\/h2>\n<p><strong>XRY Pro es nuestra herramienta m\u00e1s avanzada, que le permitir\u00e1 acceder a algunos de los dispositivos m\u00e1s complejos y seguros con los exploits y las t\u00e9cnicas de fuerza bruta de vanguardia de MSAB. <\/strong><\/p>\n<p>Dado el aumento de la seguridad y de la encriptaci\u00f3n en la mayor\u00eda de los dispositivos m\u00f3viles m\u00e1s recientes, los equipos forenses necesitan nuevas t\u00e9cnicas para acceder a los datos m\u00f3viles. A menudo se encuentran con dispositivos bloqueados que no pueden extraerse con los procedimientos y m\u00e9todos habituales. Hemos dise\u00f1ado XRY Pro para solucionar estas situaciones. Con este paquete de software de exploits de gran calidad, podr\u00e1 obtener las mejores funciones para acceder a tel\u00e9fonos y, as\u00ed, asegurarse de que puede acceder incluso a algunos de los dispositivos m\u00e1s dif\u00edciles de vulnerar.<\/p>\n<p>XRY Pro es la soluci\u00f3n perfecta para usuarios experimentados que necesiten acceder a los dispositivos m\u00e1s complejos y seguros usando su propio equipo. Se recomienda contar con formaci\u00f3n especializada para comprender los exploits y sacarles el m\u00e1ximo partido.<\/p>\n<p>&nbsp;<\/p>\n<p><a class=\"btn btn-primary\" href=\"#form-172404\">Contacte con ventas <\/a>\u00a0 \u00a0 \u00a0 <a class=\"btn btn-outline\" href=\"https:\/\/www.msab.com\/xry_pro_es\" target=\"_blank\" rel=\"noopener\">Hoja de producto<\/a><\/p>\n            <\/div><!--\/.editor-content-->\n                    <\/div><!--\/.container-->\n<\/section><!--\/.regular-content-->\n\n<section id=\"\" class=\"block cta-banner bg-BlueWhale2  \">\n\n    <div class=\"container-cta-banner\">\n                    <div class=\"text-wrapper\">\n                <p>&nbsp;<\/p>\n<h1 class=\"title h1\" style=\"text-align: center;\"><a href=\"http:\/\/www.msab.com\/xryprofirst\"><span style=\"color: #ffffff;\">XRY Pro <span style=\"color: #fec52d;\">First.<\/span><\/span><\/a><\/h1>\n<p>&nbsp;<\/p>\n            <\/div>\n\n                        <\/div><!--\/container-fluid-->\n<\/section>\n\n\n\n\n\n<section id=\"\" class=\"block video-block bg-white \">\n    <div class=\"container\">\n                            <div class=\"video\">\n                <a class=\"video--link d-block\" data-fancybox data-src=\"https:\/\/youtu.be\/MNwqdbnbNrU\" title=\"Click to view video\">\n                    <img decoding=\"async\" width=\"1920\" height=\"1080\" src=\"https:\/\/www.msab.com\/wp-content\/uploads\/2023\/03\/XRY_Pro_Thumbnail_2023.jpg\" class=\"video--cover\" alt=\"\" srcset=\"https:\/\/www.msab.com\/wp-content\/uploads\/2023\/03\/XRY_Pro_Thumbnail_2023.jpg 1920w, https:\/\/www.msab.com\/wp-content\/uploads\/2023\/03\/XRY_Pro_Thumbnail_2023-300x169.jpg 300w, https:\/\/www.msab.com\/wp-content\/uploads\/2023\/03\/XRY_Pro_Thumbnail_2023-1024x576.jpg 1024w, https:\/\/www.msab.com\/wp-content\/uploads\/2023\/03\/XRY_Pro_Thumbnail_2023-768x432.jpg 768w, https:\/\/www.msab.com\/wp-content\/uploads\/2023\/03\/XRY_Pro_Thumbnail_2023-1536x864.jpg 1536w, https:\/\/www.msab.com\/wp-content\/uploads\/2023\/03\/XRY_Pro_Thumbnail_2023-33x19.jpg 33w, https:\/\/www.msab.com\/wp-content\/uploads\/2023\/03\/XRY_Pro_Thumbnail_2023-102x57.jpg 102w, https:\/\/www.msab.com\/wp-content\/uploads\/2023\/03\/XRY_Pro_Thumbnail_2023-1240x698.jpg 1240w, https:\/\/www.msab.com\/wp-content\/uploads\/2023\/03\/XRY_Pro_Thumbnail_2023-500x281.jpg 500w\" sizes=\"(max-width: 1920px) 100vw, 1920px\" \/>                <\/a>\n            <\/div><!--\/.video-->\n            <\/div><!--\/.container-->\n<\/section>\n\n\n<section id=\"\" class=\"block vertical-title-and-text title-left \">\n    <div class=\"container regular\">\n        <div class=\"row\">\n\n            <div class=\"col-md-3 v-title-col d-md-flex align-items-center\">\n                                    <h6 class=\"v-title\">XRY Pro<\/h6>\n                            <\/div><!--\/.col-->\n\n            <div class=\"col-12 col-md-9 content-col editor-content\">\n                <h3 class=\"h2\">Lo que ofrecemos:<\/h3>\n<p>XRY Pro es un conjunto de software de exploits de alto nivel para Android. Con este kit, podr\u00e1 disfrutar de las mejores funciones de acceso a tel\u00e9fonos.<\/p>\n<p>&nbsp;<\/p>\n<h4><strong>Ventajas clave de XRY Pro:<\/strong><\/h4>\n<ul class=\"chevron-list\">\n<li>Software avanzado con los exploits de fuerza bruta y extracci\u00f3n m\u00e1s avanzados para una amplia variedad de chipsets, como Qualcomm, Exynos, Tensor, UNISOC, MediaTek, Kirin y muchos m\u00e1s.<\/li>\n<li>Compatibilidad con FDE, FBE y con el inicio seguro.<\/li>\n<li>Desciframiento de contrase\u00f1as para dispositivos AFU junto con fuerza bruta para dispositivos BFU.<\/li>\n<li>Capacidad para aplicar fuerza bruta en contrase\u00f1as complejas con nuestra herramienta de fuerza bruta externa.<\/li>\n<li>Capacidades \u00fanicas para extraer la RAM de dispositivos m\u00f3viles y analizarla con la herramienta de an\u00e1lisis de RAM de MSAB.<\/li>\n<\/ul>\n<p>&nbsp;<\/p>\n<p><span data-contrast=\"auto\">XRY Pro se puede conseguir a trav\u00e9s del <a href=\"http:\/\/customer.msab.com\">Portal del cliente\u00a0<\/a><\/span>de MSAB y se puede instalar en sus equipos actuales.<\/p>\n            <\/div><!--\/.col-->\n\n        <\/div><!--\/.row-->\n    <\/div><!--\/.container-->\n<\/section>\n\n\n<section id=\"\" class=\"block list-block bg-light-grey \">\n    <div class=\"container\">\n\n                \n                <div class=\"list-block__row d-flex\">\n\n            \n            <div class=\"list-block__wrap\">\n                <div class=\"list-block__col editor-content\">\n\n                    <h4 class=\"bold\">Lo m\u00e1s destacado del producto:<\/h4>                    \n                                        <ul class=\"check-list msab-blue\">\n\n                                                <li>Exploits incre\u00edbles e innovadores de MSAB<\/li>\n                                                <li>Amplia cobertura de dispositivos Android: Samsung Qualcomm\/Exynos, MediaTek, Tensor, UNISOC, Kirin y muchos m\u00e1s<\/li>\n                                                <li>Licencia anual ilimitada o basada en tokens<\/li>\n                                                <li>Cursos de formaci\u00f3n especializada<\/li>\n                                                <li>Excelente l\u00ednea de asistencia t\u00e9cnica de MSAB (una vez finalizada la formaci\u00f3n)<\/li>\n                                                <li> Capacidad para aplicar fuerza bruta en contrase\u00f1as complejas con nuestra herramienta de fuerza bruta externa<\/li>\n                        \n                    <\/ul><!--\/.check-list-->\n                                    <\/div><!--\/.list-block__col-->\n            <\/div><!--\/.list-block__wrap-->\n            \n            <div class=\"list-block__wrap\">\n                <div class=\"list-block__col editor-content\">\n\n                    <h4 class=\"bold\">Funciones:<\/h4>                    \n                                        <ul class=\"check-list msab-blue\">\n\n                                                <li>Licencia l\u00f3gica y f\u00edsica de XRY<\/li>\n                                                <li>Licencia de XRY Cloud <\/li>\n                                                <li>Licencia de software de XRY Pro<\/li>\n                        \n                    <\/ul><!--\/.check-list-->\n                                    <\/div><!--\/.list-block__col-->\n            <\/div><!--\/.list-block__wrap-->\n            \n            <div class=\"list-block__wrap\">\n                <div class=\"list-block__col editor-content\">\n\n                    <h4 class=\"bold\">Herramientas:<\/h4>                    \n                                        <ul class=\"check-list msab-blue\">\n\n                                                <li>Hardware de MSAB Office<\/li>\n                                                <li>Cables XRY Pro para Huawei y Harmony<\/li>\n                                                <li>Kit de herramientas tecnol\u00f3gicas profesionales<\/li>\n                        \n                    <\/ul><!--\/.check-list-->\n                                    <\/div><!--\/.list-block__col-->\n            <\/div><!--\/.list-block__wrap-->\n            \n        <\/div><!--\/.list-block__row-->\n        \n    <\/div><!--\/.container-->\n<\/section>\n\n\n<section id=\"\" class=\"block two-column-content bg-white \">\n    <div class=\"container\">\n        <div class=\"text-wrapper\">\n            <div class=\"row\">\n                                    <div class=\"col-12 col-md-6 col-lg-5\">\n                        <h2 class=\"heading h2\">XRY Pro: todo lo que necesita para sus extracciones<\/h2>                    <\/div>\n                                                    <div class=\"col-12 col-md-6 col-lg-7\">\n                        <p>Un m\u00e9todo r\u00e1pido, eficiente y seguro para extraer datos de tel\u00e9fonos m\u00f3viles, incluso de los dispositivos m\u00e1s seguros y complejos.<\/p>\n<p><a href=\"#form-70439\"><b><span data-contrast=\"none\">Contacte con nosotros para obtener m\u00e1s informaci\u00f3n<\/span><\/b><\/a><span data-contrast=\"none\">\u00a0\u00a0\u00a0\u00a0\u00a0<\/span><span data-ccp-props=\"{&quot;201341983&quot;:0,&quot;335559739&quot;:160,&quot;335559740&quot;:259}\"><br \/>\n<\/span><\/p>\n                    <\/div>\n                            <\/div><!--\/row-->\n        <\/div><!--\/text-wrapper-->\n    <\/div><!--\/container-->\n<\/section>\n\n\n    <style>\n                    #block_87f628d3494da5a40541ec1dfe24e526 {\n                background-image: url(https:\/\/www.msab.com\/wp-content\/uploads\/2023\/03\/XAMN_Pro_Banner_Full_Width-1.jpg);\n            }\n                    <\/style>\n\n<section id=\"block_87f628d3494da5a40541ec1dfe24e526\" class=\"block cta-with-bg-img text-white left-layout \">\n    <div class=\"container\" id=\"\">\n                    <div class=\"text-wrapper\">\n                <h3 style=\"text-align: left;\">XRY Pro + XAMN Pro<\/h3>\n<p style=\"text-align: left;\"><strong>Una soluci\u00f3n completa, de inicio a fin<\/strong><\/p>\n<p style=\"text-align: left;\">Aumente las probabilidades de \u00e9xito de sus investigaciones forenses m\u00f3viles<\/p>\n<p style=\"text-align: left;\"><span style=\"color: #000000;\"><a class=\"btn btn-primary\" style=\"color: #000000;\" href=\"https:\/\/www.msab.com\/es\/productos\/analyze\/xamn-pro\/\">Descubre m\u00e1s<\/a><\/span><\/p>\n            <\/div>\n            <\/div><!--\/container-->\n<\/section>","protected":false},"excerpt":{"rendered":"","protected":false},"author":2,"featured_media":0,"parent":5243,"menu_order":0,"template":"","class_list":["post-178536","product","type-product","status-publish","hentry"],"acf":[],"yoast_head":"<!-- This site is optimized with the Yoast SEO Premium plugin v25.0 (Yoast SEO v27.5) - https:\/\/yoast.com\/product\/yoast-seo-premium-wordpress\/ -->\n<title>XRY Pro - MSAB<\/title>\n<meta name=\"robots\" content=\"index, follow, max-snippet:-1, max-image-preview:large, max-video-preview:-1\" \/>\n<link rel=\"canonical\" href=\"https:\/\/www.msab.com\/es\/productos\/xry-extract\/xry-pro\/\" \/>\n<meta property=\"og:locale\" content=\"es_ES\" \/>\n<meta property=\"og:type\" content=\"article\" \/>\n<meta property=\"og:title\" content=\"XRY Pro\" \/>\n<meta property=\"og:url\" content=\"https:\/\/www.msab.com\/es\/productos\/xry-extract\/xry-pro\/\" \/>\n<meta property=\"og:site_name\" content=\"MSAB\" \/>\n<meta property=\"article:publisher\" content=\"https:\/\/www.facebook.com\/microsystemation\" \/>\n<meta property=\"article:modified_time\" content=\"2025-09-23T14:33:31+00:00\" \/>\n<meta name=\"twitter:card\" content=\"summary_large_image\" \/>\n<meta name=\"twitter:site\" content=\"@MSAB_XRY\" \/>\n<meta name=\"twitter:label1\" content=\"Tiempo de lectura\" \/>\n\t<meta name=\"twitter:data1\" content=\"2 minutos\" \/>\n<script type=\"application\/ld+json\" class=\"yoast-schema-graph\">{\"@context\":\"https:\\\/\\\/schema.org\",\"@graph\":[{\"@type\":\"WebPage\",\"@id\":\"https:\\\/\\\/www.msab.com\\\/es\\\/productos\\\/xry-extract\\\/xry-pro\\\/\",\"url\":\"https:\\\/\\\/www.msab.com\\\/es\\\/productos\\\/xry-extract\\\/xry-pro\\\/\",\"name\":\"XRY Pro - MSAB\",\"isPartOf\":{\"@id\":\"https:\\\/\\\/www.msab.com\\\/es\\\/#website\"},\"datePublished\":\"2024-10-21T12:55:10+00:00\",\"dateModified\":\"2025-09-23T14:33:31+00:00\",\"breadcrumb\":{\"@id\":\"https:\\\/\\\/www.msab.com\\\/es\\\/productos\\\/xry-extract\\\/xry-pro\\\/#breadcrumb\"},\"inLanguage\":\"es\",\"potentialAction\":[{\"@type\":\"ReadAction\",\"target\":[\"https:\\\/\\\/www.msab.com\\\/es\\\/productos\\\/xry-extract\\\/xry-pro\\\/\"]}]},{\"@type\":\"BreadcrumbList\",\"@id\":\"https:\\\/\\\/www.msab.com\\\/es\\\/productos\\\/xry-extract\\\/xry-pro\\\/#breadcrumb\",\"itemListElement\":[{\"@type\":\"ListItem\",\"position\":1,\"name\":\"\",\"item\":\"https:\\\/\\\/www.msab.com\\\/es\\\/\"},{\"@type\":\"ListItem\",\"position\":2,\"name\":\"MSAB Extract &#8211; XRY\",\"item\":\"https:\\\/\\\/www.msab.com\\\/es\\\/productos\\\/xry-extract\\\/\"},{\"@type\":\"ListItem\",\"position\":3,\"name\":\"XRY Pro\"}]},{\"@type\":\"WebSite\",\"@id\":\"https:\\\/\\\/www.msab.com\\\/es\\\/#website\",\"url\":\"https:\\\/\\\/www.msab.com\\\/es\\\/\",\"name\":\"MSAB\",\"description\":\"Trusted Partner in Digital Forensics\",\"publisher\":{\"@id\":\"https:\\\/\\\/www.msab.com\\\/es\\\/#organization\"},\"potentialAction\":[{\"@type\":\"SearchAction\",\"target\":{\"@type\":\"EntryPoint\",\"urlTemplate\":\"https:\\\/\\\/www.msab.com\\\/es\\\/?s={search_term_string}\"},\"query-input\":{\"@type\":\"PropertyValueSpecification\",\"valueRequired\":true,\"valueName\":\"search_term_string\"}}],\"inLanguage\":\"es\"},{\"@type\":\"Organization\",\"@id\":\"https:\\\/\\\/www.msab.com\\\/es\\\/#organization\",\"name\":\"MSAB\",\"url\":\"https:\\\/\\\/www.msab.com\\\/es\\\/\",\"logo\":{\"@type\":\"ImageObject\",\"inLanguage\":\"es\",\"@id\":\"https:\\\/\\\/www.msab.com\\\/es\\\/#\\\/schema\\\/logo\\\/image\\\/\",\"url\":\"https:\\\/\\\/www.msab.com\\\/wp-content\\\/uploads\\\/2023\\\/03\\\/MSAB-logo-Black-RGB.png\",\"contentUrl\":\"https:\\\/\\\/www.msab.com\\\/wp-content\\\/uploads\\\/2023\\\/03\\\/MSAB-logo-Black-RGB.png\",\"width\":1198,\"height\":353,\"caption\":\"MSAB\"},\"image\":{\"@id\":\"https:\\\/\\\/www.msab.com\\\/es\\\/#\\\/schema\\\/logo\\\/image\\\/\"},\"sameAs\":[\"https:\\\/\\\/www.facebook.com\\\/microsystemation\",\"https:\\\/\\\/x.com\\\/MSAB_XRY\",\"https:\\\/\\\/www.linkedin.com\\\/company\\\/micro-systemation\"]}]}<\/script>\n<!-- \/ Yoast SEO Premium plugin. -->","yoast_head_json":{"title":"XRY Pro - MSAB","robots":{"index":"index","follow":"follow","max-snippet":"max-snippet:-1","max-image-preview":"max-image-preview:large","max-video-preview":"max-video-preview:-1"},"canonical":"https:\/\/www.msab.com\/es\/productos\/xry-extract\/xry-pro\/","og_locale":"es_ES","og_type":"article","og_title":"XRY Pro","og_url":"https:\/\/www.msab.com\/es\/productos\/xry-extract\/xry-pro\/","og_site_name":"MSAB","article_publisher":"https:\/\/www.facebook.com\/microsystemation","article_modified_time":"2025-09-23T14:33:31+00:00","twitter_card":"summary_large_image","twitter_site":"@MSAB_XRY","twitter_misc":{"Tiempo de lectura":"2 minutos"},"schema":{"@context":"https:\/\/schema.org","@graph":[{"@type":"WebPage","@id":"https:\/\/www.msab.com\/es\/productos\/xry-extract\/xry-pro\/","url":"https:\/\/www.msab.com\/es\/productos\/xry-extract\/xry-pro\/","name":"XRY Pro - MSAB","isPartOf":{"@id":"https:\/\/www.msab.com\/es\/#website"},"datePublished":"2024-10-21T12:55:10+00:00","dateModified":"2025-09-23T14:33:31+00:00","breadcrumb":{"@id":"https:\/\/www.msab.com\/es\/productos\/xry-extract\/xry-pro\/#breadcrumb"},"inLanguage":"es","potentialAction":[{"@type":"ReadAction","target":["https:\/\/www.msab.com\/es\/productos\/xry-extract\/xry-pro\/"]}]},{"@type":"BreadcrumbList","@id":"https:\/\/www.msab.com\/es\/productos\/xry-extract\/xry-pro\/#breadcrumb","itemListElement":[{"@type":"ListItem","position":1,"name":"","item":"https:\/\/www.msab.com\/es\/"},{"@type":"ListItem","position":2,"name":"MSAB Extract &#8211; XRY","item":"https:\/\/www.msab.com\/es\/productos\/xry-extract\/"},{"@type":"ListItem","position":3,"name":"XRY Pro"}]},{"@type":"WebSite","@id":"https:\/\/www.msab.com\/es\/#website","url":"https:\/\/www.msab.com\/es\/","name":"MSAB","description":"Trusted Partner in Digital Forensics","publisher":{"@id":"https:\/\/www.msab.com\/es\/#organization"},"potentialAction":[{"@type":"SearchAction","target":{"@type":"EntryPoint","urlTemplate":"https:\/\/www.msab.com\/es\/?s={search_term_string}"},"query-input":{"@type":"PropertyValueSpecification","valueRequired":true,"valueName":"search_term_string"}}],"inLanguage":"es"},{"@type":"Organization","@id":"https:\/\/www.msab.com\/es\/#organization","name":"MSAB","url":"https:\/\/www.msab.com\/es\/","logo":{"@type":"ImageObject","inLanguage":"es","@id":"https:\/\/www.msab.com\/es\/#\/schema\/logo\/image\/","url":"https:\/\/www.msab.com\/wp-content\/uploads\/2023\/03\/MSAB-logo-Black-RGB.png","contentUrl":"https:\/\/www.msab.com\/wp-content\/uploads\/2023\/03\/MSAB-logo-Black-RGB.png","width":1198,"height":353,"caption":"MSAB"},"image":{"@id":"https:\/\/www.msab.com\/es\/#\/schema\/logo\/image\/"},"sameAs":["https:\/\/www.facebook.com\/microsystemation","https:\/\/x.com\/MSAB_XRY","https:\/\/www.linkedin.com\/company\/micro-systemation"]}]}},"_links":{"self":[{"href":"https:\/\/www.msab.com\/es\/wp-json\/wp\/v2\/product\/178536","targetHints":{"allow":["GET"]}}],"collection":[{"href":"https:\/\/www.msab.com\/es\/wp-json\/wp\/v2\/product"}],"about":[{"href":"https:\/\/www.msab.com\/es\/wp-json\/wp\/v2\/types\/product"}],"author":[{"embeddable":true,"href":"https:\/\/www.msab.com\/es\/wp-json\/wp\/v2\/users\/2"}],"up":[{"embeddable":true,"href":"https:\/\/www.msab.com\/es\/wp-json\/wp\/v2\/product\/5243"}],"wp:attachment":[{"href":"https:\/\/www.msab.com\/es\/wp-json\/wp\/v2\/media?parent=178536"}],"curies":[{"name":"wp","href":"https:\/\/api.w.org\/{rel}","templated":true}]}}