{"id":73481,"date":"2021-10-28T21:11:18","date_gmt":"2021-10-28T19:11:18","guid":{"rendered":"http:\/\/www.msab.com\/?page_id=73481"},"modified":"2021-10-28T21:11:20","modified_gmt":"2021-10-28T19:11:20","slug":"gerentes-de-programas","status":"publish","type":"page","link":"https:\/\/www.msab.com\/es\/roles\/gerentes-de-programas\/","title":{"rendered":"Gerentes de programas"},"content":{"rendered":"\n<section id=\"\" class=\"block regular-hero  has-bg-img ovarlay-dark\" style=\"background-image: url(https:\/\/www.msab.com\/wp-content\/uploads\/2021\/10\/Program_Manager.jpg);\">\n    <div class=\"container\">\n\n        <div class=\"text-wrapper text-white\">\n            <h1 class=\"heading title\">Soluciones de investigaci\u00f3n forense de datos m\u00f3viles para gerentes de programas<\/h1>            \n                    <\/div><!--\/text-wrapper-->\n        <div class=\"breadcrumb-part dark\"><nav id=\"breadcrumbs\" class=\"bread-nav\"><span><span><a href=\"https:\/\/www.msab.com\/es\/\"><i class=\"fas fa-home\"><\/i><\/a><\/span><\/span><\/nav><\/div>    <\/div><!--\/container-->\n<\/section>\n\n\n\n\n<section id=\"\" class=\"block two-column-content bg-white \">\n    <div class=\"container\">\n        <div class=\"text-wrapper\">\n            <div class=\"row\">\n                                    <div class=\"col-12 col-md-6 col-lg-5\">\n                        <h2 class=\"heading h2\">Los equipos de colaboraci\u00f3n obtienen resultados notablemente mejores<\/h2>                    <\/div>\n                                                    <div class=\"col-12 col-md-6 col-lg-7\">\n                        <p>Afrontar los retos del liderazgo puede ser dif\u00edcil. La realizaci\u00f3n de investigaciones forenses exige procesos estandarizados y formalizados a fin de cumplir con los requisitos legales, profesionales y \u00e9ticos.<\/p>\n<p>Disponer de las herramientas adecuadas para dirigir un equipo de colaboraci\u00f3n puede mitigar los riesgos asociados con el proceso de investigaci\u00f3n y capacitar al personal de primera l\u00ednea a fin de agilizar tanto el proceso como las operaciones.<\/p>\n<p>Para lograrlo, es necesario contar con procesos coherentes al utilizar herramientas para datos forenses m\u00f3viles en m\u00faltiples ubicaciones a fin de optimizar el rendimiento del equipo, acelerar el acceso a los informes y garantizar la integridad de la evidencia digital.<\/p>\n<p><strong>Ninguna herramienta de gesti\u00f3n de datos forenses digital supera a XEC.<\/strong><\/p>\n<p><a class=\"btn btn-primary\" href=\"#form-70439\" target=\"_blank\" rel=\"noopener\">Comenzar<\/a><\/p>\n<p><a class=\"btn btn-outline\" href=\"https:\/\/www.msab.com\/product\/manage\/\" target=\"_blank\" rel=\"noopener\">Obtenga m\u00e1s informaci\u00f3n sobre XEC<\/a><\/p>\n                    <\/div>\n                            <\/div><!--\/row-->\n        <\/div><!--\/text-wrapper-->\n    <\/div><!--\/container-->\n<\/section>\n\n\n<hr class=\"separator-line purple\">\n\n\n<section id=\"\" class=\"block list-block bg-light-grey \">\n    <div class=\"container\">\n\n                <div class=\"list-block__top-content editor-content left\">\n            <h2><span lang=\"EN-US\">Cinco razones para elegir XEC en lugar de otras herramientas forenses digitales<\/span><\/h2>\n        <\/div><!--\/.top-content-->\n                \n                <div class=\"list-block__row d-flex\">\n\n            \n            <div class=\"list-block__wrap\">\n                <div class=\"list-block__col editor-content\">\n\n                                        \n                                        <ul class=\"check-list purple\">\n\n                                                <li>Habilite la distribuci\u00f3n eficiente de datos entre usuarios, ubicaciones, departamentos y otros organismos.<\/li>\n                                                <li>Proporcione f\u00e1cilmente asistencia remota y actualice el software para datos forenses m\u00f3viles en todos sus ordenadores desde un punto de control central.\u00a0<\/li>\n                                                <li>Garantice la integridad y la gesti\u00f3n adecuada de su evidencia digital.<\/li>\n                        \n                    <\/ul><!--\/.check-list-->\n                                    <\/div><!--\/.list-block__col-->\n            <\/div><!--\/.list-block__wrap-->\n            \n            <div class=\"list-block__wrap\">\n                <div class=\"list-block__col editor-content\">\n\n                                        \n                                        <ul class=\"check-list purple\">\n\n                                                <li>Acelere el acceso a los informes y reduzca los gastos generales administrativos.<\/li>\n                                                <li>Optimice el rendimiento de su equipo, haga un seguimiento de los objetivos clave y genere los informes que necesita.<\/li>\n                        \n                    <\/ul><!--\/.check-list-->\n                                    <\/div><!--\/.list-block__col-->\n            <\/div><!--\/.list-block__wrap-->\n            \n        <\/div><!--\/.list-block__row-->\n        \n    <\/div><!--\/.container-->\n<\/section>\n\n\n<section id=\"\" class=\"block two-cards bg-blue-gradient \">\n    <div class=\"container\">\n                <div class=\"top-text editor-content left text-white\">\n            <h2>Desarrolle las habilidades de su equipo con formaci\u00f3n esencial<\/h2>\n<p>Una parte fundamental de su papel como l\u00edder es buscar y fomentar el potencial de crecimiento de los miembros de su equipo. MSAB puede ayudarlo con opciones de aprendizaje flexibles para la formaci\u00f3n en investigaci\u00f3n forense de datos m\u00f3viles. Esto permitir\u00e1 a los miembros del equipo asistir a cursos de formaci\u00f3n cuando lo necesiten.<\/p>\n        <\/div>\n                <div class=\"two-cards__row d-flex\">\n                        <div class=\"two-cards__card-wrap\">\n\n                <div class=\"two-cards__card\">\n                                        <div class=\"two-cards__card--image-wrap\">\n                        <img decoding=\"async\" width=\"1200\" height=\"628\" src=\"https:\/\/www.msab.com\/wp-content\/uploads\/2021\/10\/Training_Credits.jpg\" class=\"attachment-full size-full\" alt=\"\" srcset=\"https:\/\/www.msab.com\/wp-content\/uploads\/2021\/10\/Training_Credits.jpg 1200w, https:\/\/www.msab.com\/wp-content\/uploads\/2021\/10\/Training_Credits-300x157.jpg 300w, https:\/\/www.msab.com\/wp-content\/uploads\/2021\/10\/Training_Credits-1024x536.jpg 1024w, https:\/\/www.msab.com\/wp-content\/uploads\/2021\/10\/Training_Credits-768x402.jpg 768w, https:\/\/www.msab.com\/wp-content\/uploads\/2021\/10\/Training_Credits-33x17.jpg 33w, https:\/\/www.msab.com\/wp-content\/uploads\/2021\/10\/Training_Credits-102x53.jpg 102w, https:\/\/www.msab.com\/wp-content\/uploads\/2021\/10\/Training_Credits-500x262.jpg 500w\" sizes=\"(max-width: 1200px) 100vw, 1200px\" \/>                    <\/div><!--\/.two-cards__card--image-wrap-->\n                                        <div class=\"two-cards__card--content-wrap editor-content bg-white\">\n                                                <h4 class=\"two-cards__card--title\">Cr\u00e9ditos de formaci\u00f3n de MSAB<\/h4>\n                                                <p class=\"two-cards__card--intro\">Si no est\u00e1 seguro de qu\u00e9 clase quiere o necesita tomar, simplemente compre cr\u00e9ditos prepagados para usar con los cursos de formaci\u00f3n de MSAB. Son v\u00e1lidos durante un a\u00f1o y se aplican al curso que elija.\u00a0\r\n\r\nEl uso de los cr\u00e9ditos de formaci\u00f3n le ofrece la m\u00e1xima flexibilidad para la selecci\u00f3n de cursos y no se limita a una sola clase.\r\n\r\nEl saldo de los cr\u00e9ditos de formaci\u00f3n puede aplicarse a todos los cursos de formaci\u00f3n ofrecidos por MSAB, en cualquier momento, para cualquier persona de su organizaci\u00f3n.\r\n<\/p>\n                                                <p class=\"two-cards__card--link\"><a href=\"#form-70439\" title=\"Learn more\"  >Learn more<\/a><\/p>\n                                            <\/div><!--\/.two-cards__card--content-wrap-->\n                <\/div><!--\/.two-cards__card-->\n\n            <\/div><!--\/.two-cards__card-wrap-->\n                        <div class=\"two-cards__card-wrap\">\n\n                <div class=\"two-cards__card\">\n                                        <div class=\"two-cards__card--image-wrap\">\n                        <img decoding=\"async\" width=\"1200\" height=\"628\" src=\"https:\/\/www.msab.com\/wp-content\/uploads\/2021\/10\/MSAB_Training_Passport.png\" class=\"attachment-full size-full\" alt=\"\" srcset=\"https:\/\/www.msab.com\/wp-content\/uploads\/2021\/10\/MSAB_Training_Passport.png 1200w, https:\/\/www.msab.com\/wp-content\/uploads\/2021\/10\/MSAB_Training_Passport-300x157.png 300w, https:\/\/www.msab.com\/wp-content\/uploads\/2021\/10\/MSAB_Training_Passport-1024x536.png 1024w, https:\/\/www.msab.com\/wp-content\/uploads\/2021\/10\/MSAB_Training_Passport-768x402.png 768w, https:\/\/www.msab.com\/wp-content\/uploads\/2021\/10\/MSAB_Training_Passport-33x17.png 33w, https:\/\/www.msab.com\/wp-content\/uploads\/2021\/10\/MSAB_Training_Passport-102x53.png 102w, https:\/\/www.msab.com\/wp-content\/uploads\/2021\/10\/MSAB_Training_Passport-500x262.png 500w\" sizes=\"(max-width: 1200px) 100vw, 1200px\" \/>                    <\/div><!--\/.two-cards__card--image-wrap-->\n                                        <div class=\"two-cards__card--content-wrap editor-content bg-white\">\n                                                <h4 class=\"two-cards__card--title\">Pasaporte de formaci\u00f3n de MSAB<\/h4>\n                                                <p class=\"two-cards__card--intro\">MSAB ofrece el Pasaporte de formaci\u00f3n, que le permite ahorrar dinero y simplificar el proceso presupuestario mediante la compra de todo un a\u00f1o de formaci\u00f3n para una persona a una tarifa plana con descuento.\r\n\u00a0\r\nEsto le da a su equipo la posibilidad de elegir cualquier curso de MSAB, en cualquier lugar y en cualquier momento durante todo un a\u00f1o.\r\n\u00a0\r\nCon una amplia selecci\u00f3n de cursos disponibles en todo el mundo, conseguir la formaci\u00f3n que necesita nunca ha sido m\u00e1s f\u00e1cil. Esta es la forma m\u00e1s sencilla y econ\u00f3mica de conseguir una formaci\u00f3n continua en materia de investigaci\u00f3n forense de datos m\u00f3viles.\r\n<\/p>\n                                                <p class=\"two-cards__card--link\"><a href=\"#form-70439\" title=\"Learn more\"  >Learn more<\/a><\/p>\n                                            <\/div><!--\/.two-cards__card--content-wrap-->\n                <\/div><!--\/.two-cards__card-->\n\n            <\/div><!--\/.two-cards__card-wrap-->\n                    <\/div><!--\/.two-cards__row-->\n            <\/div><!--\/.container-->\n<\/section>\n\n\n<section id=\"\" class=\"block blockquote  regular bg-white\">\n    <div class=\"container narrow\">\n\n                <div class=\"quote-wrap\">\n            <blockquote>\n                He tomado un mill\u00f3n de cursos a lo largo de los a\u00f1os, pero esta es la primera vez que me entusiasma asistir todos los d\u00edas (durante una semana). Muy bien hecho y presentado; excelente informaci\u00f3n y pr\u00e1ctica.            <\/blockquote>\n                            <p class=\"after-text text-right\">Comentarios sobre el curso intermedio y la certificaci\u00f3n de XRY<\/p>\n                    <\/div><!--\/.quote-wrap-->\n        \n    <\/div><!--\/.container-->\n<\/section>\n\n\n    <style>\n                    #block_6179bbe5b90d6 {\n                background-image: url(https:\/\/www.msab.com\/wp-content\/uploads\/2021\/10\/XEC_Manage_BG-1.jpg);\n            }\n                    <\/style>\n\n<section id=\"block_6179bbe5b90d6\" class=\"block cta-with-bg-img text-white left-layout \">\n    <div class=\"container\" id=\"\">\n                    <div class=\"text-wrapper\">\n                <h2>Comience ya mismo<\/h2>\n<p>Ahorre tiempo y dinero, y mejore las habilidades de su equipo con MSAB. Juntos podemos aprovechar las capacidades de la investigaci\u00f3n forense de datos m\u00f3viles para que obtenga el control total de sus operaciones con datos forenses m\u00f3viles. Comience hoy mismo y aumente la eficiencia de su equipo de inmediato.<\/p>\n<p><a class=\"btn btn-primary\" href=\"https:\/\/www.msab.com\/contact\/\" target=\"_blank\" rel=\"noopener\">CONT\u00c1CTESE CON NOSOTROS<\/a><\/p>\n            <\/div>\n            <\/div><!--\/container-->\n<\/section>","protected":false},"excerpt":{"rendered":"","protected":false},"author":11,"featured_media":0,"parent":73477,"menu_order":0,"comment_status":"closed","ping_status":"closed","template":"","meta":{"_acf_changed":false,"footnotes":""},"class_list":["post-73481","page","type-page","status-publish","hentry"],"acf":[],"yoast_head":"<!-- This site is optimized with the Yoast SEO Premium plugin v25.0 (Yoast SEO v27.5) - https:\/\/yoast.com\/product\/yoast-seo-premium-wordpress\/ -->\n<title>Gerentes de programas - MSAB<\/title>\n<meta name=\"robots\" content=\"index, follow, max-snippet:-1, max-image-preview:large, max-video-preview:-1\" \/>\n<link rel=\"canonical\" href=\"https:\/\/www.msab.com\/es\/roles\/gerentes-de-programas\/\" \/>\n<meta property=\"og:locale\" content=\"es_ES\" \/>\n<meta property=\"og:type\" content=\"article\" \/>\n<meta property=\"og:title\" content=\"Gerentes de programas\" \/>\n<meta property=\"og:url\" content=\"https:\/\/www.msab.com\/es\/roles\/gerentes-de-programas\/\" \/>\n<meta property=\"og:site_name\" content=\"MSAB\" \/>\n<meta property=\"article:publisher\" content=\"https:\/\/www.facebook.com\/microsystemation\" \/>\n<meta property=\"article:modified_time\" content=\"2021-10-28T19:11:20+00:00\" \/>\n<meta name=\"twitter:card\" content=\"summary_large_image\" \/>\n<meta name=\"twitter:site\" content=\"@MSAB_XRY\" \/>\n<script type=\"application\/ld+json\" class=\"yoast-schema-graph\">{\"@context\":\"https:\\\/\\\/schema.org\",\"@graph\":[{\"@type\":\"WebPage\",\"@id\":\"https:\\\/\\\/www.msab.com\\\/es\\\/roles\\\/gerentes-de-programas\\\/\",\"url\":\"https:\\\/\\\/www.msab.com\\\/es\\\/roles\\\/gerentes-de-programas\\\/\",\"name\":\"Gerentes de programas - MSAB\",\"isPartOf\":{\"@id\":\"https:\\\/\\\/www.msab.com\\\/es\\\/#website\"},\"datePublished\":\"2021-10-28T19:11:18+00:00\",\"dateModified\":\"2021-10-28T19:11:20+00:00\",\"breadcrumb\":{\"@id\":\"https:\\\/\\\/www.msab.com\\\/es\\\/roles\\\/gerentes-de-programas\\\/#breadcrumb\"},\"inLanguage\":\"es\",\"potentialAction\":[{\"@type\":\"ReadAction\",\"target\":[\"https:\\\/\\\/www.msab.com\\\/es\\\/roles\\\/gerentes-de-programas\\\/\"]}]},{\"@type\":\"BreadcrumbList\",\"@id\":\"https:\\\/\\\/www.msab.com\\\/es\\\/roles\\\/gerentes-de-programas\\\/#breadcrumb\",\"itemListElement\":[{\"@type\":\"ListItem\",\"position\":1,\"name\":\"\",\"item\":\"https:\\\/\\\/www.msab.com\\\/es\\\/\"},{\"@type\":\"ListItem\",\"position\":2,\"name\":\"Roles\",\"item\":\"https:\\\/\\\/www.msab.com\\\/es\\\/roles\\\/\"},{\"@type\":\"ListItem\",\"position\":3,\"name\":\"Gerentes de programas\"}]},{\"@type\":\"WebSite\",\"@id\":\"https:\\\/\\\/www.msab.com\\\/es\\\/#website\",\"url\":\"https:\\\/\\\/www.msab.com\\\/es\\\/\",\"name\":\"MSAB\",\"description\":\"Trusted Partner in Digital Forensics\",\"publisher\":{\"@id\":\"https:\\\/\\\/www.msab.com\\\/es\\\/#organization\"},\"potentialAction\":[{\"@type\":\"SearchAction\",\"target\":{\"@type\":\"EntryPoint\",\"urlTemplate\":\"https:\\\/\\\/www.msab.com\\\/es\\\/?s={search_term_string}\"},\"query-input\":{\"@type\":\"PropertyValueSpecification\",\"valueRequired\":true,\"valueName\":\"search_term_string\"}}],\"inLanguage\":\"es\"},{\"@type\":\"Organization\",\"@id\":\"https:\\\/\\\/www.msab.com\\\/es\\\/#organization\",\"name\":\"MSAB\",\"url\":\"https:\\\/\\\/www.msab.com\\\/es\\\/\",\"logo\":{\"@type\":\"ImageObject\",\"inLanguage\":\"es\",\"@id\":\"https:\\\/\\\/www.msab.com\\\/es\\\/#\\\/schema\\\/logo\\\/image\\\/\",\"url\":\"https:\\\/\\\/www.msab.com\\\/wp-content\\\/uploads\\\/2023\\\/03\\\/MSAB-logo-Black-RGB.png\",\"contentUrl\":\"https:\\\/\\\/www.msab.com\\\/wp-content\\\/uploads\\\/2023\\\/03\\\/MSAB-logo-Black-RGB.png\",\"width\":1198,\"height\":353,\"caption\":\"MSAB\"},\"image\":{\"@id\":\"https:\\\/\\\/www.msab.com\\\/es\\\/#\\\/schema\\\/logo\\\/image\\\/\"},\"sameAs\":[\"https:\\\/\\\/www.facebook.com\\\/microsystemation\",\"https:\\\/\\\/x.com\\\/MSAB_XRY\",\"https:\\\/\\\/www.linkedin.com\\\/company\\\/micro-systemation\"]}]}<\/script>\n<!-- \/ Yoast SEO Premium plugin. -->","yoast_head_json":{"title":"Gerentes de programas - MSAB","robots":{"index":"index","follow":"follow","max-snippet":"max-snippet:-1","max-image-preview":"max-image-preview:large","max-video-preview":"max-video-preview:-1"},"canonical":"https:\/\/www.msab.com\/es\/roles\/gerentes-de-programas\/","og_locale":"es_ES","og_type":"article","og_title":"Gerentes de programas","og_url":"https:\/\/www.msab.com\/es\/roles\/gerentes-de-programas\/","og_site_name":"MSAB","article_publisher":"https:\/\/www.facebook.com\/microsystemation","article_modified_time":"2021-10-28T19:11:20+00:00","twitter_card":"summary_large_image","twitter_site":"@MSAB_XRY","schema":{"@context":"https:\/\/schema.org","@graph":[{"@type":"WebPage","@id":"https:\/\/www.msab.com\/es\/roles\/gerentes-de-programas\/","url":"https:\/\/www.msab.com\/es\/roles\/gerentes-de-programas\/","name":"Gerentes de programas - MSAB","isPartOf":{"@id":"https:\/\/www.msab.com\/es\/#website"},"datePublished":"2021-10-28T19:11:18+00:00","dateModified":"2021-10-28T19:11:20+00:00","breadcrumb":{"@id":"https:\/\/www.msab.com\/es\/roles\/gerentes-de-programas\/#breadcrumb"},"inLanguage":"es","potentialAction":[{"@type":"ReadAction","target":["https:\/\/www.msab.com\/es\/roles\/gerentes-de-programas\/"]}]},{"@type":"BreadcrumbList","@id":"https:\/\/www.msab.com\/es\/roles\/gerentes-de-programas\/#breadcrumb","itemListElement":[{"@type":"ListItem","position":1,"name":"","item":"https:\/\/www.msab.com\/es\/"},{"@type":"ListItem","position":2,"name":"Roles","item":"https:\/\/www.msab.com\/es\/roles\/"},{"@type":"ListItem","position":3,"name":"Gerentes de programas"}]},{"@type":"WebSite","@id":"https:\/\/www.msab.com\/es\/#website","url":"https:\/\/www.msab.com\/es\/","name":"MSAB","description":"Trusted Partner in Digital Forensics","publisher":{"@id":"https:\/\/www.msab.com\/es\/#organization"},"potentialAction":[{"@type":"SearchAction","target":{"@type":"EntryPoint","urlTemplate":"https:\/\/www.msab.com\/es\/?s={search_term_string}"},"query-input":{"@type":"PropertyValueSpecification","valueRequired":true,"valueName":"search_term_string"}}],"inLanguage":"es"},{"@type":"Organization","@id":"https:\/\/www.msab.com\/es\/#organization","name":"MSAB","url":"https:\/\/www.msab.com\/es\/","logo":{"@type":"ImageObject","inLanguage":"es","@id":"https:\/\/www.msab.com\/es\/#\/schema\/logo\/image\/","url":"https:\/\/www.msab.com\/wp-content\/uploads\/2023\/03\/MSAB-logo-Black-RGB.png","contentUrl":"https:\/\/www.msab.com\/wp-content\/uploads\/2023\/03\/MSAB-logo-Black-RGB.png","width":1198,"height":353,"caption":"MSAB"},"image":{"@id":"https:\/\/www.msab.com\/es\/#\/schema\/logo\/image\/"},"sameAs":["https:\/\/www.facebook.com\/microsystemation","https:\/\/x.com\/MSAB_XRY","https:\/\/www.linkedin.com\/company\/micro-systemation"]}]}},"_links":{"self":[{"href":"https:\/\/www.msab.com\/es\/wp-json\/wp\/v2\/pages\/73481","targetHints":{"allow":["GET"]}}],"collection":[{"href":"https:\/\/www.msab.com\/es\/wp-json\/wp\/v2\/pages"}],"about":[{"href":"https:\/\/www.msab.com\/es\/wp-json\/wp\/v2\/types\/page"}],"author":[{"embeddable":true,"href":"https:\/\/www.msab.com\/es\/wp-json\/wp\/v2\/users\/11"}],"replies":[{"embeddable":true,"href":"https:\/\/www.msab.com\/es\/wp-json\/wp\/v2\/comments?post=73481"}],"version-history":[{"count":0,"href":"https:\/\/www.msab.com\/es\/wp-json\/wp\/v2\/pages\/73481\/revisions"}],"up":[{"embeddable":true,"href":"https:\/\/www.msab.com\/es\/wp-json\/wp\/v2\/pages\/73477"}],"wp:attachment":[{"href":"https:\/\/www.msab.com\/es\/wp-json\/wp\/v2\/media?parent=73481"}],"curies":[{"name":"wp","href":"https:\/\/api.w.org\/{rel}","templated":true}]}}