{"id":73477,"date":"2021-10-28T21:04:32","date_gmt":"2021-10-28T19:04:32","guid":{"rendered":"http:\/\/www.msab.com\/?page_id=73477"},"modified":"2022-08-23T01:31:04","modified_gmt":"2022-08-22T23:31:04","slug":"roles","status":"publish","type":"page","link":"https:\/\/www.msab.com\/es\/roles\/","title":{"rendered":"Roles"},"content":{"rendered":"<section id=\"\" class=\"two-row-hero block text-white \">\n    <div class=\"container\">\n\n                    <div class=\"row align-items-center row-1\">\n                                    <div class=\"col-12 col-lg-6 \">\n                        <div class=\"text-wrapper\">\n                            <h1>Soluciones de investigaci\u00f3n forense de datos m\u00f3viles para su sector<\/h1>\n                        <\/div><!--\/text-wrepper-->\n                    <\/div><!--\/col-->\n                                                    <div class=\"col-12 col-lg-6 \">\n                        <img decoding=\"async\" width=\"732\" height=\"315\" src=\"https:\/\/www.msab.com\/wp-content\/uploads\/2021\/07\/products-hero-img.png\" class=\"attachment-full size-full\" alt=\"\" srcset=\"https:\/\/www.msab.com\/wp-content\/uploads\/2021\/07\/products-hero-img.png 732w, https:\/\/www.msab.com\/wp-content\/uploads\/2021\/07\/products-hero-img-300x129.png 300w\" sizes=\"(max-width: 732px) 100vw, 732px\" \/>                    <\/div><!--\/col-->\n                            <\/div><!--\/row-->\n        \n                    <div class=\"row row-2\">\n\n                                    <div class=\"col-12 col-lg-7\">\n                                                <div class=\"line-wrapper\"><div class=\"element-wrapper\"><div class=\"icon-wrapper\"><\/div><\/div><\/div>                    <\/div><!--\/col-->\n                \n                                    <div class=\"col-12 col-lg-5\">\n                                                <div class=\"col-wrapper d-flex flex-wrap\">\n                                                    <\/div><!--\/col-wrapper-->\n                    <\/div><!--\/col-->\n                \n            <\/div><!--\/row-->\n        \n        <nav id=\"breadcrumbs\" class=\"bread-nav\"><span><span><a href=\"https:\/\/www.msab.com\/es\/\"><i class=\"fas fa-home\"><\/i><\/a><\/span><\/span><\/nav>\n    <\/div><!--\/container-->\n<\/section>\n\n<section id=\"\" class=\"block link-cards bg-white \">\n    <div class=\"container\">\n                    <div class=\"text-wrapper text-center\">\n                <h2>Replantee sus operaciones: obtenga la soluci\u00f3n de investigaci\u00f3n forense de datos m\u00f3viles adecuada<\/h2>\n<p>Independientemente de su rol en la investigaci\u00f3n forense digital, lo acompa\u00f1aremos paso a paso con una combinaci\u00f3n personalizada de herramientas y servicios para datos forenses m\u00f3viles a fin de apoyar su misi\u00f3n y garantizar que obtenga las capacidades que desea y necesita.<\/p>\n            <\/div>\n                            <div class=\"card-wrap d-flex justify-content-center \">\n                \n                    <div class=\"card-col\">\n                        <a href=\"https:\/\/www.msab.com\/es\/roles\/especialistas-forenses\/\" class=\"card card-style-2\" title=\"Especialistas forenses\" target=\"_blank\">\n                                                            <div class=\"img-wrapper\">\n                                    <img decoding=\"async\" width=\"2560\" height=\"1707\" src=\"https:\/\/www.msab.com\/wp-content\/uploads\/2021\/08\/L3A9037-scaled.jpg\" class=\"attachment-full size-full\" alt=\"\" srcset=\"https:\/\/www.msab.com\/wp-content\/uploads\/2021\/08\/L3A9037-scaled.jpg 2560w, https:\/\/www.msab.com\/wp-content\/uploads\/2021\/08\/L3A9037-300x200.jpg 300w, https:\/\/www.msab.com\/wp-content\/uploads\/2021\/08\/L3A9037-1024x683.jpg 1024w, https:\/\/www.msab.com\/wp-content\/uploads\/2021\/08\/L3A9037-768x512.jpg 768w, https:\/\/www.msab.com\/wp-content\/uploads\/2021\/08\/L3A9037-1536x1024.jpg 1536w, https:\/\/www.msab.com\/wp-content\/uploads\/2021\/08\/L3A9037-2048x1365.jpg 2048w, https:\/\/www.msab.com\/wp-content\/uploads\/2021\/08\/L3A9037-33x22.jpg 33w, https:\/\/www.msab.com\/wp-content\/uploads\/2021\/08\/L3A9037-102x68.jpg 102w, https:\/\/www.msab.com\/wp-content\/uploads\/2021\/08\/L3A9037-1240x827.jpg 1240w\" sizes=\"(max-width: 2560px) 100vw, 2560px\" \/>                                <\/div>\n                                                        <div class=\"link-text-wrapper\">\n                                                                    <p class=\"link-title\">Especialistas forenses<\/p>\n                                                                            <p class=\"link-text\">Aumente su velocidad y alcance sin renunciar a la calidad o la integridad. XRY ofrece compatibilidad con una amplia gama de dispositivos y un acceso eficiente a an\u00e1lisis e informes gracias a su integraci\u00f3n en otros productos de MSAB.<\/p>\n                                                                        <i class=\"far fa-arrow-right\"><\/i><\/span>\n                                                            <\/div>\n                        <\/a><!--\/card-->\n                    <\/div><!--\/col-->\n\n                \n                    <div class=\"card-col\">\n                        <a href=\"https:\/\/www.msab.com\/es\/roles\/gerentes-de-programas\/\" class=\"card card-style-2\" title=\"Gerentes de programas\" target=\"_blank\">\n                                                            <div class=\"img-wrapper\">\n                                    <img decoding=\"async\" width=\"2560\" height=\"1707\" src=\"https:\/\/www.msab.com\/wp-content\/uploads\/2021\/09\/XEC_Manage_3-scaled.jpg\" class=\"attachment-full size-full\" alt=\"\" srcset=\"https:\/\/www.msab.com\/wp-content\/uploads\/2021\/09\/XEC_Manage_3-scaled.jpg 2560w, https:\/\/www.msab.com\/wp-content\/uploads\/2021\/09\/XEC_Manage_3-300x200.jpg 300w, https:\/\/www.msab.com\/wp-content\/uploads\/2021\/09\/XEC_Manage_3-1024x683.jpg 1024w, https:\/\/www.msab.com\/wp-content\/uploads\/2021\/09\/XEC_Manage_3-768x512.jpg 768w, https:\/\/www.msab.com\/wp-content\/uploads\/2021\/09\/XEC_Manage_3-1536x1024.jpg 1536w, https:\/\/www.msab.com\/wp-content\/uploads\/2021\/09\/XEC_Manage_3-2048x1365.jpg 2048w, https:\/\/www.msab.com\/wp-content\/uploads\/2021\/09\/XEC_Manage_3-33x22.jpg 33w, https:\/\/www.msab.com\/wp-content\/uploads\/2021\/09\/XEC_Manage_3-102x68.jpg 102w, https:\/\/www.msab.com\/wp-content\/uploads\/2021\/09\/XEC_Manage_3-1240x827.jpg 1240w\" sizes=\"(max-width: 2560px) 100vw, 2560px\" \/>                                <\/div>\n                                                        <div class=\"link-text-wrapper\">\n                                                                    <p class=\"link-title\">Gerentes de programas<\/p>\n                                                                            <p class=\"link-text\">Elija las herramientas adecuadas para dirigir un equipo de colaboraci\u00f3n, mitigar los riesgos asociados con el proceso de investigaci\u00f3n y capacitar al personal de primera l\u00ednea a fin de agilizar tanto el proceso como las operaciones.<\/p>\n                                                                        <i class=\"far fa-arrow-right\"><\/i><\/span>\n                                                            <\/div>\n                        <\/a><!--\/card-->\n                    <\/div><!--\/col-->\n\n                \n                    <div class=\"card-col\">\n                        <a href=\"https:\/\/www.msab.com\/es\/roles\/personal-de-primera-linea\/\" class=\"card card-style-2\" title=\"Personal de primera l\u00ednea\" target=\"_blank\">\n                                                            <div class=\"img-wrapper\">\n                                    <img decoding=\"async\" width=\"2560\" height=\"1707\" src=\"https:\/\/www.msab.com\/wp-content\/uploads\/2021\/08\/Frontline_Law_Enforcement_1_2021-2-scaled.jpg\" class=\"attachment-full size-full\" alt=\"\" srcset=\"https:\/\/www.msab.com\/wp-content\/uploads\/2021\/08\/Frontline_Law_Enforcement_1_2021-2-scaled.jpg 2560w, https:\/\/www.msab.com\/wp-content\/uploads\/2021\/08\/Frontline_Law_Enforcement_1_2021-2-300x200.jpg 300w, https:\/\/www.msab.com\/wp-content\/uploads\/2021\/08\/Frontline_Law_Enforcement_1_2021-2-1024x683.jpg 1024w, https:\/\/www.msab.com\/wp-content\/uploads\/2021\/08\/Frontline_Law_Enforcement_1_2021-2-768x512.jpg 768w, https:\/\/www.msab.com\/wp-content\/uploads\/2021\/08\/Frontline_Law_Enforcement_1_2021-2-1536x1024.jpg 1536w, https:\/\/www.msab.com\/wp-content\/uploads\/2021\/08\/Frontline_Law_Enforcement_1_2021-2-2048x1365.jpg 2048w, https:\/\/www.msab.com\/wp-content\/uploads\/2021\/08\/Frontline_Law_Enforcement_1_2021-2-33x22.jpg 33w, https:\/\/www.msab.com\/wp-content\/uploads\/2021\/08\/Frontline_Law_Enforcement_1_2021-2-102x68.jpg 102w, https:\/\/www.msab.com\/wp-content\/uploads\/2021\/08\/Frontline_Law_Enforcement_1_2021-2-1240x827.jpg 1240w\" sizes=\"(max-width: 2560px) 100vw, 2560px\" \/>                                <\/div>\n                                                        <div class=\"link-text-wrapper\">\n                                                                    <p class=\"link-title\">Personal de primera l\u00ednea<\/p>\n                                                                            <p class=\"link-text\">Haga que su trabajo sea m\u00e1s f\u00e1cil y resuelva los casos con mayor rapidez gracias a la posibilidad de iniciar investigaciones e incluso confrontar a los sospechosos de inmediato en la escena del crimen sin tener que enviar dispositivos al laboratorio.<\/p>\n                                                                        <i class=\"far fa-arrow-right\"><\/i><\/span>\n                                                            <\/div>\n                        <\/a><!--\/card-->\n                    <\/div><!--\/col-->\n\n                \n                    <div class=\"card-col\">\n                        <a href=\"https:\/\/www.msab.com\/es\/roles\/investigadores-digitales\/\" class=\"card card-style-2\" title=\"Investigadores digitales \" target=\"_blank\">\n                                                            <div class=\"img-wrapper\">\n                                    <img decoding=\"async\" width=\"2560\" height=\"1707\" src=\"https:\/\/www.msab.com\/wp-content\/uploads\/2021\/09\/L3A8898-scaled.jpg\" class=\"attachment-full size-full\" alt=\"\" srcset=\"https:\/\/www.msab.com\/wp-content\/uploads\/2021\/09\/L3A8898-scaled.jpg 2560w, https:\/\/www.msab.com\/wp-content\/uploads\/2021\/09\/L3A8898-300x200.jpg 300w, https:\/\/www.msab.com\/wp-content\/uploads\/2021\/09\/L3A8898-1024x683.jpg 1024w, https:\/\/www.msab.com\/wp-content\/uploads\/2021\/09\/L3A8898-768x512.jpg 768w, https:\/\/www.msab.com\/wp-content\/uploads\/2021\/09\/L3A8898-1536x1024.jpg 1536w, https:\/\/www.msab.com\/wp-content\/uploads\/2021\/09\/L3A8898-2048x1365.jpg 2048w, https:\/\/www.msab.com\/wp-content\/uploads\/2021\/09\/L3A8898-33x22.jpg 33w, https:\/\/www.msab.com\/wp-content\/uploads\/2021\/09\/L3A8898-102x68.jpg 102w, https:\/\/www.msab.com\/wp-content\/uploads\/2021\/09\/L3A8898-1240x827.jpg 1240w\" sizes=\"(max-width: 2560px) 100vw, 2560px\" \/>                                <\/div>\n                                                        <div class=\"link-text-wrapper\">\n                                                                    <p class=\"link-title\">Investigadores digitales <\/p>\n                                                                            <p class=\"link-text\">Busque, filtre, analice y encuentre evidencia e informaci\u00f3n cruciales lo m\u00e1s r\u00e1pido posible, incluso en las monta\u00f1as de datos de los dispositivos m\u00f3viles actuales. Ninguna herramienta de an\u00e1lisis de datos forenses m\u00f3viles supera a XAMN.\r\n<\/p>\n                                                                        <i class=\"far fa-arrow-right\"><\/i><\/span>\n                                                            <\/div>\n                        <\/a><!--\/card-->\n                    <\/div><!--\/col-->\n\n                            <\/div><!--\/card-wrap-->\n            <\/div><!--\/container-->\n<\/section>\n\n\n\n\n<section id=\"\" class=\"block form bg-light-grey \">\n    <div class=\"container narrow\">\n\n    \n        \n            <div class=\"form-wrap\">\n                <div\r\n        data-form-id='779b8612-7990-f011-b4cc-7c1e52fb5478'\r\n        data-form-api-url='https:\/\/public-eur.mkt.dynamics.com\/api\/v1.0\/orgs\/209eda7e-bbd7-45fb-82d9-810028103c6d\/landingpageforms'\r\n        data-cached-form-url='https:\/\/assets-eur.mkt.dynamics.com\/209eda7e-bbd7-45fb-82d9-810028103c6d\/digitalassets\/forms\/779b8612-7990-f011-b4cc-7c1e52fb5478' ><\/div>\r\n        <script src = 'https:\/\/cxppusa1formui01cdnsa01-endpoint.azureedge.net\/eur\/FormLoader\/FormLoader.bundle.js' ><\/script>            <\/div><!--\/.form-wrap-->\n\n        \n    \n    <\/div><!--\/.container-->\n<\/section>","protected":false},"excerpt":{"rendered":"","protected":false},"author":11,"featured_media":0,"parent":0,"menu_order":0,"comment_status":"closed","ping_status":"closed","template":"","meta":{"_acf_changed":false,"footnotes":""},"class_list":["post-73477","page","type-page","status-publish","hentry"],"acf":[],"yoast_head":"<!-- This site is optimized with the Yoast SEO Premium plugin v25.0 (Yoast SEO v27.4) - https:\/\/yoast.com\/product\/yoast-seo-premium-wordpress\/ -->\n<title>Roles - MSAB<\/title>\n<meta name=\"robots\" content=\"index, follow, max-snippet:-1, max-image-preview:large, max-video-preview:-1\" \/>\n<link rel=\"canonical\" href=\"https:\/\/www.msab.com\/es\/roles\/\" \/>\n<meta property=\"og:locale\" content=\"es_ES\" \/>\n<meta property=\"og:type\" content=\"article\" \/>\n<meta property=\"og:title\" content=\"Roles\" \/>\n<meta property=\"og:url\" content=\"https:\/\/www.msab.com\/es\/roles\/\" \/>\n<meta property=\"og:site_name\" content=\"MSAB\" \/>\n<meta property=\"article:publisher\" content=\"https:\/\/www.facebook.com\/microsystemation\" \/>\n<meta property=\"article:modified_time\" content=\"2022-08-22T23:31:04+00:00\" \/>\n<meta name=\"twitter:card\" content=\"summary_large_image\" \/>\n<meta name=\"twitter:site\" content=\"@MSAB_XRY\" \/>\n<script type=\"application\/ld+json\" class=\"yoast-schema-graph\">{\"@context\":\"https:\\\/\\\/schema.org\",\"@graph\":[{\"@type\":\"WebPage\",\"@id\":\"https:\\\/\\\/www.msab.com\\\/es\\\/roles\\\/\",\"url\":\"https:\\\/\\\/www.msab.com\\\/es\\\/roles\\\/\",\"name\":\"Roles - MSAB\",\"isPartOf\":{\"@id\":\"https:\\\/\\\/www.msab.com\\\/es\\\/#website\"},\"datePublished\":\"2021-10-28T19:04:32+00:00\",\"dateModified\":\"2022-08-22T23:31:04+00:00\",\"breadcrumb\":{\"@id\":\"https:\\\/\\\/www.msab.com\\\/es\\\/roles\\\/#breadcrumb\"},\"inLanguage\":\"es\",\"potentialAction\":[{\"@type\":\"ReadAction\",\"target\":[\"https:\\\/\\\/www.msab.com\\\/es\\\/roles\\\/\"]}]},{\"@type\":\"BreadcrumbList\",\"@id\":\"https:\\\/\\\/www.msab.com\\\/es\\\/roles\\\/#breadcrumb\",\"itemListElement\":[{\"@type\":\"ListItem\",\"position\":1,\"name\":\"\",\"item\":\"https:\\\/\\\/www.msab.com\\\/es\\\/\"},{\"@type\":\"ListItem\",\"position\":2,\"name\":\"Roles\"}]},{\"@type\":\"WebSite\",\"@id\":\"https:\\\/\\\/www.msab.com\\\/es\\\/#website\",\"url\":\"https:\\\/\\\/www.msab.com\\\/es\\\/\",\"name\":\"MSAB\",\"description\":\"Trusted Partner in Digital Forensics\",\"publisher\":{\"@id\":\"https:\\\/\\\/www.msab.com\\\/es\\\/#organization\"},\"potentialAction\":[{\"@type\":\"SearchAction\",\"target\":{\"@type\":\"EntryPoint\",\"urlTemplate\":\"https:\\\/\\\/www.msab.com\\\/es\\\/?s={search_term_string}\"},\"query-input\":{\"@type\":\"PropertyValueSpecification\",\"valueRequired\":true,\"valueName\":\"search_term_string\"}}],\"inLanguage\":\"es\"},{\"@type\":\"Organization\",\"@id\":\"https:\\\/\\\/www.msab.com\\\/es\\\/#organization\",\"name\":\"MSAB\",\"url\":\"https:\\\/\\\/www.msab.com\\\/es\\\/\",\"logo\":{\"@type\":\"ImageObject\",\"inLanguage\":\"es\",\"@id\":\"https:\\\/\\\/www.msab.com\\\/es\\\/#\\\/schema\\\/logo\\\/image\\\/\",\"url\":\"https:\\\/\\\/www.msab.com\\\/wp-content\\\/uploads\\\/2023\\\/03\\\/MSAB-logo-Black-RGB.png\",\"contentUrl\":\"https:\\\/\\\/www.msab.com\\\/wp-content\\\/uploads\\\/2023\\\/03\\\/MSAB-logo-Black-RGB.png\",\"width\":1198,\"height\":353,\"caption\":\"MSAB\"},\"image\":{\"@id\":\"https:\\\/\\\/www.msab.com\\\/es\\\/#\\\/schema\\\/logo\\\/image\\\/\"},\"sameAs\":[\"https:\\\/\\\/www.facebook.com\\\/microsystemation\",\"https:\\\/\\\/x.com\\\/MSAB_XRY\",\"https:\\\/\\\/www.linkedin.com\\\/company\\\/micro-systemation\"]}]}<\/script>\n<!-- \/ Yoast SEO Premium plugin. -->","yoast_head_json":{"title":"Roles - MSAB","robots":{"index":"index","follow":"follow","max-snippet":"max-snippet:-1","max-image-preview":"max-image-preview:large","max-video-preview":"max-video-preview:-1"},"canonical":"https:\/\/www.msab.com\/es\/roles\/","og_locale":"es_ES","og_type":"article","og_title":"Roles","og_url":"https:\/\/www.msab.com\/es\/roles\/","og_site_name":"MSAB","article_publisher":"https:\/\/www.facebook.com\/microsystemation","article_modified_time":"2022-08-22T23:31:04+00:00","twitter_card":"summary_large_image","twitter_site":"@MSAB_XRY","schema":{"@context":"https:\/\/schema.org","@graph":[{"@type":"WebPage","@id":"https:\/\/www.msab.com\/es\/roles\/","url":"https:\/\/www.msab.com\/es\/roles\/","name":"Roles - MSAB","isPartOf":{"@id":"https:\/\/www.msab.com\/es\/#website"},"datePublished":"2021-10-28T19:04:32+00:00","dateModified":"2022-08-22T23:31:04+00:00","breadcrumb":{"@id":"https:\/\/www.msab.com\/es\/roles\/#breadcrumb"},"inLanguage":"es","potentialAction":[{"@type":"ReadAction","target":["https:\/\/www.msab.com\/es\/roles\/"]}]},{"@type":"BreadcrumbList","@id":"https:\/\/www.msab.com\/es\/roles\/#breadcrumb","itemListElement":[{"@type":"ListItem","position":1,"name":"","item":"https:\/\/www.msab.com\/es\/"},{"@type":"ListItem","position":2,"name":"Roles"}]},{"@type":"WebSite","@id":"https:\/\/www.msab.com\/es\/#website","url":"https:\/\/www.msab.com\/es\/","name":"MSAB","description":"Trusted Partner in Digital Forensics","publisher":{"@id":"https:\/\/www.msab.com\/es\/#organization"},"potentialAction":[{"@type":"SearchAction","target":{"@type":"EntryPoint","urlTemplate":"https:\/\/www.msab.com\/es\/?s={search_term_string}"},"query-input":{"@type":"PropertyValueSpecification","valueRequired":true,"valueName":"search_term_string"}}],"inLanguage":"es"},{"@type":"Organization","@id":"https:\/\/www.msab.com\/es\/#organization","name":"MSAB","url":"https:\/\/www.msab.com\/es\/","logo":{"@type":"ImageObject","inLanguage":"es","@id":"https:\/\/www.msab.com\/es\/#\/schema\/logo\/image\/","url":"https:\/\/www.msab.com\/wp-content\/uploads\/2023\/03\/MSAB-logo-Black-RGB.png","contentUrl":"https:\/\/www.msab.com\/wp-content\/uploads\/2023\/03\/MSAB-logo-Black-RGB.png","width":1198,"height":353,"caption":"MSAB"},"image":{"@id":"https:\/\/www.msab.com\/es\/#\/schema\/logo\/image\/"},"sameAs":["https:\/\/www.facebook.com\/microsystemation","https:\/\/x.com\/MSAB_XRY","https:\/\/www.linkedin.com\/company\/micro-systemation"]}]}},"_links":{"self":[{"href":"https:\/\/www.msab.com\/es\/wp-json\/wp\/v2\/pages\/73477","targetHints":{"allow":["GET"]}}],"collection":[{"href":"https:\/\/www.msab.com\/es\/wp-json\/wp\/v2\/pages"}],"about":[{"href":"https:\/\/www.msab.com\/es\/wp-json\/wp\/v2\/types\/page"}],"author":[{"embeddable":true,"href":"https:\/\/www.msab.com\/es\/wp-json\/wp\/v2\/users\/11"}],"replies":[{"embeddable":true,"href":"https:\/\/www.msab.com\/es\/wp-json\/wp\/v2\/comments?post=73477"}],"version-history":[{"count":2,"href":"https:\/\/www.msab.com\/es\/wp-json\/wp\/v2\/pages\/73477\/revisions"}],"predecessor-version":[{"id":168200,"href":"https:\/\/www.msab.com\/es\/wp-json\/wp\/v2\/pages\/73477\/revisions\/168200"}],"wp:attachment":[{"href":"https:\/\/www.msab.com\/es\/wp-json\/wp\/v2\/media?parent=73477"}],"curies":[{"name":"wp","href":"https:\/\/api.w.org\/{rel}","templated":true}]}}