{"id":73469,"date":"2025-02-02T10:03:24","date_gmt":"2025-02-02T09:03:24","guid":{"rendered":"http:\/\/www.msab.com\/?page_id=73469"},"modified":"2025-09-23T10:47:58","modified_gmt":"2025-09-23T08:47:58","slug":"personal-de-primera-linea","status":"publish","type":"page","link":"https:\/\/www.msab.com\/es\/roles\/personal-de-primera-linea\/","title":{"rendered":"Personal de primera l\u00ednea"},"content":{"rendered":"\n<section id=\"\" class=\"block regular-hero  has-bg-img ovarlay-dark\" style=\"background-image: url(https:\/\/www.msab.com\/wp-content\/uploads\/2021\/10\/Frontline_Personnel-1.jpg);\">\n    <div class=\"container\">\n\n        <div class=\"text-wrapper text-white\">\n            <h1 class=\"heading title\">Soluciones para datos forenses m\u00f3viles para el personal de primera l\u00ednea<\/h1>            \n                    <\/div><!--\/text-wrapper-->\n        <div class=\"breadcrumb-part dark\"><nav id=\"breadcrumbs\" class=\"bread-nav\"><span><span><a href=\"https:\/\/www.msab.com\/es\/\"><i class=\"fas fa-home\"><\/i><\/a><\/span><\/span><\/nav><\/div>    <\/div><!--\/container-->\n<\/section>\n\n\n\n\n<section id=\"\" class=\"block two-column-content bg-light-grey \">\n    <div class=\"container\">\n        <div class=\"text-wrapper\">\n            <div class=\"row\">\n                                    <div class=\"col-12 col-md-6 col-lg-5\">\n                        <h2 class=\"heading h2\">Acceso r\u00e1pido a evidencia e informaci\u00f3n digitales para todo el personal de primera l\u00ednea<\/h2>                    <\/div>\n                                                    <div class=\"col-12 col-md-6 col-lg-7\">\n                        <p>Obtener acceso a la informaci\u00f3n cr\u00edtica en las primeras horas de las investigaciones criminol\u00f3gicas puede reducir dr\u00e1sticamente el tiempo de obtenci\u00f3n de evidencia digital.<\/p>\n<p>MSAB comprende los dif\u00edciles desaf\u00edos que enfrenta el personal de primera l\u00ednea. Ayudamos a minimizar los retrasos cuando permitimos que los primeros intervinientes adquieran datos de dispositivos m\u00f3viles r\u00e1pidamente, realicen un an\u00e1lisis inicial y pasen inmediatamente las extracciones o los hallazgos clave a los investigadores y otras personas. Esto se consigue con herramientas f\u00e1ciles de usar, que minimizan la necesidad de formaci\u00f3n y ayudan a cumplir con las normas.<\/p>\n<p><a class=\"btn btn-primary\" href=\"https:\/\/www.msab.com\/request-a-quote\" target=\"_blank\" rel=\"noopener\">Comenzar<\/a><\/p>\n<p><a class=\"btn btn-outline\" href=\"https:\/\/www.msab.com\/products\/platforms\/\" target=\"_blank\" rel=\"noopener\"><strong>Obtenga m\u00e1s informaci\u00f3n sobre las plataformas MSAB<\/strong><\/a><\/p>\n                    <\/div>\n                            <\/div><!--\/row-->\n        <\/div><!--\/text-wrapper-->\n    <\/div><!--\/container-->\n<\/section>\n\n<section id=\"\" class=\"block link-cards bg-white \">\n    <div class=\"container\">\n                    <div class=\"text-wrapper text-center\">\n                <h2>Dotar al personal de primera l\u00ednea de las mejores herramientas de investigaci\u00f3n forense digital<\/h2>\n<p>Disponer de la herramienta para datos forenses m\u00f3viles adecuada puede suponer una gran diferencia, acelerar las investigaciones, eliminar los retrasos relacionados con los dispositivos y aumentar la eficiencia.<\/p>\n<p>MSAB suministra software en diferentes plataformas de hardware para ayudarlo a trabajar de manera m\u00e1s r\u00e1pida e inteligente, que incluyen lo siguiente:<\/p>\n            <\/div>\n                            <div class=\"card-wrap d-flex justify-content-center \">\n                \n                    <div class=\"card-col\">\n                        <a href=\"https:\/\/www.msab.com\/es\/products\/platforms\/#office\" class=\"card card-style-2\" title=\"MSAB Office\" >\n                                                            <div class=\"img-wrapper\">\n                                    <img decoding=\"async\" width=\"600\" height=\"400\" src=\"https:\/\/www.msab.com\/wp-content\/uploads\/2021\/10\/MSAB_Office_Selection_Block_Frontline.jpg\" class=\"attachment-full size-full\" alt=\"\" srcset=\"https:\/\/www.msab.com\/wp-content\/uploads\/2021\/10\/MSAB_Office_Selection_Block_Frontline.jpg 600w, https:\/\/www.msab.com\/wp-content\/uploads\/2021\/10\/MSAB_Office_Selection_Block_Frontline-300x200.jpg 300w, https:\/\/www.msab.com\/wp-content\/uploads\/2021\/10\/MSAB_Office_Selection_Block_Frontline-33x22.jpg 33w, https:\/\/www.msab.com\/wp-content\/uploads\/2021\/10\/MSAB_Office_Selection_Block_Frontline-102x68.jpg 102w, https:\/\/www.msab.com\/wp-content\/uploads\/2021\/10\/MSAB_Office_Selection_Block_Frontline-500x333.jpg 500w\" sizes=\"(max-width: 600px) 100vw, 600px\" \/>                                <\/div>\n                                                        <div class=\"link-text-wrapper\">\n                                                                    <p class=\"link-title\">MSAB Office<\/p>\n                                                                            <p class=\"link-text\">El paquete de software para datos forenses m\u00f3viles todo en uno de MSAB que puede instalarse en cualquier ordenador con Windows. MSAB Office est\u00e1 dise\u00f1ado para permitir a los investigadores acceder a todos los m\u00e9todos posibles para recuperar m\u00e1s datos de los dispositivos m\u00f3viles en menos tiempo, con integridad y flexibilidad totales. \r\n<\/p>\n                                                                        <i class=\"far fa-arrow-right\"><\/i><\/span>\n                                                            <\/div>\n                        <\/a><!--\/card-->\n                    <\/div><!--\/col-->\n\n                \n                    <div class=\"card-col\">\n                        <a href=\"https:\/\/www.msab.com\/es\/products\/platforms\/#field\" class=\"card card-style-2\" title=\"MSAB Field\" >\n                                                            <div class=\"img-wrapper\">\n                                    <img decoding=\"async\" width=\"600\" height=\"400\" src=\"https:\/\/www.msab.com\/wp-content\/uploads\/2021\/10\/MSAB_Field_Selection_Block_Frontline.jpg\" class=\"attachment-full size-full\" alt=\"\" srcset=\"https:\/\/www.msab.com\/wp-content\/uploads\/2021\/10\/MSAB_Field_Selection_Block_Frontline.jpg 600w, https:\/\/www.msab.com\/wp-content\/uploads\/2021\/10\/MSAB_Field_Selection_Block_Frontline-300x200.jpg 300w, https:\/\/www.msab.com\/wp-content\/uploads\/2021\/10\/MSAB_Field_Selection_Block_Frontline-33x22.jpg 33w, https:\/\/www.msab.com\/wp-content\/uploads\/2021\/10\/MSAB_Field_Selection_Block_Frontline-102x68.jpg 102w, https:\/\/www.msab.com\/wp-content\/uploads\/2021\/10\/MSAB_Field_Selection_Block_Frontline-500x333.jpg 500w\" sizes=\"(max-width: 600px) 100vw, 600px\" \/>                                <\/div>\n                                                        <div class=\"link-text-wrapper\">\n                                                                    <p class=\"link-title\">MSAB Field<\/p>\n                                                                            <p class=\"link-text\">Es ideal para unidades m\u00f3viles en condiciones exigentes que necesitan kits forenses robustos y autosuficientes que sean flexibles, r\u00e1pidos de usar y f\u00e1ciles de conectar a los ordenadores de la sede central o remotos. MSAB Field es la versi\u00f3n reforzada de MSAB Office. Se suministra con un ordenador Toughbook.<\/p>\n                                                                        <i class=\"far fa-arrow-right\"><\/i><\/span>\n                                                            <\/div>\n                        <\/a><!--\/card-->\n                    <\/div><!--\/col-->\n\n                \n                    <div class=\"card-col\">\n                        <a href=\"https:\/\/www.msab.com\/es\/products\/platforms\/#kiosk\" class=\"card card-style-2\" title=\"MSAB Kiosk\" >\n                                                            <div class=\"img-wrapper\">\n                                    <img decoding=\"async\" width=\"600\" height=\"400\" src=\"https:\/\/www.msab.com\/wp-content\/uploads\/2025\/01\/MSAB_Kiosk_Selection_Block_Frontline_2-1.jpg\" class=\"attachment-full size-full\" alt=\"\" srcset=\"https:\/\/www.msab.com\/wp-content\/uploads\/2025\/01\/MSAB_Kiosk_Selection_Block_Frontline_2-1.jpg 600w, https:\/\/www.msab.com\/wp-content\/uploads\/2025\/01\/MSAB_Kiosk_Selection_Block_Frontline_2-1-300x200.jpg 300w, https:\/\/www.msab.com\/wp-content\/uploads\/2025\/01\/MSAB_Kiosk_Selection_Block_Frontline_2-1-33x22.jpg 33w, https:\/\/www.msab.com\/wp-content\/uploads\/2025\/01\/MSAB_Kiosk_Selection_Block_Frontline_2-1-102x68.jpg 102w, https:\/\/www.msab.com\/wp-content\/uploads\/2025\/01\/MSAB_Kiosk_Selection_Block_Frontline_2-1-500x333.jpg 500w\" sizes=\"(max-width: 600px) 100vw, 600px\" \/>                                <\/div>\n                                                        <div class=\"link-text-wrapper\">\n                                                                    <p class=\"link-title\">MSAB Kiosk<\/p>\n                                                                            <p class=\"link-text\">Una potente soluci\u00f3n integral para realizar extracciones r\u00e1pidas en un entorno controlado. MSAB Kiosk permite a las organizaciones descentralizar sus operaciones con datos forenses m\u00f3viles y escalar su capacidad de extracci\u00f3n cuando les permite a los usuarios con una formaci\u00f3n m\u00ednima procesar muchos dispositivos desde una ubicaci\u00f3n fija.\r\n<\/p>\n                                                                        <i class=\"far fa-arrow-right\"><\/i><\/span>\n                                                            <\/div>\n                        <\/a><!--\/card-->\n                    <\/div><!--\/col-->\n\n                \n                    <div class=\"card-col\">\n                        <a href=\"https:\/\/www.msab.com\/es\/products\/platforms\/#tablet\" class=\"card card-style-2\" title=\"MSAB Tablet\" >\n                                                            <div class=\"img-wrapper\">\n                                    <img decoding=\"async\" width=\"600\" height=\"400\" src=\"https:\/\/www.msab.com\/wp-content\/uploads\/2021\/10\/MSAB_Tablet_Selection_Block_Frontline.jpg\" class=\"attachment-full size-full\" alt=\"\" srcset=\"https:\/\/www.msab.com\/wp-content\/uploads\/2021\/10\/MSAB_Tablet_Selection_Block_Frontline.jpg 600w, https:\/\/www.msab.com\/wp-content\/uploads\/2021\/10\/MSAB_Tablet_Selection_Block_Frontline-300x200.jpg 300w, https:\/\/www.msab.com\/wp-content\/uploads\/2021\/10\/MSAB_Tablet_Selection_Block_Frontline-33x22.jpg 33w, https:\/\/www.msab.com\/wp-content\/uploads\/2021\/10\/MSAB_Tablet_Selection_Block_Frontline-102x68.jpg 102w, https:\/\/www.msab.com\/wp-content\/uploads\/2021\/10\/MSAB_Tablet_Selection_Block_Frontline-500x333.jpg 500w\" sizes=\"(max-width: 600px) 100vw, 600px\" \/>                                <\/div>\n                                                        <div class=\"link-text-wrapper\">\n                                                                    <p class=\"link-title\">MSAB Tablet<\/p>\n                                                                            <p class=\"link-text\">Una soluci\u00f3n port\u00e1til y ligera dise\u00f1ada para extraer y recuperar datos r\u00e1pidamente. Gracias a su facilidad de uso, MSAB Tablet ofrece control sobre un proceso forense simplificado a los usuarios de primera l\u00ednea en un entorno cerrado, lo que garantiza la integridad y credibilidad de la evidencia forense.\r\n<\/p>\n                                                                        <i class=\"far fa-arrow-right\"><\/i><\/span>\n                                                            <\/div>\n                        <\/a><!--\/card-->\n                    <\/div><!--\/col-->\n\n                            <\/div><!--\/card-wrap-->\n            <\/div><!--\/container-->\n<\/section>\n\n<section id=\"\" class=\"block text-image-columns bg-light-grey \">\n    <div class=\"container\">\n        <div class=\"row img-right\">\n\n            <div class=\"text-col col-12 col-md-6 d-flex flex-wrap justify-content-center align-items-center\">\n\n                                <div class=\"editor-content\">\n                    <h2 style=\"margin-top: 0in;\">MSAB Kiosk: una potente herramienta con mayor velocidad de extracci\u00f3n<\/h2>\n<p>MSAB Kiosk ofrece la potencia probada del software para datos forenses m\u00f3viles XRY a trav\u00e9s de un terminal integral de pantalla t\u00e1ctil que requiere una formaci\u00f3n m\u00ednima para su uso eficaz.<br \/>\nEst\u00e1 dise\u00f1ado para los investigadores digitales de campo y otros usuarios de primera l\u00ednea para los que la recuperaci\u00f3n de datos m\u00f3viles es solo una parte de sus responsabilidades, y les permite realizar r\u00e1pidamente extracciones y an\u00e1lisis de dispositivos m\u00f3viles con \u00e9xito y de manera coherente.<\/p>\n<p><a class=\"btn btn-primary\" href=\"https:\/\/www.msab.com\/es\/products\/platforms\/#kiosk\" target=\"_blank\" rel=\"noopener\">M\u00e1s informaci\u00f3n<\/a><\/p>\n                <\/div><!--\/.editor-content-->\n                \n            <\/div><!--\/.text-col-->\n\n            <div class=\"img-col col-12 col-md-6 d-flex flex-wrap justify-content-center align-items-center\">\n                \n                                <div class=\"img-wrap grad\">\n                    <img decoding=\"async\" width=\"800\" height=\"555\" src=\"https:\/\/www.msab.com\/wp-content\/uploads\/2025\/02\/Kiosk_Mk4.jpg\" class=\"attachment-full size-full\" alt=\"\" srcset=\"https:\/\/www.msab.com\/wp-content\/uploads\/2025\/02\/Kiosk_Mk4.jpg 800w, https:\/\/www.msab.com\/wp-content\/uploads\/2025\/02\/Kiosk_Mk4-300x208.jpg 300w, https:\/\/www.msab.com\/wp-content\/uploads\/2025\/02\/Kiosk_Mk4-768x533.jpg 768w, https:\/\/www.msab.com\/wp-content\/uploads\/2025\/02\/Kiosk_Mk4-33x23.jpg 33w, https:\/\/www.msab.com\/wp-content\/uploads\/2025\/02\/Kiosk_Mk4-102x71.jpg 102w, https:\/\/www.msab.com\/wp-content\/uploads\/2025\/02\/Kiosk_Mk4-500x347.jpg 500w\" sizes=\"(max-width: 800px) 100vw, 800px\" \/>                <\/div><!--\/.img-wrap-->\n                \n            <\/div><!--\/.img-col-->\n\n        <\/div><!--\/.row-->\n    <\/div><!--\/.container-->\n<\/section>\n\n\n    <style>\n                    #block_617ecffaf7dcb {\n                background-image: url(https:\/\/www.msab.com\/wp-content\/uploads\/2021\/10\/Training-hero.jpg);\n            }\n                            @media (max-width: 576px) {\n                #block_617ecffaf7dcb {\n                    background-image: url(https:\/\/www.msab.com\/wp-content\/uploads\/2021\/10\/Training-hero.jpg);\n                }\n            }\n            <\/style>\n\n<section id=\"block_617ecffaf7dcb\" class=\"block cta-with-bg-img text-white left-layout bg-overlay \">\n    <div class=\"container\" id=\"\">\n                    <div class=\"text-wrapper\">\n                <h2>Una formaci\u00f3n en datos forenses m\u00f3viles insuperable<\/h2>\n<p>Garantice la calidad de su trabajo, adquiera nuevas habilidades y mejore sus credenciales profesionales con nuestra formaci\u00f3n en investigaci\u00f3n forense de datos m\u00f3viles.<\/p>\n<p><a class=\"btn btn-primary\" style=\"color: #000000;\" href=\"https:\/\/www.msab.com\/training-overview\/\" target=\"_blank\" rel=\"noopener\">Cursos de recuperaci\u00f3n de datos<\/a><\/p>\n<p><a class=\"btn btn-primary\" style=\"color: #000000;\" href=\"https:\/\/www.msab.com\/training-overview\/\" target=\"_blank\" rel=\"noopener\"><strong>Cursos de an\u00e1lisis de datos<\/a><\/p>\n            <\/div>\n            <\/div><!--\/container-->\n<\/section>","protected":false},"excerpt":{"rendered":"","protected":false},"author":11,"featured_media":0,"parent":73477,"menu_order":0,"comment_status":"closed","ping_status":"closed","template":"","meta":{"_acf_changed":false,"footnotes":""},"class_list":["post-73469","page","type-page","status-publish","hentry"],"acf":[],"yoast_head":"<!-- This site is optimized with the Yoast SEO Premium plugin v25.0 (Yoast SEO v27.4) - https:\/\/yoast.com\/product\/yoast-seo-premium-wordpress\/ -->\n<title>Personal de primera l\u00ednea - MSAB<\/title>\n<meta name=\"robots\" content=\"index, follow, max-snippet:-1, max-image-preview:large, max-video-preview:-1\" \/>\n<link rel=\"canonical\" href=\"https:\/\/www.msab.com\/es\/roles\/personal-de-primera-linea\/\" \/>\n<meta property=\"og:locale\" content=\"es_ES\" \/>\n<meta property=\"og:type\" content=\"article\" \/>\n<meta property=\"og:title\" content=\"Personal de primera l\u00ednea\" \/>\n<meta property=\"og:url\" content=\"https:\/\/www.msab.com\/es\/roles\/personal-de-primera-linea\/\" \/>\n<meta property=\"og:site_name\" content=\"MSAB\" \/>\n<meta property=\"article:publisher\" content=\"https:\/\/www.facebook.com\/microsystemation\" \/>\n<meta property=\"article:modified_time\" content=\"2025-09-23T08:47:58+00:00\" \/>\n<meta name=\"twitter:card\" content=\"summary_large_image\" \/>\n<meta name=\"twitter:site\" content=\"@MSAB_XRY\" \/>\n<meta name=\"twitter:label1\" content=\"Tiempo de lectura\" \/>\n\t<meta name=\"twitter:data1\" content=\"4 minutos\" \/>\n<script type=\"application\/ld+json\" class=\"yoast-schema-graph\">{\"@context\":\"https:\\\/\\\/schema.org\",\"@graph\":[{\"@type\":\"WebPage\",\"@id\":\"https:\\\/\\\/www.msab.com\\\/es\\\/roles\\\/personal-de-primera-linea\\\/\",\"url\":\"https:\\\/\\\/www.msab.com\\\/es\\\/roles\\\/personal-de-primera-linea\\\/\",\"name\":\"Personal de primera l\u00ednea - MSAB\",\"isPartOf\":{\"@id\":\"https:\\\/\\\/www.msab.com\\\/es\\\/#website\"},\"datePublished\":\"2025-02-02T09:03:24+00:00\",\"dateModified\":\"2025-09-23T08:47:58+00:00\",\"breadcrumb\":{\"@id\":\"https:\\\/\\\/www.msab.com\\\/es\\\/roles\\\/personal-de-primera-linea\\\/#breadcrumb\"},\"inLanguage\":\"es\",\"potentialAction\":[{\"@type\":\"ReadAction\",\"target\":[\"https:\\\/\\\/www.msab.com\\\/es\\\/roles\\\/personal-de-primera-linea\\\/\"]}]},{\"@type\":\"BreadcrumbList\",\"@id\":\"https:\\\/\\\/www.msab.com\\\/es\\\/roles\\\/personal-de-primera-linea\\\/#breadcrumb\",\"itemListElement\":[{\"@type\":\"ListItem\",\"position\":1,\"name\":\"\",\"item\":\"https:\\\/\\\/www.msab.com\\\/es\\\/\"},{\"@type\":\"ListItem\",\"position\":2,\"name\":\"Roles\",\"item\":\"https:\\\/\\\/www.msab.com\\\/es\\\/roles\\\/\"},{\"@type\":\"ListItem\",\"position\":3,\"name\":\"Personal de primera l\u00ednea\"}]},{\"@type\":\"WebSite\",\"@id\":\"https:\\\/\\\/www.msab.com\\\/es\\\/#website\",\"url\":\"https:\\\/\\\/www.msab.com\\\/es\\\/\",\"name\":\"MSAB\",\"description\":\"Trusted Partner in Digital Forensics\",\"publisher\":{\"@id\":\"https:\\\/\\\/www.msab.com\\\/es\\\/#organization\"},\"potentialAction\":[{\"@type\":\"SearchAction\",\"target\":{\"@type\":\"EntryPoint\",\"urlTemplate\":\"https:\\\/\\\/www.msab.com\\\/es\\\/?s={search_term_string}\"},\"query-input\":{\"@type\":\"PropertyValueSpecification\",\"valueRequired\":true,\"valueName\":\"search_term_string\"}}],\"inLanguage\":\"es\"},{\"@type\":\"Organization\",\"@id\":\"https:\\\/\\\/www.msab.com\\\/es\\\/#organization\",\"name\":\"MSAB\",\"url\":\"https:\\\/\\\/www.msab.com\\\/es\\\/\",\"logo\":{\"@type\":\"ImageObject\",\"inLanguage\":\"es\",\"@id\":\"https:\\\/\\\/www.msab.com\\\/es\\\/#\\\/schema\\\/logo\\\/image\\\/\",\"url\":\"https:\\\/\\\/www.msab.com\\\/wp-content\\\/uploads\\\/2023\\\/03\\\/MSAB-logo-Black-RGB.png\",\"contentUrl\":\"https:\\\/\\\/www.msab.com\\\/wp-content\\\/uploads\\\/2023\\\/03\\\/MSAB-logo-Black-RGB.png\",\"width\":1198,\"height\":353,\"caption\":\"MSAB\"},\"image\":{\"@id\":\"https:\\\/\\\/www.msab.com\\\/es\\\/#\\\/schema\\\/logo\\\/image\\\/\"},\"sameAs\":[\"https:\\\/\\\/www.facebook.com\\\/microsystemation\",\"https:\\\/\\\/x.com\\\/MSAB_XRY\",\"https:\\\/\\\/www.linkedin.com\\\/company\\\/micro-systemation\"]}]}<\/script>\n<!-- \/ Yoast SEO Premium plugin. -->","yoast_head_json":{"title":"Personal de primera l\u00ednea - MSAB","robots":{"index":"index","follow":"follow","max-snippet":"max-snippet:-1","max-image-preview":"max-image-preview:large","max-video-preview":"max-video-preview:-1"},"canonical":"https:\/\/www.msab.com\/es\/roles\/personal-de-primera-linea\/","og_locale":"es_ES","og_type":"article","og_title":"Personal de primera l\u00ednea","og_url":"https:\/\/www.msab.com\/es\/roles\/personal-de-primera-linea\/","og_site_name":"MSAB","article_publisher":"https:\/\/www.facebook.com\/microsystemation","article_modified_time":"2025-09-23T08:47:58+00:00","twitter_card":"summary_large_image","twitter_site":"@MSAB_XRY","twitter_misc":{"Tiempo de lectura":"4 minutos"},"schema":{"@context":"https:\/\/schema.org","@graph":[{"@type":"WebPage","@id":"https:\/\/www.msab.com\/es\/roles\/personal-de-primera-linea\/","url":"https:\/\/www.msab.com\/es\/roles\/personal-de-primera-linea\/","name":"Personal de primera l\u00ednea - MSAB","isPartOf":{"@id":"https:\/\/www.msab.com\/es\/#website"},"datePublished":"2025-02-02T09:03:24+00:00","dateModified":"2025-09-23T08:47:58+00:00","breadcrumb":{"@id":"https:\/\/www.msab.com\/es\/roles\/personal-de-primera-linea\/#breadcrumb"},"inLanguage":"es","potentialAction":[{"@type":"ReadAction","target":["https:\/\/www.msab.com\/es\/roles\/personal-de-primera-linea\/"]}]},{"@type":"BreadcrumbList","@id":"https:\/\/www.msab.com\/es\/roles\/personal-de-primera-linea\/#breadcrumb","itemListElement":[{"@type":"ListItem","position":1,"name":"","item":"https:\/\/www.msab.com\/es\/"},{"@type":"ListItem","position":2,"name":"Roles","item":"https:\/\/www.msab.com\/es\/roles\/"},{"@type":"ListItem","position":3,"name":"Personal de primera l\u00ednea"}]},{"@type":"WebSite","@id":"https:\/\/www.msab.com\/es\/#website","url":"https:\/\/www.msab.com\/es\/","name":"MSAB","description":"Trusted Partner in Digital Forensics","publisher":{"@id":"https:\/\/www.msab.com\/es\/#organization"},"potentialAction":[{"@type":"SearchAction","target":{"@type":"EntryPoint","urlTemplate":"https:\/\/www.msab.com\/es\/?s={search_term_string}"},"query-input":{"@type":"PropertyValueSpecification","valueRequired":true,"valueName":"search_term_string"}}],"inLanguage":"es"},{"@type":"Organization","@id":"https:\/\/www.msab.com\/es\/#organization","name":"MSAB","url":"https:\/\/www.msab.com\/es\/","logo":{"@type":"ImageObject","inLanguage":"es","@id":"https:\/\/www.msab.com\/es\/#\/schema\/logo\/image\/","url":"https:\/\/www.msab.com\/wp-content\/uploads\/2023\/03\/MSAB-logo-Black-RGB.png","contentUrl":"https:\/\/www.msab.com\/wp-content\/uploads\/2023\/03\/MSAB-logo-Black-RGB.png","width":1198,"height":353,"caption":"MSAB"},"image":{"@id":"https:\/\/www.msab.com\/es\/#\/schema\/logo\/image\/"},"sameAs":["https:\/\/www.facebook.com\/microsystemation","https:\/\/x.com\/MSAB_XRY","https:\/\/www.linkedin.com\/company\/micro-systemation"]}]}},"_links":{"self":[{"href":"https:\/\/www.msab.com\/es\/wp-json\/wp\/v2\/pages\/73469","targetHints":{"allow":["GET"]}}],"collection":[{"href":"https:\/\/www.msab.com\/es\/wp-json\/wp\/v2\/pages"}],"about":[{"href":"https:\/\/www.msab.com\/es\/wp-json\/wp\/v2\/types\/page"}],"author":[{"embeddable":true,"href":"https:\/\/www.msab.com\/es\/wp-json\/wp\/v2\/users\/11"}],"replies":[{"embeddable":true,"href":"https:\/\/www.msab.com\/es\/wp-json\/wp\/v2\/comments?post=73469"}],"version-history":[{"count":3,"href":"https:\/\/www.msab.com\/es\/wp-json\/wp\/v2\/pages\/73469\/revisions"}],"predecessor-version":[{"id":609714,"href":"https:\/\/www.msab.com\/es\/wp-json\/wp\/v2\/pages\/73469\/revisions\/609714"}],"up":[{"embeddable":true,"href":"https:\/\/www.msab.com\/es\/wp-json\/wp\/v2\/pages\/73477"}],"wp:attachment":[{"href":"https:\/\/www.msab.com\/es\/wp-json\/wp\/v2\/media?parent=73469"}],"curies":[{"name":"wp","href":"https:\/\/api.w.org\/{rel}","templated":true}]}}