{"id":4952,"date":"2021-10-11T14:11:22","date_gmt":"2021-10-11T12:11:22","guid":{"rendered":"http:\/\/www.msab.com\/?page_id=4952"},"modified":"2021-10-19T09:01:51","modified_gmt":"2021-10-19T07:01:51","slug":"are-there-any-court-approved-mobile-forensic-tools","status":"publish","type":"page","link":"https:\/\/www.msab.com\/es\/are-there-any-court-approved-mobile-forensic-tools\/","title":{"rendered":"Are there any court-approved mobile forensic tools?"},"content":{"rendered":"\n<section id=\"\" class=\"block regular-hero  blue-gradient-bg \" >\n    <div class=\"container\">\n\n        <div class=\"text-wrapper text-white\">\n            <h1 class=\"heading title\">\u00bfExiste alguna herramienta forense m\u00f3vil \u201caprobada para el uso ante un tribunal\u201d?<\/h1>            \n                    <\/div><!--\/text-wrapper-->\n        <div class=\"breadcrumb-part dark\"><nav id=\"breadcrumbs\" class=\"bread-nav\"><span><span><a href=\"https:\/\/www.msab.com\/es\/\"><i class=\"fas fa-home\"><\/i><\/a><\/span><\/span><\/nav><\/div>    <\/div><!--\/container-->\n<\/section>\n\n\n\n\n<section id=\"\" class=\"block regular-content   pt-regular pb-regular \">\n    <div class=\"container regular\">\n                    <div class=\"editor-content\">\n                <p>No existe ning\u00fan dispositivo forense m\u00f3vil \u201caprobado para el uso ante un tribunal\u201d o una certificaci\u00f3n de herramienta forense est\u00e1ndar aplicable a todos los distintos sistemas legales del mundo. En general, una herramienta forense debe demostrar que es adecuada para cada prop\u00f3sito en cada pa\u00eds, estado o sistema legal local independiente donde se utiliza. MSAB ha facilitado m\u00e1s de 21 000 versiones de XRY a organizaciones de clientes en m\u00e1s de 100 pa\u00edses del mundo. Miles de organizaciones de todo el mundo conf\u00edan en nuestras herramientas para la presentaci\u00f3n de pruebas de dispositivos m\u00f3viles y desde 2003 los organismos de orden p\u00fablico las han utilizado en innumerables ocasiones como pruebas en procesos penales. Si bien el dispositivo m\u00f3vil en s\u00ed mismo contin\u00faa siendo la prueba \u201cprincipal\u201d como fuente original de los datos en procesos judiciales, en la vasta mayor\u00eda de los casos se prefiere el informe XRY porque facilita la presentaci\u00f3n y comprensi\u00f3n de las pruebas relevantes para el tribunal. En muchos pa\u00edses, los gobiernos tienen entidades jur\u00eddicas independientes, que pueden encargarse de probar dispositivos, verificar su precisi\u00f3n y validar su uso. El Instituto Nacional de Normas y Tecnolog\u00eda (NIST) de Estados Unidos es un buen ejemplo. El NIST realiza pruebas peri\u00f3dicas y proporciona evaluaciones independientes objetivas de XRY y otras tecnolog\u00edas forenses m\u00f3viles para ayudar a los organismos de orden p\u00fablico y a los tribunales a evaluar los distintos productos. En un gran n\u00famero de pa\u00edses, las normas sobre pruebas tambi\u00e9n establecen que una persona que presenta pruebas forenses digitales debe ser competente para hacerlo, lo que generalmente significa que deber\u00edan haber recibido la formaci\u00f3n adecuada para poder presentar pruebas explicando la relevancia e implicaciones de sus acciones. Las buenas pr\u00e1cticas tambi\u00e9n indican que se debe crear una pista de auditor\u00eda para registrar todos los procesos aplicados al dispositivo m\u00f3vil (que XRY genera autom\u00e1ticamente para usted). Esto permitir\u00eda a un tercero independiente examinar esos procesos y alcanzar el mismo resultado.<\/p>\n<h3>Directrices para pruebas electr\u00f3nicas<\/h3>\n<p>Si bien no existe un est\u00e1ndar global \u00fanico, el Reino Unido ha redactado una \u00fatil gu\u00eda sobre c\u00f3mo validar herramientas forenses y los principios clave a seguir, la Gu\u00eda de buenas pr\u00e1cticas de ACPO para pruebas digitales.<\/p>\n<p>XRY es totalmente compatible con los principios clave de este documento:<\/p>\n<p><strong>Principio 1<\/strong><br \/>\nNinguna medida adoptada por los organismos de orden p\u00fablicos, los empleados de estos organismos o sus agentes modificar\u00e1 los datos que posteriormente constituir\u00e1n pruebas fiables ante un tribunal.<\/p>\n<p><strong>Principio 2<\/strong><br \/>\nEn circunstancias en que una persona considere necesario acceder a los datos originales, esa persona debe ser competente para hacerlo y poder presentar pruebas que expliquen la relevancia e implicaciones de sus acciones.<\/p>\n<p><strong>Principio 3<\/strong><br \/>\nEs necesario crear y conservar una pista de auditor\u00eda u otro registro de todos los procesos aplicados a las pruebas digitales. Una tercera parte independiente debe poder examinar esos procesos y alcanzar el mismo resultado.<\/p>\n<p><strong>Principio 4<\/strong><br \/>\nEl responsable de la investigaci\u00f3n tiene la obligaci\u00f3n general de garantizar el cumplimiento de la ley y de estos principios.<\/p>\n<p>Resulta dif\u00edcil cumplir el principio 1 cuando se trata de dispositivos m\u00f3viles. Dado que los tel\u00e9fonos m\u00f3viles tienden a ser dispositivos integrados patentados, en cuanto encendemos el m\u00f3vil este comienza a alterar su estado digital, por lo que en el caso de los tel\u00e9fonos m\u00f3viles tendemos a dirigirnos al Principio 2. El Principio 2 resulta cr\u00edtico cuando se trata de dispositivos m\u00f3viles y estipula que el usuario debe recibir formaci\u00f3n si desea usar el informe XRY como prueba ante un tribunal. XRY se utiliza diariamente ante tribunales de todo el mundo y, aunque MSAB hace todo lo posible para garantizar su acceso a un producto con los est\u00e1ndares m\u00e1s elevados en materia de pruebas forenses digitales, es imperativo que los investigadores comprendan plenamente la informaci\u00f3n que presentan en los tribunales de justicia. En este aspecto, es fundamental tener la capacidad de presentar y explicar el informe XRY como prueba. El tribunal basar\u00e1 gran parte de su evaluaci\u00f3n en la solidez de la explicaci\u00f3n de las pruebas por parte del investigador. Los cursos de formaci\u00f3n en certificaci\u00f3n de XRY son esenciales para ayudar a los investigadores y analistas a tener confianza en la presentaci\u00f3n de pruebas y a facilitar pruebas documentales de competencia en el an\u00e1lisis forense de dispositivos m\u00f3viles con XRY. XRY cumple f\u00e1cilmente con el Principio 3 al facilitar un archivo detallado de \u201cRegistro de auditor\u00eda\u201d, generado en cada informe XRY para mostrar exactamente c\u00f3mo se recopilaron los datos. Esto significa que una parte independiente puede seguir los mismos pasos indicados en el archivo de registro para reproducir los mismos resultados, incluso despu\u00e9s de que haya transcurrido un tiempo considerable desde el examen inicial. El Principio 4 est\u00e1 ideado generalmente para que el fiscal asegure una supervisi\u00f3n adecuada, hecho que queda fuera del alcance de los requisitos de las herramientas forenses.<\/p>\n<h3>Tel\u00e9fonos y aplicaciones<\/h3>\n<p>Como fabricante de herramientas forenses digitales, MSAB se asegura de realizar pruebas exhaustivas propias por cada perfil de dispositivo y aplicaci\u00f3n compatible. Un componente clave es repetir las pruebas antes de cualquier nueva versi\u00f3n para garantizar que podamos validar y verificar la informaci\u00f3n que genera XRY. Administramos una completa biblioteca de cada dispositivo digital compatible con MSAB. Si alguna vez necesita asistencia t\u00e9cnica para un dispositivo m\u00f3vil, podemos configurar una r\u00e9plica exacta de su sistema y probar el tel\u00e9fono exacto en nuestras oficinas para verificar sus resultados.<\/p>\n<h3>ISO 17025<\/h3>\n<p>Otra norma aplicable a los laboratorios forenses digitales es ISO\/IEC 17025: 2005. Al utilizar el Reino Unido como punto de referencia de los est\u00e1ndares sobre pruebas, existe un conjunto de pautas detalladas por el Regulador de Ciencias Forenses. Estas establecen que el proveedor de ciencia forense digital debe cumplir los C\u00f3digos de pr\u00e1ctica y conducta para proveedores y profesionales de ciencias forenses del sistema judicial penal y debe estar acreditado conforme a ISO\/IEC 17025: 2005 para cualquier funci\u00f3n de laboratorio (como la recuperaci\u00f3n u obtenci\u00f3n de im\u00e1genes de datos electr\u00f3nicos). Lamentablemente, para MSAB no es posible ayudar a las distintas organizaciones a t\u00edtulo individual a alcanzar su propio estado ISO 17025, ya que es un componente vital del proceso de acreditaci\u00f3n que la organizaci\u00f3n que presenta pruebas digitales realiza sus propias pruebas independientes. Sin embargo, podemos confirmar que muchos de nuestros clientes han logrado alcanzar el estado ISO 17025 en sus laboratorios forenses digitales, al tiempo que utilizan XRY como su herramienta principal para la recuperaci\u00f3n de pruebas forenses digitales de dispositivos m\u00f3viles.<\/p>\n<h3>Idoneidad ante un tribunal<\/h3>\n<p>En un juicio, los abogados defensores tienen derecho a impugnar pruebas, hecho que, evidentemente, tambi\u00e9n es aplicable a los informes de XRY. XRY se ha visto cuestionado en numerosas ocasiones en tribunales penales de todo el mundo, pero no tenemos conocimiento de una sola ocasi\u00f3n en la que se hayan descartado las pruebas XRY por falta de fiabilidad o dudas sobre la integridad forense del sistema. Por ese motivo, creemos que XRY resulta id\u00f3neo y aceptable como prueba ante un tribunal de justicia. En general, las preguntas sobre la validez de nuestras herramientas se formulan con mayor frecuencia en los primeros d\u00edas de la adopci\u00f3n del producto, cuando los usuarios no est\u00e1n familiarizados o no comprenden plenamente la tecnolog\u00eda. A medida que los tribunales se familiarizan con la presentaci\u00f3n de pruebas digitales de dispositivos m\u00f3viles, el n\u00famero de preguntas tienden a reducirse. En la mayor\u00eda de los pa\u00edses, es perfectamente leg\u00edtimo presentar el informe XRY como elemento de prueba. Estas se presenta, mayormente, en forma de \u201cexposici\u00f3n\u201d generada por alguien (normalmente el examinador del tel\u00e9fono) como declaraci\u00f3n jurada de un testigo. La declaraci\u00f3n y la exposici\u00f3n se presentan m\u00e1s adelante como pruebas ante el tribunal, que las acepta. La declaraci\u00f3n del testigo debe detallar c\u00f3mo examin\u00f3 el tel\u00e9fono, ofrecer pruebas de la competencia del examinador y presentar despu\u00e9s fundamentalmente el informe XRY como prueba. El formato real del informe XRY puede adoptar la forma de un documento impreso, un documento electr\u00f3nico (por ejemplo, PDF) o el informe XRY original presentado en un PC. M\u00e1s recientemente, debido al importante volumen de datos y archivos multimedia contenidos en los tel\u00e9fonos inteligentes modernos, resulta preferible mostrar XRY en su formato nativo para reproducir grabaciones de audio o v\u00eddeo ante los tribunales. Por lo general, los tribunales locales determinan qu\u00e9 formato multimedia prefieren recibir como prueba. Sin embargo, dado que los tel\u00e9fonos inteligentes contienen Gigabytes de datos, presentar pruebas en papel se est\u00e1 convirtiendo en una imposibilidad pr\u00e1ctica, ya que estos informes a menudo pueden exceder las 10 000 p\u00e1ginas. Las normas sobre mejores pruebas sugieren validar siempre los informes forenses. Esto se puede hacer comparando manualmente el tel\u00e9fono con el informe XRY para verificar los contenidos o, m\u00e1s frecuentemente, con \u201cherramientas dobles\u201d mediante las que se utiliza otro producto forense para validar los resultados del informe XRY. En \u00faltima instancia, solo los tribunales penales pueden tomar decisiones sobre si aceptar o no las pruebas digitales en cada caso, de forma individual. Por lo tanto, no existen herramientas forenses m\u00f3viles aprobadas por los tribunales, pero esta gu\u00eda ayudar\u00e1 al tribunal a tomar una decisi\u00f3n informada sobre si aceptar o no las pruebas presentadas.<\/p>\n<p><strong><br \/>\nSi desea m\u00e1s informaci\u00f3n acerca de XRY, visite: <\/strong><a href=\"#\">msab.com\/products\/XRY<\/a><\/p>\n            <\/div><!--\/.editor-content-->\n                    <\/div><!--\/.container-->\n<\/section><!--\/.regular-content-->","protected":false},"excerpt":{"rendered":"","protected":false},"author":106,"featured_media":0,"parent":0,"menu_order":0,"comment_status":"closed","ping_status":"closed","template":"","meta":{"_acf_changed":false,"footnotes":""},"class_list":["post-4952","page","type-page","status-publish","hentry"],"acf":[],"yoast_head":"<!-- This site is optimized with the Yoast SEO Premium plugin v25.0 (Yoast SEO v27.4) - https:\/\/yoast.com\/product\/yoast-seo-premium-wordpress\/ -->\n<title>Are there any court-approved mobile forensic tools? - MSAB<\/title>\n<meta name=\"robots\" content=\"index, follow, max-snippet:-1, max-image-preview:large, max-video-preview:-1\" \/>\n<link rel=\"canonical\" href=\"https:\/\/www.msab.com\/es\/are-there-any-court-approved-mobile-forensic-tools\/\" \/>\n<meta property=\"og:locale\" content=\"es_ES\" \/>\n<meta property=\"og:type\" content=\"article\" \/>\n<meta property=\"og:title\" content=\"Are there any court-approved mobile forensic tools?\" \/>\n<meta property=\"og:url\" content=\"https:\/\/www.msab.com\/es\/are-there-any-court-approved-mobile-forensic-tools\/\" \/>\n<meta property=\"og:site_name\" content=\"MSAB\" \/>\n<meta property=\"article:publisher\" content=\"https:\/\/www.facebook.com\/microsystemation\" \/>\n<meta property=\"article:modified_time\" content=\"2021-10-19T07:01:51+00:00\" \/>\n<meta name=\"twitter:card\" content=\"summary_large_image\" \/>\n<meta name=\"twitter:site\" content=\"@MSAB_XRY\" \/>\n<script type=\"application\/ld+json\" class=\"yoast-schema-graph\">{\"@context\":\"https:\\\/\\\/schema.org\",\"@graph\":[{\"@type\":\"WebPage\",\"@id\":\"https:\\\/\\\/www.msab.com\\\/es\\\/are-there-any-court-approved-mobile-forensic-tools\\\/\",\"url\":\"https:\\\/\\\/www.msab.com\\\/es\\\/are-there-any-court-approved-mobile-forensic-tools\\\/\",\"name\":\"Are there any court-approved mobile forensic tools? - MSAB\",\"isPartOf\":{\"@id\":\"https:\\\/\\\/www.msab.com\\\/es\\\/#website\"},\"datePublished\":\"2021-10-11T12:11:22+00:00\",\"dateModified\":\"2021-10-19T07:01:51+00:00\",\"breadcrumb\":{\"@id\":\"https:\\\/\\\/www.msab.com\\\/es\\\/are-there-any-court-approved-mobile-forensic-tools\\\/#breadcrumb\"},\"inLanguage\":\"es\",\"potentialAction\":[{\"@type\":\"ReadAction\",\"target\":[\"https:\\\/\\\/www.msab.com\\\/es\\\/are-there-any-court-approved-mobile-forensic-tools\\\/\"]}]},{\"@type\":\"BreadcrumbList\",\"@id\":\"https:\\\/\\\/www.msab.com\\\/es\\\/are-there-any-court-approved-mobile-forensic-tools\\\/#breadcrumb\",\"itemListElement\":[{\"@type\":\"ListItem\",\"position\":1,\"name\":\"\",\"item\":\"https:\\\/\\\/www.msab.com\\\/es\\\/\"},{\"@type\":\"ListItem\",\"position\":2,\"name\":\"Are there any court-approved mobile forensic tools?\"}]},{\"@type\":\"WebSite\",\"@id\":\"https:\\\/\\\/www.msab.com\\\/es\\\/#website\",\"url\":\"https:\\\/\\\/www.msab.com\\\/es\\\/\",\"name\":\"MSAB\",\"description\":\"Trusted Partner in Digital Forensics\",\"publisher\":{\"@id\":\"https:\\\/\\\/www.msab.com\\\/es\\\/#organization\"},\"potentialAction\":[{\"@type\":\"SearchAction\",\"target\":{\"@type\":\"EntryPoint\",\"urlTemplate\":\"https:\\\/\\\/www.msab.com\\\/es\\\/?s={search_term_string}\"},\"query-input\":{\"@type\":\"PropertyValueSpecification\",\"valueRequired\":true,\"valueName\":\"search_term_string\"}}],\"inLanguage\":\"es\"},{\"@type\":\"Organization\",\"@id\":\"https:\\\/\\\/www.msab.com\\\/es\\\/#organization\",\"name\":\"MSAB\",\"url\":\"https:\\\/\\\/www.msab.com\\\/es\\\/\",\"logo\":{\"@type\":\"ImageObject\",\"inLanguage\":\"es\",\"@id\":\"https:\\\/\\\/www.msab.com\\\/es\\\/#\\\/schema\\\/logo\\\/image\\\/\",\"url\":\"https:\\\/\\\/www.msab.com\\\/wp-content\\\/uploads\\\/2023\\\/03\\\/MSAB-logo-Black-RGB.png\",\"contentUrl\":\"https:\\\/\\\/www.msab.com\\\/wp-content\\\/uploads\\\/2023\\\/03\\\/MSAB-logo-Black-RGB.png\",\"width\":1198,\"height\":353,\"caption\":\"MSAB\"},\"image\":{\"@id\":\"https:\\\/\\\/www.msab.com\\\/es\\\/#\\\/schema\\\/logo\\\/image\\\/\"},\"sameAs\":[\"https:\\\/\\\/www.facebook.com\\\/microsystemation\",\"https:\\\/\\\/x.com\\\/MSAB_XRY\",\"https:\\\/\\\/www.linkedin.com\\\/company\\\/micro-systemation\"]}]}<\/script>\n<!-- \/ Yoast SEO Premium plugin. -->","yoast_head_json":{"title":"Are there any court-approved mobile forensic tools? - MSAB","robots":{"index":"index","follow":"follow","max-snippet":"max-snippet:-1","max-image-preview":"max-image-preview:large","max-video-preview":"max-video-preview:-1"},"canonical":"https:\/\/www.msab.com\/es\/are-there-any-court-approved-mobile-forensic-tools\/","og_locale":"es_ES","og_type":"article","og_title":"Are there any court-approved mobile forensic tools?","og_url":"https:\/\/www.msab.com\/es\/are-there-any-court-approved-mobile-forensic-tools\/","og_site_name":"MSAB","article_publisher":"https:\/\/www.facebook.com\/microsystemation","article_modified_time":"2021-10-19T07:01:51+00:00","twitter_card":"summary_large_image","twitter_site":"@MSAB_XRY","schema":{"@context":"https:\/\/schema.org","@graph":[{"@type":"WebPage","@id":"https:\/\/www.msab.com\/es\/are-there-any-court-approved-mobile-forensic-tools\/","url":"https:\/\/www.msab.com\/es\/are-there-any-court-approved-mobile-forensic-tools\/","name":"Are there any court-approved mobile forensic tools? - MSAB","isPartOf":{"@id":"https:\/\/www.msab.com\/es\/#website"},"datePublished":"2021-10-11T12:11:22+00:00","dateModified":"2021-10-19T07:01:51+00:00","breadcrumb":{"@id":"https:\/\/www.msab.com\/es\/are-there-any-court-approved-mobile-forensic-tools\/#breadcrumb"},"inLanguage":"es","potentialAction":[{"@type":"ReadAction","target":["https:\/\/www.msab.com\/es\/are-there-any-court-approved-mobile-forensic-tools\/"]}]},{"@type":"BreadcrumbList","@id":"https:\/\/www.msab.com\/es\/are-there-any-court-approved-mobile-forensic-tools\/#breadcrumb","itemListElement":[{"@type":"ListItem","position":1,"name":"","item":"https:\/\/www.msab.com\/es\/"},{"@type":"ListItem","position":2,"name":"Are there any court-approved mobile forensic tools?"}]},{"@type":"WebSite","@id":"https:\/\/www.msab.com\/es\/#website","url":"https:\/\/www.msab.com\/es\/","name":"MSAB","description":"Trusted Partner in Digital Forensics","publisher":{"@id":"https:\/\/www.msab.com\/es\/#organization"},"potentialAction":[{"@type":"SearchAction","target":{"@type":"EntryPoint","urlTemplate":"https:\/\/www.msab.com\/es\/?s={search_term_string}"},"query-input":{"@type":"PropertyValueSpecification","valueRequired":true,"valueName":"search_term_string"}}],"inLanguage":"es"},{"@type":"Organization","@id":"https:\/\/www.msab.com\/es\/#organization","name":"MSAB","url":"https:\/\/www.msab.com\/es\/","logo":{"@type":"ImageObject","inLanguage":"es","@id":"https:\/\/www.msab.com\/es\/#\/schema\/logo\/image\/","url":"https:\/\/www.msab.com\/wp-content\/uploads\/2023\/03\/MSAB-logo-Black-RGB.png","contentUrl":"https:\/\/www.msab.com\/wp-content\/uploads\/2023\/03\/MSAB-logo-Black-RGB.png","width":1198,"height":353,"caption":"MSAB"},"image":{"@id":"https:\/\/www.msab.com\/es\/#\/schema\/logo\/image\/"},"sameAs":["https:\/\/www.facebook.com\/microsystemation","https:\/\/x.com\/MSAB_XRY","https:\/\/www.linkedin.com\/company\/micro-systemation"]}]}},"_links":{"self":[{"href":"https:\/\/www.msab.com\/es\/wp-json\/wp\/v2\/pages\/4952","targetHints":{"allow":["GET"]}}],"collection":[{"href":"https:\/\/www.msab.com\/es\/wp-json\/wp\/v2\/pages"}],"about":[{"href":"https:\/\/www.msab.com\/es\/wp-json\/wp\/v2\/types\/page"}],"author":[{"embeddable":true,"href":"https:\/\/www.msab.com\/es\/wp-json\/wp\/v2\/users\/106"}],"replies":[{"embeddable":true,"href":"https:\/\/www.msab.com\/es\/wp-json\/wp\/v2\/comments?post=4952"}],"version-history":[{"count":0,"href":"https:\/\/www.msab.com\/es\/wp-json\/wp\/v2\/pages\/4952\/revisions"}],"wp:attachment":[{"href":"https:\/\/www.msab.com\/es\/wp-json\/wp\/v2\/media?parent=4952"}],"curies":[{"name":"wp","href":"https:\/\/api.w.org\/{rel}","templated":true}]}}