{"id":199508,"date":"2021-10-30T21:21:56","date_gmt":"2021-10-30T19:21:56","guid":{"rendered":"https:\/\/www.msab.com\/?page_id=199508"},"modified":"2024-08-15T14:10:55","modified_gmt":"2024-08-15T12:10:55","slug":"ediscovery","status":"publish","type":"page","link":"https:\/\/www.msab.com\/es\/industries\/ediscovery\/","title":{"rendered":"eDiscovery"},"content":{"rendered":"\n<section id=\"\" class=\"block regular-hero  has-bg-img ovarlay-dark\" style=\"background-image: url(https:\/\/www.msab.com\/wp-content\/uploads\/2024\/08\/e-discovery-msab-1.jpg);\">\n    <div class=\"container\">\n\n        <div class=\"text-wrapper text-white\">\n            <h1 class=\"heading title\">Soluciones forenses m\u00f3viles para eDiscovery<\/h1>            \n                    <\/div><!--\/text-wrapper-->\n        <div class=\"breadcrumb-part dark\"><nav id=\"breadcrumbs\" class=\"bread-nav\"><span><span><a href=\"https:\/\/www.msab.com\/es\/\"><i class=\"fas fa-home\"><\/i><\/a><\/span><\/span><\/nav><\/div>    <\/div><!--\/container-->\n<\/section>\n\n\n\n\n<section id=\"\" class=\"block two-column-content bg-white \">\n    <div class=\"container\">\n        <div class=\"text-wrapper\">\n            <div class=\"row\">\n                                    <div class=\"col-12 col-md-6 col-lg-5\">\n                        <h2 class=\"heading h2\">Acceda a todas las fuentes de datos pertinentes, incluidos los datos de dispositivos m\u00f3viles, cuando trate un caso.<\/h2>                    <\/div>\n                                                    <div class=\"col-12 col-md-6 col-lg-7\">\n                        <p>En el mundo digital actual, los datos de dispositivos m\u00f3viles son omnipresentes, por lo que la posibilidad de obtener abundantes pruebas digitales de un dispositivo m\u00f3vil es inevitable.<\/p>\n<p>El software de MSAB le proporciona XRY para extraer los datos, ofreciendo ventajas de funciones como la extracci\u00f3n selectiva hasta el an\u00e1lisis sin fisuras mediante XAMN.<\/p>\n<p>Simplifique su proceso de revisi\u00f3n de litigios civiles exportando los datos de dispositivos m\u00f3viles a un formato creado para eDiscovery. Esto ayuda a su equipo jur\u00eddico a revisar, buscar y llevar a cabo investigaciones con facilidad.<\/p>\n<p>A medida que la importancia de las pruebas digitales extra\u00eddas de dispositivos m\u00f3viles sigue creciendo en el \u00e1mbito del eDiscovery, Relativity Export de MSAB le permite explorar y evaluar exhaustivamente el contenido obtenido de dispositivos m\u00f3viles directamente en su herramienta de eDiscovery.<\/p>\n<p><a class=\"btn btn-primary\" href=\"https:\/\/www.msab.com\/es\/contact\/\">Primeros pasos<\/a><\/p>\n                    <\/div>\n                            <\/div><!--\/row-->\n        <\/div><!--\/text-wrapper-->\n    <\/div><!--\/container-->\n<\/section>\n\n\n<section id=\"\" class=\"block video-block bg-light-grey \">\n    <div class=\"container\">\n                    <div class=\"editor-content left\">\n                <h2><span class=\"VIiyi\" lang=\"es\"><span class=\"JLqJ4b ChMk0b\" data-language-for-alternatives=\"es\" data-language-to-translate-into=\"en\" data-phrase-index=\"0\" data-number-of-phrases=\"1\"><span class=\"Q4iAWc\">MSAB: su socio de confianza en an\u00e1lisis forense m\u00f3vil<\/span><\/span><\/span><\/h2>\n<p><span class=\"style-scope yt-formatted-string\" dir=\"auto\">MSAB asume la responsabilidad de apoyar a nuestros clientes con las mejores soluciones posibles para an\u00e1lisis forense m\u00f3vil. Esto significa que tambi\u00e9n debemos mantenernos a la vanguardia del juego; con nuestros productos y servicios, con nuestra visi\u00f3n y energ\u00eda, con nuestra gente y c\u00f3mo hacemos las cosas. Somos los pioneros de nuestra industria.<\/span><\/p>\n            <\/div><!--\/.editor-content-->\n                            <div class=\"video\">\n                <a class=\"video--link d-block\" data-fancybox data-src=\"https:\/\/youtu.be\/kHTQPJfqSts\" title=\"Click to view video\">\n                    <img decoding=\"async\" width=\"1091\" height=\"508\" src=\"https:\/\/www.msab.com\/wp-content\/uploads\/2024\/08\/Thumbnail-film-MSAB-.jpg\" class=\"video--cover\" alt=\"\" srcset=\"https:\/\/www.msab.com\/wp-content\/uploads\/2024\/08\/Thumbnail-film-MSAB-.jpg 1091w, https:\/\/www.msab.com\/wp-content\/uploads\/2024\/08\/Thumbnail-film-MSAB--300x140.jpg 300w, https:\/\/www.msab.com\/wp-content\/uploads\/2024\/08\/Thumbnail-film-MSAB--1024x477.jpg 1024w, https:\/\/www.msab.com\/wp-content\/uploads\/2024\/08\/Thumbnail-film-MSAB--768x358.jpg 768w, https:\/\/www.msab.com\/wp-content\/uploads\/2024\/08\/Thumbnail-film-MSAB--33x15.jpg 33w, https:\/\/www.msab.com\/wp-content\/uploads\/2024\/08\/Thumbnail-film-MSAB--102x47.jpg 102w, https:\/\/www.msab.com\/wp-content\/uploads\/2024\/08\/Thumbnail-film-MSAB--500x233.jpg 500w\" sizes=\"(max-width: 1091px) 100vw, 1091px\" \/>                <\/a>\n            <\/div><!--\/.video-->\n            <\/div><!--\/.container-->\n<\/section>\n\n\n<section id=\"\" class=\"block product-cards bg-white \">\n    <div class=\"container\">\n\n         \n        <div class=\"title-wrap\">\n            <h3>Dotar a los distintos organismos de soluciones de an\u00e1lisis forense m\u00f3vil<\/h3>\n        <\/div><!--\/.title-wrap-->\n                \n                <div class=\"product-cards__container d-flex flex-wrap\">\n\n                        <div class=\"product-cards__wrap\">\n                <div class=\"product-cards__card d-flex flex-wrap flex-column bg-img text-white\">\n                                                <div class=\"product-cards__card-img-wrapper\">\n                                <img decoding=\"async\" width=\"2560\" height=\"1707\" src=\"https:\/\/www.msab.com\/wp-content\/uploads\/2021\/08\/XRY_Extract_2-scaled.jpg\" class=\"product-cards__card-img\" alt=\"Man extracting data from a cell phone using XRY\" srcset=\"https:\/\/www.msab.com\/wp-content\/uploads\/2021\/08\/XRY_Extract_2-scaled.jpg 2560w, https:\/\/www.msab.com\/wp-content\/uploads\/2021\/08\/XRY_Extract_2-300x200.jpg 300w, https:\/\/www.msab.com\/wp-content\/uploads\/2021\/08\/XRY_Extract_2-1024x683.jpg 1024w, https:\/\/www.msab.com\/wp-content\/uploads\/2021\/08\/XRY_Extract_2-768x512.jpg 768w, https:\/\/www.msab.com\/wp-content\/uploads\/2021\/08\/XRY_Extract_2-1536x1024.jpg 1536w, https:\/\/www.msab.com\/wp-content\/uploads\/2021\/08\/XRY_Extract_2-2048x1365.jpg 2048w, https:\/\/www.msab.com\/wp-content\/uploads\/2021\/08\/XRY_Extract_2-33x22.jpg 33w, https:\/\/www.msab.com\/wp-content\/uploads\/2021\/08\/XRY_Extract_2-102x68.jpg 102w, https:\/\/www.msab.com\/wp-content\/uploads\/2021\/08\/XRY_Extract_2-1240x827.jpg 1240w\" sizes=\"(max-width: 2560px) 100vw, 2560px\" \/>                            <\/div>\n                                                <div class=\"product-cards__content-wrapper\">\n                        <h3 class=\"bold\">Extraer<\/h3><p>Recupere m\u00e1s datos de forma m\u00e1s r\u00e1pida y sencilla con XRY.\r\n\r\nExtraiga y decodifique m\u00e1s datos forenses digitales de dispositivos m\u00f3viles actuales en menos tiempo y con total integridad, garantizando as\u00ed su admisi\u00f3n en los tribunales.\r\n<\/p><a class=\"btn btn-outline-yellow\" href=\"https:\/\/www.msab.com\/es\/productos\/xry-extract\/\" title=\"Extraer\" >Conocer m\u00e1s<\/a>                        <\/div>\n                <\/div><!--\/.card-->\n            <\/div><!--\/.card-wrap-->\n                        <div class=\"product-cards__wrap\">\n                <div class=\"product-cards__card d-flex flex-wrap flex-column bg-img text-white\">\n                                                <div class=\"product-cards__card-img-wrapper\">\n                                <img decoding=\"async\" width=\"2560\" height=\"1707\" src=\"https:\/\/www.msab.com\/wp-content\/uploads\/2021\/09\/XAMN_1_2021-1-scaled-e1635931473458.jpg\" class=\"product-cards__card-img\" alt=\"\" \/>                            <\/div>\n                                                <div class=\"product-cards__content-wrapper\">\n                        <h3 class=\"bold\">Analizar<\/h3><p>Encuentre informaci\u00f3n y pruebas cr\u00edticas con XAMN.\r\n\r\nBusque, filtre, revise, visualice y analice cientos de gigabytes de datos m\u00f3viles de modo eficiente para utilizarlos en un entorno judicial.\r\n<\/p><a class=\"btn btn-outline-yellow\" href=\"https:\/\/www.msab.com\/es\/productos\/analyze\/\" title=\"Analizar\" >Conocer m\u00e1s<\/a>                        <\/div>\n                <\/div><!--\/.card-->\n            <\/div><!--\/.card-wrap-->\n                        <div class=\"product-cards__wrap\">\n                <div class=\"product-cards__card d-flex flex-wrap flex-column bg-img text-white\">\n                                                <div class=\"product-cards__card-img-wrapper\">\n                                <img decoding=\"async\" width=\"2560\" height=\"1707\" src=\"https:\/\/www.msab.com\/wp-content\/uploads\/2021\/09\/XEC_Manage_3-scaled.jpg\" class=\"product-cards__card-img\" alt=\"\" srcset=\"https:\/\/www.msab.com\/wp-content\/uploads\/2021\/09\/XEC_Manage_3-scaled.jpg 2560w, https:\/\/www.msab.com\/wp-content\/uploads\/2021\/09\/XEC_Manage_3-300x200.jpg 300w, https:\/\/www.msab.com\/wp-content\/uploads\/2021\/09\/XEC_Manage_3-1024x683.jpg 1024w, https:\/\/www.msab.com\/wp-content\/uploads\/2021\/09\/XEC_Manage_3-768x512.jpg 768w, https:\/\/www.msab.com\/wp-content\/uploads\/2021\/09\/XEC_Manage_3-1536x1024.jpg 1536w, https:\/\/www.msab.com\/wp-content\/uploads\/2021\/09\/XEC_Manage_3-2048x1365.jpg 2048w, https:\/\/www.msab.com\/wp-content\/uploads\/2021\/09\/XEC_Manage_3-33x22.jpg 33w, https:\/\/www.msab.com\/wp-content\/uploads\/2021\/09\/XEC_Manage_3-102x68.jpg 102w, https:\/\/www.msab.com\/wp-content\/uploads\/2021\/09\/XEC_Manage_3-1240x827.jpg 1240w\" sizes=\"(max-width: 2560px) 100vw, 2560px\" \/>                            <\/div>\n                                                <div class=\"product-cards__content-wrapper\">\n                        <h3 class=\"bold\">Gestionar<\/h3><p>Conserve el control y agilice sus operaciones con XEC.\r\n\r\nGestione an\u00e1lisis forenses m\u00f3viles, mejore el rendimiento de su equipo, actualice instant\u00e1neamente el software forense, supervise y elabore informes sobre las operaciones.\r\n<\/p><a class=\"btn btn-outline-yellow\" href=\"https:\/\/www.msab.com\/es\/productos\/xec-manage\/\" title=\"Gestionar\" >Conocer m\u00e1s<\/a>                        <\/div>\n                <\/div><!--\/.card-->\n            <\/div><!--\/.card-wrap-->\n                        \n        <\/div><!--\/.card-container-->\n\n                        <div class=\"button-wrap text-center\">\n            <a class=\"btn btn-primary\" href=\"https:\/\/www.msab.com\/es\/products\/\" title=\"Ver todos los productos \" >Ver todos los productos <\/a>\n        <\/div>\n            <\/div><!--\/.container-->\n<\/section>\n\n<section id=\"\" class=\"block text-image-columns bg-light-grey \">\n    <div class=\"container\">\n        <div class=\"row img-right\">\n\n            <div class=\"text-col col-12 col-md-6 d-flex flex-wrap justify-content-center align-items-center\">\n\n                                <div class=\"editor-content\">\n                    <h2>Recupere m\u00e1s datos de m\u00e1s dispositivos de forma m\u00e1s segura y en menos tiempo<\/h2>\n<p>Nuestro software de an\u00e1lisis forense digital es compatible con m\u00e1s de 30.000 app y modelos de dispositivos m\u00f3viles diferentes, incluyendo tel\u00e9fonos m\u00f3viles, sistemas de informaci\u00f3n de veh\u00edculos, dispositivos IoT, GPS, etc.<\/p>\n                <\/div><!--\/.editor-content-->\n                \n            <\/div><!--\/.text-col-->\n\n            <div class=\"img-col col-12 col-md-6 d-flex flex-wrap justify-content-center align-items-center\">\n                \n                                <div class=\"img-wrap grad\">\n                    <img decoding=\"async\" width=\"750\" height=\"500\" src=\"https:\/\/www.msab.com\/wp-content\/uploads\/2021\/10\/Frontline_MSAB_Field_Phone_Extraction_S.jpg\" class=\"attachment-full size-full\" alt=\"\" srcset=\"https:\/\/www.msab.com\/wp-content\/uploads\/2021\/10\/Frontline_MSAB_Field_Phone_Extraction_S.jpg 750w, https:\/\/www.msab.com\/wp-content\/uploads\/2021\/10\/Frontline_MSAB_Field_Phone_Extraction_S-300x200.jpg 300w, https:\/\/www.msab.com\/wp-content\/uploads\/2021\/10\/Frontline_MSAB_Field_Phone_Extraction_S-33x22.jpg 33w, https:\/\/www.msab.com\/wp-content\/uploads\/2021\/10\/Frontline_MSAB_Field_Phone_Extraction_S-102x68.jpg 102w, https:\/\/www.msab.com\/wp-content\/uploads\/2021\/10\/Frontline_MSAB_Field_Phone_Extraction_S-500x333.jpg 500w\" sizes=\"(max-width: 750px) 100vw, 750px\" \/>                <\/div><!--\/.img-wrap-->\n                \n            <\/div><!--\/.img-col-->\n\n        <\/div><!--\/.row-->\n    <\/div><!--\/.container-->\n<\/section>\n\n<section id=\"\" class=\"block link-cards bg-white \">\n    <div class=\"container\">\n                    <div class=\"text-wrapper text-center\">\n                <h2><span lang=\"EN-US\">Potenciando el eDiscovery con las mejores soluciones forenses digitales <\/span><\/h2>\n<p>Los datos de dispositivos m\u00f3viles siguen creciendo en el campo del eDiscovery, podemos ayudar a su organizaci\u00f3n y permitirle explorar y evaluar a fondo el contenido procedente de dispositivos m\u00f3viles.<\/p>\n            <\/div>\n                            <div class=\"card-wrap d-flex justify-content-center \">\n                \n                    <div class=\"card-col\">\n                        <a href=\"https:\/\/www.msab.com\/platforms\/#office\" class=\"card card-style-2\" title=\"MSAB Office\" >\n                                                            <div class=\"img-wrapper\">\n                                    <img decoding=\"async\" width=\"600\" height=\"400\" src=\"https:\/\/www.msab.com\/wp-content\/uploads\/2021\/10\/MSAB_Office_Selection_Block_Frontline.jpg\" class=\"attachment-full size-full\" alt=\"\" srcset=\"https:\/\/www.msab.com\/wp-content\/uploads\/2021\/10\/MSAB_Office_Selection_Block_Frontline.jpg 600w, https:\/\/www.msab.com\/wp-content\/uploads\/2021\/10\/MSAB_Office_Selection_Block_Frontline-300x200.jpg 300w, https:\/\/www.msab.com\/wp-content\/uploads\/2021\/10\/MSAB_Office_Selection_Block_Frontline-33x22.jpg 33w, https:\/\/www.msab.com\/wp-content\/uploads\/2021\/10\/MSAB_Office_Selection_Block_Frontline-102x68.jpg 102w, https:\/\/www.msab.com\/wp-content\/uploads\/2021\/10\/MSAB_Office_Selection_Block_Frontline-500x333.jpg 500w\" sizes=\"(max-width: 600px) 100vw, 600px\" \/>                                <\/div>\n                                                        <div class=\"link-text-wrapper\">\n                                                                    <p class=\"link-title\">MSAB Office<\/p>\n                                                                            <p class=\"link-text\">El paquete integral de software de an\u00e1lisis forense digital de MSAB que podr\u00e1 instalar en cualquier ordenador con Windows. MSAB Office est\u00e1 dise\u00f1ado para permitir a los investigadores acceder a todos los m\u00e9todos posibles para recuperar m\u00e1s datos de los dispositivos m\u00f3viles en menos tiempo, con total integridad y flexibilidad. <\/p>\n                                                                        <i class=\"far fa-arrow-right\"><\/i><\/span>\n                                                            <\/div>\n                        <\/a><!--\/card-->\n                    <\/div><!--\/col-->\n\n                \n                    <div class=\"card-col\">\n                        <a href=\"https:\/\/www.msab.com\/platforms\/#field\" class=\"card card-style-2\" title=\"MSAB Field\" >\n                                                            <div class=\"img-wrapper\">\n                                    <img decoding=\"async\" width=\"600\" height=\"400\" src=\"https:\/\/www.msab.com\/wp-content\/uploads\/2021\/10\/MSAB_Field_Selection_Block_Frontline.jpg\" class=\"attachment-full size-full\" alt=\"\" srcset=\"https:\/\/www.msab.com\/wp-content\/uploads\/2021\/10\/MSAB_Field_Selection_Block_Frontline.jpg 600w, https:\/\/www.msab.com\/wp-content\/uploads\/2021\/10\/MSAB_Field_Selection_Block_Frontline-300x200.jpg 300w, https:\/\/www.msab.com\/wp-content\/uploads\/2021\/10\/MSAB_Field_Selection_Block_Frontline-33x22.jpg 33w, https:\/\/www.msab.com\/wp-content\/uploads\/2021\/10\/MSAB_Field_Selection_Block_Frontline-102x68.jpg 102w, https:\/\/www.msab.com\/wp-content\/uploads\/2021\/10\/MSAB_Field_Selection_Block_Frontline-500x333.jpg 500w\" sizes=\"(max-width: 600px) 100vw, 600px\" \/>                                <\/div>\n                                                        <div class=\"link-text-wrapper\">\n                                                                    <p class=\"link-title\">MSAB Field<\/p>\n                                                                            <p class=\"link-text\">Id\u00f3neos para unidades m\u00f3viles en situaciones exigentes que a menudo requieren equipos forenses port\u00e1tiles resistentes y autosuficientes, flexibles, r\u00e1pidos de usar y f\u00e1ciles de conectar a ordenadores centrales o remotos. MSAB Field es la versi\u00f3n reforzada de MSAB Office. Se suministra con un ordenador Toughbook.<\/p>\n                                                                        <i class=\"far fa-arrow-right\"><\/i><\/span>\n                                                            <\/div>\n                        <\/a><!--\/card-->\n                    <\/div><!--\/col-->\n\n                \n                    <div class=\"card-col\">\n                        <a href=\"https:\/\/www.msab.com\/platforms\/#tablet\" class=\"card card-style-2\" title=\"MSAB Tablet\" >\n                                                            <div class=\"img-wrapper\">\n                                    <img decoding=\"async\" width=\"600\" height=\"400\" src=\"https:\/\/www.msab.com\/wp-content\/uploads\/2021\/10\/MSAB_Tablet_Selection_Block_Frontline.jpg\" class=\"attachment-full size-full\" alt=\"\" srcset=\"https:\/\/www.msab.com\/wp-content\/uploads\/2021\/10\/MSAB_Tablet_Selection_Block_Frontline.jpg 600w, https:\/\/www.msab.com\/wp-content\/uploads\/2021\/10\/MSAB_Tablet_Selection_Block_Frontline-300x200.jpg 300w, https:\/\/www.msab.com\/wp-content\/uploads\/2021\/10\/MSAB_Tablet_Selection_Block_Frontline-33x22.jpg 33w, https:\/\/www.msab.com\/wp-content\/uploads\/2021\/10\/MSAB_Tablet_Selection_Block_Frontline-102x68.jpg 102w, https:\/\/www.msab.com\/wp-content\/uploads\/2021\/10\/MSAB_Tablet_Selection_Block_Frontline-500x333.jpg 500w\" sizes=\"(max-width: 600px) 100vw, 600px\" \/>                                <\/div>\n                                                        <div class=\"link-text-wrapper\">\n                                                                    <p class=\"link-title\">MSAB Tablet<\/p>\n                                                                            <p class=\"link-text\">Una soluci\u00f3n port\u00e1til ligera dise\u00f1ada para extraer y recuperar datos r\u00e1pidamente. Gracias a su facilidad de uso, la MSAB Tablet ofrece el control sobre un proceso forense simplificado a usuarios de primera l\u00ednea en un entorno cerrado para garantizar la integridad y credibilidad de las pruebas forenses.<\/p>\n                                                                        <i class=\"far fa-arrow-right\"><\/i><\/span>\n                                                            <\/div>\n                        <\/a><!--\/card-->\n                    <\/div><!--\/col-->\n\n                            <\/div><!--\/card-wrap-->\n            <\/div><!--\/container-->\n<\/section>","protected":false},"excerpt":{"rendered":"","protected":false},"author":106,"featured_media":0,"parent":151705,"menu_order":0,"comment_status":"closed","ping_status":"closed","template":"","meta":{"_acf_changed":false,"footnotes":""},"class_list":["post-199508","page","type-page","status-publish","hentry"],"acf":[],"yoast_head":"<!-- This site is optimized with the Yoast SEO Premium plugin v25.0 (Yoast SEO v27.4) - https:\/\/yoast.com\/product\/yoast-seo-premium-wordpress\/ -->\n<title>eDiscovery - MSAB<\/title>\n<meta name=\"robots\" content=\"index, follow, max-snippet:-1, max-image-preview:large, max-video-preview:-1\" \/>\n<link rel=\"canonical\" href=\"https:\/\/www.msab.com\/es\/industries\/ediscovery\/\" \/>\n<meta property=\"og:locale\" content=\"es_ES\" \/>\n<meta property=\"og:type\" content=\"article\" \/>\n<meta property=\"og:title\" content=\"eDiscovery\" \/>\n<meta property=\"og:url\" content=\"https:\/\/www.msab.com\/es\/industries\/ediscovery\/\" \/>\n<meta property=\"og:site_name\" content=\"MSAB\" \/>\n<meta property=\"article:publisher\" content=\"https:\/\/www.facebook.com\/microsystemation\" \/>\n<meta property=\"article:modified_time\" content=\"2024-08-15T12:10:55+00:00\" \/>\n<meta name=\"twitter:card\" content=\"summary_large_image\" \/>\n<meta name=\"twitter:site\" content=\"@MSAB_XRY\" \/>\n<meta name=\"twitter:label1\" content=\"Tiempo de lectura\" \/>\n\t<meta name=\"twitter:data1\" content=\"3 minutos\" \/>\n<script type=\"application\/ld+json\" class=\"yoast-schema-graph\">{\"@context\":\"https:\\\/\\\/schema.org\",\"@graph\":[{\"@type\":\"WebPage\",\"@id\":\"https:\\\/\\\/www.msab.com\\\/es\\\/industries\\\/ediscovery\\\/\",\"url\":\"https:\\\/\\\/www.msab.com\\\/es\\\/industries\\\/ediscovery\\\/\",\"name\":\"eDiscovery - MSAB\",\"isPartOf\":{\"@id\":\"https:\\\/\\\/www.msab.com\\\/es\\\/#website\"},\"datePublished\":\"2021-10-30T19:21:56+00:00\",\"dateModified\":\"2024-08-15T12:10:55+00:00\",\"breadcrumb\":{\"@id\":\"https:\\\/\\\/www.msab.com\\\/es\\\/industries\\\/ediscovery\\\/#breadcrumb\"},\"inLanguage\":\"es\",\"potentialAction\":[{\"@type\":\"ReadAction\",\"target\":[\"https:\\\/\\\/www.msab.com\\\/es\\\/industries\\\/ediscovery\\\/\"]}]},{\"@type\":\"BreadcrumbList\",\"@id\":\"https:\\\/\\\/www.msab.com\\\/es\\\/industries\\\/ediscovery\\\/#breadcrumb\",\"itemListElement\":[{\"@type\":\"ListItem\",\"position\":1,\"name\":\"\",\"item\":\"https:\\\/\\\/www.msab.com\\\/es\\\/\"},{\"@type\":\"ListItem\",\"position\":2,\"name\":\"Industries\",\"item\":\"https:\\\/\\\/www.msab.com\\\/es\\\/industries\\\/\"},{\"@type\":\"ListItem\",\"position\":3,\"name\":\"eDiscovery\"}]},{\"@type\":\"WebSite\",\"@id\":\"https:\\\/\\\/www.msab.com\\\/es\\\/#website\",\"url\":\"https:\\\/\\\/www.msab.com\\\/es\\\/\",\"name\":\"MSAB\",\"description\":\"Trusted Partner in Digital Forensics\",\"publisher\":{\"@id\":\"https:\\\/\\\/www.msab.com\\\/es\\\/#organization\"},\"potentialAction\":[{\"@type\":\"SearchAction\",\"target\":{\"@type\":\"EntryPoint\",\"urlTemplate\":\"https:\\\/\\\/www.msab.com\\\/es\\\/?s={search_term_string}\"},\"query-input\":{\"@type\":\"PropertyValueSpecification\",\"valueRequired\":true,\"valueName\":\"search_term_string\"}}],\"inLanguage\":\"es\"},{\"@type\":\"Organization\",\"@id\":\"https:\\\/\\\/www.msab.com\\\/es\\\/#organization\",\"name\":\"MSAB\",\"url\":\"https:\\\/\\\/www.msab.com\\\/es\\\/\",\"logo\":{\"@type\":\"ImageObject\",\"inLanguage\":\"es\",\"@id\":\"https:\\\/\\\/www.msab.com\\\/es\\\/#\\\/schema\\\/logo\\\/image\\\/\",\"url\":\"https:\\\/\\\/www.msab.com\\\/wp-content\\\/uploads\\\/2023\\\/03\\\/MSAB-logo-Black-RGB.png\",\"contentUrl\":\"https:\\\/\\\/www.msab.com\\\/wp-content\\\/uploads\\\/2023\\\/03\\\/MSAB-logo-Black-RGB.png\",\"width\":1198,\"height\":353,\"caption\":\"MSAB\"},\"image\":{\"@id\":\"https:\\\/\\\/www.msab.com\\\/es\\\/#\\\/schema\\\/logo\\\/image\\\/\"},\"sameAs\":[\"https:\\\/\\\/www.facebook.com\\\/microsystemation\",\"https:\\\/\\\/x.com\\\/MSAB_XRY\",\"https:\\\/\\\/www.linkedin.com\\\/company\\\/micro-systemation\"]}]}<\/script>\n<!-- \/ Yoast SEO Premium plugin. -->","yoast_head_json":{"title":"eDiscovery - MSAB","robots":{"index":"index","follow":"follow","max-snippet":"max-snippet:-1","max-image-preview":"max-image-preview:large","max-video-preview":"max-video-preview:-1"},"canonical":"https:\/\/www.msab.com\/es\/industries\/ediscovery\/","og_locale":"es_ES","og_type":"article","og_title":"eDiscovery","og_url":"https:\/\/www.msab.com\/es\/industries\/ediscovery\/","og_site_name":"MSAB","article_publisher":"https:\/\/www.facebook.com\/microsystemation","article_modified_time":"2024-08-15T12:10:55+00:00","twitter_card":"summary_large_image","twitter_site":"@MSAB_XRY","twitter_misc":{"Tiempo de lectura":"3 minutos"},"schema":{"@context":"https:\/\/schema.org","@graph":[{"@type":"WebPage","@id":"https:\/\/www.msab.com\/es\/industries\/ediscovery\/","url":"https:\/\/www.msab.com\/es\/industries\/ediscovery\/","name":"eDiscovery - MSAB","isPartOf":{"@id":"https:\/\/www.msab.com\/es\/#website"},"datePublished":"2021-10-30T19:21:56+00:00","dateModified":"2024-08-15T12:10:55+00:00","breadcrumb":{"@id":"https:\/\/www.msab.com\/es\/industries\/ediscovery\/#breadcrumb"},"inLanguage":"es","potentialAction":[{"@type":"ReadAction","target":["https:\/\/www.msab.com\/es\/industries\/ediscovery\/"]}]},{"@type":"BreadcrumbList","@id":"https:\/\/www.msab.com\/es\/industries\/ediscovery\/#breadcrumb","itemListElement":[{"@type":"ListItem","position":1,"name":"","item":"https:\/\/www.msab.com\/es\/"},{"@type":"ListItem","position":2,"name":"Industries","item":"https:\/\/www.msab.com\/es\/industries\/"},{"@type":"ListItem","position":3,"name":"eDiscovery"}]},{"@type":"WebSite","@id":"https:\/\/www.msab.com\/es\/#website","url":"https:\/\/www.msab.com\/es\/","name":"MSAB","description":"Trusted Partner in Digital Forensics","publisher":{"@id":"https:\/\/www.msab.com\/es\/#organization"},"potentialAction":[{"@type":"SearchAction","target":{"@type":"EntryPoint","urlTemplate":"https:\/\/www.msab.com\/es\/?s={search_term_string}"},"query-input":{"@type":"PropertyValueSpecification","valueRequired":true,"valueName":"search_term_string"}}],"inLanguage":"es"},{"@type":"Organization","@id":"https:\/\/www.msab.com\/es\/#organization","name":"MSAB","url":"https:\/\/www.msab.com\/es\/","logo":{"@type":"ImageObject","inLanguage":"es","@id":"https:\/\/www.msab.com\/es\/#\/schema\/logo\/image\/","url":"https:\/\/www.msab.com\/wp-content\/uploads\/2023\/03\/MSAB-logo-Black-RGB.png","contentUrl":"https:\/\/www.msab.com\/wp-content\/uploads\/2023\/03\/MSAB-logo-Black-RGB.png","width":1198,"height":353,"caption":"MSAB"},"image":{"@id":"https:\/\/www.msab.com\/es\/#\/schema\/logo\/image\/"},"sameAs":["https:\/\/www.facebook.com\/microsystemation","https:\/\/x.com\/MSAB_XRY","https:\/\/www.linkedin.com\/company\/micro-systemation"]}]}},"_links":{"self":[{"href":"https:\/\/www.msab.com\/es\/wp-json\/wp\/v2\/pages\/199508","targetHints":{"allow":["GET"]}}],"collection":[{"href":"https:\/\/www.msab.com\/es\/wp-json\/wp\/v2\/pages"}],"about":[{"href":"https:\/\/www.msab.com\/es\/wp-json\/wp\/v2\/types\/page"}],"author":[{"embeddable":true,"href":"https:\/\/www.msab.com\/es\/wp-json\/wp\/v2\/users\/106"}],"replies":[{"embeddable":true,"href":"https:\/\/www.msab.com\/es\/wp-json\/wp\/v2\/comments?post=199508"}],"version-history":[{"count":7,"href":"https:\/\/www.msab.com\/es\/wp-json\/wp\/v2\/pages\/199508\/revisions"}],"predecessor-version":[{"id":200041,"href":"https:\/\/www.msab.com\/es\/wp-json\/wp\/v2\/pages\/199508\/revisions\/200041"}],"up":[{"embeddable":true,"href":"https:\/\/www.msab.com\/es\/wp-json\/wp\/v2\/pages\/151705"}],"wp:attachment":[{"href":"https:\/\/www.msab.com\/es\/wp-json\/wp\/v2\/media?parent=199508"}],"curies":[{"name":"wp","href":"https:\/\/api.w.org\/{rel}","templated":true}]}}