{"id":171101,"date":"2021-10-31T12:08:14","date_gmt":"2021-10-31T11:08:14","guid":{"rendered":"https:\/\/www.msab.com\/?page_id=171101"},"modified":"2022-10-24T23:17:47","modified_gmt":"2022-10-24T21:17:47","slug":"soluciones-y-servicios","status":"publish","type":"page","link":"https:\/\/www.msab.com\/es\/soluciones-y-servicios\/","title":{"rendered":"Soluciones y Servicios"},"content":{"rendered":"\n<section id=\"\" class=\"block regular-hero  has-bg-img ovarlay-dark\" style=\"background-image: url(https:\/\/www.msab.com\/wp-content\/uploads\/2021\/10\/Industries-hero_Alt.jpg);\">\n    <div class=\"container\">\n\n        <div class=\"text-wrapper text-white\">\n            <h1 class=\"heading title\">Agilice sus operaciones de an\u00e1lisis forense m\u00f3vil<\/h1>            \n                    <\/div><!--\/text-wrapper-->\n        <div class=\"breadcrumb-part dark\"><nav id=\"breadcrumbs\" class=\"bread-nav\"><span><span><a href=\"https:\/\/www.msab.com\/es\/\"><i class=\"fas fa-home\"><\/i><\/a><\/span><\/span><\/nav><\/div>    <\/div><!--\/container-->\n<\/section>\n\n\n\n<section id=\"\" class=\"block link-cards  \">\n    <div class=\"container\">\n                    <div class=\"text-wrapper text-center\">\n                <h2>Reconsidere su proceso &#8211; Descubra pruebas digitales en las que confiar<\/h2>\n<p>Tanto si forma parte de las fuerzas y cuerpos de seguridad, correccionales, control de fronteras, aduanas, el ej\u00e9rcito o un campo relacionado, le ofrecemos una combinaci\u00f3n personalizada de herramientas y servicios forenses m\u00f3viles para respaldar su misi\u00f3n.<\/p>\n<p>&nbsp;<\/p>\n            <\/div>\n                            <div class=\"card-wrap d-flex justify-content-center \">\n                \n                    <div class=\"card-col\">\n                        <a href=\"https:\/\/www.msab.com\/industries\/law-enforcement\/\" class=\"card card-style-2\" title=\"Fuerzas y cuerpos de seguridad\" target=\"_blank\">\n                                                            <div class=\"img-wrapper\">\n                                    <img decoding=\"async\" width=\"1200\" height=\"800\" src=\"https:\/\/www.msab.com\/wp-content\/uploads\/2021\/09\/20190321_MSAB_1_POLICE_0086_JPG.jpg\" class=\"attachment-full size-full\" alt=\"\" srcset=\"https:\/\/www.msab.com\/wp-content\/uploads\/2021\/09\/20190321_MSAB_1_POLICE_0086_JPG.jpg 1200w, https:\/\/www.msab.com\/wp-content\/uploads\/2021\/09\/20190321_MSAB_1_POLICE_0086_JPG-300x200.jpg 300w, https:\/\/www.msab.com\/wp-content\/uploads\/2021\/09\/20190321_MSAB_1_POLICE_0086_JPG-1024x683.jpg 1024w, https:\/\/www.msab.com\/wp-content\/uploads\/2021\/09\/20190321_MSAB_1_POLICE_0086_JPG-768x512.jpg 768w, https:\/\/www.msab.com\/wp-content\/uploads\/2021\/09\/20190321_MSAB_1_POLICE_0086_JPG-33x22.jpg 33w, https:\/\/www.msab.com\/wp-content\/uploads\/2021\/09\/20190321_MSAB_1_POLICE_0086_JPG-102x68.jpg 102w\" sizes=\"(max-width: 1200px) 100vw, 1200px\" \/>                                <\/div>\n                                                        <div class=\"link-text-wrapper\">\n                                                                    <p class=\"link-title\">Fuerzas y cuerpos de seguridad<\/p>\n                                                                            <p class=\"link-text\">Podemos ayudar a su organizaci\u00f3n a aprovechar todo el potencial de la ciencia forense m\u00f3vil y resolver m\u00e1s casos. Descubra c\u00f3mo desarrollar su estrategia y capacidades.\r\n<\/p>\n                                                                        <i class=\"far fa-arrow-right\"><\/i><\/span>\n                                                            <\/div>\n                        <\/a><!--\/card-->\n                    <\/div><!--\/col-->\n\n                \n                    <div class=\"card-col\">\n                        <a href=\"https:\/\/www.msab.com\/industries\/border-control\/\" class=\"card card-style-2\" title=\"Control de fronteras\" target=\"_blank\">\n                                                            <div class=\"img-wrapper\">\n                                    <img decoding=\"async\" width=\"1651\" height=\"1101\" src=\"https:\/\/www.msab.com\/wp-content\/uploads\/2021\/09\/20190321_MSAB_12_CUSTOMS-AIRPORT_2121.jpg\" class=\"attachment-full size-full\" alt=\"\" srcset=\"https:\/\/www.msab.com\/wp-content\/uploads\/2021\/09\/20190321_MSAB_12_CUSTOMS-AIRPORT_2121.jpg 1651w, https:\/\/www.msab.com\/wp-content\/uploads\/2021\/09\/20190321_MSAB_12_CUSTOMS-AIRPORT_2121-300x200.jpg 300w, https:\/\/www.msab.com\/wp-content\/uploads\/2021\/09\/20190321_MSAB_12_CUSTOMS-AIRPORT_2121-1024x683.jpg 1024w, https:\/\/www.msab.com\/wp-content\/uploads\/2021\/09\/20190321_MSAB_12_CUSTOMS-AIRPORT_2121-768x512.jpg 768w, https:\/\/www.msab.com\/wp-content\/uploads\/2021\/09\/20190321_MSAB_12_CUSTOMS-AIRPORT_2121-1536x1024.jpg 1536w, https:\/\/www.msab.com\/wp-content\/uploads\/2021\/09\/20190321_MSAB_12_CUSTOMS-AIRPORT_2121-33x22.jpg 33w, https:\/\/www.msab.com\/wp-content\/uploads\/2021\/09\/20190321_MSAB_12_CUSTOMS-AIRPORT_2121-102x68.jpg 102w, https:\/\/www.msab.com\/wp-content\/uploads\/2021\/09\/20190321_MSAB_12_CUSTOMS-AIRPORT_2121-1240x827.jpg 1240w\" sizes=\"(max-width: 1651px) 100vw, 1651px\" \/>                                <\/div>\n                                                        <div class=\"link-text-wrapper\">\n                                                                    <p class=\"link-title\">Control de fronteras<\/p>\n                                                                            <p class=\"link-text\">Los tel\u00e9fonos m\u00f3viles y otros dispositivos digitales suelen contener la respuesta a la identidad de sus propietarios. Ofrecemos seguridad fronteriza y aduanera con capacidades de control muy efectivas.\r\n<\/p>\n                                                                        <i class=\"far fa-arrow-right\"><\/i><\/span>\n                                                            <\/div>\n                        <\/a><!--\/card-->\n                    <\/div><!--\/col-->\n\n                \n                    <div class=\"card-col\">\n                        <a href=\"https:\/\/www.msab.com\/industries\/military\/\" class=\"card card-style-2\" title=\"Ej\u00e9rcito\" target=\"_blank\">\n                                                            <div class=\"img-wrapper\">\n                                    <img decoding=\"async\" width=\"8256\" height=\"5828\" src=\"https:\/\/www.msab.com\/wp-content\/uploads\/2021\/09\/20190321_MSAB_17_MILITARY_1657-scaled.jpg\" class=\"attachment-full size-full\" alt=\"\" \/>                                <\/div>\n                                                        <div class=\"link-text-wrapper\">\n                                                                    <p class=\"link-title\">Ej\u00e9rcito<\/p>\n                                                                            <p class=\"link-text\">Aproveche los datos de los dispositivos m\u00f3viles para lograr el \u00e9xito de la misi\u00f3n, tanto dentro como fuera del pa\u00eds, con nuestras herramientas de gran portabilidad y efectividad desarrolladas para organizaciones militares.\r\n<\/p>\n                                                                        <i class=\"far fa-arrow-right\"><\/i><\/span>\n                                                            <\/div>\n                        <\/a><!--\/card-->\n                    <\/div><!--\/col-->\n\n                \n                    <div class=\"card-col\">\n                        <a href=\"https:\/\/www.msab.com\/industries\/corrections\/\" class=\"card card-style-2\" title=\"Instituciones penitenciarias\" target=\"_blank\">\n                                                            <div class=\"img-wrapper\">\n                                    <img decoding=\"async\" width=\"1200\" height=\"800\" src=\"https:\/\/www.msab.com\/wp-content\/uploads\/2021\/09\/20190321_MSAB_14_CORRECTIONS_2338_JPG.jpg\" class=\"attachment-full size-full\" alt=\"\" srcset=\"https:\/\/www.msab.com\/wp-content\/uploads\/2021\/09\/20190321_MSAB_14_CORRECTIONS_2338_JPG.jpg 1200w, https:\/\/www.msab.com\/wp-content\/uploads\/2021\/09\/20190321_MSAB_14_CORRECTIONS_2338_JPG-300x200.jpg 300w, https:\/\/www.msab.com\/wp-content\/uploads\/2021\/09\/20190321_MSAB_14_CORRECTIONS_2338_JPG-1024x683.jpg 1024w, https:\/\/www.msab.com\/wp-content\/uploads\/2021\/09\/20190321_MSAB_14_CORRECTIONS_2338_JPG-768x512.jpg 768w, https:\/\/www.msab.com\/wp-content\/uploads\/2021\/09\/20190321_MSAB_14_CORRECTIONS_2338_JPG-33x22.jpg 33w, https:\/\/www.msab.com\/wp-content\/uploads\/2021\/09\/20190321_MSAB_14_CORRECTIONS_2338_JPG-102x68.jpg 102w\" sizes=\"(max-width: 1200px) 100vw, 1200px\" \/>                                <\/div>\n                                                        <div class=\"link-text-wrapper\">\n                                                                    <p class=\"link-title\">Instituciones penitenciarias<\/p>\n                                                                            <p class=\"link-text\">Los tel\u00e9fonos, drones y otros dispositivos de contrabando contienen pruebas cr\u00edticas. Permitimos a su organizaci\u00f3n acceder y emplear los datos que contienen para respaldar su misi\u00f3n.\r\n<\/p>\n                                                                        <i class=\"far fa-arrow-right\"><\/i><\/span>\n                                                            <\/div>\n                        <\/a><!--\/card-->\n                    <\/div><!--\/col-->\n\n                            <\/div><!--\/card-wrap-->\n            <\/div><!--\/container-->\n<\/section>\n\n\n<section id=\"\" class=\"block two-cards bg-blue-gradient \">\n    <div class=\"container\">\n                <div class=\"top-text editor-content left text-white\">\n            <h2><span lang=\"EN-US\">Lo importante es recuperar las pruebas digitales \u00f3ptimas.<\/span><\/h2>\n<p>MSAB ofrece soluciones de an\u00e1lisis forense m\u00f3vil de primer nivel para agilizar sus operaciones y permitirle adquirir y analizar f\u00e1cilmente pruebas e informaci\u00f3n de m\u00e1s dispositivos m\u00f3viles con mayor control y funcionalidad.<\/p>\n        <\/div>\n                <div class=\"two-cards__row d-flex\">\n                        <div class=\"two-cards__card-wrap\">\n\n                <div class=\"two-cards__card\">\n                                        <div class=\"two-cards__card--image-wrap\">\n                        <img decoding=\"async\" width=\"2560\" height=\"1707\" src=\"https:\/\/www.msab.com\/wp-content\/uploads\/2021\/08\/Frontline_Law_Enforcement_1_2021-2-scaled.jpg\" class=\"attachment-full size-full\" alt=\"\" srcset=\"https:\/\/www.msab.com\/wp-content\/uploads\/2021\/08\/Frontline_Law_Enforcement_1_2021-2-scaled.jpg 2560w, https:\/\/www.msab.com\/wp-content\/uploads\/2021\/08\/Frontline_Law_Enforcement_1_2021-2-300x200.jpg 300w, https:\/\/www.msab.com\/wp-content\/uploads\/2021\/08\/Frontline_Law_Enforcement_1_2021-2-1024x683.jpg 1024w, https:\/\/www.msab.com\/wp-content\/uploads\/2021\/08\/Frontline_Law_Enforcement_1_2021-2-768x512.jpg 768w, https:\/\/www.msab.com\/wp-content\/uploads\/2021\/08\/Frontline_Law_Enforcement_1_2021-2-1536x1024.jpg 1536w, https:\/\/www.msab.com\/wp-content\/uploads\/2021\/08\/Frontline_Law_Enforcement_1_2021-2-2048x1365.jpg 2048w, https:\/\/www.msab.com\/wp-content\/uploads\/2021\/08\/Frontline_Law_Enforcement_1_2021-2-33x22.jpg 33w, https:\/\/www.msab.com\/wp-content\/uploads\/2021\/08\/Frontline_Law_Enforcement_1_2021-2-102x68.jpg 102w, https:\/\/www.msab.com\/wp-content\/uploads\/2021\/08\/Frontline_Law_Enforcement_1_2021-2-1240x827.jpg 1240w\" sizes=\"(max-width: 2560px) 100vw, 2560px\" \/>                    <\/div><!--\/.two-cards__card--image-wrap-->\n                                        <div class=\"two-cards__card--content-wrap editor-content bg-white\">\n                                                <h4 class=\"two-cards__card--title\">Extracciones en primera l\u00ednea <\/h4>\n                                                <p class=\"two-cards__card--intro\">En MSAB conocemos los retos actuales a los que se enfrenta el personal de primera l\u00ednea en las primeras horas cr\u00edticas. Prima encontrar pruebas, indicios e informaci\u00f3n vital lo antes posible.\u00a0\u00a0\u00a0\u00a0\u00a0\u00a0\u00a0\u00a0\r\nPodemos ayudar.\r\n<\/p>\n                                                <p class=\"two-cards__card--link\"><a href=\"https:\/\/www.msab.com\/products\/platforms\/\" title=\"M\u00e1s informaci\u00f3n sobre las soluciones adecuadas para su equipo.\" target=\"_blank\" >M\u00e1s informaci\u00f3n sobre las soluciones adecuadas para su equipo.<\/a><\/p>\n                                            <\/div><!--\/.two-cards__card--content-wrap-->\n                <\/div><!--\/.two-cards__card-->\n\n            <\/div><!--\/.two-cards__card-wrap-->\n                        <div class=\"two-cards__card-wrap\">\n\n                <div class=\"two-cards__card\">\n                                        <div class=\"two-cards__card--image-wrap\">\n                        <img decoding=\"async\" width=\"2560\" height=\"1742\" src=\"https:\/\/www.msab.com\/wp-content\/uploads\/2021\/10\/Extract_XRY_Lab_1_2021_Cropped-scaled-e1731514818748.jpg\" class=\"attachment-full size-full\" alt=\"\" \/>                    <\/div><!--\/.two-cards__card--image-wrap-->\n                                        <div class=\"two-cards__card--content-wrap editor-content bg-white\">\n                                                <h4 class=\"two-cards__card--title\">Extracciones de laboratorio <\/h4>\n                                                <p class=\"two-cards__card--intro\">Los laboratorios forenses modernos precisan soluciones que puedan eludir los bloqueos de dispositivos, obtener c\u00f3digos de acceso, extraer y decodificar informaci\u00f3n y pruebas digitales de forma r\u00e1pida y con solidez forense.\r\nPodemos ayudar.\r\n<\/p>\n                                                <p class=\"two-cards__card--link\"><a href=\"https:\/\/www.msab.com\/product\/analyze\/\" title=\"M\u00e1s informaci\u00f3n sobre nuestra soluci\u00f3n digital de an\u00e1lisis forense. \" target=\"_blank\" >M\u00e1s informaci\u00f3n sobre nuestra soluci\u00f3n digital de an\u00e1lisis forense. <\/a><\/p>\n                                            <\/div><!--\/.two-cards__card--content-wrap-->\n                <\/div><!--\/.two-cards__card-->\n\n            <\/div><!--\/.two-cards__card-wrap-->\n                    <\/div><!--\/.two-cards__row-->\n            <\/div><!--\/.container-->\n<\/section>\n\n\n<section id=\"\" class=\"block form bg-light-grey \">\n    <div class=\"container narrow\">\n\n    \n        \n            <div class=\"form-wrap\">\n                <div\r\n        data-form-id='779b8612-7990-f011-b4cc-7c1e52fb5478'\r\n        data-form-api-url='https:\/\/public-eur.mkt.dynamics.com\/api\/v1.0\/orgs\/209eda7e-bbd7-45fb-82d9-810028103c6d\/landingpageforms'\r\n        data-cached-form-url='https:\/\/assets-eur.mkt.dynamics.com\/209eda7e-bbd7-45fb-82d9-810028103c6d\/digitalassets\/forms\/779b8612-7990-f011-b4cc-7c1e52fb5478' ><\/div>\r\n        <script src = 'https:\/\/cxppusa1formui01cdnsa01-endpoint.azureedge.net\/eur\/FormLoader\/FormLoader.bundle.js' ><\/script>            <\/div><!--\/.form-wrap-->\n\n        \n    \n    <\/div><!--\/.container-->\n<\/section>","protected":false},"excerpt":{"rendered":"","protected":false},"author":96,"featured_media":0,"parent":0,"menu_order":0,"comment_status":"closed","ping_status":"closed","template":"","meta":{"_acf_changed":false,"footnotes":""},"class_list":["post-171101","page","type-page","status-publish","hentry"],"acf":[],"yoast_head":"<!-- This site is optimized with the Yoast SEO Premium plugin v25.0 (Yoast SEO v27.4) - https:\/\/yoast.com\/product\/yoast-seo-premium-wordpress\/ -->\n<title>Soluciones y Servicios - MSAB<\/title>\n<meta name=\"robots\" content=\"index, follow, max-snippet:-1, max-image-preview:large, max-video-preview:-1\" \/>\n<link rel=\"canonical\" href=\"https:\/\/www.msab.com\/es\/soluciones-y-servicios\/\" \/>\n<meta property=\"og:locale\" content=\"es_ES\" \/>\n<meta property=\"og:type\" content=\"article\" \/>\n<meta property=\"og:title\" content=\"Soluciones y Servicios\" \/>\n<meta property=\"og:url\" content=\"https:\/\/www.msab.com\/es\/soluciones-y-servicios\/\" \/>\n<meta property=\"og:site_name\" content=\"MSAB\" \/>\n<meta property=\"article:publisher\" content=\"https:\/\/www.facebook.com\/microsystemation\" \/>\n<meta property=\"article:modified_time\" content=\"2022-10-24T21:17:47+00:00\" \/>\n<meta name=\"twitter:card\" content=\"summary_large_image\" \/>\n<meta name=\"twitter:site\" content=\"@MSAB_XRY\" \/>\n<script type=\"application\/ld+json\" class=\"yoast-schema-graph\">{\"@context\":\"https:\\\/\\\/schema.org\",\"@graph\":[{\"@type\":\"WebPage\",\"@id\":\"https:\\\/\\\/www.msab.com\\\/es\\\/soluciones-y-servicios\\\/\",\"url\":\"https:\\\/\\\/www.msab.com\\\/es\\\/soluciones-y-servicios\\\/\",\"name\":\"Soluciones y Servicios - MSAB\",\"isPartOf\":{\"@id\":\"https:\\\/\\\/www.msab.com\\\/es\\\/#website\"},\"datePublished\":\"2021-10-31T11:08:14+00:00\",\"dateModified\":\"2022-10-24T21:17:47+00:00\",\"breadcrumb\":{\"@id\":\"https:\\\/\\\/www.msab.com\\\/es\\\/soluciones-y-servicios\\\/#breadcrumb\"},\"inLanguage\":\"es\",\"potentialAction\":[{\"@type\":\"ReadAction\",\"target\":[\"https:\\\/\\\/www.msab.com\\\/es\\\/soluciones-y-servicios\\\/\"]}]},{\"@type\":\"BreadcrumbList\",\"@id\":\"https:\\\/\\\/www.msab.com\\\/es\\\/soluciones-y-servicios\\\/#breadcrumb\",\"itemListElement\":[{\"@type\":\"ListItem\",\"position\":1,\"name\":\"\",\"item\":\"https:\\\/\\\/www.msab.com\\\/es\\\/\"},{\"@type\":\"ListItem\",\"position\":2,\"name\":\"Soluciones y Servicios\"}]},{\"@type\":\"WebSite\",\"@id\":\"https:\\\/\\\/www.msab.com\\\/es\\\/#website\",\"url\":\"https:\\\/\\\/www.msab.com\\\/es\\\/\",\"name\":\"MSAB\",\"description\":\"Trusted Partner in Digital Forensics\",\"publisher\":{\"@id\":\"https:\\\/\\\/www.msab.com\\\/es\\\/#organization\"},\"potentialAction\":[{\"@type\":\"SearchAction\",\"target\":{\"@type\":\"EntryPoint\",\"urlTemplate\":\"https:\\\/\\\/www.msab.com\\\/es\\\/?s={search_term_string}\"},\"query-input\":{\"@type\":\"PropertyValueSpecification\",\"valueRequired\":true,\"valueName\":\"search_term_string\"}}],\"inLanguage\":\"es\"},{\"@type\":\"Organization\",\"@id\":\"https:\\\/\\\/www.msab.com\\\/es\\\/#organization\",\"name\":\"MSAB\",\"url\":\"https:\\\/\\\/www.msab.com\\\/es\\\/\",\"logo\":{\"@type\":\"ImageObject\",\"inLanguage\":\"es\",\"@id\":\"https:\\\/\\\/www.msab.com\\\/es\\\/#\\\/schema\\\/logo\\\/image\\\/\",\"url\":\"https:\\\/\\\/www.msab.com\\\/wp-content\\\/uploads\\\/2023\\\/03\\\/MSAB-logo-Black-RGB.png\",\"contentUrl\":\"https:\\\/\\\/www.msab.com\\\/wp-content\\\/uploads\\\/2023\\\/03\\\/MSAB-logo-Black-RGB.png\",\"width\":1198,\"height\":353,\"caption\":\"MSAB\"},\"image\":{\"@id\":\"https:\\\/\\\/www.msab.com\\\/es\\\/#\\\/schema\\\/logo\\\/image\\\/\"},\"sameAs\":[\"https:\\\/\\\/www.facebook.com\\\/microsystemation\",\"https:\\\/\\\/x.com\\\/MSAB_XRY\",\"https:\\\/\\\/www.linkedin.com\\\/company\\\/micro-systemation\"]}]}<\/script>\n<!-- \/ Yoast SEO Premium plugin. -->","yoast_head_json":{"title":"Soluciones y Servicios - MSAB","robots":{"index":"index","follow":"follow","max-snippet":"max-snippet:-1","max-image-preview":"max-image-preview:large","max-video-preview":"max-video-preview:-1"},"canonical":"https:\/\/www.msab.com\/es\/soluciones-y-servicios\/","og_locale":"es_ES","og_type":"article","og_title":"Soluciones y Servicios","og_url":"https:\/\/www.msab.com\/es\/soluciones-y-servicios\/","og_site_name":"MSAB","article_publisher":"https:\/\/www.facebook.com\/microsystemation","article_modified_time":"2022-10-24T21:17:47+00:00","twitter_card":"summary_large_image","twitter_site":"@MSAB_XRY","schema":{"@context":"https:\/\/schema.org","@graph":[{"@type":"WebPage","@id":"https:\/\/www.msab.com\/es\/soluciones-y-servicios\/","url":"https:\/\/www.msab.com\/es\/soluciones-y-servicios\/","name":"Soluciones y Servicios - MSAB","isPartOf":{"@id":"https:\/\/www.msab.com\/es\/#website"},"datePublished":"2021-10-31T11:08:14+00:00","dateModified":"2022-10-24T21:17:47+00:00","breadcrumb":{"@id":"https:\/\/www.msab.com\/es\/soluciones-y-servicios\/#breadcrumb"},"inLanguage":"es","potentialAction":[{"@type":"ReadAction","target":["https:\/\/www.msab.com\/es\/soluciones-y-servicios\/"]}]},{"@type":"BreadcrumbList","@id":"https:\/\/www.msab.com\/es\/soluciones-y-servicios\/#breadcrumb","itemListElement":[{"@type":"ListItem","position":1,"name":"","item":"https:\/\/www.msab.com\/es\/"},{"@type":"ListItem","position":2,"name":"Soluciones y Servicios"}]},{"@type":"WebSite","@id":"https:\/\/www.msab.com\/es\/#website","url":"https:\/\/www.msab.com\/es\/","name":"MSAB","description":"Trusted Partner in Digital Forensics","publisher":{"@id":"https:\/\/www.msab.com\/es\/#organization"},"potentialAction":[{"@type":"SearchAction","target":{"@type":"EntryPoint","urlTemplate":"https:\/\/www.msab.com\/es\/?s={search_term_string}"},"query-input":{"@type":"PropertyValueSpecification","valueRequired":true,"valueName":"search_term_string"}}],"inLanguage":"es"},{"@type":"Organization","@id":"https:\/\/www.msab.com\/es\/#organization","name":"MSAB","url":"https:\/\/www.msab.com\/es\/","logo":{"@type":"ImageObject","inLanguage":"es","@id":"https:\/\/www.msab.com\/es\/#\/schema\/logo\/image\/","url":"https:\/\/www.msab.com\/wp-content\/uploads\/2023\/03\/MSAB-logo-Black-RGB.png","contentUrl":"https:\/\/www.msab.com\/wp-content\/uploads\/2023\/03\/MSAB-logo-Black-RGB.png","width":1198,"height":353,"caption":"MSAB"},"image":{"@id":"https:\/\/www.msab.com\/es\/#\/schema\/logo\/image\/"},"sameAs":["https:\/\/www.facebook.com\/microsystemation","https:\/\/x.com\/MSAB_XRY","https:\/\/www.linkedin.com\/company\/micro-systemation"]}]}},"_links":{"self":[{"href":"https:\/\/www.msab.com\/es\/wp-json\/wp\/v2\/pages\/171101","targetHints":{"allow":["GET"]}}],"collection":[{"href":"https:\/\/www.msab.com\/es\/wp-json\/wp\/v2\/pages"}],"about":[{"href":"https:\/\/www.msab.com\/es\/wp-json\/wp\/v2\/types\/page"}],"author":[{"embeddable":true,"href":"https:\/\/www.msab.com\/es\/wp-json\/wp\/v2\/users\/96"}],"replies":[{"embeddable":true,"href":"https:\/\/www.msab.com\/es\/wp-json\/wp\/v2\/comments?post=171101"}],"version-history":[{"count":1,"href":"https:\/\/www.msab.com\/es\/wp-json\/wp\/v2\/pages\/171101\/revisions"}],"predecessor-version":[{"id":171283,"href":"https:\/\/www.msab.com\/es\/wp-json\/wp\/v2\/pages\/171101\/revisions\/171283"}],"wp:attachment":[{"href":"https:\/\/www.msab.com\/es\/wp-json\/wp\/v2\/media?parent=171101"}],"curies":[{"name":"wp","href":"https:\/\/api.w.org\/{rel}","templated":true}]}}