{"id":5899,"date":"2021-10-18T16:06:49","date_gmt":"2021-10-18T14:06:49","guid":{"rendered":"http:\/\/www.msab.com\/?post_type=product&#038;p=5899"},"modified":"2024-03-11T12:47:47","modified_gmt":"2024-03-11T11:47:47","slug":"xry-physical","status":"publish","type":"product","link":"https:\/\/www.msab.com\/de\/product\/xry-extract\/xry-physical\/","title":{"rendered":"XRY Physical"},"content":{"rendered":"\n<section id=\"\" class=\"block product-hero  \">\n    <div class=\"bg-image\">\n        <div class=\"img\" style=\"background-image: url(https:\/\/www.msab.com\/wp-content\/uploads\/2023\/03\/XRY_Hero_Test_2.jpg);\"><\/div>\n    <\/div>\n    <div class=\"container\">\n\n        <div class=\"text-wrapper text-white text-center\">\n\n            <img decoding=\"async\" width=\"204\" height=\"133\" src=\"https:\/\/www.msab.com\/wp-content\/uploads\/2021\/08\/XRY_Physical_Logo_White.png\" class=\"product-logo\" alt=\"\" srcset=\"https:\/\/www.msab.com\/wp-content\/uploads\/2021\/08\/XRY_Physical_Logo_White.png 204w, https:\/\/www.msab.com\/wp-content\/uploads\/2021\/08\/XRY_Physical_Logo_White-33x22.png 33w, https:\/\/www.msab.com\/wp-content\/uploads\/2021\/08\/XRY_Physical_Logo_White-102x67.png 102w\" sizes=\"(max-width: 204px) 100vw, 204px\" \/>\n            <p class=\"intro\">Physische Wiederherstellung von Daten aus mobilen Endger\u00e4ten<\/p>\n        <\/div><!--\/text-wrapper-->\n        <div class=\"breadcrumb-part dark\"><nav id=\"breadcrumbs\" class=\"bread-nav\"><span><span><a href=\"https:\/\/www.msab.com\/de\/\"><i class=\"fas fa-home\"><\/i><\/a><\/span><\/span><\/nav><\/div>    <\/div><!--\/container-->\n<\/section>\n\n\n\n<section id=\"\" class=\"block regular-content   pt-regular pb-regular bg-light-grey\">\n    <div class=\"container two-columns\">\n                    <div class=\"editor-content\">\n                <h2>Was ist XRY Physical?<\/h2>\n<p><span class=\"TextRun SCXW107088962 BCX0\" lang=\"EN-US\" xml:lang=\"EN-US\" data-contrast=\"auto\"><span class=\"NormalTextRun SCXW107088962 BCX0\">XRY Physical <\/span><span class=\"NormalTextRun SpellingErrorV2Themed SCXW107088962 BCX0\">beinhaltet<\/span> <span class=\"NormalTextRun SpellingErrorV2Themed SCXW107088962 BCX0\">eine<\/span> <\/span><span class=\"TextRun SCXW107088962 BCX0\" lang=\"EN-US\" xml:lang=\"EN-US\" data-contrast=\"auto\"><span class=\"NormalTextRun SpellingErrorV2Themed SCXW107088962 BCX0\">volle<\/span><span class=\"NormalTextRun SCXW107088962 BCX0\"> XRY Logical <\/span><span class=\"NormalTextRun SpellingErrorV2Themed SCXW107088962 BCX0\">Lizenz<\/span><span class=\"NormalTextRun SCXW107088962 BCX0\"> und<\/span><\/span><span class=\"TextRun SCXW107088962 BCX0\" lang=\"EN-US\" xml:lang=\"EN-US\" data-contrast=\"auto\"> <span class=\"NormalTextRun SpellingErrorV2Themed SCXW107088962 BCX0\">ist<\/span><span class=\"NormalTextRun SCXW107088962 BCX0\"> die <\/span><span class=\"NormalTextRun SpellingErrorV2Themed SCXW107088962 BCX0\">n\u00e4chste<\/span> <span class=\"NormalTextRun SpellingErrorV2Themed SCXW107088962 BCX0\">Lizenzstufe<\/span><span class=\"NormalTextRun SCXW107088962 BCX0\"> f\u00fcr die <\/span><span class=\"NormalTextRun SpellingErrorV2Themed SCXW107088962 BCX0\">physische<\/span> <span class=\"NormalTextRun SpellingErrorV2Themed SCXW107088962 BCX0\">Wiederherstellung<\/span><span class=\"NormalTextRun SCXW107088962 BCX0\"> von Daten von <\/span><span class=\"NormalTextRun SpellingErrorV2Themed SCXW107088962 BCX0\">mobilen<\/span> <span class=\"NormalTextRun SpellingErrorV2Themed SCXW107088962 BCX0\">Ger\u00e4ten<\/span><span class=\"NormalTextRun SCXW107088962 BCX0\">.<\/span><\/span><span class=\"EOP SCXW107088962 BCX0\" data-ccp-props=\"{&quot;335559685&quot;:-20,&quot;335559737&quot;:-20}\">\u00a0<\/span><\/p>\n<p>XRY Physical l\u00e4sst Ermittler das Betriebssystem umgehen und alle Rohdaten aus dem Ger\u00e4t gewinnen. Dieser Speicher-Dump gibt Ihnen Zugang zu Systemdaten, gesch\u00fctzten und gel\u00f6schten Daten und erm\u00f6glicht Ihnen die \u00dcberwindung bestimmter Sicherheits- und Verschl\u00fcsselungsbarrieren auf gesperrten Ger\u00e4ten. Mit XAMIN k\u00f6nnen Sie den Hexadezimalcode schnell ansehen und durch Aktivieren des Source-Modus die urspr\u00fcnglichen Rohdaten verifizieren.<\/p>\n<p><a class=\"btn btn-primary\" href=\"#form-166554\">Kontakt<\/a> \u00a0 \u00a0 <a class=\"btn btn-outline\" href=\"https:\/\/www.msab.com\/xry_physical_de\/\">Produktdatenblatt<\/a><\/p>\n            <\/div><!--\/.editor-content-->\n                            <div class=\"editor-content\">\n                <p><img decoding=\"async\" class=\"alignnone size-full wp-image-154575\" src=\"https:\/\/www.msab.com\/wp-content\/uploads\/2021\/10\/XRY_Physical_Screenshot.png\" alt=\"\" width=\"800\" srcset=\"https:\/\/www.msab.com\/wp-content\/uploads\/2021\/10\/XRY_Physical_Screenshot.png 800w, https:\/\/www.msab.com\/wp-content\/uploads\/2021\/10\/XRY_Physical_Screenshot-300x169.png 300w, https:\/\/www.msab.com\/wp-content\/uploads\/2021\/10\/XRY_Physical_Screenshot-768x432.png 768w, https:\/\/www.msab.com\/wp-content\/uploads\/2021\/10\/XRY_Physical_Screenshot-33x19.png 33w, https:\/\/www.msab.com\/wp-content\/uploads\/2021\/10\/XRY_Physical_Screenshot-102x57.png 102w, https:\/\/www.msab.com\/wp-content\/uploads\/2021\/10\/XRY_Physical_Screenshot-500x281.png 500w\" sizes=\"(max-width: 800px) 100vw, 800px\" \/><\/p>\n            <\/div><!--\/.editor-content-->\n            <\/div><!--\/.container-->\n<\/section><!--\/.regular-content-->\n\n\n<section id=\"\" class=\"block list-block bg-white \">\n    <div class=\"container\">\n\n                <div class=\"list-block__top-content editor-content center\">\n            <h2 style=\"text-align: center;\">Die XRY-Lizenz enth\u00e4lt<\/h2>\n<p style=\"text-align: center;\">Kostenlose Kabel. Kostenlose Software-Updates. Kostenlosen technischen Support. F\u00fcr alle Ger\u00e4te, die von MSAB hergestellt werden, ist eine erweiterte Produktgarantie erh\u00e4ltlich, solange Sie die XRY-Lizenz aufrecht erhalten.<\/p>\n<h4 style=\"text-align: center;\"><strong>Geben Sie Ihren Ermittlungen die besten Erfolgschancen.<\/strong><\/h4>\n        <\/div><!--\/.top-content-->\n                \n                <div class=\"list-block__row d-flex\">\n\n            \n            <div class=\"list-block__wrap\">\n                <div class=\"list-block__col editor-content\">\n\n                                        \n                                        <ul class=\"check-list blue\">\n\n                                                <li>Physische \u00dcberpr\u00fcfung von Mobilger\u00e4ten<\/li>\n                                                <li>Umgehung oder Gewinnung von Zugangscodes<\/li>\n                                                <li>Rekonstruierte und gel\u00f6schte Daten<\/li>\n                                                <li>Ger\u00e4te-Dump und Bin\u00e4rimport<\/li>\n                                                <li>Unterst\u00fctzung von Smartphone-Apps<\/li>\n                        \n                    <\/ul><!--\/.check-list-->\n                                    <\/div><!--\/.list-block__col-->\n            <\/div><!--\/.list-block__wrap-->\n            \n            <div class=\"list-block__wrap\">\n                <div class=\"list-block__col editor-content\">\n\n                                        \n                                        <ul class=\"check-list blue\">\n\n                                                <li>Windows-basierte Softwarel\u00f6sung<\/li>\n                                                <li>Einzigartige Hilfedatei f\u00fcr jedes Ger\u00e4t<\/li>\n                                                <li>Einfaches Auslesen von Daten<\/li>\n                                                <li>HEX-Analyse von Daten<\/li>\n                                                <li>Hash-Algorithmen<\/li>\n                        \n                    <\/ul><!--\/.check-list-->\n                                    <\/div><!--\/.list-block__col-->\n            <\/div><!--\/.list-block__wrap-->\n            \n            <div class=\"list-block__wrap\">\n                <div class=\"list-block__col editor-content\">\n\n                                        \n                                        <ul class=\"check-list blue\">\n\n                                                <li>Brennassistent f\u00fcr CD\/DVD<\/li>\n                                                <li>Klonen von SIM-Karten<\/li>\n                                                <li>Saubere Registry<\/li>\n                                                <li>Konvertieren alter XRY-Dateien<\/li>\n                                                <li>Lizenz-Updates<\/li>\n                                                <li>Download-Update<\/li>\n                        \n                    <\/ul><!--\/.check-list-->\n                                    <\/div><!--\/.list-block__col-->\n            <\/div><!--\/.list-block__wrap-->\n            \n        <\/div><!--\/.list-block__row-->\n        \n    <\/div><!--\/.container-->\n<\/section>\n\n<section id=\"\" class=\"block text-image-columns bg-light-grey \">\n    <div class=\"container\">\n        <div class=\"row img-right\">\n\n            <div class=\"text-col col-12 col-md-6 d-flex flex-wrap justify-content-center align-items-center\">\n\n                                <div class=\"editor-content\">\n                    <h2 style=\"text-align: left;\">Ein \u00fcberzeugender Entscheidungsgrund: Weil das .xry-Datenformat forensisch sicher ist<\/h2>\n<p style=\"text-align: left;\">Im Gegensatz zu anderen forensischen Tools, die urspr\u00fcnglich f\u00fcr andere Zwecke entwickelt wurden, wurde XRY von Anfang an entwickelt, um forensisch sicher zu sein. Das XRY-Dateiformat gew\u00e4hrleistet die Sicherheit und Nachweisbarkeit von Beweismitteln zu jeder Zeit, mit einem vollst\u00e4ndigen forensischen Nachweisprotokoll und dem Schutz der Beweismittel von der ersten Extraktion \u00fcber die Analyse bis hin zum Abschlussbericht oder der Pr\u00e4sentation.<br \/>\n<a href=\"#\">Lesen Sie mehr zu dieser Frage \u2014 \u201cGibt es ein gerichtlich anerkanntes Forensik-Tool?\u201d<\/a><\/p>\n                <\/div><!--\/.editor-content-->\n                \n            <\/div><!--\/.text-col-->\n\n            <div class=\"img-col col-12 col-md-6 d-flex flex-wrap justify-content-center align-items-center\">\n                \n                                <div class=\"img-wrap grad\">\n                    <img decoding=\"async\" width=\"1060\" height=\"719\" src=\"https:\/\/www.msab.com\/wp-content\/uploads\/2021\/08\/XRY-file-format-Current-View-4.png\" class=\"attachment-full size-full\" alt=\"\" srcset=\"https:\/\/www.msab.com\/wp-content\/uploads\/2021\/08\/XRY-file-format-Current-View-4.png 1060w, https:\/\/www.msab.com\/wp-content\/uploads\/2021\/08\/XRY-file-format-Current-View-4-300x203.png 300w, https:\/\/www.msab.com\/wp-content\/uploads\/2021\/08\/XRY-file-format-Current-View-4-1024x695.png 1024w, https:\/\/www.msab.com\/wp-content\/uploads\/2021\/08\/XRY-file-format-Current-View-4-768x521.png 768w, https:\/\/www.msab.com\/wp-content\/uploads\/2021\/08\/XRY-file-format-Current-View-4-33x22.png 33w, https:\/\/www.msab.com\/wp-content\/uploads\/2021\/08\/XRY-file-format-Current-View-4-102x69.png 102w\" sizes=\"(max-width: 1060px) 100vw, 1060px\" \/>                <\/div><!--\/.img-wrap-->\n                \n            <\/div><!--\/.img-col-->\n\n        <\/div><!--\/.row-->\n    <\/div><!--\/.container-->\n<\/section>\n\n<section id=\"\" class=\"block image-text-with-bg bg-blue-gradient text-white \">\n\t<div class=\"container\">\n\t\t\t\t<div class=\"row\">\n\t\t\t<div class=\"col text-center\">\n                <img decoding=\"async\" width=\"1220\" height=\"500\" src=\"https:\/\/www.msab.com\/wp-content\/uploads\/2021\/08\/XRY_Spec_Table_DE.png\" class=\"attachment-container-size size-container-size\" alt=\"\" srcset=\"https:\/\/www.msab.com\/wp-content\/uploads\/2021\/08\/XRY_Spec_Table_DE.png 1220w, https:\/\/www.msab.com\/wp-content\/uploads\/2021\/08\/XRY_Spec_Table_DE-300x123.png 300w, https:\/\/www.msab.com\/wp-content\/uploads\/2021\/08\/XRY_Spec_Table_DE-1024x420.png 1024w, https:\/\/www.msab.com\/wp-content\/uploads\/2021\/08\/XRY_Spec_Table_DE-768x315.png 768w, https:\/\/www.msab.com\/wp-content\/uploads\/2021\/08\/XRY_Spec_Table_DE-33x14.png 33w, https:\/\/www.msab.com\/wp-content\/uploads\/2021\/08\/XRY_Spec_Table_DE-102x42.png 102w, https:\/\/www.msab.com\/wp-content\/uploads\/2021\/08\/XRY_Spec_Table_DE-500x205.png 500w\" sizes=\"(max-width: 1220px) 100vw, 1220px\" \/>\t\t\t<\/div>\n\t\t<\/div>\n\t\t\t\t<div class=\"row text-wrapper\">\n\t\t\t<div class=\"col-12 col-md-4 left-col\">\n\t\t\t\t\t\t\t<\/div>\n\t\t\t<div class=\"col-12 col-md-8 right-col\">\n\t\t\t\t<div class=\"row\">\n\t\t\t\t\t<div class=\"col\">\n\t\t\t\t\t\t\t\t\t\t\t<\/div>\n\t\t\t\t<\/div>\n\t\t\t\t\t\t\t<\/div>\n\t\t<\/div>\n\t<\/div>\n<\/section>\n\n\n<section id=\"\" class=\"block text-image-columns bg-white \">\n    <div class=\"container\">\n        <div class=\"row img-left\">\n\n            <div class=\"text-col col-12 col-md-6 d-flex flex-wrap justify-content-center align-items-center\">\n\n                                <div class=\"editor-content\">\n                    <h2>Haben Sie Mobiltelefone, auf die Sie nicht zugreifen k\u00f6nnen?<\/h2>\n<p><strong>Mit MSAB Access Services haben Ermittler und Pr\u00fcfer jetzt die M\u00f6glichkeit, in kritischen F\u00e4llen selbst \u00e4u\u00dferst schwer zug\u00e4ngliche Daten aus Mobiltelefonen zu extrahieren.<br \/>\n<\/strong><br \/>\nMit Access Services nutzen die forensischen Experten von MSAB fortschrittliche, forensisch sichere L\u00f6sungen, um die Daten von ausgew\u00e4hlten Ger\u00e4ten zu extrahieren und zu entschl\u00fcsseln \u2013 Beweise, die sonst unerreichbar w\u00e4ren und die f\u00fcr die L\u00f6sung eines Falles gegebenenfalls essentiell sind.<\/p>\n<p><a class=\"btn btn-primary\" href=\"https:\/\/www.msab.com\/de\/products\/professional-services\/\">Erfahren Sie mehr<\/a><\/p>\n                <\/div><!--\/.editor-content-->\n                \n            <\/div><!--\/.text-col-->\n\n            <div class=\"img-col col-12 col-md-6 d-flex flex-wrap justify-content-center align-items-center\">\n                \n                                <div class=\"img-wrap grad\">\n                    <img decoding=\"async\" width=\"600\" height=\"400\" src=\"https:\/\/www.msab.com\/wp-content\/uploads\/2021\/10\/MSAB_PS_Access_Services_Extract.jpg\" class=\"attachment-full size-full\" alt=\"\" srcset=\"https:\/\/www.msab.com\/wp-content\/uploads\/2021\/10\/MSAB_PS_Access_Services_Extract.jpg 600w, https:\/\/www.msab.com\/wp-content\/uploads\/2021\/10\/MSAB_PS_Access_Services_Extract-300x200.jpg 300w, https:\/\/www.msab.com\/wp-content\/uploads\/2021\/10\/MSAB_PS_Access_Services_Extract-33x22.jpg 33w, https:\/\/www.msab.com\/wp-content\/uploads\/2021\/10\/MSAB_PS_Access_Services_Extract-102x68.jpg 102w, https:\/\/www.msab.com\/wp-content\/uploads\/2021\/10\/MSAB_PS_Access_Services_Extract-500x333.jpg 500w\" sizes=\"(max-width: 600px) 100vw, 600px\" \/>                <\/div><!--\/.img-wrap-->\n                \n            <\/div><!--\/.img-col-->\n\n        <\/div><!--\/.row-->\n    <\/div><!--\/.container-->\n<\/section>\n\n\n    <style>\n                    #block_61435e923d04a {\n                background-image: url(https:\/\/www.msab.com\/wp-content\/uploads\/2021\/08\/Frontline_MSAB_Field_Phone_Extraction_BG-1.jpg);\n            }\n                    <\/style>\n\n<section id=\"block_61435e923d04a\" class=\"block cta-with-bg-img text-white left-layout bg-overlay \">\n    <div class=\"container\" id=\"\">\n                    <div class=\"text-wrapper\">\n                <h2>Kostenvoranschlag anfordern<\/h2>\n<p style=\"text-align: left;\">Wenn Sie einen Kostenvoranschlag anfordern oder eines unserer Produkte testen wollen, nehmen Sie gerne Kontakt mit uns auf.<\/p>\n<p style=\"text-align: left;\"><span style=\"color: #000000;\"><a class=\"btn btn-primary\" style=\"color: #000000;\" href=\"#form-166554\"><span class=\"VIiyi\" lang=\"de\"><span class=\"JLqJ4b ChMk0b\" data-language-for-alternatives=\"de\" data-language-to-translate-into=\"en\" data-phrase-index=\"0\" data-number-of-phrases=\"1\">Kontaktiere uns<\/span><\/span> <\/a><\/span><\/p>\n            <\/div>\n            <\/div><!--\/container-->\n<\/section>","protected":false},"excerpt":{"rendered":"","protected":false},"author":106,"featured_media":0,"parent":5868,"menu_order":0,"template":"","class_list":["post-5899","product","type-product","status-publish","hentry"],"acf":[],"yoast_head":"<!-- This site is optimized with the Yoast SEO Premium plugin v25.0 (Yoast SEO v27.5) - https:\/\/yoast.com\/product\/yoast-seo-premium-wordpress\/ -->\n<title>XRY Physical \u2014 Physische Extraktion XRY Software | MSAB<\/title>\n<meta name=\"description\" content=\"Physische Wiederherstellung von Daten von mobilen Ger\u00e4ten mit XRY Physical. MSAB ist ein globaler Marktf\u00fchrer im Bereich der digitalen Forensik\" \/>\n<meta name=\"robots\" content=\"index, follow, max-snippet:-1, max-image-preview:large, max-video-preview:-1\" \/>\n<link rel=\"canonical\" href=\"https:\/\/www.msab.com\/de\/product\/xry-extract\/xry-physical\/\" \/>\n<meta property=\"og:locale\" content=\"de_DE\" \/>\n<meta property=\"og:type\" content=\"article\" \/>\n<meta property=\"og:title\" content=\"XRY Physical\" \/>\n<meta property=\"og:description\" content=\"Physische Wiederherstellung von Daten von mobilen Ger\u00e4ten mit XRY Physical. MSAB ist ein globaler Marktf\u00fchrer im Bereich der digitalen Forensik\" \/>\n<meta property=\"og:url\" content=\"https:\/\/www.msab.com\/de\/product\/xry-extract\/xry-physical\/\" \/>\n<meta property=\"og:site_name\" content=\"MSAB\" \/>\n<meta property=\"article:publisher\" content=\"https:\/\/www.facebook.com\/microsystemation\" \/>\n<meta property=\"article:modified_time\" content=\"2024-03-11T11:47:47+00:00\" \/>\n<meta name=\"twitter:card\" content=\"summary_large_image\" \/>\n<meta name=\"twitter:site\" content=\"@MSAB_XRY\" \/>\n<meta name=\"twitter:label1\" content=\"Gesch\u00e4tzte Lesezeit\" \/>\n\t<meta name=\"twitter:data1\" content=\"3\u00a0Minuten\" \/>\n<script type=\"application\/ld+json\" class=\"yoast-schema-graph\">{\"@context\":\"https:\\\/\\\/schema.org\",\"@graph\":[{\"@type\":\"WebPage\",\"@id\":\"https:\\\/\\\/www.msab.com\\\/de\\\/product\\\/xry-extract\\\/xry-physical\\\/\",\"url\":\"https:\\\/\\\/www.msab.com\\\/de\\\/product\\\/xry-extract\\\/xry-physical\\\/\",\"name\":\"XRY Physical \u2014 Physische Extraktion XRY Software | MSAB\",\"isPartOf\":{\"@id\":\"https:\\\/\\\/www.msab.com\\\/de\\\/#website\"},\"datePublished\":\"2021-10-18T14:06:49+00:00\",\"dateModified\":\"2024-03-11T11:47:47+00:00\",\"description\":\"Physische Wiederherstellung von Daten von mobilen Ger\u00e4ten mit XRY Physical. MSAB ist ein globaler Marktf\u00fchrer im Bereich der digitalen Forensik\",\"breadcrumb\":{\"@id\":\"https:\\\/\\\/www.msab.com\\\/de\\\/product\\\/xry-extract\\\/xry-physical\\\/#breadcrumb\"},\"inLanguage\":\"de\",\"potentialAction\":[{\"@type\":\"ReadAction\",\"target\":[\"https:\\\/\\\/www.msab.com\\\/de\\\/product\\\/xry-extract\\\/xry-physical\\\/\"]}]},{\"@type\":\"BreadcrumbList\",\"@id\":\"https:\\\/\\\/www.msab.com\\\/de\\\/product\\\/xry-extract\\\/xry-physical\\\/#breadcrumb\",\"itemListElement\":[{\"@type\":\"ListItem\",\"position\":1,\"name\":\"\",\"item\":\"https:\\\/\\\/www.msab.com\\\/de\\\/\"},{\"@type\":\"ListItem\",\"position\":2,\"name\":\"XRY &#8211; Extract\",\"item\":\"https:\\\/\\\/www.msab.com\\\/de\\\/product\\\/xry-extract\\\/\"},{\"@type\":\"ListItem\",\"position\":3,\"name\":\"XRY Physical\"}]},{\"@type\":\"WebSite\",\"@id\":\"https:\\\/\\\/www.msab.com\\\/de\\\/#website\",\"url\":\"https:\\\/\\\/www.msab.com\\\/de\\\/\",\"name\":\"MSAB\",\"description\":\"Trusted Partner in Digital Forensics\",\"publisher\":{\"@id\":\"https:\\\/\\\/www.msab.com\\\/de\\\/#organization\"},\"potentialAction\":[{\"@type\":\"SearchAction\",\"target\":{\"@type\":\"EntryPoint\",\"urlTemplate\":\"https:\\\/\\\/www.msab.com\\\/de\\\/?s={search_term_string}\"},\"query-input\":{\"@type\":\"PropertyValueSpecification\",\"valueRequired\":true,\"valueName\":\"search_term_string\"}}],\"inLanguage\":\"de\"},{\"@type\":\"Organization\",\"@id\":\"https:\\\/\\\/www.msab.com\\\/de\\\/#organization\",\"name\":\"MSAB\",\"url\":\"https:\\\/\\\/www.msab.com\\\/de\\\/\",\"logo\":{\"@type\":\"ImageObject\",\"inLanguage\":\"de\",\"@id\":\"https:\\\/\\\/www.msab.com\\\/de\\\/#\\\/schema\\\/logo\\\/image\\\/\",\"url\":\"https:\\\/\\\/www.msab.com\\\/wp-content\\\/uploads\\\/2023\\\/03\\\/MSAB-logo-Black-RGB.png\",\"contentUrl\":\"https:\\\/\\\/www.msab.com\\\/wp-content\\\/uploads\\\/2023\\\/03\\\/MSAB-logo-Black-RGB.png\",\"width\":1198,\"height\":353,\"caption\":\"MSAB\"},\"image\":{\"@id\":\"https:\\\/\\\/www.msab.com\\\/de\\\/#\\\/schema\\\/logo\\\/image\\\/\"},\"sameAs\":[\"https:\\\/\\\/www.facebook.com\\\/microsystemation\",\"https:\\\/\\\/x.com\\\/MSAB_XRY\",\"https:\\\/\\\/www.linkedin.com\\\/company\\\/micro-systemation\"]}]}<\/script>\n<!-- \/ Yoast SEO Premium plugin. -->","yoast_head_json":{"title":"XRY Physical \u2014 Physische Extraktion XRY Software | MSAB","description":"Physische Wiederherstellung von Daten von mobilen Ger\u00e4ten mit XRY Physical. MSAB ist ein globaler Marktf\u00fchrer im Bereich der digitalen Forensik","robots":{"index":"index","follow":"follow","max-snippet":"max-snippet:-1","max-image-preview":"max-image-preview:large","max-video-preview":"max-video-preview:-1"},"canonical":"https:\/\/www.msab.com\/de\/product\/xry-extract\/xry-physical\/","og_locale":"de_DE","og_type":"article","og_title":"XRY Physical","og_description":"Physische Wiederherstellung von Daten von mobilen Ger\u00e4ten mit XRY Physical. MSAB ist ein globaler Marktf\u00fchrer im Bereich der digitalen Forensik","og_url":"https:\/\/www.msab.com\/de\/product\/xry-extract\/xry-physical\/","og_site_name":"MSAB","article_publisher":"https:\/\/www.facebook.com\/microsystemation","article_modified_time":"2024-03-11T11:47:47+00:00","twitter_card":"summary_large_image","twitter_site":"@MSAB_XRY","twitter_misc":{"Gesch\u00e4tzte Lesezeit":"3\u00a0Minuten"},"schema":{"@context":"https:\/\/schema.org","@graph":[{"@type":"WebPage","@id":"https:\/\/www.msab.com\/de\/product\/xry-extract\/xry-physical\/","url":"https:\/\/www.msab.com\/de\/product\/xry-extract\/xry-physical\/","name":"XRY Physical \u2014 Physische Extraktion XRY Software | MSAB","isPartOf":{"@id":"https:\/\/www.msab.com\/de\/#website"},"datePublished":"2021-10-18T14:06:49+00:00","dateModified":"2024-03-11T11:47:47+00:00","description":"Physische Wiederherstellung von Daten von mobilen Ger\u00e4ten mit XRY Physical. MSAB ist ein globaler Marktf\u00fchrer im Bereich der digitalen Forensik","breadcrumb":{"@id":"https:\/\/www.msab.com\/de\/product\/xry-extract\/xry-physical\/#breadcrumb"},"inLanguage":"de","potentialAction":[{"@type":"ReadAction","target":["https:\/\/www.msab.com\/de\/product\/xry-extract\/xry-physical\/"]}]},{"@type":"BreadcrumbList","@id":"https:\/\/www.msab.com\/de\/product\/xry-extract\/xry-physical\/#breadcrumb","itemListElement":[{"@type":"ListItem","position":1,"name":"","item":"https:\/\/www.msab.com\/de\/"},{"@type":"ListItem","position":2,"name":"XRY &#8211; Extract","item":"https:\/\/www.msab.com\/de\/product\/xry-extract\/"},{"@type":"ListItem","position":3,"name":"XRY Physical"}]},{"@type":"WebSite","@id":"https:\/\/www.msab.com\/de\/#website","url":"https:\/\/www.msab.com\/de\/","name":"MSAB","description":"Trusted Partner in Digital Forensics","publisher":{"@id":"https:\/\/www.msab.com\/de\/#organization"},"potentialAction":[{"@type":"SearchAction","target":{"@type":"EntryPoint","urlTemplate":"https:\/\/www.msab.com\/de\/?s={search_term_string}"},"query-input":{"@type":"PropertyValueSpecification","valueRequired":true,"valueName":"search_term_string"}}],"inLanguage":"de"},{"@type":"Organization","@id":"https:\/\/www.msab.com\/de\/#organization","name":"MSAB","url":"https:\/\/www.msab.com\/de\/","logo":{"@type":"ImageObject","inLanguage":"de","@id":"https:\/\/www.msab.com\/de\/#\/schema\/logo\/image\/","url":"https:\/\/www.msab.com\/wp-content\/uploads\/2023\/03\/MSAB-logo-Black-RGB.png","contentUrl":"https:\/\/www.msab.com\/wp-content\/uploads\/2023\/03\/MSAB-logo-Black-RGB.png","width":1198,"height":353,"caption":"MSAB"},"image":{"@id":"https:\/\/www.msab.com\/de\/#\/schema\/logo\/image\/"},"sameAs":["https:\/\/www.facebook.com\/microsystemation","https:\/\/x.com\/MSAB_XRY","https:\/\/www.linkedin.com\/company\/micro-systemation"]}]}},"_links":{"self":[{"href":"https:\/\/www.msab.com\/de\/wp-json\/wp\/v2\/product\/5899","targetHints":{"allow":["GET"]}}],"collection":[{"href":"https:\/\/www.msab.com\/de\/wp-json\/wp\/v2\/product"}],"about":[{"href":"https:\/\/www.msab.com\/de\/wp-json\/wp\/v2\/types\/product"}],"author":[{"embeddable":true,"href":"https:\/\/www.msab.com\/de\/wp-json\/wp\/v2\/users\/106"}],"up":[{"embeddable":true,"href":"https:\/\/www.msab.com\/de\/wp-json\/wp\/v2\/product\/5868"}],"wp:attachment":[{"href":"https:\/\/www.msab.com\/de\/wp-json\/wp\/v2\/media?parent=5899"}],"curies":[{"name":"wp","href":"https:\/\/api.w.org\/{rel}","templated":true}]}}