{"id":5896,"date":"2021-10-18T14:59:54","date_gmt":"2021-10-18T12:59:54","guid":{"rendered":"http:\/\/www.msab.com\/?post_type=product&#038;p=5896"},"modified":"2023-11-27T15:44:01","modified_gmt":"2023-11-27T14:44:01","slug":"xry-camera","status":"publish","type":"product","link":"https:\/\/www.msab.com\/de\/product\/xry-extract\/xry-camera\/","title":{"rendered":"XRY Camera"},"content":{"rendered":"\n<section id=\"\" class=\"block product-hero  \">\n    <div class=\"bg-image\">\n        <div class=\"img\" style=\"background-image: url(https:\/\/www.msab.com\/wp-content\/uploads\/2023\/03\/XRY_Hero_Test_2.jpg);\"><\/div>\n    <\/div>\n    <div class=\"container\">\n\n        <div class=\"text-wrapper text-white text-center\">\n\n            <img decoding=\"async\" width=\"204\" height=\"133\" src=\"https:\/\/www.msab.com\/wp-content\/uploads\/2021\/08\/XRY_Camera_Logo_White.png\" class=\"product-logo\" alt=\"\" srcset=\"https:\/\/www.msab.com\/wp-content\/uploads\/2021\/08\/XRY_Camera_Logo_White.png 204w, https:\/\/www.msab.com\/wp-content\/uploads\/2021\/08\/XRY_Camera_Logo_White-33x22.png 33w, https:\/\/www.msab.com\/wp-content\/uploads\/2021\/08\/XRY_Camera_Logo_White-102x67.png 102w\" sizes=\"(max-width: 204px) 100vw, 204px\" \/>\n            <p class=\"intro\">Sammeln Sie unterst\u00fctzende Bild- und Videobeweise<\/p>\n        <\/div><!--\/text-wrapper-->\n        <div class=\"breadcrumb-part dark\"><nav id=\"breadcrumbs\" class=\"bread-nav\"><span><span><a href=\"https:\/\/www.msab.com\/de\/\"><i class=\"fas fa-home\"><\/i><\/a><\/span><\/span><\/nav><\/div>    <\/div><!--\/container-->\n<\/section>\n\n\n<section id=\"\" class=\"block text-image-columns bg-light-grey \">\n    <div class=\"container\">\n        <div class=\"row img-right\">\n\n            <div class=\"text-col col-12 col-md-6 d-flex flex-wrap justify-content-center align-items-center\">\n\n                                <div class=\"editor-content\">\n                    <h2>Was ist die XRY Camera?<\/h2>\n<p>Die XRY Camera gibt den forensischen Ermittlern eine Gelegenheit, ihre XRY-Berichte mit Fotos von untersuchten Beweismittel in HD-Qualit\u00e4t aufzuwerten. Manchmal ist ein Screenshot der einzige Weg, relevante Beweise aufzunehmen und die Ergebnisse vom Auslesen des Ger\u00e4ts zu validieren.<\/p>\n<p>Die Sicherung unverwechselbarer Wisch-Abdr\u00fccke auf dem Display des Smartphones, au\u00dfergew\u00f6hnliche Identifizierungsfunktionen oder IMEI-Angaben auf dem Ger\u00e4teaufkleber unterhalb des Akkus k\u00f6nnen f\u00fcr einen Fall entscheidend sein. Die XRY Camera erm\u00f6glicht Ihnen, diese \u00e4u\u00dferst wichtigen unterst\u00fctzenden Beweisfotos in den entsprechenden XRY-Dateien zu ber\u00fccksichtigen. Sie k\u00f6nnen als Ermittler in Echtzeit Notizen hinzuf\u00fcgen, um Ihren Fall zu st\u00fctzen. Und all dass geschieht in beweiskr\u00e4ftiger Art und Weise.<\/p>\n<p>Die XRY Camera ist eine separate, hardwarebasierte L\u00f6sung.<\/p>\n<p><a class=\"btn btn-primary\" href=\"#form-166554\">Kontakt mit unserem verkauf<\/a>\u00a0 \u00a0 \u00a0 <a class=\"btn btn-outline\" href=\"https:\/\/www.msab.com\/de\/xry_product_family_de\/\">Produkt-datenblatt<\/a><\/p>\n                <\/div><!--\/.editor-content-->\n                \n            <\/div><!--\/.text-col-->\n\n            <div class=\"img-col col-12 col-md-6 d-flex flex-wrap justify-content-center align-items-center\">\n                \n                                <div class=\"img-wrap grad\">\n                    <img decoding=\"async\" width=\"3854\" height=\"2964\" src=\"https:\/\/www.msab.com\/wp-content\/uploads\/2021\/08\/XRY_Camera-1.png\" class=\"attachment-full size-full\" alt=\"XRY Camera\" srcset=\"https:\/\/www.msab.com\/wp-content\/uploads\/2021\/08\/XRY_Camera-1.png 3854w, https:\/\/www.msab.com\/wp-content\/uploads\/2021\/08\/XRY_Camera-1-300x231.png 300w, https:\/\/www.msab.com\/wp-content\/uploads\/2021\/08\/XRY_Camera-1-1024x788.png 1024w, https:\/\/www.msab.com\/wp-content\/uploads\/2021\/08\/XRY_Camera-1-768x591.png 768w, https:\/\/www.msab.com\/wp-content\/uploads\/2021\/08\/XRY_Camera-1-1536x1181.png 1536w, https:\/\/www.msab.com\/wp-content\/uploads\/2021\/08\/XRY_Camera-1-2048x1575.png 2048w, https:\/\/www.msab.com\/wp-content\/uploads\/2021\/08\/XRY_Camera-1-33x25.png 33w, https:\/\/www.msab.com\/wp-content\/uploads\/2021\/08\/XRY_Camera-1-102x78.png 102w, https:\/\/www.msab.com\/wp-content\/uploads\/2021\/08\/XRY_Camera-1-1240x954.png 1240w, https:\/\/www.msab.com\/wp-content\/uploads\/2021\/08\/XRY_Camera-1-500x385.png 500w\" sizes=\"(max-width: 3854px) 100vw, 3854px\" \/>                <\/div><!--\/.img-wrap-->\n                \n            <\/div><!--\/.img-col-->\n\n        <\/div><!--\/.row-->\n    <\/div><!--\/.container-->\n<\/section>\n\n\n<section id=\"\" class=\"block list-block bg-white \">\n    <div class=\"container\">\n\n                \n                <div class=\"list-block__row d-flex\">\n\n            \n            <div class=\"list-block__wrap\">\n                <div class=\"list-block__col editor-content\">\n\n                    <h4 class=\"bold\">Produkt-Highlights<\/h4>                    \n                                        <ul class=\"check-list blue\">\n\n                                                <li>Bilder mit XRY aufnehmen<\/li>\n                                                <li>Einf\u00fcgen in Kategorien<\/li>\n                        \n                    <\/ul><!--\/.check-list-->\n                                    <\/div><!--\/.list-block__col-->\n            <\/div><!--\/.list-block__wrap-->\n            \n            <div class=\"list-block__wrap\">\n                <div class=\"list-block__col editor-content\">\n\n                    <h4 class=\"bold\">&nbsp;<\/h4>                    \n                                        <ul class=\"check-list blue\">\n\n                                                <li>Pr\u00fcfen vor der Aufnahme<\/li>\n                                                <li>Validieren von Daten durch Screenshots<\/li>\n                        \n                    <\/ul><!--\/.check-list-->\n                                    <\/div><!--\/.list-block__col-->\n            <\/div><!--\/.list-block__wrap-->\n            \n            <div class=\"list-block__wrap\">\n                <div class=\"list-block__col editor-content\">\n\n                    <h4 class=\"bold\">&nbsp;<\/h4>                    \n                                        <ul class=\"check-list blue\">\n\n                                                <li>Aufnahme von Bildern in sichere XRY-Protokolle<\/li>\n                        \n                    <\/ul><!--\/.check-list-->\n                                    <\/div><!--\/.list-block__col-->\n            <\/div><!--\/.list-block__wrap-->\n            \n        <\/div><!--\/.list-block__row-->\n        \n    <\/div><!--\/.container-->\n<\/section>\n\n<section id=\"\" class=\"block text-image-columns bg-light-grey \">\n    <div class=\"container\">\n        <div class=\"row img-left\">\n\n            <div class=\"text-col col-12 col-md-6 d-flex flex-wrap justify-content-center align-items-center\">\n\n                                <div class=\"editor-content\">\n                    <h2>Beschaffen Sie unterst\u00fctzende Beweise<\/h2>\n<p>Fotos und Videos von Mobilger\u00e4ten und deren Inhalte verleihen digitalen Beweisen, die in Ermittlungen und Gerichtsverfahren vorgelegt werden, ein wertvolles Ma\u00df an Glaubw\u00fcrdigkeit.<\/p>\n<p>Mit XRY Camera wird es Forensikern und Ermittlern leicht gemacht, Bilder und Videos aufzunehmen und diese in ihren Berichten zu verwenden.<\/p>\n<p><a class=\"btn btn-primary\" href=\"#form-166554\">Angebot einholen<\/a><\/p>\n                <\/div><!--\/.editor-content-->\n                \n            <\/div><!--\/.text-col-->\n\n            <div class=\"img-col col-12 col-md-6 d-flex flex-wrap justify-content-center align-items-center\">\n                \n                                <div class=\"img-wrap grad\">\n                    <img decoding=\"async\" width=\"737\" height=\"733\" src=\"https:\/\/www.msab.com\/wp-content\/uploads\/2021\/08\/XRY_alt_AS_Lab_Visual_Crop-2.jpg\" class=\"attachment-full size-full\" alt=\"XRY Camera in use\" srcset=\"https:\/\/www.msab.com\/wp-content\/uploads\/2021\/08\/XRY_alt_AS_Lab_Visual_Crop-2.jpg 737w, https:\/\/www.msab.com\/wp-content\/uploads\/2021\/08\/XRY_alt_AS_Lab_Visual_Crop-2-300x298.jpg 300w, https:\/\/www.msab.com\/wp-content\/uploads\/2021\/08\/XRY_alt_AS_Lab_Visual_Crop-2-150x150.jpg 150w, https:\/\/www.msab.com\/wp-content\/uploads\/2021\/08\/XRY_alt_AS_Lab_Visual_Crop-2-33x33.jpg 33w, https:\/\/www.msab.com\/wp-content\/uploads\/2021\/08\/XRY_alt_AS_Lab_Visual_Crop-2-102x101.jpg 102w, https:\/\/www.msab.com\/wp-content\/uploads\/2021\/08\/XRY_alt_AS_Lab_Visual_Crop-2-106x106.jpg 106w, https:\/\/www.msab.com\/wp-content\/uploads\/2021\/08\/XRY_alt_AS_Lab_Visual_Crop-2-500x497.jpg 500w\" sizes=\"(max-width: 737px) 100vw, 737px\" \/>                <\/div><!--\/.img-wrap-->\n                \n            <\/div><!--\/.img-col-->\n\n        <\/div><!--\/.row-->\n    <\/div><!--\/.container-->\n<\/section>\n\n\n<section id=\"\" class=\"block two-cards bg-blue-gradient \">\n    <div class=\"container\">\n                <div class=\"two-cards__row d-flex\">\n                        <div class=\"two-cards__card-wrap\">\n\n                <div class=\"two-cards__card\">\n                                        <div class=\"two-cards__card--image-wrap\">\n                        <img decoding=\"async\" width=\"2560\" height=\"1707\" src=\"https:\/\/www.msab.com\/wp-content\/uploads\/2021\/10\/MSAB_Training_3_Icon-scaled.jpg\" class=\"attachment-full size-full\" alt=\"\" srcset=\"https:\/\/www.msab.com\/wp-content\/uploads\/2021\/10\/MSAB_Training_3_Icon-scaled.jpg 2560w, https:\/\/www.msab.com\/wp-content\/uploads\/2021\/10\/MSAB_Training_3_Icon-300x200.jpg 300w, https:\/\/www.msab.com\/wp-content\/uploads\/2021\/10\/MSAB_Training_3_Icon-1024x683.jpg 1024w, https:\/\/www.msab.com\/wp-content\/uploads\/2021\/10\/MSAB_Training_3_Icon-768x512.jpg 768w, https:\/\/www.msab.com\/wp-content\/uploads\/2021\/10\/MSAB_Training_3_Icon-1536x1024.jpg 1536w, https:\/\/www.msab.com\/wp-content\/uploads\/2021\/10\/MSAB_Training_3_Icon-2048x1365.jpg 2048w, https:\/\/www.msab.com\/wp-content\/uploads\/2021\/10\/MSAB_Training_3_Icon-33x22.jpg 33w, https:\/\/www.msab.com\/wp-content\/uploads\/2021\/10\/MSAB_Training_3_Icon-102x68.jpg 102w, https:\/\/www.msab.com\/wp-content\/uploads\/2021\/10\/MSAB_Training_3_Icon-1240x827.jpg 1240w, https:\/\/www.msab.com\/wp-content\/uploads\/2021\/10\/MSAB_Training_3_Icon-500x333.jpg 500w\" sizes=\"(max-width: 2560px) 100vw, 2560px\" \/>                    <\/div><!--\/.two-cards__card--image-wrap-->\n                                        <div class=\"two-cards__card--content-wrap editor-content bg-white\">\n                                                <h4 class=\"two-cards__card--title\">Klassenbeste Schulungen f\u00fcr unsere Nutzer<\/h4>\n                                                <p class=\"two-cards__card--intro\">Wir bieten die fortgeschrittensten Schulungen in der Branche an. Wir haben eigene Vollzeittrainer \u00fcberall auf der Welt verf\u00fcgbar. Nehmen Sie an den Kursen teil, die wir auf unserer Website ausschreiben, oder lassen Sie uns zu einem spezialisierten Training zu Ihnen kommen.<\/p>\n                                                <p class=\"two-cards__card--link\"><a href=\"https:\/\/www.msab.com\/de\/training-overview\/\" title=\"Schulungs\u00fcbersicht\"  >Schulungs\u00fcbersicht<\/a><\/p>\n                                            <\/div><!--\/.two-cards__card--content-wrap-->\n                <\/div><!--\/.two-cards__card-->\n\n            <\/div><!--\/.two-cards__card-wrap-->\n                        <div class=\"two-cards__card-wrap\">\n\n                <div class=\"two-cards__card\">\n                                        <div class=\"two-cards__card--image-wrap\">\n                        <img decoding=\"async\" width=\"600\" height=\"400\" src=\"https:\/\/www.msab.com\/wp-content\/uploads\/2021\/10\/MSAB_Kiosk_Selection_Block_Frontline.jpg\" class=\"attachment-full size-full\" alt=\"\" srcset=\"https:\/\/www.msab.com\/wp-content\/uploads\/2021\/10\/MSAB_Kiosk_Selection_Block_Frontline.jpg 600w, https:\/\/www.msab.com\/wp-content\/uploads\/2021\/10\/MSAB_Kiosk_Selection_Block_Frontline-300x200.jpg 300w, https:\/\/www.msab.com\/wp-content\/uploads\/2021\/10\/MSAB_Kiosk_Selection_Block_Frontline-33x22.jpg 33w, https:\/\/www.msab.com\/wp-content\/uploads\/2021\/10\/MSAB_Kiosk_Selection_Block_Frontline-102x68.jpg 102w, https:\/\/www.msab.com\/wp-content\/uploads\/2021\/10\/MSAB_Kiosk_Selection_Block_Frontline-500x333.jpg 500w\" sizes=\"(max-width: 600px) 100vw, 600px\" \/>                    <\/div><!--\/.two-cards__card--image-wrap-->\n                                        <div class=\"two-cards__card--content-wrap editor-content bg-white\">\n                                                <h4 class=\"two-cards__card--title\">Kombinieren Sie XRY mit unseren Plattformen<\/h4>\n                                                <p class=\"two-cards__card--intro\">MSAB liefert Software zu verschiedenen Hardware-Plattformen. Offene Plattformen wurden f\u00fcr die Anwendung mit Windows-Computern entwickelt und sind per Mausklick zu bedienen. Unsere betriebsfertigen Plattformen sind noch einfacher zu bedienen und bieten Schnittstellen mit Touchscreen.<\/p>\n                                                <p class=\"two-cards__card--link\"><a href=\"https:\/\/www.msab.com\/de\/products\/platforms\/\" title=\"Hardware-plattformen\"  >Hardware-plattformen<\/a><\/p>\n                                            <\/div><!--\/.two-cards__card--content-wrap-->\n                <\/div><!--\/.two-cards__card-->\n\n            <\/div><!--\/.two-cards__card-wrap-->\n                    <\/div><!--\/.two-cards__row-->\n            <\/div><!--\/.container-->\n<\/section>\n\n\n    <style>\n                    #block_61435e923d04a {\n                background-image: url(https:\/\/www.msab.com\/wp-content\/uploads\/2021\/08\/Frontline_MSAB_Field_Phone_Extraction_BG-1.jpg);\n            }\n                    <\/style>\n\n<section id=\"block_61435e923d04a\" class=\"block cta-with-bg-img text-white left-layout bg-overlay \">\n    <div class=\"container\" id=\"\">\n                    <div class=\"text-wrapper\">\n                <h2>Kostenvoranschlag anfordern<\/h2>\n<p style=\"text-align: left;\">Wenn Sie einen Kostenvoranschlag anfordern oder eines unserer Produkte testen wollen, nehmen Sie gerne Kontakt mit uns auf.<\/p>\n<p style=\"text-align: left;\"><span style=\"color: #000000;\"><a class=\"btn btn-primary\" style=\"color: #000000;\" href=\"#form-166554\"><span class=\"VIiyi\" lang=\"de\"><span class=\"JLqJ4b ChMk0b\" data-language-for-alternatives=\"de\" data-language-to-translate-into=\"en\" data-phrase-index=\"0\" data-number-of-phrases=\"1\">Kontaktiere uns<\/span><\/span> <\/a><\/span><\/p>\n            <\/div>\n            <\/div><!--\/container-->\n<\/section>","protected":false},"excerpt":{"rendered":"","protected":false},"author":106,"featured_media":0,"parent":5868,"menu_order":0,"template":"","class_list":["post-5896","product","type-product","status-publish","hentry"],"acf":[],"yoast_head":"<!-- This site is optimized with the Yoast SEO Premium plugin v25.0 (Yoast SEO v27.4) - https:\/\/yoast.com\/product\/yoast-seo-premium-wordpress\/ -->\n<title>XRY Camera - MSAB<\/title>\n<meta name=\"robots\" content=\"index, follow, max-snippet:-1, max-image-preview:large, max-video-preview:-1\" \/>\n<link rel=\"canonical\" href=\"https:\/\/www.msab.com\/de\/product\/xry-extract\/xry-camera\/\" \/>\n<meta property=\"og:locale\" content=\"de_DE\" \/>\n<meta property=\"og:type\" content=\"article\" \/>\n<meta property=\"og:title\" content=\"XRY Camera\" \/>\n<meta property=\"og:url\" content=\"https:\/\/www.msab.com\/de\/product\/xry-extract\/xry-camera\/\" \/>\n<meta property=\"og:site_name\" content=\"MSAB\" \/>\n<meta property=\"article:publisher\" content=\"https:\/\/www.facebook.com\/microsystemation\" \/>\n<meta property=\"article:modified_time\" content=\"2023-11-27T14:44:01+00:00\" \/>\n<meta name=\"twitter:card\" content=\"summary_large_image\" \/>\n<meta name=\"twitter:site\" content=\"@MSAB_XRY\" \/>\n<script type=\"application\/ld+json\" class=\"yoast-schema-graph\">{\"@context\":\"https:\\\/\\\/schema.org\",\"@graph\":[{\"@type\":\"WebPage\",\"@id\":\"https:\\\/\\\/www.msab.com\\\/de\\\/product\\\/xry-extract\\\/xry-camera\\\/\",\"url\":\"https:\\\/\\\/www.msab.com\\\/de\\\/product\\\/xry-extract\\\/xry-camera\\\/\",\"name\":\"XRY Camera - MSAB\",\"isPartOf\":{\"@id\":\"https:\\\/\\\/www.msab.com\\\/de\\\/#website\"},\"datePublished\":\"2021-10-18T12:59:54+00:00\",\"dateModified\":\"2023-11-27T14:44:01+00:00\",\"breadcrumb\":{\"@id\":\"https:\\\/\\\/www.msab.com\\\/de\\\/product\\\/xry-extract\\\/xry-camera\\\/#breadcrumb\"},\"inLanguage\":\"de\",\"potentialAction\":[{\"@type\":\"ReadAction\",\"target\":[\"https:\\\/\\\/www.msab.com\\\/de\\\/product\\\/xry-extract\\\/xry-camera\\\/\"]}]},{\"@type\":\"BreadcrumbList\",\"@id\":\"https:\\\/\\\/www.msab.com\\\/de\\\/product\\\/xry-extract\\\/xry-camera\\\/#breadcrumb\",\"itemListElement\":[{\"@type\":\"ListItem\",\"position\":1,\"name\":\"\",\"item\":\"https:\\\/\\\/www.msab.com\\\/de\\\/\"},{\"@type\":\"ListItem\",\"position\":2,\"name\":\"XRY &#8211; Extract\",\"item\":\"https:\\\/\\\/www.msab.com\\\/de\\\/product\\\/xry-extract\\\/\"},{\"@type\":\"ListItem\",\"position\":3,\"name\":\"XRY Camera\"}]},{\"@type\":\"WebSite\",\"@id\":\"https:\\\/\\\/www.msab.com\\\/de\\\/#website\",\"url\":\"https:\\\/\\\/www.msab.com\\\/de\\\/\",\"name\":\"MSAB\",\"description\":\"Trusted Partner in Digital Forensics\",\"publisher\":{\"@id\":\"https:\\\/\\\/www.msab.com\\\/de\\\/#organization\"},\"potentialAction\":[{\"@type\":\"SearchAction\",\"target\":{\"@type\":\"EntryPoint\",\"urlTemplate\":\"https:\\\/\\\/www.msab.com\\\/de\\\/?s={search_term_string}\"},\"query-input\":{\"@type\":\"PropertyValueSpecification\",\"valueRequired\":true,\"valueName\":\"search_term_string\"}}],\"inLanguage\":\"de\"},{\"@type\":\"Organization\",\"@id\":\"https:\\\/\\\/www.msab.com\\\/de\\\/#organization\",\"name\":\"MSAB\",\"url\":\"https:\\\/\\\/www.msab.com\\\/de\\\/\",\"logo\":{\"@type\":\"ImageObject\",\"inLanguage\":\"de\",\"@id\":\"https:\\\/\\\/www.msab.com\\\/de\\\/#\\\/schema\\\/logo\\\/image\\\/\",\"url\":\"https:\\\/\\\/www.msab.com\\\/wp-content\\\/uploads\\\/2023\\\/03\\\/MSAB-logo-Black-RGB.png\",\"contentUrl\":\"https:\\\/\\\/www.msab.com\\\/wp-content\\\/uploads\\\/2023\\\/03\\\/MSAB-logo-Black-RGB.png\",\"width\":1198,\"height\":353,\"caption\":\"MSAB\"},\"image\":{\"@id\":\"https:\\\/\\\/www.msab.com\\\/de\\\/#\\\/schema\\\/logo\\\/image\\\/\"},\"sameAs\":[\"https:\\\/\\\/www.facebook.com\\\/microsystemation\",\"https:\\\/\\\/x.com\\\/MSAB_XRY\",\"https:\\\/\\\/www.linkedin.com\\\/company\\\/micro-systemation\"]}]}<\/script>\n<!-- \/ Yoast SEO Premium plugin. -->","yoast_head_json":{"title":"XRY Camera - MSAB","robots":{"index":"index","follow":"follow","max-snippet":"max-snippet:-1","max-image-preview":"max-image-preview:large","max-video-preview":"max-video-preview:-1"},"canonical":"https:\/\/www.msab.com\/de\/product\/xry-extract\/xry-camera\/","og_locale":"de_DE","og_type":"article","og_title":"XRY Camera","og_url":"https:\/\/www.msab.com\/de\/product\/xry-extract\/xry-camera\/","og_site_name":"MSAB","article_publisher":"https:\/\/www.facebook.com\/microsystemation","article_modified_time":"2023-11-27T14:44:01+00:00","twitter_card":"summary_large_image","twitter_site":"@MSAB_XRY","schema":{"@context":"https:\/\/schema.org","@graph":[{"@type":"WebPage","@id":"https:\/\/www.msab.com\/de\/product\/xry-extract\/xry-camera\/","url":"https:\/\/www.msab.com\/de\/product\/xry-extract\/xry-camera\/","name":"XRY Camera - MSAB","isPartOf":{"@id":"https:\/\/www.msab.com\/de\/#website"},"datePublished":"2021-10-18T12:59:54+00:00","dateModified":"2023-11-27T14:44:01+00:00","breadcrumb":{"@id":"https:\/\/www.msab.com\/de\/product\/xry-extract\/xry-camera\/#breadcrumb"},"inLanguage":"de","potentialAction":[{"@type":"ReadAction","target":["https:\/\/www.msab.com\/de\/product\/xry-extract\/xry-camera\/"]}]},{"@type":"BreadcrumbList","@id":"https:\/\/www.msab.com\/de\/product\/xry-extract\/xry-camera\/#breadcrumb","itemListElement":[{"@type":"ListItem","position":1,"name":"","item":"https:\/\/www.msab.com\/de\/"},{"@type":"ListItem","position":2,"name":"XRY &#8211; Extract","item":"https:\/\/www.msab.com\/de\/product\/xry-extract\/"},{"@type":"ListItem","position":3,"name":"XRY Camera"}]},{"@type":"WebSite","@id":"https:\/\/www.msab.com\/de\/#website","url":"https:\/\/www.msab.com\/de\/","name":"MSAB","description":"Trusted Partner in Digital Forensics","publisher":{"@id":"https:\/\/www.msab.com\/de\/#organization"},"potentialAction":[{"@type":"SearchAction","target":{"@type":"EntryPoint","urlTemplate":"https:\/\/www.msab.com\/de\/?s={search_term_string}"},"query-input":{"@type":"PropertyValueSpecification","valueRequired":true,"valueName":"search_term_string"}}],"inLanguage":"de"},{"@type":"Organization","@id":"https:\/\/www.msab.com\/de\/#organization","name":"MSAB","url":"https:\/\/www.msab.com\/de\/","logo":{"@type":"ImageObject","inLanguage":"de","@id":"https:\/\/www.msab.com\/de\/#\/schema\/logo\/image\/","url":"https:\/\/www.msab.com\/wp-content\/uploads\/2023\/03\/MSAB-logo-Black-RGB.png","contentUrl":"https:\/\/www.msab.com\/wp-content\/uploads\/2023\/03\/MSAB-logo-Black-RGB.png","width":1198,"height":353,"caption":"MSAB"},"image":{"@id":"https:\/\/www.msab.com\/de\/#\/schema\/logo\/image\/"},"sameAs":["https:\/\/www.facebook.com\/microsystemation","https:\/\/x.com\/MSAB_XRY","https:\/\/www.linkedin.com\/company\/micro-systemation"]}]}},"_links":{"self":[{"href":"https:\/\/www.msab.com\/de\/wp-json\/wp\/v2\/product\/5896","targetHints":{"allow":["GET"]}}],"collection":[{"href":"https:\/\/www.msab.com\/de\/wp-json\/wp\/v2\/product"}],"about":[{"href":"https:\/\/www.msab.com\/de\/wp-json\/wp\/v2\/types\/product"}],"author":[{"embeddable":true,"href":"https:\/\/www.msab.com\/de\/wp-json\/wp\/v2\/users\/106"}],"up":[{"embeddable":true,"href":"https:\/\/www.msab.com\/de\/wp-json\/wp\/v2\/product\/5868"}],"wp:attachment":[{"href":"https:\/\/www.msab.com\/de\/wp-json\/wp\/v2\/media?parent=5896"}],"curies":[{"name":"wp","href":"https:\/\/api.w.org\/{rel}","templated":true}]}}