{"id":218764,"date":"2025-01-06T12:12:00","date_gmt":"2025-01-06T11:12:00","guid":{"rendered":"https:\/\/www.msab.com\/?post_type=product&#038;p=218764"},"modified":"2025-03-03T15:23:08","modified_gmt":"2025-03-03T14:23:08","slug":"unify-collaborate","status":"publish","type":"product","link":"https:\/\/www.msab.com\/de\/product\/unify-collaborate\/","title":{"rendered":"Unify Collaborate"},"content":{"rendered":"\n<section id=\"\" class=\"block product-hero  \">\n    <div class=\"bg-image\">\n        <div class=\"img\" style=\"background-image: url(https:\/\/www.msab.com\/wp-content\/uploads\/2025\/01\/UNIFY-Collaborate-00.png);\"><\/div>\n    <\/div>\n    <div class=\"container\">\n\n        <div class=\"text-wrapper text-white text-center\">\n\n            <img decoding=\"async\" width=\"204\" height=\"126\" src=\"https:\/\/www.msab.com\/wp-content\/uploads\/2025\/01\/UNIFY_Collaborate_Logo_RGB__White-e1741012106198.png\" class=\"product-logo\" alt=\"\" \/>\n            <p class=\"intro\">F\u00f6rderung der Zusammenarbeit zwischen den Pr\u00fcfern<\/p>\n        <\/div><!--\/text-wrapper-->\n        <div class=\"breadcrumb-part dark\"><nav id=\"breadcrumbs\" class=\"bread-nav\"><span><span><a href=\"https:\/\/www.msab.com\/de\/\"><i class=\"fas fa-home\"><\/i><\/a><\/span><\/span><\/nav><\/div>    <\/div><!--\/container-->\n<\/section>\n\n\n\n<section id=\"\" class=\"block regular-content   pt-regular pb-regular bg-white\">\n    <div class=\"container two-columns\">\n                    <div class=\"editor-content\">\n                <h2>Was ist UNIFY Collaborate?<\/h2>\n<p>UNIFY Collaborate erf\u00fcllt alle Anforderungen f\u00fcr den zunehmenden Bedarf digitaler Ermittlungen und steigert sowohl Effizienz als auch Sicherheit. Die L\u00f6sung erm\u00f6glicht Zusammenarbeit in Echtzeit, sodass mehrere Ermittler gleichzeitig an einem Fall arbeiten k\u00f6nnen. Dank der Zentralisierung von Beweisen und der Sicherung der Beweismittelkette werden potenzielle Sicherheitsprobleme vermieden, die durch die Speicherung von Beweismaterial auf Wechseldatentr\u00e4gern entstehen. Zuverl\u00e4ssige Zugriffskontrolle und detaillierte Protokollierung sorgen daf\u00fcr, dass Daten nur von autorisierten Benutzern verwaltet werden, und gew\u00e4hrleistet dadurch vollst\u00e4ndige Compliance.<\/p>\n<p>&nbsp;<\/p>\n<p><a class=\"btn btn-primary\" href=\"#form-166554\">Vertrieb kontaktieren<\/a> \u00a0 \u00a0 \u00a0 <a class=\"btn btn-outline\" href=\"https:\/\/www.msab.com\/unify_de\" target=\"_blank\" rel=\"noopener\">Produktdatenblatt<\/a><\/p>\n            <\/div><!--\/.editor-content-->\n                            <div class=\"editor-content\">\n                <p><img decoding=\"async\" class=\"alignnone size-large wp-image-221189\" src=\"https:\/\/www.msab.com\/wp-content\/uploads\/2025\/01\/UNIFY_diagram-1024x640.png\" alt=\"\" width=\"1024\" height=\"640\" srcset=\"https:\/\/www.msab.com\/wp-content\/uploads\/2025\/01\/UNIFY_diagram-1024x640.png 1024w, https:\/\/www.msab.com\/wp-content\/uploads\/2025\/01\/UNIFY_diagram-300x187.png 300w, https:\/\/www.msab.com\/wp-content\/uploads\/2025\/01\/UNIFY_diagram-768x480.png 768w, https:\/\/www.msab.com\/wp-content\/uploads\/2025\/01\/UNIFY_diagram-1536x960.png 1536w, https:\/\/www.msab.com\/wp-content\/uploads\/2025\/01\/UNIFY_diagram-33x21.png 33w, https:\/\/www.msab.com\/wp-content\/uploads\/2025\/01\/UNIFY_diagram-102x64.png 102w, https:\/\/www.msab.com\/wp-content\/uploads\/2025\/01\/UNIFY_diagram-1240x775.png 1240w, https:\/\/www.msab.com\/wp-content\/uploads\/2025\/01\/UNIFY_diagram-1180x737.png 1180w, https:\/\/www.msab.com\/wp-content\/uploads\/2025\/01\/UNIFY_diagram-500x312.png 500w, https:\/\/www.msab.com\/wp-content\/uploads\/2025\/01\/UNIFY_diagram.png 1921w\" sizes=\"(max-width: 1024px) 100vw, 1024px\" \/><\/p>\n            <\/div><!--\/.editor-content-->\n            <\/div><!--\/.container-->\n<\/section><!--\/.regular-content-->\n\n\n<section id=\"\" class=\"block video-block bg-light-grey \">\n    <div class=\"container\">\n                            <div class=\"video\">\n                <a class=\"video--link d-block\" data-fancybox data-src=\"https:\/\/www.msab.com\/wp-content\/uploads\/2025\/01\/MSAB-UNIFY-Collaborate.mp4\" title=\"Click to view video\">\n                    <img decoding=\"async\" width=\"1903\" height=\"1070\" src=\"https:\/\/www.msab.com\/wp-content\/uploads\/2021\/08\/Skarmbild-2024-12-02-165451.png\" class=\"video--cover\" alt=\"\" srcset=\"https:\/\/www.msab.com\/wp-content\/uploads\/2021\/08\/Skarmbild-2024-12-02-165451.png 1903w, https:\/\/www.msab.com\/wp-content\/uploads\/2021\/08\/Skarmbild-2024-12-02-165451-300x169.png 300w, https:\/\/www.msab.com\/wp-content\/uploads\/2021\/08\/Skarmbild-2024-12-02-165451-1024x576.png 1024w, https:\/\/www.msab.com\/wp-content\/uploads\/2021\/08\/Skarmbild-2024-12-02-165451-768x432.png 768w, https:\/\/www.msab.com\/wp-content\/uploads\/2021\/08\/Skarmbild-2024-12-02-165451-1536x864.png 1536w, https:\/\/www.msab.com\/wp-content\/uploads\/2021\/08\/Skarmbild-2024-12-02-165451-33x19.png 33w, https:\/\/www.msab.com\/wp-content\/uploads\/2021\/08\/Skarmbild-2024-12-02-165451-102x57.png 102w, https:\/\/www.msab.com\/wp-content\/uploads\/2021\/08\/Skarmbild-2024-12-02-165451-1240x697.png 1240w, https:\/\/www.msab.com\/wp-content\/uploads\/2021\/08\/Skarmbild-2024-12-02-165451-500x281.png 500w\" sizes=\"(max-width: 1903px) 100vw, 1903px\" \/>                <\/a>\n            <\/div><!--\/.video-->\n            <\/div><!--\/.container-->\n<\/section>\n\n\n    <style>\n                    #block_b7f4b66523d38a48189cb7b6ae5f66f0 {\n                background-image: url(https:\/\/www.msab.com\/wp-content\/uploads\/2025\/01\/UNIFY-Collaborate-05.png);\n            }\n                    <\/style>\n\n<section id=\"block_b7f4b66523d38a48189cb7b6ae5f66f0\" class=\"block cta-with-bg-img text-white centered-layout bg-overlay \">\n    <div class=\"container\" id=\"\">\n                    <div class=\"text-wrapper\">\n                <h3>Webinar ansehen<\/h3>\n<h4>Mit unserer leistungsstarken neuen L\u00f6sung k\u00f6nnen Sie digitale Beweismittel m\u00fchelos verwalten und Ihre Ermittlungsf\u00e4higkeiten auf ein neues Niveau heben. Entdecken Sie, wie Sie mit diesem Tool Ihre Arbeitsabl\u00e4ufe straffen, die Genauigkeit verbessern und neue Effizienzpotenziale in Ihren Ermittlungen erschlie\u00dfen k\u00f6nnen.<\/h4>\n<p>&nbsp;<\/p>\n<p><a class=\"btn btn-primary\" style=\"color: #000000;\" href=\"https:\/\/www.bigmarker.com\/msab-webinars\/A-New-Era-in-Digital-Investigations-Be-the-First-to-Discover\">Link zum Webinar<\/a><\/p>\n            <\/div>\n            <\/div><!--\/container-->\n<\/section>\n\n\n<section id=\"\" class=\"block list-block bg-light-grey \">\n    <div class=\"container\">\n\n                <div class=\"list-block__top-content editor-content left\">\n            <h3>Wesentliche Vorteile<\/h3>\n        <\/div><!--\/.top-content-->\n                \n                <div class=\"list-block__row d-flex\">\n\n            \n            <div class=\"list-block__wrap\">\n                <div class=\"list-block__col editor-content\">\n\n                                        \n                                        <ul class=\"check-list blue\">\n\n                                                <li><b>Zusammenarbeit in Echtzeit <\/b><br>Mehrere Benutzer k\u00f6nnen gleichzeitig an einem Fall arbeiten.<\/li>\n                                                <li><b>Zentralisierung beweiskr\u00e4ftiger Daten<\/b><br>S\u00e4mtliche Daten werden an einem oder mehreren zentralen Orten gespeichert und Benutzern \u00fcber einen einzigen Zugangspunkt zur Verf\u00fcgung gestellt.<\/li>\n                                                <li><b>Zugriffskontrolle und Audit<\/b><br>Rollen und Berechtigungen definieren, welche Aufgaben von welchen Benutzern in welchen F\u00e4llen ausgef\u00fchrt werden d\u00fcrfen.<\/li>\n                        \n                    <\/ul><!--\/.check-list-->\n                                    <\/div><!--\/.list-block__col-->\n            <\/div><!--\/.list-block__wrap-->\n            \n            <div class=\"list-block__wrap\">\n                <div class=\"list-block__col editor-content\">\n\n                                        \n                                        <ul class=\"check-list blue\">\n\n                                                <li><b>Sicherung der Beweismittelkette<\/b><br> Laden Sie Daten nahtlos \u00fcber XRY, MSAB-Kioske und -Tablets hoch. USB-Sticks sind nicht mehr erforderlich.<\/li>\n                                                <li><b>Zeit- und Ressourceneffizienz<\/b><br>Berechtigungen werden automatisch auf der Grundlage von Benutzereingaben oder vordefinierten Regeln festgelegt.<\/li>\n                                                <li><b>Kostensparende Datenspeicherung<\/b><br>Es k\u00f6nnen mehrere Backend-Speicheranbieter und -ebenen verwendet werden; unver\u00e4nderliche Beweisdaten mit Rollback-Unterst\u00fctzung.<\/li>\n                        \n                    <\/ul><!--\/.check-list-->\n                                    <\/div><!--\/.list-block__col-->\n            <\/div><!--\/.list-block__wrap-->\n            \n            <div class=\"list-block__wrap\">\n                <div class=\"list-block__col editor-content\">\n\n                                        \n                                        <ul class=\"check-list blue\">\n\n                                                <li><b>Vollst\u00e4ndig ausgestattetes Pr\u00fcfwerkzeug<\/b><br>Pr\u00fcfen und analysieren Sie Daten mit XAMN Pro und profitieren Sie von ma\u00dfgeschneiderten Ansichten f\u00fcr verschiedene Datentypen, CSAMEinstufungsfunktionen (Child Sexual Abuse Material, Darstellungen des sexuellen Missbrauchs von Kindern) und erstklassiger Audio-\/Video-Codec-Unterst\u00fctzung.<\/li>\n                                                <li><b>Leistungsstarke Berichterstattung<\/b><br> Mithilfe von Report Builder k\u00f6nnen Sie m\u00fchelos Berichte auf der Grundlage benutzerdefinierter Vorlagen erstellen. Dabei haben Sie auch die M\u00f6glichkeit, sensible Informationen unkenntlich zu machen.<\/li>\n                                                <li><b>Flexible Bereitstellungsoptionen<\/b><br> Die L\u00f6sung kann auf lokaler Hardware sowie auf Azure und AWS installiert und ausgef\u00fchrt werden.<\/li>\n                        \n                    <\/ul><!--\/.check-list-->\n                                    <\/div><!--\/.list-block__col-->\n            <\/div><!--\/.list-block__wrap-->\n            \n        <\/div><!--\/.list-block__row-->\n        \n    <\/div><!--\/.container-->\n<\/section>\n\n\n    <style>\n                    #block_59c56fb0f5389021b68e100e29b64f15 {\n                background-image: url(https:\/\/www.msab.com\/wp-content\/uploads\/2025\/01\/UNIFY-Collaborate-.png);\n            }\n                    <\/style>\n\n<section id=\"block_59c56fb0f5389021b68e100e29b64f15\" class=\"block cta-with-bg-img text-white centered-layout \">\n    <div class=\"container\" id=\"\">\n                    <div class=\"text-wrapper\">\n                <h3>Ben\u00f6tigen Sie mehr Details \u00fcber UNIFY, seine Funktionen und andere relevante Informationen f\u00fcr Ihre Organisation Organisation? Dann schreiben Sie eine an uns.<\/h3>\n<p><a class=\"btn btn-primary\" href=\"#form-166554\">Demo buchen!<\/a><\/p>\n<p>&nbsp;<\/p>\n            <\/div>\n            <\/div><!--\/container-->\n<\/section>","protected":false},"excerpt":{"rendered":"","protected":false},"author":106,"featured_media":0,"parent":0,"menu_order":0,"template":"","class_list":["post-218764","product","type-product","status-publish","hentry"],"acf":[],"yoast_head":"<!-- This site is optimized with the Yoast SEO Premium plugin v25.0 (Yoast SEO v27.6) - https:\/\/yoast.com\/product\/yoast-seo-premium-wordpress\/ -->\n<title>Unify Collaborate - MSAB<\/title>\n<meta name=\"robots\" content=\"index, follow, max-snippet:-1, max-image-preview:large, max-video-preview:-1\" \/>\n<link rel=\"canonical\" href=\"https:\/\/www.msab.com\/de\/product\/unify-collaborate\/\" \/>\n<meta property=\"og:locale\" content=\"de_DE\" \/>\n<meta property=\"og:type\" content=\"article\" \/>\n<meta property=\"og:title\" content=\"Unify Collaborate\" \/>\n<meta property=\"og:url\" content=\"https:\/\/www.msab.com\/de\/product\/unify-collaborate\/\" \/>\n<meta property=\"og:site_name\" content=\"MSAB\" \/>\n<meta property=\"article:publisher\" content=\"https:\/\/www.facebook.com\/microsystemation\" \/>\n<meta property=\"article:modified_time\" content=\"2025-03-03T14:23:08+00:00\" \/>\n<meta name=\"twitter:card\" content=\"summary_large_image\" \/>\n<meta name=\"twitter:site\" content=\"@MSAB_XRY\" \/>\n<meta name=\"twitter:label1\" content=\"Gesch\u00e4tzte Lesezeit\" \/>\n\t<meta name=\"twitter:data1\" content=\"3\u00a0Minuten\" \/>\n<script type=\"application\/ld+json\" class=\"yoast-schema-graph\">{\"@context\":\"https:\\\/\\\/schema.org\",\"@graph\":[{\"@type\":\"WebPage\",\"@id\":\"https:\\\/\\\/www.msab.com\\\/de\\\/product\\\/unify-collaborate\\\/\",\"url\":\"https:\\\/\\\/www.msab.com\\\/de\\\/product\\\/unify-collaborate\\\/\",\"name\":\"Unify Collaborate - MSAB\",\"isPartOf\":{\"@id\":\"https:\\\/\\\/www.msab.com\\\/de\\\/#website\"},\"datePublished\":\"2025-01-06T11:12:00+00:00\",\"dateModified\":\"2025-03-03T14:23:08+00:00\",\"breadcrumb\":{\"@id\":\"https:\\\/\\\/www.msab.com\\\/de\\\/product\\\/unify-collaborate\\\/#breadcrumb\"},\"inLanguage\":\"de\",\"potentialAction\":[{\"@type\":\"ReadAction\",\"target\":[\"https:\\\/\\\/www.msab.com\\\/de\\\/product\\\/unify-collaborate\\\/\"]}]},{\"@type\":\"BreadcrumbList\",\"@id\":\"https:\\\/\\\/www.msab.com\\\/de\\\/product\\\/unify-collaborate\\\/#breadcrumb\",\"itemListElement\":[{\"@type\":\"ListItem\",\"position\":1,\"name\":\"\",\"item\":\"https:\\\/\\\/www.msab.com\\\/de\\\/\"},{\"@type\":\"ListItem\",\"position\":2,\"name\":\"Unify Collaborate\"}]},{\"@type\":\"WebSite\",\"@id\":\"https:\\\/\\\/www.msab.com\\\/de\\\/#website\",\"url\":\"https:\\\/\\\/www.msab.com\\\/de\\\/\",\"name\":\"MSAB\",\"description\":\"Trusted Partner in Digital Forensics\",\"publisher\":{\"@id\":\"https:\\\/\\\/www.msab.com\\\/de\\\/#organization\"},\"potentialAction\":[{\"@type\":\"SearchAction\",\"target\":{\"@type\":\"EntryPoint\",\"urlTemplate\":\"https:\\\/\\\/www.msab.com\\\/de\\\/?s={search_term_string}\"},\"query-input\":{\"@type\":\"PropertyValueSpecification\",\"valueRequired\":true,\"valueName\":\"search_term_string\"}}],\"inLanguage\":\"de\"},{\"@type\":\"Organization\",\"@id\":\"https:\\\/\\\/www.msab.com\\\/de\\\/#organization\",\"name\":\"MSAB\",\"url\":\"https:\\\/\\\/www.msab.com\\\/de\\\/\",\"logo\":{\"@type\":\"ImageObject\",\"inLanguage\":\"de\",\"@id\":\"https:\\\/\\\/www.msab.com\\\/de\\\/#\\\/schema\\\/logo\\\/image\\\/\",\"url\":\"https:\\\/\\\/www.msab.com\\\/wp-content\\\/uploads\\\/2023\\\/03\\\/MSAB-logo-Black-RGB.png\",\"contentUrl\":\"https:\\\/\\\/www.msab.com\\\/wp-content\\\/uploads\\\/2023\\\/03\\\/MSAB-logo-Black-RGB.png\",\"width\":1198,\"height\":353,\"caption\":\"MSAB\"},\"image\":{\"@id\":\"https:\\\/\\\/www.msab.com\\\/de\\\/#\\\/schema\\\/logo\\\/image\\\/\"},\"sameAs\":[\"https:\\\/\\\/www.facebook.com\\\/microsystemation\",\"https:\\\/\\\/x.com\\\/MSAB_XRY\",\"https:\\\/\\\/www.linkedin.com\\\/company\\\/micro-systemation\"]}]}<\/script>\n<!-- \/ Yoast SEO Premium plugin. -->","yoast_head_json":{"title":"Unify Collaborate - MSAB","robots":{"index":"index","follow":"follow","max-snippet":"max-snippet:-1","max-image-preview":"max-image-preview:large","max-video-preview":"max-video-preview:-1"},"canonical":"https:\/\/www.msab.com\/de\/product\/unify-collaborate\/","og_locale":"de_DE","og_type":"article","og_title":"Unify Collaborate","og_url":"https:\/\/www.msab.com\/de\/product\/unify-collaborate\/","og_site_name":"MSAB","article_publisher":"https:\/\/www.facebook.com\/microsystemation","article_modified_time":"2025-03-03T14:23:08+00:00","twitter_card":"summary_large_image","twitter_site":"@MSAB_XRY","twitter_misc":{"Gesch\u00e4tzte Lesezeit":"3\u00a0Minuten"},"schema":{"@context":"https:\/\/schema.org","@graph":[{"@type":"WebPage","@id":"https:\/\/www.msab.com\/de\/product\/unify-collaborate\/","url":"https:\/\/www.msab.com\/de\/product\/unify-collaborate\/","name":"Unify Collaborate - MSAB","isPartOf":{"@id":"https:\/\/www.msab.com\/de\/#website"},"datePublished":"2025-01-06T11:12:00+00:00","dateModified":"2025-03-03T14:23:08+00:00","breadcrumb":{"@id":"https:\/\/www.msab.com\/de\/product\/unify-collaborate\/#breadcrumb"},"inLanguage":"de","potentialAction":[{"@type":"ReadAction","target":["https:\/\/www.msab.com\/de\/product\/unify-collaborate\/"]}]},{"@type":"BreadcrumbList","@id":"https:\/\/www.msab.com\/de\/product\/unify-collaborate\/#breadcrumb","itemListElement":[{"@type":"ListItem","position":1,"name":"","item":"https:\/\/www.msab.com\/de\/"},{"@type":"ListItem","position":2,"name":"Unify Collaborate"}]},{"@type":"WebSite","@id":"https:\/\/www.msab.com\/de\/#website","url":"https:\/\/www.msab.com\/de\/","name":"MSAB","description":"Trusted Partner in Digital Forensics","publisher":{"@id":"https:\/\/www.msab.com\/de\/#organization"},"potentialAction":[{"@type":"SearchAction","target":{"@type":"EntryPoint","urlTemplate":"https:\/\/www.msab.com\/de\/?s={search_term_string}"},"query-input":{"@type":"PropertyValueSpecification","valueRequired":true,"valueName":"search_term_string"}}],"inLanguage":"de"},{"@type":"Organization","@id":"https:\/\/www.msab.com\/de\/#organization","name":"MSAB","url":"https:\/\/www.msab.com\/de\/","logo":{"@type":"ImageObject","inLanguage":"de","@id":"https:\/\/www.msab.com\/de\/#\/schema\/logo\/image\/","url":"https:\/\/www.msab.com\/wp-content\/uploads\/2023\/03\/MSAB-logo-Black-RGB.png","contentUrl":"https:\/\/www.msab.com\/wp-content\/uploads\/2023\/03\/MSAB-logo-Black-RGB.png","width":1198,"height":353,"caption":"MSAB"},"image":{"@id":"https:\/\/www.msab.com\/de\/#\/schema\/logo\/image\/"},"sameAs":["https:\/\/www.facebook.com\/microsystemation","https:\/\/x.com\/MSAB_XRY","https:\/\/www.linkedin.com\/company\/micro-systemation"]}]}},"_links":{"self":[{"href":"https:\/\/www.msab.com\/de\/wp-json\/wp\/v2\/product\/218764","targetHints":{"allow":["GET"]}}],"collection":[{"href":"https:\/\/www.msab.com\/de\/wp-json\/wp\/v2\/product"}],"about":[{"href":"https:\/\/www.msab.com\/de\/wp-json\/wp\/v2\/types\/product"}],"author":[{"embeddable":true,"href":"https:\/\/www.msab.com\/de\/wp-json\/wp\/v2\/users\/106"}],"wp:attachment":[{"href":"https:\/\/www.msab.com\/de\/wp-json\/wp\/v2\/media?parent=218764"}],"curies":[{"name":"wp","href":"https:\/\/api.w.org\/{rel}","templated":true}]}}