{"id":607287,"date":"2025-10-06T14:19:13","date_gmt":"2025-10-06T12:19:13","guid":{"rendered":"https:\/\/www.msab.com\/?page_id=607287"},"modified":"2025-11-17T19:27:09","modified_gmt":"2025-11-17T18:27:09","slug":"xryprofirst","status":"publish","type":"page","link":"https:\/\/www.msab.com\/de\/xryprofirst\/","title":{"rendered":"XRY Pro First"},"content":{"rendered":"<section id=\"\" class=\"blocks hp-hero bg-white\"  >\n\n        <div class=\"bg-video\">\n        <video autoplay=\"\" playsinline=\"\" muted=\"\" loop=\"true\" width=\"1920\" height=\"1080\">\n            <source type=\"video\/mp4\" src=\"https:\/\/www.msab.com\/wp-content\/uploads\/2025\/09\/headerXRYProFirst.mp4\">\n        <\/video>\n    <\/div>\n\n    \n    <div class=\"container-hero\">\n                    <div class=\"text-wrapper\">\n                <h1 class=\"title h1\"><span style=\"color: #ffffff;\">XRY Pro <span style=\"color: #fec52d;\">First.<\/span><\/span><\/h1>\n<h2><span style=\"color: #ffffff;\">Because it works.<\/span><\/h2>\n<p><span style=\"color: #ffffff;\">Sie als Ermittler verdienen eine Technologie, die mit den Ger\u00e4ten Schritt h\u00e4lt, mit denen Sie arbeiten \u2013 Tools, die nicht nur funktionieren, sondern zuverl\u00e4ssig gleich beim ersten Einsatz.<\/span><\/p>\n<p><span style=\"color: #ffffff;\">Denn wenn jede Minute z\u00e4hlt, gibt es keine zweite Chance. <\/span><\/p>\n<p><span style=\"color: #ffffff;\">XRY Pro wurde f\u00fcr Ermittler entwickelt, die einen zuverl\u00e4ssigen, sofortigen Zugriff auf digitale Beweismittel ben\u00f6tigen. Keine Verz\u00f6gerungen. Keine Wiederholungen. Nur konsistente Ergebnisse, selbst bei den schwierigsten Ger\u00e4ten. <\/span><\/p>\n<p>\u200b<br \/>\n<span style=\"color: #000000;\"><a class=\"btn btn-primary\" style=\"color: #000000;\" href=\"#form-166554\">Sprechen Sie mit einem Experten<\/a><\/span><\/p>\n            <\/div>\n            <\/div><!--\/container-fluid-->\n<\/section>\n\n\n\n\n<section id=\"\" class=\"block usp-cards bg-BlueWhale2 \">\n    <div class=\"container\">\n\n         \n        <div class=\"title-wrap\">\n            <pre>XRY Pro<\/pre>\n<h2>F\u00fcr die Realit\u00e4t moderner mobiler Forensik gemacht\u200b<\/h2>\n        <\/div><!--\/.title-wrap-->\n                \n                <div class=\"usp-cards__container\">\n\n                        <div class=\"usp-cards__wrap\">\n                <div class=\"usp-cards__card\">\n                    <div class=\"usp_icon-wrapper\"><i class=\"fa-classic fa-regular fa-unlock\" aria-hidden=\"true\"><\/i><\/div><h3>Volle Gewissheit bei jeder Extraktion.  <\/h3><p>Ein Ger\u00e4t kann volatile, fallentscheidende Daten enthalten, die leicht verloren gehen, wenn sie unsachgem\u00e4\u00df behandelt werden. Deshalb wurde XRY Pro f\u00fcr den Erfolg beim ersten Versuch entwickelt und nutzt propriet\u00e4re Android-Funktionen, um zuverl\u00e4ssigen Zugriff auf eine Vielzahl von Ger\u00e4ten zu gew\u00e4hrleisten. Wenn es auf Beweise ankommt, brauchen Sie ein Tool, das liefert. <\/p>                <\/div><!--\/.card-->\n            <\/div><!--\/.card-wrap-->\n                        <div class=\"usp-cards__wrap\">\n                <div class=\"usp-cards__card\">\n                    <div class=\"usp_icon-wrapper\"><i class=\"fa-classic fa-regular fa-bolt\" aria-hidden=\"true\"><\/i><\/div><h3>Kein anderes Tool bietet Ihnen denselben Zugriff. <\/h3><p>MSABs RAM Forensics, die einzige L\u00f6sung dieser Art, macht dies m\u00f6glich \u2013 sie erm\u00f6glicht es Ermittlern, sensible und zeitkritische Daten zu extrahieren, die andere nicht extrahieren k\u00f6nnen. Mit XRY Pro erfassen Sie alle wichtigen Beweise zuverl\u00e4ssig und vollst\u00e4ndig. <\/p>                <\/div><!--\/.card-->\n            <\/div><!--\/.card-wrap-->\n                        <div class=\"usp-cards__wrap\">\n                <div class=\"usp-cards__card\">\n                    <div class=\"usp_icon-wrapper\"><i class=\"fa-classic fa-regular fa-trophy\" aria-hidden=\"true\"><\/i><\/div><h3>Von gesperrten Ger\u00e4ten bis hin zu verschl\u00fcsselten Daten \u2013 XRY Pro extrahiert, was andere \u00fcbersehen.  <\/h3><p>Mit marktf\u00fchrender Brute-Force-Technologie erm\u00f6glicht es die vollst\u00e4ndige physikalische Extraktion, selbst auf gesperrten und neu gestarteten Ger\u00e4ten. Kein Teilzugriff. Keine Einschr\u00e4nkungen. Voller Zugriff auf die wichtigen Beweise. <\/p>                <\/div><!--\/.card-->\n            <\/div><!--\/.card-wrap-->\n                        \n        <\/div><!--\/.card-container-->\n\n                    <\/div><!--\/.container-->\n<\/section>\n\n\n<section id=\"\" class=\"block list-block bg-light-grey \">\n    <div class=\"container\">\n\n                <div class=\"list-block__top-content editor-content center\">\n            <h1 style=\"text-align: center;\"><span style=\"color: #000000;\">Wichtigste Vorteile<\/span><\/h1>\n        <\/div><!--\/.top-content-->\n                \n                <div class=\"list-block__row d-flex\">\n\n            \n            <div class=\"list-block__wrap\">\n                <div class=\"list-block__col editor-content\">\n\n                                        \n                                        <ul class=\"check-list msab-blue\">\n\n                                                <li><b>Erweiterter Ger\u00e4tezugriff:<\/b> Nutzen Sie neueste, einzigartige propriet\u00e4re Zugriffsmethoden, mit denen Sie Daten selbst aus besonders sicheren Ger\u00e4ten extrahieren k\u00f6nnen \u2013 auch wenn diese gesperrt sind. <\/li>\n                                                <li><b>RAM-Extraktion und -Analyse:<\/b> Erfassen und analysieren Sie sensible, zeitkritische Daten, die andere nicht erreichen, und gewinnen Sie so tiefere forensische Einsichten. <\/li>\n                                                <li><b>BruteStorm Surge-Technologie:<\/b>Beschleunigen Sie die Entschl\u00fcsselung komplexer Passw\u00f6rter und verringern Sie die Dauer von Brute\u2011Force\u2011Vorg\u00e4ngen erheblich.<\/li>\n                                                <li><b>Dreifache Extraktionsleistung:<\/b>Extrahieren oder entschl\u00fcsseln Sie Daten von bis zu drei Ger\u00e4ten gleichzeitig \u2013 ganz ohne zus\u00e4tzliche Lizenz.<\/li>\n                        \n                    <\/ul><!--\/.check-list-->\n                                    <\/div><!--\/.list-block__col-->\n            <\/div><!--\/.list-block__wrap-->\n            \n            <div class=\"list-block__wrap\">\n                <div class=\"list-block__col editor-content\">\n\n                                        \n                                        <ul class=\"check-list msab-blue\">\n\n                                                <li><b>Ultimative Flexibilit\u00e4t und Datenschutz:<\/b>XRY Pro\u2011Lizenzen sind nicht geografisch beschr\u00e4nkt. Mit der selektiven Extraktionsfunktion holen Sie nur die Daten, die Sie ben\u00f6tigen, und halten gleichzeitig geltende Datenschutzvorgaben ein. <\/li>\n                                                <li><b>Integrierte Python-Skripterstellung:<\/b>Automatisieren und passen Sie Extraktionen direkt an \u2013 ohne zus\u00e4tzliche Kosten. <\/li>\n                                                <li><b>Vollst\u00e4ndige Offline-F\u00e4higkeit: <\/b> XRY Pro arbeitet komplett offline, sodass Ihre Extraktionsm\u00f6glichkeiten nie von einer Netzwerkverbindung abh\u00e4ngen.<\/li>\n                                                <li><b>Transparente Pr\u00fcfprotokolle<\/b>  Jede Aktion wird l\u00fcckenlos protokolliert und zur vollst\u00e4ndigen Nachvollziehbarkeit exportierbar. <\/li>\n                        \n                    <\/ul><!--\/.check-list-->\n                                    <\/div><!--\/.list-block__col-->\n            <\/div><!--\/.list-block__wrap-->\n            \n        <\/div><!--\/.list-block__row-->\n        \n    <\/div><!--\/.container-->\n<\/section>\n\n\n<section id=\"\" class=\"block video-block bg-BlueWhale2 \">\n    <div class=\"container\">\n                    <div class=\"editor-content center\">\n                <h2 style=\"text-align: center;\">Real-world results from the field.<\/h2>\n<p style=\"text-align: center;\">Hear <strong>District Attorney Jesse Wilson<\/strong> explain how XRY Pro empowers investigators to access critical mobile evidence\u2014quickly, reliably, and within legal boundaries. See how advanced extraction technology is changing the way justice is served.<\/p>\n            <\/div><!--\/.editor-content-->\n                            <div class=\"video\">\n                <a class=\"video--link d-block\" data-fancybox data-src=\"https:\/\/youtu.be\/H_xvouNpcI4\" title=\"Click to view video\">\n                    <img decoding=\"async\" width=\"2560\" height=\"1440\" src=\"https:\/\/www.msab.com\/wp-content\/uploads\/2025\/09\/jessewilson-scaled.jpg\" class=\"video--cover\" alt=\"\" srcset=\"https:\/\/www.msab.com\/wp-content\/uploads\/2025\/09\/jessewilson-scaled.jpg 2560w, https:\/\/www.msab.com\/wp-content\/uploads\/2025\/09\/jessewilson-300x169.jpg 300w, https:\/\/www.msab.com\/wp-content\/uploads\/2025\/09\/jessewilson-1024x576.jpg 1024w, https:\/\/www.msab.com\/wp-content\/uploads\/2025\/09\/jessewilson-768x432.jpg 768w, https:\/\/www.msab.com\/wp-content\/uploads\/2025\/09\/jessewilson-1536x864.jpg 1536w, https:\/\/www.msab.com\/wp-content\/uploads\/2025\/09\/jessewilson-2048x1152.jpg 2048w, https:\/\/www.msab.com\/wp-content\/uploads\/2025\/09\/jessewilson-33x19.jpg 33w, https:\/\/www.msab.com\/wp-content\/uploads\/2025\/09\/jessewilson-102x57.jpg 102w, https:\/\/www.msab.com\/wp-content\/uploads\/2025\/09\/jessewilson-1240x698.jpg 1240w, https:\/\/www.msab.com\/wp-content\/uploads\/2025\/09\/jessewilson-1180x664.jpg 1180w, https:\/\/www.msab.com\/wp-content\/uploads\/2025\/09\/jessewilson-500x281.jpg 500w\" sizes=\"(max-width: 2560px) 100vw, 2560px\" \/>                <\/a>\n            <\/div><!--\/.video-->\n            <\/div><!--\/.container-->\n<\/section>\n\n<section id=\"\" class=\"block link-cards bg-light-grey \">\n    <div class=\"container\">\n                    <div class=\"text-wrapper text-center\">\n                <h2 style=\"text-align: center;\">Knowledge that drives better investigations<\/h2>\n<p style=\"text-align: center;\">Our whitepapers and blogs provide practical guidance on tackling today\u2019s toughest mobile-forensic challenges\u2014from accessing locked devices to analyzing volatile memory. See how XRY Pro and the MSAB ecosystem empower investigators to get critical evidence when every second counts.<\/p>\n            <\/div>\n                            <div class=\"card-wrap d-flex justify-content-center \">\n                \n                    <div class=\"card-col\">\n                        <a href=\"https:\/\/www.msab.com\/blog\/the-journey-of-brute-forcing-from-gpu-dominance-to-cpu-workhorses-and-back\/\" class=\"card card-style-2\" title=\"The journey of brute forcing: From GPU dominance to CPU workhorses and back\" >\n                                                            <div class=\"img-wrapper\">\n                                    <img decoding=\"async\" width=\"1180\" height=\"664\" src=\"https:\/\/www.msab.com\/wp-content\/uploads\/2025\/11\/Copy-of-Podcast-Template-6-e1776948079935.jpg\" class=\"attachment-full size-full\" alt=\"\" \/>                                <\/div>\n                                                        <div class=\"link-text-wrapper\">\n                                                                    <p class=\"link-title\">The journey of brute forcing: From GPU dominance to CPU workhorses and back<\/p>\n                                                                        <i class=\"far fa-arrow-right\"><\/i><\/span>\n                                                            <\/div>\n                        <\/a><!--\/card-->\n                    <\/div><!--\/col-->\n\n                \n                    <div class=\"card-col\">\n                        <a href=\"https:\/\/www.msab.com\/guides-whitepapers\/investigating-ram-in-a-mobile-device\/\" class=\"card card-style-2\" title=\"Investigating RAM in a mobile device\" >\n                                                            <div class=\"img-wrapper\">\n                                    <img decoding=\"async\" width=\"1920\" height=\"1080\" src=\"https:\/\/www.msab.com\/wp-content\/uploads\/2025\/10\/RAM-blog.jpg\" class=\"attachment-full size-full\" alt=\"\" srcset=\"https:\/\/www.msab.com\/wp-content\/uploads\/2025\/10\/RAM-blog.jpg 1920w, https:\/\/www.msab.com\/wp-content\/uploads\/2025\/10\/RAM-blog-300x169.jpg 300w, https:\/\/www.msab.com\/wp-content\/uploads\/2025\/10\/RAM-blog-1024x576.jpg 1024w, https:\/\/www.msab.com\/wp-content\/uploads\/2025\/10\/RAM-blog-768x432.jpg 768w, https:\/\/www.msab.com\/wp-content\/uploads\/2025\/10\/RAM-blog-1536x864.jpg 1536w, https:\/\/www.msab.com\/wp-content\/uploads\/2025\/10\/RAM-blog-33x19.jpg 33w, https:\/\/www.msab.com\/wp-content\/uploads\/2025\/10\/RAM-blog-102x57.jpg 102w, https:\/\/www.msab.com\/wp-content\/uploads\/2025\/10\/RAM-blog-1240x698.jpg 1240w, https:\/\/www.msab.com\/wp-content\/uploads\/2025\/10\/RAM-blog-1180x664.jpg 1180w, https:\/\/www.msab.com\/wp-content\/uploads\/2025\/10\/RAM-blog-500x281.jpg 500w\" sizes=\"(max-width: 1920px) 100vw, 1920px\" \/>                                <\/div>\n                                                        <div class=\"link-text-wrapper\">\n                                                                    <p class=\"link-title\">Investigating RAM in a mobile device<\/p>\n                                                                        <i class=\"far fa-arrow-right\"><\/i><\/span>\n                                                            <\/div>\n                        <\/a><!--\/card-->\n                    <\/div><!--\/col-->\n\n                \n                    <div class=\"card-col\">\n                        <a href=\"https:\/\/www.msab.com\/blog\/behind-the-data-the-important-role-of-chipsets-in-xry-xry-pro\/\" class=\"card card-style-2\" title=\"Behind the Data: The Important Role of Chipsets in XRY &#038; XRY Pro\" >\n                                                            <div class=\"img-wrapper\">\n                                    <img decoding=\"async\" width=\"603\" height=\"339\" src=\"https:\/\/www.msab.com\/wp-content\/uploads\/2025\/10\/Copy-of-Podcast-Template-e1759754706900.jpg\" class=\"attachment-full size-full\" alt=\"\" \/>                                <\/div>\n                                                        <div class=\"link-text-wrapper\">\n                                                                    <p class=\"link-title\">Behind the Data: The Important Role of Chipsets in XRY &#038; XRY Pro<\/p>\n                                                                        <i class=\"far fa-arrow-right\"><\/i><\/span>\n                                                            <\/div>\n                        <\/a><!--\/card-->\n                    <\/div><!--\/col-->\n\n                \n                    <div class=\"card-col\">\n                        <a href=\"https:\/\/www.msab.com\/blog\/digital-forensics-from-a-helpful-tool-to-a-vital-necessity\/\" class=\"card card-style-2\" title=\"Digital forensics \u2013 from a helpful tool to a vital necessity \" >\n                                                            <div class=\"img-wrapper\">\n                                    <img decoding=\"async\" width=\"2560\" height=\"1440\" src=\"https:\/\/www.msab.com\/wp-content\/uploads\/2025\/09\/jessewilson-scaled.jpg\" class=\"attachment-full size-full\" alt=\"\" srcset=\"https:\/\/www.msab.com\/wp-content\/uploads\/2025\/09\/jessewilson-scaled.jpg 2560w, https:\/\/www.msab.com\/wp-content\/uploads\/2025\/09\/jessewilson-300x169.jpg 300w, https:\/\/www.msab.com\/wp-content\/uploads\/2025\/09\/jessewilson-1024x576.jpg 1024w, https:\/\/www.msab.com\/wp-content\/uploads\/2025\/09\/jessewilson-768x432.jpg 768w, https:\/\/www.msab.com\/wp-content\/uploads\/2025\/09\/jessewilson-1536x864.jpg 1536w, https:\/\/www.msab.com\/wp-content\/uploads\/2025\/09\/jessewilson-2048x1152.jpg 2048w, https:\/\/www.msab.com\/wp-content\/uploads\/2025\/09\/jessewilson-33x19.jpg 33w, https:\/\/www.msab.com\/wp-content\/uploads\/2025\/09\/jessewilson-102x57.jpg 102w, https:\/\/www.msab.com\/wp-content\/uploads\/2025\/09\/jessewilson-1240x698.jpg 1240w, https:\/\/www.msab.com\/wp-content\/uploads\/2025\/09\/jessewilson-1180x664.jpg 1180w, https:\/\/www.msab.com\/wp-content\/uploads\/2025\/09\/jessewilson-500x281.jpg 500w\" sizes=\"(max-width: 2560px) 100vw, 2560px\" \/>                                <\/div>\n                                                        <div class=\"link-text-wrapper\">\n                                                                    <p class=\"link-title\">Digital forensics \u2013 from a helpful tool to a vital necessity <\/p>\n                                                                        <i class=\"far fa-arrow-right\"><\/i><\/span>\n                                                            <\/div>\n                        <\/a><!--\/card-->\n                    <\/div><!--\/col-->\n\n                            <\/div><!--\/card-wrap-->\n            <\/div><!--\/container-->\n<\/section>\n\n<section id=\"\" class=\"block cta-banner bg-BlueWhale2 large-sec \">\n\n    <div class=\"container-cta-banner\">\n                    <div class=\"text-wrapper\">\n                <h2>Erfahren Sie mehr \u00fcber XRY Pro<\/h2>\n            <\/div>\n\n                            <div class=\"cta-banner-btn-group\">\n                    <div class=\"container\">\n                                                    <div class=\"row justify-content-center\">\n                                                                        <a class=\"btn btn-primary\" href=\"https:\/\/www.msab.com\/de\/product\/xry-extract\/xry-pro\/\" title=\"XRY Pro\" >\n                                            XRY Pro                                        <\/a>\n                                                                                                <\/div>\n                                            <\/div><!--\/container-->\n                <\/div><!--\/hero-btn-group-->\n                        <\/div><!--\/container-fluid-->\n<\/section>\n\n\n\n\n","protected":false},"excerpt":{"rendered":"","protected":false},"author":11,"featured_media":0,"parent":0,"menu_order":0,"comment_status":"closed","ping_status":"closed","template":"","meta":{"_acf_changed":false,"footnotes":""},"class_list":["post-607287","page","type-page","status-publish","hentry"],"acf":[],"yoast_head":"<!-- This site is optimized with the Yoast SEO Premium plugin v25.0 (Yoast SEO v27.5) - https:\/\/yoast.com\/product\/yoast-seo-premium-wordpress\/ -->\n<title>XRY Pro First - MSAB<\/title>\n<meta name=\"robots\" content=\"index, follow, max-snippet:-1, max-image-preview:large, max-video-preview:-1\" \/>\n<link rel=\"canonical\" href=\"https:\/\/www.msab.com\/de\/xryprofirst\/\" \/>\n<meta property=\"og:locale\" content=\"de_DE\" \/>\n<meta property=\"og:type\" content=\"article\" \/>\n<meta property=\"og:title\" content=\"XRY Pro First\" \/>\n<meta property=\"og:url\" content=\"https:\/\/www.msab.com\/de\/xryprofirst\/\" \/>\n<meta property=\"og:site_name\" content=\"MSAB\" \/>\n<meta property=\"article:publisher\" content=\"https:\/\/www.facebook.com\/microsystemation\" \/>\n<meta property=\"article:modified_time\" content=\"2025-11-17T18:27:09+00:00\" \/>\n<meta name=\"twitter:card\" content=\"summary_large_image\" \/>\n<meta name=\"twitter:site\" content=\"@MSAB_XRY\" \/>\n<meta name=\"twitter:label1\" content=\"Gesch\u00e4tzte Lesezeit\" \/>\n\t<meta name=\"twitter:data1\" content=\"3\u00a0Minuten\" \/>\n<script type=\"application\/ld+json\" class=\"yoast-schema-graph\">{\"@context\":\"https:\\\/\\\/schema.org\",\"@graph\":[{\"@type\":\"WebPage\",\"@id\":\"https:\\\/\\\/www.msab.com\\\/de\\\/xryprofirst\\\/\",\"url\":\"https:\\\/\\\/www.msab.com\\\/de\\\/xryprofirst\\\/\",\"name\":\"XRY Pro First - MSAB\",\"isPartOf\":{\"@id\":\"https:\\\/\\\/www.msab.com\\\/de\\\/#website\"},\"datePublished\":\"2025-10-06T12:19:13+00:00\",\"dateModified\":\"2025-11-17T18:27:09+00:00\",\"breadcrumb\":{\"@id\":\"https:\\\/\\\/www.msab.com\\\/de\\\/xryprofirst\\\/#breadcrumb\"},\"inLanguage\":\"de\",\"potentialAction\":[{\"@type\":\"ReadAction\",\"target\":[\"https:\\\/\\\/www.msab.com\\\/de\\\/xryprofirst\\\/\"]}]},{\"@type\":\"BreadcrumbList\",\"@id\":\"https:\\\/\\\/www.msab.com\\\/de\\\/xryprofirst\\\/#breadcrumb\",\"itemListElement\":[{\"@type\":\"ListItem\",\"position\":1,\"name\":\"\",\"item\":\"https:\\\/\\\/www.msab.com\\\/de\\\/\"},{\"@type\":\"ListItem\",\"position\":2,\"name\":\"XRY Pro First\"}]},{\"@type\":\"WebSite\",\"@id\":\"https:\\\/\\\/www.msab.com\\\/de\\\/#website\",\"url\":\"https:\\\/\\\/www.msab.com\\\/de\\\/\",\"name\":\"MSAB\",\"description\":\"Trusted Partner in Digital Forensics\",\"publisher\":{\"@id\":\"https:\\\/\\\/www.msab.com\\\/de\\\/#organization\"},\"potentialAction\":[{\"@type\":\"SearchAction\",\"target\":{\"@type\":\"EntryPoint\",\"urlTemplate\":\"https:\\\/\\\/www.msab.com\\\/de\\\/?s={search_term_string}\"},\"query-input\":{\"@type\":\"PropertyValueSpecification\",\"valueRequired\":true,\"valueName\":\"search_term_string\"}}],\"inLanguage\":\"de\"},{\"@type\":\"Organization\",\"@id\":\"https:\\\/\\\/www.msab.com\\\/de\\\/#organization\",\"name\":\"MSAB\",\"url\":\"https:\\\/\\\/www.msab.com\\\/de\\\/\",\"logo\":{\"@type\":\"ImageObject\",\"inLanguage\":\"de\",\"@id\":\"https:\\\/\\\/www.msab.com\\\/de\\\/#\\\/schema\\\/logo\\\/image\\\/\",\"url\":\"https:\\\/\\\/www.msab.com\\\/wp-content\\\/uploads\\\/2023\\\/03\\\/MSAB-logo-Black-RGB.png\",\"contentUrl\":\"https:\\\/\\\/www.msab.com\\\/wp-content\\\/uploads\\\/2023\\\/03\\\/MSAB-logo-Black-RGB.png\",\"width\":1198,\"height\":353,\"caption\":\"MSAB\"},\"image\":{\"@id\":\"https:\\\/\\\/www.msab.com\\\/de\\\/#\\\/schema\\\/logo\\\/image\\\/\"},\"sameAs\":[\"https:\\\/\\\/www.facebook.com\\\/microsystemation\",\"https:\\\/\\\/x.com\\\/MSAB_XRY\",\"https:\\\/\\\/www.linkedin.com\\\/company\\\/micro-systemation\"]}]}<\/script>\n<!-- \/ Yoast SEO Premium plugin. -->","yoast_head_json":{"title":"XRY Pro First - MSAB","robots":{"index":"index","follow":"follow","max-snippet":"max-snippet:-1","max-image-preview":"max-image-preview:large","max-video-preview":"max-video-preview:-1"},"canonical":"https:\/\/www.msab.com\/de\/xryprofirst\/","og_locale":"de_DE","og_type":"article","og_title":"XRY Pro First","og_url":"https:\/\/www.msab.com\/de\/xryprofirst\/","og_site_name":"MSAB","article_publisher":"https:\/\/www.facebook.com\/microsystemation","article_modified_time":"2025-11-17T18:27:09+00:00","twitter_card":"summary_large_image","twitter_site":"@MSAB_XRY","twitter_misc":{"Gesch\u00e4tzte Lesezeit":"3\u00a0Minuten"},"schema":{"@context":"https:\/\/schema.org","@graph":[{"@type":"WebPage","@id":"https:\/\/www.msab.com\/de\/xryprofirst\/","url":"https:\/\/www.msab.com\/de\/xryprofirst\/","name":"XRY Pro First - MSAB","isPartOf":{"@id":"https:\/\/www.msab.com\/de\/#website"},"datePublished":"2025-10-06T12:19:13+00:00","dateModified":"2025-11-17T18:27:09+00:00","breadcrumb":{"@id":"https:\/\/www.msab.com\/de\/xryprofirst\/#breadcrumb"},"inLanguage":"de","potentialAction":[{"@type":"ReadAction","target":["https:\/\/www.msab.com\/de\/xryprofirst\/"]}]},{"@type":"BreadcrumbList","@id":"https:\/\/www.msab.com\/de\/xryprofirst\/#breadcrumb","itemListElement":[{"@type":"ListItem","position":1,"name":"","item":"https:\/\/www.msab.com\/de\/"},{"@type":"ListItem","position":2,"name":"XRY Pro First"}]},{"@type":"WebSite","@id":"https:\/\/www.msab.com\/de\/#website","url":"https:\/\/www.msab.com\/de\/","name":"MSAB","description":"Trusted Partner in Digital Forensics","publisher":{"@id":"https:\/\/www.msab.com\/de\/#organization"},"potentialAction":[{"@type":"SearchAction","target":{"@type":"EntryPoint","urlTemplate":"https:\/\/www.msab.com\/de\/?s={search_term_string}"},"query-input":{"@type":"PropertyValueSpecification","valueRequired":true,"valueName":"search_term_string"}}],"inLanguage":"de"},{"@type":"Organization","@id":"https:\/\/www.msab.com\/de\/#organization","name":"MSAB","url":"https:\/\/www.msab.com\/de\/","logo":{"@type":"ImageObject","inLanguage":"de","@id":"https:\/\/www.msab.com\/de\/#\/schema\/logo\/image\/","url":"https:\/\/www.msab.com\/wp-content\/uploads\/2023\/03\/MSAB-logo-Black-RGB.png","contentUrl":"https:\/\/www.msab.com\/wp-content\/uploads\/2023\/03\/MSAB-logo-Black-RGB.png","width":1198,"height":353,"caption":"MSAB"},"image":{"@id":"https:\/\/www.msab.com\/de\/#\/schema\/logo\/image\/"},"sameAs":["https:\/\/www.facebook.com\/microsystemation","https:\/\/x.com\/MSAB_XRY","https:\/\/www.linkedin.com\/company\/micro-systemation"]}]}},"_links":{"self":[{"href":"https:\/\/www.msab.com\/de\/wp-json\/wp\/v2\/pages\/607287","targetHints":{"allow":["GET"]}}],"collection":[{"href":"https:\/\/www.msab.com\/de\/wp-json\/wp\/v2\/pages"}],"about":[{"href":"https:\/\/www.msab.com\/de\/wp-json\/wp\/v2\/types\/page"}],"author":[{"embeddable":true,"href":"https:\/\/www.msab.com\/de\/wp-json\/wp\/v2\/users\/11"}],"replies":[{"embeddable":true,"href":"https:\/\/www.msab.com\/de\/wp-json\/wp\/v2\/comments?post=607287"}],"version-history":[{"count":13,"href":"https:\/\/www.msab.com\/de\/wp-json\/wp\/v2\/pages\/607287\/revisions"}],"predecessor-version":[{"id":618935,"href":"https:\/\/www.msab.com\/de\/wp-json\/wp\/v2\/pages\/607287\/revisions\/618935"}],"wp:attachment":[{"href":"https:\/\/www.msab.com\/de\/wp-json\/wp\/v2\/media?parent=607287"}],"curies":[{"name":"wp","href":"https:\/\/api.w.org\/{rel}","templated":true}]}}