{"id":5852,"date":"2021-10-18T08:30:39","date_gmt":"2021-10-18T06:30:39","guid":{"rendered":"http:\/\/www.msab.com\/?page_id=5852"},"modified":"2021-10-18T08:30:40","modified_gmt":"2021-10-18T06:30:40","slug":"gibt-es-gerichtlich-zugelassene-tools-fuer-die-mobilgeraete-forensik","status":"publish","type":"page","link":"https:\/\/www.msab.com\/de\/gibt-es-gerichtlich-zugelassene-tools-fuer-die-mobilgeraete-forensik\/","title":{"rendered":"Gibt es \u201egerichtlich zugelassene\u201c Tools f\u00fcr die Mobilger\u00e4te-Forensik?"},"content":{"rendered":"\n<section id=\"\" class=\"block regular-hero  blue-gradient-bg \" >\n    <div class=\"container\">\n\n        <div class=\"text-wrapper text-white\">\n            <h1 class=\"heading title\">Gibt es \u201egerichtlich zugelassene\u201c Tools f\u00fcr die Mobilger\u00e4te-Forensik?<\/h1>            \n                    <\/div><!--\/text-wrapper-->\n        <div class=\"breadcrumb-part dark\"><nav id=\"breadcrumbs\" class=\"bread-nav\"><span><span><a href=\"https:\/\/www.msab.com\/de\/\"><i class=\"fas fa-home\"><\/i><\/a><\/span><\/span><\/nav><\/div>    <\/div><!--\/container-->\n<\/section>\n\n\n\n\n<section id=\"\" class=\"block regular-content   pt-regular pb-regular \">\n    <div class=\"container regular\">\n                    <div class=\"editor-content\">\n                <p>Es gibt kein \u201egerichtlich anerkanntes\u201c Tool f\u00fcr die Mobilger\u00e4te-Forensik und keine standardisierte Zertifizierung f\u00fcr forensische Tools, die f\u00fcr alle unterschiedlichen Rechtssysteme weltweit g\u00fcltig ist.<br \/>\nIm Allgemeinen muss f\u00fcr ein forensisches Tool in jedem nationalen, staatlichen oder lokalen Rechtssystem, in dem es eingesetzt wird, nachgewiesen werden, dass es seinen Zweck erf\u00fcllt.<\/p>\n<h3>Richtlinien f\u00fcr digitale Beweise<\/h3>\n<p>Es gibt zwar keinen einheitlichen globalen Standard, Gro\u00dfbritannien hat jedoch einen n\u00fctzlichen Leitfaden zur Validierung forensischer Tools und den dabei zu beachtenden Grunds\u00e4tzen erstellt, den ACPO Good Practice Guide for Digital Evidence.<\/p>\n<p>XRY ist mit den Grunds\u00e4tzen dieses Dokuments vollst\u00e4ndig kompatibel:<\/p>\n<p><strong>Grundsatz\u00a01<\/strong><br \/>\nDurch keine Ma\u00dfnahmen, die von Strafverfolgungsbeh\u00f6rden, Personen, die von diesen Beh\u00f6rden besch\u00e4ftigt werden, oder deren Vertretern ergriffen werden, sollen Daten ge\u00e4ndert werden, die sp\u00e4ter gerichtlich geltend gemacht werden k\u00f6nnen.<br \/>\n<strong>Grundsatz\u00a02<\/strong><br \/>\nIn Situationen, in denen eine Person es f\u00fcr notwendig h\u00e4lt, auf Originaldaten zuzugreifen, muss diese Person dazu bef\u00e4higt sein und au\u00dferdem in der Lage sein, die Relevanz und Auswirkungen ihrer Handlungen zu erl\u00e4utern.<\/p>\n<p><strong>Grundsatz\u00a03<\/strong><br \/>\nEin Protokoll oder eine Aufzeichnung aller auf das mobile Endger\u00e4t angewendeten Prozesse soll erstellt und aufbewahrt werden.<br \/>\nEine unabh\u00e4ngige dritte Partei sollte in der Lage sein, diese Prozesse zu untersuchen und die gleichen Ergebnisse zu erzielen.<\/p>\n<p><strong>Grundsatz\u00a04<\/strong><br \/>\nDie Gesamtverantwortung f\u00fcr die Einhaltung des Gesetzes und dieser Grunds\u00e4tze obliegt der f\u00fcr die Ermittlung zust\u00e4ndigen Person.<\/p>\n<p>Il Principio 1 \u00e8 molto difficile da rispettare quando si tratta di dispositivi mobili. Poich\u00e9 i telefoni cellulari tendono a essere dispositivi integrati, nel momento stesso in cui vengono accesi iniziano a modificare il loro stato digitale, cos\u00ec per quanto riguarda i telefoni cellulari tendiamo a considerare il Principio 2.<\/p>\n<p>Grundsatz 1 ist beim Umgang mit mobilen Endger\u00e4ten sehr schwer einzuhalten.<br \/>\nDa Mobiltelefone in der Regel propriet\u00e4re eingebettete Ger\u00e4te sind, \u00e4ndern sie ihren digitalen Status in dem Moment, in dem sie eingeschaltet werden. Daher wird f\u00fcr Mobiltelefone eher Grundsatz 2 angewendet.<\/p>\n<p>Grundsatz 2 ist beim Umgang mit mobilen Endger\u00e4ten entscheidend und bedeutet, dass der Benutzer entsprechend ausgebildet sein sollte, wenn er den XRY-Bericht als Beweis vor Gericht verwenden m\u00f6chte. XRY wird t\u00e4glich in Gerichten auf der ganzen Welt eingesetzt. Obwohl MSAB alles daf\u00fcr tut, ein Produkt zur Verf\u00fcgung zu stellen, das die h\u00f6chsten Standards in der digitalen Forensik erreicht, ist es zwingend notwendig, dass die Ermittler die Informationen, die sie vor Gericht pr\u00e4sentieren, gr\u00fcndlich verstehen.<\/p>\n<p>Im Mittelpunkt steht dabei die F\u00e4higkeit, den XRY-Bericht als Beweis zu pr\u00e4sentieren und zu erl\u00e4utern. Das Gericht wird den Gro\u00dfteil seiner Einsch\u00e4tzung auf die St\u00e4rke des Ermittlers bei der Erl\u00e4uterung der Beweismittel st\u00fctzen. XRY Certification-Schulungen sind unerl\u00e4sslich, um Ermittler und Analysten dabei zu unterst\u00fctzen, Beweise sicher zu pr\u00e4sentieren und einen dokumentarischen Nachweis der Kompetenz in der forensischen Analyse von mobilen Endger\u00e4ten mit XRY zu liefern.<\/p>\n<p>XRY erf\u00fcllt problemlos Grundsatz 3: Eine detaillierte \u201eAudit-Protokoll\u201c-Datei in jedem XRY-Bericht zeigt genau, wie die Daten gesammelt wurden. Das bedeutet, dass eine unabh\u00e4ngige Partei den Schritten in der Protokolldatei folgen kann und die Ergebnisse reproduzieren kann, selbst wenn seit der urspr\u00fcnglichen Ermittlung sehr viel Zeit vergangen ist.<\/p>\n<p>Grundsatz 4 dient dazu sicherzustellen, dass der Ankl\u00e4ger die notwendige \u00dcbersicht hat. Dies f\u00e4llt nicht in den Bereich der Anforderungen an forensische Tools.<\/p>\n<h2>Telefone &amp; Apps<\/h2>\n<p>Als Hersteller von digitalen forensischen Tools f\u00fchrt MSAB f\u00fcr alle unterst\u00fctzen Ger\u00e4teprofile und Apps eigene gr\u00fcndliche Tests durch. Wichtig dabei sind wiederholte Tests vor der Freigabe neuer Versionen, um sicherzustellen, dass die von XRY erzeugten Informationen validiert und verifiziert werden k\u00f6nnen.<\/p>\n<p>Wir pflegen eine vollst\u00e4ndige Bibliothek mit allen von MSAB unterst\u00fctzten digitalen Endger\u00e4ten. Sollten Sie einmal technischen Support f\u00fcr ein mobiles Endger\u00e4t ben\u00f6tigen, k\u00f6nnen wir ihr System bei uns genau nachbilden und das gleiche Telefon testen, um Ihre Ergebnisse zu \u00fcberpr\u00fcfen.<\/p>\n<h3>ISO 17025<\/h3>\n<p>Eine weitere Norm, die f\u00fcr digitale forensische Laboratorien gilt, ist ISO\/IEC 17025:2005.<\/p>\n<p>Gro\u00dfbritannien kann als Ma\u00dfstab f\u00fcr Beweisstandards dienen. Es gibt eine Reihe von Richtlinien, die vom Forensic Science Regulator erstellt wurden. Diese sehen vor, dass der Anbieter von digitaler Kriminaltechnik den Verhaltenskodex f\u00fcr Anbieter und Anwender von Kriminaltechnik des Strafrechtssystems einhalten und gem\u00e4\u00df ISO\/IEC 17025:2005 f\u00fcr Laborfunktionen (wie z. B. Wiederherstellung oder Bildverarbeitung digitaler Daten) akkreditiert sein muss.<\/p>\n<p>Leider kann MSAB einzelne Organisationen nicht bei der Zertifizierung nach ISO 17025 unterst\u00fctzen, da der Akkreditierungsprozess vorschreibt, dass die Organisation, die digitale Beweismittel vorlegt, ihre eigenen unabh\u00e4ngigen Tests durchf\u00fchren muss.<\/p>\n<p>Nichtsdestotrotz k\u00f6nnen wir best\u00e4tigen, dass viele unserer Kunden in ihren digitalen forensischen Laboratorien erfolgreich nach ISO 17025 zertifiziert wurden und dabei XRY als Haupttool f\u00fcr die Gewinnung von digitalen Beweisen aus Mobilger\u00e4ten f\u00fcr forensische Zwecke einsetzen.<\/p>\n<h3>Verwendbarkeit vor Gericht<\/h3>\n<p>Vor Gericht sind Verteidiger dazu berechtigt, Beweise anzufechten. Das gilt nat\u00fcrlich auch f\u00fcr XRY-Berichte. XRY wurde in zahlreichen F\u00e4llen weltweit vor Strafgerichten als Beweismittel angefochten. Uns ist jedoch kein Fall bekannt, in dem XRY-Beweismittel aufgrund von Unzuverl\u00e4ssigkeit oder Zweifeln an der forensischen Integrit\u00e4t des Systems nicht zugelassen wurden. Aus diesem Grund gehen wir davon aus, dass XRY als Beweismittel vor Gericht zul\u00e4ssig ist.<\/p>\n<p>Im Allgemeinen werden Fragen zur Validit\u00e4t unserer Tools am h\u00e4ufigsten in der Anfangsphase der Produkteinf\u00fchrung gestellt, wenn die Benutzer noch nicht mit der Technologie vertraut sind und sie noch nicht ganz verstehen. Da die Gerichte immer vertrauter mit der Vorlage digitaler Beweise aus mobilen Endger\u00e4ten werden, werden diese Fragen seltener gestellt.<\/p>\n<p>In den meisten L\u00e4ndern ist es vollkommen zul\u00e4ssig, den XRY-Bericht als Beweismittel vorzulegen. Der Beweis wird meistens in Form eines \u201eBeweisst\u00fccks\u201c eingereicht. Dies erfolgt durch eine Person (in der Regel die Person, die das Telefon untersucht hat) in einer beeidigten Zeugenaussage. Die Zeugenaussage und das Beweisst\u00fcck werden dann als Beweismittel vor Gericht eingereicht und zugelassen. W\u00e4hrend der Zeugenaussage sollte dargestellt werden, wie das Telefon untersucht wurde, die Kompetenz des Ermittlers nachgewiesen und unbedingt der XRY-Bericht als Beweismittel vorgelegt werden.<\/p>\n<p>Der XRY-Bericht kann als Ausdruck auf Papier oder als elektronisches Dokument (z. B. PDF) oder als Original-Bericht durch Anzeigen am PC vorgelegt werden. In letzter Zeit hat es sich aufgrund der Menge an Daten- und Multimedia-Dateien auf modernen Smartphones als vorteilhaft erwiesen, den XRY-Bericht in seinem urspr\u00fcnglichen Format vorzulegen, um Video- oder Audio-Aufnahmen vor Gericht abzuspielen.<\/p>\n<p>Lokale Gerichte legen \u00fcblicherweise fest, welches Medienformat sie als Beweismittel bevorzugen. Da jedoch Smartphones Gigabytes an Daten enthalten, ist es praktisch unm\u00f6glich geworden, Beweise auf Papier vorzulegen, da diese Berichte oft l\u00e4nger als 10.000 Seiten sein k\u00f6nnen.<\/p>\n<p>Die Regeln der Beweisf\u00fchrung legen nahe, dass die forensischen Berichte immer validiert werden sollten. Dies kann manuell durch Abgleich des Telefons mit dem XRY-Bericht erfolgen. Dabei werden die Inhalte durch Vergleichen verifiziert. Die h\u00e4ufiger eingesetzte Methode ist jedoch die des \u201eDual Tooling\u201c. Dabei wird ein anders forensisches Produkt verwendet, um die Ergebnisse des XRY-Berichts zu validieren.<\/p>\n<p>Letztlich k\u00f6nnen nur die Strafgerichte in jedem Fall und individuell entscheiden, ob digitale Beweismittel zugelassen werden.<br \/>\nEs gibt also keine \u201egerichtlich anerkannten\u201c Tools f\u00fcr die Mobilger\u00e4te-Forensik. Diese Richtlinie kann Gerichte dabei unterst\u00fctzen, eine fundierte Entscheidung \u00fcber die Zulassung der Beweismittel zu treffen.<\/p>\n<p><strong>Weitere Informationen zu XRY finden Sie unter:<\/strong><strong>\u00a0<\/strong><a href=\"https:\/\/www.msab.com\/products\/XRY\">msab.com\/products\/XRY<\/a><\/p>\n            <\/div><!--\/.editor-content-->\n                    <\/div><!--\/.container-->\n<\/section><!--\/.regular-content-->","protected":false},"excerpt":{"rendered":"","protected":false},"author":106,"featured_media":0,"parent":0,"menu_order":0,"comment_status":"closed","ping_status":"closed","template":"","meta":{"_acf_changed":false,"footnotes":""},"class_list":["post-5852","page","type-page","status-publish","hentry"],"acf":[],"yoast_head":"<!-- This site is optimized with the Yoast SEO Premium plugin v25.0 (Yoast SEO v27.4) - https:\/\/yoast.com\/product\/yoast-seo-premium-wordpress\/ -->\n<title>Gibt es \u201egerichtlich zugelassene\u201c Tools f\u00fcr die Mobilger\u00e4te-Forensik? - MSAB<\/title>\n<meta name=\"robots\" content=\"index, follow, max-snippet:-1, max-image-preview:large, max-video-preview:-1\" \/>\n<link rel=\"canonical\" href=\"https:\/\/www.msab.com\/de\/gibt-es-gerichtlich-zugelassene-tools-fuer-die-mobilgeraete-forensik\/\" \/>\n<meta property=\"og:locale\" content=\"de_DE\" \/>\n<meta property=\"og:type\" content=\"article\" \/>\n<meta property=\"og:title\" content=\"Gibt es \u201egerichtlich zugelassene\u201c Tools f\u00fcr die Mobilger\u00e4te-Forensik?\" \/>\n<meta property=\"og:url\" content=\"https:\/\/www.msab.com\/de\/gibt-es-gerichtlich-zugelassene-tools-fuer-die-mobilgeraete-forensik\/\" \/>\n<meta property=\"og:site_name\" content=\"MSAB\" \/>\n<meta property=\"article:publisher\" content=\"https:\/\/www.facebook.com\/microsystemation\" \/>\n<meta property=\"article:modified_time\" content=\"2021-10-18T06:30:40+00:00\" \/>\n<meta name=\"twitter:card\" content=\"summary_large_image\" \/>\n<meta name=\"twitter:site\" content=\"@MSAB_XRY\" \/>\n<script type=\"application\/ld+json\" class=\"yoast-schema-graph\">{\"@context\":\"https:\\\/\\\/schema.org\",\"@graph\":[{\"@type\":\"WebPage\",\"@id\":\"https:\\\/\\\/www.msab.com\\\/de\\\/gibt-es-gerichtlich-zugelassene-tools-fuer-die-mobilgeraete-forensik\\\/\",\"url\":\"https:\\\/\\\/www.msab.com\\\/de\\\/gibt-es-gerichtlich-zugelassene-tools-fuer-die-mobilgeraete-forensik\\\/\",\"name\":\"Gibt es \u201egerichtlich zugelassene\u201c Tools f\u00fcr die Mobilger\u00e4te-Forensik? - MSAB\",\"isPartOf\":{\"@id\":\"https:\\\/\\\/www.msab.com\\\/de\\\/#website\"},\"datePublished\":\"2021-10-18T06:30:39+00:00\",\"dateModified\":\"2021-10-18T06:30:40+00:00\",\"breadcrumb\":{\"@id\":\"https:\\\/\\\/www.msab.com\\\/de\\\/gibt-es-gerichtlich-zugelassene-tools-fuer-die-mobilgeraete-forensik\\\/#breadcrumb\"},\"inLanguage\":\"de\",\"potentialAction\":[{\"@type\":\"ReadAction\",\"target\":[\"https:\\\/\\\/www.msab.com\\\/de\\\/gibt-es-gerichtlich-zugelassene-tools-fuer-die-mobilgeraete-forensik\\\/\"]}]},{\"@type\":\"BreadcrumbList\",\"@id\":\"https:\\\/\\\/www.msab.com\\\/de\\\/gibt-es-gerichtlich-zugelassene-tools-fuer-die-mobilgeraete-forensik\\\/#breadcrumb\",\"itemListElement\":[{\"@type\":\"ListItem\",\"position\":1,\"name\":\"\",\"item\":\"https:\\\/\\\/www.msab.com\\\/de\\\/\"},{\"@type\":\"ListItem\",\"position\":2,\"name\":\"Gibt es \u201egerichtlich zugelassene\u201c Tools f\u00fcr die Mobilger\u00e4te-Forensik?\"}]},{\"@type\":\"WebSite\",\"@id\":\"https:\\\/\\\/www.msab.com\\\/de\\\/#website\",\"url\":\"https:\\\/\\\/www.msab.com\\\/de\\\/\",\"name\":\"MSAB\",\"description\":\"Trusted Partner in Digital Forensics\",\"publisher\":{\"@id\":\"https:\\\/\\\/www.msab.com\\\/de\\\/#organization\"},\"potentialAction\":[{\"@type\":\"SearchAction\",\"target\":{\"@type\":\"EntryPoint\",\"urlTemplate\":\"https:\\\/\\\/www.msab.com\\\/de\\\/?s={search_term_string}\"},\"query-input\":{\"@type\":\"PropertyValueSpecification\",\"valueRequired\":true,\"valueName\":\"search_term_string\"}}],\"inLanguage\":\"de\"},{\"@type\":\"Organization\",\"@id\":\"https:\\\/\\\/www.msab.com\\\/de\\\/#organization\",\"name\":\"MSAB\",\"url\":\"https:\\\/\\\/www.msab.com\\\/de\\\/\",\"logo\":{\"@type\":\"ImageObject\",\"inLanguage\":\"de\",\"@id\":\"https:\\\/\\\/www.msab.com\\\/de\\\/#\\\/schema\\\/logo\\\/image\\\/\",\"url\":\"https:\\\/\\\/www.msab.com\\\/wp-content\\\/uploads\\\/2023\\\/03\\\/MSAB-logo-Black-RGB.png\",\"contentUrl\":\"https:\\\/\\\/www.msab.com\\\/wp-content\\\/uploads\\\/2023\\\/03\\\/MSAB-logo-Black-RGB.png\",\"width\":1198,\"height\":353,\"caption\":\"MSAB\"},\"image\":{\"@id\":\"https:\\\/\\\/www.msab.com\\\/de\\\/#\\\/schema\\\/logo\\\/image\\\/\"},\"sameAs\":[\"https:\\\/\\\/www.facebook.com\\\/microsystemation\",\"https:\\\/\\\/x.com\\\/MSAB_XRY\",\"https:\\\/\\\/www.linkedin.com\\\/company\\\/micro-systemation\"]}]}<\/script>\n<!-- \/ Yoast SEO Premium plugin. -->","yoast_head_json":{"title":"Gibt es \u201egerichtlich zugelassene\u201c Tools f\u00fcr die Mobilger\u00e4te-Forensik? - MSAB","robots":{"index":"index","follow":"follow","max-snippet":"max-snippet:-1","max-image-preview":"max-image-preview:large","max-video-preview":"max-video-preview:-1"},"canonical":"https:\/\/www.msab.com\/de\/gibt-es-gerichtlich-zugelassene-tools-fuer-die-mobilgeraete-forensik\/","og_locale":"de_DE","og_type":"article","og_title":"Gibt es \u201egerichtlich zugelassene\u201c Tools f\u00fcr die Mobilger\u00e4te-Forensik?","og_url":"https:\/\/www.msab.com\/de\/gibt-es-gerichtlich-zugelassene-tools-fuer-die-mobilgeraete-forensik\/","og_site_name":"MSAB","article_publisher":"https:\/\/www.facebook.com\/microsystemation","article_modified_time":"2021-10-18T06:30:40+00:00","twitter_card":"summary_large_image","twitter_site":"@MSAB_XRY","schema":{"@context":"https:\/\/schema.org","@graph":[{"@type":"WebPage","@id":"https:\/\/www.msab.com\/de\/gibt-es-gerichtlich-zugelassene-tools-fuer-die-mobilgeraete-forensik\/","url":"https:\/\/www.msab.com\/de\/gibt-es-gerichtlich-zugelassene-tools-fuer-die-mobilgeraete-forensik\/","name":"Gibt es \u201egerichtlich zugelassene\u201c Tools f\u00fcr die Mobilger\u00e4te-Forensik? - MSAB","isPartOf":{"@id":"https:\/\/www.msab.com\/de\/#website"},"datePublished":"2021-10-18T06:30:39+00:00","dateModified":"2021-10-18T06:30:40+00:00","breadcrumb":{"@id":"https:\/\/www.msab.com\/de\/gibt-es-gerichtlich-zugelassene-tools-fuer-die-mobilgeraete-forensik\/#breadcrumb"},"inLanguage":"de","potentialAction":[{"@type":"ReadAction","target":["https:\/\/www.msab.com\/de\/gibt-es-gerichtlich-zugelassene-tools-fuer-die-mobilgeraete-forensik\/"]}]},{"@type":"BreadcrumbList","@id":"https:\/\/www.msab.com\/de\/gibt-es-gerichtlich-zugelassene-tools-fuer-die-mobilgeraete-forensik\/#breadcrumb","itemListElement":[{"@type":"ListItem","position":1,"name":"","item":"https:\/\/www.msab.com\/de\/"},{"@type":"ListItem","position":2,"name":"Gibt es \u201egerichtlich zugelassene\u201c Tools f\u00fcr die Mobilger\u00e4te-Forensik?"}]},{"@type":"WebSite","@id":"https:\/\/www.msab.com\/de\/#website","url":"https:\/\/www.msab.com\/de\/","name":"MSAB","description":"Trusted Partner in Digital Forensics","publisher":{"@id":"https:\/\/www.msab.com\/de\/#organization"},"potentialAction":[{"@type":"SearchAction","target":{"@type":"EntryPoint","urlTemplate":"https:\/\/www.msab.com\/de\/?s={search_term_string}"},"query-input":{"@type":"PropertyValueSpecification","valueRequired":true,"valueName":"search_term_string"}}],"inLanguage":"de"},{"@type":"Organization","@id":"https:\/\/www.msab.com\/de\/#organization","name":"MSAB","url":"https:\/\/www.msab.com\/de\/","logo":{"@type":"ImageObject","inLanguage":"de","@id":"https:\/\/www.msab.com\/de\/#\/schema\/logo\/image\/","url":"https:\/\/www.msab.com\/wp-content\/uploads\/2023\/03\/MSAB-logo-Black-RGB.png","contentUrl":"https:\/\/www.msab.com\/wp-content\/uploads\/2023\/03\/MSAB-logo-Black-RGB.png","width":1198,"height":353,"caption":"MSAB"},"image":{"@id":"https:\/\/www.msab.com\/de\/#\/schema\/logo\/image\/"},"sameAs":["https:\/\/www.facebook.com\/microsystemation","https:\/\/x.com\/MSAB_XRY","https:\/\/www.linkedin.com\/company\/micro-systemation"]}]}},"_links":{"self":[{"href":"https:\/\/www.msab.com\/de\/wp-json\/wp\/v2\/pages\/5852","targetHints":{"allow":["GET"]}}],"collection":[{"href":"https:\/\/www.msab.com\/de\/wp-json\/wp\/v2\/pages"}],"about":[{"href":"https:\/\/www.msab.com\/de\/wp-json\/wp\/v2\/types\/page"}],"author":[{"embeddable":true,"href":"https:\/\/www.msab.com\/de\/wp-json\/wp\/v2\/users\/106"}],"replies":[{"embeddable":true,"href":"https:\/\/www.msab.com\/de\/wp-json\/wp\/v2\/comments?post=5852"}],"version-history":[{"count":0,"href":"https:\/\/www.msab.com\/de\/wp-json\/wp\/v2\/pages\/5852\/revisions"}],"wp:attachment":[{"href":"https:\/\/www.msab.com\/de\/wp-json\/wp\/v2\/media?parent=5852"}],"curies":[{"name":"wp","href":"https:\/\/api.w.org\/{rel}","templated":true}]}}