{"id":367608,"date":"2024-11-11T20:28:16","date_gmt":"2024-11-11T19:28:16","guid":{"rendered":"https:\/\/www.msab.com\/on-demand-courses\/"},"modified":"2025-04-16T14:54:50","modified_gmt":"2025-04-16T12:54:50","slug":"on-demand-courses","status":"publish","type":"page","link":"https:\/\/www.msab.com\/de\/on-demand-courses\/","title":{"rendered":"On-Demand Learning Center"},"content":{"rendered":"\n<section id=\"\" class=\"block regular-hero  has-bg-img ovarlay-blue\" style=\"background-image: url(https:\/\/www.msab.com\/wp-content\/uploads\/2024\/10\/MSAB-Training-Academy_s.png);\">\n    <div class=\"container\">\n\n        <div class=\"text-wrapper text-white\">\n            <h2 class=\"heading title\">On Demand Learning Center<\/h2>            \n                    <\/div><!--\/text-wrapper-->\n            <\/div><!--\/container-->\n<\/section>\n\n    <div class=\"regular-hero-btn-wrapper\">\n        <div class=\"container\">\n            <div class=\"hero-btn-wrapper\">\n                                    <a class=\"hero-btn bg-dark-blue\" href=\"https:\/\/customer.msab.com\/training\/course\"  title=\"\">\n                        <span class=\"subtitle d-block text-white\"><br>Book training<br><\/sppan>                        <span class=\"title d-block '. $btn_color .'\"><\/span>\n                        <i class=\"far fa-arrow-right\"><\/i>\n                    <\/a>\n                                    <a class=\"hero-btn bg-very-dark-blue\" href=\"https:\/\/www.msab.com\/general-info\/training-team\/\"  title=\"\">\n                        <span class=\"subtitle d-block text-white\"><br>Meet the training team<br><\/sppan>                        <span class=\"title d-block '. $btn_color .'\"><\/span>\n                        <i class=\"far fa-arrow-right\"><\/i>\n                    <\/a>\n                            <\/div><!--\/hero-btn-wrapper-->\n            <div class=\"breadcrumb-part dark\"><nav id=\"breadcrumbs\" class=\"bread-nav\"><span><span><a href=\"https:\/\/www.msab.com\/de\/\"><i class=\"fas fa-home\"><\/i><\/a><\/span><\/span><\/nav><\/div>        <\/div><!--\/container-->\n    <\/div><!--\/regular-hero-btn-wrapper-->\n\n\n\n<section id=\"\" class=\"block regular-content   pt-large pb-large bg-light-grey\">\n    <div class=\"container regular\">\n                    <div class=\"editor-content\">\n                <h3><strong>Willkommen im On Demand Learning Center (ODLC)<\/strong><\/h3>\n<p>Das <strong>On Demand Learning Center (ODLC)<\/strong>, ein Teil unserer neuen <strong>MSAB Training Academy<\/strong>, bietet eine umfassende Reihe von Kursen zur mobilen Forensik, die f\u00fcr Fachleute aller Erfahrungsstufen \u2013 Anf\u00e4nger, Fortgeschrittene und Experten \u2013 ma\u00dfgeschneidert sind. Unser \u00fcberarbeitetes On-Demand-Kursystem ist darauf ausgelegt, den Bed\u00fcrfnissen von Fachleuten in der mobilen Forensik gerecht zu werden, die aufgrund von Budget- oder Zeitbeschr\u00e4nkungen nicht an traditionellen Pr\u00e4senzschulungen teilnehmen k\u00f6nnen.<\/p>\n<p><strong>Warum ODLC?<\/strong><\/p>\n<ul class=\"chevron-list\">\n<li><strong>Flexible Lernm\u00f6glichkeiten:<\/strong> Unsere Selbstlernkurse erm\u00f6glichen es vielbesch\u00e4ftigten Fachleuten in der mobilen Forensik, in ihrem eigenen Tempo zu lernen und so berufliche Weiterbildung mit anspruchsvollen Zeitpl\u00e4nen zu vereinbaren.<\/li>\n<li><strong>Umfassender Lehrplan:<\/strong> Ob Sie gerade erst anfangen oder Ihre Expertise vertiefen m\u00f6chten \u2013 unsere Kurse decken das gesamte Spektrum der mobilen Forensik ab und stellen sicher, dass Sie die F\u00e4higkeiten und das Wissen erwerben, die Sie ben\u00f6tigen, um in Ihrem Bereich erfolgreich zu sein.<\/li>\n<li><strong>Vielf\u00e4ltige Zielgruppen:<\/strong> W\u00e4hrend unsere mobile Forensik-Software vor allem von Strafverfolgungsbeh\u00f6rden und milit\u00e4rischen Kunden genutzt wird, ist das ODLC auch eine wertvolle Ressource f\u00fcr Branchenexperten aus verschiedenen Sektoren. Unser inklusiver Ansatz sorgt daf\u00fcr, dass alle Fachleute der mobilen Forensik von unserem Training profitieren k\u00f6nnen.<\/li>\n<li><strong>Experten-Trainer:<\/strong> Lernen Sie von erfahrenen Fachleuten, die echte Erfahrungen und Einblicke in den virtuellen Unterricht einbringen und Ihnen praxisnahes Wissen vermitteln, das Sie sofort in Ihrer Arbeit anwenden k\u00f6nnen.<\/li>\n<\/ul>\n<p>Werden Sie Teil der wachsenden Gemeinschaft von Fachleuten in der mobilen Forensik, die auf ODLC f\u00fcr ihre Schulungsbed\u00fcrfnisse vertrauen. Statten Sie sich mit den F\u00e4higkeiten und dem Wissen aus, um im sich st\u00e4ndig weiterentwickelnden Bereich der mobilen Forensik einen Schritt voraus zu sein.<\/p>\n<p><strong>Melden Sie sich noch heute an und \u00fcbernehmen Sie die Kontrolle \u00fcber Ihre Lernreise mit der MSAB Training Academy und dem ODLC!<\/strong><\/p>\n            <\/div><!--\/.editor-content-->\n                    <\/div><!--\/.container-->\n<\/section><!--\/.regular-content-->\n\n<section id=\"\" class=\"course-listing block bg-lightblue \">\n\t<div class=\"container\">\n\t\t<div class=\"row course-listing-intro\">\n\t\t\t<div class=\"col-sm-12 col-md-7\">\n\t\t\t\t\t\t\t\t\t\t\t<\/div>\n\t\t<\/div>\n                <div class=\"row course-listing-row\">\n            <div class=\"col\">\n                <div class=\"row\">\n                    <div class=\"col course-listing-heading\">\n                                                    <h2 class=\"heading h2\">Basiskurse<\/h2>\n                                                                    <\/div>\n                <\/div>\n                <div class=\"row\" style=\"--msab-gutter-y: 20px;\">\n\t                                <\/div>\n            <\/div>\n        <\/div>\n                <div class=\"row course-listing-row\">\n            <div class=\"col\">\n                <div class=\"row\">\n                    <div class=\"col course-listing-heading\">\n                                                    <h2 class=\"heading h2\">Aufbaukurse<\/h2>\n                                                                    <\/div>\n                <\/div>\n                <div class=\"row\" style=\"--msab-gutter-y: 20px;\">\n\t                                <\/div>\n            <\/div>\n        <\/div>\n                <div class=\"row course-listing-row\">\n            <div class=\"col\">\n                <div class=\"row\">\n                    <div class=\"col course-listing-heading\">\n                                                    <h2 class=\"heading h2\">Expertenkurse<\/h2>\n                                                                    <\/div>\n                <\/div>\n                <div class=\"row\" style=\"--msab-gutter-y: 20px;\">\n\t                                <\/div>\n            <\/div>\n        <\/div>\n                \n        \t<\/div>\n<\/section>\n\n\n<section id=\"\" class=\"block form bg-light-grey \">\n    <div class=\"container narrow\">\n\n    \n        \n            <div class=\"form-wrap\">\n                <div\r\n        data-form-id='e38349d1-7490-f011-b4cc-7c1e52fb5478'\r\n        data-form-api-url='https:\/\/public-eur.mkt.dynamics.com\/api\/v1.0\/orgs\/209eda7e-bbd7-45fb-82d9-810028103c6d\/landingpageforms'\r\n        data-cached-form-url='https:\/\/assets-eur.mkt.dynamics.com\/209eda7e-bbd7-45fb-82d9-810028103c6d\/digitalassets\/forms\/e38349d1-7490-f011-b4cc-7c1e52fb5478' ><\/div>\r\n        <script src = 'https:\/\/cxppusa1formui01cdnsa01-endpoint.azureedge.net\/eur\/FormLoader\/FormLoader.bundle.js' ><\/script>            <\/div><!--\/.form-wrap-->\n\n        \n    \n    <\/div><!--\/.container-->\n<\/section>","protected":false},"excerpt":{"rendered":"","protected":false},"author":106,"featured_media":0,"parent":0,"menu_order":0,"comment_status":"closed","ping_status":"closed","template":"","meta":{"_acf_changed":false,"footnotes":""},"class_list":["post-367608","page","type-page","status-publish","hentry"],"acf":[],"yoast_head":"<!-- This site is optimized with the Yoast SEO Premium plugin v25.0 (Yoast SEO v27.4) - https:\/\/yoast.com\/product\/yoast-seo-premium-wordpress\/ -->\n<title>On-Demand Learning Center - MSAB<\/title>\n<meta name=\"robots\" content=\"index, follow, max-snippet:-1, max-image-preview:large, max-video-preview:-1\" \/>\n<link rel=\"canonical\" href=\"https:\/\/www.msab.com\/de\/on-demand-courses\/\" \/>\n<meta property=\"og:locale\" content=\"de_DE\" \/>\n<meta property=\"og:type\" content=\"article\" \/>\n<meta property=\"og:title\" content=\"On-Demand Learning Center\" \/>\n<meta property=\"og:url\" content=\"https:\/\/www.msab.com\/de\/on-demand-courses\/\" \/>\n<meta property=\"og:site_name\" content=\"MSAB\" \/>\n<meta property=\"article:publisher\" content=\"https:\/\/www.facebook.com\/microsystemation\" \/>\n<meta property=\"article:modified_time\" content=\"2025-04-16T12:54:50+00:00\" \/>\n<meta name=\"twitter:card\" content=\"summary_large_image\" \/>\n<meta name=\"twitter:site\" content=\"@MSAB_XRY\" \/>\n<meta name=\"twitter:label1\" content=\"Gesch\u00e4tzte Lesezeit\" \/>\n\t<meta name=\"twitter:data1\" content=\"2\u00a0Minuten\" \/>\n<script type=\"application\/ld+json\" class=\"yoast-schema-graph\">{\"@context\":\"https:\\\/\\\/schema.org\",\"@graph\":[{\"@type\":\"WebPage\",\"@id\":\"https:\\\/\\\/www.msab.com\\\/de\\\/on-demand-courses\\\/\",\"url\":\"https:\\\/\\\/www.msab.com\\\/de\\\/on-demand-courses\\\/\",\"name\":\"On-Demand Learning Center - MSAB\",\"isPartOf\":{\"@id\":\"https:\\\/\\\/www.msab.com\\\/de\\\/#website\"},\"datePublished\":\"2024-11-11T19:28:16+00:00\",\"dateModified\":\"2025-04-16T12:54:50+00:00\",\"breadcrumb\":{\"@id\":\"https:\\\/\\\/www.msab.com\\\/de\\\/on-demand-courses\\\/#breadcrumb\"},\"inLanguage\":\"de\",\"potentialAction\":[{\"@type\":\"ReadAction\",\"target\":[\"https:\\\/\\\/www.msab.com\\\/de\\\/on-demand-courses\\\/\"]}]},{\"@type\":\"BreadcrumbList\",\"@id\":\"https:\\\/\\\/www.msab.com\\\/de\\\/on-demand-courses\\\/#breadcrumb\",\"itemListElement\":[{\"@type\":\"ListItem\",\"position\":1,\"name\":\"\",\"item\":\"https:\\\/\\\/www.msab.com\\\/de\\\/\"},{\"@type\":\"ListItem\",\"position\":2,\"name\":\"On-Demand Learning Center\"}]},{\"@type\":\"WebSite\",\"@id\":\"https:\\\/\\\/www.msab.com\\\/de\\\/#website\",\"url\":\"https:\\\/\\\/www.msab.com\\\/de\\\/\",\"name\":\"MSAB\",\"description\":\"Trusted Partner in Digital Forensics\",\"publisher\":{\"@id\":\"https:\\\/\\\/www.msab.com\\\/de\\\/#organization\"},\"potentialAction\":[{\"@type\":\"SearchAction\",\"target\":{\"@type\":\"EntryPoint\",\"urlTemplate\":\"https:\\\/\\\/www.msab.com\\\/de\\\/?s={search_term_string}\"},\"query-input\":{\"@type\":\"PropertyValueSpecification\",\"valueRequired\":true,\"valueName\":\"search_term_string\"}}],\"inLanguage\":\"de\"},{\"@type\":\"Organization\",\"@id\":\"https:\\\/\\\/www.msab.com\\\/de\\\/#organization\",\"name\":\"MSAB\",\"url\":\"https:\\\/\\\/www.msab.com\\\/de\\\/\",\"logo\":{\"@type\":\"ImageObject\",\"inLanguage\":\"de\",\"@id\":\"https:\\\/\\\/www.msab.com\\\/de\\\/#\\\/schema\\\/logo\\\/image\\\/\",\"url\":\"https:\\\/\\\/www.msab.com\\\/wp-content\\\/uploads\\\/2023\\\/03\\\/MSAB-logo-Black-RGB.png\",\"contentUrl\":\"https:\\\/\\\/www.msab.com\\\/wp-content\\\/uploads\\\/2023\\\/03\\\/MSAB-logo-Black-RGB.png\",\"width\":1198,\"height\":353,\"caption\":\"MSAB\"},\"image\":{\"@id\":\"https:\\\/\\\/www.msab.com\\\/de\\\/#\\\/schema\\\/logo\\\/image\\\/\"},\"sameAs\":[\"https:\\\/\\\/www.facebook.com\\\/microsystemation\",\"https:\\\/\\\/x.com\\\/MSAB_XRY\",\"https:\\\/\\\/www.linkedin.com\\\/company\\\/micro-systemation\"]}]}<\/script>\n<!-- \/ Yoast SEO Premium plugin. -->","yoast_head_json":{"title":"On-Demand Learning Center - MSAB","robots":{"index":"index","follow":"follow","max-snippet":"max-snippet:-1","max-image-preview":"max-image-preview:large","max-video-preview":"max-video-preview:-1"},"canonical":"https:\/\/www.msab.com\/de\/on-demand-courses\/","og_locale":"de_DE","og_type":"article","og_title":"On-Demand Learning Center","og_url":"https:\/\/www.msab.com\/de\/on-demand-courses\/","og_site_name":"MSAB","article_publisher":"https:\/\/www.facebook.com\/microsystemation","article_modified_time":"2025-04-16T12:54:50+00:00","twitter_card":"summary_large_image","twitter_site":"@MSAB_XRY","twitter_misc":{"Gesch\u00e4tzte Lesezeit":"2\u00a0Minuten"},"schema":{"@context":"https:\/\/schema.org","@graph":[{"@type":"WebPage","@id":"https:\/\/www.msab.com\/de\/on-demand-courses\/","url":"https:\/\/www.msab.com\/de\/on-demand-courses\/","name":"On-Demand Learning Center - MSAB","isPartOf":{"@id":"https:\/\/www.msab.com\/de\/#website"},"datePublished":"2024-11-11T19:28:16+00:00","dateModified":"2025-04-16T12:54:50+00:00","breadcrumb":{"@id":"https:\/\/www.msab.com\/de\/on-demand-courses\/#breadcrumb"},"inLanguage":"de","potentialAction":[{"@type":"ReadAction","target":["https:\/\/www.msab.com\/de\/on-demand-courses\/"]}]},{"@type":"BreadcrumbList","@id":"https:\/\/www.msab.com\/de\/on-demand-courses\/#breadcrumb","itemListElement":[{"@type":"ListItem","position":1,"name":"","item":"https:\/\/www.msab.com\/de\/"},{"@type":"ListItem","position":2,"name":"On-Demand Learning Center"}]},{"@type":"WebSite","@id":"https:\/\/www.msab.com\/de\/#website","url":"https:\/\/www.msab.com\/de\/","name":"MSAB","description":"Trusted Partner in Digital Forensics","publisher":{"@id":"https:\/\/www.msab.com\/de\/#organization"},"potentialAction":[{"@type":"SearchAction","target":{"@type":"EntryPoint","urlTemplate":"https:\/\/www.msab.com\/de\/?s={search_term_string}"},"query-input":{"@type":"PropertyValueSpecification","valueRequired":true,"valueName":"search_term_string"}}],"inLanguage":"de"},{"@type":"Organization","@id":"https:\/\/www.msab.com\/de\/#organization","name":"MSAB","url":"https:\/\/www.msab.com\/de\/","logo":{"@type":"ImageObject","inLanguage":"de","@id":"https:\/\/www.msab.com\/de\/#\/schema\/logo\/image\/","url":"https:\/\/www.msab.com\/wp-content\/uploads\/2023\/03\/MSAB-logo-Black-RGB.png","contentUrl":"https:\/\/www.msab.com\/wp-content\/uploads\/2023\/03\/MSAB-logo-Black-RGB.png","width":1198,"height":353,"caption":"MSAB"},"image":{"@id":"https:\/\/www.msab.com\/de\/#\/schema\/logo\/image\/"},"sameAs":["https:\/\/www.facebook.com\/microsystemation","https:\/\/x.com\/MSAB_XRY","https:\/\/www.linkedin.com\/company\/micro-systemation"]}]}},"_links":{"self":[{"href":"https:\/\/www.msab.com\/de\/wp-json\/wp\/v2\/pages\/367608","targetHints":{"allow":["GET"]}}],"collection":[{"href":"https:\/\/www.msab.com\/de\/wp-json\/wp\/v2\/pages"}],"about":[{"href":"https:\/\/www.msab.com\/de\/wp-json\/wp\/v2\/types\/page"}],"author":[{"embeddable":true,"href":"https:\/\/www.msab.com\/de\/wp-json\/wp\/v2\/users\/106"}],"replies":[{"embeddable":true,"href":"https:\/\/www.msab.com\/de\/wp-json\/wp\/v2\/comments?post=367608"}],"version-history":[{"count":8,"href":"https:\/\/www.msab.com\/de\/wp-json\/wp\/v2\/pages\/367608\/revisions"}],"predecessor-version":[{"id":379554,"href":"https:\/\/www.msab.com\/de\/wp-json\/wp\/v2\/pages\/367608\/revisions\/379554"}],"wp:attachment":[{"href":"https:\/\/www.msab.com\/de\/wp-json\/wp\/v2\/media?parent=367608"}],"curies":[{"name":"wp","href":"https:\/\/api.w.org\/{rel}","templated":true}]}}