{"id":152349,"date":"2021-11-01T14:26:00","date_gmt":"2021-11-01T13:26:00","guid":{"rendered":"http:\/\/www.msab.com\/?page_id=152349"},"modified":"2022-11-25T08:55:18","modified_gmt":"2022-11-25T07:55:18","slug":"resources","status":"publish","type":"page","link":"https:\/\/www.msab.com\/de\/resources\/","title":{"rendered":"Ressourcen"},"content":{"rendered":"\n<section id=\"\" class=\"block regular-hero  has-bg-img ovarlay-blue\" style=\"background-image: url(https:\/\/www.msab.com\/wp-content\/uploads\/2021\/09\/resoruce-hero.jpg);\">\n    <div class=\"container\">\n\n        <div class=\"text-wrapper text-white\">\n            <h1 class=\"heading title\">Ressourcen<\/h1>            \n                    <\/div><!--\/text-wrapper-->\n        <div class=\"breadcrumb-part dark\"><nav id=\"breadcrumbs\" class=\"bread-nav\"><span><span><a href=\"https:\/\/www.msab.com\/de\/\"><i class=\"fas fa-home\"><\/i><\/a><\/span><\/span><\/nav><\/div>    <\/div><!--\/container-->\n<\/section>\n\n\n\n\n<section id=\"\" class=\"block regular-content   pt-large pb-regular bg-white\">\n    <div class=\"container narrow\">\n                    <div class=\"editor-content\">\n                <h2><span class=\"HwtZe\" lang=\"de\"><span class=\"jCAhz ChMk0b\"><span class=\"ryNqvb\">Holen Sie das Beste aus dem Wissen von MSAB heraus<\/span><\/span><\/span><\/h2>\n<p>MSAB glaubt, dass Wissen ein m\u00e4chtiges Werkzeug ist, das dazu beitragen kann, die Welt zu einem sichereren Ort zu machen. Erkunden Sie unser Angebot an Ressourcen, um mehr \u00fcber die neuesten Trends in der digitalen Forensik zu erfahren und wie Sie das Beste aus den MSAB-Produkten herausholen k\u00f6nnen.<\/p>\n            <\/div><!--\/.editor-content-->\n                    <\/div><!--\/.container-->\n<\/section><!--\/.regular-content-->\n\n<section class=\"block resources   \">\n    <div class=\"container\" id=\"block-resources\">\n        <ul class=\"resources__filter\" >\n                            <li>\n                    <a class=\"resources__filter--link active\" href=\"https:\/\/www.msab.com\/de\/resources\/\">\n                        Show All                    <\/a>\n                <\/li>\n                                                    <li class=\"search\">\n                <form action=\"https:\/\/www.msab.com\/de\/resources\/\" >\n                    <input type=\"search\" name=\"search\" value=\"\" \/>\n                <\/form>\n                <a href=\"#\">\n                    <i class=\"fas fa-search\"><\/i>\n                <\/a> \n            <\/li>\n        <\/ul>\n\n                    <section class=\"resources__listing\">\n            <input class=\"resources_category\" type=\"hidden\" value=\"\">\n                \n<article class=\"resources__item resources__item--featured\">\n    <figure>\n        <span class=\"ribbon\">\n            Update        <\/span>\n        <img decoding=\"async\" width=\"1180\" height=\"480\" src=\"https:\/\/www.msab.com\/wp-content\/uploads\/2021\/10\/MicrosoftTeams-image-1180x480.png\" class=\"attachment-post-listing-big size-post-listing-big wp-post-image\" alt=\"\" srcset=\"https:\/\/www.msab.com\/wp-content\/uploads\/2021\/10\/MicrosoftTeams-image-1180x480.png 1180w, https:\/\/www.msab.com\/wp-content\/uploads\/2021\/10\/MicrosoftTeams-image-300x122.png 300w, https:\/\/www.msab.com\/wp-content\/uploads\/2021\/10\/MicrosoftTeams-image-1024x417.png 1024w, https:\/\/www.msab.com\/wp-content\/uploads\/2021\/10\/MicrosoftTeams-image-768x312.png 768w, https:\/\/www.msab.com\/wp-content\/uploads\/2021\/10\/MicrosoftTeams-image-1536x625.png 1536w, https:\/\/www.msab.com\/wp-content\/uploads\/2021\/10\/MicrosoftTeams-image-2048x833.png 2048w, https:\/\/www.msab.com\/wp-content\/uploads\/2021\/10\/MicrosoftTeams-image-33x13.png 33w, https:\/\/www.msab.com\/wp-content\/uploads\/2021\/10\/MicrosoftTeams-image-102x41.png 102w, https:\/\/www.msab.com\/wp-content\/uploads\/2021\/10\/MicrosoftTeams-image-1240x504.png 1240w, https:\/\/www.msab.com\/wp-content\/uploads\/2021\/10\/MicrosoftTeams-image-500x203.png 500w\" sizes=\"(max-width: 1180px) 100vw, 1180px\" \/>    <\/figure>\n    <div class=\"content\">\n        <p class=\"meta\">\n\t\t\t7. Mai 2026\t\t<\/p>\n        <h4>MSAB Sets Long-term Financial Targets<\/h4>\n        <p class=\"excerpt\">\n            MSAB Sets Long-term Financial Targets The Board of MSAB has decided to&#8230;        <\/p>\n        <p class=\"link\">\n            <a href=\"https:\/\/www.msab.com\/de\/updates\/msab-sets-long-term-financial-targets\/\" class=\"btn btn-primary\">\n                Read more            <\/a>\n        <\/p>\n    <\/div>\n<\/article>\n<article class=\"resources__item \">\n    <figure>\n        <span class=\"ribbon\">\n            Update        <\/span>\n        <img decoding=\"async\" width=\"380\" height=\"240\" src=\"https:\/\/www.msab.com\/wp-content\/uploads\/2021\/10\/MicrosoftTeams-image-380x240.png\" class=\"attachment-post-listing size-post-listing wp-post-image\" alt=\"\" \/>    <\/figure>\n    <div class=\"content\">\n        <p class=\"meta\">\n\t\t\t28. April 2026\t\t<\/p>\n        <h4>MSAB Interim Report &#8211; Q1 2026<\/h4>\n        <p class=\"excerpt\">\n            MSAB Interim Report &#8211; Q1 2026 January \u2013 March 2026 &nbsp; Summary&#8230;        <\/p>\n        <p class=\"link\">\n            <a href=\"https:\/\/www.msab.com\/de\/updates\/msab-interim-report-q1-2026\/\" class=\"btn btn-outline\">\n                Read more            <\/a>\n        <\/p>\n    <\/div>\n<\/article>\n<article class=\"resources__item \">\n    <figure>\n        <span class=\"ribbon\">\n            Update        <\/span>\n        <img decoding=\"async\" width=\"380\" height=\"240\" src=\"https:\/\/www.msab.com\/wp-content\/uploads\/2021\/10\/MicrosoftTeams-image-380x240.png\" class=\"attachment-post-listing size-post-listing wp-post-image\" alt=\"\" \/>    <\/figure>\n    <div class=\"content\">\n        <p class=\"meta\">\n\t\t\t21. April 2026\t\t<\/p>\n        <h4>MSAB publishes Annual Report for 2025<\/h4>\n        <p class=\"excerpt\">\n            MSAB publishes Annual Report for 2025 Press Release April 21st, 2026, 13.00&#8230;        <\/p>\n        <p class=\"link\">\n            <a href=\"https:\/\/www.msab.com\/de\/updates\/msab-publishes-annual-report-for-2025\/\" class=\"btn btn-outline\">\n                Read more            <\/a>\n        <\/p>\n    <\/div>\n<\/article>\n<article class=\"resources__item \">\n    <figure>\n        <span class=\"ribbon\">\n            Update        <\/span>\n        <img decoding=\"async\" width=\"380\" height=\"240\" src=\"https:\/\/www.msab.com\/wp-content\/uploads\/2021\/10\/MicrosoftTeams-image-380x240.png\" class=\"attachment-post-listing size-post-listing wp-post-image\" alt=\"\" \/>    <\/figure>\n    <div class=\"content\">\n        <p class=\"meta\">\n\t\t\t14. April 2026\t\t<\/p>\n        <h4>Invitation to the Presentation of MSAB\u2019s Interim Report January-March 2026<\/h4>\n        <p class=\"excerpt\">\n            Invitation to the Presentation of MSAB\u2019s Interim Report January-March 2026 MSAB\u2019s interim&#8230;        <\/p>\n        <p class=\"link\">\n            <a href=\"https:\/\/www.msab.com\/de\/updates\/invitation-to-the-presentation-of-msabs-interim-report-january-march-2026\/\" class=\"btn btn-outline\">\n                Read more            <\/a>\n        <\/p>\n    <\/div>\n<\/article>\n<article class=\"resources__item \">\n    <figure>\n        <span class=\"ribbon\">\n            Update        <\/span>\n        <img decoding=\"async\" width=\"380\" height=\"240\" src=\"https:\/\/www.msab.com\/wp-content\/uploads\/2021\/10\/MicrosoftTeams-image-380x240.png\" class=\"attachment-post-listing size-post-listing wp-post-image\" alt=\"\" \/>    <\/figure>\n    <div class=\"content\">\n        <p class=\"meta\">\n\t\t\t7. April 2026\t\t<\/p>\n        <h4>NOTICE OF ANNUAL GENERAL MEETING IN MICRO SYSTEMATION AB (publ)<\/h4>\n        <p class=\"excerpt\">\n            NOTICE OF ANNUAL GENERAL MEETING IN MICRO SYSTEMATION AB (publ) The shareholders&#8230;        <\/p>\n        <p class=\"link\">\n            <a href=\"https:\/\/www.msab.com\/de\/updates\/notice-of-annual-general-meeting-in-micro-systemation-ab-publ-3\/\" class=\"btn btn-outline\">\n                Read more            <\/a>\n        <\/p>\n    <\/div>\n<\/article>\n<article class=\"resources__item \">\n    <figure>\n        <span class=\"ribbon\">\n            Update        <\/span>\n        <img decoding=\"async\" width=\"380\" height=\"240\" src=\"https:\/\/www.msab.com\/wp-content\/uploads\/2025\/12\/Featured_web_Release_template-380x240.jpg\" class=\"attachment-post-listing size-post-listing wp-post-image\" alt=\"\" srcset=\"https:\/\/www.msab.com\/wp-content\/uploads\/2025\/12\/Featured_web_Release_template-380x240.jpg 380w, https:\/\/www.msab.com\/wp-content\/uploads\/2025\/12\/Featured_web_Release_template-300x190.jpg 300w, https:\/\/www.msab.com\/wp-content\/uploads\/2025\/12\/Featured_web_Release_template-1024x647.jpg 1024w, https:\/\/www.msab.com\/wp-content\/uploads\/2025\/12\/Featured_web_Release_template-768x486.jpg 768w, https:\/\/www.msab.com\/wp-content\/uploads\/2025\/12\/Featured_web_Release_template-33x21.jpg 33w, https:\/\/www.msab.com\/wp-content\/uploads\/2025\/12\/Featured_web_Release_template-102x64.jpg 102w, https:\/\/www.msab.com\/wp-content\/uploads\/2025\/12\/Featured_web_Release_template-500x316.jpg 500w, https:\/\/www.msab.com\/wp-content\/uploads\/2025\/12\/Featured_web_Release_template.jpg 1180w\" sizes=\"(max-width: 380px) 100vw, 380px\" \/>    <\/figure>\n    <div class=\"content\">\n        <p class=\"meta\">\n\t\t\t26. M\u00e4rz 2026\t\t<\/p>\n        <h4>Die gro\u00dfe Ver\u00f6ffentlichung f\u00fcr Q1 2026 ist jetzt verf\u00fcgbar.<\/h4>\n        <p class=\"excerpt\">\n            Breaking Barriers: \u00dcbersicht zur MSAB-Version Q1 2026 Ermittler sehen sich mit einer&#8230;        <\/p>\n        <p class=\"link\">\n            <a href=\"https:\/\/www.msab.com\/de\/updates\/q1-2026-major-release-is-now-available\/\" class=\"btn btn-outline\">\n                Read more            <\/a>\n        <\/p>\n    <\/div>\n<\/article>\n<article class=\"resources__item \">\n    <figure>\n        <span class=\"ribbon\">\n            Update        <\/span>\n        <img decoding=\"async\" width=\"380\" height=\"240\" src=\"https:\/\/www.msab.com\/wp-content\/uploads\/2021\/10\/MicrosoftTeams-image-380x240.png\" class=\"attachment-post-listing size-post-listing wp-post-image\" alt=\"\" \/>    <\/figure>\n    <div class=\"content\">\n        <p class=\"meta\">\n\t\t\t24. M\u00e4rz 2026\t\t<\/p>\n        <h4>Invitation to MSAB\u2019s Capital Markets Day on May 7th, 2026<\/h4>\n        <p class=\"excerpt\">\n            Invitation to MSAB\u2019s Capital Markets Day on May 7th, 2026 MSAB invites&#8230;        <\/p>\n        <p class=\"link\">\n            <a href=\"https:\/\/www.msab.com\/de\/updates\/invitation-to-msabs-capital-markets-day-on-may-7th-2026\/\" class=\"btn btn-outline\">\n                Read more            <\/a>\n        <\/p>\n    <\/div>\n<\/article>\n<article class=\"resources__item \">\n    <figure>\n        <span class=\"ribbon\">\n            Update        <\/span>\n        <img decoding=\"async\" width=\"380\" height=\"240\" src=\"https:\/\/www.msab.com\/wp-content\/uploads\/2025\/11\/MSAB_MicroRelease_web_new-380x240.jpg\" class=\"attachment-post-listing size-post-listing wp-post-image\" alt=\"\" \/>    <\/figure>\n    <div class=\"content\">\n        <p class=\"meta\">\n\t\t\t5. Februar 2026\t\t<\/p>\n        <h4>Branchenweit erste Unterst\u00fctzung f\u00fcr GPS-Ger\u00e4te.<\/h4>\n        <p class=\"excerpt\">\n            &nbsp; Mit MSAB XRY 11.3.1 ist MSAB der erste Anbieter auf dem&#8230;        <\/p>\n        <p class=\"link\">\n            <a href=\"https:\/\/www.msab.com\/de\/updates\/xry-11-3-1-market-first-gps-device-support\/\" class=\"btn btn-outline\">\n                Read more            <\/a>\n        <\/p>\n    <\/div>\n<\/article>\n<article class=\"resources__item \">\n    <figure>\n        <span class=\"ribbon\">\n            Update        <\/span>\n        <img decoding=\"async\" width=\"380\" height=\"240\" src=\"https:\/\/www.msab.com\/wp-content\/uploads\/2021\/10\/MicrosoftTeams-image-380x240.png\" class=\"attachment-post-listing size-post-listing wp-post-image\" alt=\"\" \/>    <\/figure>\n    <div class=\"content\">\n        <p class=\"meta\">\n\t\t\t27. Januar 2026\t\t<\/p>\n        <h4>Year-end report 2025<\/h4>\n        <p class=\"excerpt\">\n            Year-end report 2025 Summary October &#8211; December 2025 Net sales amounted to&#8230;        <\/p>\n        <p class=\"link\">\n            <a href=\"https:\/\/www.msab.com\/de\/updates\/year-end-report-2025\/\" class=\"btn btn-outline\">\n                Read more            <\/a>\n        <\/p>\n    <\/div>\n<\/article>\n<article class=\"resources__item \">\n    <figure>\n        <span class=\"ribbon\">\n            Update        <\/span>\n        <img decoding=\"async\" width=\"380\" height=\"240\" src=\"https:\/\/www.msab.com\/wp-content\/uploads\/2021\/10\/MicrosoftTeams-image-380x240.png\" class=\"attachment-post-listing size-post-listing wp-post-image\" alt=\"\" \/>    <\/figure>\n    <div class=\"content\">\n        <p class=\"meta\">\n\t\t\t16. Januar 2026\t\t<\/p>\n        <h4>MSAB Announces the Appointment of M\u00e5rten Blixt as New Chief Revenue Officer (CRO)<\/h4>\n        <p class=\"excerpt\">\n            MSAB Announces the Appointment of M\u00e5rten Blixt as New Chief Revenue Officer&#8230;        <\/p>\n        <p class=\"link\">\n            <a href=\"https:\/\/www.msab.com\/de\/updates\/msab-announces-the-appointment-of-marten-blixt-as-new-chief-revenue-officer-cro\/\" class=\"btn btn-outline\">\n                Read more            <\/a>\n        <\/p>\n    <\/div>\n<\/article>                    <nav class=\"col-12 pagination text-center\">\n                        <span aria-current=\"page\" class=\"page-numbers current\">1<\/span>\n<a class=\"page-numbers\" href=\"https:\/\/www.msab.com\/de\/wp-json\/wp\/v2\/pages\/152349\/page\/2\/\">2<\/a>\n<span class=\"page-numbers dots\">&hellip;<\/span>\n<a class=\"page-numbers\" href=\"https:\/\/www.msab.com\/de\/wp-json\/wp\/v2\/pages\/152349\/page\/34\/\">34<\/a>\n<a class=\"page-numbers\" href=\"https:\/\/www.msab.com\/de\/wp-json\/wp\/v2\/pages\/152349\/page\/35\/\">35<\/a>\n<a class=\"next page-numbers\" href=\"https:\/\/www.msab.com\/de\/wp-json\/wp\/v2\/pages\/152349\/page\/2\/\"><i class=\"fas fa-arrow-right\"><\/i><\/a>                    <\/nav>\n                                <\/section>\n            <\/div>\n\n    <div style=\"display: none;\">\n    <div class=\"resources__listing\">\n        <div class=\"container\">\n                        <div class=\"resources__listing--wrap d-flex flex-wrap\">\n\n                \n            <\/div>\n            <nav class=\"col-12 pagination text-center\">\n                <span aria-current=\"page\" class=\"page-numbers current\">1<\/span>\n<a class=\"page-numbers\" href=\"https:\/\/www.msab.com\/de\/wp-json\/wp\/v2\/pages\/152349\/page\/2\/\">2<\/a>\n<span class=\"page-numbers dots\">&hellip;<\/span>\n<a class=\"page-numbers\" href=\"https:\/\/www.msab.com\/de\/wp-json\/wp\/v2\/pages\/152349\/page\/34\/\">34<\/a>\n<a class=\"page-numbers\" href=\"https:\/\/www.msab.com\/de\/wp-json\/wp\/v2\/pages\/152349\/page\/35\/\">35<\/a>\n<a class=\"next page-numbers\" href=\"https:\/\/www.msab.com\/de\/wp-json\/wp\/v2\/pages\/152349\/page\/2\/\"><i class=\"fas fa-arrow-right\"><\/i><\/a>            <\/nav>\n                    <\/div>\n    <\/div>\n    <\/div>\n<\/section>\n\n\n<section id=\"\" class=\"block sign-up-cta bg-blue-gradient \">\n    <div class=\"container narrow\">\n        <div class=\"info-wrap two-col\">\n\n                            <div class=\"cta-wrap editor-content\">\n                    <h2>Erfahren Sie mehr<\/h2>\n<p>Holen Sie sich die neuesten Informationen von MSAB direkt per E-Mail.<\/p>\n                <\/div><!--\/.editor-content-->\n            \n                            <div class=\"btn-wrap\">\n                    <a class=\"btn btn-primary\" href=\"#form-152274\" >Tragen Sie sich in unsere Mailingliste ein<\/a>\n                <\/div><!--\/.btn-wrap-->\n            \n        <\/div><!--\/.info-wrap-->\n    <\/div><!--\/.container-->\n<\/section><!--\/.sign-up-cta-->\n\n\n<section id=\"\" class=\"block form bg-light-grey \">\n    <div class=\"container narrow\">\n\n    \n        \n            <div class=\"form-wrap\">\n                <div\r\n        data-form-id='e38349d1-7490-f011-b4cc-7c1e52fb5478'\r\n        data-form-api-url='https:\/\/public-eur.mkt.dynamics.com\/api\/v1.0\/orgs\/209eda7e-bbd7-45fb-82d9-810028103c6d\/landingpageforms'\r\n        data-cached-form-url='https:\/\/assets-eur.mkt.dynamics.com\/209eda7e-bbd7-45fb-82d9-810028103c6d\/digitalassets\/forms\/e38349d1-7490-f011-b4cc-7c1e52fb5478' ><\/div>\r\n        <script src = 'https:\/\/cxppusa1formui01cdnsa01-endpoint.azureedge.net\/eur\/FormLoader\/FormLoader.bundle.js' ><\/script>            <\/div><!--\/.form-wrap-->\n\n        \n    \n    <\/div><!--\/.container-->\n<\/section>","protected":false},"excerpt":{"rendered":"","protected":false},"author":106,"featured_media":0,"parent":0,"menu_order":0,"comment_status":"closed","ping_status":"closed","template":"","meta":{"_acf_changed":false,"footnotes":""},"class_list":["post-152349","page","type-page","status-publish","hentry"],"acf":[],"yoast_head":"<!-- This site is optimized with the Yoast SEO Premium plugin v25.0 (Yoast SEO v27.5) - https:\/\/yoast.com\/product\/yoast-seo-premium-wordpress\/ -->\n<title>Ressourcen - MSAB<\/title>\n<meta name=\"robots\" content=\"index, follow, max-snippet:-1, max-image-preview:large, max-video-preview:-1\" \/>\n<link rel=\"canonical\" href=\"https:\/\/www.msab.com\/de\/resources\/\" \/>\n<meta property=\"og:locale\" content=\"de_DE\" \/>\n<meta property=\"og:type\" content=\"article\" \/>\n<meta property=\"og:title\" content=\"Ressourcen\" \/>\n<meta property=\"og:url\" content=\"https:\/\/www.msab.com\/de\/resources\/\" \/>\n<meta property=\"og:site_name\" content=\"MSAB\" \/>\n<meta property=\"article:publisher\" content=\"https:\/\/www.facebook.com\/microsystemation\" \/>\n<meta property=\"article:modified_time\" content=\"2022-11-25T07:55:18+00:00\" \/>\n<meta name=\"twitter:card\" content=\"summary_large_image\" \/>\n<meta name=\"twitter:site\" content=\"@MSAB_XRY\" \/>\n<script type=\"application\/ld+json\" class=\"yoast-schema-graph\">{\"@context\":\"https:\\\/\\\/schema.org\",\"@graph\":[{\"@type\":\"WebPage\",\"@id\":\"https:\\\/\\\/www.msab.com\\\/de\\\/resources\\\/\",\"url\":\"https:\\\/\\\/www.msab.com\\\/de\\\/resources\\\/\",\"name\":\"Ressourcen - MSAB\",\"isPartOf\":{\"@id\":\"https:\\\/\\\/www.msab.com\\\/de\\\/#website\"},\"datePublished\":\"2021-11-01T13:26:00+00:00\",\"dateModified\":\"2022-11-25T07:55:18+00:00\",\"breadcrumb\":{\"@id\":\"https:\\\/\\\/www.msab.com\\\/de\\\/resources\\\/#breadcrumb\"},\"inLanguage\":\"de\",\"potentialAction\":[{\"@type\":\"ReadAction\",\"target\":[\"https:\\\/\\\/www.msab.com\\\/de\\\/resources\\\/\"]}]},{\"@type\":\"BreadcrumbList\",\"@id\":\"https:\\\/\\\/www.msab.com\\\/de\\\/resources\\\/#breadcrumb\",\"itemListElement\":[{\"@type\":\"ListItem\",\"position\":1,\"name\":\"\",\"item\":\"https:\\\/\\\/www.msab.com\\\/de\\\/\"},{\"@type\":\"ListItem\",\"position\":2,\"name\":\"Ressourcen\"}]},{\"@type\":\"WebSite\",\"@id\":\"https:\\\/\\\/www.msab.com\\\/de\\\/#website\",\"url\":\"https:\\\/\\\/www.msab.com\\\/de\\\/\",\"name\":\"MSAB\",\"description\":\"Trusted Partner in Digital Forensics\",\"publisher\":{\"@id\":\"https:\\\/\\\/www.msab.com\\\/de\\\/#organization\"},\"potentialAction\":[{\"@type\":\"SearchAction\",\"target\":{\"@type\":\"EntryPoint\",\"urlTemplate\":\"https:\\\/\\\/www.msab.com\\\/de\\\/?s={search_term_string}\"},\"query-input\":{\"@type\":\"PropertyValueSpecification\",\"valueRequired\":true,\"valueName\":\"search_term_string\"}}],\"inLanguage\":\"de\"},{\"@type\":\"Organization\",\"@id\":\"https:\\\/\\\/www.msab.com\\\/de\\\/#organization\",\"name\":\"MSAB\",\"url\":\"https:\\\/\\\/www.msab.com\\\/de\\\/\",\"logo\":{\"@type\":\"ImageObject\",\"inLanguage\":\"de\",\"@id\":\"https:\\\/\\\/www.msab.com\\\/de\\\/#\\\/schema\\\/logo\\\/image\\\/\",\"url\":\"https:\\\/\\\/www.msab.com\\\/wp-content\\\/uploads\\\/2023\\\/03\\\/MSAB-logo-Black-RGB.png\",\"contentUrl\":\"https:\\\/\\\/www.msab.com\\\/wp-content\\\/uploads\\\/2023\\\/03\\\/MSAB-logo-Black-RGB.png\",\"width\":1198,\"height\":353,\"caption\":\"MSAB\"},\"image\":{\"@id\":\"https:\\\/\\\/www.msab.com\\\/de\\\/#\\\/schema\\\/logo\\\/image\\\/\"},\"sameAs\":[\"https:\\\/\\\/www.facebook.com\\\/microsystemation\",\"https:\\\/\\\/x.com\\\/MSAB_XRY\",\"https:\\\/\\\/www.linkedin.com\\\/company\\\/micro-systemation\"]}]}<\/script>\n<!-- \/ Yoast SEO Premium plugin. -->","yoast_head_json":{"title":"Ressourcen - MSAB","robots":{"index":"index","follow":"follow","max-snippet":"max-snippet:-1","max-image-preview":"max-image-preview:large","max-video-preview":"max-video-preview:-1"},"canonical":"https:\/\/www.msab.com\/de\/resources\/","og_locale":"de_DE","og_type":"article","og_title":"Ressourcen","og_url":"https:\/\/www.msab.com\/de\/resources\/","og_site_name":"MSAB","article_publisher":"https:\/\/www.facebook.com\/microsystemation","article_modified_time":"2022-11-25T07:55:18+00:00","twitter_card":"summary_large_image","twitter_site":"@MSAB_XRY","schema":{"@context":"https:\/\/schema.org","@graph":[{"@type":"WebPage","@id":"https:\/\/www.msab.com\/de\/resources\/","url":"https:\/\/www.msab.com\/de\/resources\/","name":"Ressourcen - MSAB","isPartOf":{"@id":"https:\/\/www.msab.com\/de\/#website"},"datePublished":"2021-11-01T13:26:00+00:00","dateModified":"2022-11-25T07:55:18+00:00","breadcrumb":{"@id":"https:\/\/www.msab.com\/de\/resources\/#breadcrumb"},"inLanguage":"de","potentialAction":[{"@type":"ReadAction","target":["https:\/\/www.msab.com\/de\/resources\/"]}]},{"@type":"BreadcrumbList","@id":"https:\/\/www.msab.com\/de\/resources\/#breadcrumb","itemListElement":[{"@type":"ListItem","position":1,"name":"","item":"https:\/\/www.msab.com\/de\/"},{"@type":"ListItem","position":2,"name":"Ressourcen"}]},{"@type":"WebSite","@id":"https:\/\/www.msab.com\/de\/#website","url":"https:\/\/www.msab.com\/de\/","name":"MSAB","description":"Trusted Partner in Digital Forensics","publisher":{"@id":"https:\/\/www.msab.com\/de\/#organization"},"potentialAction":[{"@type":"SearchAction","target":{"@type":"EntryPoint","urlTemplate":"https:\/\/www.msab.com\/de\/?s={search_term_string}"},"query-input":{"@type":"PropertyValueSpecification","valueRequired":true,"valueName":"search_term_string"}}],"inLanguage":"de"},{"@type":"Organization","@id":"https:\/\/www.msab.com\/de\/#organization","name":"MSAB","url":"https:\/\/www.msab.com\/de\/","logo":{"@type":"ImageObject","inLanguage":"de","@id":"https:\/\/www.msab.com\/de\/#\/schema\/logo\/image\/","url":"https:\/\/www.msab.com\/wp-content\/uploads\/2023\/03\/MSAB-logo-Black-RGB.png","contentUrl":"https:\/\/www.msab.com\/wp-content\/uploads\/2023\/03\/MSAB-logo-Black-RGB.png","width":1198,"height":353,"caption":"MSAB"},"image":{"@id":"https:\/\/www.msab.com\/de\/#\/schema\/logo\/image\/"},"sameAs":["https:\/\/www.facebook.com\/microsystemation","https:\/\/x.com\/MSAB_XRY","https:\/\/www.linkedin.com\/company\/micro-systemation"]}]}},"_links":{"self":[{"href":"https:\/\/www.msab.com\/de\/wp-json\/wp\/v2\/pages\/152349","targetHints":{"allow":["GET"]}}],"collection":[{"href":"https:\/\/www.msab.com\/de\/wp-json\/wp\/v2\/pages"}],"about":[{"href":"https:\/\/www.msab.com\/de\/wp-json\/wp\/v2\/types\/page"}],"author":[{"embeddable":true,"href":"https:\/\/www.msab.com\/de\/wp-json\/wp\/v2\/users\/106"}],"replies":[{"embeddable":true,"href":"https:\/\/www.msab.com\/de\/wp-json\/wp\/v2\/comments?post=152349"}],"version-history":[{"count":6,"href":"https:\/\/www.msab.com\/de\/wp-json\/wp\/v2\/pages\/152349\/revisions"}],"predecessor-version":[{"id":322049,"href":"https:\/\/www.msab.com\/de\/wp-json\/wp\/v2\/pages\/152349\/revisions\/322049"}],"wp:attachment":[{"href":"https:\/\/www.msab.com\/de\/wp-json\/wp\/v2\/media?parent=152349"}],"curies":[{"name":"wp","href":"https:\/\/api.w.org\/{rel}","templated":true}]}}