{"id":151774,"date":"2021-10-31T14:12:32","date_gmt":"2021-10-31T13:12:32","guid":{"rendered":"http:\/\/www.msab.com\/?page_id=151774"},"modified":"2022-05-28T20:08:52","modified_gmt":"2022-05-28T18:08:52","slug":"programm-manager","status":"publish","type":"page","link":"https:\/\/www.msab.com\/de\/roles\/programm-manager\/","title":{"rendered":"Programm-Manager"},"content":{"rendered":"\n<section id=\"\" class=\"block regular-hero  has-bg-img ovarlay-dark\" style=\"background-image: url(https:\/\/www.msab.com\/wp-content\/uploads\/2021\/10\/Program_Manager.jpg);\">\n    <div class=\"container\">\n\n        <div class=\"text-wrapper text-white\">\n            <h1 class=\"heading title\">L\u00f6sungen f\u00fcr die mobile Forensik f\u00fcr Programm-Manager<\/h1>            \n                    <\/div><!--\/text-wrapper-->\n        <div class=\"breadcrumb-part dark\"><nav id=\"breadcrumbs\" class=\"bread-nav\"><span><span><a href=\"https:\/\/www.msab.com\/de\/\"><i class=\"fas fa-home\"><\/i><\/a><\/span><\/span><\/nav><\/div>    <\/div><!--\/container-->\n<\/section>\n\n\n\n\n<section id=\"\" class=\"block two-column-content bg-white \">\n    <div class=\"container\">\n        <div class=\"text-wrapper\">\n            <div class=\"row\">\n                                    <div class=\"col-12 col-md-6 col-lg-5\">\n                        <h2 class=\"heading h2\">Kollaborative Teams erzielen deutlich bessere Ergebnisse<\/h2>                    <\/div>\n                                                    <div class=\"col-12 col-md-6 col-lg-7\">\n                        <p>Als Manager m\u00fcssen Sie viele Herausforderungen meistern, was nicht immer einfach ist. Forensische Ermittlungen erfordern sowohl standardisierte als auch formalisierte Prozesse, damit die rechtlichen, fachlichen und ethischen Anforderungen erf\u00fcllt werden.<\/p>\n<p>Mit den richtigen Tools k\u00f6nnen Sie ein kollaboratives Team leiten, die mit dem Ermittlungsprozess verbundenen Risiken minimieren und das Personal an vorderster Front dazu bef\u00e4higen, sowohl den Prozess als auch die Abl\u00e4ufe zu beschleunigen.<\/p>\n<p>Wenn Sie Tools f\u00fcr mobile Forensik an mehreren Standorten einsetzen, ben\u00f6tigen Sie konsistente Prozesse, um die Leistung Ihres Teams zu optimieren, den Zugriff auf Berichte zu beschleunigen und die Integrit\u00e4t der digitalen Beweise zu gew\u00e4hrleisten.<\/p>\n<p><strong>Derzeit erledigt kein IT-Forensik-Verwaltungstool dies besser als XEC.<br \/>\n<\/strong><\/p>\n<p><a class=\"btn btn-primary\" href=\"https:\/\/www.msab.com\/de\/get-started\/\" target=\"_blank\" rel=\"noopener\">Jetzt einsteigen<\/a><\/p>\n<p><a class=\"btn btn-outline\" href=\"https:\/\/www.msab.com\/product\/manage\/\" target=\"_blank\" rel=\"noopener\">Erfahren Sie mehr \u00fcber XEC<\/a><\/p>\n                    <\/div>\n                            <\/div><!--\/row-->\n        <\/div><!--\/text-wrapper-->\n    <\/div><!--\/container-->\n<\/section>\n\n\n<hr class=\"separator-line purple\">\n\n\n<section id=\"\" class=\"block list-block bg-light-grey \">\n    <div class=\"container\">\n\n                <div class=\"list-block__top-content editor-content left\">\n            <h2><span lang=\"EN-US\">F\u00fcnf gute Gr\u00fcnde, die f\u00fcr XEC als Tool f\u00fcr IT-Forensik sprechen<\/span><\/h2>\n        <\/div><!--\/.top-content-->\n                \n                <div class=\"list-block__row d-flex\">\n\n            \n            <div class=\"list-block__wrap\">\n                <div class=\"list-block__col editor-content\">\n\n                                        \n                                        <ul class=\"check-list purple\">\n\n                                                <li>Nahtlose Weitergabe von Daten zwischen Anwendern, Standorten, Abteilungen und anderen Beh\u00f6rden.<\/li>\n                                                <li>Problemlose Bereitstellung von Remote-Unterst\u00fctzung und Aktualisierung der Software f\u00fcr mobile Forensik auf allen Ihren Computern von einem zentralen Kontrollpunkt aus.\u00a0<\/li>\n                                                <li>Aufrechterhaltung der Integrit\u00e4t und ordnungsgem\u00e4\u00dfe Verwaltung Ihrer digitalen Beweise.<\/li>\n                        \n                    <\/ul><!--\/.check-list-->\n                                    <\/div><!--\/.list-block__col-->\n            <\/div><!--\/.list-block__wrap-->\n            \n            <div class=\"list-block__wrap\">\n                <div class=\"list-block__col editor-content\">\n\n                                        \n                                        <ul class=\"check-list purple\">\n\n                                                <li>Beschleunigung des Zugriffs auf Berichte und Reduzierung der Verwaltungskosten.<\/li>\n                                                <li>Optimierung der Leistung Ihres Teams, Nachverfolgung wichtiger Ziele und Generierung der erforderlichen Berichte.<\/li>\n                        \n                    <\/ul><!--\/.check-list-->\n                                    <\/div><!--\/.list-block__col-->\n            <\/div><!--\/.list-block__wrap-->\n            \n        <\/div><!--\/.list-block__row-->\n        \n    <\/div><!--\/.container-->\n<\/section>\n\n\n<section id=\"\" class=\"block two-cards bg-blue-gradient \">\n    <div class=\"container\">\n                <div class=\"top-text editor-content left text-white\">\n            <h2>Grundlegende Schulungen zum Ausbau der F\u00e4higkeiten Ihres Teams<\/h2>\n<p>Ein wichtiger Teil Ihrer Rolle als F\u00fchrungskraft besteht darin, das Wachstumspotenzial Ihrer Teammitglieder zu erkennen und zu f\u00f6rdern. MSAB kann Ihnen helfen\u00a0\u2013 mit flexiblen Lernoptionen f\u00fcr die Ausbildung in mobiler Forensik. So k\u00f6nnen Ihre Teammitglieder je nach Bedarf an Schulungskursen teilnehmen.<\/p>\n        <\/div>\n                <div class=\"two-cards__row d-flex\">\n                        <div class=\"two-cards__card-wrap\">\n\n                <div class=\"two-cards__card\">\n                                        <div class=\"two-cards__card--image-wrap\">\n                        <img decoding=\"async\" width=\"1200\" height=\"628\" src=\"https:\/\/www.msab.com\/wp-content\/uploads\/2021\/10\/Training_Credits.jpg\" class=\"attachment-full size-full\" alt=\"\" srcset=\"https:\/\/www.msab.com\/wp-content\/uploads\/2021\/10\/Training_Credits.jpg 1200w, https:\/\/www.msab.com\/wp-content\/uploads\/2021\/10\/Training_Credits-300x157.jpg 300w, https:\/\/www.msab.com\/wp-content\/uploads\/2021\/10\/Training_Credits-1024x536.jpg 1024w, https:\/\/www.msab.com\/wp-content\/uploads\/2021\/10\/Training_Credits-768x402.jpg 768w, https:\/\/www.msab.com\/wp-content\/uploads\/2021\/10\/Training_Credits-33x17.jpg 33w, https:\/\/www.msab.com\/wp-content\/uploads\/2021\/10\/Training_Credits-102x53.jpg 102w, https:\/\/www.msab.com\/wp-content\/uploads\/2021\/10\/Training_Credits-500x262.jpg 500w\" sizes=\"(max-width: 1200px) 100vw, 1200px\" \/>                    <\/div><!--\/.two-cards__card--image-wrap-->\n                                        <div class=\"two-cards__card--content-wrap editor-content bg-white\">\n                                                <h4 class=\"two-cards__card--title\">MSAB-Schulungsguthaben<\/h4>\n                                                <p class=\"two-cards__card--intro\">Wenn Sie nicht sicher sind, welchen Kurs Sie belegen wollen oder m\u00fcssen, kaufen Sie einfach Prepaid-Guthaben, das Sie f\u00fcr MSAB-Schulungen verwenden k\u00f6nnen. Das Guthaben ist ein Jahr lang g\u00fcltig und kann f\u00fcr den von Ihnen gew\u00e4hlten Kurs genutzt werden.\u00a0\r\n\r\nDurch das Schulungsguthaben profitieren Sie bei der Kursauswahl von maximaler Flexibilit\u00e4t und sind nicht an einen bestimmten Kurs gebunden.\r\n\r\nDas Schulungsguthaben kann f\u00fcr alle von MSAB angebotenen Schulungen verwendet werden, jederzeit und f\u00fcr jeden Mitarbeiter in Ihrer Organisation.\r\n<\/p>\n                                                <p class=\"two-cards__card--link\"><a href=\"https:\/\/www.msab.com\/de\/contact\/\" title=\"Mehr erfahren\"  >Mehr erfahren<\/a><\/p>\n                                            <\/div><!--\/.two-cards__card--content-wrap-->\n                <\/div><!--\/.two-cards__card-->\n\n            <\/div><!--\/.two-cards__card-wrap-->\n                        <div class=\"two-cards__card-wrap\">\n\n                <div class=\"two-cards__card\">\n                                        <div class=\"two-cards__card--image-wrap\">\n                        <img decoding=\"async\" width=\"1200\" height=\"628\" src=\"https:\/\/www.msab.com\/wp-content\/uploads\/2021\/10\/MSAB_Training_Passport.png\" class=\"attachment-full size-full\" alt=\"\" srcset=\"https:\/\/www.msab.com\/wp-content\/uploads\/2021\/10\/MSAB_Training_Passport.png 1200w, https:\/\/www.msab.com\/wp-content\/uploads\/2021\/10\/MSAB_Training_Passport-300x157.png 300w, https:\/\/www.msab.com\/wp-content\/uploads\/2021\/10\/MSAB_Training_Passport-1024x536.png 1024w, https:\/\/www.msab.com\/wp-content\/uploads\/2021\/10\/MSAB_Training_Passport-768x402.png 768w, https:\/\/www.msab.com\/wp-content\/uploads\/2021\/10\/MSAB_Training_Passport-33x17.png 33w, https:\/\/www.msab.com\/wp-content\/uploads\/2021\/10\/MSAB_Training_Passport-102x53.png 102w, https:\/\/www.msab.com\/wp-content\/uploads\/2021\/10\/MSAB_Training_Passport-500x262.png 500w\" sizes=\"(max-width: 1200px) 100vw, 1200px\" \/>                    <\/div><!--\/.two-cards__card--image-wrap-->\n                                        <div class=\"two-cards__card--content-wrap editor-content bg-white\">\n                                                <h4 class=\"two-cards__card--title\">MSAB-Schulungspass<\/h4>\n                                                <p class=\"two-cards__card--intro\">MSAB bietet eine Schulungspass an, mit dem Sie Geld sparen und Ihren Budgetprozess vereinfachen k\u00f6nnen, indem Sie Schulungen f\u00fcr ein ganzes Jahr f\u00fcr eine Person zu einem erm\u00e4\u00dfigten Pauschalpreis erwerben.\r\n\u00a0\r\nSo kann Ihr Team ein ganzes Jahr lang jeden beliebigen MSAB-Kurs besuchen, \u00fcberall und jederzeit.\r\n\u00a0\r\nDa wir eine breite Auswahl an weltweit verf\u00fcgbaren Kursen anbieten, war es noch nie so einfach, an den erforderlichen Schulungen teilzunehmen. Dies ist die einfachste und kosteng\u00fcnstigste M\u00f6glichkeit, sich im Bereich der mobilen Forensik weiterzubilden.\r\n<\/p>\n                                                <p class=\"two-cards__card--link\"><a href=\"https:\/\/www.msab.com\/de\/contact\/\" title=\"Mehr erfahren\"  >Mehr erfahren<\/a><\/p>\n                                            <\/div><!--\/.two-cards__card--content-wrap-->\n                <\/div><!--\/.two-cards__card-->\n\n            <\/div><!--\/.two-cards__card-wrap-->\n                    <\/div><!--\/.two-cards__row-->\n            <\/div><!--\/.container-->\n<\/section>\n\n\n<section id=\"\" class=\"block blockquote  regular bg-white\">\n    <div class=\"container narrow\">\n\n                <div class=\"quote-wrap\">\n            <blockquote>\n                Ich habe im Laufe der Jahre unz\u00e4hlige Kurse absolviert, aber hier habe ich mich zum ersten Mal darauf gefreut, jeden einzelnen Tag (eine Woche lang) hinzugehen. Sowohl die Schulung als auch die Pr\u00e4sentation sind sehr gut\u00a0\u2013 es werden ausgezeichnete Informationen und Vorgehensweisen vorgestellt.            <\/blockquote>\n                            <p class=\"after-text text-right\">Feedback zur XRY-Zertifizierung und zum Aufbaukurs<\/p>\n                    <\/div><!--\/.quote-wrap-->\n        \n    <\/div><!--\/.container-->\n<\/section>\n\n\n    <style>\n                    #block_6179bbe5b90d6 {\n                background-image: url(https:\/\/www.msab.com\/wp-content\/uploads\/2021\/10\/XEC_Manage_BG-1.jpg);\n            }\n                    <\/style>\n\n<section id=\"block_6179bbe5b90d6\" class=\"block cta-with-bg-img text-white left-layout \">\n    <div class=\"container\" id=\"\">\n                    <div class=\"text-wrapper\">\n                <h2>Jetzt einsteigen\u00a0\u2013 z\u00f6gern Sie nicht l\u00e4nger<\/h2>\n<p>Sparen Sie Zeit und Geld und verbessern Sie Ihre Teamf\u00e4higkeiten mit MSAB. Gemeinsam k\u00f6nnen wir uns die M\u00f6glichkeiten der mobilen Forensik zunutze machen und daf\u00fcr sorgen, dass Sie die volle Kontrolle \u00fcber Ihre Arbeit in der mobilen Forensik haben. Greifen Sie heute noch zu und steigern Sie sofort die Effizienz Ihres Teams.<\/p>\n<p><a class=\"btn btn-primary\" href=\"https:\/\/www.msab.com\/de\/contact\/\" rel=\"noopener\">Kontaktieren Sie uns<\/a><\/p>\n            <\/div>\n            <\/div><!--\/container-->\n<\/section>","protected":false},"excerpt":{"rendered":"","protected":false},"author":11,"featured_media":0,"parent":151762,"menu_order":0,"comment_status":"closed","ping_status":"closed","template":"","meta":{"_acf_changed":false,"footnotes":""},"class_list":["post-151774","page","type-page","status-publish","hentry"],"acf":[],"yoast_head":"<!-- This site is optimized with the Yoast SEO Premium plugin v25.0 (Yoast SEO v27.6) - https:\/\/yoast.com\/product\/yoast-seo-premium-wordpress\/ -->\n<title>Programm-Manager - MSAB<\/title>\n<meta name=\"robots\" content=\"index, follow, max-snippet:-1, max-image-preview:large, max-video-preview:-1\" \/>\n<link rel=\"canonical\" href=\"https:\/\/www.msab.com\/de\/roles\/programm-manager\/\" \/>\n<meta property=\"og:locale\" content=\"de_DE\" \/>\n<meta property=\"og:type\" content=\"article\" \/>\n<meta property=\"og:title\" content=\"Programm-Manager\" \/>\n<meta property=\"og:url\" content=\"https:\/\/www.msab.com\/de\/roles\/programm-manager\/\" \/>\n<meta property=\"og:site_name\" content=\"MSAB\" \/>\n<meta property=\"article:publisher\" content=\"https:\/\/www.facebook.com\/microsystemation\" \/>\n<meta property=\"article:modified_time\" content=\"2022-05-28T18:08:52+00:00\" \/>\n<meta name=\"twitter:card\" content=\"summary_large_image\" \/>\n<meta name=\"twitter:site\" content=\"@MSAB_XRY\" \/>\n<script type=\"application\/ld+json\" class=\"yoast-schema-graph\">{\"@context\":\"https:\\\/\\\/schema.org\",\"@graph\":[{\"@type\":\"WebPage\",\"@id\":\"https:\\\/\\\/www.msab.com\\\/de\\\/roles\\\/programm-manager\\\/\",\"url\":\"https:\\\/\\\/www.msab.com\\\/de\\\/roles\\\/programm-manager\\\/\",\"name\":\"Programm-Manager - MSAB\",\"isPartOf\":{\"@id\":\"https:\\\/\\\/www.msab.com\\\/de\\\/#website\"},\"datePublished\":\"2021-10-31T13:12:32+00:00\",\"dateModified\":\"2022-05-28T18:08:52+00:00\",\"breadcrumb\":{\"@id\":\"https:\\\/\\\/www.msab.com\\\/de\\\/roles\\\/programm-manager\\\/#breadcrumb\"},\"inLanguage\":\"de\",\"potentialAction\":[{\"@type\":\"ReadAction\",\"target\":[\"https:\\\/\\\/www.msab.com\\\/de\\\/roles\\\/programm-manager\\\/\"]}]},{\"@type\":\"BreadcrumbList\",\"@id\":\"https:\\\/\\\/www.msab.com\\\/de\\\/roles\\\/programm-manager\\\/#breadcrumb\",\"itemListElement\":[{\"@type\":\"ListItem\",\"position\":1,\"name\":\"\",\"item\":\"https:\\\/\\\/www.msab.com\\\/de\\\/\"},{\"@type\":\"ListItem\",\"position\":2,\"name\":\"Rollen\",\"item\":\"https:\\\/\\\/www.msab.com\\\/de\\\/roles\\\/\"},{\"@type\":\"ListItem\",\"position\":3,\"name\":\"Programm-Manager\"}]},{\"@type\":\"WebSite\",\"@id\":\"https:\\\/\\\/www.msab.com\\\/de\\\/#website\",\"url\":\"https:\\\/\\\/www.msab.com\\\/de\\\/\",\"name\":\"MSAB\",\"description\":\"Trusted Partner in Digital Forensics\",\"publisher\":{\"@id\":\"https:\\\/\\\/www.msab.com\\\/de\\\/#organization\"},\"potentialAction\":[{\"@type\":\"SearchAction\",\"target\":{\"@type\":\"EntryPoint\",\"urlTemplate\":\"https:\\\/\\\/www.msab.com\\\/de\\\/?s={search_term_string}\"},\"query-input\":{\"@type\":\"PropertyValueSpecification\",\"valueRequired\":true,\"valueName\":\"search_term_string\"}}],\"inLanguage\":\"de\"},{\"@type\":\"Organization\",\"@id\":\"https:\\\/\\\/www.msab.com\\\/de\\\/#organization\",\"name\":\"MSAB\",\"url\":\"https:\\\/\\\/www.msab.com\\\/de\\\/\",\"logo\":{\"@type\":\"ImageObject\",\"inLanguage\":\"de\",\"@id\":\"https:\\\/\\\/www.msab.com\\\/de\\\/#\\\/schema\\\/logo\\\/image\\\/\",\"url\":\"https:\\\/\\\/www.msab.com\\\/wp-content\\\/uploads\\\/2023\\\/03\\\/MSAB-logo-Black-RGB.png\",\"contentUrl\":\"https:\\\/\\\/www.msab.com\\\/wp-content\\\/uploads\\\/2023\\\/03\\\/MSAB-logo-Black-RGB.png\",\"width\":1198,\"height\":353,\"caption\":\"MSAB\"},\"image\":{\"@id\":\"https:\\\/\\\/www.msab.com\\\/de\\\/#\\\/schema\\\/logo\\\/image\\\/\"},\"sameAs\":[\"https:\\\/\\\/www.facebook.com\\\/microsystemation\",\"https:\\\/\\\/x.com\\\/MSAB_XRY\",\"https:\\\/\\\/www.linkedin.com\\\/company\\\/micro-systemation\"]}]}<\/script>\n<!-- \/ Yoast SEO Premium plugin. -->","yoast_head_json":{"title":"Programm-Manager - MSAB","robots":{"index":"index","follow":"follow","max-snippet":"max-snippet:-1","max-image-preview":"max-image-preview:large","max-video-preview":"max-video-preview:-1"},"canonical":"https:\/\/www.msab.com\/de\/roles\/programm-manager\/","og_locale":"de_DE","og_type":"article","og_title":"Programm-Manager","og_url":"https:\/\/www.msab.com\/de\/roles\/programm-manager\/","og_site_name":"MSAB","article_publisher":"https:\/\/www.facebook.com\/microsystemation","article_modified_time":"2022-05-28T18:08:52+00:00","twitter_card":"summary_large_image","twitter_site":"@MSAB_XRY","schema":{"@context":"https:\/\/schema.org","@graph":[{"@type":"WebPage","@id":"https:\/\/www.msab.com\/de\/roles\/programm-manager\/","url":"https:\/\/www.msab.com\/de\/roles\/programm-manager\/","name":"Programm-Manager - MSAB","isPartOf":{"@id":"https:\/\/www.msab.com\/de\/#website"},"datePublished":"2021-10-31T13:12:32+00:00","dateModified":"2022-05-28T18:08:52+00:00","breadcrumb":{"@id":"https:\/\/www.msab.com\/de\/roles\/programm-manager\/#breadcrumb"},"inLanguage":"de","potentialAction":[{"@type":"ReadAction","target":["https:\/\/www.msab.com\/de\/roles\/programm-manager\/"]}]},{"@type":"BreadcrumbList","@id":"https:\/\/www.msab.com\/de\/roles\/programm-manager\/#breadcrumb","itemListElement":[{"@type":"ListItem","position":1,"name":"","item":"https:\/\/www.msab.com\/de\/"},{"@type":"ListItem","position":2,"name":"Rollen","item":"https:\/\/www.msab.com\/de\/roles\/"},{"@type":"ListItem","position":3,"name":"Programm-Manager"}]},{"@type":"WebSite","@id":"https:\/\/www.msab.com\/de\/#website","url":"https:\/\/www.msab.com\/de\/","name":"MSAB","description":"Trusted Partner in Digital Forensics","publisher":{"@id":"https:\/\/www.msab.com\/de\/#organization"},"potentialAction":[{"@type":"SearchAction","target":{"@type":"EntryPoint","urlTemplate":"https:\/\/www.msab.com\/de\/?s={search_term_string}"},"query-input":{"@type":"PropertyValueSpecification","valueRequired":true,"valueName":"search_term_string"}}],"inLanguage":"de"},{"@type":"Organization","@id":"https:\/\/www.msab.com\/de\/#organization","name":"MSAB","url":"https:\/\/www.msab.com\/de\/","logo":{"@type":"ImageObject","inLanguage":"de","@id":"https:\/\/www.msab.com\/de\/#\/schema\/logo\/image\/","url":"https:\/\/www.msab.com\/wp-content\/uploads\/2023\/03\/MSAB-logo-Black-RGB.png","contentUrl":"https:\/\/www.msab.com\/wp-content\/uploads\/2023\/03\/MSAB-logo-Black-RGB.png","width":1198,"height":353,"caption":"MSAB"},"image":{"@id":"https:\/\/www.msab.com\/de\/#\/schema\/logo\/image\/"},"sameAs":["https:\/\/www.facebook.com\/microsystemation","https:\/\/x.com\/MSAB_XRY","https:\/\/www.linkedin.com\/company\/micro-systemation"]}]}},"_links":{"self":[{"href":"https:\/\/www.msab.com\/de\/wp-json\/wp\/v2\/pages\/151774","targetHints":{"allow":["GET"]}}],"collection":[{"href":"https:\/\/www.msab.com\/de\/wp-json\/wp\/v2\/pages"}],"about":[{"href":"https:\/\/www.msab.com\/de\/wp-json\/wp\/v2\/types\/page"}],"author":[{"embeddable":true,"href":"https:\/\/www.msab.com\/de\/wp-json\/wp\/v2\/users\/11"}],"replies":[{"embeddable":true,"href":"https:\/\/www.msab.com\/de\/wp-json\/wp\/v2\/comments?post=151774"}],"version-history":[{"count":0,"href":"https:\/\/www.msab.com\/de\/wp-json\/wp\/v2\/pages\/151774\/revisions"}],"up":[{"embeddable":true,"href":"https:\/\/www.msab.com\/de\/wp-json\/wp\/v2\/pages\/151762"}],"wp:attachment":[{"href":"https:\/\/www.msab.com\/de\/wp-json\/wp\/v2\/media?parent=151774"}],"curies":[{"name":"wp","href":"https:\/\/api.w.org\/{rel}","templated":true}]}}