{"id":151771,"date":"2021-10-31T14:07:27","date_gmt":"2021-10-31T13:07:27","guid":{"rendered":"http:\/\/www.msab.com\/?page_id=151771"},"modified":"2022-06-08T14:11:44","modified_gmt":"2022-06-08T12:11:44","slug":"hochrangige-manager","status":"publish","type":"page","link":"https:\/\/www.msab.com\/de\/roles\/hochrangige-manager\/","title":{"rendered":"Hochrangige Manager"},"content":{"rendered":"\n<section id=\"\" class=\"block regular-hero  has-bg-img ovarlay-dark\" style=\"background-image: url(https:\/\/www.msab.com\/wp-content\/uploads\/2021\/10\/High_Level_Manager.jpg);\">\n    <div class=\"container\">\n\n        <div class=\"text-wrapper text-white\">\n            <h1 class=\"heading title\">L\u00f6sungen f\u00fcr die mobile Forensik f\u00fcr hochrangige Manager<\/h1>            \n                    <\/div><!--\/text-wrapper-->\n        <div class=\"breadcrumb-part dark\"><nav id=\"breadcrumbs\" class=\"bread-nav\"><span><span><a href=\"https:\/\/www.msab.com\/de\/\"><i class=\"fas fa-home\"><\/i><\/a><\/span><\/span><\/nav><\/div>    <\/div><!--\/container-->\n<\/section>\n\n\n\n\n<section id=\"\" class=\"block two-column-content bg-white \">\n    <div class=\"container\">\n        <div class=\"text-wrapper\">\n            <div class=\"row\">\n                                    <div class=\"col-12 col-md-6 col-lg-5\">\n                        <h2 class=\"heading h2\">Managen Sie Ihr IT-Forensik-Team von einem zentralen Kontrollpunkt aus<\/h2>                    <\/div>\n                                                    <div class=\"col-12 col-md-6 col-lg-7\">\n                        <p>Ganz gleich, ob Sie f\u00fcr ein Team, eine Beh\u00f6rde oder eine Organisation im Bereich der mobilen Forensik zust\u00e4ndig sind\u00a0\u2013 Sie kennen die Herausforderungen: Ihr Team muss die Arbeit schnell und effizient erledigen, Standards einhalten und die forensische Integrit\u00e4t der digitalen Beweise belegen k\u00f6nnen.<\/p>\n<p>MSAB kann Sie dabei unterst\u00fctzen, genaue Informationen \u00fcber die Leistung und den Output Ihres Teams zu erhalten, Ihre IT-Forensik-Abl\u00e4ufe zu beschleunigen und die Effizienz Ihres Teams zu verbessern.<\/p>\n<p>Das MSAB-\u00d6kosystem der mobilen Forensik hat sich bei der Verbesserung der Effizienz, der Steigerung der Leistung und der Senkung der Betriebskosten bew\u00e4hrt. Der skalierbare und ganzheitliche Ansatz des \u00d6kosystems der mobilen Forensik bietet F\u00fchrungskr\u00e4ften die volle Kontrolle sowie die M\u00f6glichkeit, die Leistung nachzuverfolgen. Eine vernetzte L\u00f6sung auf der Basis unserer Verwaltungssoftware XEC erleichtert die Zusammenarbeit und den Austausch von Daten, die Aktualisierung von Anwendungen mit neuen Softwareversionen und die Umsetzung neuer Richtlinien und Standards.<\/p>\n<p class=\"intro\">Wir machen es m\u00f6glich.<\/p>\n<p><a class=\"btn btn-primary\" href=\"https:\/\/www.msab.com\/de\/get-started\/\">Jetzt einsteigen<\/a><\/p>\n<p><a class=\"btn btn-outline\" href=\"https:\/\/www.msab.com\/de\/products\/\" rel=\"noopener\">Erfahren Sie mehr \u00fcber das \u00d6kosystem der mobilen Forensik<\/a><\/p>\n                    <\/div>\n                            <\/div><!--\/row-->\n        <\/div><!--\/text-wrapper-->\n    <\/div><!--\/container-->\n<\/section>\n\n\n<section id=\"\" class=\"block list-block bg-light-grey \">\n    <div class=\"container\">\n\n                <div class=\"list-block__top-content editor-content left\">\n            <h2><span lang=\"EN-US\">Sieben gute Gr\u00fcnde, die f\u00fcr XEC als Tool f\u00fcr IT-Forensik sprechen<\/span><\/h2>\n        <\/div><!--\/.top-content-->\n                \n                <div class=\"list-block__row d-flex\">\n\n            \n            <div class=\"list-block__wrap\">\n                <div class=\"list-block__col editor-content\">\n\n                                        \n                                        <ul class=\"check-list purple\">\n\n                                                <li>Nahtlose Weitergabe von Daten zwischen Anwendern, Standorten, Abteilungen und anderen Beh\u00f6rden.<\/li>\n                                                <li>Problemlose Bereitstellung von Remote-Unterst\u00fctzung und Aktualisierung der Software f\u00fcr mobile Forensik auf allen Ihren Computern von einem zentralen Kontrollpunkt aus.\u00a0<\/li>\n                                                <li>Aufrechterhaltung der Integrit\u00e4t und ordnungsgem\u00e4\u00dfe Verwaltung Ihrer digitalen Beweise.<\/li>\n                        \n                    <\/ul><!--\/.check-list-->\n                                    <\/div><!--\/.list-block__col-->\n            <\/div><!--\/.list-block__wrap-->\n            \n            <div class=\"list-block__wrap\">\n                <div class=\"list-block__col editor-content\">\n\n                                        \n                                        <ul class=\"check-list purple\">\n\n                                                <li>Optimierung von Prozessen und Durchsetzung von Richtlinien.<\/li>\n                                                <li>Beschleunigung des Datenzugriffs und Reduzierung der Verwaltungskosten.<\/li>\n                        \n                    <\/ul><!--\/.check-list-->\n                                    <\/div><!--\/.list-block__col-->\n            <\/div><!--\/.list-block__wrap-->\n            \n            <div class=\"list-block__wrap\">\n                <div class=\"list-block__col editor-content\">\n\n                                        \n                                        <ul class=\"check-list purple\">\n\n                                                <li>Optimierung der Leistung Ihres Teams, Nachverfolgung wichtiger Ziele und Generierung der erforderlichen Berichte.<\/li>\n                                                <li>Die Gewissheit, dass Ihr Netzwerk und Ihre Kommunikation aus Sicht der IT-Sicherheit gesch\u00fctzt sind.<\/li>\n                        \n                    <\/ul><!--\/.check-list-->\n                                    <\/div><!--\/.list-block__col-->\n            <\/div><!--\/.list-block__wrap-->\n            \n        <\/div><!--\/.list-block__row-->\n        \n    <\/div><!--\/.container-->\n<\/section>\n\n\n<section id=\"\" class=\"block product-cards bg-white \">\n    <div class=\"container\">\n\n         \n        <div class=\"title-wrap\">\n            <h2 style=\"text-align: left;\">Optimale Nutzung unserer Komplettl\u00f6sungen f\u00fcr die mobile Forensik<\/h2>\n        <\/div><!--\/.title-wrap-->\n                \n                <div class=\"product-cards__container d-flex flex-wrap\">\n\n                        <div class=\"product-cards__wrap\">\n                <div class=\"product-cards__card d-flex flex-wrap flex-column bg-img text-white\">\n                                                <div class=\"product-cards__card-img-wrapper\">\n                                <img decoding=\"async\" width=\"1280\" height=\"720\" src=\"https:\/\/www.msab.com\/wp-content\/uploads\/2021\/10\/XEC_Sheet.png\" class=\"product-cards__card-img\" alt=\"\" srcset=\"https:\/\/www.msab.com\/wp-content\/uploads\/2021\/10\/XEC_Sheet.png 1280w, https:\/\/www.msab.com\/wp-content\/uploads\/2021\/10\/XEC_Sheet-300x169.png 300w, https:\/\/www.msab.com\/wp-content\/uploads\/2021\/10\/XEC_Sheet-1024x576.png 1024w, https:\/\/www.msab.com\/wp-content\/uploads\/2021\/10\/XEC_Sheet-768x432.png 768w, https:\/\/www.msab.com\/wp-content\/uploads\/2021\/10\/XEC_Sheet-33x19.png 33w, https:\/\/www.msab.com\/wp-content\/uploads\/2021\/10\/XEC_Sheet-102x57.png 102w, https:\/\/www.msab.com\/wp-content\/uploads\/2021\/10\/XEC_Sheet-1240x698.png 1240w, https:\/\/www.msab.com\/wp-content\/uploads\/2021\/10\/XEC_Sheet-500x281.png 500w\" sizes=\"(max-width: 1280px) 100vw, 1280px\" \/>                            <\/div>\n                                                <div class=\"product-cards__content-wrapper\">\n                        <h3 class=\"bold\">Produktdatenblatt<\/h3><p>\u00dcbernehmen Sie die Kontrolle \u00fcber Ihre Abl\u00e4ufe und verbinden Sie alle Ihre MSAB-Extraktionstools f\u00fcr die mobile Forensik in einem einzigen Netzwerk.<\/p><a class=\"btn btn-outline-yellow\" href=\"https:\/\/www.msab.com\/xec_director_de\/\" title=\"Produktdatenblatt\" target=\"_blank\">Produktdatenblatt<\/a>                        <\/div>\n                <\/div><!--\/.card-->\n            <\/div><!--\/.card-wrap-->\n                        <div class=\"product-cards__wrap\">\n                <div class=\"product-cards__card d-flex flex-wrap flex-column bg-img text-white\">\n                                                <div class=\"product-cards__card-img-wrapper\">\n                                <img decoding=\"async\" width=\"800\" height=\"624\" src=\"https:\/\/www.msab.com\/wp-content\/uploads\/2021\/10\/Ecosystem.jpg\" class=\"product-cards__card-img\" alt=\"\" srcset=\"https:\/\/www.msab.com\/wp-content\/uploads\/2021\/10\/Ecosystem.jpg 800w, https:\/\/www.msab.com\/wp-content\/uploads\/2021\/10\/Ecosystem-300x234.jpg 300w, https:\/\/www.msab.com\/wp-content\/uploads\/2021\/10\/Ecosystem-768x599.jpg 768w, https:\/\/www.msab.com\/wp-content\/uploads\/2021\/10\/Ecosystem-33x26.jpg 33w, https:\/\/www.msab.com\/wp-content\/uploads\/2021\/10\/Ecosystem-102x80.jpg 102w, https:\/\/www.msab.com\/wp-content\/uploads\/2021\/10\/Ecosystem-500x390.jpg 500w\" sizes=\"(max-width: 800px) 100vw, 800px\" \/>                            <\/div>\n                                                <div class=\"product-cards__content-wrapper\">\n                        <h3 class=\"bold\">Mehr erfahren<\/h3><p>Wie Sie das MSAB-\u00d6kosystem optimal nutzen k\u00f6nnen, um Ihre Organisation zu st\u00e4rken und effizientere IT-Ermittlungen durchzuf\u00fchren.<\/p><a class=\"btn btn-outline-yellow\" href=\"https:\/\/www.msab.com\/de\/products\/\" title=\"Mehr erfahren\" >Mehr erfahren<\/a>                        <\/div>\n                <\/div><!--\/.card-->\n            <\/div><!--\/.card-wrap-->\n                        <div class=\"product-cards__wrap\">\n                <div class=\"product-cards__card d-flex flex-wrap flex-column bg-img text-white\">\n                                                <div class=\"product-cards__card-img-wrapper\">\n                                <img decoding=\"async\" width=\"825\" height=\"550\" src=\"https:\/\/www.msab.com\/wp-content\/uploads\/2021\/10\/MSAB_Training_James_2.jpg\" class=\"product-cards__card-img\" alt=\"\" srcset=\"https:\/\/www.msab.com\/wp-content\/uploads\/2021\/10\/MSAB_Training_James_2.jpg 825w, https:\/\/www.msab.com\/wp-content\/uploads\/2021\/10\/MSAB_Training_James_2-300x200.jpg 300w, https:\/\/www.msab.com\/wp-content\/uploads\/2021\/10\/MSAB_Training_James_2-768x512.jpg 768w, https:\/\/www.msab.com\/wp-content\/uploads\/2021\/10\/MSAB_Training_James_2-33x22.jpg 33w, https:\/\/www.msab.com\/wp-content\/uploads\/2021\/10\/MSAB_Training_James_2-102x68.jpg 102w, https:\/\/www.msab.com\/wp-content\/uploads\/2021\/10\/MSAB_Training_James_2-500x333.jpg 500w\" sizes=\"(max-width: 825px) 100vw, 825px\" \/>                            <\/div>\n                                                <div class=\"product-cards__content-wrapper\">\n                        <h3 class=\"bold\">Vertrieb kontaktieren<\/h3><p>Sparen Sie Zeit und Geld und verbessern Sie die Aufkl\u00e4rungsraten mit MSAB Professional Services. Wir machen uns gemeinsam die M\u00f6glichkeiten der mobilen Forensik zunutze.<\/p><a class=\"btn btn-outline-yellow\" href=\"#form-152235\" title=\"Vertrieb kontaktieren\" >Vertrieb kontaktieren<\/a>                        <\/div>\n                <\/div><!--\/.card-->\n            <\/div><!--\/.card-wrap-->\n                        \n        <\/div><!--\/.card-container-->\n\n                    <\/div><!--\/.container-->\n<\/section>\n\n\n<section id=\"\" class=\"block blockquote  regular bg-light-grey\">\n    <div class=\"container narrow\">\n\n                <div class=\"quote-wrap\">\n            <blockquote>\n                Die Verwendung von XEC an einem zentralen Ort ist mit enormen Zeiteinsparungen und Effizienzsteigerungen verbunden.            <\/blockquote>\n                            <p class=\"after-text text-right\">Simon Crawley<br \/>\r\n\u2013 Global Project Manager, MSAB\u00a0\u2013 ehemals Mitarbeiter der Metropolitan (London) Police <\/p>\n                    <\/div><!--\/.quote-wrap-->\n        \n    <\/div><!--\/.container-->\n<\/section>\n\n\n<section id=\"\" class=\"block two-cards bg-blue-gradient \">\n    <div class=\"container\">\n                <div class=\"top-text editor-content left text-white\">\n            <h2 style=\"text-align: left;\">Flexible Lernoptionen f\u00fcr die Ausbildung in mobiler Forensik<\/h2>\n<p style=\"text-align: left;\">Sie wissen, dass Ihr Unternehmen und Ihre Teammitglieder Schulungen ben\u00f6tigen, aber sind sich nicht sicher, welche Kurse am besten w\u00e4ren? Nachfolgend finden Sie zwecks maximaler Flexibilit\u00e4t die Kaufoptionen f\u00fcr Schulungen im Bereich der mobilen Forensik.<\/p>\n<p style=\"text-align: left;\"><a href=\"https:\/\/www.msab.com\/de\/schulung\/\" target=\"_blank\" rel=\"noopener\"><span lang=\"EN-US\">Erfahren Sie mehr \u00fcber unsere hochwertigen und effektiven Online-Schulungen im Bereich der mobilen Forensik. <\/span><\/a><\/p>\n        <\/div>\n                <div class=\"two-cards__row d-flex\">\n                        <div class=\"two-cards__card-wrap\">\n\n                <div class=\"two-cards__card\">\n                                        <div class=\"two-cards__card--image-wrap\">\n                        <img decoding=\"async\" width=\"1200\" height=\"628\" src=\"https:\/\/www.msab.com\/wp-content\/uploads\/2021\/10\/Training_Credits.jpg\" class=\"attachment-full size-full\" alt=\"\" srcset=\"https:\/\/www.msab.com\/wp-content\/uploads\/2021\/10\/Training_Credits.jpg 1200w, https:\/\/www.msab.com\/wp-content\/uploads\/2021\/10\/Training_Credits-300x157.jpg 300w, https:\/\/www.msab.com\/wp-content\/uploads\/2021\/10\/Training_Credits-1024x536.jpg 1024w, https:\/\/www.msab.com\/wp-content\/uploads\/2021\/10\/Training_Credits-768x402.jpg 768w, https:\/\/www.msab.com\/wp-content\/uploads\/2021\/10\/Training_Credits-33x17.jpg 33w, https:\/\/www.msab.com\/wp-content\/uploads\/2021\/10\/Training_Credits-102x53.jpg 102w, https:\/\/www.msab.com\/wp-content\/uploads\/2021\/10\/Training_Credits-500x262.jpg 500w\" sizes=\"(max-width: 1200px) 100vw, 1200px\" \/>                    <\/div><!--\/.two-cards__card--image-wrap-->\n                                        <div class=\"two-cards__card--content-wrap editor-content bg-white\">\n                                                <h4 class=\"two-cards__card--title\">MSAB-Schulungsguthaben<\/h4>\n                                                <p class=\"two-cards__card--intro\">Wenn Sie nicht sicher sind, welchen Kurs Sie belegen wollen oder m\u00fcssen, kaufen Sie einfach Prepaid-Guthaben, das Sie f\u00fcr MSAB-Schulungen verwenden k\u00f6nnen. Das Guthaben ist ein Jahr lang g\u00fcltig und kann f\u00fcr den von Ihnen gew\u00e4hlten Kurs genutzt werden.\u00a0\r\n\r\nDurch das Schulungsguthaben profitieren Sie bei der Kursauswahl von maximaler Flexibilit\u00e4t und sind nicht an einen bestimmten Kurs gebunden.\r\n\r\nDas Schulungsguthaben kann f\u00fcr alle von MSAB angebotenen Schulungen verwendet werden, jederzeit und f\u00fcr jeden Mitarbeiter in Ihrer Organisation.\r\n<\/p>\n                                                <p class=\"two-cards__card--link\"><a href=\"#form-152235\" title=\"Mehr erfahren\" target=\"_blank\" >Mehr erfahren<\/a><\/p>\n                                            <\/div><!--\/.two-cards__card--content-wrap-->\n                <\/div><!--\/.two-cards__card-->\n\n            <\/div><!--\/.two-cards__card-wrap-->\n                        <div class=\"two-cards__card-wrap\">\n\n                <div class=\"two-cards__card\">\n                                        <div class=\"two-cards__card--image-wrap\">\n                        <img decoding=\"async\" width=\"1200\" height=\"628\" src=\"https:\/\/www.msab.com\/wp-content\/uploads\/2021\/10\/MSAB_Training_Passport.png\" class=\"attachment-full size-full\" alt=\"\" srcset=\"https:\/\/www.msab.com\/wp-content\/uploads\/2021\/10\/MSAB_Training_Passport.png 1200w, https:\/\/www.msab.com\/wp-content\/uploads\/2021\/10\/MSAB_Training_Passport-300x157.png 300w, https:\/\/www.msab.com\/wp-content\/uploads\/2021\/10\/MSAB_Training_Passport-1024x536.png 1024w, https:\/\/www.msab.com\/wp-content\/uploads\/2021\/10\/MSAB_Training_Passport-768x402.png 768w, https:\/\/www.msab.com\/wp-content\/uploads\/2021\/10\/MSAB_Training_Passport-33x17.png 33w, https:\/\/www.msab.com\/wp-content\/uploads\/2021\/10\/MSAB_Training_Passport-102x53.png 102w, https:\/\/www.msab.com\/wp-content\/uploads\/2021\/10\/MSAB_Training_Passport-500x262.png 500w\" sizes=\"(max-width: 1200px) 100vw, 1200px\" \/>                    <\/div><!--\/.two-cards__card--image-wrap-->\n                                        <div class=\"two-cards__card--content-wrap editor-content bg-white\">\n                                                <h4 class=\"two-cards__card--title\">MSAB-Schulungspass<\/h4>\n                                                <p class=\"two-cards__card--intro\">MSAB bietet eine Schulungspass an, mit dem Sie Geld sparen und Ihren Budgetprozess vereinfachen k\u00f6nnen, indem Sie Schulungen f\u00fcr ein ganzes Jahr f\u00fcr eine Person zu einem erm\u00e4\u00dfigten Pauschalpreis erwerben.\r\n\u00a0\r\nSo kann Ihr Team ein ganzes Jahr lang jeden beliebigen MSAB-Kurs besuchen, \u00fcberall und jederzeit.\r\n\u00a0\r\nDa wir eine breite Auswahl an weltweit verf\u00fcgbaren Kursen anbieten, war es noch nie so einfach, an den erforderlichen Schulungen teilzunehmen. Dies ist die einfachste und kosteng\u00fcnstigste M\u00f6glichkeit, sich im Bereich der mobilen Forensik weiterzubilden.\r\n<\/p>\n                                                <p class=\"two-cards__card--link\"><a href=\"#form-152235\" title=\"Mehr erfahren\" target=\"_blank\" >Mehr erfahren<\/a><\/p>\n                                            <\/div><!--\/.two-cards__card--content-wrap-->\n                <\/div><!--\/.two-cards__card-->\n\n            <\/div><!--\/.two-cards__card-wrap-->\n                    <\/div><!--\/.two-cards__row-->\n            <\/div><!--\/.container-->\n<\/section>","protected":false},"excerpt":{"rendered":"","protected":false},"author":11,"featured_media":0,"parent":151762,"menu_order":0,"comment_status":"closed","ping_status":"closed","template":"","meta":{"_acf_changed":false,"footnotes":""},"class_list":["post-151771","page","type-page","status-publish","hentry"],"acf":[],"yoast_head":"<!-- This site is optimized with the Yoast SEO Premium plugin v25.0 (Yoast SEO v27.5) - https:\/\/yoast.com\/product\/yoast-seo-premium-wordpress\/ -->\n<title>Hochrangige Manager - MSAB<\/title>\n<meta name=\"robots\" content=\"index, follow, max-snippet:-1, max-image-preview:large, max-video-preview:-1\" \/>\n<link rel=\"canonical\" href=\"https:\/\/www.msab.com\/de\/roles\/hochrangige-manager\/\" \/>\n<meta property=\"og:locale\" content=\"de_DE\" \/>\n<meta property=\"og:type\" content=\"article\" \/>\n<meta property=\"og:title\" content=\"Hochrangige Manager\" \/>\n<meta property=\"og:url\" content=\"https:\/\/www.msab.com\/de\/roles\/hochrangige-manager\/\" \/>\n<meta property=\"og:site_name\" content=\"MSAB\" \/>\n<meta property=\"article:publisher\" content=\"https:\/\/www.facebook.com\/microsystemation\" \/>\n<meta property=\"article:modified_time\" content=\"2022-06-08T12:11:44+00:00\" \/>\n<meta name=\"twitter:card\" content=\"summary_large_image\" \/>\n<meta name=\"twitter:site\" content=\"@MSAB_XRY\" \/>\n<script type=\"application\/ld+json\" class=\"yoast-schema-graph\">{\"@context\":\"https:\\\/\\\/schema.org\",\"@graph\":[{\"@type\":\"WebPage\",\"@id\":\"https:\\\/\\\/www.msab.com\\\/de\\\/roles\\\/hochrangige-manager\\\/\",\"url\":\"https:\\\/\\\/www.msab.com\\\/de\\\/roles\\\/hochrangige-manager\\\/\",\"name\":\"Hochrangige Manager - MSAB\",\"isPartOf\":{\"@id\":\"https:\\\/\\\/www.msab.com\\\/de\\\/#website\"},\"datePublished\":\"2021-10-31T13:07:27+00:00\",\"dateModified\":\"2022-06-08T12:11:44+00:00\",\"breadcrumb\":{\"@id\":\"https:\\\/\\\/www.msab.com\\\/de\\\/roles\\\/hochrangige-manager\\\/#breadcrumb\"},\"inLanguage\":\"de\",\"potentialAction\":[{\"@type\":\"ReadAction\",\"target\":[\"https:\\\/\\\/www.msab.com\\\/de\\\/roles\\\/hochrangige-manager\\\/\"]}]},{\"@type\":\"BreadcrumbList\",\"@id\":\"https:\\\/\\\/www.msab.com\\\/de\\\/roles\\\/hochrangige-manager\\\/#breadcrumb\",\"itemListElement\":[{\"@type\":\"ListItem\",\"position\":1,\"name\":\"\",\"item\":\"https:\\\/\\\/www.msab.com\\\/de\\\/\"},{\"@type\":\"ListItem\",\"position\":2,\"name\":\"Rollen\",\"item\":\"https:\\\/\\\/www.msab.com\\\/de\\\/roles\\\/\"},{\"@type\":\"ListItem\",\"position\":3,\"name\":\"Hochrangige Manager\"}]},{\"@type\":\"WebSite\",\"@id\":\"https:\\\/\\\/www.msab.com\\\/de\\\/#website\",\"url\":\"https:\\\/\\\/www.msab.com\\\/de\\\/\",\"name\":\"MSAB\",\"description\":\"Trusted Partner in Digital Forensics\",\"publisher\":{\"@id\":\"https:\\\/\\\/www.msab.com\\\/de\\\/#organization\"},\"potentialAction\":[{\"@type\":\"SearchAction\",\"target\":{\"@type\":\"EntryPoint\",\"urlTemplate\":\"https:\\\/\\\/www.msab.com\\\/de\\\/?s={search_term_string}\"},\"query-input\":{\"@type\":\"PropertyValueSpecification\",\"valueRequired\":true,\"valueName\":\"search_term_string\"}}],\"inLanguage\":\"de\"},{\"@type\":\"Organization\",\"@id\":\"https:\\\/\\\/www.msab.com\\\/de\\\/#organization\",\"name\":\"MSAB\",\"url\":\"https:\\\/\\\/www.msab.com\\\/de\\\/\",\"logo\":{\"@type\":\"ImageObject\",\"inLanguage\":\"de\",\"@id\":\"https:\\\/\\\/www.msab.com\\\/de\\\/#\\\/schema\\\/logo\\\/image\\\/\",\"url\":\"https:\\\/\\\/www.msab.com\\\/wp-content\\\/uploads\\\/2023\\\/03\\\/MSAB-logo-Black-RGB.png\",\"contentUrl\":\"https:\\\/\\\/www.msab.com\\\/wp-content\\\/uploads\\\/2023\\\/03\\\/MSAB-logo-Black-RGB.png\",\"width\":1198,\"height\":353,\"caption\":\"MSAB\"},\"image\":{\"@id\":\"https:\\\/\\\/www.msab.com\\\/de\\\/#\\\/schema\\\/logo\\\/image\\\/\"},\"sameAs\":[\"https:\\\/\\\/www.facebook.com\\\/microsystemation\",\"https:\\\/\\\/x.com\\\/MSAB_XRY\",\"https:\\\/\\\/www.linkedin.com\\\/company\\\/micro-systemation\"]}]}<\/script>\n<!-- \/ Yoast SEO Premium plugin. -->","yoast_head_json":{"title":"Hochrangige Manager - MSAB","robots":{"index":"index","follow":"follow","max-snippet":"max-snippet:-1","max-image-preview":"max-image-preview:large","max-video-preview":"max-video-preview:-1"},"canonical":"https:\/\/www.msab.com\/de\/roles\/hochrangige-manager\/","og_locale":"de_DE","og_type":"article","og_title":"Hochrangige Manager","og_url":"https:\/\/www.msab.com\/de\/roles\/hochrangige-manager\/","og_site_name":"MSAB","article_publisher":"https:\/\/www.facebook.com\/microsystemation","article_modified_time":"2022-06-08T12:11:44+00:00","twitter_card":"summary_large_image","twitter_site":"@MSAB_XRY","schema":{"@context":"https:\/\/schema.org","@graph":[{"@type":"WebPage","@id":"https:\/\/www.msab.com\/de\/roles\/hochrangige-manager\/","url":"https:\/\/www.msab.com\/de\/roles\/hochrangige-manager\/","name":"Hochrangige Manager - MSAB","isPartOf":{"@id":"https:\/\/www.msab.com\/de\/#website"},"datePublished":"2021-10-31T13:07:27+00:00","dateModified":"2022-06-08T12:11:44+00:00","breadcrumb":{"@id":"https:\/\/www.msab.com\/de\/roles\/hochrangige-manager\/#breadcrumb"},"inLanguage":"de","potentialAction":[{"@type":"ReadAction","target":["https:\/\/www.msab.com\/de\/roles\/hochrangige-manager\/"]}]},{"@type":"BreadcrumbList","@id":"https:\/\/www.msab.com\/de\/roles\/hochrangige-manager\/#breadcrumb","itemListElement":[{"@type":"ListItem","position":1,"name":"","item":"https:\/\/www.msab.com\/de\/"},{"@type":"ListItem","position":2,"name":"Rollen","item":"https:\/\/www.msab.com\/de\/roles\/"},{"@type":"ListItem","position":3,"name":"Hochrangige Manager"}]},{"@type":"WebSite","@id":"https:\/\/www.msab.com\/de\/#website","url":"https:\/\/www.msab.com\/de\/","name":"MSAB","description":"Trusted Partner in Digital Forensics","publisher":{"@id":"https:\/\/www.msab.com\/de\/#organization"},"potentialAction":[{"@type":"SearchAction","target":{"@type":"EntryPoint","urlTemplate":"https:\/\/www.msab.com\/de\/?s={search_term_string}"},"query-input":{"@type":"PropertyValueSpecification","valueRequired":true,"valueName":"search_term_string"}}],"inLanguage":"de"},{"@type":"Organization","@id":"https:\/\/www.msab.com\/de\/#organization","name":"MSAB","url":"https:\/\/www.msab.com\/de\/","logo":{"@type":"ImageObject","inLanguage":"de","@id":"https:\/\/www.msab.com\/de\/#\/schema\/logo\/image\/","url":"https:\/\/www.msab.com\/wp-content\/uploads\/2023\/03\/MSAB-logo-Black-RGB.png","contentUrl":"https:\/\/www.msab.com\/wp-content\/uploads\/2023\/03\/MSAB-logo-Black-RGB.png","width":1198,"height":353,"caption":"MSAB"},"image":{"@id":"https:\/\/www.msab.com\/de\/#\/schema\/logo\/image\/"},"sameAs":["https:\/\/www.facebook.com\/microsystemation","https:\/\/x.com\/MSAB_XRY","https:\/\/www.linkedin.com\/company\/micro-systemation"]}]}},"_links":{"self":[{"href":"https:\/\/www.msab.com\/de\/wp-json\/wp\/v2\/pages\/151771","targetHints":{"allow":["GET"]}}],"collection":[{"href":"https:\/\/www.msab.com\/de\/wp-json\/wp\/v2\/pages"}],"about":[{"href":"https:\/\/www.msab.com\/de\/wp-json\/wp\/v2\/types\/page"}],"author":[{"embeddable":true,"href":"https:\/\/www.msab.com\/de\/wp-json\/wp\/v2\/users\/11"}],"replies":[{"embeddable":true,"href":"https:\/\/www.msab.com\/de\/wp-json\/wp\/v2\/comments?post=151771"}],"version-history":[{"count":0,"href":"https:\/\/www.msab.com\/de\/wp-json\/wp\/v2\/pages\/151771\/revisions"}],"up":[{"embeddable":true,"href":"https:\/\/www.msab.com\/de\/wp-json\/wp\/v2\/pages\/151762"}],"wp:attachment":[{"href":"https:\/\/www.msab.com\/de\/wp-json\/wp\/v2\/media?parent=151771"}],"curies":[{"name":"wp","href":"https:\/\/api.w.org\/{rel}","templated":true}]}}