{"id":151767,"date":"2021-10-31T14:01:07","date_gmt":"2021-10-31T13:01:07","guid":{"rendered":"http:\/\/www.msab.com\/?page_id=151767"},"modified":"2025-09-23T10:46:46","modified_gmt":"2025-09-23T08:46:46","slug":"personal-an-vorderster-front","status":"publish","type":"page","link":"https:\/\/www.msab.com\/de\/roles\/personal-an-vorderster-front\/","title":{"rendered":"Personal an vorderster Front"},"content":{"rendered":"\n<section id=\"\" class=\"block regular-hero  has-bg-img ovarlay-dark\" style=\"background-image: url(https:\/\/www.msab.com\/wp-content\/uploads\/2021\/10\/Frontline_Personnel-1.jpg);\">\n    <div class=\"container\">\n\n        <div class=\"text-wrapper text-white\">\n            <h1 class=\"heading title\">L\u00f6sungen f\u00fcr mobile Forensik f\u00fcr Personal an vorderster Front<\/h1>            \n                    <\/div><!--\/text-wrapper-->\n        <div class=\"breadcrumb-part dark\"><nav id=\"breadcrumbs\" class=\"bread-nav\"><span><span><a href=\"https:\/\/www.msab.com\/de\/\"><i class=\"fas fa-home\"><\/i><\/a><\/span><\/span><\/nav><\/div>    <\/div><!--\/container-->\n<\/section>\n\n\n\n\n<section id=\"\" class=\"block two-column-content bg-light-grey \">\n    <div class=\"container\">\n        <div class=\"text-wrapper\">\n            <div class=\"row\">\n                                    <div class=\"col-12 col-md-6 col-lg-5\">\n                        <h2 class=\"heading h2\">Schneller Zugriff auf digitale Beweise und Daten f\u00fcr alle Anwender an vorderster Front<\/h2>                    <\/div>\n                                                    <div class=\"col-12 col-md-6 col-lg-7\">\n                        <p>Wenn Sie gleich in den ersten Stunden der Ermittlungen Zugriff auf wichtige Informationen erlangen, kann dies die Zeit bis zum Vorliegen digitaler Beweise drastisch verk\u00fcrzen.<\/p>\n<p>MSAB versteht, vor welchen Herausforderungen Anwender an vorderster Front stehen. Wir tragen dazu bei, Verz\u00f6gerungen zu minimieren, indem wir Ersthelfer in die Lage versetzen, Daten von mobilen Ger\u00e4ten schnell auszulesen, erste Analysen durchzuf\u00fchren und Extraktionen oder wichtige Erkenntnisse sofort an Ermittler und andere Beteiligte weiterzugeben. Erreicht wird dies durch benutzerfreundliche Tools, die den Schulungsbedarf minimieren und die Einhaltung von Standards unterst\u00fctzen.<\/p>\n<p>&nbsp;<\/p>\n<p><a class=\"btn btn-primary\" href=\"#form-166554\" rel=\"noopener\">Jetzt einsteigen<\/a><\/p>\n<p><a class=\"btn btn-outline\" href=\"https:\/\/www.msab.com\/de\/products\/platforms\/\" rel=\"noopener\"><strong>Erfahren Sie mehr \u00fcber MSAB Platforms<\/strong><\/a><\/p>\n                    <\/div>\n                            <\/div><!--\/row-->\n        <\/div><!--\/text-wrapper-->\n    <\/div><!--\/container-->\n<\/section>\n\n<section id=\"\" class=\"block link-cards bg-white \">\n    <div class=\"container\">\n                    <div class=\"text-wrapper text-center\">\n                <h2>Personal an vorderster Front mit den besten IT-Forensik-Tools unterst\u00fctzen<\/h2>\n<p>Das richtige Tool f\u00fcr die mobile Forensik kann einen gro\u00dfen Unterschied machen, die Ermittlungen beschleunigen, R\u00fcckstaus bei der Ger\u00e4teauswertung beseitigen und die Effizienz steigern.<\/p>\n<p>MSAB bietet Software f\u00fcr verschiedene Hardware-Plattformen, damit Sie schneller und intelligenter arbeiten k\u00f6nnen, darunter:<\/p>\n            <\/div>\n                            <div class=\"card-wrap d-flex justify-content-center \">\n                \n                    <div class=\"card-col\">\n                        <a href=\"https:\/\/www.msab.com\/de\/products\/platforms\/#office\" class=\"card card-style-2\" title=\"MSAB office\" >\n                                                            <div class=\"img-wrapper\">\n                                    <img decoding=\"async\" width=\"600\" height=\"400\" src=\"https:\/\/www.msab.com\/wp-content\/uploads\/2021\/10\/MSAB_Office_Selection_Block_Frontline.jpg\" class=\"attachment-full size-full\" alt=\"\" srcset=\"https:\/\/www.msab.com\/wp-content\/uploads\/2021\/10\/MSAB_Office_Selection_Block_Frontline.jpg 600w, https:\/\/www.msab.com\/wp-content\/uploads\/2021\/10\/MSAB_Office_Selection_Block_Frontline-300x200.jpg 300w, https:\/\/www.msab.com\/wp-content\/uploads\/2021\/10\/MSAB_Office_Selection_Block_Frontline-33x22.jpg 33w, https:\/\/www.msab.com\/wp-content\/uploads\/2021\/10\/MSAB_Office_Selection_Block_Frontline-102x68.jpg 102w, https:\/\/www.msab.com\/wp-content\/uploads\/2021\/10\/MSAB_Office_Selection_Block_Frontline-500x333.jpg 500w\" sizes=\"(max-width: 600px) 100vw, 600px\" \/>                                <\/div>\n                                                        <div class=\"link-text-wrapper\">\n                                                                    <p class=\"link-title\">MSAB office<\/p>\n                                                                            <p class=\"link-text\">Das All-in-One-Softwarepaket f\u00fcr mobile Forensik von MSAB, das Sie auf jedem Windows-basierten Computer installieren k\u00f6nnen. MSAB Office bietet Ermittlern alle m\u00f6glichen Methoden, um in k\u00fcrzerer Zeit mehr Daten von Mobilger\u00e4ten zu gewinnen, und zwar mit voller Integrit\u00e4t und Flexibilit\u00e4t. \r\n<\/p>\n                                                                        <i class=\"far fa-arrow-right\"><\/i><\/span>\n                                                            <\/div>\n                        <\/a><!--\/card-->\n                    <\/div><!--\/col-->\n\n                \n                    <div class=\"card-col\">\n                        <a href=\"https:\/\/www.msab.com\/de\/products\/platforms\/#field\" class=\"card card-style-2\" title=\"MSAB Field\" >\n                                                            <div class=\"img-wrapper\">\n                                    <img decoding=\"async\" width=\"600\" height=\"400\" src=\"https:\/\/www.msab.com\/wp-content\/uploads\/2021\/10\/MSAB_Field_Selection_Block_Frontline.jpg\" class=\"attachment-full size-full\" alt=\"\" srcset=\"https:\/\/www.msab.com\/wp-content\/uploads\/2021\/10\/MSAB_Field_Selection_Block_Frontline.jpg 600w, https:\/\/www.msab.com\/wp-content\/uploads\/2021\/10\/MSAB_Field_Selection_Block_Frontline-300x200.jpg 300w, https:\/\/www.msab.com\/wp-content\/uploads\/2021\/10\/MSAB_Field_Selection_Block_Frontline-33x22.jpg 33w, https:\/\/www.msab.com\/wp-content\/uploads\/2021\/10\/MSAB_Field_Selection_Block_Frontline-102x68.jpg 102w, https:\/\/www.msab.com\/wp-content\/uploads\/2021\/10\/MSAB_Field_Selection_Block_Frontline-500x333.jpg 500w\" sizes=\"(max-width: 600px) 100vw, 600px\" \/>                                <\/div>\n                                                        <div class=\"link-text-wrapper\">\n                                                                    <p class=\"link-title\">MSAB Field<\/p>\n                                                                            <p class=\"link-text\">Ideal geeignet f\u00fcr mobile Einheiten, die unter schwierigen Bedingungen arbeiten. Sie ben\u00f6tigen widerstandsf\u00e4hige, autarke Forensik-Kits, die flexibel und schnell einsetzbar sind und sich leicht mit der Zentrale oder mit Remote-Computern verbinden lassen. MSAB Field ist die robuste Ausf\u00fchrung von MSAB Office. Sie wird mit einem Toughbook-Computer geliefert.\r\n<\/p>\n                                                                        <i class=\"far fa-arrow-right\"><\/i><\/span>\n                                                            <\/div>\n                        <\/a><!--\/card-->\n                    <\/div><!--\/col-->\n\n                \n                    <div class=\"card-col\">\n                        <a href=\"https:\/\/www.msab.com\/de\/products\/platforms\/#kiosk\" class=\"card card-style-2\" title=\"MSAB Kiosk\" >\n                                                            <div class=\"img-wrapper\">\n                                    <img decoding=\"async\" width=\"600\" height=\"400\" src=\"https:\/\/www.msab.com\/wp-content\/uploads\/2025\/01\/MSAB_Kiosk_Selection_Block_Frontline_2-1.jpg\" class=\"attachment-full size-full\" alt=\"\" srcset=\"https:\/\/www.msab.com\/wp-content\/uploads\/2025\/01\/MSAB_Kiosk_Selection_Block_Frontline_2-1.jpg 600w, https:\/\/www.msab.com\/wp-content\/uploads\/2025\/01\/MSAB_Kiosk_Selection_Block_Frontline_2-1-300x200.jpg 300w, https:\/\/www.msab.com\/wp-content\/uploads\/2025\/01\/MSAB_Kiosk_Selection_Block_Frontline_2-1-33x22.jpg 33w, https:\/\/www.msab.com\/wp-content\/uploads\/2025\/01\/MSAB_Kiosk_Selection_Block_Frontline_2-1-102x68.jpg 102w, https:\/\/www.msab.com\/wp-content\/uploads\/2025\/01\/MSAB_Kiosk_Selection_Block_Frontline_2-1-500x333.jpg 500w\" sizes=\"(max-width: 600px) 100vw, 600px\" \/>                                <\/div>\n                                                        <div class=\"link-text-wrapper\">\n                                                                    <p class=\"link-title\">MSAB Kiosk<\/p>\n                                                                            <p class=\"link-text\">Eine leistungsstarke, schl\u00fcsselfertige L\u00f6sung f\u00fcr schnelle Extraktionen in einer kontrollierten Umgebung. Mit dem MSAB Kiosk k\u00f6nnen Unternehmen ihre mobilen forensischen Operationen dezentralisieren und ihre Extraktionsleistung skalieren, da Benutzer bereits mit minimaler Schulung in der Lage sind, viele Ger\u00e4te von einem festen Standort aus zu verarbeiten.\r\n<\/p>\n                                                                        <i class=\"far fa-arrow-right\"><\/i><\/span>\n                                                            <\/div>\n                        <\/a><!--\/card-->\n                    <\/div><!--\/col-->\n\n                \n                    <div class=\"card-col\">\n                        <a href=\"https:\/\/www.msab.com\/de\/products\/platforms\/#tablet\" class=\"card card-style-2\" title=\"MSAB Tablet\" >\n                                                            <div class=\"img-wrapper\">\n                                    <img decoding=\"async\" width=\"600\" height=\"400\" src=\"https:\/\/www.msab.com\/wp-content\/uploads\/2021\/10\/MSAB_Tablet_Selection_Block_Frontline.jpg\" class=\"attachment-full size-full\" alt=\"\" srcset=\"https:\/\/www.msab.com\/wp-content\/uploads\/2021\/10\/MSAB_Tablet_Selection_Block_Frontline.jpg 600w, https:\/\/www.msab.com\/wp-content\/uploads\/2021\/10\/MSAB_Tablet_Selection_Block_Frontline-300x200.jpg 300w, https:\/\/www.msab.com\/wp-content\/uploads\/2021\/10\/MSAB_Tablet_Selection_Block_Frontline-33x22.jpg 33w, https:\/\/www.msab.com\/wp-content\/uploads\/2021\/10\/MSAB_Tablet_Selection_Block_Frontline-102x68.jpg 102w, https:\/\/www.msab.com\/wp-content\/uploads\/2021\/10\/MSAB_Tablet_Selection_Block_Frontline-500x333.jpg 500w\" sizes=\"(max-width: 600px) 100vw, 600px\" \/>                                <\/div>\n                                                        <div class=\"link-text-wrapper\">\n                                                                    <p class=\"link-title\">MSAB Tablet<\/p>\n                                                                            <p class=\"link-text\">Eine leichte, tragbare L\u00f6sung zur schnellen Extraktion und Gewinnung von Daten. Das MSAB Tablet beeindruckt mit seiner Benutzerfreundlichkeit und bietet Benutzern am Einsatzort in einer abgesperrten Umgebung die Kontrolle \u00fcber einen vereinfachten forensischen Prozess, bei dem die Integrit\u00e4t und Glaubw\u00fcrdigkeit des forensischen Beweismaterials gew\u00e4hrleistet bleibt<\/p>\n                                                                        <i class=\"far fa-arrow-right\"><\/i><\/span>\n                                                            <\/div>\n                        <\/a><!--\/card-->\n                    <\/div><!--\/col-->\n\n                            <\/div><!--\/card-wrap-->\n            <\/div><!--\/container-->\n<\/section>\n\n<section id=\"\" class=\"block text-image-columns bg-light-grey \">\n    <div class=\"container\">\n        <div class=\"row img-right\">\n\n            <div class=\"text-col col-12 col-md-6 d-flex flex-wrap justify-content-center align-items-center\">\n\n                                <div class=\"editor-content\">\n                    <h2 style=\"margin-top: 0in;\">Der MSAB Kiosk: Ein leistungsstarkes Tool mit schnellerer Extraktionsgeschwindigkeit<\/h2>\n<p>Der MSAB Kiosk bietet die bew\u00e4hrte Leistung der mobilen forensischen Software XRY \u00fcber ein schl\u00fcsselfertiges Touchscreen-Terminal, das mit nur minimaler Schulung effizient genutzt werden kann.<br \/>\nEs wurde speziell f\u00fcr IT-Ermittler im Au\u00dfendienst und andere Anwender an vorderster Front entwickelt, bei denen das Auslesen der Daten von Mobilger\u00e4ten nur ein Teil ihrer Aufgaben ist. Mit dem MSAB Kiosk k\u00f6nnen diese Anwender Mobilger\u00e4te-Extraktionen und- Analysen schnell, erfolgreich und konsistent durchf\u00fchren.<\/p>\n<p><a class=\"btn btn-primary\" href=\"https:\/\/www.msab.com\/de\/products\/platforms\/#kiosk\" target=\"_blank\" rel=\"noopener\">Mehr erfahren <\/a><\/p>\n                <\/div><!--\/.editor-content-->\n                \n            <\/div><!--\/.text-col-->\n\n            <div class=\"img-col col-12 col-md-6 d-flex flex-wrap justify-content-center align-items-center\">\n                \n                                <div class=\"img-wrap grad\">\n                    <img decoding=\"async\" width=\"800\" height=\"555\" src=\"https:\/\/www.msab.com\/wp-content\/uploads\/2025\/02\/Kiosk_Mk4.jpg\" class=\"attachment-full size-full\" alt=\"\" srcset=\"https:\/\/www.msab.com\/wp-content\/uploads\/2025\/02\/Kiosk_Mk4.jpg 800w, https:\/\/www.msab.com\/wp-content\/uploads\/2025\/02\/Kiosk_Mk4-300x208.jpg 300w, https:\/\/www.msab.com\/wp-content\/uploads\/2025\/02\/Kiosk_Mk4-768x533.jpg 768w, https:\/\/www.msab.com\/wp-content\/uploads\/2025\/02\/Kiosk_Mk4-33x23.jpg 33w, https:\/\/www.msab.com\/wp-content\/uploads\/2025\/02\/Kiosk_Mk4-102x71.jpg 102w, https:\/\/www.msab.com\/wp-content\/uploads\/2025\/02\/Kiosk_Mk4-500x347.jpg 500w\" sizes=\"(max-width: 800px) 100vw, 800px\" \/>                <\/div><!--\/.img-wrap-->\n                \n            <\/div><!--\/.img-col-->\n\n        <\/div><!--\/.row-->\n    <\/div><!--\/.container-->\n<\/section>\n\n\n    <style>\n                    #block_6172a8d56ecc4 {\n                background-image: url(https:\/\/www.msab.com\/wp-content\/uploads\/2022\/10\/Training_Situation_Mobile_Forensics_Training_Blue.jpg);\n            }\n                            @media (max-width: 576px) {\n                #block_6172a8d56ecc4 {\n                    background-image: url(https:\/\/www.msab.com\/wp-content\/uploads\/2022\/10\/Training_Situation_Mobile_Forensics_Training_Blue.jpg);\n                }\n            }\n            <\/style>\n\n<section id=\"block_6172a8d56ecc4\" class=\"block cta-with-bg-img text-white left-layout \">\n    <div class=\"container\" id=\"\">\n                    <div class=\"text-wrapper\">\n                <h2>Hervorragende Schulungen im Bereich der mobilen Forensik<\/h2>\n<p>Sie lernen modernste Techniken kennen, erwerben neue F\u00e4higkeiten und verbessern Ihre beruflichen Qualifikationen mit unserer Schulung zum Thema mobile Forensik.<\/p>\n<p><a class=\"btn btn-primary\" style=\"color: #000000;\" href=\"https:\/\/www.msab.com\/de\/schulung\/\" rel=\"noopener\">Kurse zur Datengewinnung<\/a><\/p>\n<p><a class=\"btn btn-primary\" style=\"color: #000000;\" href=\"https:\/\/www.msab.com\/de\/schulung\/\" rel=\"noopener\"><strong>Kurse zur Datenanalyse<\/strong><\/a><\/p>\n            <\/div>\n            <\/div><!--\/container-->\n<\/section>","protected":false},"excerpt":{"rendered":"","protected":false},"author":11,"featured_media":0,"parent":151762,"menu_order":0,"comment_status":"closed","ping_status":"closed","template":"","meta":{"_acf_changed":false,"footnotes":""},"class_list":["post-151767","page","type-page","status-publish","hentry"],"acf":[],"yoast_head":"<!-- This site is optimized with the Yoast SEO Premium plugin v25.0 (Yoast SEO v27.4) - https:\/\/yoast.com\/product\/yoast-seo-premium-wordpress\/ -->\n<title>Personal an vorderster Front - MSAB<\/title>\n<meta name=\"robots\" content=\"index, follow, max-snippet:-1, max-image-preview:large, max-video-preview:-1\" \/>\n<link rel=\"canonical\" href=\"https:\/\/www.msab.com\/de\/roles\/personal-an-vorderster-front\/\" \/>\n<meta property=\"og:locale\" content=\"de_DE\" \/>\n<meta property=\"og:type\" content=\"article\" \/>\n<meta property=\"og:title\" content=\"Personal an vorderster Front\" \/>\n<meta property=\"og:url\" content=\"https:\/\/www.msab.com\/de\/roles\/personal-an-vorderster-front\/\" \/>\n<meta property=\"og:site_name\" content=\"MSAB\" \/>\n<meta property=\"article:publisher\" content=\"https:\/\/www.facebook.com\/microsystemation\" \/>\n<meta property=\"article:modified_time\" content=\"2025-09-23T08:46:46+00:00\" \/>\n<meta name=\"twitter:card\" content=\"summary_large_image\" \/>\n<meta name=\"twitter:site\" content=\"@MSAB_XRY\" \/>\n<meta name=\"twitter:label1\" content=\"Gesch\u00e4tzte Lesezeit\" \/>\n\t<meta name=\"twitter:data1\" content=\"3\u00a0Minuten\" \/>\n<script type=\"application\/ld+json\" class=\"yoast-schema-graph\">{\"@context\":\"https:\\\/\\\/schema.org\",\"@graph\":[{\"@type\":\"WebPage\",\"@id\":\"https:\\\/\\\/www.msab.com\\\/de\\\/roles\\\/personal-an-vorderster-front\\\/\",\"url\":\"https:\\\/\\\/www.msab.com\\\/de\\\/roles\\\/personal-an-vorderster-front\\\/\",\"name\":\"Personal an vorderster Front - MSAB\",\"isPartOf\":{\"@id\":\"https:\\\/\\\/www.msab.com\\\/de\\\/#website\"},\"datePublished\":\"2021-10-31T13:01:07+00:00\",\"dateModified\":\"2025-09-23T08:46:46+00:00\",\"breadcrumb\":{\"@id\":\"https:\\\/\\\/www.msab.com\\\/de\\\/roles\\\/personal-an-vorderster-front\\\/#breadcrumb\"},\"inLanguage\":\"de\",\"potentialAction\":[{\"@type\":\"ReadAction\",\"target\":[\"https:\\\/\\\/www.msab.com\\\/de\\\/roles\\\/personal-an-vorderster-front\\\/\"]}]},{\"@type\":\"BreadcrumbList\",\"@id\":\"https:\\\/\\\/www.msab.com\\\/de\\\/roles\\\/personal-an-vorderster-front\\\/#breadcrumb\",\"itemListElement\":[{\"@type\":\"ListItem\",\"position\":1,\"name\":\"\",\"item\":\"https:\\\/\\\/www.msab.com\\\/de\\\/\"},{\"@type\":\"ListItem\",\"position\":2,\"name\":\"Rollen\",\"item\":\"https:\\\/\\\/www.msab.com\\\/de\\\/roles\\\/\"},{\"@type\":\"ListItem\",\"position\":3,\"name\":\"Personal an vorderster Front\"}]},{\"@type\":\"WebSite\",\"@id\":\"https:\\\/\\\/www.msab.com\\\/de\\\/#website\",\"url\":\"https:\\\/\\\/www.msab.com\\\/de\\\/\",\"name\":\"MSAB\",\"description\":\"Trusted Partner in Digital Forensics\",\"publisher\":{\"@id\":\"https:\\\/\\\/www.msab.com\\\/de\\\/#organization\"},\"potentialAction\":[{\"@type\":\"SearchAction\",\"target\":{\"@type\":\"EntryPoint\",\"urlTemplate\":\"https:\\\/\\\/www.msab.com\\\/de\\\/?s={search_term_string}\"},\"query-input\":{\"@type\":\"PropertyValueSpecification\",\"valueRequired\":true,\"valueName\":\"search_term_string\"}}],\"inLanguage\":\"de\"},{\"@type\":\"Organization\",\"@id\":\"https:\\\/\\\/www.msab.com\\\/de\\\/#organization\",\"name\":\"MSAB\",\"url\":\"https:\\\/\\\/www.msab.com\\\/de\\\/\",\"logo\":{\"@type\":\"ImageObject\",\"inLanguage\":\"de\",\"@id\":\"https:\\\/\\\/www.msab.com\\\/de\\\/#\\\/schema\\\/logo\\\/image\\\/\",\"url\":\"https:\\\/\\\/www.msab.com\\\/wp-content\\\/uploads\\\/2023\\\/03\\\/MSAB-logo-Black-RGB.png\",\"contentUrl\":\"https:\\\/\\\/www.msab.com\\\/wp-content\\\/uploads\\\/2023\\\/03\\\/MSAB-logo-Black-RGB.png\",\"width\":1198,\"height\":353,\"caption\":\"MSAB\"},\"image\":{\"@id\":\"https:\\\/\\\/www.msab.com\\\/de\\\/#\\\/schema\\\/logo\\\/image\\\/\"},\"sameAs\":[\"https:\\\/\\\/www.facebook.com\\\/microsystemation\",\"https:\\\/\\\/x.com\\\/MSAB_XRY\",\"https:\\\/\\\/www.linkedin.com\\\/company\\\/micro-systemation\"]}]}<\/script>\n<!-- \/ Yoast SEO Premium plugin. -->","yoast_head_json":{"title":"Personal an vorderster Front - MSAB","robots":{"index":"index","follow":"follow","max-snippet":"max-snippet:-1","max-image-preview":"max-image-preview:large","max-video-preview":"max-video-preview:-1"},"canonical":"https:\/\/www.msab.com\/de\/roles\/personal-an-vorderster-front\/","og_locale":"de_DE","og_type":"article","og_title":"Personal an vorderster Front","og_url":"https:\/\/www.msab.com\/de\/roles\/personal-an-vorderster-front\/","og_site_name":"MSAB","article_publisher":"https:\/\/www.facebook.com\/microsystemation","article_modified_time":"2025-09-23T08:46:46+00:00","twitter_card":"summary_large_image","twitter_site":"@MSAB_XRY","twitter_misc":{"Gesch\u00e4tzte Lesezeit":"3\u00a0Minuten"},"schema":{"@context":"https:\/\/schema.org","@graph":[{"@type":"WebPage","@id":"https:\/\/www.msab.com\/de\/roles\/personal-an-vorderster-front\/","url":"https:\/\/www.msab.com\/de\/roles\/personal-an-vorderster-front\/","name":"Personal an vorderster Front - MSAB","isPartOf":{"@id":"https:\/\/www.msab.com\/de\/#website"},"datePublished":"2021-10-31T13:01:07+00:00","dateModified":"2025-09-23T08:46:46+00:00","breadcrumb":{"@id":"https:\/\/www.msab.com\/de\/roles\/personal-an-vorderster-front\/#breadcrumb"},"inLanguage":"de","potentialAction":[{"@type":"ReadAction","target":["https:\/\/www.msab.com\/de\/roles\/personal-an-vorderster-front\/"]}]},{"@type":"BreadcrumbList","@id":"https:\/\/www.msab.com\/de\/roles\/personal-an-vorderster-front\/#breadcrumb","itemListElement":[{"@type":"ListItem","position":1,"name":"","item":"https:\/\/www.msab.com\/de\/"},{"@type":"ListItem","position":2,"name":"Rollen","item":"https:\/\/www.msab.com\/de\/roles\/"},{"@type":"ListItem","position":3,"name":"Personal an vorderster Front"}]},{"@type":"WebSite","@id":"https:\/\/www.msab.com\/de\/#website","url":"https:\/\/www.msab.com\/de\/","name":"MSAB","description":"Trusted Partner in Digital Forensics","publisher":{"@id":"https:\/\/www.msab.com\/de\/#organization"},"potentialAction":[{"@type":"SearchAction","target":{"@type":"EntryPoint","urlTemplate":"https:\/\/www.msab.com\/de\/?s={search_term_string}"},"query-input":{"@type":"PropertyValueSpecification","valueRequired":true,"valueName":"search_term_string"}}],"inLanguage":"de"},{"@type":"Organization","@id":"https:\/\/www.msab.com\/de\/#organization","name":"MSAB","url":"https:\/\/www.msab.com\/de\/","logo":{"@type":"ImageObject","inLanguage":"de","@id":"https:\/\/www.msab.com\/de\/#\/schema\/logo\/image\/","url":"https:\/\/www.msab.com\/wp-content\/uploads\/2023\/03\/MSAB-logo-Black-RGB.png","contentUrl":"https:\/\/www.msab.com\/wp-content\/uploads\/2023\/03\/MSAB-logo-Black-RGB.png","width":1198,"height":353,"caption":"MSAB"},"image":{"@id":"https:\/\/www.msab.com\/de\/#\/schema\/logo\/image\/"},"sameAs":["https:\/\/www.facebook.com\/microsystemation","https:\/\/x.com\/MSAB_XRY","https:\/\/www.linkedin.com\/company\/micro-systemation"]}]}},"_links":{"self":[{"href":"https:\/\/www.msab.com\/de\/wp-json\/wp\/v2\/pages\/151767","targetHints":{"allow":["GET"]}}],"collection":[{"href":"https:\/\/www.msab.com\/de\/wp-json\/wp\/v2\/pages"}],"about":[{"href":"https:\/\/www.msab.com\/de\/wp-json\/wp\/v2\/types\/page"}],"author":[{"embeddable":true,"href":"https:\/\/www.msab.com\/de\/wp-json\/wp\/v2\/users\/11"}],"replies":[{"embeddable":true,"href":"https:\/\/www.msab.com\/de\/wp-json\/wp\/v2\/comments?post=151767"}],"version-history":[{"count":8,"href":"https:\/\/www.msab.com\/de\/wp-json\/wp\/v2\/pages\/151767\/revisions"}],"predecessor-version":[{"id":609711,"href":"https:\/\/www.msab.com\/de\/wp-json\/wp\/v2\/pages\/151767\/revisions\/609711"}],"up":[{"embeddable":true,"href":"https:\/\/www.msab.com\/de\/wp-json\/wp\/v2\/pages\/151762"}],"wp:attachment":[{"href":"https:\/\/www.msab.com\/de\/wp-json\/wp\/v2\/media?parent=151767"}],"curies":[{"name":"wp","href":"https:\/\/api.w.org\/{rel}","templated":true}]}}